{"id":13536,"date":"2021-07-14T16:29:52","date_gmt":"2021-07-14T14:29:52","guid":{"rendered":"https:\/\/woocommerce-587295-4567585.cloudwaysapps.com\/?post_type=product&#038;p=13536"},"modified":"2026-05-08T15:34:08","modified_gmt":"2026-05-08T13:34:08","slug":"farina-nuvola-super-caputo-5-kg","status":"publish","type":"product","link":"https:\/\/www.saporinostri.it\/de\/farina-nuvola-super-caputo-5-kg\/","title":{"rendered":"Super Caputo Nuvola Mehl 5 kg"},"content":{"rendered":"<p>In Kombination mit <strong>Wolke<\/strong>, oder zur Zubereitung von Vorspeisen, Streitwagen und Verschleppungspasten entsteht <strong>Superwolke<\/strong> f\u00fcr die Zubereitung von volumin\u00f6sen und l\u00e4nglichen Teigen, f\u00fcr alle, die im Gesims die Perfektion von Form und Geschmack suchen. <strong>Superwolke<\/strong> Es eignet sich f\u00fcr indirekte Teige (bighe \/ poolish) oder f\u00fcr direkte Teige, die 30 Stunden Reifung \/ Aufgehen \u00fcberschreiten.<\/p>\n<div class=\"mini-infobox-wrapper\">\n<p class=\"mini-infobox\"><b>Mehlsorte<\/b><br \/>\n0<\/p>\n<p class=\"mini-infobox\"><b>B\u00e4ckerei<\/b><br \/>\nW 320\/340<\/p>\n<p class=\"mini-infobox\"><b>Proteine<\/b><br \/>\n13,50% <span style=\"font-size: 0.85em;\">\u00b1 0,50%<\/span><\/p>\n<p class=\"mini-infobox\"><b>Elastizit\u00e4t<\/b><br \/>\nP \/ L 0,50 \/ 0,60<\/p>\n<p class=\"mini-infobox\"><b>Sauerteig<\/b><br \/>\nLange<\/p>\n<\/div>\n<h3 class=\"mt-5\">Die Caputo-M\u00fchle<\/h3>\n<div class=\"mt-3\">\n<p>Seit 1924 ist die\u00a0<strong>Mulino Caputo<\/strong>\u00a0arbeitet den Weizen mit Gro\u00dfz\u00fcgigkeit und Leidenschaft, um Fachleuten und Liebhabern der White Art Caputo Farina von h\u00f6chster Qualit\u00e4t anzubieten, die unter voller Achtung der Rohstoffe und der Tradition hergestellt wird.<\/p>\n<p>Il Molino Caputo produziert eine breite Palette von Mehlen f\u00fcr den privaten und professionellen Gebrauch. Caputo-Mehl wird vor allem von Profis in der Konditorei, Brotherstellung, Pasta und Pizza verwendet, wobei viele Mehlsorten f\u00fcr verschiedene Prozesse bestimmt sind.<\/p>\n<p>Autorit\u00e4t, Spontaneit\u00e4t und Tradition, aus diesen Werten entsteht die wei\u00dfe Kunst von Mulino Caputo, die es dank der Erfahrung von drei Generationen neapolitanischer Meisterm\u00fcller erm\u00f6glicht, sehr hohe Qualit\u00e4tsstandards zu garantieren, um diesen Experten zu gew\u00e4hrleisten Gastronomen und Handwerker des Geschmacks bringen ihre Kreativit\u00e4t am besten zum Ausdruck.<\/p>\n<p>Caputo-Mehl hat die F\u00e4higkeit, die Nat\u00fcrlichkeit und Authentizit\u00e4t von Aromen maximal zu bewahren, aus diesem und aus anderen Gr\u00fcnden wird Molino Caputo auf der ganzen Welt gesch\u00e4tzt und anerkannt.<\/p>\n<\/div>\n\n<h3 class=\"mt-5\">Rezepte mit diesem Produkt<\/h3>\n<div class=\"mt-3\">\t\t<div data-elementor-type=\"section\" data-elementor-id=\"12108\" class=\"elementor elementor-12108\" data-elementor-post-type=\"elementor_library\">\n\t\t\t\t\t<section class=\"elementor-section elementor-top-section elementor-element elementor-element-7d29bb09 elementor-section-stretched elementor-section-boxed elementor-section-height-default elementor-section-height-default\" data-id=\"7d29bb09\" data-element_type=\"section\" data-e-type=\"section\" data-settings=\"{&quot;stretch_section&quot;:&quot;section-stretched&quot;,&quot;background_background&quot;:&quot;classic&quot;}\">\n\t\t\t\t\t\t<div class=\"elementor-container elementor-column-gap-default\">\n\t\t\t\t\t<div class=\"elementor-column elementor-col-100 elementor-top-column elementor-element elementor-element-57c51ca3\" data-id=\"57c51ca3\" data-element_type=\"column\" data-e-type=\"column\">\n\t\t\t<div class=\"elementor-widget-wrap elementor-element-populated\">\n\t\t\t\t\t\t<div class=\"elementor-element elementor-element-6351da4e elementor-grid-4 elementor-grid-tablet-2 elementor-grid-mobile-1 elementor-posts--thumbnail-top elementor-posts--show-avatar elementor-card-shadow-yes elementor-posts__hover-gradient elementor-widget elementor-widget-posts\" data-id=\"6351da4e\" data-element_type=\"widget\" data-e-type=\"widget\" data-settings=\"{&quot;cards_columns&quot;:&quot;4&quot;,&quot;cards_row_gap&quot;:{&quot;unit&quot;:&quot;px&quot;,&quot;size&quot;:25,&quot;sizes&quot;:[]},&quot;cards_columns_tablet&quot;:&quot;2&quot;,&quot;cards_columns_mobile&quot;:&quot;1&quot;,&quot;cards_row_gap_tablet&quot;:{&quot;unit&quot;:&quot;px&quot;,&quot;size&quot;:&quot;&quot;,&quot;sizes&quot;:[]},&quot;cards_row_gap_mobile&quot;:{&quot;unit&quot;:&quot;px&quot;,&quot;size&quot;:&quot;&quot;,&quot;sizes&quot;:[]}}\" data-widget_type=\"posts.cards\">\n\t\t\t\t<div class=\"elementor-widget-container\">\n\t\t\t\t\t\t\t<div class=\"elementor-posts-container elementor-posts elementor-posts--skin-cards elementor-grid\" role=\"list\">\n\t\t\t\t<article class=\"elementor-post elementor-grid-item post-13424 post type-post status-publish format-standard has-post-thumbnail hentry category-ricette tag-bretzel tag-brezel tag-farina-0 tag-ricetta-bretzel tag-ricetta-brezel\" role=\"listitem\">\n\t\t\t<div class=\"elementor-post__card\">\n\t\t\t\t<a class=\"elementor-post__thumbnail__link\" href=\"https:\/\/www.saporinostri.it\/de\/ricetta-bretzel\/\" tabindex=\"-1\" ><div class=\"elementor-post__thumbnail\"><img fetchpriority=\"high\" decoding=\"async\" width=\"225\" height=\"300\" src=\"https:\/\/www.saporinostri.it\/wp-content\/uploads\/2021\/07\/6-e1625651881884-225x300.jpeg\" class=\"attachment-medium size-medium wp-image-13420\" alt=\"\" srcset=\"https:\/\/www.saporinostri.it\/wp-content\/uploads\/2021\/07\/6-e1625651881884-225x300.jpeg 225w, https:\/\/www.saporinostri.it\/wp-content\/uploads\/2021\/07\/6-e1625651881884-768x1024.jpeg 768w, https:\/\/www.saporinostri.it\/wp-content\/uploads\/2021\/07\/6-e1625651881884-1152x1536.jpeg 1152w, https:\/\/www.saporinostri.it\/wp-content\/uploads\/2021\/07\/6-e1625651881884-9x12.jpeg 9w, https:\/\/www.saporinostri.it\/wp-content\/uploads\/2021\/07\/6-e1625651881884-990x1320.jpeg 990w, https:\/\/www.saporinostri.it\/wp-content\/uploads\/2021\/07\/6-e1625651881884-441x588.jpeg 441w, https:\/\/www.saporinostri.it\/wp-content\/uploads\/2021\/07\/6-e1625651881884-800x1067.jpeg 800w, https:\/\/www.saporinostri.it\/wp-content\/uploads\/2021\/07\/6-e1625651881884-150x200.jpeg 150w, https:\/\/www.saporinostri.it\/wp-content\/uploads\/2021\/07\/6-e1625651881884.jpeg 1200w\" sizes=\"(max-width: 225px) 100vw, 225px\" \/><\/div><\/a>\n\t\t\t\t<div class=\"elementor-post__badge\">Rezepte<\/div>\n\t\t\t\t<div class=\"elementor-post__avatar\">\n\t\t\t<img alt='Manlio Di Paola' data-src='https:\/\/secure.gravatar.com\/avatar\/34530845b4578c7824463cfbc9dd0215324120596eb5887c61438299c9501cb3?s=128&#038;d=mm&#038;r=g' data-srcset='https:\/\/secure.gravatar.com\/avatar\/34530845b4578c7824463cfbc9dd0215324120596eb5887c61438299c9501cb3?s=256&#038;d=mm&#038;r=g 2x' class='avatar avatar-128 photo lazyload' height='128' width='128' src='data:image\/gif;base64,R0lGODlhAQABAAAAACH5BAEKAAEALAAAAAABAAEAAAICTAEAOw==' style='--smush-placeholder-width: 128px; --smush-placeholder-aspect-ratio: 128\/128;' \/><noscript><img alt='Manlio Di Paola' src='https:\/\/secure.gravatar.com\/avatar\/34530845b4578c7824463cfbc9dd0215324120596eb5887c61438299c9501cb3?s=128&#038;d=mm&#038;r=g' srcset='https:\/\/secure.gravatar.com\/avatar\/34530845b4578c7824463cfbc9dd0215324120596eb5887c61438299c9501cb3?s=256&#038;d=mm&#038;r=g 2x' class='avatar avatar-128 photo' height='128' width='128' \/><\/noscript>\t\t<\/div>\n\t\t\t\t<div class=\"elementor-post__text\">\n\t\t\t\t<h3 class=\"elementor-post__title\">\n\t\t\t<a href=\"https:\/\/www.saporinostri.it\/de\/ricetta-bretzel\/\" >\n\t\t\t\tBrezel\t\t\t<\/a>\n\t\t<\/h3>\n\t\t\t\t<div class=\"elementor-post__excerpt\">\n\t\t\t<p>Die Brezel ist eine bei der germanischen Bev\u00f6lkerung sehr beliebte Brotsorte und daher vor allem in Deutschland weit verbreitet.<\/p>\n\t\t<\/div>\n\t\t\n\t\t<a class=\"elementor-post__read-more\" href=\"https:\/\/www.saporinostri.it\/de\/ricetta-bretzel\/\" aria-label=\"Mehr \u00fcber Brezeln erfahren\" tabindex=\"-1\" >\n\t\t\tWeiter lesen &quot;\t\t<\/a>\n\n\t\t\t\t<\/div>\n\t\t\t\t\t<\/div>\n\t\t<\/article>\n\t\t\t\t<article class=\"elementor-post elementor-grid-item post-3775 post type-post status-publish format-standard has-post-thumbnail hentry category-ricette tag-farina-0 tag-farina-00 tag-olio-extravergine-di-oliva\" role=\"listitem\">\n\t\t\t<div class=\"elementor-post__card\">\n\t\t\t\t<a class=\"elementor-post__thumbnail__link\" href=\"https:\/\/www.saporinostri.it\/de\/le-origini-della-pizza-ricetta-pizza-verace-napoletana\/\" tabindex=\"-1\" ><div class=\"elementor-post__thumbnail\"><img decoding=\"async\" width=\"300\" height=\"177\" data-src=\"https:\/\/www.saporinostri.it\/wp-content\/uploads\/2020\/10\/le-origini-della-pizza-napoletana-e1601990439881-300x177.jpg\" class=\"attachment-medium size-medium wp-image-3778 lazyload\" alt=\"Die Urspr\u00fcnge der neapolitanischen Pizza\" data-srcset=\"https:\/\/www.saporinostri.it\/wp-content\/uploads\/2020\/10\/le-origini-della-pizza-napoletana-e1601990439881-300x177.jpg 300w, https:\/\/www.saporinostri.it\/wp-content\/uploads\/2020\/10\/le-origini-della-pizza-napoletana-e1601990439881-150x88.jpg 150w, https:\/\/www.saporinostri.it\/wp-content\/uploads\/2020\/10\/le-origini-della-pizza-napoletana-e1601990439881-800x472.jpg 800w, https:\/\/www.saporinostri.it\/wp-content\/uploads\/2020\/10\/le-origini-della-pizza-napoletana-e1601990439881-1024x604.jpg 1024w, https:\/\/www.saporinostri.it\/wp-content\/uploads\/2020\/10\/le-origini-della-pizza-napoletana-e1601990439881-768x453.jpg 768w, https:\/\/www.saporinostri.it\/wp-content\/uploads\/2020\/10\/le-origini-della-pizza-napoletana-e1601990439881-640x378.jpg 640w, https:\/\/www.saporinostri.it\/wp-content\/uploads\/2020\/10\/le-origini-della-pizza-napoletana-e1601990439881-400x236.jpg 400w, https:\/\/www.saporinostri.it\/wp-content\/uploads\/2020\/10\/le-origini-della-pizza-napoletana-e1601990439881.jpg 1280w\" data-sizes=\"(max-width: 300px) 100vw, 300px\" src=\"data:image\/gif;base64,R0lGODlhAQABAAAAACH5BAEKAAEALAAAAAABAAEAAAICTAEAOw==\" style=\"--smush-placeholder-width: 300px; --smush-placeholder-aspect-ratio: 300\/177;\" \/><noscript><img decoding=\"async\" width=\"300\" height=\"177\" src=\"https:\/\/www.saporinostri.it\/wp-content\/uploads\/2020\/10\/le-origini-della-pizza-napoletana-e1601990439881-300x177.jpg\" class=\"attachment-medium size-medium wp-image-3778\" alt=\"Die Urspr\u00fcnge der neapolitanischen Pizza\" srcset=\"https:\/\/www.saporinostri.it\/wp-content\/uploads\/2020\/10\/le-origini-della-pizza-napoletana-e1601990439881-300x177.jpg 300w, https:\/\/www.saporinostri.it\/wp-content\/uploads\/2020\/10\/le-origini-della-pizza-napoletana-e1601990439881-150x88.jpg 150w, https:\/\/www.saporinostri.it\/wp-content\/uploads\/2020\/10\/le-origini-della-pizza-napoletana-e1601990439881-800x472.jpg 800w, https:\/\/www.saporinostri.it\/wp-content\/uploads\/2020\/10\/le-origini-della-pizza-napoletana-e1601990439881-1024x604.jpg 1024w, https:\/\/www.saporinostri.it\/wp-content\/uploads\/2020\/10\/le-origini-della-pizza-napoletana-e1601990439881-768x453.jpg 768w, https:\/\/www.saporinostri.it\/wp-content\/uploads\/2020\/10\/le-origini-della-pizza-napoletana-e1601990439881-640x378.jpg 640w, https:\/\/www.saporinostri.it\/wp-content\/uploads\/2020\/10\/le-origini-della-pizza-napoletana-e1601990439881-400x236.jpg 400w, https:\/\/www.saporinostri.it\/wp-content\/uploads\/2020\/10\/le-origini-della-pizza-napoletana-e1601990439881.jpg 1280w\" sizes=\"(max-width: 300px) 100vw, 300px\" \/><\/noscript><\/div><\/a>\n\t\t\t\t<div class=\"elementor-post__badge\">Rezepte<\/div>\n\t\t\t\t<div class=\"elementor-post__avatar\">\n\t\t\t<img alt='Manlio Di Paola' data-src='https:\/\/secure.gravatar.com\/avatar\/34530845b4578c7824463cfbc9dd0215324120596eb5887c61438299c9501cb3?s=128&#038;d=mm&#038;r=g' data-srcset='https:\/\/secure.gravatar.com\/avatar\/34530845b4578c7824463cfbc9dd0215324120596eb5887c61438299c9501cb3?s=256&#038;d=mm&#038;r=g 2x' class='avatar avatar-128 photo lazyload' height='128' width='128' src='data:image\/gif;base64,R0lGODlhAQABAAAAACH5BAEKAAEALAAAAAABAAEAAAICTAEAOw==' style='--smush-placeholder-width: 128px; --smush-placeholder-aspect-ratio: 128\/128;' \/><noscript><img alt='Manlio Di Paola' src='https:\/\/secure.gravatar.com\/avatar\/34530845b4578c7824463cfbc9dd0215324120596eb5887c61438299c9501cb3?s=128&#038;d=mm&#038;r=g' srcset='https:\/\/secure.gravatar.com\/avatar\/34530845b4578c7824463cfbc9dd0215324120596eb5887c61438299c9501cb3?s=256&#038;d=mm&#038;r=g 2x' class='avatar avatar-128 photo' height='128' width='128' \/><\/noscript>\t\t<\/div>\n\t\t\t\t<div class=\"elementor-post__text\">\n\t\t\t\t<h3 class=\"elementor-post__title\">\n\t\t\t<a href=\"https:\/\/www.saporinostri.it\/de\/le-origini-della-pizza-ricetta-pizza-verace-napoletana\/\" >\n\t\t\t\tRezept und Herkunft der neapolitanischen Pizza\t\t\t<\/a>\n\t\t<\/h3>\n\t\t\t\t<div class=\"elementor-post__excerpt\">\n\t\t\t<p>Man kann sagen, dass Pizza das beliebteste Gericht der Welt ist und sicherlich eines der beliebtesten. Die Pizza selbst hat Urspr\u00fcnge<\/p>\n\t\t<\/div>\n\t\t\n\t\t<a class=\"elementor-post__read-more\" href=\"https:\/\/www.saporinostri.it\/de\/le-origini-della-pizza-ricetta-pizza-verace-napoletana\/\" aria-label=\"Lesen Sie mehr \u00fcber Rezept und Urspr\u00fcnge der neapolitanischen Pizza\" tabindex=\"-1\" >\n\t\t\tWeiter lesen &quot;\t\t<\/a>\n\n\t\t\t\t<\/div>\n\t\t\t\t\t<\/div>\n\t\t<\/article>\n\t\t\t\t<\/div>\n\t\t\n\t\t\t\t\t\t<\/div>\n\t\t\t\t<\/div>\n\t\t\t\t\t<\/div>\n\t\t<\/div>\n\t\t\t\t\t<\/div>\n\t\t<\/section>\n\t\t\t\t<\/div>\n\t\t<\/div>","protected":false},"excerpt":{"rendered":"<p><strong>Sauerteig:<\/strong> Lange<br \/>\n<strong>B\u00e4ckerei:<\/strong> W 320\/340<\/p>\n<ul>\n<li>Hervorragend geeignet f\u00fcr die Zubereitung von volumin\u00f6sen und alveol\u00e4ren Teigen<\/li>\n<li>F\u00fcr diejenigen, die die Perfektion von Formen und Aromen im Gesims suchen.<\/li>\n<li>Als Alternative zu Nuvola oder zur Zubereitung von Vorteig, Bigas und Restnudeln<\/li>\n<\/ul>\n<p>Letzter Batch-Ablauf: <strong>18<\/strong><b>\/02\/2027 L. 049B<\/b><\/p>","protected":false},"featured_media":13537,"comment_status":"open","ping_status":"closed","template":"","meta":{"_acf_changed":false,"inline_featured_image":false,"wprm-recipe-roundup-name":"","wprm-recipe-roundup-description":"","_monsterinsights_skip_tracking":false,"_monsterinsights_sitenote_active":false,"_monsterinsights_sitenote_note":"","_monsterinsights_sitenote_category":0},"pwb-brand":[110],"product_brand":[],"product_cat":[97],"product_tag":[],"class_list":{"0":"post-13536","1":"product","2":"type-product","3":"status-publish","4":"has-post-thumbnail","6":"pwb-brand-mulino-caputo","7":"product_cat-farine","8":"product_shipping_class-iva-4","10":"first","11":"instock","12":"sale","13":"taxable","14":"shipping-taxable","15":"purchasable","16":"product-type-simple"},"acf":[],"yoast_head":"<!-- This site is optimized with the Yoast SEO Premium plugin v23.7 (Yoast SEO v27.5) - https:\/\/yoast.com\/product\/yoast-seo-premium-wordpress\/ -->\n<title>Farina Nuvola Super Caputo 5 Kg - Sapori Nostri<\/title>\n<meta name=\"description\" content=\"Farina Nuvola Super Caputo per impasti voluminosi e alveolati, per chi cerca la perfezione delle forme e dei sapori nel cornicione\" \/>\n<meta name=\"robots\" content=\"index, follow, max-snippet:-1, max-image-preview:large, max-video-preview:-1\" \/>\n<link rel=\"canonical\" href=\"https:\/\/www.saporinostri.it\/de\/farina-nuvola-super-caputo-5-kg\/\" \/>\n<meta property=\"og:locale\" content=\"de_DE\" \/>\n<meta property=\"og:type\" content=\"article\" \/>\n<meta property=\"og:title\" content=\"Farina Nuvola Super Caputo 5 Kg\" \/>\n<meta property=\"og:description\" content=\"Farina Nuvola Super Caputo per impasti voluminosi e alveolati, per chi cerca la perfezione delle forme e dei sapori nel cornicione\" \/>\n<meta property=\"og:url\" content=\"https:\/\/www.saporinostri.it\/de\/farina-nuvola-super-caputo-5-kg\/\" \/>\n<meta property=\"og:site_name\" content=\"Sapori Nostri\" \/>\n<meta property=\"article:publisher\" content=\"https:\/\/www.facebook.com\/saporinostri.it\/\" \/>\n<meta property=\"article:modified_time\" content=\"2026-05-08T13:34:08+00:00\" \/>\n<meta property=\"og:image\" content=\"https:\/\/www.saporinostri.it\/wp-content\/uploads\/2021\/07\/farina-nuvola-super-caputo-5-kg.png.jpg\" \/>\n\t<meta property=\"og:image:width\" content=\"1500\" \/>\n\t<meta property=\"og:image:height\" content=\"1500\" \/>\n\t<meta property=\"og:image:type\" content=\"image\/jpeg\" \/>\n<meta name=\"twitter:card\" content=\"summary_large_image\" \/>\n<meta name=\"twitter:label1\" content=\"Preis\" \/>\n\t<meta name=\"twitter:data1\" content=\"&euro;9,29\" \/>\n\t<meta name=\"twitter:label2\" content=\"Verf\u00fcgbarkeit\" \/>\n\t<meta name=\"twitter:data2\" content=\"Auf Lager\" \/>\n<script type=\"application\/ld+json\" class=\"yoast-schema-graph\">{\"@context\":\"https:\\\/\\\/schema.org\",\"@graph\":[{\"@type\":\"WebPage\",\"@id\":\"https:\\\/\\\/www.saporinostri.it\\\/farina-nuvola-super-caputo-5-kg\\\/\",\"url\":\"https:\\\/\\\/www.saporinostri.it\\\/farina-nuvola-super-caputo-5-kg\\\/\",\"name\":\"Farina Nuvola Super Caputo 5 Kg - Sapori Nostri\",\"isPartOf\":{\"@id\":\"https:\\\/\\\/www.saporinostri.it\\\/#website\"},\"primaryImageOfPage\":{\"@id\":\"https:\\\/\\\/www.saporinostri.it\\\/farina-nuvola-super-caputo-5-kg\\\/#primaryimage\"},\"image\":{\"@id\":\"https:\\\/\\\/www.saporinostri.it\\\/farina-nuvola-super-caputo-5-kg\\\/#primaryimage\"},\"thumbnailUrl\":\"https:\\\/\\\/www.saporinostri.it\\\/wp-content\\\/uploads\\\/2021\\\/07\\\/farina-nuvola-super-caputo-5-kg.png.jpg\",\"datePublished\":\"2021-07-14T14:29:52+00:00\",\"dateModified\":\"2026-05-08T13:34:08+00:00\",\"description\":\"Farina Nuvola Super Caputo per impasti voluminosi e alveolati, per chi cerca la perfezione delle forme e dei sapori nel cornicione\",\"breadcrumb\":{\"@id\":\"https:\\\/\\\/www.saporinostri.it\\\/farina-nuvola-super-caputo-5-kg\\\/#breadcrumb\"},\"inLanguage\":\"de\",\"potentialAction\":[{\"@type\":\"ReadAction\",\"target\":[\"https:\\\/\\\/www.saporinostri.it\\\/farina-nuvola-super-caputo-5-kg\\\/\"]}]},{\"@type\":\"ImageObject\",\"inLanguage\":\"de\",\"@id\":\"https:\\\/\\\/www.saporinostri.it\\\/farina-nuvola-super-caputo-5-kg\\\/#primaryimage\",\"url\":\"https:\\\/\\\/www.saporinostri.it\\\/wp-content\\\/uploads\\\/2021\\\/07\\\/farina-nuvola-super-caputo-5-kg.png.jpg\",\"contentUrl\":\"https:\\\/\\\/www.saporinostri.it\\\/wp-content\\\/uploads\\\/2021\\\/07\\\/farina-nuvola-super-caputo-5-kg.png.jpg\",\"width\":1500,\"height\":1500,\"caption\":\"Farina Nuvola Super Caputo 5 Kg\"},{\"@type\":\"BreadcrumbList\",\"@id\":\"https:\\\/\\\/www.saporinostri.it\\\/farina-nuvola-super-caputo-5-kg\\\/#breadcrumb\",\"itemListElement\":[{\"@type\":\"ListItem\",\"position\":1,\"name\":\"Home\",\"item\":\"https:\\\/\\\/www.saporinostri.it\\\/\"},{\"@type\":\"ListItem\",\"position\":2,\"name\":\"Shop\",\"item\":\"https:\\\/\\\/www.saporinostri.it\\\/fr\\\/shop\\\/\"},{\"@type\":\"ListItem\",\"position\":3,\"name\":\"Farina Nuvola Super Caputo 5 Kg\"}]},{\"@type\":\"WebSite\",\"@id\":\"https:\\\/\\\/www.saporinostri.it\\\/#website\",\"url\":\"https:\\\/\\\/www.saporinostri.it\\\/\",\"name\":\"Sapori Nostri\",\"description\":\"\",\"publisher\":{\"@id\":\"https:\\\/\\\/www.saporinostri.it\\\/#organization\"},\"potentialAction\":[{\"@type\":\"SearchAction\",\"target\":{\"@type\":\"EntryPoint\",\"urlTemplate\":\"https:\\\/\\\/www.saporinostri.it\\\/?s={search_term_string}\"},\"query-input\":{\"@type\":\"PropertyValueSpecification\",\"valueRequired\":true,\"valueName\":\"search_term_string\"}}],\"inLanguage\":\"de\"},{\"@type\":\"Organization\",\"@id\":\"https:\\\/\\\/www.saporinostri.it\\\/#organization\",\"name\":\"Sapori Nostri\",\"url\":\"https:\\\/\\\/www.saporinostri.it\\\/\",\"logo\":{\"@type\":\"ImageObject\",\"inLanguage\":\"de\",\"@id\":\"https:\\\/\\\/www.saporinostri.it\\\/#\\\/schema\\\/logo\\\/image\\\/\",\"url\":\"https:\\\/\\\/www.saporinostri.it\\\/wp-content\\\/uploads\\\/2020\\\/05\\\/logo-retina.png\",\"contentUrl\":\"https:\\\/\\\/www.saporinostri.it\\\/wp-content\\\/uploads\\\/2020\\\/05\\\/logo-retina.png\",\"width\":500,\"height\":109,\"caption\":\"Sapori Nostri\"},\"image\":{\"@id\":\"https:\\\/\\\/www.saporinostri.it\\\/#\\\/schema\\\/logo\\\/image\\\/\"},\"sameAs\":[\"https:\\\/\\\/www.facebook.com\\\/saporinostri.it\\\/\",\"https:\\\/\\\/www.instagram.com\\\/saporinostri.it\\\/\"]}]}<\/script>\n<!-- \/ Yoast SEO Premium plugin. -->","yoast_head_json":{"title":"Nuvola Super Caputo Mehl 5 Kg - Unsere Geschmacksrichtungen","description":"Mehl Nuvola Super Caputo f\u00fcr volumin\u00f6se und alveol\u00e4re Teige, f\u00fcr alle, die die Perfektion von Formen und Aromen im Gesims suchen","robots":{"index":"index","follow":"follow","max-snippet":"max-snippet:-1","max-image-preview":"max-image-preview:large","max-video-preview":"max-video-preview:-1"},"canonical":"https:\/\/www.saporinostri.it\/de\/farina-nuvola-super-caputo-5-kg\/","og_locale":"de_DE","og_type":"article","og_title":"Farina Nuvola Super Caputo 5 Kg","og_description":"Farina Nuvola Super Caputo per impasti voluminosi e alveolati, per chi cerca la perfezione delle forme e dei sapori nel cornicione","og_url":"https:\/\/www.saporinostri.it\/de\/farina-nuvola-super-caputo-5-kg\/","og_site_name":"Sapori Nostri","article_publisher":"https:\/\/www.facebook.com\/saporinostri.it\/","article_modified_time":"2026-05-08T13:34:08+00:00","og_image":[{"width":1500,"height":1500,"url":"https:\/\/www.saporinostri.it\/wp-content\/uploads\/2021\/07\/farina-nuvola-super-caputo-5-kg.png.jpg","type":"image\/jpeg"}],"twitter_card":"summary_large_image","twitter_misc":{"Preis":"&euro;9,29","Verf\u00fcgbarkeit":"Auf Lager"},"schema":{"@context":"https:\/\/schema.org","@graph":[{"@type":"WebPage","@id":"https:\/\/www.saporinostri.it\/farina-nuvola-super-caputo-5-kg\/","url":"https:\/\/www.saporinostri.it\/farina-nuvola-super-caputo-5-kg\/","name":"Nuvola Super Caputo Mehl 5 Kg - Unsere Geschmacksrichtungen","isPartOf":{"@id":"https:\/\/www.saporinostri.it\/#website"},"primaryImageOfPage":{"@id":"https:\/\/www.saporinostri.it\/farina-nuvola-super-caputo-5-kg\/#primaryimage"},"image":{"@id":"https:\/\/www.saporinostri.it\/farina-nuvola-super-caputo-5-kg\/#primaryimage"},"thumbnailUrl":"https:\/\/www.saporinostri.it\/wp-content\/uploads\/2021\/07\/farina-nuvola-super-caputo-5-kg.png.jpg","datePublished":"2021-07-14T14:29:52+00:00","dateModified":"2026-05-08T13:34:08+00:00","description":"Mehl Nuvola Super Caputo f\u00fcr volumin\u00f6se und alveol\u00e4re Teige, f\u00fcr alle, die die Perfektion von Formen und Aromen im Gesims suchen","breadcrumb":{"@id":"https:\/\/www.saporinostri.it\/farina-nuvola-super-caputo-5-kg\/#breadcrumb"},"inLanguage":"de","potentialAction":[{"@type":"ReadAction","target":["https:\/\/www.saporinostri.it\/farina-nuvola-super-caputo-5-kg\/"]}]},{"@type":"ImageObject","inLanguage":"de","@id":"https:\/\/www.saporinostri.it\/farina-nuvola-super-caputo-5-kg\/#primaryimage","url":"https:\/\/www.saporinostri.it\/wp-content\/uploads\/2021\/07\/farina-nuvola-super-caputo-5-kg.png.jpg","contentUrl":"https:\/\/www.saporinostri.it\/wp-content\/uploads\/2021\/07\/farina-nuvola-super-caputo-5-kg.png.jpg","width":1500,"height":1500,"caption":"Farina Nuvola Super Caputo 5 Kg"},{"@type":"BreadcrumbList","@id":"https:\/\/www.saporinostri.it\/farina-nuvola-super-caputo-5-kg\/#breadcrumb","itemListElement":[{"@type":"ListItem","position":1,"name":"Home","item":"https:\/\/www.saporinostri.it\/"},{"@type":"ListItem","position":2,"name":"Shop","item":"https:\/\/www.saporinostri.it\/fr\/shop\/"},{"@type":"ListItem","position":3,"name":"Farina Nuvola Super Caputo 5 Kg"}]},{"@type":"WebSite","@id":"https:\/\/www.saporinostri.it\/#website","url":"https:\/\/www.saporinostri.it\/","name":"Sapori Nostri","description":"","publisher":{"@id":"https:\/\/www.saporinostri.it\/#organization"},"potentialAction":[{"@type":"SearchAction","target":{"@type":"EntryPoint","urlTemplate":"https:\/\/www.saporinostri.it\/?s={search_term_string}"},"query-input":{"@type":"PropertyValueSpecification","valueRequired":true,"valueName":"search_term_string"}}],"inLanguage":"de"},{"@type":"Organization","@id":"https:\/\/www.saporinostri.it\/#organization","name":"Sapori Nostri","url":"https:\/\/www.saporinostri.it\/","logo":{"@type":"ImageObject","inLanguage":"de","@id":"https:\/\/www.saporinostri.it\/#\/schema\/logo\/image\/","url":"https:\/\/www.saporinostri.it\/wp-content\/uploads\/2020\/05\/logo-retina.png","contentUrl":"https:\/\/www.saporinostri.it\/wp-content\/uploads\/2020\/05\/logo-retina.png","width":500,"height":109,"caption":"Sapori Nostri"},"image":{"@id":"https:\/\/www.saporinostri.it\/#\/schema\/logo\/image\/"},"sameAs":["https:\/\/www.facebook.com\/saporinostri.it\/","https:\/\/www.instagram.com\/saporinostri.it\/"]}]}},"jetpack_sharing_enabled":true,"brands":[{"id":110,"name":"Mulino Caputo","slug":"mulino-caputo"}],"_links":{"self":[{"href":"https:\/\/www.saporinostri.it\/de\/wp-json\/wp\/v2\/product\/13536","targetHints":{"allow":["GET"]}}],"collection":[{"href":"https:\/\/www.saporinostri.it\/de\/wp-json\/wp\/v2\/product"}],"about":[{"href":"https:\/\/www.saporinostri.it\/de\/wp-json\/wp\/v2\/types\/product"}],"replies":[{"embeddable":true,"href":"https:\/\/www.saporinostri.it\/de\/wp-json\/wp\/v2\/comments?post=13536"}],"wp:featuredmedia":[{"embeddable":true,"href":"https:\/\/www.saporinostri.it\/de\/wp-json\/wp\/v2\/media\/13537"}],"wp:attachment":[{"href":"https:\/\/www.saporinostri.it\/de\/wp-json\/wp\/v2\/media?parent=13536"}],"wp:term":[{"taxonomy":"pwb-brand","embeddable":true,"href":"https:\/\/www.saporinostri.it\/de\/wp-json\/wp\/v2\/pwb-brand?post=13536"},{"taxonomy":"product_brand","embeddable":true,"href":"https:\/\/www.saporinostri.it\/de\/wp-json\/wp\/v2\/product_brand?post=13536"},{"taxonomy":"product_cat","embeddable":true,"href":"https:\/\/www.saporinostri.it\/de\/wp-json\/wp\/v2\/product_cat?post=13536"},{"taxonomy":"product_tag","embeddable":true,"href":"https:\/\/www.saporinostri.it\/de\/wp-json\/wp\/v2\/product_tag?post=13536"}],"curies":[{"name":"wp","href":"https:\/\/api.w.org\/{rel}","templated":true}]}}