{"id":15961,"date":"2021-11-09T17:47:32","date_gmt":"2021-11-09T16:47:32","guid":{"rendered":"https:\/\/woocommerce-587295-4567585.cloudwaysapps.com\/?post_type=product&#038;p=15961"},"modified":"2025-11-19T19:28:21","modified_gmt":"2025-11-19T18:28:21","slug":"confettura-pere-nobiliradici-280g","status":"publish","type":"product","link":"https:\/\/www.saporinostri.it\/de\/confettura-pere-nobiliradici-280g\/","title":{"rendered":"Marmelade Birnen Edle Roots 280g"},"content":{"rendered":"<p><img fetchpriority=\"high\" decoding=\"async\" class=\"aligncenter wp-image-15819 size-full\" src=\"https:\/\/www.saporinostri.it\/wp-content\/uploads\/2021\/11\/nobili-radici.png\" alt=\"Edle Wurzeln\" width=\"400\" height=\"247\" srcset=\"https:\/\/www.saporinostri.it\/wp-content\/uploads\/2021\/11\/nobili-radici.png 400w, https:\/\/www.saporinostri.it\/wp-content\/uploads\/2021\/11\/nobili-radici-300x185.png 300w, https:\/\/www.saporinostri.it\/wp-content\/uploads\/2021\/11\/nobili-radici-18x12.png 18w, https:\/\/www.saporinostri.it\/wp-content\/uploads\/2021\/11\/nobili-radici-150x93.png 150w, https:\/\/www.saporinostri.it\/wp-content\/uploads\/2021\/11\/nobili-radici-64x40.png 64w\" sizes=\"(max-width: 400px) 100vw, 400px\" \/><\/p>\n<p>Die Konservierung von Lebensmitteln stand schon immer im Mittelpunkt der Aktivit\u00e4ten von Agrar- und Lebensmittelprodukten. Lebensmittel vor dem Verderben zu bewahren ist essenziell f\u00fcr den Verzehr, die Reduzierung von Arbeitsverschwendung und den Genuss saisonaler Produkte das ganze Jahr \u00fcber. NobiliRadici hat sich daf\u00fcr entschieden, in Italien angebautes Obst und Gem\u00fcse in Glas zu konservieren, die besten Rohstoffe auszuw\u00e4hlen und den Geschmack nicht durch Konservierungsstoffe, Geliermittel oder Pektine zu ver\u00e4ndern.<\/p>\n<p><img decoding=\"async\" class=\"size-medium wp-image-16034 alignright lazyload\" data-src=\"https:\/\/www.saporinostri.it\/wp-content\/uploads\/2021\/11\/p4_9-300x200.png\" alt=\"\" width=\"300\" height=\"200\" data-srcset=\"https:\/\/www.saporinostri.it\/wp-content\/uploads\/2021\/11\/p4_9-300x200.png 300w, https:\/\/www.saporinostri.it\/wp-content\/uploads\/2021\/11\/p4_9-18x12.png 18w, https:\/\/www.saporinostri.it\/wp-content\/uploads\/2021\/11\/p4_9-441x294.png 441w, https:\/\/www.saporinostri.it\/wp-content\/uploads\/2021\/11\/p4_9-150x100.png 150w, https:\/\/www.saporinostri.it\/wp-content\/uploads\/2021\/11\/p4_9-64x43.png 64w, https:\/\/www.saporinostri.it\/wp-content\/uploads\/2021\/11\/p4_9.png 708w\" data-sizes=\"(max-width: 300px) 100vw, 300px\" src=\"data:image\/gif;base64,R0lGODlhAQABAAAAACH5BAEKAAEALAAAAAABAAEAAAICTAEAOw==\" style=\"--smush-placeholder-width: 300px; --smush-placeholder-aspect-ratio: 300\/200;\" \/><noscript><img decoding=\"async\" class=\"size-medium wp-image-16034 alignright\" src=\"https:\/\/www.saporinostri.it\/wp-content\/uploads\/2021\/11\/p4_9-300x200.png\" alt=\"\" width=\"300\" height=\"200\" srcset=\"https:\/\/www.saporinostri.it\/wp-content\/uploads\/2021\/11\/p4_9-300x200.png 300w, https:\/\/www.saporinostri.it\/wp-content\/uploads\/2021\/11\/p4_9-18x12.png 18w, https:\/\/www.saporinostri.it\/wp-content\/uploads\/2021\/11\/p4_9-441x294.png 441w, https:\/\/www.saporinostri.it\/wp-content\/uploads\/2021\/11\/p4_9-150x100.png 150w, https:\/\/www.saporinostri.it\/wp-content\/uploads\/2021\/11\/p4_9-64x43.png 64w, https:\/\/www.saporinostri.it\/wp-content\/uploads\/2021\/11\/p4_9.png 708w\" sizes=\"(max-width: 300px) 100vw, 300px\" \/><\/noscript><\/p>\n<p>Der Konservierungsprozess von NobiliRadici ist einfach, erfordert jedoch gro\u00dfe Aufmerksamkeit auf die Behandlung der im richtigen Moment der Reife geernteten Fr\u00fcchte, die Zubereitung und das Kochen in k\u00fcrzester Zeit<br \/>\nm\u00f6gliche Zeit. Weniger Manipulationen am Produkt sind die Garantie f\u00fcr mehr Geschmack und organoleptische Qualit\u00e4t.<\/p>\n<p>NobiliRadici w\u00e4hlt die Rohstoffe mit gr\u00f6\u00dfter Aufmerksamkeit auf die Ursprungsgebiete aus und w\u00e4hlt nur die erste Wahl aus. Aus diesem Grund werden keine Konservierungsstoffe oder chemische Verdickungsmittel verwendet, um Produkte von h\u00f6chster Qualit\u00e4t zu erhalten, die das Wohlbefinden und alle wesentlichen Elemente f\u00fcr unseren K\u00f6rper garantieren.<\/p>\n<ul>\n<li>Rohstoffe erster Wahl und 0 km<\/li>\n<li>Erstklassiges Kochen in Kupfer- und Glast\u00f6pfen zur Konservierung.<\/li>\n<li>Respekt f\u00fcr die Umwelt in jeder Phase des Prozesses und in jedem Produkt.<\/li>\n<\/ul>\n<p><img decoding=\"async\" class=\"wp-image-16035 alignleft lazyload\" data-src=\"https:\/\/www.saporinostri.it\/wp-content\/uploads\/2021\/11\/p4_10.png\" alt=\"\" width=\"546\" height=\"257\" data-srcset=\"https:\/\/www.saporinostri.it\/wp-content\/uploads\/2021\/11\/p4_10.png 1292w, https:\/\/www.saporinostri.it\/wp-content\/uploads\/2021\/11\/p4_10-300x141.png 300w, https:\/\/www.saporinostri.it\/wp-content\/uploads\/2021\/11\/p4_10-1024x481.png 1024w, https:\/\/www.saporinostri.it\/wp-content\/uploads\/2021\/11\/p4_10-768x361.png 768w, https:\/\/www.saporinostri.it\/wp-content\/uploads\/2021\/11\/p4_10-18x8.png 18w, https:\/\/www.saporinostri.it\/wp-content\/uploads\/2021\/11\/p4_10-990x465.png 990w, https:\/\/www.saporinostri.it\/wp-content\/uploads\/2021\/11\/p4_10-441x207.png 441w, https:\/\/www.saporinostri.it\/wp-content\/uploads\/2021\/11\/p4_10-800x376.png 800w, https:\/\/www.saporinostri.it\/wp-content\/uploads\/2021\/11\/p4_10-150x70.png 150w, https:\/\/www.saporinostri.it\/wp-content\/uploads\/2021\/11\/p4_10-64x30.png 64w\" data-sizes=\"(max-width: 546px) 100vw, 546px\" src=\"data:image\/gif;base64,R0lGODlhAQABAAAAACH5BAEKAAEALAAAAAABAAEAAAICTAEAOw==\" style=\"--smush-placeholder-width: 546px; --smush-placeholder-aspect-ratio: 546\/257;\" \/><noscript><img decoding=\"async\" class=\"wp-image-16035 alignleft\" src=\"https:\/\/www.saporinostri.it\/wp-content\/uploads\/2021\/11\/p4_10.png\" alt=\"\" width=\"546\" height=\"257\" srcset=\"https:\/\/www.saporinostri.it\/wp-content\/uploads\/2021\/11\/p4_10.png 1292w, https:\/\/www.saporinostri.it\/wp-content\/uploads\/2021\/11\/p4_10-300x141.png 300w, https:\/\/www.saporinostri.it\/wp-content\/uploads\/2021\/11\/p4_10-1024x481.png 1024w, https:\/\/www.saporinostri.it\/wp-content\/uploads\/2021\/11\/p4_10-768x361.png 768w, https:\/\/www.saporinostri.it\/wp-content\/uploads\/2021\/11\/p4_10-18x8.png 18w, https:\/\/www.saporinostri.it\/wp-content\/uploads\/2021\/11\/p4_10-990x465.png 990w, https:\/\/www.saporinostri.it\/wp-content\/uploads\/2021\/11\/p4_10-441x207.png 441w, https:\/\/www.saporinostri.it\/wp-content\/uploads\/2021\/11\/p4_10-800x376.png 800w, https:\/\/www.saporinostri.it\/wp-content\/uploads\/2021\/11\/p4_10-150x70.png 150w, https:\/\/www.saporinostri.it\/wp-content\/uploads\/2021\/11\/p4_10-64x30.png 64w\" sizes=\"(max-width: 546px) 100vw, 546px\" \/><\/noscript>Alle Prozesse von NobiliRadici sind auf die geringstm\u00f6gliche Manipulation von Rohstoffen und die Erhaltung von Geschmacks- und organoleptischen Werten im Laufe der Zeit ausgerichtet.<\/p>\n<p>NobiliRadici konserviert Produkte mit kurzen Zubereitungs- und Kochzeiten von weniger als 45 Minuten und langsamen Pasteurisierungen unter 75\u00b0.<\/p>\n<p>Das Ergebnis ist ein Produkt mit einzigartigem Geschmack in einer raffinierten Verpackung.<br \/>\nDas beste Glas und die Holzplatte aller unserer Produkte sind die Elemente, die alle NobiliRadici-Produkte auszeichnen.<\/p>\n<p><img decoding=\"async\" class=\"wp-image-16039 alignright lazyload\" data-src=\"https:\/\/www.saporinostri.it\/wp-content\/uploads\/2021\/11\/p6_13-300x107.png\" alt=\"\" width=\"504\" height=\"180\" data-srcset=\"https:\/\/www.saporinostri.it\/wp-content\/uploads\/2021\/11\/p6_13-300x107.png 300w, https:\/\/www.saporinostri.it\/wp-content\/uploads\/2021\/11\/p6_13-1024x365.png 1024w, https:\/\/www.saporinostri.it\/wp-content\/uploads\/2021\/11\/p6_13-768x274.png 768w, https:\/\/www.saporinostri.it\/wp-content\/uploads\/2021\/11\/p6_13-18x6.png 18w, https:\/\/www.saporinostri.it\/wp-content\/uploads\/2021\/11\/p6_13-990x353.png 990w, https:\/\/www.saporinostri.it\/wp-content\/uploads\/2021\/11\/p6_13-441x157.png 441w, https:\/\/www.saporinostri.it\/wp-content\/uploads\/2021\/11\/p6_13-800x285.png 800w, https:\/\/www.saporinostri.it\/wp-content\/uploads\/2021\/11\/p6_13-150x53.png 150w, https:\/\/www.saporinostri.it\/wp-content\/uploads\/2021\/11\/p6_13-64x23.png 64w, https:\/\/www.saporinostri.it\/wp-content\/uploads\/2021\/11\/p6_13.png 1241w\" data-sizes=\"(max-width: 504px) 100vw, 504px\" src=\"data:image\/gif;base64,R0lGODlhAQABAAAAACH5BAEKAAEALAAAAAABAAEAAAICTAEAOw==\" style=\"--smush-placeholder-width: 504px; --smush-placeholder-aspect-ratio: 504\/180;\" \/><noscript><img loading=\"lazy\" decoding=\"async\" class=\"wp-image-16039 alignright\" src=\"https:\/\/www.saporinostri.it\/wp-content\/uploads\/2021\/11\/p6_13-300x107.png\" alt=\"\" width=\"504\" height=\"180\" srcset=\"https:\/\/www.saporinostri.it\/wp-content\/uploads\/2021\/11\/p6_13-300x107.png 300w, https:\/\/www.saporinostri.it\/wp-content\/uploads\/2021\/11\/p6_13-1024x365.png 1024w, https:\/\/www.saporinostri.it\/wp-content\/uploads\/2021\/11\/p6_13-768x274.png 768w, https:\/\/www.saporinostri.it\/wp-content\/uploads\/2021\/11\/p6_13-18x6.png 18w, https:\/\/www.saporinostri.it\/wp-content\/uploads\/2021\/11\/p6_13-990x353.png 990w, https:\/\/www.saporinostri.it\/wp-content\/uploads\/2021\/11\/p6_13-441x157.png 441w, https:\/\/www.saporinostri.it\/wp-content\/uploads\/2021\/11\/p6_13-800x285.png 800w, https:\/\/www.saporinostri.it\/wp-content\/uploads\/2021\/11\/p6_13-150x53.png 150w, https:\/\/www.saporinostri.it\/wp-content\/uploads\/2021\/11\/p6_13-64x23.png 64w, https:\/\/www.saporinostri.it\/wp-content\/uploads\/2021\/11\/p6_13.png 1241w\" sizes=\"(max-width: 504px) 100vw, 504px\" \/><\/noscript>Eine komplette Linie vom Fr\u00fchst\u00fcck bis zum Abendessen.<\/p>\n<p>Marmelade und Honig f\u00fcr den Morgen. Zum Mittag- und Abendessen begleitende Saucen f\u00fcr K\u00e4se, Aperitifs oder Hauptgerichte.<br \/>\nEin Snack mit Trockenfr\u00fcchten und Honig und ein Sofa nach dem Abendessen mit Rum oder Schnapsfr\u00fcchten.<br \/>\nF\u00fcr Ihre besonderen Anl\u00e4sse ... die sch\u00f6nen Geschenkboxen<\/p>\n<p>NobiliRadici studiert seine Rezepte und Rohstoffe, um an Sie, Ihre Familie und Ihren Tisch zu denken. Die G\u00fcte, die nur eine Geste der Liebe ausdr\u00fccken kann.<br \/>\nDie gleiche Liebe der Mutter, die das Mittag- oder Abendessen f\u00fcr die Familie zubereitet. Das Probieren alter Aromen ist ein einzigartiges Erlebnis, das Sie zur\u00fcckversetzt, als Sie als Kind mit Onkeln oder Gro\u00dfeltern aufs Land gingen.<\/p>\n<p>Die Produktionen von NobiliRadici sind alle \u00f6kologisch nachhaltig und respektieren das Territorium und die Menschen.<br \/>\nDie Nutzung der lokalen Ressourcen, die Aufmerksamkeit f\u00fcr die Entwicklung des Territoriums und die F\u00f6rderung der landwirtschaftlichen Kultur sind die Grundlage seiner Entscheidungen.<\/p>","protected":false},"excerpt":{"rendered":"<p>Ausgew\u00e4hlte Birnenmarmelade, angebaut im Regionalpark Roccamonfina-Foce del Garigliano, bei km 0, handgefertigt von NobiliRadici ohne den Einsatz von Chemikalien wie Konservierungsmitteln, Geliermitteln oder Pektinen.<\/p>\n<p>Die Produktionen von NobiliRadici sind alle \u00f6kologisch nachhaltig und respektieren das Territorium.<\/p>\n<p><strong>Nettogewicht:<\/strong> 280 g<\/p>\n<p><img decoding=\"async\" class=\"wp-image-15833 lazyload\" data-src=\"https:\/\/www.saporinostri.it\/wp-content\/uploads\/2021\/11\/parco-regionale-roccamonfina-foce-garigliano-nobiliradici-1.png\" alt=\"Unternehmen mit Sitz im Park\" width=\"159\" height=\"87\" data-srcset=\"https:\/\/www.saporinostri.it\/wp-content\/uploads\/2021\/11\/parco-regionale-roccamonfina-foce-garigliano-nobiliradici-1.png 216w, https:\/\/www.saporinostri.it\/wp-content\/uploads\/2021\/11\/parco-regionale-roccamonfina-foce-garigliano-nobiliradici-1-18x10.png 18w, https:\/\/www.saporinostri.it\/wp-content\/uploads\/2021\/11\/parco-regionale-roccamonfina-foce-garigliano-nobiliradici-1-150x82.png 150w, https:\/\/www.saporinostri.it\/wp-content\/uploads\/2021\/11\/parco-regionale-roccamonfina-foce-garigliano-nobiliradici-1-64x35.png 64w\" data-sizes=\"(max-width: 159px) 100vw, 159px\" src=\"data:image\/gif;base64,R0lGODlhAQABAAAAACH5BAEKAAEALAAAAAABAAEAAAICTAEAOw==\" style=\"--smush-placeholder-width: 159px; --smush-placeholder-aspect-ratio: 159\/87;\" \/><noscript><img loading=\"lazy\" decoding=\"async\" class=\"wp-image-15833\" src=\"https:\/\/www.saporinostri.it\/wp-content\/uploads\/2021\/11\/parco-regionale-roccamonfina-foce-garigliano-nobiliradici-1.png\" alt=\"Unternehmen mit Sitz im Park\" width=\"159\" height=\"87\" srcset=\"https:\/\/www.saporinostri.it\/wp-content\/uploads\/2021\/11\/parco-regionale-roccamonfina-foce-garigliano-nobiliradici-1.png 216w, https:\/\/www.saporinostri.it\/wp-content\/uploads\/2021\/11\/parco-regionale-roccamonfina-foce-garigliano-nobiliradici-1-18x10.png 18w, https:\/\/www.saporinostri.it\/wp-content\/uploads\/2021\/11\/parco-regionale-roccamonfina-foce-garigliano-nobiliradici-1-150x82.png 150w, https:\/\/www.saporinostri.it\/wp-content\/uploads\/2021\/11\/parco-regionale-roccamonfina-foce-garigliano-nobiliradici-1-64x35.png 64w\" sizes=\"(max-width: 159px) 100vw, 159px\" \/><\/noscript><\/p>\n<div class=\"scadenza\">Letzter Batch-Ablauf: <b>31.01.2023 L.21 \/ C23<\/b><\/div>","protected":false},"featured_media":15963,"comment_status":"open","ping_status":"closed","template":"","meta":{"_acf_changed":false,"inline_featured_image":false,"wprm-recipe-roundup-name":"","wprm-recipe-roundup-description":"","_monsterinsights_skip_tracking":false,"_monsterinsights_sitenote_active":false,"_monsterinsights_sitenote_note":"","_monsterinsights_sitenote_category":0},"pwb-brand":[576],"product_brand":[],"product_cat":[577,412],"product_tag":[],"class_list":{"0":"post-15961","1":"product","2":"type-product","3":"status-publish","4":"has-post-thumbnail","6":"pwb-brand-nobiliradici","7":"product_cat-confetture-e-marmellate","8":"product_cat-conserve","10":"first","11":"outofstock","12":"sale","13":"taxable","14":"shipping-taxable","15":"purchasable","16":"product-type-simple"},"acf":[],"yoast_head":"<!-- This site is optimized with the Yoast SEO Premium plugin v23.7 (Yoast SEO v27.3) - https:\/\/yoast.com\/product\/yoast-seo-premium-wordpress\/ -->\n<title>Confettura Pere NobiliRadici 280g - Sapori Nostri<\/title>\n<meta name=\"description\" content=\"Confettura di Pere prodotta lentamente e con dolcezza da NobiliRadici, senza additivi, conservanti o coloranti\" \/>\n<meta name=\"robots\" content=\"index, follow, max-snippet:-1, max-image-preview:large, max-video-preview:-1\" \/>\n<link rel=\"canonical\" href=\"https:\/\/www.saporinostri.it\/de\/confettura-pere-nobiliradici-280g\/\" \/>\n<meta property=\"og:locale\" content=\"de_DE\" \/>\n<meta property=\"og:type\" content=\"article\" \/>\n<meta property=\"og:title\" content=\"Confettura Pere NobiliRadici 280g\" \/>\n<meta property=\"og:description\" content=\"Confettura di Pere prodotta lentamente e con dolcezza da NobiliRadici, senza additivi, conservanti o coloranti\" \/>\n<meta property=\"og:url\" content=\"https:\/\/www.saporinostri.it\/de\/confettura-pere-nobiliradici-280g\/\" \/>\n<meta property=\"og:site_name\" content=\"Sapori Nostri\" \/>\n<meta property=\"article:publisher\" content=\"https:\/\/www.facebook.com\/saporinostri.it\/\" \/>\n<meta property=\"article:modified_time\" content=\"2025-11-19T18:28:21+00:00\" \/>\n<meta property=\"og:image\" content=\"https:\/\/www.saporinostri.it\/wp-content\/uploads\/2021\/11\/confettura-pere-nobiliradici-280g-front.jpg\" \/>\n\t<meta property=\"og:image:width\" content=\"1500\" \/>\n\t<meta property=\"og:image:height\" content=\"1500\" \/>\n\t<meta property=\"og:image:type\" content=\"image\/jpeg\" \/>\n<meta name=\"twitter:card\" content=\"summary_large_image\" \/>\n<meta name=\"twitter:label1\" content=\"Preis\" \/>\n\t<meta name=\"twitter:data1\" content=\"&euro;4,35\" \/>\n\t<meta name=\"twitter:label2\" content=\"Verf\u00fcgbarkeit\" \/>\n\t<meta name=\"twitter:data2\" content=\"ausverkauft\" \/>\n<script type=\"application\/ld+json\" class=\"yoast-schema-graph\">{\"@context\":\"https:\\\/\\\/schema.org\",\"@graph\":[{\"@type\":\"WebPage\",\"@id\":\"https:\\\/\\\/www.saporinostri.it\\\/confettura-pere-nobiliradici-280g\\\/\",\"url\":\"https:\\\/\\\/www.saporinostri.it\\\/confettura-pere-nobiliradici-280g\\\/\",\"name\":\"Confettura Pere NobiliRadici 280g - Sapori Nostri\",\"isPartOf\":{\"@id\":\"https:\\\/\\\/www.saporinostri.it\\\/#website\"},\"primaryImageOfPage\":{\"@id\":\"https:\\\/\\\/www.saporinostri.it\\\/confettura-pere-nobiliradici-280g\\\/#primaryimage\"},\"image\":{\"@id\":\"https:\\\/\\\/www.saporinostri.it\\\/confettura-pere-nobiliradici-280g\\\/#primaryimage\"},\"thumbnailUrl\":\"https:\\\/\\\/www.saporinostri.it\\\/wp-content\\\/uploads\\\/2021\\\/11\\\/confettura-pere-nobiliradici-280g-front.jpg\",\"datePublished\":\"2021-11-09T16:47:32+00:00\",\"dateModified\":\"2025-11-19T18:28:21+00:00\",\"description\":\"Confettura di Pere prodotta lentamente e con dolcezza da NobiliRadici, senza additivi, conservanti o coloranti\",\"breadcrumb\":{\"@id\":\"https:\\\/\\\/www.saporinostri.it\\\/confettura-pere-nobiliradici-280g\\\/#breadcrumb\"},\"inLanguage\":\"de\",\"potentialAction\":[{\"@type\":\"ReadAction\",\"target\":[\"https:\\\/\\\/www.saporinostri.it\\\/confettura-pere-nobiliradici-280g\\\/\"]}]},{\"@type\":\"ImageObject\",\"inLanguage\":\"de\",\"@id\":\"https:\\\/\\\/www.saporinostri.it\\\/confettura-pere-nobiliradici-280g\\\/#primaryimage\",\"url\":\"https:\\\/\\\/www.saporinostri.it\\\/wp-content\\\/uploads\\\/2021\\\/11\\\/confettura-pere-nobiliradici-280g-front.jpg\",\"contentUrl\":\"https:\\\/\\\/www.saporinostri.it\\\/wp-content\\\/uploads\\\/2021\\\/11\\\/confettura-pere-nobiliradici-280g-front.jpg\",\"width\":1500,\"height\":1500,\"caption\":\"Confettura Pere NobiliRadici 280g\"},{\"@type\":\"BreadcrumbList\",\"@id\":\"https:\\\/\\\/www.saporinostri.it\\\/confettura-pere-nobiliradici-280g\\\/#breadcrumb\",\"itemListElement\":[{\"@type\":\"ListItem\",\"position\":1,\"name\":\"Home\",\"item\":\"https:\\\/\\\/www.saporinostri.it\\\/\"},{\"@type\":\"ListItem\",\"position\":2,\"name\":\"Shop\",\"item\":\"https:\\\/\\\/www.saporinostri.it\\\/fr\\\/shop\\\/\"},{\"@type\":\"ListItem\",\"position\":3,\"name\":\"Confettura Pere NobiliRadici 280g\"}]},{\"@type\":\"WebSite\",\"@id\":\"https:\\\/\\\/www.saporinostri.it\\\/#website\",\"url\":\"https:\\\/\\\/www.saporinostri.it\\\/\",\"name\":\"Sapori Nostri\",\"description\":\"\",\"publisher\":{\"@id\":\"https:\\\/\\\/www.saporinostri.it\\\/#organization\"},\"potentialAction\":[{\"@type\":\"SearchAction\",\"target\":{\"@type\":\"EntryPoint\",\"urlTemplate\":\"https:\\\/\\\/www.saporinostri.it\\\/?s={search_term_string}\"},\"query-input\":{\"@type\":\"PropertyValueSpecification\",\"valueRequired\":true,\"valueName\":\"search_term_string\"}}],\"inLanguage\":\"de\"},{\"@type\":\"Organization\",\"@id\":\"https:\\\/\\\/www.saporinostri.it\\\/#organization\",\"name\":\"Sapori Nostri\",\"url\":\"https:\\\/\\\/www.saporinostri.it\\\/\",\"logo\":{\"@type\":\"ImageObject\",\"inLanguage\":\"de\",\"@id\":\"https:\\\/\\\/www.saporinostri.it\\\/#\\\/schema\\\/logo\\\/image\\\/\",\"url\":\"https:\\\/\\\/www.saporinostri.it\\\/wp-content\\\/uploads\\\/2020\\\/05\\\/logo-retina.png\",\"contentUrl\":\"https:\\\/\\\/www.saporinostri.it\\\/wp-content\\\/uploads\\\/2020\\\/05\\\/logo-retina.png\",\"width\":500,\"height\":109,\"caption\":\"Sapori Nostri\"},\"image\":{\"@id\":\"https:\\\/\\\/www.saporinostri.it\\\/#\\\/schema\\\/logo\\\/image\\\/\"},\"sameAs\":[\"https:\\\/\\\/www.facebook.com\\\/saporinostri.it\\\/\",\"https:\\\/\\\/www.instagram.com\\\/saporinostri.it\\\/\"]}]}<\/script>\n<meta property=\"product:brand\" content=\"NobiliRadici\" \/>\n<meta property=\"product:price:amount\" content=\"4.35\" \/>\n<meta property=\"product:price:currency\" content=\"EUR\" \/>\n<meta property=\"og:availability\" content=\"out of stock\" \/>\n<meta property=\"product:availability\" content=\"out of stock\" \/>\n<meta property=\"product:retailer_item_id\" content=\"8056860860133\" \/>\n<meta property=\"product:condition\" content=\"new\" \/>\n<!-- \/ Yoast SEO Premium plugin. -->","yoast_head_json":{"title":"Marmelade Birnen Noble Roots 280g - Unsere Geschmacksrichtungen","description":"Birnenmarmelade von NobiliRadici langsam und s\u00fc\u00df hergestellt, ohne Zus\u00e4tze, Konservierungsstoffe oder Farbstoffe","robots":{"index":"index","follow":"follow","max-snippet":"max-snippet:-1","max-image-preview":"max-image-preview:large","max-video-preview":"max-video-preview:-1"},"canonical":"https:\/\/www.saporinostri.it\/de\/confettura-pere-nobiliradici-280g\/","og_locale":"de_DE","og_type":"article","og_title":"Confettura Pere NobiliRadici 280g","og_description":"Confettura di Pere prodotta lentamente e con dolcezza da NobiliRadici, senza additivi, conservanti o coloranti","og_url":"https:\/\/www.saporinostri.it\/de\/confettura-pere-nobiliradici-280g\/","og_site_name":"Sapori Nostri","article_publisher":"https:\/\/www.facebook.com\/saporinostri.it\/","article_modified_time":"2025-11-19T18:28:21+00:00","og_image":[{"width":1500,"height":1500,"url":"https:\/\/www.saporinostri.it\/wp-content\/uploads\/2021\/11\/confettura-pere-nobiliradici-280g-front.jpg","type":"image\/jpeg"}],"twitter_card":"summary_large_image","twitter_misc":{"Preis":"&euro;4,35","Verf\u00fcgbarkeit":"ausverkauft"},"schema":{"@context":"https:\/\/schema.org","@graph":[{"@type":"WebPage","@id":"https:\/\/www.saporinostri.it\/confettura-pere-nobiliradici-280g\/","url":"https:\/\/www.saporinostri.it\/confettura-pere-nobiliradici-280g\/","name":"Marmelade Birnen Noble Roots 280g - Unsere Geschmacksrichtungen","isPartOf":{"@id":"https:\/\/www.saporinostri.it\/#website"},"primaryImageOfPage":{"@id":"https:\/\/www.saporinostri.it\/confettura-pere-nobiliradici-280g\/#primaryimage"},"image":{"@id":"https:\/\/www.saporinostri.it\/confettura-pere-nobiliradici-280g\/#primaryimage"},"thumbnailUrl":"https:\/\/www.saporinostri.it\/wp-content\/uploads\/2021\/11\/confettura-pere-nobiliradici-280g-front.jpg","datePublished":"2021-11-09T16:47:32+00:00","dateModified":"2025-11-19T18:28:21+00:00","description":"Birnenmarmelade von NobiliRadici langsam und s\u00fc\u00df hergestellt, ohne Zus\u00e4tze, Konservierungsstoffe oder Farbstoffe","breadcrumb":{"@id":"https:\/\/www.saporinostri.it\/confettura-pere-nobiliradici-280g\/#breadcrumb"},"inLanguage":"de","potentialAction":[{"@type":"ReadAction","target":["https:\/\/www.saporinostri.it\/confettura-pere-nobiliradici-280g\/"]}]},{"@type":"ImageObject","inLanguage":"de","@id":"https:\/\/www.saporinostri.it\/confettura-pere-nobiliradici-280g\/#primaryimage","url":"https:\/\/www.saporinostri.it\/wp-content\/uploads\/2021\/11\/confettura-pere-nobiliradici-280g-front.jpg","contentUrl":"https:\/\/www.saporinostri.it\/wp-content\/uploads\/2021\/11\/confettura-pere-nobiliradici-280g-front.jpg","width":1500,"height":1500,"caption":"Confettura Pere NobiliRadici 280g"},{"@type":"BreadcrumbList","@id":"https:\/\/www.saporinostri.it\/confettura-pere-nobiliradici-280g\/#breadcrumb","itemListElement":[{"@type":"ListItem","position":1,"name":"Home","item":"https:\/\/www.saporinostri.it\/"},{"@type":"ListItem","position":2,"name":"Shop","item":"https:\/\/www.saporinostri.it\/fr\/shop\/"},{"@type":"ListItem","position":3,"name":"Confettura Pere NobiliRadici 280g"}]},{"@type":"WebSite","@id":"https:\/\/www.saporinostri.it\/#website","url":"https:\/\/www.saporinostri.it\/","name":"Sapori Nostri","description":"","publisher":{"@id":"https:\/\/www.saporinostri.it\/#organization"},"potentialAction":[{"@type":"SearchAction","target":{"@type":"EntryPoint","urlTemplate":"https:\/\/www.saporinostri.it\/?s={search_term_string}"},"query-input":{"@type":"PropertyValueSpecification","valueRequired":true,"valueName":"search_term_string"}}],"inLanguage":"de"},{"@type":"Organization","@id":"https:\/\/www.saporinostri.it\/#organization","name":"Sapori Nostri","url":"https:\/\/www.saporinostri.it\/","logo":{"@type":"ImageObject","inLanguage":"de","@id":"https:\/\/www.saporinostri.it\/#\/schema\/logo\/image\/","url":"https:\/\/www.saporinostri.it\/wp-content\/uploads\/2020\/05\/logo-retina.png","contentUrl":"https:\/\/www.saporinostri.it\/wp-content\/uploads\/2020\/05\/logo-retina.png","width":500,"height":109,"caption":"Sapori Nostri"},"image":{"@id":"https:\/\/www.saporinostri.it\/#\/schema\/logo\/image\/"},"sameAs":["https:\/\/www.facebook.com\/saporinostri.it\/","https:\/\/www.instagram.com\/saporinostri.it\/"]}]},"product_brand":"NobiliRadici","product_price_amount":"4.35","product_price_currency":"EUR","og_availability":"out of stock","product_availability":"out of stock","product_retailer_item_id":"8056860860133","product_condition":"new"},"jetpack_sharing_enabled":true,"brands":[{"id":576,"name":"Edle Wurzeln","slug":"nobiliradici"}],"_links":{"self":[{"href":"https:\/\/www.saporinostri.it\/de\/wp-json\/wp\/v2\/product\/15961","targetHints":{"allow":["GET"]}}],"collection":[{"href":"https:\/\/www.saporinostri.it\/de\/wp-json\/wp\/v2\/product"}],"about":[{"href":"https:\/\/www.saporinostri.it\/de\/wp-json\/wp\/v2\/types\/product"}],"replies":[{"embeddable":true,"href":"https:\/\/www.saporinostri.it\/de\/wp-json\/wp\/v2\/comments?post=15961"}],"wp:featuredmedia":[{"embeddable":true,"href":"https:\/\/www.saporinostri.it\/de\/wp-json\/wp\/v2\/media\/15963"}],"wp:attachment":[{"href":"https:\/\/www.saporinostri.it\/de\/wp-json\/wp\/v2\/media?parent=15961"}],"wp:term":[{"taxonomy":"pwb-brand","embeddable":true,"href":"https:\/\/www.saporinostri.it\/de\/wp-json\/wp\/v2\/pwb-brand?post=15961"},{"taxonomy":"product_brand","embeddable":true,"href":"https:\/\/www.saporinostri.it\/de\/wp-json\/wp\/v2\/product_brand?post=15961"},{"taxonomy":"product_cat","embeddable":true,"href":"https:\/\/www.saporinostri.it\/de\/wp-json\/wp\/v2\/product_cat?post=15961"},{"taxonomy":"product_tag","embeddable":true,"href":"https:\/\/www.saporinostri.it\/de\/wp-json\/wp\/v2\/product_tag?post=15961"}],"curies":[{"name":"wp","href":"https:\/\/api.w.org\/{rel}","templated":true}]}}