{"id":18043,"date":"2022-03-03T11:35:11","date_gmt":"2022-03-03T10:35:11","guid":{"rendered":"https:\/\/woocommerce-587295-4567585.cloudwaysapps.com\/?post_type=product&#038;p=18043"},"modified":"2024-11-05T19:39:37","modified_gmt":"2024-11-05T18:39:37","slug":"teglia-per-pizza-in-ferro-blu-40x20cm-emili-teglie","status":"publish","type":"product","link":"https:\/\/www.saporinostri.it\/de\/teglia-per-pizza-in-ferro-blu-40x20cm-emili-teglie\/","title":{"rendered":"Blaue Eisenpizzapfanne 40x20cm Emili Teglie"},"content":{"rendered":"<p>Diejenigen <a href=\"https:\/\/www.saporinostri.it\/de\/produttore\/emili-teglie\/\"><strong>Emili Teglie<\/strong><\/a> geh\u00f6ren zu den <strong>beste pizzapfannen<\/strong> und Focaccia im heimischen Ofen ist die eine in<strong> blaues Eisen<\/strong>, Metall, das sich besser als andere zum Garen dieser Lebensmittel eignet, da es langsam und konstant W\u00e4rme abgibt und so f\u00fcr perfektes Garen, weiche, aber knusprige Pizza darunter und ohne Verbrennungen sorgt.<\/p>\n<p>Die Pizzapfanne <a href=\"https:\/\/www.saporinostri.it\/de\/produttore\/emili-teglie\/\"><strong>Emili Teglie<\/strong><\/a> es ist nicht antihaftbeschichtet und ohne eine entsprechende Vorbehandlung w\u00e4re es schwierig, etwas herauszunehmen, ohne dass die Gefahr besteht, dass es am Pfannenboden selbst kleben bleibt.<\/p>\n<p>Der Ertrag ist professionell, tats\u00e4chlich gibt es viele Pizzerien, die &#039;R\u00f6mische Pfannenpizza&#039; mit den Tabletts zubereiten <a href=\"https:\/\/www.saporinostri.it\/de\/produttore\/emili-teglie\/\"><strong>Emili Teglie<\/strong><\/a>.<\/p>\n<p><strong>Die handwerkliche Verarbeitung des Produkts gew\u00e4hrleistet eine hohe Qualit\u00e4t und Best\u00e4ndigkeit der Pfanne. Etwaige Unvollkommenheiten beeintr\u00e4chtigen nicht die Qualit\u00e4t und Verwendung der Pfanne, sondern unterstreichen die Einzigartigkeit und Handwerkskunst des Produkts.<\/strong><\/p>\n<p>Die Diagonalen in der Mitte der Pfanne sorgen f\u00fcr ein gleichm\u00e4\u00dfigeres Garen.<\/p>\n<p>F\u00fcr die Emili Teglie Blaublechpfanne ist es notwendig, vor dem ersten Gebrauch den Vorgang &quot;Brennen&quot; durchzuf\u00fchren. Sie k\u00f6nnen die Ratschl\u00e4ge befolgen, die wir dem Paket beilegen, um es zuzubereiten, oder Informationen in den verschiedenen Online-Gruppen f\u00fcr Pizza in der r\u00f6mischen Pfanne oder bei erfahrenen Pizzab\u00e4ckern anfordern.<\/p>\n<ul>\n<li>Halten Sie die Pfanne von Feuchtigkeit fern.<\/li>\n<li><strong>NICHT<\/strong>\u00a0waschen\u00a0<strong>NOCH NIE<\/strong>\u00a0die Pfanne mit Wasser und\/oder Seife, nicht einmal um das aufgespr\u00fchte Vaseline-\u00d6l zu entfernen, um es zu sch\u00fctzen.<\/li>\n<li>Verwenden Sie saugf\u00e4higes Papier oder Baumwolle, um es nach Gebrauch zu reinigen.<\/li>\n<li>Bevor Sie die Pfanne wegstellen, empfehlen wir, die gesamte Innen- und Au\u00dfenfl\u00e4che leicht mit \u00d6l zu bestreichen.<\/li>\n<li>Verwenden Sie keine Metallutensilien, die mit der Pfanne in Ber\u00fchrung kommen.<\/li>\n<li>Die Pfanne kann die . erreichen<strong> maximale Temperatur von 310 \u00b0<\/strong> .<\/li>\n<\/ul>","protected":false},"excerpt":{"rendered":"<p><img decoding=\"async\" class=\"alignnone wp-image-12868 lazyload\" data-src=\"https:\/\/www.saporinostri.it\/wp-content\/uploads\/2021\/06\/logo21.png\" alt=\"\" width=\"76\" height=\"57\" data-srcset=\"https:\/\/www.saporinostri.it\/wp-content\/uploads\/2021\/06\/logo21.png 150w, https:\/\/www.saporinostri.it\/wp-content\/uploads\/2021\/06\/logo21-16x12.png 16w\" data-sizes=\"(max-width: 76px) 100vw, 76px\" src=\"data:image\/gif;base64,R0lGODlhAQABAAAAACH5BAEKAAEALAAAAAABAAEAAAICTAEAOw==\" style=\"--smush-placeholder-width: 76px; --smush-placeholder-aspect-ratio: 76\/57;\" \/><noscript><img decoding=\"async\" class=\"alignnone wp-image-12868\" src=\"https:\/\/www.saporinostri.it\/wp-content\/uploads\/2021\/06\/logo21.png\" alt=\"\" width=\"76\" height=\"57\" srcset=\"https:\/\/www.saporinostri.it\/wp-content\/uploads\/2021\/06\/logo21.png 150w, https:\/\/www.saporinostri.it\/wp-content\/uploads\/2021\/06\/logo21-16x12.png 16w\" sizes=\"(max-width: 76px) 100vw, 76px\" \/><\/noscript><\/p>\n<p><strong>8\/10 blaue Eisenpizzapfanne mit Diagonalen Emili Teglie<\/strong>, eines der besten Bleche zum Garen von Pizza und Focaccia im heimischen Ofen, auch als blaues Eisen bekannt, ein Metall, das sich besser als andere zum Kochen dieser Lebensmittel eignet, da es langsam und konstant W\u00e4rme abgibt und so ein perfektes Garen gew\u00e4hrleistet, Pizza weich aber knusprig und ohne Verbrennungen.<\/p>\n<p><strong>Pfanne, die vor der Verwendung dieser Pizzapfanne eine &quot;<a href=\"https:\/\/www.saporinostri.it\/de\/teglie-in-ferro-blu-bruciatura-cura-e-manutenzione\/\" target=\"_blank\" rel=\"noopener\">brennen<\/a>&quot;.<\/strong><\/p>\n<p><span style=\"font-size: 0.95em;\">Anleitung zur Durchf\u00fchrung der <a href=\"https:\/\/www.saporinostri.it\/de\/teglie-in-ferro-blu-bruciatura-cura-e-manutenzione\/\" target=\"_blank\" rel=\"noopener\">brennen<\/a> Sie werden zusammen mit dem Emili-Tablett im Papierformat im Paket enthalten, k\u00f6nnen aber auch online unter diesem Link eingesehen werden &quot; <strong><a href=\"https:\/\/www.saporinostri.it\/de\/teglie-in-ferro-blu-bruciatura-cura-e-manutenzione\/\" target=\"_blank\" rel=\"noopener\">Anleitung Brennen, Pflege und Wartung Blue Iron Trays<\/a><\/strong>.<\/span><\/p>\n<p>Ma\u00dfe: 40 x 20 x 2 cm<\/p>","protected":false},"featured_media":18045,"comment_status":"open","ping_status":"closed","template":"","meta":{"_acf_changed":false,"inline_featured_image":false,"wprm-recipe-roundup-name":"","wprm-recipe-roundup-description":"","_monsterinsights_skip_tracking":false,"_monsterinsights_sitenote_active":false,"_monsterinsights_sitenote_note":"","_monsterinsights_sitenote_category":0},"pwb-brand":[419],"product_brand":[],"product_cat":[149,145],"product_tag":[],"class_list":{"0":"post-18043","1":"product","2":"type-product","3":"status-publish","4":"has-post-thumbnail","6":"pwb-brand-emili-teglie","7":"product_cat-altro","8":"product_cat-utensili-cucina","10":"first","11":"outofstock","12":"sale","13":"taxable","14":"shipping-taxable","15":"purchasable","16":"product-type-simple"},"acf":[],"yoast_head":"<!-- This site is optimized with the Yoast SEO Premium plugin v23.7 (Yoast SEO v27.3) - https:\/\/yoast.com\/product\/yoast-seo-premium-wordpress\/ -->\n<title>Teglia per Pizza in Ferro Blu 40x20cm Emili Teglie - Sapori Nostri<\/title>\n<meta name=\"description\" content=\"Teglia per pizza in ferro blu 40x20 cm Emili Teglie, acquistala subito le migliori teglie per pizza su Sapori Nostri\" \/>\n<meta name=\"robots\" content=\"index, follow, max-snippet:-1, max-image-preview:large, max-video-preview:-1\" \/>\n<link rel=\"canonical\" href=\"https:\/\/www.saporinostri.it\/de\/teglia-per-pizza-in-ferro-blu-40x20cm-emili-teglie\/\" \/>\n<meta property=\"og:locale\" content=\"de_DE\" \/>\n<meta property=\"og:type\" content=\"article\" \/>\n<meta property=\"og:title\" content=\"Teglia per Pizza in Ferro Blu 40x20cm Emili Teglie\" \/>\n<meta property=\"og:description\" content=\"Teglia per pizza in ferro blu 40x20 cm Emili Teglie, acquistala subito le migliori teglie per pizza su Sapori Nostri\" \/>\n<meta property=\"og:url\" content=\"https:\/\/www.saporinostri.it\/de\/teglia-per-pizza-in-ferro-blu-40x20cm-emili-teglie\/\" \/>\n<meta property=\"og:site_name\" content=\"Sapori Nostri\" \/>\n<meta property=\"article:publisher\" content=\"https:\/\/www.facebook.com\/saporinostri.it\/\" \/>\n<meta property=\"article:modified_time\" content=\"2024-11-05T18:39:37+00:00\" \/>\n<meta property=\"og:image\" content=\"https:\/\/www.saporinostri.it\/wp-content\/uploads\/2022\/03\/teglia-in-ferro-blu-40x20x2-emili-teglie-front.jpg\" \/>\n\t<meta property=\"og:image:width\" content=\"1100\" \/>\n\t<meta property=\"og:image:height\" content=\"1100\" \/>\n\t<meta property=\"og:image:type\" content=\"image\/jpeg\" \/>\n<meta name=\"twitter:card\" content=\"summary_large_image\" \/>\n<meta name=\"twitter:label1\" content=\"Preis\" \/>\n\t<meta name=\"twitter:data1\" content=\"&euro;10,95\" \/>\n\t<meta name=\"twitter:label2\" content=\"Verf\u00fcgbarkeit\" \/>\n\t<meta name=\"twitter:data2\" content=\"ausverkauft\" \/>\n<script type=\"application\/ld+json\" class=\"yoast-schema-graph\">{\"@context\":\"https:\\\/\\\/schema.org\",\"@graph\":[{\"@type\":\"WebPage\",\"@id\":\"https:\\\/\\\/www.saporinostri.it\\\/teglia-per-pizza-in-ferro-blu-40x20cm-emili-teglie\\\/\",\"url\":\"https:\\\/\\\/www.saporinostri.it\\\/teglia-per-pizza-in-ferro-blu-40x20cm-emili-teglie\\\/\",\"name\":\"Teglia per Pizza in Ferro Blu 40x20cm Emili Teglie - Sapori Nostri\",\"isPartOf\":{\"@id\":\"https:\\\/\\\/www.saporinostri.it\\\/#website\"},\"primaryImageOfPage\":{\"@id\":\"https:\\\/\\\/www.saporinostri.it\\\/teglia-per-pizza-in-ferro-blu-40x20cm-emili-teglie\\\/#primaryimage\"},\"image\":{\"@id\":\"https:\\\/\\\/www.saporinostri.it\\\/teglia-per-pizza-in-ferro-blu-40x20cm-emili-teglie\\\/#primaryimage\"},\"thumbnailUrl\":\"https:\\\/\\\/www.saporinostri.it\\\/wp-content\\\/uploads\\\/2022\\\/03\\\/teglia-in-ferro-blu-40x20x2-emili-teglie-front.jpg\",\"datePublished\":\"2022-03-03T10:35:11+00:00\",\"dateModified\":\"2024-11-05T18:39:37+00:00\",\"description\":\"Teglia per pizza in ferro blu 40x20 cm Emili Teglie, acquistala subito le migliori teglie per pizza su Sapori Nostri\",\"breadcrumb\":{\"@id\":\"https:\\\/\\\/www.saporinostri.it\\\/teglia-per-pizza-in-ferro-blu-40x20cm-emili-teglie\\\/#breadcrumb\"},\"inLanguage\":\"de\",\"potentialAction\":[{\"@type\":\"ReadAction\",\"target\":[\"https:\\\/\\\/www.saporinostri.it\\\/teglia-per-pizza-in-ferro-blu-40x20cm-emili-teglie\\\/\"]}]},{\"@type\":\"ImageObject\",\"inLanguage\":\"de\",\"@id\":\"https:\\\/\\\/www.saporinostri.it\\\/teglia-per-pizza-in-ferro-blu-40x20cm-emili-teglie\\\/#primaryimage\",\"url\":\"https:\\\/\\\/www.saporinostri.it\\\/wp-content\\\/uploads\\\/2022\\\/03\\\/teglia-in-ferro-blu-40x20x2-emili-teglie-front.jpg\",\"contentUrl\":\"https:\\\/\\\/www.saporinostri.it\\\/wp-content\\\/uploads\\\/2022\\\/03\\\/teglia-in-ferro-blu-40x20x2-emili-teglie-front.jpg\",\"width\":1100,\"height\":1100,\"caption\":\"Teglia per Pizza in Lamiera Blu 40x20cm Emili Teglie\"},{\"@type\":\"BreadcrumbList\",\"@id\":\"https:\\\/\\\/www.saporinostri.it\\\/teglia-per-pizza-in-ferro-blu-40x20cm-emili-teglie\\\/#breadcrumb\",\"itemListElement\":[{\"@type\":\"ListItem\",\"position\":1,\"name\":\"Home\",\"item\":\"https:\\\/\\\/www.saporinostri.it\\\/\"},{\"@type\":\"ListItem\",\"position\":2,\"name\":\"Shop\",\"item\":\"https:\\\/\\\/www.saporinostri.it\\\/fr\\\/shop\\\/\"},{\"@type\":\"ListItem\",\"position\":3,\"name\":\"Teglia per Pizza in Ferro Blu 40x20cm Emili Teglie\"}]},{\"@type\":\"WebSite\",\"@id\":\"https:\\\/\\\/www.saporinostri.it\\\/#website\",\"url\":\"https:\\\/\\\/www.saporinostri.it\\\/\",\"name\":\"Sapori Nostri\",\"description\":\"\",\"publisher\":{\"@id\":\"https:\\\/\\\/www.saporinostri.it\\\/#organization\"},\"potentialAction\":[{\"@type\":\"SearchAction\",\"target\":{\"@type\":\"EntryPoint\",\"urlTemplate\":\"https:\\\/\\\/www.saporinostri.it\\\/?s={search_term_string}\"},\"query-input\":{\"@type\":\"PropertyValueSpecification\",\"valueRequired\":true,\"valueName\":\"search_term_string\"}}],\"inLanguage\":\"de\"},{\"@type\":\"Organization\",\"@id\":\"https:\\\/\\\/www.saporinostri.it\\\/#organization\",\"name\":\"Sapori Nostri\",\"url\":\"https:\\\/\\\/www.saporinostri.it\\\/\",\"logo\":{\"@type\":\"ImageObject\",\"inLanguage\":\"de\",\"@id\":\"https:\\\/\\\/www.saporinostri.it\\\/#\\\/schema\\\/logo\\\/image\\\/\",\"url\":\"https:\\\/\\\/www.saporinostri.it\\\/wp-content\\\/uploads\\\/2020\\\/05\\\/logo-retina.png\",\"contentUrl\":\"https:\\\/\\\/www.saporinostri.it\\\/wp-content\\\/uploads\\\/2020\\\/05\\\/logo-retina.png\",\"width\":500,\"height\":109,\"caption\":\"Sapori Nostri\"},\"image\":{\"@id\":\"https:\\\/\\\/www.saporinostri.it\\\/#\\\/schema\\\/logo\\\/image\\\/\"},\"sameAs\":[\"https:\\\/\\\/www.facebook.com\\\/saporinostri.it\\\/\",\"https:\\\/\\\/www.instagram.com\\\/saporinostri.it\\\/\"]}]}<\/script>\n<meta property=\"product:brand\" content=\"Emili Teglie\" \/>\n<meta property=\"product:price:amount\" content=\"10.95\" \/>\n<meta property=\"product:price:currency\" content=\"EUR\" \/>\n<meta property=\"og:availability\" content=\"out of stock\" \/>\n<meta property=\"product:availability\" content=\"out of stock\" \/>\n<meta property=\"product:retailer_item_id\" content=\"teglia-blu-40x20\" \/>\n<meta property=\"product:condition\" content=\"new\" \/>\n<!-- \/ Yoast SEO Premium plugin. -->","yoast_head_json":{"title":"Blaue Eisen-Pizzapfanne 40x20cm Emili Teglie - Sapori Our","description":"Blaue Pizzapfanne aus Eisen 40x20 cm Emili Teglie, kaufen Sie jetzt die besten Pizzapfannen auf Sapori Our","robots":{"index":"index","follow":"follow","max-snippet":"max-snippet:-1","max-image-preview":"max-image-preview:large","max-video-preview":"max-video-preview:-1"},"canonical":"https:\/\/www.saporinostri.it\/de\/teglia-per-pizza-in-ferro-blu-40x20cm-emili-teglie\/","og_locale":"de_DE","og_type":"article","og_title":"Teglia per Pizza in Ferro Blu 40x20cm Emili Teglie","og_description":"Teglia per pizza in ferro blu 40x20 cm Emili Teglie, acquistala subito le migliori teglie per pizza su Sapori Nostri","og_url":"https:\/\/www.saporinostri.it\/de\/teglia-per-pizza-in-ferro-blu-40x20cm-emili-teglie\/","og_site_name":"Sapori Nostri","article_publisher":"https:\/\/www.facebook.com\/saporinostri.it\/","article_modified_time":"2024-11-05T18:39:37+00:00","og_image":[{"width":1100,"height":1100,"url":"https:\/\/www.saporinostri.it\/wp-content\/uploads\/2022\/03\/teglia-in-ferro-blu-40x20x2-emili-teglie-front.jpg","type":"image\/jpeg"}],"twitter_card":"summary_large_image","twitter_misc":{"Preis":"&euro;10,95","Verf\u00fcgbarkeit":"ausverkauft"},"schema":{"@context":"https:\/\/schema.org","@graph":[{"@type":"WebPage","@id":"https:\/\/www.saporinostri.it\/teglia-per-pizza-in-ferro-blu-40x20cm-emili-teglie\/","url":"https:\/\/www.saporinostri.it\/teglia-per-pizza-in-ferro-blu-40x20cm-emili-teglie\/","name":"Blaue Eisen-Pizzapfanne 40x20cm Emili Teglie - Sapori Our","isPartOf":{"@id":"https:\/\/www.saporinostri.it\/#website"},"primaryImageOfPage":{"@id":"https:\/\/www.saporinostri.it\/teglia-per-pizza-in-ferro-blu-40x20cm-emili-teglie\/#primaryimage"},"image":{"@id":"https:\/\/www.saporinostri.it\/teglia-per-pizza-in-ferro-blu-40x20cm-emili-teglie\/#primaryimage"},"thumbnailUrl":"https:\/\/www.saporinostri.it\/wp-content\/uploads\/2022\/03\/teglia-in-ferro-blu-40x20x2-emili-teglie-front.jpg","datePublished":"2022-03-03T10:35:11+00:00","dateModified":"2024-11-05T18:39:37+00:00","description":"Blaue Pizzapfanne aus Eisen 40x20 cm Emili Teglie, kaufen Sie jetzt die besten Pizzapfannen auf Sapori Our","breadcrumb":{"@id":"https:\/\/www.saporinostri.it\/teglia-per-pizza-in-ferro-blu-40x20cm-emili-teglie\/#breadcrumb"},"inLanguage":"de","potentialAction":[{"@type":"ReadAction","target":["https:\/\/www.saporinostri.it\/teglia-per-pizza-in-ferro-blu-40x20cm-emili-teglie\/"]}]},{"@type":"ImageObject","inLanguage":"de","@id":"https:\/\/www.saporinostri.it\/teglia-per-pizza-in-ferro-blu-40x20cm-emili-teglie\/#primaryimage","url":"https:\/\/www.saporinostri.it\/wp-content\/uploads\/2022\/03\/teglia-in-ferro-blu-40x20x2-emili-teglie-front.jpg","contentUrl":"https:\/\/www.saporinostri.it\/wp-content\/uploads\/2022\/03\/teglia-in-ferro-blu-40x20x2-emili-teglie-front.jpg","width":1100,"height":1100,"caption":"Teglia per Pizza in Lamiera Blu 40x20cm Emili Teglie"},{"@type":"BreadcrumbList","@id":"https:\/\/www.saporinostri.it\/teglia-per-pizza-in-ferro-blu-40x20cm-emili-teglie\/#breadcrumb","itemListElement":[{"@type":"ListItem","position":1,"name":"Home","item":"https:\/\/www.saporinostri.it\/"},{"@type":"ListItem","position":2,"name":"Shop","item":"https:\/\/www.saporinostri.it\/fr\/shop\/"},{"@type":"ListItem","position":3,"name":"Teglia per Pizza in Ferro Blu 40x20cm Emili Teglie"}]},{"@type":"WebSite","@id":"https:\/\/www.saporinostri.it\/#website","url":"https:\/\/www.saporinostri.it\/","name":"Sapori Nostri","description":"","publisher":{"@id":"https:\/\/www.saporinostri.it\/#organization"},"potentialAction":[{"@type":"SearchAction","target":{"@type":"EntryPoint","urlTemplate":"https:\/\/www.saporinostri.it\/?s={search_term_string}"},"query-input":{"@type":"PropertyValueSpecification","valueRequired":true,"valueName":"search_term_string"}}],"inLanguage":"de"},{"@type":"Organization","@id":"https:\/\/www.saporinostri.it\/#organization","name":"Sapori Nostri","url":"https:\/\/www.saporinostri.it\/","logo":{"@type":"ImageObject","inLanguage":"de","@id":"https:\/\/www.saporinostri.it\/#\/schema\/logo\/image\/","url":"https:\/\/www.saporinostri.it\/wp-content\/uploads\/2020\/05\/logo-retina.png","contentUrl":"https:\/\/www.saporinostri.it\/wp-content\/uploads\/2020\/05\/logo-retina.png","width":500,"height":109,"caption":"Sapori Nostri"},"image":{"@id":"https:\/\/www.saporinostri.it\/#\/schema\/logo\/image\/"},"sameAs":["https:\/\/www.facebook.com\/saporinostri.it\/","https:\/\/www.instagram.com\/saporinostri.it\/"]}]},"product_brand":"Emili Teglie","product_price_amount":"10.95","product_price_currency":"EUR","og_availability":"out of stock","product_availability":"out of stock","product_retailer_item_id":"teglia-blu-40x20","product_condition":"new"},"jetpack_sharing_enabled":true,"brands":[{"id":419,"name":"Emili Teglie","slug":"emili-teglie"}],"_links":{"self":[{"href":"https:\/\/www.saporinostri.it\/de\/wp-json\/wp\/v2\/product\/18043","targetHints":{"allow":["GET"]}}],"collection":[{"href":"https:\/\/www.saporinostri.it\/de\/wp-json\/wp\/v2\/product"}],"about":[{"href":"https:\/\/www.saporinostri.it\/de\/wp-json\/wp\/v2\/types\/product"}],"replies":[{"embeddable":true,"href":"https:\/\/www.saporinostri.it\/de\/wp-json\/wp\/v2\/comments?post=18043"}],"wp:featuredmedia":[{"embeddable":true,"href":"https:\/\/www.saporinostri.it\/de\/wp-json\/wp\/v2\/media\/18045"}],"wp:attachment":[{"href":"https:\/\/www.saporinostri.it\/de\/wp-json\/wp\/v2\/media?parent=18043"}],"wp:term":[{"taxonomy":"pwb-brand","embeddable":true,"href":"https:\/\/www.saporinostri.it\/de\/wp-json\/wp\/v2\/pwb-brand?post=18043"},{"taxonomy":"product_brand","embeddable":true,"href":"https:\/\/www.saporinostri.it\/de\/wp-json\/wp\/v2\/product_brand?post=18043"},{"taxonomy":"product_cat","embeddable":true,"href":"https:\/\/www.saporinostri.it\/de\/wp-json\/wp\/v2\/product_cat?post=18043"},{"taxonomy":"product_tag","embeddable":true,"href":"https:\/\/www.saporinostri.it\/de\/wp-json\/wp\/v2\/product_tag?post=18043"}],"curies":[{"name":"wp","href":"https:\/\/api.w.org\/{rel}","templated":true}]}}