{"id":20542,"date":"2022-09-21T09:41:20","date_gmt":"2022-09-21T07:41:20","guid":{"rendered":"https:\/\/woocommerce-587295-4567585.cloudwaysapps.com\/?post_type=product&#038;p=20542"},"modified":"2025-03-24T07:38:48","modified_gmt":"2025-03-24T06:38:48","slug":"teglia-per-pizza-in-ferro-blu-svasata-40x30x3cm-pentalux","status":"publish","type":"product","link":"https:\/\/www.saporinostri.it\/de\/teglia-per-pizza-in-ferro-blu-svasata-40x30x3cm-pentalux\/","title":{"rendered":"Ausgestelltes blaues Eisen-Pizzablech 40x30x3cm Pentalux"},"content":{"rendered":"<p><a href=\"https:\/\/www.saporinostri.it\/de\/produttore\/pentalux\/\"><strong>Pentalux<\/strong><\/a> bietet die <strong>beste Pizzapfannen, <\/strong>professionelle Focaccia und Desserts. Der drin<strong> blaues Eisen<\/strong>, Metall, das sich besser als andere zum Garen dieser Lebensmittel eignet, da es langsam und konstant W\u00e4rme abgibt und so f\u00fcr perfektes Garen, weiche, aber knusprige Pizza darunter und ohne Verbrennungen sorgt.<\/p>\n<p>Die Pizzapfanne <strong>Pentalux<\/strong>\u00a0es ist nicht antihaftbeschichtet und ohne eine entsprechende Vorbehandlung w\u00e4re es schwierig, etwas herauszunehmen, ohne dass die Gefahr besteht, dass es am Pfannenboden selbst kleben bleibt.<\/p>\n<p>F\u00fcr die blaue Folienpfanne von Pentalux ist es notwendig, vor der Verwendung den Vorgang \u201eEinbrennen\u201c durchzuf\u00fchren. Sie k\u00f6nnen den Ratschl\u00e4gen folgen, die wir dem Paket beilegen, um es zuzubereiten, oder in den verschiedenen Online-Gruppen, die sich mit Pizza in der r\u00f6mischen Pfanne befassen, oder erfahrenen Pizzab\u00e4ckern nach Informationen fragen.<\/p>\n<ul>\n<li>Halten Sie die Pfanne von Feuchtigkeit fern.<\/li>\n<li><strong>NICHT<\/strong>\u00a0waschen\u00a0<strong>NOCH NIE<\/strong>\u00a0die Pfanne mit Wasser und\/oder Seife, nicht einmal um das aufgespr\u00fchte Vaseline-\u00d6l zu entfernen, um es zu sch\u00fctzen.<\/li>\n<li>Verwenden Sie saugf\u00e4higes Papier oder Baumwolle, um es nach Gebrauch zu reinigen.<\/li>\n<li>Bevor Sie die Pfanne wegstellen, empfehlen wir, die gesamte Innen- und Au\u00dfenfl\u00e4che leicht mit \u00d6l zu bestreichen.<\/li>\n<li>Verwenden Sie keine Metallutensilien, die mit der Pfanne in Ber\u00fchrung kommen.<\/li>\n<\/ul>","protected":false},"excerpt":{"rendered":"<p><strong>Pentalux ausgestellte Pizzapfanne aus blauem Eisen<\/strong>, eines der besten blauen Tabletts f\u00fcr den professionellen und privaten Gebrauch. Hervorragend zum Backen von Pizzen, Focaccias und Desserts geeignet, Eisen ist ein Metall, das sich besser als andere zum Kochen dieser Lebensmittel eignet, da es langsam und konstant W\u00e4rme abgibt und so f\u00fcr ein perfektes Garen, eine weiche und knusprige Pizza ohne Anbrennen sorgt.<\/p>\n<p><strong>Pfanne, die vor der Verwendung dieser Pizzapfanne eine &quot;<a href=\"https:\/\/www.saporinostri.it\/de\/teglie-in-ferro-blu-bruciatura-cura-e-manutenzione\/\" target=\"_blank\" rel=\"noopener\">brennen<\/a>&quot;.<\/strong><\/p>\n<p><span style=\"font-size: 0.95em;\">Anleitung zur Durchf\u00fchrung der <a href=\"https:\/\/www.saporinostri.it\/de\/teglie-in-ferro-blu-bruciatura-cura-e-manutenzione\/\" target=\"_blank\" rel=\"noopener\">brennen<\/a> wird zusammen mit dem Tablett im Papierformat im Paket enthalten sein.<\/span><\/p>\n<p>Ma\u00dfe: 40 x 30 x 3 cm (ausgestellt ohne Diagonalen)<\/p>","protected":false},"featured_media":20543,"comment_status":"open","ping_status":"closed","template":"","meta":{"_acf_changed":false,"inline_featured_image":false,"wprm-recipe-roundup-name":"","wprm-recipe-roundup-description":"","_monsterinsights_skip_tracking":false,"_monsterinsights_sitenote_active":false,"_monsterinsights_sitenote_note":"","_monsterinsights_sitenote_category":0},"pwb-brand":[643],"product_brand":[],"product_cat":[149,145],"product_tag":[],"class_list":{"0":"post-20542","1":"product","2":"type-product","3":"status-publish","4":"has-post-thumbnail","6":"pwb-brand-pentalux","7":"product_cat-altro","8":"product_cat-utensili-cucina","10":"first","11":"outofstock","12":"sale","13":"taxable","14":"shipping-taxable","15":"purchasable","16":"product-type-simple"},"acf":[],"yoast_head":"<!-- This site is optimized with the Yoast SEO Premium plugin v23.7 (Yoast SEO v27.3) - https:\/\/yoast.com\/product\/yoast-seo-premium-wordpress\/ -->\n<title>Teglia per Pizza in Ferro Blu Svasata 40x30x3cm Pentalux - Sapori Nostri<\/title>\n<meta name=\"description\" content=\"Teglia per pizza in ferro blu professionale 40x30x3cm Pentalux, acquistala subito le migliori teglie per pizza su Sapori Nostri\" \/>\n<meta name=\"robots\" content=\"index, follow, max-snippet:-1, max-image-preview:large, max-video-preview:-1\" \/>\n<link rel=\"canonical\" href=\"https:\/\/www.saporinostri.it\/de\/teglia-per-pizza-in-ferro-blu-svasata-40x30x3cm-pentalux\/\" \/>\n<meta property=\"og:locale\" content=\"de_DE\" \/>\n<meta property=\"og:type\" content=\"article\" \/>\n<meta property=\"og:title\" content=\"Teglia per Pizza in Ferro Blu Svasata 40x30x3cm Pentalux\" \/>\n<meta property=\"og:description\" content=\"Teglia per pizza in ferro blu professionale 40x30x3cm Pentalux, acquistala subito le migliori teglie per pizza su Sapori Nostri\" \/>\n<meta property=\"og:url\" content=\"https:\/\/www.saporinostri.it\/de\/teglia-per-pizza-in-ferro-blu-svasata-40x30x3cm-pentalux\/\" \/>\n<meta property=\"og:site_name\" content=\"Sapori Nostri\" \/>\n<meta property=\"article:publisher\" content=\"https:\/\/www.facebook.com\/saporinostri.it\/\" \/>\n<meta property=\"article:modified_time\" content=\"2025-03-24T06:38:48+00:00\" \/>\n<meta property=\"og:image\" content=\"https:\/\/www.saporinostri.it\/wp-content\/uploads\/2022\/09\/teglia-svasata-ferro-blu-cm-40x30-pentalux.jpg\" \/>\n\t<meta property=\"og:image:width\" content=\"1500\" \/>\n\t<meta property=\"og:image:height\" content=\"1500\" \/>\n\t<meta property=\"og:image:type\" content=\"image\/jpeg\" \/>\n<meta name=\"twitter:card\" content=\"summary_large_image\" \/>\n<meta name=\"twitter:label1\" content=\"Preis\" \/>\n\t<meta name=\"twitter:data1\" content=\"&euro;13,90\" \/>\n\t<meta name=\"twitter:label2\" content=\"Verf\u00fcgbarkeit\" \/>\n\t<meta name=\"twitter:data2\" content=\"ausverkauft\" \/>\n<script type=\"application\/ld+json\" class=\"yoast-schema-graph\">{\"@context\":\"https:\\\/\\\/schema.org\",\"@graph\":[{\"@type\":\"WebPage\",\"@id\":\"https:\\\/\\\/www.saporinostri.it\\\/teglia-per-pizza-in-ferro-blu-svasata-40x30x3cm-pentalux\\\/\",\"url\":\"https:\\\/\\\/www.saporinostri.it\\\/teglia-per-pizza-in-ferro-blu-svasata-40x30x3cm-pentalux\\\/\",\"name\":\"Teglia per Pizza in Ferro Blu Svasata 40x30x3cm Pentalux - Sapori Nostri\",\"isPartOf\":{\"@id\":\"https:\\\/\\\/www.saporinostri.it\\\/#website\"},\"primaryImageOfPage\":{\"@id\":\"https:\\\/\\\/www.saporinostri.it\\\/teglia-per-pizza-in-ferro-blu-svasata-40x30x3cm-pentalux\\\/#primaryimage\"},\"image\":{\"@id\":\"https:\\\/\\\/www.saporinostri.it\\\/teglia-per-pizza-in-ferro-blu-svasata-40x30x3cm-pentalux\\\/#primaryimage\"},\"thumbnailUrl\":\"https:\\\/\\\/www.saporinostri.it\\\/wp-content\\\/uploads\\\/2022\\\/09\\\/teglia-svasata-ferro-blu-cm-40x30-pentalux.jpg\",\"datePublished\":\"2022-09-21T07:41:20+00:00\",\"dateModified\":\"2025-03-24T06:38:48+00:00\",\"description\":\"Teglia per pizza in ferro blu professionale 40x30x3cm Pentalux, acquistala subito le migliori teglie per pizza su Sapori Nostri\",\"breadcrumb\":{\"@id\":\"https:\\\/\\\/www.saporinostri.it\\\/teglia-per-pizza-in-ferro-blu-svasata-40x30x3cm-pentalux\\\/#breadcrumb\"},\"inLanguage\":\"de\",\"potentialAction\":[{\"@type\":\"ReadAction\",\"target\":[\"https:\\\/\\\/www.saporinostri.it\\\/teglia-per-pizza-in-ferro-blu-svasata-40x30x3cm-pentalux\\\/\"]}]},{\"@type\":\"ImageObject\",\"inLanguage\":\"de\",\"@id\":\"https:\\\/\\\/www.saporinostri.it\\\/teglia-per-pizza-in-ferro-blu-svasata-40x30x3cm-pentalux\\\/#primaryimage\",\"url\":\"https:\\\/\\\/www.saporinostri.it\\\/wp-content\\\/uploads\\\/2022\\\/09\\\/teglia-svasata-ferro-blu-cm-40x30-pentalux.jpg\",\"contentUrl\":\"https:\\\/\\\/www.saporinostri.it\\\/wp-content\\\/uploads\\\/2022\\\/09\\\/teglia-svasata-ferro-blu-cm-40x30-pentalux.jpg\",\"width\":1500,\"height\":1500,\"caption\":\"Teglia per Pizza in Ferro Blu Svasata 40x30x3cm Pentalux\"},{\"@type\":\"BreadcrumbList\",\"@id\":\"https:\\\/\\\/www.saporinostri.it\\\/teglia-per-pizza-in-ferro-blu-svasata-40x30x3cm-pentalux\\\/#breadcrumb\",\"itemListElement\":[{\"@type\":\"ListItem\",\"position\":1,\"name\":\"Home\",\"item\":\"https:\\\/\\\/www.saporinostri.it\\\/\"},{\"@type\":\"ListItem\",\"position\":2,\"name\":\"Shop\",\"item\":\"https:\\\/\\\/www.saporinostri.it\\\/fr\\\/shop\\\/\"},{\"@type\":\"ListItem\",\"position\":3,\"name\":\"Teglia per Pizza in Ferro Blu Svasata 40x30x3cm Pentalux\"}]},{\"@type\":\"WebSite\",\"@id\":\"https:\\\/\\\/www.saporinostri.it\\\/#website\",\"url\":\"https:\\\/\\\/www.saporinostri.it\\\/\",\"name\":\"Sapori Nostri\",\"description\":\"\",\"publisher\":{\"@id\":\"https:\\\/\\\/www.saporinostri.it\\\/#organization\"},\"potentialAction\":[{\"@type\":\"SearchAction\",\"target\":{\"@type\":\"EntryPoint\",\"urlTemplate\":\"https:\\\/\\\/www.saporinostri.it\\\/?s={search_term_string}\"},\"query-input\":{\"@type\":\"PropertyValueSpecification\",\"valueRequired\":true,\"valueName\":\"search_term_string\"}}],\"inLanguage\":\"de\"},{\"@type\":\"Organization\",\"@id\":\"https:\\\/\\\/www.saporinostri.it\\\/#organization\",\"name\":\"Sapori Nostri\",\"url\":\"https:\\\/\\\/www.saporinostri.it\\\/\",\"logo\":{\"@type\":\"ImageObject\",\"inLanguage\":\"de\",\"@id\":\"https:\\\/\\\/www.saporinostri.it\\\/#\\\/schema\\\/logo\\\/image\\\/\",\"url\":\"https:\\\/\\\/www.saporinostri.it\\\/wp-content\\\/uploads\\\/2020\\\/05\\\/logo-retina.png\",\"contentUrl\":\"https:\\\/\\\/www.saporinostri.it\\\/wp-content\\\/uploads\\\/2020\\\/05\\\/logo-retina.png\",\"width\":500,\"height\":109,\"caption\":\"Sapori Nostri\"},\"image\":{\"@id\":\"https:\\\/\\\/www.saporinostri.it\\\/#\\\/schema\\\/logo\\\/image\\\/\"},\"sameAs\":[\"https:\\\/\\\/www.facebook.com\\\/saporinostri.it\\\/\",\"https:\\\/\\\/www.instagram.com\\\/saporinostri.it\\\/\"]}]}<\/script>\n<meta property=\"product:brand\" content=\"Pentalux\" \/>\n<meta property=\"product:price:amount\" content=\"13.90\" \/>\n<meta property=\"product:price:currency\" content=\"EUR\" \/>\n<meta property=\"og:availability\" content=\"out of stock\" \/>\n<meta property=\"product:availability\" content=\"out of stock\" \/>\n<meta property=\"product:retailer_item_id\" content=\"8019139700233\" \/>\n<meta property=\"product:condition\" content=\"new\" \/>\n<!-- \/ Yoast SEO Premium plugin. -->","yoast_head_json":{"title":"Ausgestelltes blaues Eisen-Pizzablech 40 x 30 x 3 cm Pentalux - Sapori Nostri","description":"Professionelle blaue Eisen-Pizzapfanne 40x30x3cm Pentalux, kaufen Sie jetzt die besten Pizzapfannen bei Sapori Nostri","robots":{"index":"index","follow":"follow","max-snippet":"max-snippet:-1","max-image-preview":"max-image-preview:large","max-video-preview":"max-video-preview:-1"},"canonical":"https:\/\/www.saporinostri.it\/de\/teglia-per-pizza-in-ferro-blu-svasata-40x30x3cm-pentalux\/","og_locale":"de_DE","og_type":"article","og_title":"Teglia per Pizza in Ferro Blu Svasata 40x30x3cm Pentalux","og_description":"Teglia per pizza in ferro blu professionale 40x30x3cm Pentalux, acquistala subito le migliori teglie per pizza su Sapori Nostri","og_url":"https:\/\/www.saporinostri.it\/de\/teglia-per-pizza-in-ferro-blu-svasata-40x30x3cm-pentalux\/","og_site_name":"Sapori Nostri","article_publisher":"https:\/\/www.facebook.com\/saporinostri.it\/","article_modified_time":"2025-03-24T06:38:48+00:00","og_image":[{"width":1500,"height":1500,"url":"https:\/\/www.saporinostri.it\/wp-content\/uploads\/2022\/09\/teglia-svasata-ferro-blu-cm-40x30-pentalux.jpg","type":"image\/jpeg"}],"twitter_card":"summary_large_image","twitter_misc":{"Preis":"&euro;13,90","Verf\u00fcgbarkeit":"ausverkauft"},"schema":{"@context":"https:\/\/schema.org","@graph":[{"@type":"WebPage","@id":"https:\/\/www.saporinostri.it\/teglia-per-pizza-in-ferro-blu-svasata-40x30x3cm-pentalux\/","url":"https:\/\/www.saporinostri.it\/teglia-per-pizza-in-ferro-blu-svasata-40x30x3cm-pentalux\/","name":"Ausgestelltes blaues Eisen-Pizzablech 40 x 30 x 3 cm Pentalux - Sapori Nostri","isPartOf":{"@id":"https:\/\/www.saporinostri.it\/#website"},"primaryImageOfPage":{"@id":"https:\/\/www.saporinostri.it\/teglia-per-pizza-in-ferro-blu-svasata-40x30x3cm-pentalux\/#primaryimage"},"image":{"@id":"https:\/\/www.saporinostri.it\/teglia-per-pizza-in-ferro-blu-svasata-40x30x3cm-pentalux\/#primaryimage"},"thumbnailUrl":"https:\/\/www.saporinostri.it\/wp-content\/uploads\/2022\/09\/teglia-svasata-ferro-blu-cm-40x30-pentalux.jpg","datePublished":"2022-09-21T07:41:20+00:00","dateModified":"2025-03-24T06:38:48+00:00","description":"Professionelle blaue Eisen-Pizzapfanne 40x30x3cm Pentalux, kaufen Sie jetzt die besten Pizzapfannen bei Sapori Nostri","breadcrumb":{"@id":"https:\/\/www.saporinostri.it\/teglia-per-pizza-in-ferro-blu-svasata-40x30x3cm-pentalux\/#breadcrumb"},"inLanguage":"de","potentialAction":[{"@type":"ReadAction","target":["https:\/\/www.saporinostri.it\/teglia-per-pizza-in-ferro-blu-svasata-40x30x3cm-pentalux\/"]}]},{"@type":"ImageObject","inLanguage":"de","@id":"https:\/\/www.saporinostri.it\/teglia-per-pizza-in-ferro-blu-svasata-40x30x3cm-pentalux\/#primaryimage","url":"https:\/\/www.saporinostri.it\/wp-content\/uploads\/2022\/09\/teglia-svasata-ferro-blu-cm-40x30-pentalux.jpg","contentUrl":"https:\/\/www.saporinostri.it\/wp-content\/uploads\/2022\/09\/teglia-svasata-ferro-blu-cm-40x30-pentalux.jpg","width":1500,"height":1500,"caption":"Teglia per Pizza in Ferro Blu Svasata 40x30x3cm Pentalux"},{"@type":"BreadcrumbList","@id":"https:\/\/www.saporinostri.it\/teglia-per-pizza-in-ferro-blu-svasata-40x30x3cm-pentalux\/#breadcrumb","itemListElement":[{"@type":"ListItem","position":1,"name":"Home","item":"https:\/\/www.saporinostri.it\/"},{"@type":"ListItem","position":2,"name":"Shop","item":"https:\/\/www.saporinostri.it\/fr\/shop\/"},{"@type":"ListItem","position":3,"name":"Teglia per Pizza in Ferro Blu Svasata 40x30x3cm Pentalux"}]},{"@type":"WebSite","@id":"https:\/\/www.saporinostri.it\/#website","url":"https:\/\/www.saporinostri.it\/","name":"Sapori Nostri","description":"","publisher":{"@id":"https:\/\/www.saporinostri.it\/#organization"},"potentialAction":[{"@type":"SearchAction","target":{"@type":"EntryPoint","urlTemplate":"https:\/\/www.saporinostri.it\/?s={search_term_string}"},"query-input":{"@type":"PropertyValueSpecification","valueRequired":true,"valueName":"search_term_string"}}],"inLanguage":"de"},{"@type":"Organization","@id":"https:\/\/www.saporinostri.it\/#organization","name":"Sapori Nostri","url":"https:\/\/www.saporinostri.it\/","logo":{"@type":"ImageObject","inLanguage":"de","@id":"https:\/\/www.saporinostri.it\/#\/schema\/logo\/image\/","url":"https:\/\/www.saporinostri.it\/wp-content\/uploads\/2020\/05\/logo-retina.png","contentUrl":"https:\/\/www.saporinostri.it\/wp-content\/uploads\/2020\/05\/logo-retina.png","width":500,"height":109,"caption":"Sapori Nostri"},"image":{"@id":"https:\/\/www.saporinostri.it\/#\/schema\/logo\/image\/"},"sameAs":["https:\/\/www.facebook.com\/saporinostri.it\/","https:\/\/www.instagram.com\/saporinostri.it\/"]}]},"product_brand":"Pentalux","product_price_amount":"13.90","product_price_currency":"EUR","og_availability":"out of stock","product_availability":"out of stock","product_retailer_item_id":"8019139700233","product_condition":"new"},"jetpack_sharing_enabled":true,"brands":[{"id":643,"name":"Pentalux","slug":"pentalux"}],"_links":{"self":[{"href":"https:\/\/www.saporinostri.it\/de\/wp-json\/wp\/v2\/product\/20542","targetHints":{"allow":["GET"]}}],"collection":[{"href":"https:\/\/www.saporinostri.it\/de\/wp-json\/wp\/v2\/product"}],"about":[{"href":"https:\/\/www.saporinostri.it\/de\/wp-json\/wp\/v2\/types\/product"}],"replies":[{"embeddable":true,"href":"https:\/\/www.saporinostri.it\/de\/wp-json\/wp\/v2\/comments?post=20542"}],"wp:featuredmedia":[{"embeddable":true,"href":"https:\/\/www.saporinostri.it\/de\/wp-json\/wp\/v2\/media\/20543"}],"wp:attachment":[{"href":"https:\/\/www.saporinostri.it\/de\/wp-json\/wp\/v2\/media?parent=20542"}],"wp:term":[{"taxonomy":"pwb-brand","embeddable":true,"href":"https:\/\/www.saporinostri.it\/de\/wp-json\/wp\/v2\/pwb-brand?post=20542"},{"taxonomy":"product_brand","embeddable":true,"href":"https:\/\/www.saporinostri.it\/de\/wp-json\/wp\/v2\/product_brand?post=20542"},{"taxonomy":"product_cat","embeddable":true,"href":"https:\/\/www.saporinostri.it\/de\/wp-json\/wp\/v2\/product_cat?post=20542"},{"taxonomy":"product_tag","embeddable":true,"href":"https:\/\/www.saporinostri.it\/de\/wp-json\/wp\/v2\/product_tag?post=20542"}],"curies":[{"name":"wp","href":"https:\/\/api.w.org\/{rel}","templated":true}]}}