{"id":2143,"date":"2020-05-09T16:24:34","date_gmt":"2020-05-09T14:24:34","guid":{"rendered":"http:\/\/172.105.66.148\/?post_type=product&#038;p=2143"},"modified":"2026-04-08T17:06:09","modified_gmt":"2026-04-08T15:06:09","slug":"farina-classica-caputo-1-kg","status":"publish","type":"product","link":"https:\/\/www.saporinostri.it\/de\/farina-classica-caputo-1-kg\/","title":{"rendered":"Double Zero Classic Mehl Caputo 1 Kg"},"content":{"rendered":"<div class=\"ap-wrapper\">\n<div class=\"ap-col f-2 n-b\"><p>Dort <strong>Klassisches Caputo-Mehl<\/strong> Es wird mit geringer Extraktion hergestellt, wodurch die Weizenproteine erhalten bleiben und weiche, leicht zu verarbeitende Teige gew\u00e4hrleistet werden. <a href=\"https:\/\/www.saporinostri.it\/de\/produttore\/mulino-caputo\/\">Mulino Caputo<\/a> Dieses Mehl wird f\u00fcr Rezepte mit kurzer Gehzeit empfohlen. Es eignet sich ideal f\u00fcr leichtes Brot mit weicher, wei\u00dfer Krume, Focaccia und Desserts und ist auch f\u00fcr einfache, selbstgemachte Pizzen geeignet, jedoch nicht f\u00fcr stark hydratisierte Teige oder professionelle neapolitanische Pizza.<\/p>\n<p style=\"font-size: 0.9em\"><strong>Zutaten:<\/strong> Weichweizenmehl Typ \u201c00\u201d<\/p>\n<p style=\"font-size: 0.9em\"><strong>Ohne Zusatz von Zusatzstoffen und Enzymen<\/strong><br \/>\n<strong>Enth\u00e4lt <u>Gluten<\/u>. Es kann Spuren von enthalten <u>Soja<\/u><\/strong><\/p>\n<p style=\"font-size: 0.9em\"><strong>An einem kalten und trockenen Ort aufbewahren<\/strong><\/p>\n<\/div>\n<div class=\"ap-col f-1\">\n<div class=\"nutrition-facts-heading\"><b>Durchschnittliche N\u00e4hrwerte<\/b><\/div>\n<div class=\"nutrition-facts-content\">\n<table>\n<thead>\n<tr>\n<td><\/td>\n<td><b>100g<\/b><\/td>\n<td><b>%AR * \/ 100g<\/b><\/td>\n<\/tr>\n<\/thead>\n<tbody>\n<tr>\n<td><b>Energiewert<\/b><\/td>\n<td>1.481 kj<br \/>\n349 kcal<\/td>\n<td>18%<br \/>\n17%<\/td>\n<\/tr>\n<tr>\n<td><b>Fett<\/b><br \/>\nvon welchem: <b>ges\u00e4ttigte Fetts\u00e4uren<\/b><\/td>\n<td>1,0 g<br \/>\n0,1 g<\/td>\n<td>1%<br \/>\n1%<\/td>\n<\/tr>\n<tr>\n<td><b>Kohlenhydrate<\/b><br \/>\nvon welchem: <b>Zucker<\/b><\/td>\n<td>73 g<br \/>\n1 g<\/td>\n<td>28%<br \/>\n1%<\/td>\n<\/tr>\n<tr>\n<td><b>Fasern<\/b><\/td>\n<td>2,5 g<\/td>\n<td><\/td>\n<\/tr>\n<tr>\n<td><b>Proteine<\/b><\/td>\n<td>12 g<\/td>\n<td>23%<\/td>\n<\/tr>\n<tr>\n<td><b>Salz-<\/b><\/td>\n<td>0,017 g<\/td>\n<td>0%<\/td>\n<\/tr>\n<\/tbody>\n<\/table>\n<\/div>\n<\/div>\n<\/div>\n<div class=\"mini-infobox-wrapper\">\n<p class=\"mini-infobox\"><b>Mehlsorte<\/b><br \/>\n00<\/p>\n<p class=\"mini-infobox\"><b>B\u00e4ckerei<\/b><br \/>\nW 220\/240<\/p>\n<p class=\"mini-infobox\"><b>Proteine<\/b><br \/>\n11.50% <span style=\"font-size: 0.85em;\">\u00b1 0,50%<\/span><\/p>\n<p class=\"mini-infobox\"><b>Elastizit\u00e4t<\/b><br \/>\nP \/ L 0,50 \/ 0,60<\/p>\n<p class=\"mini-infobox\"><b>Sauerteig<\/b><br \/>\nKurz<\/p>\n<\/div>\n<h3 class=\"mt-5\">Die Caputo-M\u00fchle<\/h3>\n<div class=\"mt-3\">\n<p>Seit 1924 ist die\u00a0<strong>Mulino Caputo<\/strong>\u00a0arbeitet den Weizen mit Gro\u00dfz\u00fcgigkeit und Leidenschaft, um Fachleuten und Liebhabern der White Art Caputo Farina von h\u00f6chster Qualit\u00e4t anzubieten, die unter voller Achtung der Rohstoffe und der Tradition hergestellt wird.<\/p>\n<p>Il Molino Caputo produziert eine breite Palette von Mehlen f\u00fcr den privaten und professionellen Gebrauch. Caputo-Mehl wird vor allem von Profis in der Konditorei, Brotherstellung, Pasta und Pizza verwendet, wobei viele Mehlsorten f\u00fcr verschiedene Prozesse bestimmt sind.<\/p>\n<p>Autorit\u00e4t, Spontaneit\u00e4t und Tradition, aus diesen Werten entsteht die wei\u00dfe Kunst von Mulino Caputo, die es dank der Erfahrung von drei Generationen neapolitanischer Meisterm\u00fcller erm\u00f6glicht, sehr hohe Qualit\u00e4tsstandards zu garantieren, um diesen Experten zu gew\u00e4hrleisten Gastronomen und Handwerker des Geschmacks bringen ihre Kreativit\u00e4t am besten zum Ausdruck.<\/p>\n<p>Caputo-Mehl hat die F\u00e4higkeit, die Nat\u00fcrlichkeit und Authentizit\u00e4t von Aromen maximal zu bewahren, aus diesem und aus anderen Gr\u00fcnden wird Molino Caputo auf der ganzen Welt gesch\u00e4tzt und anerkannt.<\/p>\n<\/div>\n\n<h3 class=\"mt-5\">Rezepte mit diesem Produkt<\/h3>\n<div class=\"mt-3\">\t\t<div data-elementor-type=\"page\" data-elementor-id=\"12266\" class=\"elementor elementor-12266\" data-elementor-post-type=\"elementor_library\">\n\t\t\t\t<div class=\"elementor-element elementor-element-b0c3897 e-con-full e-flex e-con e-parent\" data-id=\"b0c3897\" data-element_type=\"container\" data-e-type=\"container\" data-settings=\"{&quot;background_background&quot;:&quot;classic&quot;}\">\n\t\t\t\t<div class=\"elementor-element elementor-element-80bd94a elementor-grid-4 elementor-grid-tablet-2 elementor-grid-mobile-1 elementor-posts--thumbnail-top elementor-posts--show-avatar elementor-card-shadow-yes elementor-posts__hover-gradient elementor-widget elementor-widget-posts\" data-id=\"80bd94a\" data-element_type=\"widget\" data-e-type=\"widget\" data-settings=\"{&quot;cards_columns&quot;:&quot;4&quot;,&quot;cards_row_gap&quot;:{&quot;unit&quot;:&quot;px&quot;,&quot;size&quot;:25,&quot;sizes&quot;:[]},&quot;cards_columns_tablet&quot;:&quot;2&quot;,&quot;cards_columns_mobile&quot;:&quot;1&quot;,&quot;cards_row_gap_tablet&quot;:{&quot;unit&quot;:&quot;px&quot;,&quot;size&quot;:&quot;&quot;,&quot;sizes&quot;:[]},&quot;cards_row_gap_mobile&quot;:{&quot;unit&quot;:&quot;px&quot;,&quot;size&quot;:&quot;&quot;,&quot;sizes&quot;:[]}}\" data-widget_type=\"posts.cards\">\n\t\t\t\t<div class=\"elementor-widget-container\">\n\t\t\t\t\t\t\t<div class=\"elementor-posts-container elementor-posts elementor-posts--skin-cards elementor-grid\" role=\"list\">\n\t\t\t\t<article class=\"elementor-post elementor-grid-item post-12245 post type-post status-publish format-standard has-post-thumbnail hentry category-ricette tag-farina-00 tag-olio-extravergine-di-oliva tag-piadina\" role=\"listitem\">\n\t\t\t<div class=\"elementor-post__card\">\n\t\t\t\t<a class=\"elementor-post__thumbnail__link\" href=\"https:\/\/www.saporinostri.it\/de\/ricetta-piadina-romagnola\/\" tabindex=\"-1\" ><div class=\"elementor-post__thumbnail\"><img fetchpriority=\"high\" decoding=\"async\" width=\"300\" height=\"200\" src=\"https:\/\/www.saporinostri.it\/wp-content\/uploads\/2021\/05\/piadina-300x200.jpg\" class=\"attachment-medium size-medium wp-image-12249\" alt=\"\" srcset=\"https:\/\/www.saporinostri.it\/wp-content\/uploads\/2021\/05\/piadina-300x200.jpg 300w, https:\/\/www.saporinostri.it\/wp-content\/uploads\/2021\/05\/piadina-150x100.jpg 150w, https:\/\/www.saporinostri.it\/wp-content\/uploads\/2021\/05\/piadina-800x534.jpg 800w, https:\/\/www.saporinostri.it\/wp-content\/uploads\/2021\/05\/piadina-768x512.jpg 768w, https:\/\/www.saporinostri.it\/wp-content\/uploads\/2021\/05\/piadina.jpg 1024w\" sizes=\"(max-width: 300px) 100vw, 300px\" \/><\/div><\/a>\n\t\t\t\t<div class=\"elementor-post__badge\">Rezepte<\/div>\n\t\t\t\t<div class=\"elementor-post__avatar\">\n\t\t\t<img alt='Manlio Di Paola' data-src='https:\/\/secure.gravatar.com\/avatar\/34530845b4578c7824463cfbc9dd0215324120596eb5887c61438299c9501cb3?s=128&#038;d=mm&#038;r=g' data-srcset='https:\/\/secure.gravatar.com\/avatar\/34530845b4578c7824463cfbc9dd0215324120596eb5887c61438299c9501cb3?s=256&#038;d=mm&#038;r=g 2x' class='avatar avatar-128 photo lazyload' height='128' width='128' src='data:image\/gif;base64,R0lGODlhAQABAAAAACH5BAEKAAEALAAAAAABAAEAAAICTAEAOw==' style='--smush-placeholder-width: 128px; --smush-placeholder-aspect-ratio: 128\/128;' \/><noscript><img alt='Manlio Di Paola' src='https:\/\/secure.gravatar.com\/avatar\/34530845b4578c7824463cfbc9dd0215324120596eb5887c61438299c9501cb3?s=128&#038;d=mm&#038;r=g' srcset='https:\/\/secure.gravatar.com\/avatar\/34530845b4578c7824463cfbc9dd0215324120596eb5887c61438299c9501cb3?s=256&#038;d=mm&#038;r=g 2x' class='avatar avatar-128 photo' height='128' width='128' \/><\/noscript>\t\t<\/div>\n\t\t\t\t<div class=\"elementor-post__text\">\n\t\t\t\t<h3 class=\"elementor-post__title\">\n\t\t\t<a href=\"https:\/\/www.saporinostri.it\/de\/ricetta-piadina-romagnola\/\" >\n\t\t\t\tPiadina Romagnola Rezept ohne Schmalz\t\t\t<\/a>\n\t\t<\/h3>\n\t\t\t\t<div class=\"elementor-post__excerpt\">\n\t\t\t<p>Es gibt nichts einfacheres und schmackhafteres als eine gute Piadina Romagnola, ein schlechtes Rezept mit alten Urspr\u00fcngen, das geliebt, aber auf der ganzen Welt geliebt und gesch\u00e4tzt wird.<\/p>\n\t\t<\/div>\n\t\t\n\t\t<a class=\"elementor-post__read-more\" href=\"https:\/\/www.saporinostri.it\/de\/ricetta-piadina-romagnola\/\" aria-label=\"Lesen Sie mehr \u00fcber das Piadina Romagnola-Rezept ohne Schmalz\" tabindex=\"-1\" >\n\t\t\tWeiter lesen &quot;\t\t<\/a>\n\n\t\t\t\t<\/div>\n\t\t\t\t\t<\/div>\n\t\t<\/article>\n\t\t\t\t<\/div>\n\t\t\n\t\t\t\t\t\t<\/div>\n\t\t\t\t<\/div>\n\t\t\t\t<\/div>\n\t\t\t\t<\/div>\n\t\t<\/div>","protected":false},"excerpt":{"rendered":"<p><strong>Sauerteig:<\/strong> Kurz<br \/>\n<strong>B\u00e4ckerei:<\/strong> W 220\/240<\/p>\n<ul>\n<li>F\u00fcr Teige mit kurzen Gehzeiten empfiehlt sich das Caputo Classic Mehl.<\/li>\n<li>Ausgezeichnet f\u00fcr ein helles Brot mit weicher und wei\u00dfer Krume.<\/li>\n<\/ul>\n<p><span style=\"font-size: 0.8em;margin-top: 10px\"><b><a href=\"https:\/\/www.saporinostri.it\/sc\/scheda-tecnica-farina-classica-mulino-caputo.pdf\" target=\"_blank\" rel=\"noopener\"><i class=\"fa fa-download\" aria-hidden=\"true\"><\/i> Laden Sie das technische Datenblatt des Caputo Classic Flour-Produkts herunter<\/a><\/b><\/span><\/p>\n<div class=\"scadenza\">Letzter Batch-Ablauf: <b>04.04.2025 L.095<\/b><\/div>","protected":false},"featured_media":17722,"comment_status":"open","ping_status":"closed","template":"","meta":{"_acf_changed":false,"inline_featured_image":false,"wprm-recipe-roundup-name":"","wprm-recipe-roundup-description":"","_monsterinsights_skip_tracking":false,"_monsterinsights_sitenote_active":false,"_monsterinsights_sitenote_note":"","_monsterinsights_sitenote_category":0},"pwb-brand":[110],"product_brand":[],"product_cat":[97],"product_tag":[],"class_list":{"0":"post-2143","1":"product","2":"type-product","3":"status-publish","4":"has-post-thumbnail","6":"pwb-brand-mulino-caputo","7":"product_cat-farine","8":"product_shipping_class-iva-4","10":"first","11":"instock","12":"sale","13":"taxable","14":"shipping-taxable","15":"purchasable","16":"product-type-simple"},"acf":[],"yoast_head":"<!-- This site is optimized with the Yoast SEO Premium plugin v23.7 (Yoast SEO v27.3) - https:\/\/yoast.com\/product\/yoast-seo-premium-wordpress\/ -->\n<title>Farina Doppio Zero Classica Caputo 1 Kg - Sapori Nostri<\/title>\n<meta name=\"description\" content=\"Farina Classica Caputo \u00e8 consigliata per impasti con tempi brevi di lievitazione. Ottima per un pane leggero con mollica morbida e bianca.\" \/>\n<meta name=\"robots\" content=\"index, follow, max-snippet:-1, max-image-preview:large, max-video-preview:-1\" \/>\n<link rel=\"canonical\" href=\"https:\/\/www.saporinostri.it\/de\/farina-classica-caputo-1-kg\/\" \/>\n<meta property=\"og:locale\" content=\"de_DE\" \/>\n<meta property=\"og:type\" content=\"article\" \/>\n<meta property=\"og:title\" content=\"Farina Doppio Zero Classica Caputo 1 Kg\" \/>\n<meta property=\"og:description\" content=\"Farina Classica Caputo \u00e8 consigliata per impasti con tempi brevi di lievitazione. Ottima per un pane leggero con mollica morbida e bianca.\" \/>\n<meta property=\"og:url\" content=\"https:\/\/www.saporinostri.it\/de\/farina-classica-caputo-1-kg\/\" \/>\n<meta property=\"og:site_name\" content=\"Sapori Nostri\" \/>\n<meta property=\"article:publisher\" content=\"https:\/\/www.facebook.com\/saporinostri.it\/\" \/>\n<meta property=\"article:modified_time\" content=\"2026-04-08T15:06:09+00:00\" \/>\n<meta property=\"og:image\" content=\"https:\/\/www.saporinostri.it\/wp-content\/uploads\/2020\/05\/farina-doppio-zero-classica-caputo-1-kg-front.jpg\" \/>\n\t<meta property=\"og:image:width\" content=\"1100\" \/>\n\t<meta property=\"og:image:height\" content=\"1100\" \/>\n\t<meta property=\"og:image:type\" content=\"image\/jpeg\" \/>\n<meta name=\"twitter:card\" content=\"summary_large_image\" \/>\n<meta name=\"twitter:label1\" content=\"Preis\" \/>\n\t<meta name=\"twitter:data1\" content=\"&euro;1,55\" \/>\n\t<meta name=\"twitter:label2\" content=\"Verf\u00fcgbarkeit\" \/>\n\t<meta name=\"twitter:data2\" content=\"Auf Lager\" \/>\n<script type=\"application\/ld+json\" class=\"yoast-schema-graph\">{\"@context\":\"https:\\\/\\\/schema.org\",\"@graph\":[{\"@type\":\"WebPage\",\"@id\":\"https:\\\/\\\/www.saporinostri.it\\\/farina-classica-caputo-1-kg\\\/\",\"url\":\"https:\\\/\\\/www.saporinostri.it\\\/farina-classica-caputo-1-kg\\\/\",\"name\":\"Farina Doppio Zero Classica Caputo 1 Kg - Sapori Nostri\",\"isPartOf\":{\"@id\":\"https:\\\/\\\/www.saporinostri.it\\\/#website\"},\"primaryImageOfPage\":{\"@id\":\"https:\\\/\\\/www.saporinostri.it\\\/farina-classica-caputo-1-kg\\\/#primaryimage\"},\"image\":{\"@id\":\"https:\\\/\\\/www.saporinostri.it\\\/farina-classica-caputo-1-kg\\\/#primaryimage\"},\"thumbnailUrl\":\"https:\\\/\\\/www.saporinostri.it\\\/wp-content\\\/uploads\\\/2020\\\/05\\\/farina-doppio-zero-classica-caputo-1-kg-front.jpg\",\"datePublished\":\"2020-05-09T14:24:34+00:00\",\"dateModified\":\"2026-04-08T15:06:09+00:00\",\"description\":\"Farina Classica Caputo \u00e8 consigliata per impasti con tempi brevi di lievitazione. Ottima per un pane leggero con mollica morbida e bianca.\",\"breadcrumb\":{\"@id\":\"https:\\\/\\\/www.saporinostri.it\\\/farina-classica-caputo-1-kg\\\/#breadcrumb\"},\"inLanguage\":\"de\",\"potentialAction\":[{\"@type\":\"ReadAction\",\"target\":[\"https:\\\/\\\/www.saporinostri.it\\\/farina-classica-caputo-1-kg\\\/\"]}]},{\"@type\":\"ImageObject\",\"inLanguage\":\"de\",\"@id\":\"https:\\\/\\\/www.saporinostri.it\\\/farina-classica-caputo-1-kg\\\/#primaryimage\",\"url\":\"https:\\\/\\\/www.saporinostri.it\\\/wp-content\\\/uploads\\\/2020\\\/05\\\/farina-doppio-zero-classica-caputo-1-kg-front.jpg\",\"contentUrl\":\"https:\\\/\\\/www.saporinostri.it\\\/wp-content\\\/uploads\\\/2020\\\/05\\\/farina-doppio-zero-classica-caputo-1-kg-front.jpg\",\"width\":1100,\"height\":1100,\"caption\":\"Farina Classica Caputo 1 Kg\"},{\"@type\":\"BreadcrumbList\",\"@id\":\"https:\\\/\\\/www.saporinostri.it\\\/farina-classica-caputo-1-kg\\\/#breadcrumb\",\"itemListElement\":[{\"@type\":\"ListItem\",\"position\":1,\"name\":\"Home\",\"item\":\"https:\\\/\\\/www.saporinostri.it\\\/\"},{\"@type\":\"ListItem\",\"position\":2,\"name\":\"Shop\",\"item\":\"https:\\\/\\\/www.saporinostri.it\\\/fr\\\/shop\\\/\"},{\"@type\":\"ListItem\",\"position\":3,\"name\":\"Farina Doppio Zero Classica Caputo 1 Kg\"}]},{\"@type\":\"WebSite\",\"@id\":\"https:\\\/\\\/www.saporinostri.it\\\/#website\",\"url\":\"https:\\\/\\\/www.saporinostri.it\\\/\",\"name\":\"Sapori Nostri\",\"description\":\"\",\"publisher\":{\"@id\":\"https:\\\/\\\/www.saporinostri.it\\\/#organization\"},\"potentialAction\":[{\"@type\":\"SearchAction\",\"target\":{\"@type\":\"EntryPoint\",\"urlTemplate\":\"https:\\\/\\\/www.saporinostri.it\\\/?s={search_term_string}\"},\"query-input\":{\"@type\":\"PropertyValueSpecification\",\"valueRequired\":true,\"valueName\":\"search_term_string\"}}],\"inLanguage\":\"de\"},{\"@type\":\"Organization\",\"@id\":\"https:\\\/\\\/www.saporinostri.it\\\/#organization\",\"name\":\"Sapori Nostri\",\"url\":\"https:\\\/\\\/www.saporinostri.it\\\/\",\"logo\":{\"@type\":\"ImageObject\",\"inLanguage\":\"de\",\"@id\":\"https:\\\/\\\/www.saporinostri.it\\\/#\\\/schema\\\/logo\\\/image\\\/\",\"url\":\"https:\\\/\\\/www.saporinostri.it\\\/wp-content\\\/uploads\\\/2020\\\/05\\\/logo-retina.png\",\"contentUrl\":\"https:\\\/\\\/www.saporinostri.it\\\/wp-content\\\/uploads\\\/2020\\\/05\\\/logo-retina.png\",\"width\":500,\"height\":109,\"caption\":\"Sapori Nostri\"},\"image\":{\"@id\":\"https:\\\/\\\/www.saporinostri.it\\\/#\\\/schema\\\/logo\\\/image\\\/\"},\"sameAs\":[\"https:\\\/\\\/www.facebook.com\\\/saporinostri.it\\\/\",\"https:\\\/\\\/www.instagram.com\\\/saporinostri.it\\\/\"]}]}<\/script>\n<!-- \/ Yoast SEO Premium plugin. -->","yoast_head_json":{"title":"Double Zero Classic Caputo Mehl 1 Kg - Unsere Geschmacksrichtungen","description":"Caputo Classic Mehl wird f\u00fcr Teige mit kurzen Gehzeiten empfohlen. Ausgezeichnet f\u00fcr ein helles Brot mit weicher und wei\u00dfer Krume.","robots":{"index":"index","follow":"follow","max-snippet":"max-snippet:-1","max-image-preview":"max-image-preview:large","max-video-preview":"max-video-preview:-1"},"canonical":"https:\/\/www.saporinostri.it\/de\/farina-classica-caputo-1-kg\/","og_locale":"de_DE","og_type":"article","og_title":"Farina Doppio Zero Classica Caputo 1 Kg","og_description":"Farina Classica Caputo \u00e8 consigliata per impasti con tempi brevi di lievitazione. Ottima per un pane leggero con mollica morbida e bianca.","og_url":"https:\/\/www.saporinostri.it\/de\/farina-classica-caputo-1-kg\/","og_site_name":"Sapori Nostri","article_publisher":"https:\/\/www.facebook.com\/saporinostri.it\/","article_modified_time":"2026-04-08T15:06:09+00:00","og_image":[{"width":1100,"height":1100,"url":"https:\/\/www.saporinostri.it\/wp-content\/uploads\/2020\/05\/farina-doppio-zero-classica-caputo-1-kg-front.jpg","type":"image\/jpeg"}],"twitter_card":"summary_large_image","twitter_misc":{"Preis":"&euro;1,55","Verf\u00fcgbarkeit":"Auf Lager"},"schema":{"@context":"https:\/\/schema.org","@graph":[{"@type":"WebPage","@id":"https:\/\/www.saporinostri.it\/farina-classica-caputo-1-kg\/","url":"https:\/\/www.saporinostri.it\/farina-classica-caputo-1-kg\/","name":"Double Zero Classic Caputo Mehl 1 Kg - Unsere Geschmacksrichtungen","isPartOf":{"@id":"https:\/\/www.saporinostri.it\/#website"},"primaryImageOfPage":{"@id":"https:\/\/www.saporinostri.it\/farina-classica-caputo-1-kg\/#primaryimage"},"image":{"@id":"https:\/\/www.saporinostri.it\/farina-classica-caputo-1-kg\/#primaryimage"},"thumbnailUrl":"https:\/\/www.saporinostri.it\/wp-content\/uploads\/2020\/05\/farina-doppio-zero-classica-caputo-1-kg-front.jpg","datePublished":"2020-05-09T14:24:34+00:00","dateModified":"2026-04-08T15:06:09+00:00","description":"Caputo Classic Mehl wird f\u00fcr Teige mit kurzen Gehzeiten empfohlen. Ausgezeichnet f\u00fcr ein helles Brot mit weicher und wei\u00dfer Krume.","breadcrumb":{"@id":"https:\/\/www.saporinostri.it\/farina-classica-caputo-1-kg\/#breadcrumb"},"inLanguage":"de","potentialAction":[{"@type":"ReadAction","target":["https:\/\/www.saporinostri.it\/farina-classica-caputo-1-kg\/"]}]},{"@type":"ImageObject","inLanguage":"de","@id":"https:\/\/www.saporinostri.it\/farina-classica-caputo-1-kg\/#primaryimage","url":"https:\/\/www.saporinostri.it\/wp-content\/uploads\/2020\/05\/farina-doppio-zero-classica-caputo-1-kg-front.jpg","contentUrl":"https:\/\/www.saporinostri.it\/wp-content\/uploads\/2020\/05\/farina-doppio-zero-classica-caputo-1-kg-front.jpg","width":1100,"height":1100,"caption":"Farina Classica Caputo 1 Kg"},{"@type":"BreadcrumbList","@id":"https:\/\/www.saporinostri.it\/farina-classica-caputo-1-kg\/#breadcrumb","itemListElement":[{"@type":"ListItem","position":1,"name":"Home","item":"https:\/\/www.saporinostri.it\/"},{"@type":"ListItem","position":2,"name":"Shop","item":"https:\/\/www.saporinostri.it\/fr\/shop\/"},{"@type":"ListItem","position":3,"name":"Farina Doppio Zero Classica Caputo 1 Kg"}]},{"@type":"WebSite","@id":"https:\/\/www.saporinostri.it\/#website","url":"https:\/\/www.saporinostri.it\/","name":"Sapori Nostri","description":"","publisher":{"@id":"https:\/\/www.saporinostri.it\/#organization"},"potentialAction":[{"@type":"SearchAction","target":{"@type":"EntryPoint","urlTemplate":"https:\/\/www.saporinostri.it\/?s={search_term_string}"},"query-input":{"@type":"PropertyValueSpecification","valueRequired":true,"valueName":"search_term_string"}}],"inLanguage":"de"},{"@type":"Organization","@id":"https:\/\/www.saporinostri.it\/#organization","name":"Sapori Nostri","url":"https:\/\/www.saporinostri.it\/","logo":{"@type":"ImageObject","inLanguage":"de","@id":"https:\/\/www.saporinostri.it\/#\/schema\/logo\/image\/","url":"https:\/\/www.saporinostri.it\/wp-content\/uploads\/2020\/05\/logo-retina.png","contentUrl":"https:\/\/www.saporinostri.it\/wp-content\/uploads\/2020\/05\/logo-retina.png","width":500,"height":109,"caption":"Sapori Nostri"},"image":{"@id":"https:\/\/www.saporinostri.it\/#\/schema\/logo\/image\/"},"sameAs":["https:\/\/www.facebook.com\/saporinostri.it\/","https:\/\/www.instagram.com\/saporinostri.it\/"]}]}},"jetpack_sharing_enabled":true,"brands":[{"id":110,"name":"Mulino Caputo","slug":"mulino-caputo"}],"_links":{"self":[{"href":"https:\/\/www.saporinostri.it\/de\/wp-json\/wp\/v2\/product\/2143","targetHints":{"allow":["GET"]}}],"collection":[{"href":"https:\/\/www.saporinostri.it\/de\/wp-json\/wp\/v2\/product"}],"about":[{"href":"https:\/\/www.saporinostri.it\/de\/wp-json\/wp\/v2\/types\/product"}],"replies":[{"embeddable":true,"href":"https:\/\/www.saporinostri.it\/de\/wp-json\/wp\/v2\/comments?post=2143"}],"wp:featuredmedia":[{"embeddable":true,"href":"https:\/\/www.saporinostri.it\/de\/wp-json\/wp\/v2\/media\/17722"}],"wp:attachment":[{"href":"https:\/\/www.saporinostri.it\/de\/wp-json\/wp\/v2\/media?parent=2143"}],"wp:term":[{"taxonomy":"pwb-brand","embeddable":true,"href":"https:\/\/www.saporinostri.it\/de\/wp-json\/wp\/v2\/pwb-brand?post=2143"},{"taxonomy":"product_brand","embeddable":true,"href":"https:\/\/www.saporinostri.it\/de\/wp-json\/wp\/v2\/product_brand?post=2143"},{"taxonomy":"product_cat","embeddable":true,"href":"https:\/\/www.saporinostri.it\/de\/wp-json\/wp\/v2\/product_cat?post=2143"},{"taxonomy":"product_tag","embeddable":true,"href":"https:\/\/www.saporinostri.it\/de\/wp-json\/wp\/v2\/product_tag?post=2143"}],"curies":[{"name":"wp","href":"https:\/\/api.w.org\/{rel}","templated":true}]}}