{"id":2162,"date":"2020-05-09T17:53:30","date_gmt":"2020-05-09T15:53:30","guid":{"rendered":"http:\/\/172.105.66.148\/?post_type=product&#038;p=2162"},"modified":"2026-05-01T13:05:42","modified_gmt":"2026-05-01T11:05:42","slug":"farina-nuvola-caputo-1-kg","status":"publish","type":"product","link":"https:\/\/www.saporinostri.it\/de\/farina-nuvola-caputo-1-kg\/","title":{"rendered":"Nuvola Caputo Mehl 1 kg"},"content":{"rendered":"<div class=\"ap-wrapper\">\n<div class=\"ap-col f-2 n-b\"><p>Aus der Forschung und Entwicklung der Caputo Mill entstand was <strong>Wolke<\/strong>: eine sorgf\u00e4ltige Auswahl nat\u00fcrlicher 100%-Rohstoffe ohne Zusatz- oder Konservierungsstoffe, die dank der hohen Fermentationskapazit\u00e4t der K\u00f6rner, die die Teige leicht verdaulich macht, Volumen und Weichheit des Teigs gew\u00e4hrleisten.<\/p>\n<p>Dort <strong>Nuvola Caputo Mehl<\/strong> es ist geeignet f\u00fcr Direktteige bis <strong>18\/24 Stunden G\u00e4rung<\/strong>, sie bekommen <strong>leichte Teige<\/strong> mit <strong>gro\u00dfe Alveolen<\/strong>.<\/p>\n<p><strong>Wolke<\/strong>\u00a0es ist ein Wort, das mit vielen Begriffen verbunden ist: Leichtigkeit, Unf\u00fchlbarkeit, Weichheit, aber vor allem eine zartschmelzende Konsistenz, die sich im Mund aufl\u00f6st, ein bisschen wie Zuckerwatte.<\/p>\n<p>Nuvola ist eine ganz neue Mehllinie, die <strong>Mulino Caputo<\/strong> er widmete sich haupts\u00e4chlich zeitgen\u00f6ssischen Teigen. Die Zeitgenossenschaft in der wei\u00dfen Kunst ist eine echte Denkschule, die darauf abzielt, Folgendes zu erreichen: ausgezeichnete Alveolation, kein Kauen, Leichtigkeit, Schmelze, Verdaulichkeit durch gr\u00f6\u00dfere Hydratation und Verl\u00e4ngerung der Aufgeh- und Reifungszeiten des Teigs.<\/p>\n<p style=\"font-size: 0.9em\"><strong>Zutaten:<\/strong> Weichweizenmehl Typ &quot;0&quot;<\/p>\n<p style=\"font-size: 0.9em\"><strong>Ohne Zusatz von Zusatzstoffen und Enzymen<\/strong><br \/>\n<strong>Enth\u00e4lt <u>Gluten<\/u>. Es kann Spuren von enthalten <u>Soja<\/u><\/strong><\/p>\n<p style=\"font-size: 0.9em\"><strong>An einem kalten und trockenen Ort aufbewahren<\/strong><\/p>\n<\/div>\n<div class=\"ap-col f-1\">\n<div class=\"nutrition-facts-heading\"><b>Durchschnittliche N\u00e4hrwerte<\/b><\/div>\n<div class=\"nutrition-facts-content\">\n<table>\n<thead>\n<tr>\n<td><\/td>\n<td><b>100g<\/b><\/td>\n<td><b>%AR * \/ 100g<\/b><\/td>\n<\/tr>\n<\/thead>\n<tbody>\n<tr>\n<td><b>Energiewert<\/b><\/td>\n<td>1.502 kJ 352 kcal<\/td>\n<td>18%<\/td>\n<\/tr>\n<tr>\n<td><b>Fett<\/b> von welchem: <b>ges\u00e4ttigte Fetts\u00e4uren<\/b><\/td>\n<td>1,0 g 0,2 g<\/td>\n<td>1% 1%<\/td>\n<\/tr>\n<tr>\n<td><b>Kohlenhydrate<\/b> von welchem: <b>Zucker<\/b><\/td>\n<td>72 g 1 g<\/td>\n<td>28% 1%<\/td>\n<\/tr>\n<tr>\n<td><b>Fasern<\/b><\/td>\n<td>3 g<\/td>\n<td><\/td>\n<\/tr>\n<tr>\n<td><b>Proteine<\/b><\/td>\n<td>12,5 g<\/td>\n<td>25%<\/td>\n<\/tr>\n<tr>\n<td><b>Salz-<\/b><\/td>\n<td>0,006 g<\/td>\n<td>0%<\/td>\n<\/tr>\n<\/tbody>\n<\/table>\n<\/div>\n<\/div>\n<\/div>\n<div class=\"mini-infobox-wrapper\">\n<p class=\"mini-infobox\"><b>Mehlsorte<\/b> <span style=\"font-size: 0.85em;\">0<\/span><\/p>\n<p class=\"mini-infobox\"><b>B\u00e4ckerei<\/b> <span style=\"font-size: 0.85em;\">W 260\/280<\/span><\/p>\n<p class=\"mini-infobox\"><b>Proteine<\/b> <span style=\"font-size: 0.85em;\">12,50%<\/span><\/p>\n<p class=\"mini-infobox\"><b>Elastizit\u00e4t<\/b> <span style=\"font-size: 0.85em;\">\u00b1 0,50%<\/span><\/p>\n<p class=\"mini-infobox\"><b>Sauerteig<\/b> <span style=\"font-size: 0.85em;\">18\/24 Stunden<\/span><\/p>\n<\/div>\n<h3 class=\"mt-5\">Die Caputo-M\u00fchle<\/h3>\n<div class=\"mt-3\">\n<p>Seit 1924 ist die\u00a0<strong>Mulino Caputo<\/strong>\u00a0arbeitet den Weizen mit Gro\u00dfz\u00fcgigkeit und Leidenschaft, um Fachleuten und Liebhabern der White Art Caputo Farina von h\u00f6chster Qualit\u00e4t anzubieten, die unter voller Achtung der Rohstoffe und der Tradition hergestellt wird.<\/p>\n<p>Il Molino Caputo produziert eine breite Palette von Mehlen f\u00fcr den privaten und professionellen Gebrauch. Caputo-Mehl wird vor allem von Profis in der Konditorei, Brotherstellung, Pasta und Pizza verwendet, wobei viele Mehlsorten f\u00fcr verschiedene Prozesse bestimmt sind.<\/p>\n<p>Autorit\u00e4t, Spontaneit\u00e4t und Tradition, aus diesen Werten entsteht die wei\u00dfe Kunst von Mulino Caputo, die es dank der Erfahrung von drei Generationen neapolitanischer Meisterm\u00fcller erm\u00f6glicht, sehr hohe Qualit\u00e4tsstandards zu garantieren, um diesen Experten zu gew\u00e4hrleisten Gastronomen und Handwerker des Geschmacks bringen ihre Kreativit\u00e4t am besten zum Ausdruck.<\/p>\n<p>Caputo-Mehl hat die F\u00e4higkeit, die Nat\u00fcrlichkeit und Authentizit\u00e4t von Aromen maximal zu bewahren, aus diesem und aus anderen Gr\u00fcnden wird Molino Caputo auf der ganzen Welt gesch\u00e4tzt und anerkannt.<\/p>\n<\/div>","protected":false},"excerpt":{"rendered":"<p><b>Sauerteig:<\/b> 18\/24 Stunden<br \/>\n<b>B\u00e4ckerei:<\/b> W 260\/280<\/p>\n<ul>\n<li>Das Caputo Nuvola Mehl eignet sich f\u00fcr leichte Teige mit gro\u00dfen Hohlr\u00e4umen.<\/li>\n<li>Langes Aufgehen f\u00fcr hohe Verdaulichkeit.<\/li>\n<li>100% nat\u00fcrlich, ohne Zusatz- und Konservierungsstoffe.<\/li>\n<\/ul>\n<p><span style=\"font-size: 0.8em;margin-top: 10px\"><b><a href=\"https:\/\/www.saporinostri.it\/sc\/scheda-tecnica-farina-nuvola-mulino-caputo.pdf\" target=\"_blank\" rel=\"noopener\"><i class=\"fa fa-download\" aria-hidden=\"true\"><\/i> Laden Sie das Produktdatenblatt des Farina Nuvola Caputo-Produkts herunter<\/a><\/b><\/span><\/p>\n<div class=\"scadenza\">Letzter Batch-Ablauf:<\/div>\n<div><strong>19.02.2027 L.050B<\/strong><\/div>","protected":false},"featured_media":10342,"comment_status":"open","ping_status":"closed","template":"","meta":{"_acf_changed":false,"inline_featured_image":false,"wprm-recipe-roundup-name":"","wprm-recipe-roundup-description":"","_monsterinsights_skip_tracking":false,"_monsterinsights_sitenote_active":false,"_monsterinsights_sitenote_note":"","_monsterinsights_sitenote_category":0},"pwb-brand":[110],"product_brand":[],"product_cat":[97],"product_tag":[],"class_list":{"0":"post-2162","1":"product","2":"type-product","3":"status-publish","4":"has-post-thumbnail","6":"pwb-brand-mulino-caputo","7":"product_cat-farine","8":"product_shipping_class-iva-4","10":"first","11":"instock","12":"sale","13":"taxable","14":"shipping-taxable","15":"purchasable","16":"product-type-simple"},"acf":[],"yoast_head":"<!-- This site is optimized with the Yoast SEO Premium plugin v23.7 (Yoast SEO v27.3) - https:\/\/yoast.com\/product\/yoast-seo-premium-wordpress\/ -->\n<title>Farina Nuvola Caputo 1 Kg - Sapori Nostri<\/title>\n<meta name=\"description\" content=\"Farina Nuvola Caputo, ideale per impasti leggeri con grandi alveolature, un&#039;accurata selezione di materie prime 100% naturali senza additivi n\u00e9 conservanti\" \/>\n<meta name=\"robots\" content=\"index, follow, max-snippet:-1, max-image-preview:large, max-video-preview:-1\" \/>\n<link rel=\"canonical\" href=\"https:\/\/www.saporinostri.it\/de\/farina-nuvola-caputo-1-kg\/\" \/>\n<meta property=\"og:locale\" content=\"de_DE\" \/>\n<meta property=\"og:type\" content=\"article\" \/>\n<meta property=\"og:title\" content=\"Farina Nuvola Caputo 1 Kg\" \/>\n<meta property=\"og:description\" content=\"Farina Nuvola Caputo, ideale per impasti leggeri con grandi alveolature, un&#039;accurata selezione di materie prime 100% naturali senza additivi n\u00e9 conservanti\" \/>\n<meta property=\"og:url\" content=\"https:\/\/www.saporinostri.it\/de\/farina-nuvola-caputo-1-kg\/\" \/>\n<meta property=\"og:site_name\" content=\"Sapori Nostri\" \/>\n<meta property=\"article:publisher\" content=\"https:\/\/www.facebook.com\/saporinostri.it\/\" \/>\n<meta property=\"article:modified_time\" content=\"2026-05-01T11:05:42+00:00\" \/>\n<meta property=\"og:image\" content=\"https:\/\/www.saporinostri.it\/wp-content\/uploads\/2020\/05\/farina-nuvola-caputo-1-kg-new-front.jpg\" \/>\n\t<meta property=\"og:image:width\" content=\"1500\" \/>\n\t<meta property=\"og:image:height\" content=\"1500\" \/>\n\t<meta property=\"og:image:type\" content=\"image\/jpeg\" \/>\n<meta name=\"twitter:card\" content=\"summary_large_image\" \/>\n<meta name=\"twitter:label1\" content=\"Preis\" \/>\n\t<meta name=\"twitter:data1\" content=\"&euro;2,64\" \/>\n\t<meta name=\"twitter:label2\" content=\"Verf\u00fcgbarkeit\" \/>\n\t<meta name=\"twitter:data2\" content=\"Auf Lager\" \/>\n<script type=\"application\/ld+json\" class=\"yoast-schema-graph\">{\"@context\":\"https:\\\/\\\/schema.org\",\"@graph\":[{\"@type\":\"WebPage\",\"@id\":\"https:\\\/\\\/www.saporinostri.it\\\/farina-nuvola-caputo-1-kg\\\/\",\"url\":\"https:\\\/\\\/www.saporinostri.it\\\/farina-nuvola-caputo-1-kg\\\/\",\"name\":\"Farina Nuvola Caputo 1 Kg - Sapori Nostri\",\"isPartOf\":{\"@id\":\"https:\\\/\\\/www.saporinostri.it\\\/#website\"},\"primaryImageOfPage\":{\"@id\":\"https:\\\/\\\/www.saporinostri.it\\\/farina-nuvola-caputo-1-kg\\\/#primaryimage\"},\"image\":{\"@id\":\"https:\\\/\\\/www.saporinostri.it\\\/farina-nuvola-caputo-1-kg\\\/#primaryimage\"},\"thumbnailUrl\":\"https:\\\/\\\/www.saporinostri.it\\\/wp-content\\\/uploads\\\/2020\\\/05\\\/farina-nuvola-caputo-1-kg-new-front.jpg\",\"datePublished\":\"2020-05-09T15:53:30+00:00\",\"dateModified\":\"2026-05-01T11:05:42+00:00\",\"description\":\"Farina Nuvola Caputo, ideale per impasti leggeri con grandi alveolature, un'accurata selezione di materie prime 100% naturali senza additivi n\u00e9 conservanti\",\"breadcrumb\":{\"@id\":\"https:\\\/\\\/www.saporinostri.it\\\/farina-nuvola-caputo-1-kg\\\/#breadcrumb\"},\"inLanguage\":\"de\",\"potentialAction\":[{\"@type\":\"ReadAction\",\"target\":[\"https:\\\/\\\/www.saporinostri.it\\\/farina-nuvola-caputo-1-kg\\\/\"]}]},{\"@type\":\"ImageObject\",\"inLanguage\":\"de\",\"@id\":\"https:\\\/\\\/www.saporinostri.it\\\/farina-nuvola-caputo-1-kg\\\/#primaryimage\",\"url\":\"https:\\\/\\\/www.saporinostri.it\\\/wp-content\\\/uploads\\\/2020\\\/05\\\/farina-nuvola-caputo-1-kg-new-front.jpg\",\"contentUrl\":\"https:\\\/\\\/www.saporinostri.it\\\/wp-content\\\/uploads\\\/2020\\\/05\\\/farina-nuvola-caputo-1-kg-new-front.jpg\",\"width\":1500,\"height\":1500,\"caption\":\"Farina Nuvola Caputo 1 Kg\"},{\"@type\":\"BreadcrumbList\",\"@id\":\"https:\\\/\\\/www.saporinostri.it\\\/farina-nuvola-caputo-1-kg\\\/#breadcrumb\",\"itemListElement\":[{\"@type\":\"ListItem\",\"position\":1,\"name\":\"Home\",\"item\":\"https:\\\/\\\/www.saporinostri.it\\\/\"},{\"@type\":\"ListItem\",\"position\":2,\"name\":\"Shop\",\"item\":\"https:\\\/\\\/www.saporinostri.it\\\/fr\\\/shop\\\/\"},{\"@type\":\"ListItem\",\"position\":3,\"name\":\"Farina Nuvola Caputo 1 Kg\"}]},{\"@type\":\"WebSite\",\"@id\":\"https:\\\/\\\/www.saporinostri.it\\\/#website\",\"url\":\"https:\\\/\\\/www.saporinostri.it\\\/\",\"name\":\"Sapori Nostri\",\"description\":\"\",\"publisher\":{\"@id\":\"https:\\\/\\\/www.saporinostri.it\\\/#organization\"},\"potentialAction\":[{\"@type\":\"SearchAction\",\"target\":{\"@type\":\"EntryPoint\",\"urlTemplate\":\"https:\\\/\\\/www.saporinostri.it\\\/?s={search_term_string}\"},\"query-input\":{\"@type\":\"PropertyValueSpecification\",\"valueRequired\":true,\"valueName\":\"search_term_string\"}}],\"inLanguage\":\"de\"},{\"@type\":\"Organization\",\"@id\":\"https:\\\/\\\/www.saporinostri.it\\\/#organization\",\"name\":\"Sapori Nostri\",\"url\":\"https:\\\/\\\/www.saporinostri.it\\\/\",\"logo\":{\"@type\":\"ImageObject\",\"inLanguage\":\"de\",\"@id\":\"https:\\\/\\\/www.saporinostri.it\\\/#\\\/schema\\\/logo\\\/image\\\/\",\"url\":\"https:\\\/\\\/www.saporinostri.it\\\/wp-content\\\/uploads\\\/2020\\\/05\\\/logo-retina.png\",\"contentUrl\":\"https:\\\/\\\/www.saporinostri.it\\\/wp-content\\\/uploads\\\/2020\\\/05\\\/logo-retina.png\",\"width\":500,\"height\":109,\"caption\":\"Sapori Nostri\"},\"image\":{\"@id\":\"https:\\\/\\\/www.saporinostri.it\\\/#\\\/schema\\\/logo\\\/image\\\/\"},\"sameAs\":[\"https:\\\/\\\/www.facebook.com\\\/saporinostri.it\\\/\",\"https:\\\/\\\/www.instagram.com\\\/saporinostri.it\\\/\"]}]}<\/script>\n<meta property=\"product:brand\" content=\"Mulino Caputo\" \/>\n<meta property=\"product:price:amount\" content=\"2.64\" \/>\n<meta property=\"product:price:currency\" content=\"EUR\" \/>\n<meta property=\"og:availability\" content=\"instock\" \/>\n<meta property=\"product:availability\" content=\"instock\" \/>\n<meta property=\"product:retailer_item_id\" content=\"8014601012456\" \/>\n<meta property=\"product:condition\" content=\"new\" \/>\n<!-- \/ Yoast SEO Premium plugin. -->","yoast_head_json":{"title":"Nuvola Caputo Mehl 1 Kg - Unsere Geschmacksrichtungen","description":"Nuvola Caputo Mehl, ideal f\u00fcr leichte Teige mit gro\u00dfen Alveolen, eine sorgf\u00e4ltige Auswahl nat\u00fcrlicher 100% Rohstoffe ohne Zusatz- oder Konservierungsstoffe","robots":{"index":"index","follow":"follow","max-snippet":"max-snippet:-1","max-image-preview":"max-image-preview:large","max-video-preview":"max-video-preview:-1"},"canonical":"https:\/\/www.saporinostri.it\/de\/farina-nuvola-caputo-1-kg\/","og_locale":"de_DE","og_type":"article","og_title":"Farina Nuvola Caputo 1 Kg","og_description":"Farina Nuvola Caputo, ideale per impasti leggeri con grandi alveolature, un'accurata selezione di materie prime 100% naturali senza additivi n\u00e9 conservanti","og_url":"https:\/\/www.saporinostri.it\/de\/farina-nuvola-caputo-1-kg\/","og_site_name":"Sapori Nostri","article_publisher":"https:\/\/www.facebook.com\/saporinostri.it\/","article_modified_time":"2026-05-01T11:05:42+00:00","og_image":[{"width":1500,"height":1500,"url":"https:\/\/www.saporinostri.it\/wp-content\/uploads\/2020\/05\/farina-nuvola-caputo-1-kg-new-front.jpg","type":"image\/jpeg"}],"twitter_card":"summary_large_image","twitter_misc":{"Preis":"&euro;2,64","Verf\u00fcgbarkeit":"Auf Lager"},"schema":{"@context":"https:\/\/schema.org","@graph":[{"@type":"WebPage","@id":"https:\/\/www.saporinostri.it\/farina-nuvola-caputo-1-kg\/","url":"https:\/\/www.saporinostri.it\/farina-nuvola-caputo-1-kg\/","name":"Nuvola Caputo Mehl 1 Kg - Unsere Geschmacksrichtungen","isPartOf":{"@id":"https:\/\/www.saporinostri.it\/#website"},"primaryImageOfPage":{"@id":"https:\/\/www.saporinostri.it\/farina-nuvola-caputo-1-kg\/#primaryimage"},"image":{"@id":"https:\/\/www.saporinostri.it\/farina-nuvola-caputo-1-kg\/#primaryimage"},"thumbnailUrl":"https:\/\/www.saporinostri.it\/wp-content\/uploads\/2020\/05\/farina-nuvola-caputo-1-kg-new-front.jpg","datePublished":"2020-05-09T15:53:30+00:00","dateModified":"2026-05-01T11:05:42+00:00","description":"Nuvola Caputo Mehl, ideal f\u00fcr leichte Teige mit gro\u00dfen Alveolen, eine sorgf\u00e4ltige Auswahl nat\u00fcrlicher 100% Rohstoffe ohne Zusatz- oder Konservierungsstoffe","breadcrumb":{"@id":"https:\/\/www.saporinostri.it\/farina-nuvola-caputo-1-kg\/#breadcrumb"},"inLanguage":"de","potentialAction":[{"@type":"ReadAction","target":["https:\/\/www.saporinostri.it\/farina-nuvola-caputo-1-kg\/"]}]},{"@type":"ImageObject","inLanguage":"de","@id":"https:\/\/www.saporinostri.it\/farina-nuvola-caputo-1-kg\/#primaryimage","url":"https:\/\/www.saporinostri.it\/wp-content\/uploads\/2020\/05\/farina-nuvola-caputo-1-kg-new-front.jpg","contentUrl":"https:\/\/www.saporinostri.it\/wp-content\/uploads\/2020\/05\/farina-nuvola-caputo-1-kg-new-front.jpg","width":1500,"height":1500,"caption":"Farina Nuvola Caputo 1 Kg"},{"@type":"BreadcrumbList","@id":"https:\/\/www.saporinostri.it\/farina-nuvola-caputo-1-kg\/#breadcrumb","itemListElement":[{"@type":"ListItem","position":1,"name":"Home","item":"https:\/\/www.saporinostri.it\/"},{"@type":"ListItem","position":2,"name":"Shop","item":"https:\/\/www.saporinostri.it\/fr\/shop\/"},{"@type":"ListItem","position":3,"name":"Farina Nuvola Caputo 1 Kg"}]},{"@type":"WebSite","@id":"https:\/\/www.saporinostri.it\/#website","url":"https:\/\/www.saporinostri.it\/","name":"Sapori Nostri","description":"","publisher":{"@id":"https:\/\/www.saporinostri.it\/#organization"},"potentialAction":[{"@type":"SearchAction","target":{"@type":"EntryPoint","urlTemplate":"https:\/\/www.saporinostri.it\/?s={search_term_string}"},"query-input":{"@type":"PropertyValueSpecification","valueRequired":true,"valueName":"search_term_string"}}],"inLanguage":"de"},{"@type":"Organization","@id":"https:\/\/www.saporinostri.it\/#organization","name":"Sapori Nostri","url":"https:\/\/www.saporinostri.it\/","logo":{"@type":"ImageObject","inLanguage":"de","@id":"https:\/\/www.saporinostri.it\/#\/schema\/logo\/image\/","url":"https:\/\/www.saporinostri.it\/wp-content\/uploads\/2020\/05\/logo-retina.png","contentUrl":"https:\/\/www.saporinostri.it\/wp-content\/uploads\/2020\/05\/logo-retina.png","width":500,"height":109,"caption":"Sapori Nostri"},"image":{"@id":"https:\/\/www.saporinostri.it\/#\/schema\/logo\/image\/"},"sameAs":["https:\/\/www.facebook.com\/saporinostri.it\/","https:\/\/www.instagram.com\/saporinostri.it\/"]}]},"product_brand":"Mulino Caputo","product_price_amount":"2.64","product_price_currency":"EUR","og_availability":"instock","product_availability":"instock","product_retailer_item_id":"8014601012456","product_condition":"new"},"jetpack_sharing_enabled":true,"brands":[{"id":110,"name":"Mulino Caputo","slug":"mulino-caputo"}],"_links":{"self":[{"href":"https:\/\/www.saporinostri.it\/de\/wp-json\/wp\/v2\/product\/2162","targetHints":{"allow":["GET"]}}],"collection":[{"href":"https:\/\/www.saporinostri.it\/de\/wp-json\/wp\/v2\/product"}],"about":[{"href":"https:\/\/www.saporinostri.it\/de\/wp-json\/wp\/v2\/types\/product"}],"replies":[{"embeddable":true,"href":"https:\/\/www.saporinostri.it\/de\/wp-json\/wp\/v2\/comments?post=2162"}],"wp:featuredmedia":[{"embeddable":true,"href":"https:\/\/www.saporinostri.it\/de\/wp-json\/wp\/v2\/media\/10342"}],"wp:attachment":[{"href":"https:\/\/www.saporinostri.it\/de\/wp-json\/wp\/v2\/media?parent=2162"}],"wp:term":[{"taxonomy":"pwb-brand","embeddable":true,"href":"https:\/\/www.saporinostri.it\/de\/wp-json\/wp\/v2\/pwb-brand?post=2162"},{"taxonomy":"product_brand","embeddable":true,"href":"https:\/\/www.saporinostri.it\/de\/wp-json\/wp\/v2\/product_brand?post=2162"},{"taxonomy":"product_cat","embeddable":true,"href":"https:\/\/www.saporinostri.it\/de\/wp-json\/wp\/v2\/product_cat?post=2162"},{"taxonomy":"product_tag","embeddable":true,"href":"https:\/\/www.saporinostri.it\/de\/wp-json\/wp\/v2\/product_tag?post=2162"}],"curies":[{"name":"wp","href":"https:\/\/api.w.org\/{rel}","templated":true}]}}