{"id":22360,"date":"2023-03-02T17:42:31","date_gmt":"2023-03-02T16:42:31","guid":{"rendered":"https:\/\/woocommerce-587295-4567585.cloudwaysapps.com\/?post_type=product&#038;p=22360"},"modified":"2026-03-29T21:26:05","modified_gmt":"2026-03-29T19:26:05","slug":"nduja-delizie-di-calabria-180g","status":"publish","type":"product","link":"https:\/\/www.saporinostri.it\/de\/nduja-delizie-di-calabria-180g\/","title":{"rendered":"&#039;Nduja-Delikatessen aus Kalabrien 180g"},"content":{"rendered":"<p>Das &#039;Nduja Delizie di Calabria ist die K\u00f6nigin der kalabrischen K\u00fcche. Bereiten Sie sich darauf vor, Ihren Gaumen zu verw\u00f6hnen, ein authentischer Ausdruck der kalabrischen K\u00fcche, der jeden Bissen in ein unvergessliches Erlebnis verwandelt. Dieses au\u00dfergew\u00f6hnliche Produkt wird fachm\u00e4nnisch hergestellt und bringt die W\u00e4rme und Leidenschaft der Region direkt in Ihre K\u00fcche.<\/p>\n<p>Die Geschichte des Unternehmens Delizie di Calabria beginnt in einem bl\u00fchenden und einladenden Land im tiefen S\u00fcden Italiens. Die Region, in der es liegt, ist Kalabrien, ein Land, in dem die Sonne 300 Tage im Jahr scheint und 365 Tage im Jahr das Herz erw\u00e4rmt. Diese Region ist die Hauptstadt der antiken Magna Graecia.<\/p>\n<p>Kalabrien liegt zwischen dem Ionischen Meer und dem Tyrrhenischen Meer, wobei das Sila-Gebirge als Wasserscheide fungiert. Kalabrien verf\u00fcgt \u00fcber die au\u00dfergew\u00f6hnliche F\u00e4higkeit, Meer und Berge auf einem kleinen St\u00fcck Land zu vereinen, was Touristen und dar\u00fcber hinaus Freude bereitet. Das kulinarische Angebot war so reichhaltig, dass sich die kalabresische Bev\u00f6lkerung ganz selbstverst\u00e4ndlich der Landwirtschaft und der Aufwertung ihres wahren Schatzes widmete: des Landes.<\/p>\n<p>An diesem Ort hat die Chilischote ihren idealen Lebensraum gefunden und ist zur Hauptfrucht einer reichhaltigen und nahrhaften gastronomischen Kultur geworden, die den Prinzipien der Mittelmeerdi\u00e4t folgt. Neben Chilischoten gibt es in der Region auch andere aromatische Zutaten, darunter rote Zwiebeln aus Tropea, Oliven, sonnengetrocknete Tomaten, Bergamotte und viele mehr.<\/p>\n<p>Jede dieser Zutaten findet Platz auf Tischen und in Vorratskammern voller k\u00f6stlicher Konserven. Tats\u00e4chlich bereiteten Gro\u00dfm\u00fctter diese Konserven fr\u00fcher in Gl\u00e4sern zu, so dass die Produkte das ganze Jahr \u00fcber verf\u00fcgbar waren und gleichzeitig ihre Frische behielten. Die Geschichte der kalabrischen Konserventradition ist so alt, dass sie im Nebel der Zeit verloren geht, und genau von hier aus beginnt die Geschichte von Delizie di Calabria.<\/p>","protected":false},"excerpt":{"rendered":"<p>Das &#039;Nduja Delizie di Calabria ist die K\u00f6nigin der kalabrischen K\u00fcche.<\/p>\n<p>Bereiten Sie sich darauf vor, Ihren Gaumen zu verw\u00f6hnen, ein authentischer Ausdruck der kalabrischen K\u00fcche, der jeden Bissen in ein unvergessliches Erlebnis verwandelt. Dieses au\u00dfergew\u00f6hnliche Produkt wird fachm\u00e4nnisch hergestellt und bringt die W\u00e4rme und Leidenschaft der Region direkt in Ihre K\u00fcche.<\/p>\n<p><strong>Nettogewicht:<\/strong> 180 gr<\/p>\n<div class=\"scadenza\">Letzter Batch-Ablauf: <strong>28<\/strong><b>\/04\/2025 L.LF301C<\/b><\/div>","protected":false},"featured_media":24151,"comment_status":"open","ping_status":"closed","template":"","meta":{"_acf_changed":false,"inline_featured_image":false,"wprm-recipe-roundup-name":"","wprm-recipe-roundup-description":"","_monsterinsights_skip_tracking":false,"_monsterinsights_sitenote_active":false,"_monsterinsights_sitenote_note":"","_monsterinsights_sitenote_category":0},"pwb-brand":[653],"product_brand":[],"product_cat":[412,582],"product_tag":[],"class_list":{"0":"post-22360","1":"product","2":"type-product","3":"status-publish","4":"has-post-thumbnail","6":"pwb-brand-delizie-di-calabria","7":"product_cat-conserve","8":"product_cat-salse-di-accompagnamento","10":"first","11":"instock","12":"sale","13":"taxable","14":"shipping-taxable","15":"purchasable","16":"product-type-simple"},"acf":[],"yoast_head":"<!-- This site is optimized with the Yoast SEO Premium plugin v23.7 (Yoast SEO v27.3) - https:\/\/yoast.com\/product\/yoast-seo-premium-wordpress\/ -->\n<title>&#039;Nduja Delizie di Calabria 180g - Sapori Nostri<\/title>\n<meta name=\"description\" content=\"Regina di Calabria, la \u2018nduja porta in ogni casa la pi\u00f9 autentica cucina calabrese.\" \/>\n<meta name=\"robots\" content=\"index, follow, max-snippet:-1, max-image-preview:large, max-video-preview:-1\" \/>\n<link rel=\"canonical\" href=\"https:\/\/www.saporinostri.it\/de\/nduja-delizie-di-calabria-180g\/\" \/>\n<meta property=\"og:locale\" content=\"de_DE\" \/>\n<meta property=\"og:type\" content=\"article\" \/>\n<meta property=\"og:title\" content=\"&#039;Nduja Delizie di Calabria 180g\" \/>\n<meta property=\"og:description\" content=\"Regina di Calabria, la \u2018nduja porta in ogni casa la pi\u00f9 autentica cucina calabrese.\" \/>\n<meta property=\"og:url\" content=\"https:\/\/www.saporinostri.it\/de\/nduja-delizie-di-calabria-180g\/\" \/>\n<meta property=\"og:site_name\" content=\"Sapori Nostri\" \/>\n<meta property=\"article:publisher\" content=\"https:\/\/www.facebook.com\/saporinostri.it\/\" \/>\n<meta property=\"article:modified_time\" content=\"2026-03-29T19:26:05+00:00\" \/>\n<meta property=\"og:image\" content=\"https:\/\/www.saporinostri.it\/wp-content\/uploads\/2023\/03\/nduja-delizie-di-calabria-180g.jpg\" \/>\n\t<meta property=\"og:image:width\" content=\"1500\" \/>\n\t<meta property=\"og:image:height\" content=\"1500\" \/>\n\t<meta property=\"og:image:type\" content=\"image\/jpeg\" \/>\n<meta name=\"twitter:card\" content=\"summary_large_image\" \/>\n<meta name=\"twitter:label1\" content=\"Preis\" \/>\n\t<meta name=\"twitter:data1\" content=\"&euro;5,49\" \/>\n\t<meta name=\"twitter:label2\" content=\"Verf\u00fcgbarkeit\" \/>\n\t<meta name=\"twitter:data2\" content=\"Auf Lager\" \/>\n<script type=\"application\/ld+json\" class=\"yoast-schema-graph\">{\"@context\":\"https:\\\/\\\/schema.org\",\"@graph\":[{\"@type\":\"WebPage\",\"@id\":\"https:\\\/\\\/www.saporinostri.it\\\/nduja-delizie-di-calabria-180g\\\/\",\"url\":\"https:\\\/\\\/www.saporinostri.it\\\/nduja-delizie-di-calabria-180g\\\/\",\"name\":\"'Nduja Delizie di Calabria 180g - Sapori Nostri\",\"isPartOf\":{\"@id\":\"https:\\\/\\\/www.saporinostri.it\\\/#website\"},\"primaryImageOfPage\":{\"@id\":\"https:\\\/\\\/www.saporinostri.it\\\/nduja-delizie-di-calabria-180g\\\/#primaryimage\"},\"image\":{\"@id\":\"https:\\\/\\\/www.saporinostri.it\\\/nduja-delizie-di-calabria-180g\\\/#primaryimage\"},\"thumbnailUrl\":\"https:\\\/\\\/www.saporinostri.it\\\/wp-content\\\/uploads\\\/2023\\\/03\\\/nduja-delizie-di-calabria-180g.jpg\",\"datePublished\":\"2023-03-02T16:42:31+00:00\",\"dateModified\":\"2026-03-29T19:26:05+00:00\",\"description\":\"Regina di Calabria, la \u2018nduja porta in ogni casa la pi\u00f9 autentica cucina calabrese.\",\"breadcrumb\":{\"@id\":\"https:\\\/\\\/www.saporinostri.it\\\/nduja-delizie-di-calabria-180g\\\/#breadcrumb\"},\"inLanguage\":\"de\",\"potentialAction\":[{\"@type\":\"ReadAction\",\"target\":[\"https:\\\/\\\/www.saporinostri.it\\\/nduja-delizie-di-calabria-180g\\\/\"]}]},{\"@type\":\"ImageObject\",\"inLanguage\":\"de\",\"@id\":\"https:\\\/\\\/www.saporinostri.it\\\/nduja-delizie-di-calabria-180g\\\/#primaryimage\",\"url\":\"https:\\\/\\\/www.saporinostri.it\\\/wp-content\\\/uploads\\\/2023\\\/03\\\/nduja-delizie-di-calabria-180g.jpg\",\"contentUrl\":\"https:\\\/\\\/www.saporinostri.it\\\/wp-content\\\/uploads\\\/2023\\\/03\\\/nduja-delizie-di-calabria-180g.jpg\",\"width\":1500,\"height\":1500,\"caption\":\"'Nduja Delizie di Calabria 180g\"},{\"@type\":\"BreadcrumbList\",\"@id\":\"https:\\\/\\\/www.saporinostri.it\\\/nduja-delizie-di-calabria-180g\\\/#breadcrumb\",\"itemListElement\":[{\"@type\":\"ListItem\",\"position\":1,\"name\":\"Home\",\"item\":\"https:\\\/\\\/www.saporinostri.it\\\/\"},{\"@type\":\"ListItem\",\"position\":2,\"name\":\"Shop\",\"item\":\"https:\\\/\\\/www.saporinostri.it\\\/fr\\\/shop\\\/\"},{\"@type\":\"ListItem\",\"position\":3,\"name\":\"&#8216;Nduja Delizie di Calabria 180g\"}]},{\"@type\":\"WebSite\",\"@id\":\"https:\\\/\\\/www.saporinostri.it\\\/#website\",\"url\":\"https:\\\/\\\/www.saporinostri.it\\\/\",\"name\":\"Sapori Nostri\",\"description\":\"\",\"publisher\":{\"@id\":\"https:\\\/\\\/www.saporinostri.it\\\/#organization\"},\"potentialAction\":[{\"@type\":\"SearchAction\",\"target\":{\"@type\":\"EntryPoint\",\"urlTemplate\":\"https:\\\/\\\/www.saporinostri.it\\\/?s={search_term_string}\"},\"query-input\":{\"@type\":\"PropertyValueSpecification\",\"valueRequired\":true,\"valueName\":\"search_term_string\"}}],\"inLanguage\":\"de\"},{\"@type\":\"Organization\",\"@id\":\"https:\\\/\\\/www.saporinostri.it\\\/#organization\",\"name\":\"Sapori Nostri\",\"url\":\"https:\\\/\\\/www.saporinostri.it\\\/\",\"logo\":{\"@type\":\"ImageObject\",\"inLanguage\":\"de\",\"@id\":\"https:\\\/\\\/www.saporinostri.it\\\/#\\\/schema\\\/logo\\\/image\\\/\",\"url\":\"https:\\\/\\\/www.saporinostri.it\\\/wp-content\\\/uploads\\\/2020\\\/05\\\/logo-retina.png\",\"contentUrl\":\"https:\\\/\\\/www.saporinostri.it\\\/wp-content\\\/uploads\\\/2020\\\/05\\\/logo-retina.png\",\"width\":500,\"height\":109,\"caption\":\"Sapori Nostri\"},\"image\":{\"@id\":\"https:\\\/\\\/www.saporinostri.it\\\/#\\\/schema\\\/logo\\\/image\\\/\"},\"sameAs\":[\"https:\\\/\\\/www.facebook.com\\\/saporinostri.it\\\/\",\"https:\\\/\\\/www.instagram.com\\\/saporinostri.it\\\/\"]}]}<\/script>\n<meta property=\"product:brand\" content=\"Delizie di Calabria\" \/>\n<meta property=\"product:price:amount\" content=\"5.49\" \/>\n<meta property=\"product:price:currency\" content=\"EUR\" \/>\n<meta property=\"og:availability\" content=\"instock\" \/>\n<meta property=\"product:availability\" content=\"instock\" \/>\n<meta property=\"product:retailer_item_id\" content=\"8007548001812\" \/>\n<meta property=\"product:condition\" content=\"new\" \/>\n<!-- \/ Yoast SEO Premium plugin. -->","yoast_head_json":{"title":"&#039;Nduja-Delikatessen aus Kalabrien 180g - Sapori Nostri","description":"&#039;nduja, K\u00f6nigin von Kalabrien, bringt die authentischste kalabrische K\u00fcche in jedes Zuhause.","robots":{"index":"index","follow":"follow","max-snippet":"max-snippet:-1","max-image-preview":"max-image-preview:large","max-video-preview":"max-video-preview:-1"},"canonical":"https:\/\/www.saporinostri.it\/de\/nduja-delizie-di-calabria-180g\/","og_locale":"de_DE","og_type":"article","og_title":"'Nduja Delizie di Calabria 180g","og_description":"Regina di Calabria, la \u2018nduja porta in ogni casa la pi\u00f9 autentica cucina calabrese.","og_url":"https:\/\/www.saporinostri.it\/de\/nduja-delizie-di-calabria-180g\/","og_site_name":"Sapori Nostri","article_publisher":"https:\/\/www.facebook.com\/saporinostri.it\/","article_modified_time":"2026-03-29T19:26:05+00:00","og_image":[{"width":1500,"height":1500,"url":"https:\/\/www.saporinostri.it\/wp-content\/uploads\/2023\/03\/nduja-delizie-di-calabria-180g.jpg","type":"image\/jpeg"}],"twitter_card":"summary_large_image","twitter_misc":{"Preis":"&euro;5,49","Verf\u00fcgbarkeit":"Auf Lager"},"schema":{"@context":"https:\/\/schema.org","@graph":[{"@type":"WebPage","@id":"https:\/\/www.saporinostri.it\/nduja-delizie-di-calabria-180g\/","url":"https:\/\/www.saporinostri.it\/nduja-delizie-di-calabria-180g\/","name":"&#039;Nduja-Delikatessen aus Kalabrien 180g - Sapori Nostri","isPartOf":{"@id":"https:\/\/www.saporinostri.it\/#website"},"primaryImageOfPage":{"@id":"https:\/\/www.saporinostri.it\/nduja-delizie-di-calabria-180g\/#primaryimage"},"image":{"@id":"https:\/\/www.saporinostri.it\/nduja-delizie-di-calabria-180g\/#primaryimage"},"thumbnailUrl":"https:\/\/www.saporinostri.it\/wp-content\/uploads\/2023\/03\/nduja-delizie-di-calabria-180g.jpg","datePublished":"2023-03-02T16:42:31+00:00","dateModified":"2026-03-29T19:26:05+00:00","description":"&#039;nduja, K\u00f6nigin von Kalabrien, bringt die authentischste kalabrische K\u00fcche in jedes Zuhause.","breadcrumb":{"@id":"https:\/\/www.saporinostri.it\/nduja-delizie-di-calabria-180g\/#breadcrumb"},"inLanguage":"de","potentialAction":[{"@type":"ReadAction","target":["https:\/\/www.saporinostri.it\/nduja-delizie-di-calabria-180g\/"]}]},{"@type":"ImageObject","inLanguage":"de","@id":"https:\/\/www.saporinostri.it\/nduja-delizie-di-calabria-180g\/#primaryimage","url":"https:\/\/www.saporinostri.it\/wp-content\/uploads\/2023\/03\/nduja-delizie-di-calabria-180g.jpg","contentUrl":"https:\/\/www.saporinostri.it\/wp-content\/uploads\/2023\/03\/nduja-delizie-di-calabria-180g.jpg","width":1500,"height":1500,"caption":"'Nduja Delizie di Calabria 180g"},{"@type":"BreadcrumbList","@id":"https:\/\/www.saporinostri.it\/nduja-delizie-di-calabria-180g\/#breadcrumb","itemListElement":[{"@type":"ListItem","position":1,"name":"Home","item":"https:\/\/www.saporinostri.it\/"},{"@type":"ListItem","position":2,"name":"Shop","item":"https:\/\/www.saporinostri.it\/fr\/shop\/"},{"@type":"ListItem","position":3,"name":"&#8216;Nduja Delizie di Calabria 180g"}]},{"@type":"WebSite","@id":"https:\/\/www.saporinostri.it\/#website","url":"https:\/\/www.saporinostri.it\/","name":"Sapori Nostri","description":"","publisher":{"@id":"https:\/\/www.saporinostri.it\/#organization"},"potentialAction":[{"@type":"SearchAction","target":{"@type":"EntryPoint","urlTemplate":"https:\/\/www.saporinostri.it\/?s={search_term_string}"},"query-input":{"@type":"PropertyValueSpecification","valueRequired":true,"valueName":"search_term_string"}}],"inLanguage":"de"},{"@type":"Organization","@id":"https:\/\/www.saporinostri.it\/#organization","name":"Sapori Nostri","url":"https:\/\/www.saporinostri.it\/","logo":{"@type":"ImageObject","inLanguage":"de","@id":"https:\/\/www.saporinostri.it\/#\/schema\/logo\/image\/","url":"https:\/\/www.saporinostri.it\/wp-content\/uploads\/2020\/05\/logo-retina.png","contentUrl":"https:\/\/www.saporinostri.it\/wp-content\/uploads\/2020\/05\/logo-retina.png","width":500,"height":109,"caption":"Sapori Nostri"},"image":{"@id":"https:\/\/www.saporinostri.it\/#\/schema\/logo\/image\/"},"sameAs":["https:\/\/www.facebook.com\/saporinostri.it\/","https:\/\/www.instagram.com\/saporinostri.it\/"]}]},"product_brand":"Delizie di Calabria","product_price_amount":"5.49","product_price_currency":"EUR","og_availability":"instock","product_availability":"instock","product_retailer_item_id":"8007548001812","product_condition":"new"},"jetpack_sharing_enabled":true,"brands":[{"id":653,"name":"Kalabrische K\u00f6stlichkeiten","slug":"delizie-di-calabria"}],"_links":{"self":[{"href":"https:\/\/www.saporinostri.it\/de\/wp-json\/wp\/v2\/product\/22360","targetHints":{"allow":["GET"]}}],"collection":[{"href":"https:\/\/www.saporinostri.it\/de\/wp-json\/wp\/v2\/product"}],"about":[{"href":"https:\/\/www.saporinostri.it\/de\/wp-json\/wp\/v2\/types\/product"}],"replies":[{"embeddable":true,"href":"https:\/\/www.saporinostri.it\/de\/wp-json\/wp\/v2\/comments?post=22360"}],"wp:featuredmedia":[{"embeddable":true,"href":"https:\/\/www.saporinostri.it\/de\/wp-json\/wp\/v2\/media\/24151"}],"wp:attachment":[{"href":"https:\/\/www.saporinostri.it\/de\/wp-json\/wp\/v2\/media?parent=22360"}],"wp:term":[{"taxonomy":"pwb-brand","embeddable":true,"href":"https:\/\/www.saporinostri.it\/de\/wp-json\/wp\/v2\/pwb-brand?post=22360"},{"taxonomy":"product_brand","embeddable":true,"href":"https:\/\/www.saporinostri.it\/de\/wp-json\/wp\/v2\/product_brand?post=22360"},{"taxonomy":"product_cat","embeddable":true,"href":"https:\/\/www.saporinostri.it\/de\/wp-json\/wp\/v2\/product_cat?post=22360"},{"taxonomy":"product_tag","embeddable":true,"href":"https:\/\/www.saporinostri.it\/de\/wp-json\/wp\/v2\/product_tag?post=22360"}],"curies":[{"name":"wp","href":"https:\/\/api.w.org\/{rel}","templated":true}]}}