{"id":2340,"date":"2020-05-18T15:00:09","date_gmt":"2020-05-18T13:00:09","guid":{"rendered":"http:\/\/172.105.66.148\/?post_type=product&#038;p=2340"},"modified":"2026-04-14T06:57:03","modified_gmt":"2026-04-14T04:57:03","slug":"criscito-lievito-naturale-caputo-1-kg","status":"publish","type":"product","link":"https:\/\/www.saporinostri.it\/de\/criscito-lievito-naturale-caputo-1-kg\/","title":{"rendered":"Criscito Caputo Nat\u00fcrliche Hefe 1 kg"},"content":{"rendered":"<p>Die Trockenhefe, auch genannt <strong>Criscito<\/strong>, ist ein Naturprodukt, das durch Mischen von Weichweizenmehl Typ &quot;0&quot; und Wasser gewonnen wird, das durch einen Komplex aus Hefen und Milchs\u00e4urebakterien anges\u00e4uert wird und die G\u00e4rung von Teigen f\u00fcr Back- und Konditoreiprodukte in Gang setzen kann. Da es w\u00e4hrend des Trocknens nicht mehr aktiv wird, muss Criscito mit einer Aktivhefe im Teig reaktiviert werden, die normalerweise verwendet wird. F\u00fcr jedes Kilo Mehl werden zus\u00e4tzlich zur normalen Hefe 20 bis 50 Gramm hinzugef\u00fcgt.<\/p>\n<p>Mit diesem Produkt erhalten Sie endlich nat\u00fcrlich ges\u00e4uerte (Misch-)Backwaren, ganz einfach: keine Erfrischungen mehr, tagelanges Warten, Lagerprobleme. Dadurch verbessern sich die Qualit\u00e4tsmerkmale Ihrer Backwaren: angenehmer Geschmack und Aroma, bessere Haltbarkeit und Bek\u00f6mmlichkeit.<\/p>\n<div class=\"mini-infobox-wrapper\">\n<p class=\"mini-infobox\"><b>Mehlsorte<\/b><br \/>\nHefe<\/p>\n<p class=\"mini-infobox\"><b>B\u00e4ckerei<\/b><br \/>\n\u2014<\/p>\n<p class=\"mini-infobox\"><b>Proteine<\/b><br \/>\n15,80%<\/p>\n<p class=\"mini-infobox\"><b>Elastizit\u00e4t<\/b><br \/>\n\u2014<\/p>\n<p class=\"mini-infobox\"><b>Sauerteig<\/b><br \/>\n\u2014<\/p>\n<\/div>\n<h3 class=\"mt-5\">Die Caputo-M\u00fchle<\/h3>\n<div class=\"mt-3\">\n<p>Seit 1924 ist die\u00a0<strong>Mulino Caputo<\/strong>\u00a0arbeitet den Weizen mit Gro\u00dfz\u00fcgigkeit und Leidenschaft, um Fachleuten und Liebhabern der White Art Caputo Farina von h\u00f6chster Qualit\u00e4t anzubieten, die unter voller Achtung der Rohstoffe und der Tradition hergestellt wird.<\/p>\n<p>Il Molino Caputo produziert eine breite Palette von Mehlen f\u00fcr den privaten und professionellen Gebrauch. Caputo-Mehl wird vor allem von Profis in der Konditorei, Brotherstellung, Pasta und Pizza verwendet, wobei viele Mehlsorten f\u00fcr verschiedene Prozesse bestimmt sind.<\/p>\n<p>Autorit\u00e4t, Spontaneit\u00e4t und Tradition, aus diesen Werten entsteht die wei\u00dfe Kunst von Mulino Caputo, die es dank der Erfahrung von drei Generationen neapolitanischer Meisterm\u00fcller erm\u00f6glicht, sehr hohe Qualit\u00e4tsstandards zu garantieren, um diesen Experten zu gew\u00e4hrleisten Gastronomen und Handwerker des Geschmacks bringen ihre Kreativit\u00e4t am besten zum Ausdruck.<\/p>\n<p>Caputo-Mehl hat die F\u00e4higkeit, die Nat\u00fcrlichkeit und Authentizit\u00e4t von Aromen maximal zu bewahren, aus diesem und aus anderen Gr\u00fcnden wird Molino Caputo auf der ganzen Welt gesch\u00e4tzt und anerkannt.<\/p>\n<\/div>","protected":false},"excerpt":{"rendered":"<p><b>&quot;Criscito&quot; Naturhefe<\/b><\/p>\n<ul>\n<li>Angenehmerer Geschmack und Geruch, bessere Haltbarkeit und Verdaulichkeit.<\/li>\n<li><b>Anwendungsdosen:<\/b> 20 bis 50 Gramm pro Kilo Mehl, zus\u00e4tzlich zu addition <a href=\"https:\/\/www.saporinostri.it\/de\/lievito-secco-caputo\/\">normale Hefe<\/a>.<\/li>\n<li>Criscito muss mit a reaktiviert werden <a href=\"https:\/\/www.saporinostri.it\/de\/lievito-secco-caputo\/\">aktive Hefe<\/a>.<\/li>\n<\/ul>\n<div class=\"scadenza\">Letzter Batch-Ablauf: <b>11.08.2025 L.413711000550<\/b><\/div>","protected":false},"featured_media":4080,"comment_status":"open","ping_status":"closed","template":"","meta":{"_acf_changed":false,"inline_featured_image":false,"wprm-recipe-roundup-name":"","wprm-recipe-roundup-description":"","_monsterinsights_skip_tracking":false,"_monsterinsights_sitenote_active":false,"_monsterinsights_sitenote_note":"","_monsterinsights_sitenote_category":0},"pwb-brand":[110],"product_brand":[],"product_cat":[108],"product_tag":[],"class_list":{"0":"post-2340","1":"product","2":"type-product","3":"status-publish","4":"has-post-thumbnail","6":"pwb-brand-mulino-caputo","7":"product_cat-lieviti","9":"first","10":"instock","11":"sale","12":"taxable","13":"shipping-taxable","14":"purchasable","15":"product-type-simple"},"acf":[],"yoast_head":"<!-- This site is optimized with the Yoast SEO Premium plugin v23.7 (Yoast SEO v27.3) - https:\/\/yoast.com\/product\/yoast-seo-premium-wordpress\/ -->\n<title>Criscito Lievito Naturale Caputo 1 Kg - Sapori Nostri<\/title>\n<meta name=\"description\" content=\"Il lievito essiccato Caputo, chiamato anche Criscito, \u00e8 un prodotto naturale che si ottiene impastando farina di grano tenero di tipo &quot;0&quot; e acqua\" \/>\n<meta name=\"robots\" content=\"index, follow, max-snippet:-1, max-image-preview:large, max-video-preview:-1\" \/>\n<link rel=\"canonical\" href=\"https:\/\/www.saporinostri.it\/de\/criscito-lievito-naturale-caputo-1-kg\/\" \/>\n<meta property=\"og:locale\" content=\"de_DE\" \/>\n<meta property=\"og:type\" content=\"article\" \/>\n<meta property=\"og:title\" content=\"Criscito Lievito Naturale Caputo 1 Kg\" \/>\n<meta property=\"og:description\" content=\"Il lievito essiccato Caputo, chiamato anche Criscito, \u00e8 un prodotto naturale che si ottiene impastando farina di grano tenero di tipo &quot;0&quot; e acqua\" \/>\n<meta property=\"og:url\" content=\"https:\/\/www.saporinostri.it\/de\/criscito-lievito-naturale-caputo-1-kg\/\" \/>\n<meta property=\"og:site_name\" content=\"Sapori Nostri\" \/>\n<meta property=\"article:publisher\" content=\"https:\/\/www.facebook.com\/saporinostri.it\/\" \/>\n<meta property=\"article:modified_time\" content=\"2026-04-14T04:57:03+00:00\" \/>\n<meta property=\"og:image\" content=\"https:\/\/www.saporinostri.it\/wp-content\/uploads\/2020\/05\/criscito-lievito-madre-caputo-1-kg-front.jpg\" \/>\n\t<meta property=\"og:image:width\" content=\"1100\" \/>\n\t<meta property=\"og:image:height\" content=\"1100\" \/>\n\t<meta property=\"og:image:type\" content=\"image\/jpeg\" \/>\n<meta name=\"twitter:card\" content=\"summary_large_image\" \/>\n<meta name=\"twitter:label1\" content=\"Preis\" \/>\n\t<meta name=\"twitter:data1\" content=\"&euro;6,99\" \/>\n\t<meta name=\"twitter:label2\" content=\"Verf\u00fcgbarkeit\" \/>\n\t<meta name=\"twitter:data2\" content=\"Auf Lager\" \/>\n<script type=\"application\/ld+json\" class=\"yoast-schema-graph\">{\"@context\":\"https:\\\/\\\/schema.org\",\"@graph\":[{\"@type\":\"WebPage\",\"@id\":\"https:\\\/\\\/www.saporinostri.it\\\/criscito-lievito-naturale-caputo-1-kg\\\/\",\"url\":\"https:\\\/\\\/www.saporinostri.it\\\/criscito-lievito-naturale-caputo-1-kg\\\/\",\"name\":\"Criscito Lievito Naturale Caputo 1 Kg - Sapori Nostri\",\"isPartOf\":{\"@id\":\"https:\\\/\\\/www.saporinostri.it\\\/#website\"},\"primaryImageOfPage\":{\"@id\":\"https:\\\/\\\/www.saporinostri.it\\\/criscito-lievito-naturale-caputo-1-kg\\\/#primaryimage\"},\"image\":{\"@id\":\"https:\\\/\\\/www.saporinostri.it\\\/criscito-lievito-naturale-caputo-1-kg\\\/#primaryimage\"},\"thumbnailUrl\":\"https:\\\/\\\/www.saporinostri.it\\\/wp-content\\\/uploads\\\/2020\\\/05\\\/criscito-lievito-madre-caputo-1-kg-front.jpg\",\"datePublished\":\"2020-05-18T13:00:09+00:00\",\"dateModified\":\"2026-04-14T04:57:03+00:00\",\"description\":\"Il lievito essiccato Caputo, chiamato anche Criscito, \u00e8 un prodotto naturale che si ottiene impastando farina di grano tenero di tipo \\\"0\\\" e acqua\",\"breadcrumb\":{\"@id\":\"https:\\\/\\\/www.saporinostri.it\\\/criscito-lievito-naturale-caputo-1-kg\\\/#breadcrumb\"},\"inLanguage\":\"de\",\"potentialAction\":[{\"@type\":\"ReadAction\",\"target\":[\"https:\\\/\\\/www.saporinostri.it\\\/criscito-lievito-naturale-caputo-1-kg\\\/\"]}]},{\"@type\":\"ImageObject\",\"inLanguage\":\"de\",\"@id\":\"https:\\\/\\\/www.saporinostri.it\\\/criscito-lievito-naturale-caputo-1-kg\\\/#primaryimage\",\"url\":\"https:\\\/\\\/www.saporinostri.it\\\/wp-content\\\/uploads\\\/2020\\\/05\\\/criscito-lievito-madre-caputo-1-kg-front.jpg\",\"contentUrl\":\"https:\\\/\\\/www.saporinostri.it\\\/wp-content\\\/uploads\\\/2020\\\/05\\\/criscito-lievito-madre-caputo-1-kg-front.jpg\",\"width\":1100,\"height\":1100,\"caption\":\"Criscito Lievito Madre Caputo 1 Kg\"},{\"@type\":\"BreadcrumbList\",\"@id\":\"https:\\\/\\\/www.saporinostri.it\\\/criscito-lievito-naturale-caputo-1-kg\\\/#breadcrumb\",\"itemListElement\":[{\"@type\":\"ListItem\",\"position\":1,\"name\":\"Home\",\"item\":\"https:\\\/\\\/www.saporinostri.it\\\/\"},{\"@type\":\"ListItem\",\"position\":2,\"name\":\"Shop\",\"item\":\"https:\\\/\\\/www.saporinostri.it\\\/fr\\\/shop\\\/\"},{\"@type\":\"ListItem\",\"position\":3,\"name\":\"Criscito Lievito Naturale Caputo 1 Kg\"}]},{\"@type\":\"WebSite\",\"@id\":\"https:\\\/\\\/www.saporinostri.it\\\/#website\",\"url\":\"https:\\\/\\\/www.saporinostri.it\\\/\",\"name\":\"Sapori Nostri\",\"description\":\"\",\"publisher\":{\"@id\":\"https:\\\/\\\/www.saporinostri.it\\\/#organization\"},\"potentialAction\":[{\"@type\":\"SearchAction\",\"target\":{\"@type\":\"EntryPoint\",\"urlTemplate\":\"https:\\\/\\\/www.saporinostri.it\\\/?s={search_term_string}\"},\"query-input\":{\"@type\":\"PropertyValueSpecification\",\"valueRequired\":true,\"valueName\":\"search_term_string\"}}],\"inLanguage\":\"de\"},{\"@type\":\"Organization\",\"@id\":\"https:\\\/\\\/www.saporinostri.it\\\/#organization\",\"name\":\"Sapori Nostri\",\"url\":\"https:\\\/\\\/www.saporinostri.it\\\/\",\"logo\":{\"@type\":\"ImageObject\",\"inLanguage\":\"de\",\"@id\":\"https:\\\/\\\/www.saporinostri.it\\\/#\\\/schema\\\/logo\\\/image\\\/\",\"url\":\"https:\\\/\\\/www.saporinostri.it\\\/wp-content\\\/uploads\\\/2020\\\/05\\\/logo-retina.png\",\"contentUrl\":\"https:\\\/\\\/www.saporinostri.it\\\/wp-content\\\/uploads\\\/2020\\\/05\\\/logo-retina.png\",\"width\":500,\"height\":109,\"caption\":\"Sapori Nostri\"},\"image\":{\"@id\":\"https:\\\/\\\/www.saporinostri.it\\\/#\\\/schema\\\/logo\\\/image\\\/\"},\"sameAs\":[\"https:\\\/\\\/www.facebook.com\\\/saporinostri.it\\\/\",\"https:\\\/\\\/www.instagram.com\\\/saporinostri.it\\\/\"]}]}<\/script>\n<meta property=\"product:brand\" content=\"Mulino Caputo\" \/>\n<meta property=\"product:price:amount\" content=\"6.99\" \/>\n<meta property=\"product:price:currency\" content=\"EUR\" \/>\n<meta property=\"og:availability\" content=\"instock\" \/>\n<meta property=\"product:availability\" content=\"instock\" \/>\n<meta property=\"product:retailer_item_id\" content=\"8014601250735\" \/>\n<meta property=\"product:condition\" content=\"new\" \/>\n<!-- \/ Yoast SEO Premium plugin. -->","yoast_head_json":{"title":"Criscito Caputo Nat\u00fcrliche Hefe 1 Kg - Unsere Geschmacksrichtungen","description":"Caputo Trockenhefe, auch Criscito genannt, ist ein Naturprodukt, das durch Mischen von Weichweizenmehl vom Typ &quot;0&quot; und Wasser gewonnen wird","robots":{"index":"index","follow":"follow","max-snippet":"max-snippet:-1","max-image-preview":"max-image-preview:large","max-video-preview":"max-video-preview:-1"},"canonical":"https:\/\/www.saporinostri.it\/de\/criscito-lievito-naturale-caputo-1-kg\/","og_locale":"de_DE","og_type":"article","og_title":"Criscito Lievito Naturale Caputo 1 Kg","og_description":"Il lievito essiccato Caputo, chiamato anche Criscito, \u00e8 un prodotto naturale che si ottiene impastando farina di grano tenero di tipo \"0\" e acqua","og_url":"https:\/\/www.saporinostri.it\/de\/criscito-lievito-naturale-caputo-1-kg\/","og_site_name":"Sapori Nostri","article_publisher":"https:\/\/www.facebook.com\/saporinostri.it\/","article_modified_time":"2026-04-14T04:57:03+00:00","og_image":[{"width":1100,"height":1100,"url":"https:\/\/www.saporinostri.it\/wp-content\/uploads\/2020\/05\/criscito-lievito-madre-caputo-1-kg-front.jpg","type":"image\/jpeg"}],"twitter_card":"summary_large_image","twitter_misc":{"Preis":"&euro;6,99","Verf\u00fcgbarkeit":"Auf Lager"},"schema":{"@context":"https:\/\/schema.org","@graph":[{"@type":"WebPage","@id":"https:\/\/www.saporinostri.it\/criscito-lievito-naturale-caputo-1-kg\/","url":"https:\/\/www.saporinostri.it\/criscito-lievito-naturale-caputo-1-kg\/","name":"Criscito Caputo Nat\u00fcrliche Hefe 1 Kg - Unsere Geschmacksrichtungen","isPartOf":{"@id":"https:\/\/www.saporinostri.it\/#website"},"primaryImageOfPage":{"@id":"https:\/\/www.saporinostri.it\/criscito-lievito-naturale-caputo-1-kg\/#primaryimage"},"image":{"@id":"https:\/\/www.saporinostri.it\/criscito-lievito-naturale-caputo-1-kg\/#primaryimage"},"thumbnailUrl":"https:\/\/www.saporinostri.it\/wp-content\/uploads\/2020\/05\/criscito-lievito-madre-caputo-1-kg-front.jpg","datePublished":"2020-05-18T13:00:09+00:00","dateModified":"2026-04-14T04:57:03+00:00","description":"Caputo Trockenhefe, auch Criscito genannt, ist ein Naturprodukt, das durch Mischen von Weichweizenmehl vom Typ &quot;0&quot; und Wasser gewonnen wird","breadcrumb":{"@id":"https:\/\/www.saporinostri.it\/criscito-lievito-naturale-caputo-1-kg\/#breadcrumb"},"inLanguage":"de","potentialAction":[{"@type":"ReadAction","target":["https:\/\/www.saporinostri.it\/criscito-lievito-naturale-caputo-1-kg\/"]}]},{"@type":"ImageObject","inLanguage":"de","@id":"https:\/\/www.saporinostri.it\/criscito-lievito-naturale-caputo-1-kg\/#primaryimage","url":"https:\/\/www.saporinostri.it\/wp-content\/uploads\/2020\/05\/criscito-lievito-madre-caputo-1-kg-front.jpg","contentUrl":"https:\/\/www.saporinostri.it\/wp-content\/uploads\/2020\/05\/criscito-lievito-madre-caputo-1-kg-front.jpg","width":1100,"height":1100,"caption":"Criscito Lievito Madre Caputo 1 Kg"},{"@type":"BreadcrumbList","@id":"https:\/\/www.saporinostri.it\/criscito-lievito-naturale-caputo-1-kg\/#breadcrumb","itemListElement":[{"@type":"ListItem","position":1,"name":"Home","item":"https:\/\/www.saporinostri.it\/"},{"@type":"ListItem","position":2,"name":"Shop","item":"https:\/\/www.saporinostri.it\/fr\/shop\/"},{"@type":"ListItem","position":3,"name":"Criscito Lievito Naturale Caputo 1 Kg"}]},{"@type":"WebSite","@id":"https:\/\/www.saporinostri.it\/#website","url":"https:\/\/www.saporinostri.it\/","name":"Sapori Nostri","description":"","publisher":{"@id":"https:\/\/www.saporinostri.it\/#organization"},"potentialAction":[{"@type":"SearchAction","target":{"@type":"EntryPoint","urlTemplate":"https:\/\/www.saporinostri.it\/?s={search_term_string}"},"query-input":{"@type":"PropertyValueSpecification","valueRequired":true,"valueName":"search_term_string"}}],"inLanguage":"de"},{"@type":"Organization","@id":"https:\/\/www.saporinostri.it\/#organization","name":"Sapori Nostri","url":"https:\/\/www.saporinostri.it\/","logo":{"@type":"ImageObject","inLanguage":"de","@id":"https:\/\/www.saporinostri.it\/#\/schema\/logo\/image\/","url":"https:\/\/www.saporinostri.it\/wp-content\/uploads\/2020\/05\/logo-retina.png","contentUrl":"https:\/\/www.saporinostri.it\/wp-content\/uploads\/2020\/05\/logo-retina.png","width":500,"height":109,"caption":"Sapori Nostri"},"image":{"@id":"https:\/\/www.saporinostri.it\/#\/schema\/logo\/image\/"},"sameAs":["https:\/\/www.facebook.com\/saporinostri.it\/","https:\/\/www.instagram.com\/saporinostri.it\/"]}]},"product_brand":"Mulino Caputo","product_price_amount":"6.99","product_price_currency":"EUR","og_availability":"instock","product_availability":"instock","product_retailer_item_id":"8014601250735","product_condition":"new"},"jetpack_sharing_enabled":true,"brands":[{"id":110,"name":"Mulino Caputo","slug":"mulino-caputo"}],"_links":{"self":[{"href":"https:\/\/www.saporinostri.it\/de\/wp-json\/wp\/v2\/product\/2340","targetHints":{"allow":["GET"]}}],"collection":[{"href":"https:\/\/www.saporinostri.it\/de\/wp-json\/wp\/v2\/product"}],"about":[{"href":"https:\/\/www.saporinostri.it\/de\/wp-json\/wp\/v2\/types\/product"}],"replies":[{"embeddable":true,"href":"https:\/\/www.saporinostri.it\/de\/wp-json\/wp\/v2\/comments?post=2340"}],"wp:featuredmedia":[{"embeddable":true,"href":"https:\/\/www.saporinostri.it\/de\/wp-json\/wp\/v2\/media\/4080"}],"wp:attachment":[{"href":"https:\/\/www.saporinostri.it\/de\/wp-json\/wp\/v2\/media?parent=2340"}],"wp:term":[{"taxonomy":"pwb-brand","embeddable":true,"href":"https:\/\/www.saporinostri.it\/de\/wp-json\/wp\/v2\/pwb-brand?post=2340"},{"taxonomy":"product_brand","embeddable":true,"href":"https:\/\/www.saporinostri.it\/de\/wp-json\/wp\/v2\/product_brand?post=2340"},{"taxonomy":"product_cat","embeddable":true,"href":"https:\/\/www.saporinostri.it\/de\/wp-json\/wp\/v2\/product_cat?post=2340"},{"taxonomy":"product_tag","embeddable":true,"href":"https:\/\/www.saporinostri.it\/de\/wp-json\/wp\/v2\/product_tag?post=2340"}],"curies":[{"name":"wp","href":"https:\/\/api.w.org\/{rel}","templated":true}]}}