{"id":2372,"date":"2020-05-18T17:45:17","date_gmt":"2020-05-18T15:45:17","guid":{"rendered":"http:\/\/172.105.66.148\/?post_type=product&#038;p=2372"},"modified":"2026-04-08T11:50:19","modified_gmt":"2026-04-08T09:50:19","slug":"mattarello-in-faggio-manico-girevole-50-cm","status":"publish","type":"product","link":"https:\/\/www.saporinostri.it\/de\/mattarello-in-faggio-manico-girevole-50-cm\/","title":{"rendered":"Nudelholz aus Buche mit Drehgriff 50 cm"},"content":{"rendered":"<p style=\"font-size: 1.2em; line-height: 1.5; color: #121212;\">Aus Holz von\u00a0<em><strong>Buche\u00a0<\/strong><\/em>(FAGUS Sylvatica) einteilig. Das Nudelholz wird in keiner Weise oberfl\u00e4chlich behandelt, weder mit \u00d6len noch mit Farben. Der Rohstoff ist von\u00a0<em><strong>Europ\u00e4ischer Ursprung\u00a0<\/strong><\/em>und stammt nicht aus illegalem Schneiden gem\u00e4\u00df Reg. Cee 995\/2010. Das Nudelholz ist f\u00fcr den Kontakt mit Lebensmitteln geeignet und die verwendeten Materialien entsprechen den Vorschriften zum Schutz der Gesundheit der Verbraucher. Das Nudelholz bringt keine unannehmbare Ver\u00e4nderung der Zusammensetzung von Nahrungsmittelprodukten oder eine Verschlechterung der organoleptischen Eigenschaften mit sich.<\/p>\n<p style=\"font-size: 1.2em; line-height: 1.5; color: #121212;\"><strong>Vorsichtsma\u00dfnahmen f\u00fcr Gebrauch und Wartung<\/strong>:<br \/>\nDas\u00a0<em><strong>Holz\u00a0<\/strong><\/em>es ist ein nat\u00fcrliches und por\u00f6ses Material und kann daher externe Verunreinigungen wie Reinigungsmittel aufnehmen. Es wird empfohlen, das Nudelholz nach Gebrauch mit Wasser und Bicarbonat zu waschen. Lassen Sie das Nudelholz nat\u00fcrlich trocknen, ohne es in die N\u00e4he von direkten W\u00e4rmequellen zu bringen, um Verformungen und Risse zu vermeiden.<\/p>","protected":false},"excerpt":{"rendered":"<p style=\"font-size: 1.2em; line-height: 1.5; color: #121212; margin-bottom: 20px;\">Nudelholz mit drehbarem Griff <strong>Hergestellt in Italien<\/strong>, aus unbehandeltem Buchenholz.<br \/>\nDurchmesser: 4,4 cm - L\u00e4nge: 50 cm<\/p>","protected":false},"featured_media":9630,"comment_status":"open","ping_status":"closed","template":"","meta":{"_acf_changed":false,"inline_featured_image":false,"wprm-recipe-roundup-name":"","wprm-recipe-roundup-description":"","_monsterinsights_skip_tracking":false,"_monsterinsights_sitenote_active":false,"_monsterinsights_sitenote_note":"","_monsterinsights_sitenote_category":0},"pwb-brand":[157],"product_brand":[],"product_cat":[147,145],"product_tag":[],"class_list":{"0":"post-2372","1":"product","2":"type-product","3":"status-publish","4":"has-post-thumbnail","6":"pwb-brand-checco","7":"product_cat-mattarelli","8":"product_cat-utensili-cucina","10":"first","11":"instock","12":"sale","13":"taxable","14":"shipping-taxable","15":"purchasable","16":"product-type-simple"},"acf":[],"yoast_head":"<!-- This site is optimized with the Yoast SEO Premium plugin v23.7 (Yoast SEO v27.3) - https:\/\/yoast.com\/product\/yoast-seo-premium-wordpress\/ -->\n<title>Mattarello in Faggio con Manico Girevole 50 cm - Sapori Nostri<\/title>\n<meta name=\"description\" content=\"Mattarello con manico girevole Made in Italy, realizzato in legno di faggio non trattato, diametro 4.4 cm, lunghezza 50 cm\" \/>\n<meta name=\"robots\" content=\"index, follow, max-snippet:-1, max-image-preview:large, max-video-preview:-1\" \/>\n<link rel=\"canonical\" href=\"https:\/\/www.saporinostri.it\/de\/mattarello-in-faggio-manico-girevole-50-cm\/\" \/>\n<meta property=\"og:locale\" content=\"de_DE\" \/>\n<meta property=\"og:type\" content=\"article\" \/>\n<meta property=\"og:title\" content=\"Mattarello in Faggio con Manico Girevole 50 cm\" \/>\n<meta property=\"og:description\" content=\"Mattarello con manico girevole Made in Italy, realizzato in legno di faggio non trattato, diametro 4.4 cm, lunghezza 50 cm\" \/>\n<meta property=\"og:url\" content=\"https:\/\/www.saporinostri.it\/de\/mattarello-in-faggio-manico-girevole-50-cm\/\" \/>\n<meta property=\"og:site_name\" content=\"Sapori Nostri\" \/>\n<meta property=\"article:publisher\" content=\"https:\/\/www.facebook.com\/saporinostri.it\/\" \/>\n<meta property=\"article:modified_time\" content=\"2026-04-08T09:50:19+00:00\" \/>\n<meta property=\"og:image\" content=\"https:\/\/www.saporinostri.it\/wp-content\/uploads\/2020\/05\/mattarello-faggio-manico-girevole-50cm.jpg\" \/>\n\t<meta property=\"og:image:width\" content=\"1000\" \/>\n\t<meta property=\"og:image:height\" content=\"1000\" \/>\n\t<meta property=\"og:image:type\" content=\"image\/jpeg\" \/>\n<meta name=\"twitter:card\" content=\"summary_large_image\" \/>\n<meta name=\"twitter:label1\" content=\"Preis\" \/>\n\t<meta name=\"twitter:data1\" content=\"&euro;5,90\" \/>\n\t<meta name=\"twitter:label2\" content=\"Verf\u00fcgbarkeit\" \/>\n\t<meta name=\"twitter:data2\" content=\"Auf Lager\" \/>\n<script type=\"application\/ld+json\" class=\"yoast-schema-graph\">{\"@context\":\"https:\\\/\\\/schema.org\",\"@graph\":[{\"@type\":\"WebPage\",\"@id\":\"https:\\\/\\\/www.saporinostri.it\\\/mattarello-in-faggio-manico-girevole-50-cm\\\/\",\"url\":\"https:\\\/\\\/www.saporinostri.it\\\/mattarello-in-faggio-manico-girevole-50-cm\\\/\",\"name\":\"Mattarello in Faggio con Manico Girevole 50 cm - Sapori Nostri\",\"isPartOf\":{\"@id\":\"https:\\\/\\\/www.saporinostri.it\\\/#website\"},\"primaryImageOfPage\":{\"@id\":\"https:\\\/\\\/www.saporinostri.it\\\/mattarello-in-faggio-manico-girevole-50-cm\\\/#primaryimage\"},\"image\":{\"@id\":\"https:\\\/\\\/www.saporinostri.it\\\/mattarello-in-faggio-manico-girevole-50-cm\\\/#primaryimage\"},\"thumbnailUrl\":\"https:\\\/\\\/www.saporinostri.it\\\/wp-content\\\/uploads\\\/2020\\\/05\\\/mattarello-faggio-manico-girevole-50cm.jpg\",\"datePublished\":\"2020-05-18T15:45:17+00:00\",\"dateModified\":\"2026-04-08T09:50:19+00:00\",\"description\":\"Mattarello con manico girevole Made in Italy, realizzato in legno di faggio non trattato, diametro 4.4 cm, lunghezza 50 cm\",\"breadcrumb\":{\"@id\":\"https:\\\/\\\/www.saporinostri.it\\\/mattarello-in-faggio-manico-girevole-50-cm\\\/#breadcrumb\"},\"inLanguage\":\"de\",\"potentialAction\":[{\"@type\":\"ReadAction\",\"target\":[\"https:\\\/\\\/www.saporinostri.it\\\/mattarello-in-faggio-manico-girevole-50-cm\\\/\"]}]},{\"@type\":\"ImageObject\",\"inLanguage\":\"de\",\"@id\":\"https:\\\/\\\/www.saporinostri.it\\\/mattarello-in-faggio-manico-girevole-50-cm\\\/#primaryimage\",\"url\":\"https:\\\/\\\/www.saporinostri.it\\\/wp-content\\\/uploads\\\/2020\\\/05\\\/mattarello-faggio-manico-girevole-50cm.jpg\",\"contentUrl\":\"https:\\\/\\\/www.saporinostri.it\\\/wp-content\\\/uploads\\\/2020\\\/05\\\/mattarello-faggio-manico-girevole-50cm.jpg\",\"width\":1000,\"height\":1000,\"caption\":\"Mattarello in Faggio con Manico Girevole\"},{\"@type\":\"BreadcrumbList\",\"@id\":\"https:\\\/\\\/www.saporinostri.it\\\/mattarello-in-faggio-manico-girevole-50-cm\\\/#breadcrumb\",\"itemListElement\":[{\"@type\":\"ListItem\",\"position\":1,\"name\":\"Home\",\"item\":\"https:\\\/\\\/www.saporinostri.it\\\/\"},{\"@type\":\"ListItem\",\"position\":2,\"name\":\"Shop\",\"item\":\"https:\\\/\\\/www.saporinostri.it\\\/fr\\\/shop\\\/\"},{\"@type\":\"ListItem\",\"position\":3,\"name\":\"Mattarello in Faggio con Manico Girevole 50 cm\"}]},{\"@type\":\"WebSite\",\"@id\":\"https:\\\/\\\/www.saporinostri.it\\\/#website\",\"url\":\"https:\\\/\\\/www.saporinostri.it\\\/\",\"name\":\"Sapori Nostri\",\"description\":\"\",\"publisher\":{\"@id\":\"https:\\\/\\\/www.saporinostri.it\\\/#organization\"},\"potentialAction\":[{\"@type\":\"SearchAction\",\"target\":{\"@type\":\"EntryPoint\",\"urlTemplate\":\"https:\\\/\\\/www.saporinostri.it\\\/?s={search_term_string}\"},\"query-input\":{\"@type\":\"PropertyValueSpecification\",\"valueRequired\":true,\"valueName\":\"search_term_string\"}}],\"inLanguage\":\"de\"},{\"@type\":\"Organization\",\"@id\":\"https:\\\/\\\/www.saporinostri.it\\\/#organization\",\"name\":\"Sapori Nostri\",\"url\":\"https:\\\/\\\/www.saporinostri.it\\\/\",\"logo\":{\"@type\":\"ImageObject\",\"inLanguage\":\"de\",\"@id\":\"https:\\\/\\\/www.saporinostri.it\\\/#\\\/schema\\\/logo\\\/image\\\/\",\"url\":\"https:\\\/\\\/www.saporinostri.it\\\/wp-content\\\/uploads\\\/2020\\\/05\\\/logo-retina.png\",\"contentUrl\":\"https:\\\/\\\/www.saporinostri.it\\\/wp-content\\\/uploads\\\/2020\\\/05\\\/logo-retina.png\",\"width\":500,\"height\":109,\"caption\":\"Sapori Nostri\"},\"image\":{\"@id\":\"https:\\\/\\\/www.saporinostri.it\\\/#\\\/schema\\\/logo\\\/image\\\/\"},\"sameAs\":[\"https:\\\/\\\/www.facebook.com\\\/saporinostri.it\\\/\",\"https:\\\/\\\/www.instagram.com\\\/saporinostri.it\\\/\"]}]}<\/script>\n<meta property=\"product:brand\" content=\"Checco\" \/>\n<meta property=\"product:price:amount\" content=\"5.90\" \/>\n<meta property=\"product:price:currency\" content=\"EUR\" \/>\n<meta property=\"og:availability\" content=\"instock\" \/>\n<meta property=\"product:availability\" content=\"instock\" \/>\n<meta property=\"product:condition\" content=\"new\" \/>\n<!-- \/ Yoast SEO Premium plugin. -->","yoast_head_json":{"title":"Nudelholz aus Buche mit Drehgriff 50 cm - Sapori Nostra","description":"Nudelholz mit drehbarem Griff Made in Italy, aus unbehandeltem Buchenholz, Durchmesser 4,4 cm, L\u00e4nge 50 cm","robots":{"index":"index","follow":"follow","max-snippet":"max-snippet:-1","max-image-preview":"max-image-preview:large","max-video-preview":"max-video-preview:-1"},"canonical":"https:\/\/www.saporinostri.it\/de\/mattarello-in-faggio-manico-girevole-50-cm\/","og_locale":"de_DE","og_type":"article","og_title":"Mattarello in Faggio con Manico Girevole 50 cm","og_description":"Mattarello con manico girevole Made in Italy, realizzato in legno di faggio non trattato, diametro 4.4 cm, lunghezza 50 cm","og_url":"https:\/\/www.saporinostri.it\/de\/mattarello-in-faggio-manico-girevole-50-cm\/","og_site_name":"Sapori Nostri","article_publisher":"https:\/\/www.facebook.com\/saporinostri.it\/","article_modified_time":"2026-04-08T09:50:19+00:00","og_image":[{"width":1000,"height":1000,"url":"https:\/\/www.saporinostri.it\/wp-content\/uploads\/2020\/05\/mattarello-faggio-manico-girevole-50cm.jpg","type":"image\/jpeg"}],"twitter_card":"summary_large_image","twitter_misc":{"Preis":"&euro;5,90","Verf\u00fcgbarkeit":"Auf Lager"},"schema":{"@context":"https:\/\/schema.org","@graph":[{"@type":"WebPage","@id":"https:\/\/www.saporinostri.it\/mattarello-in-faggio-manico-girevole-50-cm\/","url":"https:\/\/www.saporinostri.it\/mattarello-in-faggio-manico-girevole-50-cm\/","name":"Nudelholz aus Buche mit Drehgriff 50 cm - Sapori Nostra","isPartOf":{"@id":"https:\/\/www.saporinostri.it\/#website"},"primaryImageOfPage":{"@id":"https:\/\/www.saporinostri.it\/mattarello-in-faggio-manico-girevole-50-cm\/#primaryimage"},"image":{"@id":"https:\/\/www.saporinostri.it\/mattarello-in-faggio-manico-girevole-50-cm\/#primaryimage"},"thumbnailUrl":"https:\/\/www.saporinostri.it\/wp-content\/uploads\/2020\/05\/mattarello-faggio-manico-girevole-50cm.jpg","datePublished":"2020-05-18T15:45:17+00:00","dateModified":"2026-04-08T09:50:19+00:00","description":"Nudelholz mit drehbarem Griff Made in Italy, aus unbehandeltem Buchenholz, Durchmesser 4,4 cm, L\u00e4nge 50 cm","breadcrumb":{"@id":"https:\/\/www.saporinostri.it\/mattarello-in-faggio-manico-girevole-50-cm\/#breadcrumb"},"inLanguage":"de","potentialAction":[{"@type":"ReadAction","target":["https:\/\/www.saporinostri.it\/mattarello-in-faggio-manico-girevole-50-cm\/"]}]},{"@type":"ImageObject","inLanguage":"de","@id":"https:\/\/www.saporinostri.it\/mattarello-in-faggio-manico-girevole-50-cm\/#primaryimage","url":"https:\/\/www.saporinostri.it\/wp-content\/uploads\/2020\/05\/mattarello-faggio-manico-girevole-50cm.jpg","contentUrl":"https:\/\/www.saporinostri.it\/wp-content\/uploads\/2020\/05\/mattarello-faggio-manico-girevole-50cm.jpg","width":1000,"height":1000,"caption":"Mattarello in Faggio con Manico Girevole"},{"@type":"BreadcrumbList","@id":"https:\/\/www.saporinostri.it\/mattarello-in-faggio-manico-girevole-50-cm\/#breadcrumb","itemListElement":[{"@type":"ListItem","position":1,"name":"Home","item":"https:\/\/www.saporinostri.it\/"},{"@type":"ListItem","position":2,"name":"Shop","item":"https:\/\/www.saporinostri.it\/fr\/shop\/"},{"@type":"ListItem","position":3,"name":"Mattarello in Faggio con Manico Girevole 50 cm"}]},{"@type":"WebSite","@id":"https:\/\/www.saporinostri.it\/#website","url":"https:\/\/www.saporinostri.it\/","name":"Sapori Nostri","description":"","publisher":{"@id":"https:\/\/www.saporinostri.it\/#organization"},"potentialAction":[{"@type":"SearchAction","target":{"@type":"EntryPoint","urlTemplate":"https:\/\/www.saporinostri.it\/?s={search_term_string}"},"query-input":{"@type":"PropertyValueSpecification","valueRequired":true,"valueName":"search_term_string"}}],"inLanguage":"de"},{"@type":"Organization","@id":"https:\/\/www.saporinostri.it\/#organization","name":"Sapori Nostri","url":"https:\/\/www.saporinostri.it\/","logo":{"@type":"ImageObject","inLanguage":"de","@id":"https:\/\/www.saporinostri.it\/#\/schema\/logo\/image\/","url":"https:\/\/www.saporinostri.it\/wp-content\/uploads\/2020\/05\/logo-retina.png","contentUrl":"https:\/\/www.saporinostri.it\/wp-content\/uploads\/2020\/05\/logo-retina.png","width":500,"height":109,"caption":"Sapori Nostri"},"image":{"@id":"https:\/\/www.saporinostri.it\/#\/schema\/logo\/image\/"},"sameAs":["https:\/\/www.facebook.com\/saporinostri.it\/","https:\/\/www.instagram.com\/saporinostri.it\/"]}]},"product_brand":"Checco","product_price_amount":"5.90","product_price_currency":"EUR","og_availability":"instock","product_availability":"instock","product_condition":"new"},"jetpack_sharing_enabled":true,"brands":[{"id":157,"name":"Checco","slug":"checco"}],"_links":{"self":[{"href":"https:\/\/www.saporinostri.it\/de\/wp-json\/wp\/v2\/product\/2372","targetHints":{"allow":["GET"]}}],"collection":[{"href":"https:\/\/www.saporinostri.it\/de\/wp-json\/wp\/v2\/product"}],"about":[{"href":"https:\/\/www.saporinostri.it\/de\/wp-json\/wp\/v2\/types\/product"}],"replies":[{"embeddable":true,"href":"https:\/\/www.saporinostri.it\/de\/wp-json\/wp\/v2\/comments?post=2372"}],"wp:featuredmedia":[{"embeddable":true,"href":"https:\/\/www.saporinostri.it\/de\/wp-json\/wp\/v2\/media\/9630"}],"wp:attachment":[{"href":"https:\/\/www.saporinostri.it\/de\/wp-json\/wp\/v2\/media?parent=2372"}],"wp:term":[{"taxonomy":"pwb-brand","embeddable":true,"href":"https:\/\/www.saporinostri.it\/de\/wp-json\/wp\/v2\/pwb-brand?post=2372"},{"taxonomy":"product_brand","embeddable":true,"href":"https:\/\/www.saporinostri.it\/de\/wp-json\/wp\/v2\/product_brand?post=2372"},{"taxonomy":"product_cat","embeddable":true,"href":"https:\/\/www.saporinostri.it\/de\/wp-json\/wp\/v2\/product_cat?post=2372"},{"taxonomy":"product_tag","embeddable":true,"href":"https:\/\/www.saporinostri.it\/de\/wp-json\/wp\/v2\/product_tag?post=2372"}],"curies":[{"name":"wp","href":"https:\/\/api.w.org\/{rel}","templated":true}]}}