{"id":24077,"date":"2023-09-12T09:23:32","date_gmt":"2023-09-12T07:23:32","guid":{"rendered":"https:\/\/woocommerce-587295-4567585.cloudwaysapps.com\/?post_type=product&#038;p=24077"},"modified":"2026-03-30T13:27:50","modified_gmt":"2026-03-30T11:27:50","slug":"farina-fioreglut-caputo-1-k-per-dolci","status":"publish","type":"product","link":"https:\/\/www.saporinostri.it\/de\/farina-fioreglut-caputo-1-k-per-dolci\/","title":{"rendered":"Fioreglut Caputo-Mehl, ideal f\u00fcr DESSERTS, 1 kg"},"content":{"rendered":"<p><strong>Fioreglut<\/strong> Es ist ein glutenfreies Mehl mit kalibrierter K\u00f6rnung, f\u00fcr eine einfache Hydratation und hervorragende Verarbeitbarkeit. F\u00fcr weiche Teige, die nach dem Garen Leichtigkeit und Geschmack behalten. Die St\u00e4rkemischung ist perfekt abgestimmt f\u00fcr glutenfreie Zubereitungen.<\/p>\n<p>Lesen Sie den Artikel von <a href=\"https:\/\/www.lucianopignataro.it\/a\/aria-e-fioreglut-dolci-mulino-caputo-porta-la-tradizione-napoletana-al-tuttofood-di-milano\/234141\/\">Luciano Pignataro<\/a><\/p>\n<div class=\"mini-infobox-wrapper\">\n<p class=\"mini-infobox\"><b>Mehlsorte<\/b><br \/>\nHalbfertiges Produkt<\/p>\n<p class=\"mini-infobox\"><b>B\u00e4ckerei<\/b><br \/>\n\u2014<\/p>\n<p class=\"mini-infobox\"><b>Proteine<\/b><br \/>\n2,40%<\/p>\n<p class=\"mini-infobox\"><b>Elastizit\u00e4t<\/b><br \/>\n\u2014<\/p>\n<p class=\"mini-infobox\"><b>Sauerteig<\/b><br \/>\n\u2014<\/p>\n<\/div>\n<h3 class=\"mt-5\">Die Caputo-M\u00fchle<\/h3>\n<div class=\"mt-3\">\n<p>Seit 1924 ist die\u00a0<strong>Mulino Caputo<\/strong>\u00a0arbeitet den Weizen mit Gro\u00dfz\u00fcgigkeit und Leidenschaft, um Fachleuten und Liebhabern der White Art Caputo Farina von h\u00f6chster Qualit\u00e4t anzubieten, die unter voller Achtung der Rohstoffe und der Tradition hergestellt wird.<\/p>\n<p>Il Molino Caputo produziert eine breite Palette von Mehlen f\u00fcr den privaten und professionellen Gebrauch. Caputo-Mehl wird vor allem von Profis in der Konditorei, Brotherstellung, Pasta und Pizza verwendet, wobei viele Mehlsorten f\u00fcr verschiedene Prozesse bestimmt sind.<\/p>\n<p>Autorit\u00e4t, Spontaneit\u00e4t und Tradition, aus diesen Werten entsteht die wei\u00dfe Kunst von Mulino Caputo, die es dank der Erfahrung von drei Generationen neapolitanischer Meisterm\u00fcller erm\u00f6glicht, sehr hohe Qualit\u00e4tsstandards zu garantieren, um diesen Experten zu gew\u00e4hrleisten Gastronomen und Handwerker des Geschmacks bringen ihre Kreativit\u00e4t am besten zum Ausdruck.<\/p>\n<p>Caputo-Mehl hat die F\u00e4higkeit, die Nat\u00fcrlichkeit und Authentizit\u00e4t von Aromen maximal zu bewahren, aus diesem und aus anderen Gr\u00fcnden wird Molino Caputo auf der ganzen Welt gesch\u00e4tzt und anerkannt.<\/p>\n<\/div>","protected":false},"excerpt":{"rendered":"<p><b>Caputo Mehl glutenfrei<\/b><\/p>\n<ul>\n<li>F\u00fcr weiche Teige, die nach dem Garen Leichtigkeit und Geschmack behalten.<\/li>\n<li>Mehl mit kalibrierter K\u00f6rnung, f\u00fcr einfache Hydratation, ausgezeichnete Verarbeitbarkeit.<\/li>\n<\/ul>\n<div class=\"scadenza\">Letzter Batch-Ablauf: <b>01.07.2024 L.S2309101<\/b><\/div>","protected":false},"featured_media":24078,"comment_status":"open","ping_status":"closed","template":"","meta":{"_acf_changed":false,"inline_featured_image":false,"wprm-recipe-roundup-name":"","wprm-recipe-roundup-description":"","_monsterinsights_skip_tracking":false,"_monsterinsights_sitenote_active":false,"_monsterinsights_sitenote_note":"","_monsterinsights_sitenote_category":0},"pwb-brand":[110],"product_brand":[],"product_cat":[97],"product_tag":[],"class_list":{"0":"post-24077","1":"product","2":"type-product","3":"status-publish","4":"has-post-thumbnail","6":"pwb-brand-mulino-caputo","7":"product_cat-farine","8":"product_shipping_class-iva-10","10":"first","11":"outofstock","12":"sale","13":"taxable","14":"shipping-taxable","15":"purchasable","16":"product-type-simple"},"acf":[],"yoast_head":"<!-- This site is optimized with the Yoast SEO Premium plugin v23.7 (Yoast SEO v27.3) - https:\/\/yoast.com\/product\/yoast-seo-premium-wordpress\/ -->\n<title>Farina Fioreglut Caputo ideale per DOLCI 1 Kg - Farina Caputo Senza Glutine - Sapori Nostri<\/title>\n<meta name=\"description\" content=\"Farina Caputo Senza Glutine Fioreglut ideale per dolci, per impasti soffici e leggeri, rinuncia al glutine ma non al sapore e alla qualit\u00e0\" \/>\n<meta name=\"robots\" content=\"index, follow, max-snippet:-1, max-image-preview:large, max-video-preview:-1\" \/>\n<link rel=\"canonical\" href=\"https:\/\/www.saporinostri.it\/de\/farina-fioreglut-caputo-1-k-per-dolci\/\" \/>\n<meta property=\"og:locale\" content=\"de_DE\" \/>\n<meta property=\"og:type\" content=\"article\" \/>\n<meta property=\"og:title\" content=\"Farina Fioreglut Caputo ideale per DOLCI 1 Kg\" \/>\n<meta property=\"og:description\" content=\"Farina Caputo Senza Glutine Fioreglut ideale per dolci, per impasti soffici e leggeri, rinuncia al glutine ma non al sapore e alla qualit\u00e0\" \/>\n<meta property=\"og:url\" content=\"https:\/\/www.saporinostri.it\/de\/farina-fioreglut-caputo-1-k-per-dolci\/\" \/>\n<meta property=\"og:site_name\" content=\"Sapori Nostri\" \/>\n<meta property=\"article:publisher\" content=\"https:\/\/www.facebook.com\/saporinostri.it\/\" \/>\n<meta property=\"article:modified_time\" content=\"2026-03-30T11:27:50+00:00\" \/>\n<meta property=\"og:image\" content=\"https:\/\/www.saporinostri.it\/wp-content\/uploads\/2023\/09\/2021-09-20-Pack-inclinato-dolci.png\" \/>\n\t<meta property=\"og:image:width\" content=\"1000\" \/>\n\t<meta property=\"og:image:height\" content=\"1100\" \/>\n\t<meta property=\"og:image:type\" content=\"image\/png\" \/>\n<meta name=\"twitter:card\" content=\"summary_large_image\" \/>\n<meta name=\"twitter:label1\" content=\"Preis\" \/>\n\t<meta name=\"twitter:data1\" content=\"&euro;6,89\" \/>\n\t<meta name=\"twitter:label2\" content=\"Verf\u00fcgbarkeit\" \/>\n\t<meta name=\"twitter:data2\" content=\"ausverkauft\" \/>\n<script type=\"application\/ld+json\" class=\"yoast-schema-graph\">{\"@context\":\"https:\\\/\\\/schema.org\",\"@graph\":[{\"@type\":\"WebPage\",\"@id\":\"https:\\\/\\\/www.saporinostri.it\\\/farina-fioreglut-caputo-1-k-per-dolci\\\/\",\"url\":\"https:\\\/\\\/www.saporinostri.it\\\/farina-fioreglut-caputo-1-k-per-dolci\\\/\",\"name\":\"Farina Fioreglut Caputo ideale per DOLCI 1 Kg - Farina Caputo Senza Glutine - Sapori Nostri\",\"isPartOf\":{\"@id\":\"https:\\\/\\\/www.saporinostri.it\\\/#website\"},\"primaryImageOfPage\":{\"@id\":\"https:\\\/\\\/www.saporinostri.it\\\/farina-fioreglut-caputo-1-k-per-dolci\\\/#primaryimage\"},\"image\":{\"@id\":\"https:\\\/\\\/www.saporinostri.it\\\/farina-fioreglut-caputo-1-k-per-dolci\\\/#primaryimage\"},\"thumbnailUrl\":\"https:\\\/\\\/www.saporinostri.it\\\/wp-content\\\/uploads\\\/2023\\\/09\\\/2021-09-20-Pack-inclinato-dolci.png\",\"datePublished\":\"2023-09-12T07:23:32+00:00\",\"dateModified\":\"2026-03-30T11:27:50+00:00\",\"description\":\"Farina Caputo Senza Glutine Fioreglut ideale per dolci, per impasti soffici e leggeri, rinuncia al glutine ma non al sapore e alla qualit\u00e0\",\"breadcrumb\":{\"@id\":\"https:\\\/\\\/www.saporinostri.it\\\/farina-fioreglut-caputo-1-k-per-dolci\\\/#breadcrumb\"},\"inLanguage\":\"de\",\"potentialAction\":[{\"@type\":\"ReadAction\",\"target\":[\"https:\\\/\\\/www.saporinostri.it\\\/farina-fioreglut-caputo-1-k-per-dolci\\\/\"]}]},{\"@type\":\"ImageObject\",\"inLanguage\":\"de\",\"@id\":\"https:\\\/\\\/www.saporinostri.it\\\/farina-fioreglut-caputo-1-k-per-dolci\\\/#primaryimage\",\"url\":\"https:\\\/\\\/www.saporinostri.it\\\/wp-content\\\/uploads\\\/2023\\\/09\\\/2021-09-20-Pack-inclinato-dolci.png\",\"contentUrl\":\"https:\\\/\\\/www.saporinostri.it\\\/wp-content\\\/uploads\\\/2023\\\/09\\\/2021-09-20-Pack-inclinato-dolci.png\",\"width\":1000,\"height\":1100},{\"@type\":\"BreadcrumbList\",\"@id\":\"https:\\\/\\\/www.saporinostri.it\\\/farina-fioreglut-caputo-1-k-per-dolci\\\/#breadcrumb\",\"itemListElement\":[{\"@type\":\"ListItem\",\"position\":1,\"name\":\"Home\",\"item\":\"https:\\\/\\\/www.saporinostri.it\\\/\"},{\"@type\":\"ListItem\",\"position\":2,\"name\":\"Shop\",\"item\":\"https:\\\/\\\/www.saporinostri.it\\\/fr\\\/shop\\\/\"},{\"@type\":\"ListItem\",\"position\":3,\"name\":\"Farina Fioreglut Caputo ideale per DOLCI 1 Kg\"}]},{\"@type\":\"WebSite\",\"@id\":\"https:\\\/\\\/www.saporinostri.it\\\/#website\",\"url\":\"https:\\\/\\\/www.saporinostri.it\\\/\",\"name\":\"Sapori Nostri\",\"description\":\"\",\"publisher\":{\"@id\":\"https:\\\/\\\/www.saporinostri.it\\\/#organization\"},\"potentialAction\":[{\"@type\":\"SearchAction\",\"target\":{\"@type\":\"EntryPoint\",\"urlTemplate\":\"https:\\\/\\\/www.saporinostri.it\\\/?s={search_term_string}\"},\"query-input\":{\"@type\":\"PropertyValueSpecification\",\"valueRequired\":true,\"valueName\":\"search_term_string\"}}],\"inLanguage\":\"de\"},{\"@type\":\"Organization\",\"@id\":\"https:\\\/\\\/www.saporinostri.it\\\/#organization\",\"name\":\"Sapori Nostri\",\"url\":\"https:\\\/\\\/www.saporinostri.it\\\/\",\"logo\":{\"@type\":\"ImageObject\",\"inLanguage\":\"de\",\"@id\":\"https:\\\/\\\/www.saporinostri.it\\\/#\\\/schema\\\/logo\\\/image\\\/\",\"url\":\"https:\\\/\\\/www.saporinostri.it\\\/wp-content\\\/uploads\\\/2020\\\/05\\\/logo-retina.png\",\"contentUrl\":\"https:\\\/\\\/www.saporinostri.it\\\/wp-content\\\/uploads\\\/2020\\\/05\\\/logo-retina.png\",\"width\":500,\"height\":109,\"caption\":\"Sapori Nostri\"},\"image\":{\"@id\":\"https:\\\/\\\/www.saporinostri.it\\\/#\\\/schema\\\/logo\\\/image\\\/\"},\"sameAs\":[\"https:\\\/\\\/www.facebook.com\\\/saporinostri.it\\\/\",\"https:\\\/\\\/www.instagram.com\\\/saporinostri.it\\\/\"]}]}<\/script>\n<meta property=\"product:brand\" content=\"Mulino Caputo\" \/>\n<meta property=\"product:price:amount\" content=\"6.89\" \/>\n<meta property=\"product:price:currency\" content=\"EUR\" \/>\n<meta property=\"og:availability\" content=\"out of stock\" \/>\n<meta property=\"product:availability\" content=\"out of stock\" \/>\n<meta property=\"product:retailer_item_id\" content=\"8014601652218\" \/>\n<meta property=\"product:condition\" content=\"new\" \/>\n<!-- \/ Yoast SEO Premium plugin. -->","yoast_head_json":{"title":"Fioreglut Caputo-Mehl, ideal f\u00fcr DESSERTS 1 kg \u2013 Glutenfreies Caputo-Mehl \u2013 Sapori Nostri","description":"Caputo Glutenfreies Mehl Fioreglut, ideal f\u00fcr Desserts, f\u00fcr weiche und leichte Teige, verzichtet auf Gluten, aber nicht auf Geschmack und Qualit\u00e4t","robots":{"index":"index","follow":"follow","max-snippet":"max-snippet:-1","max-image-preview":"max-image-preview:large","max-video-preview":"max-video-preview:-1"},"canonical":"https:\/\/www.saporinostri.it\/de\/farina-fioreglut-caputo-1-k-per-dolci\/","og_locale":"de_DE","og_type":"article","og_title":"Farina Fioreglut Caputo ideale per DOLCI 1 Kg","og_description":"Farina Caputo Senza Glutine Fioreglut ideale per dolci, per impasti soffici e leggeri, rinuncia al glutine ma non al sapore e alla qualit\u00e0","og_url":"https:\/\/www.saporinostri.it\/de\/farina-fioreglut-caputo-1-k-per-dolci\/","og_site_name":"Sapori Nostri","article_publisher":"https:\/\/www.facebook.com\/saporinostri.it\/","article_modified_time":"2026-03-30T11:27:50+00:00","og_image":[{"width":1000,"height":1100,"url":"https:\/\/www.saporinostri.it\/wp-content\/uploads\/2023\/09\/2021-09-20-Pack-inclinato-dolci.png","type":"image\/png"}],"twitter_card":"summary_large_image","twitter_misc":{"Preis":"&euro;6,89","Verf\u00fcgbarkeit":"ausverkauft"},"schema":{"@context":"https:\/\/schema.org","@graph":[{"@type":"WebPage","@id":"https:\/\/www.saporinostri.it\/farina-fioreglut-caputo-1-k-per-dolci\/","url":"https:\/\/www.saporinostri.it\/farina-fioreglut-caputo-1-k-per-dolci\/","name":"Fioreglut Caputo-Mehl, ideal f\u00fcr DESSERTS 1 kg \u2013 Glutenfreies Caputo-Mehl \u2013 Sapori Nostri","isPartOf":{"@id":"https:\/\/www.saporinostri.it\/#website"},"primaryImageOfPage":{"@id":"https:\/\/www.saporinostri.it\/farina-fioreglut-caputo-1-k-per-dolci\/#primaryimage"},"image":{"@id":"https:\/\/www.saporinostri.it\/farina-fioreglut-caputo-1-k-per-dolci\/#primaryimage"},"thumbnailUrl":"https:\/\/www.saporinostri.it\/wp-content\/uploads\/2023\/09\/2021-09-20-Pack-inclinato-dolci.png","datePublished":"2023-09-12T07:23:32+00:00","dateModified":"2026-03-30T11:27:50+00:00","description":"Caputo Glutenfreies Mehl Fioreglut, ideal f\u00fcr Desserts, f\u00fcr weiche und leichte Teige, verzichtet auf Gluten, aber nicht auf Geschmack und Qualit\u00e4t","breadcrumb":{"@id":"https:\/\/www.saporinostri.it\/farina-fioreglut-caputo-1-k-per-dolci\/#breadcrumb"},"inLanguage":"de","potentialAction":[{"@type":"ReadAction","target":["https:\/\/www.saporinostri.it\/farina-fioreglut-caputo-1-k-per-dolci\/"]}]},{"@type":"ImageObject","inLanguage":"de","@id":"https:\/\/www.saporinostri.it\/farina-fioreglut-caputo-1-k-per-dolci\/#primaryimage","url":"https:\/\/www.saporinostri.it\/wp-content\/uploads\/2023\/09\/2021-09-20-Pack-inclinato-dolci.png","contentUrl":"https:\/\/www.saporinostri.it\/wp-content\/uploads\/2023\/09\/2021-09-20-Pack-inclinato-dolci.png","width":1000,"height":1100},{"@type":"BreadcrumbList","@id":"https:\/\/www.saporinostri.it\/farina-fioreglut-caputo-1-k-per-dolci\/#breadcrumb","itemListElement":[{"@type":"ListItem","position":1,"name":"Home","item":"https:\/\/www.saporinostri.it\/"},{"@type":"ListItem","position":2,"name":"Shop","item":"https:\/\/www.saporinostri.it\/fr\/shop\/"},{"@type":"ListItem","position":3,"name":"Farina Fioreglut Caputo ideale per DOLCI 1 Kg"}]},{"@type":"WebSite","@id":"https:\/\/www.saporinostri.it\/#website","url":"https:\/\/www.saporinostri.it\/","name":"Sapori Nostri","description":"","publisher":{"@id":"https:\/\/www.saporinostri.it\/#organization"},"potentialAction":[{"@type":"SearchAction","target":{"@type":"EntryPoint","urlTemplate":"https:\/\/www.saporinostri.it\/?s={search_term_string}"},"query-input":{"@type":"PropertyValueSpecification","valueRequired":true,"valueName":"search_term_string"}}],"inLanguage":"de"},{"@type":"Organization","@id":"https:\/\/www.saporinostri.it\/#organization","name":"Sapori Nostri","url":"https:\/\/www.saporinostri.it\/","logo":{"@type":"ImageObject","inLanguage":"de","@id":"https:\/\/www.saporinostri.it\/#\/schema\/logo\/image\/","url":"https:\/\/www.saporinostri.it\/wp-content\/uploads\/2020\/05\/logo-retina.png","contentUrl":"https:\/\/www.saporinostri.it\/wp-content\/uploads\/2020\/05\/logo-retina.png","width":500,"height":109,"caption":"Sapori Nostri"},"image":{"@id":"https:\/\/www.saporinostri.it\/#\/schema\/logo\/image\/"},"sameAs":["https:\/\/www.facebook.com\/saporinostri.it\/","https:\/\/www.instagram.com\/saporinostri.it\/"]}]},"product_brand":"Mulino Caputo","product_price_amount":"6.89","product_price_currency":"EUR","og_availability":"out of stock","product_availability":"out of stock","product_retailer_item_id":"8014601652218","product_condition":"new"},"jetpack_sharing_enabled":true,"brands":[{"id":110,"name":"Mulino Caputo","slug":"mulino-caputo"}],"_links":{"self":[{"href":"https:\/\/www.saporinostri.it\/de\/wp-json\/wp\/v2\/product\/24077","targetHints":{"allow":["GET"]}}],"collection":[{"href":"https:\/\/www.saporinostri.it\/de\/wp-json\/wp\/v2\/product"}],"about":[{"href":"https:\/\/www.saporinostri.it\/de\/wp-json\/wp\/v2\/types\/product"}],"replies":[{"embeddable":true,"href":"https:\/\/www.saporinostri.it\/de\/wp-json\/wp\/v2\/comments?post=24077"}],"wp:featuredmedia":[{"embeddable":true,"href":"https:\/\/www.saporinostri.it\/de\/wp-json\/wp\/v2\/media\/24078"}],"wp:attachment":[{"href":"https:\/\/www.saporinostri.it\/de\/wp-json\/wp\/v2\/media?parent=24077"}],"wp:term":[{"taxonomy":"pwb-brand","embeddable":true,"href":"https:\/\/www.saporinostri.it\/de\/wp-json\/wp\/v2\/pwb-brand?post=24077"},{"taxonomy":"product_brand","embeddable":true,"href":"https:\/\/www.saporinostri.it\/de\/wp-json\/wp\/v2\/product_brand?post=24077"},{"taxonomy":"product_cat","embeddable":true,"href":"https:\/\/www.saporinostri.it\/de\/wp-json\/wp\/v2\/product_cat?post=24077"},{"taxonomy":"product_tag","embeddable":true,"href":"https:\/\/www.saporinostri.it\/de\/wp-json\/wp\/v2\/product_tag?post=24077"}],"curies":[{"name":"wp","href":"https:\/\/api.w.org\/{rel}","templated":true}]}}