{"id":2424,"date":"2020-05-24T01:52:31","date_gmt":"2020-05-23T23:52:31","guid":{"rendered":"http:\/\/172.105.66.148\/?post_type=product&#038;p=2424"},"modified":"2026-02-09T15:33:45","modified_gmt":"2026-02-09T14:33:45","slug":"tavola-per-impastare-in-betulla","status":"publish","type":"product","link":"https:\/\/www.saporinostri.it\/de\/tavola-per-impastare-in-betulla\/","title":{"rendered":"Knetbrett aus Birke 60 \u00d7 40 cm"},"content":{"rendered":"<p style=\"font-size: 1.2em; line-height: 1.5; color: #121212;\">Aus Birkensperrholz (BETULA pendula) verleimt mit Harnstoffleim mit niedrigem Formaldehydgehalt (E1). Die Platte wird oberfl\u00e4chlich in keiner Weise behandelt, weder mit \u00d6len noch mit Farben. Das Rohmaterial ist europ\u00e4ischen Ursprungs und stammt nicht aus illegalem Einschlag gem\u00e4\u00df Reg. Cee 995\/2010. Der Tisch ist f\u00fcr den Kontakt mit Lebensmitteln geeignet und die verwendeten Materialien entsprechen den Vorschriften zum Schutz der Gesundheit der Verbraucher. Die Tabelle beinhaltet keine inakzeptable \u00c4nderung der Zusammensetzung von Lebensmittelprodukten oder eine Verschlechterung der organoleptischen Eigenschaften.<\/p>\n<p style=\"font-size: 1.2em; line-height: 1.5; color: #121212;\">Vorsichtsma\u00dfnahmen f\u00fcr den Gebrauch und die Wartung:<br \/>\nHolz ist ein nat\u00fcrliches und por\u00f6ses Material und kann daher externe Verunreinigungen wie Reinigungsmittel aufnehmen. Es wird empfohlen, den Tisch nach Gebrauch mit Wasser und Bicarbonat abzuwaschen. Lassen Sie die Platte nat\u00fcrlich trocknen, ohne sie in der N\u00e4he von direkten W\u00e4rmequellen zu platzieren, um Verformungen und Risse zu vermeiden.<\/p>","protected":false},"excerpt":{"rendered":"<p style=\"font-size: 1.2em; line-height: 1.5; color: #121212;\">Knetbrett aus Birkensperrholz.<br \/>\nAusgestattet mit einer darunterliegenden rutschfesten T\u00fcr.<br \/>\nGeeignet f\u00fcr die Verarbeitung von Fleisch, Pasta, Desserts, Pizza und Brot.<\/p>\n<p style=\"font-size: 1.2em; line-height: 1.5; color: #121212;\"><b>Ma\u00dfe:<\/b> 600 x 400 x 12 mm<\/p>","protected":false},"featured_media":2425,"comment_status":"open","ping_status":"closed","template":"","meta":{"_acf_changed":false,"inline_featured_image":false,"wprm-recipe-roundup-name":"","wprm-recipe-roundup-description":"","_monsterinsights_skip_tracking":false,"_monsterinsights_sitenote_active":false,"_monsterinsights_sitenote_note":"","_monsterinsights_sitenote_category":0},"pwb-brand":[157],"product_brand":[],"product_cat":[159,145],"product_tag":[],"class_list":{"0":"post-2424","1":"product","2":"type-product","3":"status-publish","4":"has-post-thumbnail","6":"pwb-brand-checco","7":"product_cat-tavole-e-assi","8":"product_cat-utensili-cucina","10":"first","11":"outofstock","12":"sale","13":"taxable","14":"shipping-taxable","15":"purchasable","16":"product-type-simple"},"acf":[],"yoast_head":"<!-- This site is optimized with the Yoast SEO Premium plugin v23.7 (Yoast SEO v27.5) - https:\/\/yoast.com\/product\/yoast-seo-premium-wordpress\/ -->\n<title>Tavola per Impastare in Betulla 60x40 cm - Sapori Nostri<\/title>\n<meta name=\"description\" content=\"Tavola per impastare in multistrato di Betulla, dotata di battente sottostante antiscivolo, indicata per la lavorazione di carne, pasta, dolci, pizza e pane\" \/>\n<meta name=\"robots\" content=\"index, follow, max-snippet:-1, max-image-preview:large, max-video-preview:-1\" \/>\n<link rel=\"canonical\" href=\"https:\/\/www.saporinostri.it\/de\/tavola-per-impastare-in-betulla\/\" \/>\n<meta property=\"og:locale\" content=\"de_DE\" \/>\n<meta property=\"og:type\" content=\"article\" \/>\n<meta property=\"og:title\" content=\"Tavola per Impastare in Betulla 60x40 cm\" \/>\n<meta property=\"og:description\" content=\"Tavola per impastare in multistrato di Betulla, dotata di battente sottostante antiscivolo, indicata per la lavorazione di carne, pasta, dolci, pizza e pane\" \/>\n<meta property=\"og:url\" content=\"https:\/\/www.saporinostri.it\/de\/tavola-per-impastare-in-betulla\/\" \/>\n<meta property=\"og:site_name\" content=\"Sapori Nostri\" \/>\n<meta property=\"article:publisher\" content=\"https:\/\/www.facebook.com\/saporinostri.it\/\" \/>\n<meta property=\"article:modified_time\" content=\"2026-02-09T14:33:45+00:00\" \/>\n<meta property=\"og:image\" content=\"https:\/\/www.saporinostri.it\/wp-content\/uploads\/2020\/05\/tavola-per-impastare-betulla.jpg\" \/>\n\t<meta property=\"og:image:width\" content=\"1000\" \/>\n\t<meta property=\"og:image:height\" content=\"1000\" \/>\n\t<meta property=\"og:image:type\" content=\"image\/jpeg\" \/>\n<meta name=\"twitter:card\" content=\"summary_large_image\" \/>\n<meta name=\"twitter:label1\" content=\"Preis\" \/>\n\t<meta name=\"twitter:data1\" content=\"&euro;17,99\" \/>\n\t<meta name=\"twitter:label2\" content=\"Verf\u00fcgbarkeit\" \/>\n\t<meta name=\"twitter:data2\" content=\"ausverkauft\" \/>\n<script type=\"application\/ld+json\" class=\"yoast-schema-graph\">{\"@context\":\"https:\\\/\\\/schema.org\",\"@graph\":[{\"@type\":\"WebPage\",\"@id\":\"https:\\\/\\\/www.saporinostri.it\\\/tavola-per-impastare-in-betulla\\\/\",\"url\":\"https:\\\/\\\/www.saporinostri.it\\\/tavola-per-impastare-in-betulla\\\/\",\"name\":\"Tavola per Impastare in Betulla 60x40 cm - Sapori Nostri\",\"isPartOf\":{\"@id\":\"https:\\\/\\\/www.saporinostri.it\\\/#website\"},\"primaryImageOfPage\":{\"@id\":\"https:\\\/\\\/www.saporinostri.it\\\/tavola-per-impastare-in-betulla\\\/#primaryimage\"},\"image\":{\"@id\":\"https:\\\/\\\/www.saporinostri.it\\\/tavola-per-impastare-in-betulla\\\/#primaryimage\"},\"thumbnailUrl\":\"https:\\\/\\\/www.saporinostri.it\\\/wp-content\\\/uploads\\\/2020\\\/05\\\/tavola-per-impastare-betulla.jpg\",\"datePublished\":\"2020-05-23T23:52:31+00:00\",\"dateModified\":\"2026-02-09T14:33:45+00:00\",\"description\":\"Tavola per impastare in multistrato di Betulla, dotata di battente sottostante antiscivolo, indicata per la lavorazione di carne, pasta, dolci, pizza e pane\",\"breadcrumb\":{\"@id\":\"https:\\\/\\\/www.saporinostri.it\\\/tavola-per-impastare-in-betulla\\\/#breadcrumb\"},\"inLanguage\":\"de\",\"potentialAction\":[{\"@type\":\"ReadAction\",\"target\":[\"https:\\\/\\\/www.saporinostri.it\\\/tavola-per-impastare-in-betulla\\\/\"]}]},{\"@type\":\"ImageObject\",\"inLanguage\":\"de\",\"@id\":\"https:\\\/\\\/www.saporinostri.it\\\/tavola-per-impastare-in-betulla\\\/#primaryimage\",\"url\":\"https:\\\/\\\/www.saporinostri.it\\\/wp-content\\\/uploads\\\/2020\\\/05\\\/tavola-per-impastare-betulla.jpg\",\"contentUrl\":\"https:\\\/\\\/www.saporinostri.it\\\/wp-content\\\/uploads\\\/2020\\\/05\\\/tavola-per-impastare-betulla.jpg\",\"width\":1000,\"height\":1000,\"caption\":\"Tavola per Impastare in Multistrato di Betulla\"},{\"@type\":\"BreadcrumbList\",\"@id\":\"https:\\\/\\\/www.saporinostri.it\\\/tavola-per-impastare-in-betulla\\\/#breadcrumb\",\"itemListElement\":[{\"@type\":\"ListItem\",\"position\":1,\"name\":\"Home\",\"item\":\"https:\\\/\\\/www.saporinostri.it\\\/\"},{\"@type\":\"ListItem\",\"position\":2,\"name\":\"Shop\",\"item\":\"https:\\\/\\\/www.saporinostri.it\\\/fr\\\/shop\\\/\"},{\"@type\":\"ListItem\",\"position\":3,\"name\":\"Tavola per Impastare in Betulla 60&#215;40 cm\"}]},{\"@type\":\"WebSite\",\"@id\":\"https:\\\/\\\/www.saporinostri.it\\\/#website\",\"url\":\"https:\\\/\\\/www.saporinostri.it\\\/\",\"name\":\"Sapori Nostri\",\"description\":\"\",\"publisher\":{\"@id\":\"https:\\\/\\\/www.saporinostri.it\\\/#organization\"},\"potentialAction\":[{\"@type\":\"SearchAction\",\"target\":{\"@type\":\"EntryPoint\",\"urlTemplate\":\"https:\\\/\\\/www.saporinostri.it\\\/?s={search_term_string}\"},\"query-input\":{\"@type\":\"PropertyValueSpecification\",\"valueRequired\":true,\"valueName\":\"search_term_string\"}}],\"inLanguage\":\"de\"},{\"@type\":\"Organization\",\"@id\":\"https:\\\/\\\/www.saporinostri.it\\\/#organization\",\"name\":\"Sapori Nostri\",\"url\":\"https:\\\/\\\/www.saporinostri.it\\\/\",\"logo\":{\"@type\":\"ImageObject\",\"inLanguage\":\"de\",\"@id\":\"https:\\\/\\\/www.saporinostri.it\\\/#\\\/schema\\\/logo\\\/image\\\/\",\"url\":\"https:\\\/\\\/www.saporinostri.it\\\/wp-content\\\/uploads\\\/2020\\\/05\\\/logo-retina.png\",\"contentUrl\":\"https:\\\/\\\/www.saporinostri.it\\\/wp-content\\\/uploads\\\/2020\\\/05\\\/logo-retina.png\",\"width\":500,\"height\":109,\"caption\":\"Sapori Nostri\"},\"image\":{\"@id\":\"https:\\\/\\\/www.saporinostri.it\\\/#\\\/schema\\\/logo\\\/image\\\/\"},\"sameAs\":[\"https:\\\/\\\/www.facebook.com\\\/saporinostri.it\\\/\",\"https:\\\/\\\/www.instagram.com\\\/saporinostri.it\\\/\"]}]}<\/script>\n<meta property=\"product:brand\" content=\"Checco\" \/>\n<meta property=\"product:price:amount\" content=\"17.99\" \/>\n<meta property=\"product:price:currency\" content=\"EUR\" \/>\n<meta property=\"og:availability\" content=\"out of stock\" \/>\n<meta property=\"product:availability\" content=\"out of stock\" \/>\n<meta property=\"product:condition\" content=\"new\" \/>\n<!-- \/ Yoast SEO Premium plugin. -->","yoast_head_json":{"title":"Anmischbrett aus Birke 60x40 cm - Sapori Nostra","description":"Knetbrett aus Birkensperrholz, ausgestattet mit einer darunterliegenden rutschfesten T\u00fcr, geeignet f\u00fcr die Verarbeitung von Fleisch, Pasta, Desserts, Pizza und Brot","robots":{"index":"index","follow":"follow","max-snippet":"max-snippet:-1","max-image-preview":"max-image-preview:large","max-video-preview":"max-video-preview:-1"},"canonical":"https:\/\/www.saporinostri.it\/de\/tavola-per-impastare-in-betulla\/","og_locale":"de_DE","og_type":"article","og_title":"Tavola per Impastare in Betulla 60x40 cm","og_description":"Tavola per impastare in multistrato di Betulla, dotata di battente sottostante antiscivolo, indicata per la lavorazione di carne, pasta, dolci, pizza e pane","og_url":"https:\/\/www.saporinostri.it\/de\/tavola-per-impastare-in-betulla\/","og_site_name":"Sapori Nostri","article_publisher":"https:\/\/www.facebook.com\/saporinostri.it\/","article_modified_time":"2026-02-09T14:33:45+00:00","og_image":[{"width":1000,"height":1000,"url":"https:\/\/www.saporinostri.it\/wp-content\/uploads\/2020\/05\/tavola-per-impastare-betulla.jpg","type":"image\/jpeg"}],"twitter_card":"summary_large_image","twitter_misc":{"Preis":"&euro;17,99","Verf\u00fcgbarkeit":"ausverkauft"},"schema":{"@context":"https:\/\/schema.org","@graph":[{"@type":"WebPage","@id":"https:\/\/www.saporinostri.it\/tavola-per-impastare-in-betulla\/","url":"https:\/\/www.saporinostri.it\/tavola-per-impastare-in-betulla\/","name":"Anmischbrett aus Birke 60x40 cm - Sapori Nostra","isPartOf":{"@id":"https:\/\/www.saporinostri.it\/#website"},"primaryImageOfPage":{"@id":"https:\/\/www.saporinostri.it\/tavola-per-impastare-in-betulla\/#primaryimage"},"image":{"@id":"https:\/\/www.saporinostri.it\/tavola-per-impastare-in-betulla\/#primaryimage"},"thumbnailUrl":"https:\/\/www.saporinostri.it\/wp-content\/uploads\/2020\/05\/tavola-per-impastare-betulla.jpg","datePublished":"2020-05-23T23:52:31+00:00","dateModified":"2026-02-09T14:33:45+00:00","description":"Knetbrett aus Birkensperrholz, ausgestattet mit einer darunterliegenden rutschfesten T\u00fcr, geeignet f\u00fcr die Verarbeitung von Fleisch, Pasta, Desserts, Pizza und Brot","breadcrumb":{"@id":"https:\/\/www.saporinostri.it\/tavola-per-impastare-in-betulla\/#breadcrumb"},"inLanguage":"de","potentialAction":[{"@type":"ReadAction","target":["https:\/\/www.saporinostri.it\/tavola-per-impastare-in-betulla\/"]}]},{"@type":"ImageObject","inLanguage":"de","@id":"https:\/\/www.saporinostri.it\/tavola-per-impastare-in-betulla\/#primaryimage","url":"https:\/\/www.saporinostri.it\/wp-content\/uploads\/2020\/05\/tavola-per-impastare-betulla.jpg","contentUrl":"https:\/\/www.saporinostri.it\/wp-content\/uploads\/2020\/05\/tavola-per-impastare-betulla.jpg","width":1000,"height":1000,"caption":"Tavola per Impastare in Multistrato di Betulla"},{"@type":"BreadcrumbList","@id":"https:\/\/www.saporinostri.it\/tavola-per-impastare-in-betulla\/#breadcrumb","itemListElement":[{"@type":"ListItem","position":1,"name":"Home","item":"https:\/\/www.saporinostri.it\/"},{"@type":"ListItem","position":2,"name":"Shop","item":"https:\/\/www.saporinostri.it\/fr\/shop\/"},{"@type":"ListItem","position":3,"name":"Tavola per Impastare in Betulla 60&#215;40 cm"}]},{"@type":"WebSite","@id":"https:\/\/www.saporinostri.it\/#website","url":"https:\/\/www.saporinostri.it\/","name":"Sapori Nostri","description":"","publisher":{"@id":"https:\/\/www.saporinostri.it\/#organization"},"potentialAction":[{"@type":"SearchAction","target":{"@type":"EntryPoint","urlTemplate":"https:\/\/www.saporinostri.it\/?s={search_term_string}"},"query-input":{"@type":"PropertyValueSpecification","valueRequired":true,"valueName":"search_term_string"}}],"inLanguage":"de"},{"@type":"Organization","@id":"https:\/\/www.saporinostri.it\/#organization","name":"Sapori Nostri","url":"https:\/\/www.saporinostri.it\/","logo":{"@type":"ImageObject","inLanguage":"de","@id":"https:\/\/www.saporinostri.it\/#\/schema\/logo\/image\/","url":"https:\/\/www.saporinostri.it\/wp-content\/uploads\/2020\/05\/logo-retina.png","contentUrl":"https:\/\/www.saporinostri.it\/wp-content\/uploads\/2020\/05\/logo-retina.png","width":500,"height":109,"caption":"Sapori Nostri"},"image":{"@id":"https:\/\/www.saporinostri.it\/#\/schema\/logo\/image\/"},"sameAs":["https:\/\/www.facebook.com\/saporinostri.it\/","https:\/\/www.instagram.com\/saporinostri.it\/"]}]},"product_brand":"Checco","product_price_amount":"17.99","product_price_currency":"EUR","og_availability":"out of stock","product_availability":"out of stock","product_condition":"new"},"jetpack_sharing_enabled":true,"brands":[{"id":157,"name":"Checco","slug":"checco"}],"_links":{"self":[{"href":"https:\/\/www.saporinostri.it\/de\/wp-json\/wp\/v2\/product\/2424","targetHints":{"allow":["GET"]}}],"collection":[{"href":"https:\/\/www.saporinostri.it\/de\/wp-json\/wp\/v2\/product"}],"about":[{"href":"https:\/\/www.saporinostri.it\/de\/wp-json\/wp\/v2\/types\/product"}],"replies":[{"embeddable":true,"href":"https:\/\/www.saporinostri.it\/de\/wp-json\/wp\/v2\/comments?post=2424"}],"wp:featuredmedia":[{"embeddable":true,"href":"https:\/\/www.saporinostri.it\/de\/wp-json\/wp\/v2\/media\/2425"}],"wp:attachment":[{"href":"https:\/\/www.saporinostri.it\/de\/wp-json\/wp\/v2\/media?parent=2424"}],"wp:term":[{"taxonomy":"pwb-brand","embeddable":true,"href":"https:\/\/www.saporinostri.it\/de\/wp-json\/wp\/v2\/pwb-brand?post=2424"},{"taxonomy":"product_brand","embeddable":true,"href":"https:\/\/www.saporinostri.it\/de\/wp-json\/wp\/v2\/product_brand?post=2424"},{"taxonomy":"product_cat","embeddable":true,"href":"https:\/\/www.saporinostri.it\/de\/wp-json\/wp\/v2\/product_cat?post=2424"},{"taxonomy":"product_tag","embeddable":true,"href":"https:\/\/www.saporinostri.it\/de\/wp-json\/wp\/v2\/product_tag?post=2424"}],"curies":[{"name":"wp","href":"https:\/\/api.w.org\/{rel}","templated":true}]}}