{"id":2427,"date":"2020-05-24T02:05:59","date_gmt":"2020-05-24T00:05:59","guid":{"rendered":"http:\/\/172.105.66.148\/?post_type=product&#038;p=2427"},"modified":"2024-11-05T18:27:13","modified_gmt":"2024-11-05T17:27:13","slug":"asse-per-impastare-tondo","status":"publish","type":"product","link":"https:\/\/www.saporinostri.it\/de\/asse-per-impastare-tondo\/","title":{"rendered":"Rundes Knetbrett"},"content":{"rendered":"<p style=\"font-size: 1.2em; line-height: 1.5; color: #121212;\">Das Rundknetbrett bringt keine unannehmbare Ver\u00e4nderung der Zusammensetzung von Lebensmittelprodukten oder eine Verschlechterung der organoleptischen Eigenschaften mit sich.<\/p>\n<p style=\"font-size: 1.2em; line-height: 1.5; color: #121212;\">Vorsichtsma\u00dfnahmen f\u00fcr den Gebrauch und die Wartung:<br \/>\nHolz ist ein nat\u00fcrliches und por\u00f6ses Material und kann daher externe Verunreinigungen wie Reinigungsmittel aufnehmen. Es wird empfohlen, den Tisch nach Gebrauch mit Wasser und Bicarbonat abzuwaschen. Lassen Sie die Platte nat\u00fcrlich trocknen, ohne sie in der N\u00e4he von direkten W\u00e4rmequellen zu platzieren, um Verformungen und Risse zu vermeiden.<\/p>","protected":false},"excerpt":{"rendered":"<p style=\"font-size: 1.2em; line-height: 1.5; color: #121212;\">Praktisches rundes Teigbrett aus Holz, mit einer Leiste, die das Brett an der Tischkante blockiert und seine Stabilit\u00e4t garantiert.<br \/>\nEs ist das Werkzeug, das in der K\u00fcche nicht fehlen darf, um leckere Pizzen, Ravioli, Tagliatelle, Teig f\u00fcr Brot und Focaccia, Kuchen und Kekse usw. zuzubereiten.<\/p>\n<p style=\"font-size: 1.2em; line-height: 1.5; color: #121212;\"><b>Durchmesser:<\/b> 70 cm<\/p>","protected":false},"featured_media":2428,"comment_status":"open","ping_status":"closed","template":"","meta":{"_acf_changed":false,"inline_featured_image":false,"wprm-recipe-roundup-name":"","wprm-recipe-roundup-description":"","_monsterinsights_skip_tracking":false,"_monsterinsights_sitenote_active":false,"_monsterinsights_sitenote_note":"","_monsterinsights_sitenote_category":0},"pwb-brand":[152],"product_brand":[],"product_cat":[159,145],"product_tag":[],"class_list":{"0":"post-2427","1":"product","2":"type-product","3":"status-publish","4":"has-post-thumbnail","6":"pwb-brand-panetta","7":"product_cat-tavole-e-assi","8":"product_cat-utensili-cucina","10":"first","11":"outofstock","12":"sale","13":"taxable","14":"shipping-taxable","15":"purchasable","16":"product-type-simple"},"acf":[],"yoast_head":"<!-- This site is optimized with the Yoast SEO Premium plugin v23.7 (Yoast SEO v27.3) - https:\/\/yoast.com\/product\/yoast-seo-premium-wordpress\/ -->\n<title>Asse per Impastare Tondo - Sapori Nostri<\/title>\n<meta name=\"description\" content=\"Asse per impastare tondo in legno, con listello che blocca l&#039;asse sul bordo del tavolo garantendone la stabilit\u00e0, utensile che non pu\u00f2 mancare in cucina\" \/>\n<meta name=\"robots\" content=\"index, follow, max-snippet:-1, max-image-preview:large, max-video-preview:-1\" \/>\n<link rel=\"canonical\" href=\"https:\/\/www.saporinostri.it\/de\/asse-per-impastare-tondo\/\" \/>\n<meta property=\"og:locale\" content=\"de_DE\" \/>\n<meta property=\"og:type\" content=\"article\" \/>\n<meta property=\"og:title\" content=\"Asse per Impastare Tondo\" \/>\n<meta property=\"og:description\" content=\"Asse per impastare tondo in legno, con listello che blocca l&#039;asse sul bordo del tavolo garantendone la stabilit\u00e0, utensile che non pu\u00f2 mancare in cucina\" \/>\n<meta property=\"og:url\" content=\"https:\/\/www.saporinostri.it\/de\/asse-per-impastare-tondo\/\" \/>\n<meta property=\"og:site_name\" content=\"Sapori Nostri\" \/>\n<meta property=\"article:publisher\" content=\"https:\/\/www.facebook.com\/saporinostri.it\/\" \/>\n<meta property=\"article:modified_time\" content=\"2024-11-05T17:27:13+00:00\" \/>\n<meta property=\"og:image\" content=\"https:\/\/www.saporinostri.it\/wp-content\/uploads\/2020\/05\/asse-pasta-tondo.jpg\" \/>\n\t<meta property=\"og:image:width\" content=\"500\" \/>\n\t<meta property=\"og:image:height\" content=\"500\" \/>\n\t<meta property=\"og:image:type\" content=\"image\/jpeg\" \/>\n<meta name=\"twitter:card\" content=\"summary_large_image\" \/>\n<meta name=\"twitter:label1\" content=\"Preis\" \/>\n\t<meta name=\"twitter:data1\" content=\"&euro;23,99\" \/>\n\t<meta name=\"twitter:label2\" content=\"Verf\u00fcgbarkeit\" \/>\n\t<meta name=\"twitter:data2\" content=\"ausverkauft\" \/>\n<script type=\"application\/ld+json\" class=\"yoast-schema-graph\">{\"@context\":\"https:\\\/\\\/schema.org\",\"@graph\":[{\"@type\":\"WebPage\",\"@id\":\"https:\\\/\\\/www.saporinostri.it\\\/de\\\/asse-per-impastare-tondo\\\/\",\"url\":\"https:\\\/\\\/www.saporinostri.it\\\/de\\\/asse-per-impastare-tondo\\\/\",\"name\":\"Asse per Impastare Tondo - Sapori Nostri\",\"isPartOf\":{\"@id\":\"https:\\\/\\\/www.saporinostri.it\\\/#website\"},\"primaryImageOfPage\":{\"@id\":\"https:\\\/\\\/www.saporinostri.it\\\/de\\\/asse-per-impastare-tondo\\\/#primaryimage\"},\"image\":{\"@id\":\"https:\\\/\\\/www.saporinostri.it\\\/de\\\/asse-per-impastare-tondo\\\/#primaryimage\"},\"thumbnailUrl\":\"https:\\\/\\\/www.saporinostri.it\\\/wp-content\\\/uploads\\\/2020\\\/05\\\/asse-pasta-tondo.jpg\",\"datePublished\":\"2020-05-24T00:05:59+00:00\",\"dateModified\":\"2024-11-05T17:27:13+00:00\",\"description\":\"Asse per impastare tondo in legno, con listello che blocca l'asse sul bordo del tavolo garantendone la stabilit\u00e0, utensile che non pu\u00f2 mancare in cucina\",\"breadcrumb\":{\"@id\":\"https:\\\/\\\/www.saporinostri.it\\\/de\\\/asse-per-impastare-tondo\\\/#breadcrumb\"},\"inLanguage\":\"de\",\"potentialAction\":[{\"@type\":\"ReadAction\",\"target\":[\"https:\\\/\\\/www.saporinostri.it\\\/de\\\/asse-per-impastare-tondo\\\/\"]}]},{\"@type\":\"ImageObject\",\"inLanguage\":\"de\",\"@id\":\"https:\\\/\\\/www.saporinostri.it\\\/de\\\/asse-per-impastare-tondo\\\/#primaryimage\",\"url\":\"https:\\\/\\\/www.saporinostri.it\\\/wp-content\\\/uploads\\\/2020\\\/05\\\/asse-pasta-tondo.jpg\",\"contentUrl\":\"https:\\\/\\\/www.saporinostri.it\\\/wp-content\\\/uploads\\\/2020\\\/05\\\/asse-pasta-tondo.jpg\",\"width\":500,\"height\":500},{\"@type\":\"BreadcrumbList\",\"@id\":\"https:\\\/\\\/www.saporinostri.it\\\/de\\\/asse-per-impastare-tondo\\\/#breadcrumb\",\"itemListElement\":[{\"@type\":\"ListItem\",\"position\":1,\"name\":\"Home\",\"item\":\"https:\\\/\\\/www.saporinostri.it\\\/\"},{\"@type\":\"ListItem\",\"position\":2,\"name\":\"Shop\",\"item\":\"https:\\\/\\\/www.saporinostri.it\\\/fr\\\/shop\\\/\"},{\"@type\":\"ListItem\",\"position\":3,\"name\":\"Asse per Impastare Tondo\"}]},{\"@type\":\"WebSite\",\"@id\":\"https:\\\/\\\/www.saporinostri.it\\\/#website\",\"url\":\"https:\\\/\\\/www.saporinostri.it\\\/\",\"name\":\"Sapori Nostri\",\"description\":\"\",\"publisher\":{\"@id\":\"https:\\\/\\\/www.saporinostri.it\\\/#organization\"},\"potentialAction\":[{\"@type\":\"SearchAction\",\"target\":{\"@type\":\"EntryPoint\",\"urlTemplate\":\"https:\\\/\\\/www.saporinostri.it\\\/?s={search_term_string}\"},\"query-input\":{\"@type\":\"PropertyValueSpecification\",\"valueRequired\":true,\"valueName\":\"search_term_string\"}}],\"inLanguage\":\"de\"},{\"@type\":\"Organization\",\"@id\":\"https:\\\/\\\/www.saporinostri.it\\\/#organization\",\"name\":\"Sapori Nostri\",\"url\":\"https:\\\/\\\/www.saporinostri.it\\\/\",\"logo\":{\"@type\":\"ImageObject\",\"inLanguage\":\"de\",\"@id\":\"https:\\\/\\\/www.saporinostri.it\\\/#\\\/schema\\\/logo\\\/image\\\/\",\"url\":\"https:\\\/\\\/www.saporinostri.it\\\/wp-content\\\/uploads\\\/2020\\\/05\\\/logo-retina.png\",\"contentUrl\":\"https:\\\/\\\/www.saporinostri.it\\\/wp-content\\\/uploads\\\/2020\\\/05\\\/logo-retina.png\",\"width\":500,\"height\":109,\"caption\":\"Sapori Nostri\"},\"image\":{\"@id\":\"https:\\\/\\\/www.saporinostri.it\\\/#\\\/schema\\\/logo\\\/image\\\/\"},\"sameAs\":[\"https:\\\/\\\/www.facebook.com\\\/saporinostri.it\\\/\",\"https:\\\/\\\/www.instagram.com\\\/saporinostri.it\\\/\"]}]}<\/script>\n<meta property=\"product:brand\" content=\"Panetta\" \/>\n<meta property=\"product:price:amount\" content=\"23.99\" \/>\n<meta property=\"product:price:currency\" content=\"EUR\" \/>\n<meta property=\"og:availability\" content=\"out of stock\" \/>\n<meta property=\"product:availability\" content=\"out of stock\" \/>\n<meta property=\"product:retailer_item_id\" content=\"8014404099135\" \/>\n<meta property=\"product:condition\" content=\"new\" \/>\n<!-- \/ Yoast SEO Premium plugin. -->","yoast_head_json":{"title":"Rundes Knetbrett - Sapori Nostra","description":"Rundes Knetbrett aus Holz, mit Streifen, der die Achse an der Tischkante blockiert, um seine Stabilit\u00e4t zu gew\u00e4hrleisten, ein Werkzeug, das in der K\u00fcche nicht fehlen darf","robots":{"index":"index","follow":"follow","max-snippet":"max-snippet:-1","max-image-preview":"max-image-preview:large","max-video-preview":"max-video-preview:-1"},"canonical":"https:\/\/www.saporinostri.it\/de\/asse-per-impastare-tondo\/","og_locale":"de_DE","og_type":"article","og_title":"Asse per Impastare Tondo","og_description":"Asse per impastare tondo in legno, con listello che blocca l'asse sul bordo del tavolo garantendone la stabilit\u00e0, utensile che non pu\u00f2 mancare in cucina","og_url":"https:\/\/www.saporinostri.it\/de\/asse-per-impastare-tondo\/","og_site_name":"Sapori Nostri","article_publisher":"https:\/\/www.facebook.com\/saporinostri.it\/","article_modified_time":"2024-11-05T17:27:13+00:00","og_image":[{"width":500,"height":500,"url":"https:\/\/www.saporinostri.it\/wp-content\/uploads\/2020\/05\/asse-pasta-tondo.jpg","type":"image\/jpeg"}],"twitter_card":"summary_large_image","twitter_misc":{"Preis":"&euro;23,99","Verf\u00fcgbarkeit":"ausverkauft"},"schema":{"@context":"https:\/\/schema.org","@graph":[{"@type":"WebPage","@id":"https:\/\/www.saporinostri.it\/de\/asse-per-impastare-tondo\/","url":"https:\/\/www.saporinostri.it\/de\/asse-per-impastare-tondo\/","name":"Rundes Knetbrett - Sapori Nostra","isPartOf":{"@id":"https:\/\/www.saporinostri.it\/#website"},"primaryImageOfPage":{"@id":"https:\/\/www.saporinostri.it\/de\/asse-per-impastare-tondo\/#primaryimage"},"image":{"@id":"https:\/\/www.saporinostri.it\/de\/asse-per-impastare-tondo\/#primaryimage"},"thumbnailUrl":"https:\/\/www.saporinostri.it\/wp-content\/uploads\/2020\/05\/asse-pasta-tondo.jpg","datePublished":"2020-05-24T00:05:59+00:00","dateModified":"2024-11-05T17:27:13+00:00","description":"Rundes Knetbrett aus Holz, mit Streifen, der die Achse an der Tischkante blockiert, um seine Stabilit\u00e4t zu gew\u00e4hrleisten, ein Werkzeug, das in der K\u00fcche nicht fehlen darf","breadcrumb":{"@id":"https:\/\/www.saporinostri.it\/de\/asse-per-impastare-tondo\/#breadcrumb"},"inLanguage":"de","potentialAction":[{"@type":"ReadAction","target":["https:\/\/www.saporinostri.it\/de\/asse-per-impastare-tondo\/"]}]},{"@type":"ImageObject","inLanguage":"de","@id":"https:\/\/www.saporinostri.it\/de\/asse-per-impastare-tondo\/#primaryimage","url":"https:\/\/www.saporinostri.it\/wp-content\/uploads\/2020\/05\/asse-pasta-tondo.jpg","contentUrl":"https:\/\/www.saporinostri.it\/wp-content\/uploads\/2020\/05\/asse-pasta-tondo.jpg","width":500,"height":500},{"@type":"BreadcrumbList","@id":"https:\/\/www.saporinostri.it\/de\/asse-per-impastare-tondo\/#breadcrumb","itemListElement":[{"@type":"ListItem","position":1,"name":"Home","item":"https:\/\/www.saporinostri.it\/"},{"@type":"ListItem","position":2,"name":"Shop","item":"https:\/\/www.saporinostri.it\/fr\/shop\/"},{"@type":"ListItem","position":3,"name":"Asse per Impastare Tondo"}]},{"@type":"WebSite","@id":"https:\/\/www.saporinostri.it\/#website","url":"https:\/\/www.saporinostri.it\/","name":"Sapori Nostri","description":"","publisher":{"@id":"https:\/\/www.saporinostri.it\/#organization"},"potentialAction":[{"@type":"SearchAction","target":{"@type":"EntryPoint","urlTemplate":"https:\/\/www.saporinostri.it\/?s={search_term_string}"},"query-input":{"@type":"PropertyValueSpecification","valueRequired":true,"valueName":"search_term_string"}}],"inLanguage":"de"},{"@type":"Organization","@id":"https:\/\/www.saporinostri.it\/#organization","name":"Sapori Nostri","url":"https:\/\/www.saporinostri.it\/","logo":{"@type":"ImageObject","inLanguage":"de","@id":"https:\/\/www.saporinostri.it\/#\/schema\/logo\/image\/","url":"https:\/\/www.saporinostri.it\/wp-content\/uploads\/2020\/05\/logo-retina.png","contentUrl":"https:\/\/www.saporinostri.it\/wp-content\/uploads\/2020\/05\/logo-retina.png","width":500,"height":109,"caption":"Sapori Nostri"},"image":{"@id":"https:\/\/www.saporinostri.it\/#\/schema\/logo\/image\/"},"sameAs":["https:\/\/www.facebook.com\/saporinostri.it\/","https:\/\/www.instagram.com\/saporinostri.it\/"]}]},"product_brand":"Panetta","product_price_amount":"23.99","product_price_currency":"EUR","og_availability":"out of stock","product_availability":"out of stock","product_retailer_item_id":"8014404099135","product_condition":"new"},"jetpack_sharing_enabled":true,"brands":[{"id":152,"name":"Panetta","slug":"panetta"}],"_links":{"self":[{"href":"https:\/\/www.saporinostri.it\/de\/wp-json\/wp\/v2\/product\/2427","targetHints":{"allow":["GET"]}}],"collection":[{"href":"https:\/\/www.saporinostri.it\/de\/wp-json\/wp\/v2\/product"}],"about":[{"href":"https:\/\/www.saporinostri.it\/de\/wp-json\/wp\/v2\/types\/product"}],"replies":[{"embeddable":true,"href":"https:\/\/www.saporinostri.it\/de\/wp-json\/wp\/v2\/comments?post=2427"}],"wp:featuredmedia":[{"embeddable":true,"href":"https:\/\/www.saporinostri.it\/de\/wp-json\/wp\/v2\/media\/2428"}],"wp:attachment":[{"href":"https:\/\/www.saporinostri.it\/de\/wp-json\/wp\/v2\/media?parent=2427"}],"wp:term":[{"taxonomy":"pwb-brand","embeddable":true,"href":"https:\/\/www.saporinostri.it\/de\/wp-json\/wp\/v2\/pwb-brand?post=2427"},{"taxonomy":"product_brand","embeddable":true,"href":"https:\/\/www.saporinostri.it\/de\/wp-json\/wp\/v2\/product_brand?post=2427"},{"taxonomy":"product_cat","embeddable":true,"href":"https:\/\/www.saporinostri.it\/de\/wp-json\/wp\/v2\/product_cat?post=2427"},{"taxonomy":"product_tag","embeddable":true,"href":"https:\/\/www.saporinostri.it\/de\/wp-json\/wp\/v2\/product_tag?post=2427"}],"curies":[{"name":"wp","href":"https:\/\/api.w.org\/{rel}","templated":true}]}}