{"id":3100,"date":"2020-08-24T12:37:53","date_gmt":"2020-08-24T10:37:53","guid":{"rendered":"http:\/\/172.105.66.148\/?post_type=product&#038;p=3100"},"modified":"2026-04-12T10:40:30","modified_gmt":"2026-04-12T08:40:30","slug":"farina-pasta-fresca-e-gnocchi-caputo-1-kg","status":"publish","type":"product","link":"https:\/\/www.saporinostri.it\/de\/farina-pasta-fresca-e-gnocchi-caputo-1-kg\/","title":{"rendered":"Frisches Nudelmehl und Caputo Gnocchi 1 Kg"},"content":{"rendered":"<div class=\"ap-wrapper\">\n<div class=\"ap-col f-2 n-b\"><p>Dort <strong>Frisches Nudelmehl und Caputo Gnocchi<\/strong> es ist streichf\u00e4hig, elastisch mit hohem Proteinwert, kalibriert mit Erstextraktionsst\u00e4rken und resistentem Gluten. Die Kombination mit Wasser erzeugt einen gl\u00e4nzenden und gleichm\u00e4\u00dfigen Teig f\u00fcr einen au\u00dfergew\u00f6hnlichen Geschmack.<\/p>\n<p style=\"font-size: 0.9em\"><strong>Zutaten:<\/strong> Weichweizenmehl Typ &quot;00&quot;<\/p>\n<p style=\"font-size: 0.9em\"><strong>Ohne Zusatz von Zusatzstoffen und Enzymen<\/strong><br \/>\n<strong>Enth\u00e4lt <u>Gluten<\/u>. Es kann Spuren von enthalten <u>Soja<\/u><\/strong><\/p>\n<p style=\"font-size: 0.9em\"><strong>An einem kalten und trockenen Ort aufbewahren<\/strong><\/p>\n<\/div>\n<div class=\"ap-col f-1\">\n<div class=\"nutrition-facts-heading\"><b>Durchschnittliche N\u00e4hrwerte<\/b><\/div>\n<div class=\"nutrition-facts-content\">\n<table>\n<thead>\n<tr>\n<td><\/td>\n<td><b>100g<\/b><\/td>\n<td><b>%AR * \/ 100g<\/b><\/td>\n<\/tr>\n<\/thead>\n<tbody>\n<tr>\n<td><b>Energiewert<\/b><\/td>\n<td>1.490 kj<br \/>\n351 kcal<\/td>\n<td>18%<br \/>\n18%<\/td>\n<\/tr>\n<tr>\n<td><b>Fett<\/b><br \/>\nvon welchem: <b>ges\u00e4ttigte Fetts\u00e4uren<\/b><\/td>\n<td>1,0 g<br \/>\n0,1 g<\/td>\n<td>1%<br \/>\n1%<\/td>\n<\/tr>\n<tr>\n<td><b>Kohlenhydrate<\/b><br \/>\nvon welchem: <b>Zucker<\/b><\/td>\n<td>72 g<br \/>\n1 g<\/td>\n<td>28%<br \/>\n1%<\/td>\n<\/tr>\n<tr>\n<td><b>Fasern<\/b><\/td>\n<td>2,0 g<\/td>\n<td><\/td>\n<\/tr>\n<tr>\n<td><b>Proteine<\/b><\/td>\n<td>13 g<\/td>\n<td>26%<\/td>\n<\/tr>\n<tr>\n<td><b>Salz-<\/b><\/td>\n<td>0,017 g<\/td>\n<td>0%<\/td>\n<\/tr>\n<\/tbody>\n<\/table>\n<\/div>\n<\/div>\n<\/div>\n<div class=\"mini-infobox-wrapper\">\n<p class=\"mini-infobox\"><b>Mehlsorte<\/b><br \/>\n00<\/p>\n<p class=\"mini-infobox\"><b>B\u00e4ckerei<\/b><br \/>\nW 260\/280<\/p>\n<p class=\"mini-infobox\"><b>Proteine<\/b><br \/>\n12,25% <span style=\"font-size: 0.85em;\">\u00b1 0,50%<\/span><\/p>\n<p class=\"mini-infobox\"><b>Elastizit\u00e4t<\/b><br \/>\nP \/ L 0,70 \/ 0,80<\/p>\n<p class=\"mini-infobox\"><b>Sauerteig<\/b><br \/>\n<\/p>\n<\/div>\n<h3 class=\"mt-5\">Die Caputo-M\u00fchle<\/h3>\n<div class=\"mt-3\">\n<p>Seit 1924 ist die\u00a0<strong>Mulino Caputo<\/strong>\u00a0arbeitet den Weizen mit Gro\u00dfz\u00fcgigkeit und Leidenschaft, um Fachleuten und Liebhabern der White Art Caputo Farina von h\u00f6chster Qualit\u00e4t anzubieten, die unter voller Achtung der Rohstoffe und der Tradition hergestellt wird.<\/p>\n<p>Il Molino Caputo produziert eine breite Palette von Mehlen f\u00fcr den privaten und professionellen Gebrauch. Caputo-Mehl wird vor allem von Profis in der Konditorei, Brotherstellung, Pasta und Pizza verwendet, wobei viele Mehlsorten f\u00fcr verschiedene Prozesse bestimmt sind.<\/p>\n<p>Autorit\u00e4t, Spontaneit\u00e4t und Tradition, aus diesen Werten entsteht die wei\u00dfe Kunst von Mulino Caputo, die es dank der Erfahrung von drei Generationen neapolitanischer Meisterm\u00fcller erm\u00f6glicht, sehr hohe Qualit\u00e4tsstandards zu garantieren, um diesen Experten zu gew\u00e4hrleisten Gastronomen und Handwerker des Geschmacks bringen ihre Kreativit\u00e4t am besten zum Ausdruck.<\/p>\n<p>Caputo-Mehl hat die F\u00e4higkeit, die Nat\u00fcrlichkeit und Authentizit\u00e4t von Aromen maximal zu bewahren, aus diesem und aus anderen Gr\u00fcnden wird Molino Caputo auf der ganzen Welt gesch\u00e4tzt und anerkannt.<\/p>\n<\/div>","protected":false},"excerpt":{"rendered":"<p><strong>Sauerteig:<\/strong> <br \/>\n<strong>B\u00e4ckerei:<\/strong> W 260\/280<\/p>\n<ul>\n<li>Elastisches Mehl mit hohem Proteinwert.<\/li>\n<li>Kalibriert mit Erstextraktionsst\u00e4rken und resistentem Gluten.<\/li>\n<li>Die Kombination mit Wasser erzeugt einen gl\u00e4nzenden und gleichm\u00e4\u00dfigen Teig f\u00fcr einen au\u00dfergew\u00f6hnlichen Geschmack.<\/li>\n<\/ul>\n<p><span style=\"font-size: 0.8em;margin-top: 10px\"><b><a href=\"https:\/\/www.saporinostri.it\/sc\/scheda-tecnica-farina-pasta-fresca-e-gnocchi-mulino-caputo.pdf\" target=\"_blank\" rel=\"noopener\"><i class=\"fa fa-download\" aria-hidden=\"true\"><\/i> Laden Sie das Produktdatenblatt des Produkts Frisches Nudelmehl und Caputo Gnocchi . herunter<\/a><\/b><\/span><\/p>\n<div class=\"scadenza\">Letzter Batch-Ablauf:<\/div>\n<div><strong>05.02.2027 L.036B<\/strong><\/div>","protected":false},"featured_media":4044,"comment_status":"open","ping_status":"closed","template":"","meta":{"_acf_changed":false,"inline_featured_image":false,"wprm-recipe-roundup-name":"","wprm-recipe-roundup-description":"","_monsterinsights_skip_tracking":false,"_monsterinsights_sitenote_active":false,"_monsterinsights_sitenote_note":"","_monsterinsights_sitenote_category":0},"pwb-brand":[110],"product_brand":[],"product_cat":[97],"product_tag":[],"class_list":{"0":"post-3100","1":"product","2":"type-product","3":"status-publish","4":"has-post-thumbnail","6":"pwb-brand-mulino-caputo","7":"product_cat-farine","8":"product_shipping_class-iva-4","10":"first","11":"instock","12":"sale","13":"taxable","14":"shipping-taxable","15":"purchasable","16":"product-type-simple"},"acf":[],"yoast_head":"<!-- This site is optimized with the Yoast SEO Premium plugin v23.7 (Yoast SEO v27.3) - https:\/\/yoast.com\/product\/yoast-seo-premium-wordpress\/ -->\n<title>Farina Pasta Fresca e Gnocchi Caputo 1 Kg - Sapori Nostri<\/title>\n<meta name=\"robots\" content=\"index, follow, max-snippet:-1, max-image-preview:large, max-video-preview:-1\" \/>\n<link rel=\"canonical\" href=\"https:\/\/www.saporinostri.it\/de\/farina-pasta-fresca-e-gnocchi-caputo-1-kg\/\" \/>\n<meta property=\"og:locale\" content=\"de_DE\" \/>\n<meta property=\"og:type\" content=\"article\" \/>\n<meta property=\"og:title\" content=\"Farina Pasta Fresca e Gnocchi Caputo 1 Kg\" \/>\n<meta property=\"og:description\" content=\"Scadenza Lotto Pi\u00f9 Recente: 05\/02\/2027 \u00a0L.036B\" \/>\n<meta property=\"og:url\" content=\"https:\/\/www.saporinostri.it\/de\/farina-pasta-fresca-e-gnocchi-caputo-1-kg\/\" \/>\n<meta property=\"og:site_name\" content=\"Sapori Nostri\" \/>\n<meta property=\"article:publisher\" content=\"https:\/\/www.facebook.com\/saporinostri.it\/\" \/>\n<meta property=\"article:modified_time\" content=\"2026-04-12T08:40:30+00:00\" \/>\n<meta property=\"og:image\" content=\"https:\/\/www.saporinostri.it\/wp-content\/uploads\/2020\/08\/farina-pasta-fresca-e-gnocchi-caputo-1-kg-front.jpg\" \/>\n\t<meta property=\"og:image:width\" content=\"1100\" \/>\n\t<meta property=\"og:image:height\" content=\"1100\" \/>\n\t<meta property=\"og:image:type\" content=\"image\/jpeg\" \/>\n<meta name=\"twitter:card\" content=\"summary_large_image\" \/>\n<meta name=\"twitter:label1\" content=\"Preis\" \/>\n\t<meta name=\"twitter:data1\" content=\"&euro;2,05\" \/>\n\t<meta name=\"twitter:label2\" content=\"Verf\u00fcgbarkeit\" \/>\n\t<meta name=\"twitter:data2\" content=\"Auf Lager\" \/>\n<script type=\"application\/ld+json\" class=\"yoast-schema-graph\">{\"@context\":\"https:\\\/\\\/schema.org\",\"@graph\":[{\"@type\":\"WebPage\",\"@id\":\"https:\\\/\\\/www.saporinostri.it\\\/farina-pasta-fresca-e-gnocchi-caputo-1-kg\\\/\",\"url\":\"https:\\\/\\\/www.saporinostri.it\\\/farina-pasta-fresca-e-gnocchi-caputo-1-kg\\\/\",\"name\":\"Farina Pasta Fresca e Gnocchi Caputo 1 Kg - Sapori Nostri\",\"isPartOf\":{\"@id\":\"https:\\\/\\\/www.saporinostri.it\\\/#website\"},\"primaryImageOfPage\":{\"@id\":\"https:\\\/\\\/www.saporinostri.it\\\/farina-pasta-fresca-e-gnocchi-caputo-1-kg\\\/#primaryimage\"},\"image\":{\"@id\":\"https:\\\/\\\/www.saporinostri.it\\\/farina-pasta-fresca-e-gnocchi-caputo-1-kg\\\/#primaryimage\"},\"thumbnailUrl\":\"https:\\\/\\\/www.saporinostri.it\\\/wp-content\\\/uploads\\\/2020\\\/08\\\/farina-pasta-fresca-e-gnocchi-caputo-1-kg-front.jpg\",\"datePublished\":\"2020-08-24T10:37:53+00:00\",\"dateModified\":\"2026-04-12T08:40:30+00:00\",\"breadcrumb\":{\"@id\":\"https:\\\/\\\/www.saporinostri.it\\\/farina-pasta-fresca-e-gnocchi-caputo-1-kg\\\/#breadcrumb\"},\"inLanguage\":\"de\",\"potentialAction\":[{\"@type\":\"ReadAction\",\"target\":[\"https:\\\/\\\/www.saporinostri.it\\\/farina-pasta-fresca-e-gnocchi-caputo-1-kg\\\/\"]}]},{\"@type\":\"ImageObject\",\"inLanguage\":\"de\",\"@id\":\"https:\\\/\\\/www.saporinostri.it\\\/farina-pasta-fresca-e-gnocchi-caputo-1-kg\\\/#primaryimage\",\"url\":\"https:\\\/\\\/www.saporinostri.it\\\/wp-content\\\/uploads\\\/2020\\\/08\\\/farina-pasta-fresca-e-gnocchi-caputo-1-kg-front.jpg\",\"contentUrl\":\"https:\\\/\\\/www.saporinostri.it\\\/wp-content\\\/uploads\\\/2020\\\/08\\\/farina-pasta-fresca-e-gnocchi-caputo-1-kg-front.jpg\",\"width\":1100,\"height\":1100,\"caption\":\"Farina Pasta Fresca e Gnocchi Caputo 1 Kg\"},{\"@type\":\"BreadcrumbList\",\"@id\":\"https:\\\/\\\/www.saporinostri.it\\\/farina-pasta-fresca-e-gnocchi-caputo-1-kg\\\/#breadcrumb\",\"itemListElement\":[{\"@type\":\"ListItem\",\"position\":1,\"name\":\"Home\",\"item\":\"https:\\\/\\\/www.saporinostri.it\\\/\"},{\"@type\":\"ListItem\",\"position\":2,\"name\":\"Shop\",\"item\":\"https:\\\/\\\/www.saporinostri.it\\\/fr\\\/shop\\\/\"},{\"@type\":\"ListItem\",\"position\":3,\"name\":\"Farina Pasta Fresca e Gnocchi Caputo 1 Kg\"}]},{\"@type\":\"WebSite\",\"@id\":\"https:\\\/\\\/www.saporinostri.it\\\/#website\",\"url\":\"https:\\\/\\\/www.saporinostri.it\\\/\",\"name\":\"Sapori Nostri\",\"description\":\"\",\"publisher\":{\"@id\":\"https:\\\/\\\/www.saporinostri.it\\\/#organization\"},\"potentialAction\":[{\"@type\":\"SearchAction\",\"target\":{\"@type\":\"EntryPoint\",\"urlTemplate\":\"https:\\\/\\\/www.saporinostri.it\\\/?s={search_term_string}\"},\"query-input\":{\"@type\":\"PropertyValueSpecification\",\"valueRequired\":true,\"valueName\":\"search_term_string\"}}],\"inLanguage\":\"de\"},{\"@type\":\"Organization\",\"@id\":\"https:\\\/\\\/www.saporinostri.it\\\/#organization\",\"name\":\"Sapori Nostri\",\"url\":\"https:\\\/\\\/www.saporinostri.it\\\/\",\"logo\":{\"@type\":\"ImageObject\",\"inLanguage\":\"de\",\"@id\":\"https:\\\/\\\/www.saporinostri.it\\\/#\\\/schema\\\/logo\\\/image\\\/\",\"url\":\"https:\\\/\\\/www.saporinostri.it\\\/wp-content\\\/uploads\\\/2020\\\/05\\\/logo-retina.png\",\"contentUrl\":\"https:\\\/\\\/www.saporinostri.it\\\/wp-content\\\/uploads\\\/2020\\\/05\\\/logo-retina.png\",\"width\":500,\"height\":109,\"caption\":\"Sapori Nostri\"},\"image\":{\"@id\":\"https:\\\/\\\/www.saporinostri.it\\\/#\\\/schema\\\/logo\\\/image\\\/\"},\"sameAs\":[\"https:\\\/\\\/www.facebook.com\\\/saporinostri.it\\\/\",\"https:\\\/\\\/www.instagram.com\\\/saporinostri.it\\\/\"]}]}<\/script>\n<meta property=\"product:brand\" content=\"Mulino Caputo\" \/>\n<meta property=\"product:price:amount\" content=\"2.05\" \/>\n<meta property=\"product:price:currency\" content=\"EUR\" \/>\n<meta property=\"og:availability\" content=\"instock\" \/>\n<meta property=\"product:availability\" content=\"instock\" \/>\n<meta property=\"product:retailer_item_id\" content=\"8014601027153\" \/>\n<meta property=\"product:condition\" content=\"new\" \/>\n<!-- \/ Yoast SEO Premium plugin. -->","yoast_head_json":{"title":"Frisches Nudelmehl und Caputo Gnocchi 1 Kg - Unsere Geschmacksrichtungen","robots":{"index":"index","follow":"follow","max-snippet":"max-snippet:-1","max-image-preview":"max-image-preview:large","max-video-preview":"max-video-preview:-1"},"canonical":"https:\/\/www.saporinostri.it\/de\/farina-pasta-fresca-e-gnocchi-caputo-1-kg\/","og_locale":"de_DE","og_type":"article","og_title":"Farina Pasta Fresca e Gnocchi Caputo 1 Kg","og_description":"Scadenza Lotto Pi\u00f9 Recente: 05\/02\/2027 \u00a0L.036B","og_url":"https:\/\/www.saporinostri.it\/de\/farina-pasta-fresca-e-gnocchi-caputo-1-kg\/","og_site_name":"Sapori Nostri","article_publisher":"https:\/\/www.facebook.com\/saporinostri.it\/","article_modified_time":"2026-04-12T08:40:30+00:00","og_image":[{"width":1100,"height":1100,"url":"https:\/\/www.saporinostri.it\/wp-content\/uploads\/2020\/08\/farina-pasta-fresca-e-gnocchi-caputo-1-kg-front.jpg","type":"image\/jpeg"}],"twitter_card":"summary_large_image","twitter_misc":{"Preis":"&euro;2,05","Verf\u00fcgbarkeit":"Auf Lager"},"schema":{"@context":"https:\/\/schema.org","@graph":[{"@type":"WebPage","@id":"https:\/\/www.saporinostri.it\/farina-pasta-fresca-e-gnocchi-caputo-1-kg\/","url":"https:\/\/www.saporinostri.it\/farina-pasta-fresca-e-gnocchi-caputo-1-kg\/","name":"Frisches Nudelmehl und Caputo Gnocchi 1 Kg - Unsere Geschmacksrichtungen","isPartOf":{"@id":"https:\/\/www.saporinostri.it\/#website"},"primaryImageOfPage":{"@id":"https:\/\/www.saporinostri.it\/farina-pasta-fresca-e-gnocchi-caputo-1-kg\/#primaryimage"},"image":{"@id":"https:\/\/www.saporinostri.it\/farina-pasta-fresca-e-gnocchi-caputo-1-kg\/#primaryimage"},"thumbnailUrl":"https:\/\/www.saporinostri.it\/wp-content\/uploads\/2020\/08\/farina-pasta-fresca-e-gnocchi-caputo-1-kg-front.jpg","datePublished":"2020-08-24T10:37:53+00:00","dateModified":"2026-04-12T08:40:30+00:00","breadcrumb":{"@id":"https:\/\/www.saporinostri.it\/farina-pasta-fresca-e-gnocchi-caputo-1-kg\/#breadcrumb"},"inLanguage":"de","potentialAction":[{"@type":"ReadAction","target":["https:\/\/www.saporinostri.it\/farina-pasta-fresca-e-gnocchi-caputo-1-kg\/"]}]},{"@type":"ImageObject","inLanguage":"de","@id":"https:\/\/www.saporinostri.it\/farina-pasta-fresca-e-gnocchi-caputo-1-kg\/#primaryimage","url":"https:\/\/www.saporinostri.it\/wp-content\/uploads\/2020\/08\/farina-pasta-fresca-e-gnocchi-caputo-1-kg-front.jpg","contentUrl":"https:\/\/www.saporinostri.it\/wp-content\/uploads\/2020\/08\/farina-pasta-fresca-e-gnocchi-caputo-1-kg-front.jpg","width":1100,"height":1100,"caption":"Farina Pasta Fresca e Gnocchi Caputo 1 Kg"},{"@type":"BreadcrumbList","@id":"https:\/\/www.saporinostri.it\/farina-pasta-fresca-e-gnocchi-caputo-1-kg\/#breadcrumb","itemListElement":[{"@type":"ListItem","position":1,"name":"Home","item":"https:\/\/www.saporinostri.it\/"},{"@type":"ListItem","position":2,"name":"Shop","item":"https:\/\/www.saporinostri.it\/fr\/shop\/"},{"@type":"ListItem","position":3,"name":"Farina Pasta Fresca e Gnocchi Caputo 1 Kg"}]},{"@type":"WebSite","@id":"https:\/\/www.saporinostri.it\/#website","url":"https:\/\/www.saporinostri.it\/","name":"Sapori Nostri","description":"","publisher":{"@id":"https:\/\/www.saporinostri.it\/#organization"},"potentialAction":[{"@type":"SearchAction","target":{"@type":"EntryPoint","urlTemplate":"https:\/\/www.saporinostri.it\/?s={search_term_string}"},"query-input":{"@type":"PropertyValueSpecification","valueRequired":true,"valueName":"search_term_string"}}],"inLanguage":"de"},{"@type":"Organization","@id":"https:\/\/www.saporinostri.it\/#organization","name":"Sapori Nostri","url":"https:\/\/www.saporinostri.it\/","logo":{"@type":"ImageObject","inLanguage":"de","@id":"https:\/\/www.saporinostri.it\/#\/schema\/logo\/image\/","url":"https:\/\/www.saporinostri.it\/wp-content\/uploads\/2020\/05\/logo-retina.png","contentUrl":"https:\/\/www.saporinostri.it\/wp-content\/uploads\/2020\/05\/logo-retina.png","width":500,"height":109,"caption":"Sapori Nostri"},"image":{"@id":"https:\/\/www.saporinostri.it\/#\/schema\/logo\/image\/"},"sameAs":["https:\/\/www.facebook.com\/saporinostri.it\/","https:\/\/www.instagram.com\/saporinostri.it\/"]}]},"product_brand":"Mulino Caputo","product_price_amount":"2.05","product_price_currency":"EUR","og_availability":"instock","product_availability":"instock","product_retailer_item_id":"8014601027153","product_condition":"new"},"jetpack_sharing_enabled":true,"brands":[{"id":110,"name":"Mulino Caputo","slug":"mulino-caputo"}],"_links":{"self":[{"href":"https:\/\/www.saporinostri.it\/de\/wp-json\/wp\/v2\/product\/3100","targetHints":{"allow":["GET"]}}],"collection":[{"href":"https:\/\/www.saporinostri.it\/de\/wp-json\/wp\/v2\/product"}],"about":[{"href":"https:\/\/www.saporinostri.it\/de\/wp-json\/wp\/v2\/types\/product"}],"replies":[{"embeddable":true,"href":"https:\/\/www.saporinostri.it\/de\/wp-json\/wp\/v2\/comments?post=3100"}],"wp:featuredmedia":[{"embeddable":true,"href":"https:\/\/www.saporinostri.it\/de\/wp-json\/wp\/v2\/media\/4044"}],"wp:attachment":[{"href":"https:\/\/www.saporinostri.it\/de\/wp-json\/wp\/v2\/media?parent=3100"}],"wp:term":[{"taxonomy":"pwb-brand","embeddable":true,"href":"https:\/\/www.saporinostri.it\/de\/wp-json\/wp\/v2\/pwb-brand?post=3100"},{"taxonomy":"product_brand","embeddable":true,"href":"https:\/\/www.saporinostri.it\/de\/wp-json\/wp\/v2\/product_brand?post=3100"},{"taxonomy":"product_cat","embeddable":true,"href":"https:\/\/www.saporinostri.it\/de\/wp-json\/wp\/v2\/product_cat?post=3100"},{"taxonomy":"product_tag","embeddable":true,"href":"https:\/\/www.saporinostri.it\/de\/wp-json\/wp\/v2\/product_tag?post=3100"}],"curies":[{"name":"wp","href":"https:\/\/api.w.org\/{rel}","templated":true}]}}