{"id":35470,"date":"2025-09-18T12:57:36","date_gmt":"2025-09-18T10:57:36","guid":{"rendered":"https:\/\/www.saporinostri.it\/?post_type=product&#038;p=35470"},"modified":"2025-10-15T10:55:20","modified_gmt":"2025-10-15T08:55:20","slug":"de-nigris-i-fruttati-frutto-della-passione-condimento-con-aceto-balsamico-di-modena-igp-copia-2","status":"publish","type":"product","link":"https:\/\/www.saporinostri.it\/de\/de-nigris-i-fruttati-frutto-della-passione-condimento-con-aceto-balsamico-di-modena-igp-copia-2\/","title":{"rendered":"De Nigris i Fruttati Passionsfruchtdressing mit Balsamico-Essig aus Modena g.g.A"},"content":{"rendered":"<div class=\"ap-wrapper\">\n<div class=\"ap-col f-1\">\n<p data-start=\"85\" data-end=\"396\"><strong data-start=\"67\" data-end=\"153\">De Nigris i Fruttati Passionsfrucht \u2013 Dressing mit Balsamico-Essig aus Modena g.g.A<\/strong><\/p>\n<\/div>\n<\/div>\n<div class=\"mini-infobox-wrapper\">Ein raffiniertes Gew\u00fcrz, das die Frische von Weinessig mit der tropischen, s\u00fc\u00dfen und leicht s\u00e4uerlichen Note von <strong>Passionsfrucht<\/strong>Die Linie <strong data-start=\"358\" data-end=\"385\">De Nigris&#039;s Fruity<\/strong> Es ist dazu gedacht, jedes Gericht mit originellen und \u00fcberraschenden Aromen zu bereichern.<br data-start=\"459\" data-end=\"462\" \/>Perfekt f\u00fcr Gourmetsalate, Fisch- und Schalentiergerichte, wei\u00dfes Fleisch und delikaten K\u00e4se. Auch hervorragend geeignet, um Obst- oder Schokoladendesserts eine exotische Note zu verleihen.<\/div>","protected":false},"excerpt":{"rendered":"<p>Ein raffiniertes Gew\u00fcrz, das die Frische von Weinessig mit der tropischen, s\u00fc\u00dfen und leicht s\u00e4uerlichen Note von <strong>Passionsfrucht<\/strong>.<\/p>","protected":false},"featured_media":35472,"comment_status":"open","ping_status":"closed","template":"","meta":{"_acf_changed":false,"inline_featured_image":false,"wprm-recipe-roundup-name":"","wprm-recipe-roundup-description":"","_monsterinsights_skip_tracking":false,"_monsterinsights_sitenote_active":false,"_monsterinsights_sitenote_note":"","_monsterinsights_sitenote_category":0},"pwb-brand":[660],"product_brand":[],"product_cat":[645,582],"product_tag":[],"class_list":{"0":"post-35470","1":"product","2":"type-product","3":"status-publish","4":"has-post-thumbnail","6":"pwb-brand-de-nigris-1889","7":"product_cat-gourmet","8":"product_cat-salse-di-accompagnamento","9":"product_shipping_class-iva-10","11":"first","12":"instock","13":"sale","14":"taxable","15":"shipping-taxable","16":"purchasable","17":"product-type-simple"},"acf":[],"yoast_head":"<!-- This site is optimized with the Yoast SEO Premium plugin v23.7 (Yoast SEO v27.3) - https:\/\/yoast.com\/product\/yoast-seo-premium-wordpress\/ -->\n<title>De Nigris i Fruttati Frutto della Passione Condimento con Aceto<\/title>\n<meta name=\"description\" content=\"Esalta il gusto delle tue ricette con il De Nigris i Fruttati Frutto della Passione Condimento con aceto. Un equilibrio perfetto tra freschezza e intensit\u00e0.\" \/>\n<meta name=\"robots\" content=\"index, follow, max-snippet:-1, max-image-preview:large, max-video-preview:-1\" \/>\n<link rel=\"canonical\" href=\"https:\/\/www.saporinostri.it\/de\/de-nigris-i-fruttati-frutto-della-passione-condimento-con-aceto-balsamico-di-modena-igp-copia-2\/\" \/>\n<meta property=\"og:locale\" content=\"de_DE\" \/>\n<meta property=\"og:type\" content=\"article\" \/>\n<meta property=\"og:title\" content=\"De Nigris i Fruttati Frutto della Passione Condimento con Aceto Balsamico di Modena IGP\" \/>\n<meta property=\"og:description\" content=\"Esalta il gusto delle tue ricette con il De Nigris i Fruttati Frutto della Passione Condimento con aceto. Un equilibrio perfetto tra freschezza e intensit\u00e0.\" \/>\n<meta property=\"og:url\" content=\"https:\/\/www.saporinostri.it\/de\/de-nigris-i-fruttati-frutto-della-passione-condimento-con-aceto-balsamico-di-modena-igp-copia-2\/\" \/>\n<meta property=\"og:site_name\" content=\"Sapori Nostri\" \/>\n<meta property=\"article:publisher\" content=\"https:\/\/www.facebook.com\/saporinostri.it\/\" \/>\n<meta property=\"article:modified_time\" content=\"2025-10-15T08:55:20+00:00\" \/>\n<meta property=\"og:image\" content=\"https:\/\/www.saporinostri.it\/wp-content\/uploads\/2025\/09\/FRUTTO-DELLA-PASSIONE-600x782.png.webp\" \/>\n\t<meta property=\"og:image:width\" content=\"600\" \/>\n\t<meta property=\"og:image:height\" content=\"782\" \/>\n\t<meta property=\"og:image:type\" content=\"image\/webp\" \/>\n<meta name=\"twitter:card\" content=\"summary_large_image\" \/>\n<meta name=\"twitter:label1\" content=\"Preis\" \/>\n\t<meta name=\"twitter:data1\" content=\"&euro;17,99\" \/>\n\t<meta name=\"twitter:label2\" content=\"Verf\u00fcgbarkeit\" \/>\n\t<meta name=\"twitter:data2\" content=\"Auf Lager\" \/>\n<script type=\"application\/ld+json\" class=\"yoast-schema-graph\">{\"@context\":\"https:\\\/\\\/schema.org\",\"@graph\":[{\"@type\":\"WebPage\",\"@id\":\"https:\\\/\\\/www.saporinostri.it\\\/de-nigris-i-fruttati-frutto-della-passione-condimento-con-aceto-balsamico-di-modena-igp-copia-2\\\/\",\"url\":\"https:\\\/\\\/www.saporinostri.it\\\/de-nigris-i-fruttati-frutto-della-passione-condimento-con-aceto-balsamico-di-modena-igp-copia-2\\\/\",\"name\":\"De Nigris i Fruttati Frutto della Passione Condimento con Aceto\",\"isPartOf\":{\"@id\":\"https:\\\/\\\/www.saporinostri.it\\\/#website\"},\"primaryImageOfPage\":{\"@id\":\"https:\\\/\\\/www.saporinostri.it\\\/de-nigris-i-fruttati-frutto-della-passione-condimento-con-aceto-balsamico-di-modena-igp-copia-2\\\/#primaryimage\"},\"image\":{\"@id\":\"https:\\\/\\\/www.saporinostri.it\\\/de-nigris-i-fruttati-frutto-della-passione-condimento-con-aceto-balsamico-di-modena-igp-copia-2\\\/#primaryimage\"},\"thumbnailUrl\":\"https:\\\/\\\/www.saporinostri.it\\\/wp-content\\\/uploads\\\/2025\\\/09\\\/FRUTTO-DELLA-PASSIONE-600x782.png.webp\",\"datePublished\":\"2025-09-18T10:57:36+00:00\",\"dateModified\":\"2025-10-15T08:55:20+00:00\",\"description\":\"Esalta il gusto delle tue ricette con il De Nigris i Fruttati Frutto della Passione Condimento con aceto. Un equilibrio perfetto tra freschezza e intensit\u00e0.\",\"breadcrumb\":{\"@id\":\"https:\\\/\\\/www.saporinostri.it\\\/de-nigris-i-fruttati-frutto-della-passione-condimento-con-aceto-balsamico-di-modena-igp-copia-2\\\/#breadcrumb\"},\"inLanguage\":\"de\",\"potentialAction\":[{\"@type\":\"ReadAction\",\"target\":[\"https:\\\/\\\/www.saporinostri.it\\\/de-nigris-i-fruttati-frutto-della-passione-condimento-con-aceto-balsamico-di-modena-igp-copia-2\\\/\"]}]},{\"@type\":\"ImageObject\",\"inLanguage\":\"de\",\"@id\":\"https:\\\/\\\/www.saporinostri.it\\\/de-nigris-i-fruttati-frutto-della-passione-condimento-con-aceto-balsamico-di-modena-igp-copia-2\\\/#primaryimage\",\"url\":\"https:\\\/\\\/www.saporinostri.it\\\/wp-content\\\/uploads\\\/2025\\\/09\\\/FRUTTO-DELLA-PASSIONE-600x782.png.webp\",\"contentUrl\":\"https:\\\/\\\/www.saporinostri.it\\\/wp-content\\\/uploads\\\/2025\\\/09\\\/FRUTTO-DELLA-PASSIONE-600x782.png.webp\",\"width\":600,\"height\":782},{\"@type\":\"BreadcrumbList\",\"@id\":\"https:\\\/\\\/www.saporinostri.it\\\/de-nigris-i-fruttati-frutto-della-passione-condimento-con-aceto-balsamico-di-modena-igp-copia-2\\\/#breadcrumb\",\"itemListElement\":[{\"@type\":\"ListItem\",\"position\":1,\"name\":\"Home\",\"item\":\"https:\\\/\\\/www.saporinostri.it\\\/\"},{\"@type\":\"ListItem\",\"position\":2,\"name\":\"Shop\",\"item\":\"https:\\\/\\\/www.saporinostri.it\\\/fr\\\/shop\\\/\"},{\"@type\":\"ListItem\",\"position\":3,\"name\":\"De Nigris i Fruttati Frutto della Passione Condimento con Aceto Balsamico di Modena IGP\"}]},{\"@type\":\"WebSite\",\"@id\":\"https:\\\/\\\/www.saporinostri.it\\\/#website\",\"url\":\"https:\\\/\\\/www.saporinostri.it\\\/\",\"name\":\"Sapori Nostri\",\"description\":\"\",\"publisher\":{\"@id\":\"https:\\\/\\\/www.saporinostri.it\\\/#organization\"},\"potentialAction\":[{\"@type\":\"SearchAction\",\"target\":{\"@type\":\"EntryPoint\",\"urlTemplate\":\"https:\\\/\\\/www.saporinostri.it\\\/?s={search_term_string}\"},\"query-input\":{\"@type\":\"PropertyValueSpecification\",\"valueRequired\":true,\"valueName\":\"search_term_string\"}}],\"inLanguage\":\"de\"},{\"@type\":\"Organization\",\"@id\":\"https:\\\/\\\/www.saporinostri.it\\\/#organization\",\"name\":\"Sapori Nostri\",\"url\":\"https:\\\/\\\/www.saporinostri.it\\\/\",\"logo\":{\"@type\":\"ImageObject\",\"inLanguage\":\"de\",\"@id\":\"https:\\\/\\\/www.saporinostri.it\\\/#\\\/schema\\\/logo\\\/image\\\/\",\"url\":\"https:\\\/\\\/www.saporinostri.it\\\/wp-content\\\/uploads\\\/2020\\\/05\\\/logo-retina.png\",\"contentUrl\":\"https:\\\/\\\/www.saporinostri.it\\\/wp-content\\\/uploads\\\/2020\\\/05\\\/logo-retina.png\",\"width\":500,\"height\":109,\"caption\":\"Sapori Nostri\"},\"image\":{\"@id\":\"https:\\\/\\\/www.saporinostri.it\\\/#\\\/schema\\\/logo\\\/image\\\/\"},\"sameAs\":[\"https:\\\/\\\/www.facebook.com\\\/saporinostri.it\\\/\",\"https:\\\/\\\/www.instagram.com\\\/saporinostri.it\\\/\"]}]}<\/script>\n<meta property=\"product:brand\" content=\"De Nigris 1889\" \/>\n<meta property=\"product:price:amount\" content=\"17.99\" \/>\n<meta property=\"product:price:currency\" content=\"EUR\" \/>\n<meta property=\"og:availability\" content=\"instock\" \/>\n<meta property=\"product:availability\" content=\"instock\" \/>\n<meta property=\"product:retailer_item_id\" content=\"8032754439975\" \/>\n<meta property=\"product:condition\" content=\"new\" \/>\n<!-- \/ Yoast SEO Premium plugin. -->","yoast_head_json":{"title":"De Nigris Fruchtiges Passionsfrucht-Dressing mit Essig","description":"Verfeinern Sie den Geschmack Ihrer Rezepte mit dem Passionsfruchtdressing mit Essig von De Nigris i Fruttati. Eine perfekte Balance aus Frische und Intensit\u00e4t.","robots":{"index":"index","follow":"follow","max-snippet":"max-snippet:-1","max-image-preview":"max-image-preview:large","max-video-preview":"max-video-preview:-1"},"canonical":"https:\/\/www.saporinostri.it\/de\/de-nigris-i-fruttati-frutto-della-passione-condimento-con-aceto-balsamico-di-modena-igp-copia-2\/","og_locale":"de_DE","og_type":"article","og_title":"De Nigris i Fruttati Frutto della Passione Condimento con Aceto Balsamico di Modena IGP","og_description":"Esalta il gusto delle tue ricette con il De Nigris i Fruttati Frutto della Passione Condimento con aceto. Un equilibrio perfetto tra freschezza e intensit\u00e0.","og_url":"https:\/\/www.saporinostri.it\/de\/de-nigris-i-fruttati-frutto-della-passione-condimento-con-aceto-balsamico-di-modena-igp-copia-2\/","og_site_name":"Sapori Nostri","article_publisher":"https:\/\/www.facebook.com\/saporinostri.it\/","article_modified_time":"2025-10-15T08:55:20+00:00","og_image":[{"width":600,"height":782,"url":"https:\/\/www.saporinostri.it\/wp-content\/uploads\/2025\/09\/FRUTTO-DELLA-PASSIONE-600x782.png.webp","type":"image\/webp"}],"twitter_card":"summary_large_image","twitter_misc":{"Preis":"&euro;17,99","Verf\u00fcgbarkeit":"Auf Lager"},"schema":{"@context":"https:\/\/schema.org","@graph":[{"@type":"WebPage","@id":"https:\/\/www.saporinostri.it\/de-nigris-i-fruttati-frutto-della-passione-condimento-con-aceto-balsamico-di-modena-igp-copia-2\/","url":"https:\/\/www.saporinostri.it\/de-nigris-i-fruttati-frutto-della-passione-condimento-con-aceto-balsamico-di-modena-igp-copia-2\/","name":"De Nigris Fruchtiges Passionsfrucht-Dressing mit Essig","isPartOf":{"@id":"https:\/\/www.saporinostri.it\/#website"},"primaryImageOfPage":{"@id":"https:\/\/www.saporinostri.it\/de-nigris-i-fruttati-frutto-della-passione-condimento-con-aceto-balsamico-di-modena-igp-copia-2\/#primaryimage"},"image":{"@id":"https:\/\/www.saporinostri.it\/de-nigris-i-fruttati-frutto-della-passione-condimento-con-aceto-balsamico-di-modena-igp-copia-2\/#primaryimage"},"thumbnailUrl":"https:\/\/www.saporinostri.it\/wp-content\/uploads\/2025\/09\/FRUTTO-DELLA-PASSIONE-600x782.png.webp","datePublished":"2025-09-18T10:57:36+00:00","dateModified":"2025-10-15T08:55:20+00:00","description":"Verfeinern Sie den Geschmack Ihrer Rezepte mit dem Passionsfruchtdressing mit Essig von De Nigris i Fruttati. Eine perfekte Balance aus Frische und Intensit\u00e4t.","breadcrumb":{"@id":"https:\/\/www.saporinostri.it\/de-nigris-i-fruttati-frutto-della-passione-condimento-con-aceto-balsamico-di-modena-igp-copia-2\/#breadcrumb"},"inLanguage":"de","potentialAction":[{"@type":"ReadAction","target":["https:\/\/www.saporinostri.it\/de-nigris-i-fruttati-frutto-della-passione-condimento-con-aceto-balsamico-di-modena-igp-copia-2\/"]}]},{"@type":"ImageObject","inLanguage":"de","@id":"https:\/\/www.saporinostri.it\/de-nigris-i-fruttati-frutto-della-passione-condimento-con-aceto-balsamico-di-modena-igp-copia-2\/#primaryimage","url":"https:\/\/www.saporinostri.it\/wp-content\/uploads\/2025\/09\/FRUTTO-DELLA-PASSIONE-600x782.png.webp","contentUrl":"https:\/\/www.saporinostri.it\/wp-content\/uploads\/2025\/09\/FRUTTO-DELLA-PASSIONE-600x782.png.webp","width":600,"height":782},{"@type":"BreadcrumbList","@id":"https:\/\/www.saporinostri.it\/de-nigris-i-fruttati-frutto-della-passione-condimento-con-aceto-balsamico-di-modena-igp-copia-2\/#breadcrumb","itemListElement":[{"@type":"ListItem","position":1,"name":"Home","item":"https:\/\/www.saporinostri.it\/"},{"@type":"ListItem","position":2,"name":"Shop","item":"https:\/\/www.saporinostri.it\/fr\/shop\/"},{"@type":"ListItem","position":3,"name":"De Nigris i Fruttati Frutto della Passione Condimento con Aceto Balsamico di Modena IGP"}]},{"@type":"WebSite","@id":"https:\/\/www.saporinostri.it\/#website","url":"https:\/\/www.saporinostri.it\/","name":"Sapori Nostri","description":"","publisher":{"@id":"https:\/\/www.saporinostri.it\/#organization"},"potentialAction":[{"@type":"SearchAction","target":{"@type":"EntryPoint","urlTemplate":"https:\/\/www.saporinostri.it\/?s={search_term_string}"},"query-input":{"@type":"PropertyValueSpecification","valueRequired":true,"valueName":"search_term_string"}}],"inLanguage":"de"},{"@type":"Organization","@id":"https:\/\/www.saporinostri.it\/#organization","name":"Sapori Nostri","url":"https:\/\/www.saporinostri.it\/","logo":{"@type":"ImageObject","inLanguage":"de","@id":"https:\/\/www.saporinostri.it\/#\/schema\/logo\/image\/","url":"https:\/\/www.saporinostri.it\/wp-content\/uploads\/2020\/05\/logo-retina.png","contentUrl":"https:\/\/www.saporinostri.it\/wp-content\/uploads\/2020\/05\/logo-retina.png","width":500,"height":109,"caption":"Sapori Nostri"},"image":{"@id":"https:\/\/www.saporinostri.it\/#\/schema\/logo\/image\/"},"sameAs":["https:\/\/www.facebook.com\/saporinostri.it\/","https:\/\/www.instagram.com\/saporinostri.it\/"]}]},"product_brand":"De Nigris 1889","product_price_amount":"17.99","product_price_currency":"EUR","og_availability":"instock","product_availability":"instock","product_retailer_item_id":"8032754439975","product_condition":"new"},"jetpack_sharing_enabled":true,"brands":[{"id":660,"name":"De Nigris 1889","slug":"de-nigris-1889"}],"_links":{"self":[{"href":"https:\/\/www.saporinostri.it\/de\/wp-json\/wp\/v2\/product\/35470","targetHints":{"allow":["GET"]}}],"collection":[{"href":"https:\/\/www.saporinostri.it\/de\/wp-json\/wp\/v2\/product"}],"about":[{"href":"https:\/\/www.saporinostri.it\/de\/wp-json\/wp\/v2\/types\/product"}],"replies":[{"embeddable":true,"href":"https:\/\/www.saporinostri.it\/de\/wp-json\/wp\/v2\/comments?post=35470"}],"wp:featuredmedia":[{"embeddable":true,"href":"https:\/\/www.saporinostri.it\/de\/wp-json\/wp\/v2\/media\/35472"}],"wp:attachment":[{"href":"https:\/\/www.saporinostri.it\/de\/wp-json\/wp\/v2\/media?parent=35470"}],"wp:term":[{"taxonomy":"pwb-brand","embeddable":true,"href":"https:\/\/www.saporinostri.it\/de\/wp-json\/wp\/v2\/pwb-brand?post=35470"},{"taxonomy":"product_brand","embeddable":true,"href":"https:\/\/www.saporinostri.it\/de\/wp-json\/wp\/v2\/product_brand?post=35470"},{"taxonomy":"product_cat","embeddable":true,"href":"https:\/\/www.saporinostri.it\/de\/wp-json\/wp\/v2\/product_cat?post=35470"},{"taxonomy":"product_tag","embeddable":true,"href":"https:\/\/www.saporinostri.it\/de\/wp-json\/wp\/v2\/product_tag?post=35470"}],"curies":[{"name":"wp","href":"https:\/\/api.w.org\/{rel}","templated":true}]}}