{"id":37699,"date":"2026-01-16T10:52:34","date_gmt":"2026-01-16T09:52:34","guid":{"rendered":"https:\/\/www.saporinostri.it\/?post_type=product&#038;p=37699"},"modified":"2026-01-16T11:32:39","modified_gmt":"2026-01-16T10:32:39","slug":"acquerello-riso-in-lattina-1kg","status":"publish","type":"product","link":"https:\/\/www.saporinostri.it\/de\/acquerello-riso-in-lattina-1kg\/","title":{"rendered":"Acquerello Reis in der Dose 1 kg"},"content":{"rendered":"<p>Angebaut und verpackt in Tenuta Colombara, im Herzen der Reisfelder von Vercelli. Riso Acquerello ist der erste in Italien gereifte Carnaroli-Reis, der einzige, der mit seiner Knospe, dem nahrhaftesten Teil des Reises, aufgef\u00fcllt wird.<\/p>\n<p>Nach der Ernte reift der Reis mindestens 1 Jahr in K\u00fchlsilos.<\/p>\n<p>Dann mit dem Propeller langsam und fein verfeinert, ein Verfahren, das 1884 erfunden wurde und heute nur noch von der Familie Rondolino verwendet wird.<\/p>\n<p>Mit der Erfahrung kommt die Intuition: Die K\u00f6rner werden mit ihrer Knospe aufgef\u00fcllt, die alle wertvollsten N\u00e4hrstoffe enth\u00e4lt, die Vitamine und Mineralien, die nur in braunem Reis enthalten sind. Eine durch ein internationales Patent gesch\u00fctzte Idee.<\/p>\n<p>Acquerello ist dank seiner nahrhafteren, festeren und schmackhafteren K\u00f6rner der Ankunftspunkt von Reis: eine perfekte Kochbest\u00e4ndigkeit, eine optimale Aufnahme der Gew\u00fcrze und eine Vielseitigkeit, die es f\u00fcr jede Art von Rezept geeignet macht, wobei alle Eigenschaften des Reises erhalten bleiben .<\/p>","protected":false},"excerpt":{"rendered":"<p>Angebaut und verpackt in Tenuta Colombara, im Herzen der Reisfelder von Vercelli. Riso Acquerello ist der erste in Italien gereifte Carnaroli-Reis, der einzige, der mit seiner Knospe, dem nahrhaftesten Teil des Reises, aufgef\u00fcllt wird.<\/p>\n<p><strong>Altern:<\/strong> Mindestens 1 Jahr<\/p>\n<p><strong>Nettogewicht:<\/strong> 1 kg<\/p>","protected":false},"featured_media":9766,"comment_status":"open","ping_status":"closed","template":"","meta":{"_acf_changed":false,"inline_featured_image":false,"wprm-recipe-roundup-name":"","wprm-recipe-roundup-description":"","_monsterinsights_skip_tracking":false,"_monsterinsights_sitenote_active":false,"_monsterinsights_sitenote_note":"","_monsterinsights_sitenote_category":0},"pwb-brand":[431],"product_brand":[],"product_cat":[407,432],"product_tag":[],"class_list":{"0":"post-37699","1":"product","2":"type-product","3":"status-publish","4":"has-post-thumbnail","6":"pwb-brand-acquerello","7":"product_cat-pasta-artigianale","8":"product_cat-riso","10":"first","11":"instock","12":"sale","13":"taxable","14":"shipping-taxable","15":"purchasable","16":"product-type-simple"},"acf":[],"yoast_head":"<!-- This site is optimized with the Yoast SEO Premium plugin v23.7 (Yoast SEO v27.3) - https:\/\/yoast.com\/product\/yoast-seo-premium-wordpress\/ -->\n<title>Acquerello Riso in Lattina 1Kg - Sapori Nostri<\/title>\n<meta name=\"description\" content=\"Riso Acquerello \u00e8 il primo riso Carnaroli invecchiato in Italia, l&#039;unico reintegrato con la sua gemma, la parte pi\u00f9 nutriente del riso.\" \/>\n<meta name=\"robots\" content=\"index, follow, max-snippet:-1, max-image-preview:large, max-video-preview:-1\" \/>\n<link rel=\"canonical\" href=\"https:\/\/www.saporinostri.it\/de\/acquerello-riso-in-lattina-1kg\/\" \/>\n<meta property=\"og:locale\" content=\"de_DE\" \/>\n<meta property=\"og:type\" content=\"article\" \/>\n<meta property=\"og:title\" content=\"Acquerello Riso in Lattina 1Kg\" \/>\n<meta property=\"og:description\" content=\"Riso Acquerello \u00e8 il primo riso Carnaroli invecchiato in Italia, l&#039;unico reintegrato con la sua gemma, la parte pi\u00f9 nutriente del riso.\" \/>\n<meta property=\"og:url\" content=\"https:\/\/www.saporinostri.it\/de\/acquerello-riso-in-lattina-1kg\/\" \/>\n<meta property=\"og:site_name\" content=\"Sapori Nostri\" \/>\n<meta property=\"article:publisher\" content=\"https:\/\/www.facebook.com\/saporinostri.it\/\" \/>\n<meta property=\"article:modified_time\" content=\"2026-01-16T10:32:39+00:00\" \/>\n<meta property=\"og:image\" content=\"https:\/\/www.saporinostri.it\/wp-content\/uploads\/2021\/03\/riso-acquerello-front.jpg\" \/>\n\t<meta property=\"og:image:width\" content=\"1100\" \/>\n\t<meta property=\"og:image:height\" content=\"1100\" \/>\n\t<meta property=\"og:image:type\" content=\"image\/jpeg\" \/>\n<meta name=\"twitter:card\" content=\"summary_large_image\" \/>\n<meta name=\"twitter:label1\" content=\"Preis\" \/>\n\t<meta name=\"twitter:data1\" content=\"&euro;18,99\" \/>\n\t<meta name=\"twitter:label2\" content=\"Verf\u00fcgbarkeit\" \/>\n\t<meta name=\"twitter:data2\" content=\"Auf Lager\" \/>\n<script type=\"application\/ld+json\" class=\"yoast-schema-graph\">{\"@context\":\"https:\\\/\\\/schema.org\",\"@graph\":[{\"@type\":\"WebPage\",\"@id\":\"https:\\\/\\\/www.saporinostri.it\\\/acquerello-riso-in-lattina-1kg\\\/\",\"url\":\"https:\\\/\\\/www.saporinostri.it\\\/acquerello-riso-in-lattina-1kg\\\/\",\"name\":\"Acquerello Riso in Lattina 1Kg - Sapori Nostri\",\"isPartOf\":{\"@id\":\"https:\\\/\\\/www.saporinostri.it\\\/#website\"},\"primaryImageOfPage\":{\"@id\":\"https:\\\/\\\/www.saporinostri.it\\\/acquerello-riso-in-lattina-1kg\\\/#primaryimage\"},\"image\":{\"@id\":\"https:\\\/\\\/www.saporinostri.it\\\/acquerello-riso-in-lattina-1kg\\\/#primaryimage\"},\"thumbnailUrl\":\"https:\\\/\\\/www.saporinostri.it\\\/wp-content\\\/uploads\\\/2021\\\/03\\\/riso-acquerello-front.jpg\",\"datePublished\":\"2026-01-16T09:52:34+00:00\",\"dateModified\":\"2026-01-16T10:32:39+00:00\",\"description\":\"Riso Acquerello \u00e8 il primo riso Carnaroli invecchiato in Italia, l'unico reintegrato con la sua gemma, la parte pi\u00f9 nutriente del riso.\",\"breadcrumb\":{\"@id\":\"https:\\\/\\\/www.saporinostri.it\\\/acquerello-riso-in-lattina-1kg\\\/#breadcrumb\"},\"inLanguage\":\"de\",\"potentialAction\":[{\"@type\":\"ReadAction\",\"target\":[\"https:\\\/\\\/www.saporinostri.it\\\/acquerello-riso-in-lattina-1kg\\\/\"]}]},{\"@type\":\"ImageObject\",\"inLanguage\":\"de\",\"@id\":\"https:\\\/\\\/www.saporinostri.it\\\/acquerello-riso-in-lattina-1kg\\\/#primaryimage\",\"url\":\"https:\\\/\\\/www.saporinostri.it\\\/wp-content\\\/uploads\\\/2021\\\/03\\\/riso-acquerello-front.jpg\",\"contentUrl\":\"https:\\\/\\\/www.saporinostri.it\\\/wp-content\\\/uploads\\\/2021\\\/03\\\/riso-acquerello-front.jpg\",\"width\":1100,\"height\":1100,\"caption\":\"Acquerello Riso in Lattina 500g\"},{\"@type\":\"BreadcrumbList\",\"@id\":\"https:\\\/\\\/www.saporinostri.it\\\/acquerello-riso-in-lattina-1kg\\\/#breadcrumb\",\"itemListElement\":[{\"@type\":\"ListItem\",\"position\":1,\"name\":\"Home\",\"item\":\"https:\\\/\\\/www.saporinostri.it\\\/\"},{\"@type\":\"ListItem\",\"position\":2,\"name\":\"Shop\",\"item\":\"https:\\\/\\\/www.saporinostri.it\\\/fr\\\/shop\\\/\"},{\"@type\":\"ListItem\",\"position\":3,\"name\":\"Acquerello Riso in Lattina 1Kg\"}]},{\"@type\":\"WebSite\",\"@id\":\"https:\\\/\\\/www.saporinostri.it\\\/#website\",\"url\":\"https:\\\/\\\/www.saporinostri.it\\\/\",\"name\":\"Sapori Nostri\",\"description\":\"\",\"publisher\":{\"@id\":\"https:\\\/\\\/www.saporinostri.it\\\/#organization\"},\"potentialAction\":[{\"@type\":\"SearchAction\",\"target\":{\"@type\":\"EntryPoint\",\"urlTemplate\":\"https:\\\/\\\/www.saporinostri.it\\\/?s={search_term_string}\"},\"query-input\":{\"@type\":\"PropertyValueSpecification\",\"valueRequired\":true,\"valueName\":\"search_term_string\"}}],\"inLanguage\":\"de\"},{\"@type\":\"Organization\",\"@id\":\"https:\\\/\\\/www.saporinostri.it\\\/#organization\",\"name\":\"Sapori Nostri\",\"url\":\"https:\\\/\\\/www.saporinostri.it\\\/\",\"logo\":{\"@type\":\"ImageObject\",\"inLanguage\":\"de\",\"@id\":\"https:\\\/\\\/www.saporinostri.it\\\/#\\\/schema\\\/logo\\\/image\\\/\",\"url\":\"https:\\\/\\\/www.saporinostri.it\\\/wp-content\\\/uploads\\\/2020\\\/05\\\/logo-retina.png\",\"contentUrl\":\"https:\\\/\\\/www.saporinostri.it\\\/wp-content\\\/uploads\\\/2020\\\/05\\\/logo-retina.png\",\"width\":500,\"height\":109,\"caption\":\"Sapori Nostri\"},\"image\":{\"@id\":\"https:\\\/\\\/www.saporinostri.it\\\/#\\\/schema\\\/logo\\\/image\\\/\"},\"sameAs\":[\"https:\\\/\\\/www.facebook.com\\\/saporinostri.it\\\/\",\"https:\\\/\\\/www.instagram.com\\\/saporinostri.it\\\/\"]}]}<\/script>\n<meta property=\"product:brand\" content=\"Acquerello\" \/>\n<meta property=\"product:price:amount\" content=\"18.99\" \/>\n<meta property=\"product:price:currency\" content=\"EUR\" \/>\n<meta property=\"og:availability\" content=\"instock\" \/>\n<meta property=\"product:availability\" content=\"instock\" \/>\n<meta property=\"product:retailer_item_id\" content=\"8012778000016\" \/>\n<meta property=\"product:condition\" content=\"new\" \/>\n<!-- \/ Yoast SEO Premium plugin. -->","yoast_head_json":{"title":"Acquerello-Reis in einer Dose 1 kg \u2013 Sapori Nostri","description":"Acquerello-Reis ist der erste gereifte Carnaroli-Reis in Italien, der einzige, bei dem die Reisk\u00f6rner \u2013 der n\u00e4hrstoffreichste Teil des Reises \u2013 wieder zusammengef\u00fcgt werden.","robots":{"index":"index","follow":"follow","max-snippet":"max-snippet:-1","max-image-preview":"max-image-preview:large","max-video-preview":"max-video-preview:-1"},"canonical":"https:\/\/www.saporinostri.it\/de\/acquerello-riso-in-lattina-1kg\/","og_locale":"de_DE","og_type":"article","og_title":"Acquerello Riso in Lattina 1Kg","og_description":"Riso Acquerello \u00e8 il primo riso Carnaroli invecchiato in Italia, l'unico reintegrato con la sua gemma, la parte pi\u00f9 nutriente del riso.","og_url":"https:\/\/www.saporinostri.it\/de\/acquerello-riso-in-lattina-1kg\/","og_site_name":"Sapori Nostri","article_publisher":"https:\/\/www.facebook.com\/saporinostri.it\/","article_modified_time":"2026-01-16T10:32:39+00:00","og_image":[{"width":1100,"height":1100,"url":"https:\/\/www.saporinostri.it\/wp-content\/uploads\/2021\/03\/riso-acquerello-front.jpg","type":"image\/jpeg"}],"twitter_card":"summary_large_image","twitter_misc":{"Preis":"&euro;18,99","Verf\u00fcgbarkeit":"Auf Lager"},"schema":{"@context":"https:\/\/schema.org","@graph":[{"@type":"WebPage","@id":"https:\/\/www.saporinostri.it\/acquerello-riso-in-lattina-1kg\/","url":"https:\/\/www.saporinostri.it\/acquerello-riso-in-lattina-1kg\/","name":"Acquerello-Reis in einer Dose 1 kg \u2013 Sapori Nostri","isPartOf":{"@id":"https:\/\/www.saporinostri.it\/#website"},"primaryImageOfPage":{"@id":"https:\/\/www.saporinostri.it\/acquerello-riso-in-lattina-1kg\/#primaryimage"},"image":{"@id":"https:\/\/www.saporinostri.it\/acquerello-riso-in-lattina-1kg\/#primaryimage"},"thumbnailUrl":"https:\/\/www.saporinostri.it\/wp-content\/uploads\/2021\/03\/riso-acquerello-front.jpg","datePublished":"2026-01-16T09:52:34+00:00","dateModified":"2026-01-16T10:32:39+00:00","description":"Acquerello-Reis ist der erste gereifte Carnaroli-Reis in Italien, der einzige, bei dem die Reisk\u00f6rner \u2013 der n\u00e4hrstoffreichste Teil des Reises \u2013 wieder zusammengef\u00fcgt werden.","breadcrumb":{"@id":"https:\/\/www.saporinostri.it\/acquerello-riso-in-lattina-1kg\/#breadcrumb"},"inLanguage":"de","potentialAction":[{"@type":"ReadAction","target":["https:\/\/www.saporinostri.it\/acquerello-riso-in-lattina-1kg\/"]}]},{"@type":"ImageObject","inLanguage":"de","@id":"https:\/\/www.saporinostri.it\/acquerello-riso-in-lattina-1kg\/#primaryimage","url":"https:\/\/www.saporinostri.it\/wp-content\/uploads\/2021\/03\/riso-acquerello-front.jpg","contentUrl":"https:\/\/www.saporinostri.it\/wp-content\/uploads\/2021\/03\/riso-acquerello-front.jpg","width":1100,"height":1100,"caption":"Acquerello Riso in Lattina 500g"},{"@type":"BreadcrumbList","@id":"https:\/\/www.saporinostri.it\/acquerello-riso-in-lattina-1kg\/#breadcrumb","itemListElement":[{"@type":"ListItem","position":1,"name":"Home","item":"https:\/\/www.saporinostri.it\/"},{"@type":"ListItem","position":2,"name":"Shop","item":"https:\/\/www.saporinostri.it\/fr\/shop\/"},{"@type":"ListItem","position":3,"name":"Acquerello Riso in Lattina 1Kg"}]},{"@type":"WebSite","@id":"https:\/\/www.saporinostri.it\/#website","url":"https:\/\/www.saporinostri.it\/","name":"Sapori Nostri","description":"","publisher":{"@id":"https:\/\/www.saporinostri.it\/#organization"},"potentialAction":[{"@type":"SearchAction","target":{"@type":"EntryPoint","urlTemplate":"https:\/\/www.saporinostri.it\/?s={search_term_string}"},"query-input":{"@type":"PropertyValueSpecification","valueRequired":true,"valueName":"search_term_string"}}],"inLanguage":"de"},{"@type":"Organization","@id":"https:\/\/www.saporinostri.it\/#organization","name":"Sapori Nostri","url":"https:\/\/www.saporinostri.it\/","logo":{"@type":"ImageObject","inLanguage":"de","@id":"https:\/\/www.saporinostri.it\/#\/schema\/logo\/image\/","url":"https:\/\/www.saporinostri.it\/wp-content\/uploads\/2020\/05\/logo-retina.png","contentUrl":"https:\/\/www.saporinostri.it\/wp-content\/uploads\/2020\/05\/logo-retina.png","width":500,"height":109,"caption":"Sapori Nostri"},"image":{"@id":"https:\/\/www.saporinostri.it\/#\/schema\/logo\/image\/"},"sameAs":["https:\/\/www.facebook.com\/saporinostri.it\/","https:\/\/www.instagram.com\/saporinostri.it\/"]}]},"product_brand":"Acquerello","product_price_amount":"18.99","product_price_currency":"EUR","og_availability":"instock","product_availability":"instock","product_retailer_item_id":"8012778000016","product_condition":"new"},"jetpack_sharing_enabled":true,"brands":[{"id":431,"name":"Aquarell","slug":"acquerello"}],"_links":{"self":[{"href":"https:\/\/www.saporinostri.it\/de\/wp-json\/wp\/v2\/product\/37699","targetHints":{"allow":["GET"]}}],"collection":[{"href":"https:\/\/www.saporinostri.it\/de\/wp-json\/wp\/v2\/product"}],"about":[{"href":"https:\/\/www.saporinostri.it\/de\/wp-json\/wp\/v2\/types\/product"}],"replies":[{"embeddable":true,"href":"https:\/\/www.saporinostri.it\/de\/wp-json\/wp\/v2\/comments?post=37699"}],"wp:featuredmedia":[{"embeddable":true,"href":"https:\/\/www.saporinostri.it\/de\/wp-json\/wp\/v2\/media\/9766"}],"wp:attachment":[{"href":"https:\/\/www.saporinostri.it\/de\/wp-json\/wp\/v2\/media?parent=37699"}],"wp:term":[{"taxonomy":"pwb-brand","embeddable":true,"href":"https:\/\/www.saporinostri.it\/de\/wp-json\/wp\/v2\/pwb-brand?post=37699"},{"taxonomy":"product_brand","embeddable":true,"href":"https:\/\/www.saporinostri.it\/de\/wp-json\/wp\/v2\/product_brand?post=37699"},{"taxonomy":"product_cat","embeddable":true,"href":"https:\/\/www.saporinostri.it\/de\/wp-json\/wp\/v2\/product_cat?post=37699"},{"taxonomy":"product_tag","embeddable":true,"href":"https:\/\/www.saporinostri.it\/de\/wp-json\/wp\/v2\/product_tag?post=37699"}],"curies":[{"name":"wp","href":"https:\/\/api.w.org\/{rel}","templated":true}]}}