{"id":37795,"date":"2026-01-19T09:40:38","date_gmt":"2026-01-19T08:40:38","guid":{"rendered":"https:\/\/www.saporinostri.it\/?post_type=product&#038;p=37795"},"modified":"2026-02-16T11:51:22","modified_gmt":"2026-02-16T10:51:22","slug":"linguine-al-limone-il-vecchio-pastificio-i-sapori-500g","status":"publish","type":"product","link":"https:\/\/www.saporinostri.it\/de\/linguine-al-limone-il-vecchio-pastificio-i-sapori-500g\/","title":{"rendered":"Linguine mit Zitrone g.g.A. Il Vecchio Pastificio i Sapori 500g"},"content":{"rendered":"<p>In \u00dcbereinstimmung mit der gro\u00dfen weltlichen Tradition von Gragnano produziert Il Vecchio Pastificio di Gragnano jeden Tag unter den wachsamen Augen des Nudelmeisters nach der handwerklichen Methode Pasta di Gragnano g.g.A. von h\u00f6chster Qualit\u00e4t. Durch die Auswahl des besten Hartweizengrie\u00dfes, der nur mit dem S\u00fc\u00dfwasser der sehr reinen - jahrtausendealten - Quellen von Gragnano vermischt wird, mit viel Leidenschaft, Sorgfalt und Geschick.<br \/>\nDie Spaghetti mit gesch\u00fctzter geografischer Angabe (g.g.A.) werden, wie die Geschichte lehrt, ausschlie\u00dflich mit Bronzeformen langsam gezogen, was ihnen ihre au\u00dfergew\u00f6hnliche Rauheit verleiht. Sie werden nur bei niedrigen Temperaturen und sehr langsam getrocknet, um die herausragende Qualit\u00e4t des Produkts \u2013 einzigartig, geschmackvoll und duftend \u2013 weiter zu verbessern. Sorgf\u00e4ltige Handarbeit wird in jedem Produktionsschritt \u00fcberwacht. Die hochmoderne Pastafabrik mit ihrer hohen Produktionskapazit\u00e4t arbeitet t\u00e4glich mit strengen und sorgf\u00e4ltigen handwerklichen Methoden.<\/p>\n<p><strong>Zutaten:<\/strong> Hartweizengrie\u00df, Gragnano-Wasser, Sorrento-Zitronensaft (gesch\u00fctzte geografische Angabe), Kurkuma.<\/p>","protected":false},"excerpt":{"rendered":"<p>Unsere Zitronen-Linguine werden mit dem Saft von Sorrento-Zitronen (gesch\u00fctzte geografische Angabe) hergestellt und bieten ein einzigartiges Aroma und einen frischen Zitrusgeschmack. Sie passen hervorragend zu Fisch- und Meeresfr\u00fcchtesaucen und werden nach Familientradition aus feinstem Hartweizengrie\u00df produziert. Mit dieser hochwertigen, handgemachten Pasta k\u00f6nnen Sie farbenfrohe Gerichte und kreative Rezepte zaubern.<\/p>\n<p><strong>Nettogewicht:<\/strong> 500 g<br \/>\n<strong>Kochen: <\/strong>11 Minuten<\/p>","protected":false},"featured_media":37801,"comment_status":"open","ping_status":"closed","template":"","meta":{"_acf_changed":false,"inline_featured_image":false,"wprm-recipe-roundup-name":"","wprm-recipe-roundup-description":"","_monsterinsights_skip_tracking":false,"_monsterinsights_sitenote_active":false,"_monsterinsights_sitenote_note":"","_monsterinsights_sitenote_category":0},"pwb-brand":[411],"product_brand":[],"product_cat":[407],"product_tag":[],"class_list":{"0":"post-37795","1":"product","2":"type-product","3":"status-publish","4":"has-post-thumbnail","6":"pwb-brand-il-vecchio-pastificio-di-gragnano","7":"product_cat-pasta-artigianale","9":"first","10":"instock","11":"sale","12":"taxable","13":"shipping-taxable","14":"purchasable","15":"product-type-simple"},"acf":[],"yoast_head":"<!-- This site is optimized with the Yoast SEO Premium plugin v23.7 (Yoast SEO v27.3) - https:\/\/yoast.com\/product\/yoast-seo-premium-wordpress\/ -->\n<title>Linguine al Limone Il Vecchio Pastificio i Sapori 500g - Sapori Nostri<\/title>\n<meta name=\"description\" content=\"Le Linguine al Limone dal sapore unico e un gusto agrumato. Questa pasta ti permette di portare in tavola piatti colorati e ricette creative.\" \/>\n<meta name=\"robots\" content=\"index, follow, max-snippet:-1, max-image-preview:large, max-video-preview:-1\" \/>\n<link rel=\"canonical\" href=\"https:\/\/www.saporinostri.it\/de\/linguine-al-limone-il-vecchio-pastificio-i-sapori-500g\/\" \/>\n<meta property=\"og:locale\" content=\"de_DE\" \/>\n<meta property=\"og:type\" content=\"article\" \/>\n<meta property=\"og:title\" content=\"Linguine al Limone IGP Il Vecchio Pastificio i Sapori 500g\" \/>\n<meta property=\"og:description\" content=\"Le Linguine al Limone dal sapore unico e un gusto agrumato. Questa pasta ti permette di portare in tavola piatti colorati e ricette creative.\" \/>\n<meta property=\"og:url\" content=\"https:\/\/www.saporinostri.it\/de\/linguine-al-limone-il-vecchio-pastificio-i-sapori-500g\/\" \/>\n<meta property=\"og:site_name\" content=\"Sapori Nostri\" \/>\n<meta property=\"article:publisher\" content=\"https:\/\/www.facebook.com\/saporinostri.it\/\" \/>\n<meta property=\"article:modified_time\" content=\"2026-02-16T10:51:22+00:00\" \/>\n<meta property=\"og:image\" content=\"https:\/\/www.saporinostri.it\/wp-content\/uploads\/2026\/01\/linguinaallimone-768x1024.png\" \/>\n\t<meta property=\"og:image:width\" content=\"768\" \/>\n\t<meta property=\"og:image:height\" content=\"1024\" \/>\n\t<meta property=\"og:image:type\" content=\"image\/png\" \/>\n<meta name=\"twitter:card\" content=\"summary_large_image\" \/>\n<meta name=\"twitter:label1\" content=\"Preis\" \/>\n\t<meta name=\"twitter:data1\" content=\"&euro;4,49\" \/>\n\t<meta name=\"twitter:label2\" content=\"Verf\u00fcgbarkeit\" \/>\n\t<meta name=\"twitter:data2\" content=\"Auf Lager\" \/>\n<script type=\"application\/ld+json\" class=\"yoast-schema-graph\">{\"@context\":\"https:\\\/\\\/schema.org\",\"@graph\":[{\"@type\":\"WebPage\",\"@id\":\"https:\\\/\\\/www.saporinostri.it\\\/linguine-al-limone-il-vecchio-pastificio-i-sapori-500g\\\/\",\"url\":\"https:\\\/\\\/www.saporinostri.it\\\/linguine-al-limone-il-vecchio-pastificio-i-sapori-500g\\\/\",\"name\":\"Linguine al Limone Il Vecchio Pastificio i Sapori 500g - Sapori Nostri\",\"isPartOf\":{\"@id\":\"https:\\\/\\\/www.saporinostri.it\\\/#website\"},\"primaryImageOfPage\":{\"@id\":\"https:\\\/\\\/www.saporinostri.it\\\/linguine-al-limone-il-vecchio-pastificio-i-sapori-500g\\\/#primaryimage\"},\"image\":{\"@id\":\"https:\\\/\\\/www.saporinostri.it\\\/linguine-al-limone-il-vecchio-pastificio-i-sapori-500g\\\/#primaryimage\"},\"thumbnailUrl\":\"https:\\\/\\\/www.saporinostri.it\\\/wp-content\\\/uploads\\\/2026\\\/01\\\/linguinaallimone.png\",\"datePublished\":\"2026-01-19T08:40:38+00:00\",\"dateModified\":\"2026-02-16T10:51:22+00:00\",\"description\":\"Le Linguine al Limone dal sapore unico e un gusto agrumato. Questa pasta ti permette di portare in tavola piatti colorati e ricette creative.\",\"breadcrumb\":{\"@id\":\"https:\\\/\\\/www.saporinostri.it\\\/linguine-al-limone-il-vecchio-pastificio-i-sapori-500g\\\/#breadcrumb\"},\"inLanguage\":\"de\",\"potentialAction\":[{\"@type\":\"ReadAction\",\"target\":[\"https:\\\/\\\/www.saporinostri.it\\\/linguine-al-limone-il-vecchio-pastificio-i-sapori-500g\\\/\"]}]},{\"@type\":\"ImageObject\",\"inLanguage\":\"de\",\"@id\":\"https:\\\/\\\/www.saporinostri.it\\\/linguine-al-limone-il-vecchio-pastificio-i-sapori-500g\\\/#primaryimage\",\"url\":\"https:\\\/\\\/www.saporinostri.it\\\/wp-content\\\/uploads\\\/2026\\\/01\\\/linguinaallimone.png\",\"contentUrl\":\"https:\\\/\\\/www.saporinostri.it\\\/wp-content\\\/uploads\\\/2026\\\/01\\\/linguinaallimone.png\",\"width\":1536,\"height\":2048},{\"@type\":\"BreadcrumbList\",\"@id\":\"https:\\\/\\\/www.saporinostri.it\\\/linguine-al-limone-il-vecchio-pastificio-i-sapori-500g\\\/#breadcrumb\",\"itemListElement\":[{\"@type\":\"ListItem\",\"position\":1,\"name\":\"Home\",\"item\":\"https:\\\/\\\/www.saporinostri.it\\\/\"},{\"@type\":\"ListItem\",\"position\":2,\"name\":\"Shop\",\"item\":\"https:\\\/\\\/www.saporinostri.it\\\/fr\\\/shop\\\/\"},{\"@type\":\"ListItem\",\"position\":3,\"name\":\"Linguine al Limone IGP Il Vecchio Pastificio i Sapori 500g\"}]},{\"@type\":\"WebSite\",\"@id\":\"https:\\\/\\\/www.saporinostri.it\\\/#website\",\"url\":\"https:\\\/\\\/www.saporinostri.it\\\/\",\"name\":\"Sapori Nostri\",\"description\":\"\",\"publisher\":{\"@id\":\"https:\\\/\\\/www.saporinostri.it\\\/#organization\"},\"potentialAction\":[{\"@type\":\"SearchAction\",\"target\":{\"@type\":\"EntryPoint\",\"urlTemplate\":\"https:\\\/\\\/www.saporinostri.it\\\/?s={search_term_string}\"},\"query-input\":{\"@type\":\"PropertyValueSpecification\",\"valueRequired\":true,\"valueName\":\"search_term_string\"}}],\"inLanguage\":\"de\"},{\"@type\":\"Organization\",\"@id\":\"https:\\\/\\\/www.saporinostri.it\\\/#organization\",\"name\":\"Sapori Nostri\",\"url\":\"https:\\\/\\\/www.saporinostri.it\\\/\",\"logo\":{\"@type\":\"ImageObject\",\"inLanguage\":\"de\",\"@id\":\"https:\\\/\\\/www.saporinostri.it\\\/#\\\/schema\\\/logo\\\/image\\\/\",\"url\":\"https:\\\/\\\/www.saporinostri.it\\\/wp-content\\\/uploads\\\/2020\\\/05\\\/logo-retina.png\",\"contentUrl\":\"https:\\\/\\\/www.saporinostri.it\\\/wp-content\\\/uploads\\\/2020\\\/05\\\/logo-retina.png\",\"width\":500,\"height\":109,\"caption\":\"Sapori Nostri\"},\"image\":{\"@id\":\"https:\\\/\\\/www.saporinostri.it\\\/#\\\/schema\\\/logo\\\/image\\\/\"},\"sameAs\":[\"https:\\\/\\\/www.facebook.com\\\/saporinostri.it\\\/\",\"https:\\\/\\\/www.instagram.com\\\/saporinostri.it\\\/\"]}]}<\/script>\n<meta property=\"product:brand\" content=\"Il Vecchio Pastificio di Gragnano\" \/>\n<meta property=\"product:price:amount\" content=\"4.49\" \/>\n<meta property=\"product:price:currency\" content=\"EUR\" \/>\n<meta property=\"og:availability\" content=\"instock\" \/>\n<meta property=\"product:availability\" content=\"instock\" \/>\n<meta property=\"product:retailer_item_id\" content=\"8033406260169\" \/>\n<meta property=\"product:condition\" content=\"new\" \/>\n<!-- \/ Yoast SEO Premium plugin. -->","yoast_head_json":{"title":"Zitronen-Linguine von Il Vecchio Pastificio i Sapori 500g - Sapori Nostri","description":"Zitronen-Linguine mit ihrem einzigartigen Aroma und dem spritzigen Zitrusgeschmack. Mit dieser Pasta lassen sich farbenfrohe Gerichte und kreative Rezepte zaubern.","robots":{"index":"index","follow":"follow","max-snippet":"max-snippet:-1","max-image-preview":"max-image-preview:large","max-video-preview":"max-video-preview:-1"},"canonical":"https:\/\/www.saporinostri.it\/de\/linguine-al-limone-il-vecchio-pastificio-i-sapori-500g\/","og_locale":"de_DE","og_type":"article","og_title":"Linguine al Limone IGP Il Vecchio Pastificio i Sapori 500g","og_description":"Le Linguine al Limone dal sapore unico e un gusto agrumato. Questa pasta ti permette di portare in tavola piatti colorati e ricette creative.","og_url":"https:\/\/www.saporinostri.it\/de\/linguine-al-limone-il-vecchio-pastificio-i-sapori-500g\/","og_site_name":"Sapori Nostri","article_publisher":"https:\/\/www.facebook.com\/saporinostri.it\/","article_modified_time":"2026-02-16T10:51:22+00:00","og_image":[{"width":768,"height":1024,"url":"https:\/\/www.saporinostri.it\/wp-content\/uploads\/2026\/01\/linguinaallimone-768x1024.png","type":"image\/png"}],"twitter_card":"summary_large_image","twitter_misc":{"Preis":"&euro;4,49","Verf\u00fcgbarkeit":"Auf Lager"},"schema":{"@context":"https:\/\/schema.org","@graph":[{"@type":"WebPage","@id":"https:\/\/www.saporinostri.it\/linguine-al-limone-il-vecchio-pastificio-i-sapori-500g\/","url":"https:\/\/www.saporinostri.it\/linguine-al-limone-il-vecchio-pastificio-i-sapori-500g\/","name":"Zitronen-Linguine von Il Vecchio Pastificio i Sapori 500g - Sapori Nostri","isPartOf":{"@id":"https:\/\/www.saporinostri.it\/#website"},"primaryImageOfPage":{"@id":"https:\/\/www.saporinostri.it\/linguine-al-limone-il-vecchio-pastificio-i-sapori-500g\/#primaryimage"},"image":{"@id":"https:\/\/www.saporinostri.it\/linguine-al-limone-il-vecchio-pastificio-i-sapori-500g\/#primaryimage"},"thumbnailUrl":"https:\/\/www.saporinostri.it\/wp-content\/uploads\/2026\/01\/linguinaallimone.png","datePublished":"2026-01-19T08:40:38+00:00","dateModified":"2026-02-16T10:51:22+00:00","description":"Zitronen-Linguine mit ihrem einzigartigen Aroma und dem spritzigen Zitrusgeschmack. Mit dieser Pasta lassen sich farbenfrohe Gerichte und kreative Rezepte zaubern.","breadcrumb":{"@id":"https:\/\/www.saporinostri.it\/linguine-al-limone-il-vecchio-pastificio-i-sapori-500g\/#breadcrumb"},"inLanguage":"de","potentialAction":[{"@type":"ReadAction","target":["https:\/\/www.saporinostri.it\/linguine-al-limone-il-vecchio-pastificio-i-sapori-500g\/"]}]},{"@type":"ImageObject","inLanguage":"de","@id":"https:\/\/www.saporinostri.it\/linguine-al-limone-il-vecchio-pastificio-i-sapori-500g\/#primaryimage","url":"https:\/\/www.saporinostri.it\/wp-content\/uploads\/2026\/01\/linguinaallimone.png","contentUrl":"https:\/\/www.saporinostri.it\/wp-content\/uploads\/2026\/01\/linguinaallimone.png","width":1536,"height":2048},{"@type":"BreadcrumbList","@id":"https:\/\/www.saporinostri.it\/linguine-al-limone-il-vecchio-pastificio-i-sapori-500g\/#breadcrumb","itemListElement":[{"@type":"ListItem","position":1,"name":"Home","item":"https:\/\/www.saporinostri.it\/"},{"@type":"ListItem","position":2,"name":"Shop","item":"https:\/\/www.saporinostri.it\/fr\/shop\/"},{"@type":"ListItem","position":3,"name":"Linguine al Limone IGP Il Vecchio Pastificio i Sapori 500g"}]},{"@type":"WebSite","@id":"https:\/\/www.saporinostri.it\/#website","url":"https:\/\/www.saporinostri.it\/","name":"Sapori Nostri","description":"","publisher":{"@id":"https:\/\/www.saporinostri.it\/#organization"},"potentialAction":[{"@type":"SearchAction","target":{"@type":"EntryPoint","urlTemplate":"https:\/\/www.saporinostri.it\/?s={search_term_string}"},"query-input":{"@type":"PropertyValueSpecification","valueRequired":true,"valueName":"search_term_string"}}],"inLanguage":"de"},{"@type":"Organization","@id":"https:\/\/www.saporinostri.it\/#organization","name":"Sapori Nostri","url":"https:\/\/www.saporinostri.it\/","logo":{"@type":"ImageObject","inLanguage":"de","@id":"https:\/\/www.saporinostri.it\/#\/schema\/logo\/image\/","url":"https:\/\/www.saporinostri.it\/wp-content\/uploads\/2020\/05\/logo-retina.png","contentUrl":"https:\/\/www.saporinostri.it\/wp-content\/uploads\/2020\/05\/logo-retina.png","width":500,"height":109,"caption":"Sapori Nostri"},"image":{"@id":"https:\/\/www.saporinostri.it\/#\/schema\/logo\/image\/"},"sameAs":["https:\/\/www.facebook.com\/saporinostri.it\/","https:\/\/www.instagram.com\/saporinostri.it\/"]}]},"product_brand":"Il Vecchio Pastificio di Gragnano","product_price_amount":"4.49","product_price_currency":"EUR","og_availability":"instock","product_availability":"instock","product_retailer_item_id":"8033406260169","product_condition":"new"},"jetpack_sharing_enabled":true,"brands":[{"id":411,"name":"Die alte Pastificio di Gragnano","slug":"il-vecchio-pastificio-di-gragnano"}],"_links":{"self":[{"href":"https:\/\/www.saporinostri.it\/de\/wp-json\/wp\/v2\/product\/37795","targetHints":{"allow":["GET"]}}],"collection":[{"href":"https:\/\/www.saporinostri.it\/de\/wp-json\/wp\/v2\/product"}],"about":[{"href":"https:\/\/www.saporinostri.it\/de\/wp-json\/wp\/v2\/types\/product"}],"replies":[{"embeddable":true,"href":"https:\/\/www.saporinostri.it\/de\/wp-json\/wp\/v2\/comments?post=37795"}],"wp:featuredmedia":[{"embeddable":true,"href":"https:\/\/www.saporinostri.it\/de\/wp-json\/wp\/v2\/media\/37801"}],"wp:attachment":[{"href":"https:\/\/www.saporinostri.it\/de\/wp-json\/wp\/v2\/media?parent=37795"}],"wp:term":[{"taxonomy":"pwb-brand","embeddable":true,"href":"https:\/\/www.saporinostri.it\/de\/wp-json\/wp\/v2\/pwb-brand?post=37795"},{"taxonomy":"product_brand","embeddable":true,"href":"https:\/\/www.saporinostri.it\/de\/wp-json\/wp\/v2\/product_brand?post=37795"},{"taxonomy":"product_cat","embeddable":true,"href":"https:\/\/www.saporinostri.it\/de\/wp-json\/wp\/v2\/product_cat?post=37795"},{"taxonomy":"product_tag","embeddable":true,"href":"https:\/\/www.saporinostri.it\/de\/wp-json\/wp\/v2\/product_tag?post=37795"}],"curies":[{"name":"wp","href":"https:\/\/api.w.org\/{rel}","templated":true}]}}