{"id":38066,"date":"2026-01-28T11:18:00","date_gmt":"2026-01-28T10:18:00","guid":{"rendered":"https:\/\/www.saporinostri.it\/?post_type=product&#038;p=38066"},"modified":"2026-04-01T02:32:03","modified_gmt":"2026-04-01T00:32:03","slug":"aceto-melannurca-campana-igp-andrea-milano","status":"publish","type":"product","link":"https:\/\/www.saporinostri.it\/de\/aceto-melannurca-campana-igp-andrea-milano\/","title":{"rendered":"Annurca Apfelessig aus Kampanien g.g.A. Andrea Milano 500 ml"},"content":{"rendered":"<p>Eine Exzellenz der italienischen Tradition, gewonnen aus dem kostbaren <strong>g.g.A. Campanian Melannurca<\/strong>, Dieser handwerklich hergestellte Essig ist ein Symbol der Region Kampanien. Er zeichnet sich durch einen runden, ausgewogenen und fein fruchtigen Geschmack aus und besitzt einen S\u00e4uregehalt von 51 % TP5T, der ihn vielseitig und harmonisch macht.<\/p>\n<p>Ideal f\u00fcr den t\u00e4glichen Gebrauch in der K\u00fcche, perfekt f\u00fcr frische Salate, rohes oder gegrilltes Gem\u00fcse, helles Fleisch, Fisch und Marinaden. Auch zu K\u00e4se und Gourmetgerichten passt es hervorragend. Die sorgf\u00e4ltige Auswahl der Rohstoffe und der Herstellungsprozess garantieren ein authentisches, hochwertiges italienisches Produkt.<\/p>","protected":false},"excerpt":{"rendered":"<p>Handwerklich hergestellter Essig aus Melannurca Campana g.g.A., mit einem runden und fein fruchtigen Geschmack. S\u00e4uregehalt 51 % TP, 5 % T. Ideal f\u00fcr Salate, Gem\u00fcse, helles Fleisch und Gourmetgerichte.<\/p>","protected":false},"featured_media":38155,"comment_status":"open","ping_status":"closed","template":"","meta":{"_acf_changed":false,"inline_featured_image":false,"wprm-recipe-roundup-name":"","wprm-recipe-roundup-description":"","_monsterinsights_skip_tracking":false,"_monsterinsights_sitenote_active":false,"_monsterinsights_sitenote_note":"","_monsterinsights_sitenote_category":0},"pwb-brand":[780],"product_brand":[],"product_cat":[645,582],"product_tag":[],"class_list":{"0":"post-38066","1":"product","2":"type-product","3":"status-publish","4":"has-post-thumbnail","6":"pwb-brand-andrea-milano","7":"product_cat-gourmet","8":"product_cat-salse-di-accompagnamento","9":"product_shipping_class-iva-10","11":"first","12":"instock","13":"sale","14":"taxable","15":"shipping-taxable","16":"purchasable","17":"product-type-simple"},"acf":[],"yoast_head":"<!-- This site is optimized with the Yoast SEO Premium plugin v23.7 (Yoast SEO v27.3) - https:\/\/yoast.com\/product\/yoast-seo-premium-wordpress\/ -->\n<title>Aceto di Melannurca Campana IGP Andrea Milano 500ml<\/title>\n<meta name=\"description\" content=\"Aceto di Melannurca Campana IGP Andrea Milano dal gusto rotondo e fruttato. Acidit\u00e0 5%. Ideale per insalate, verdure, carni e cucina gourmet.\" \/>\n<meta name=\"robots\" content=\"index, follow, max-snippet:-1, max-image-preview:large, max-video-preview:-1\" \/>\n<link rel=\"canonical\" href=\"https:\/\/www.saporinostri.it\/de\/aceto-melannurca-campana-igp-andrea-milano\/\" \/>\n<meta property=\"og:locale\" content=\"de_DE\" \/>\n<meta property=\"og:type\" content=\"article\" \/>\n<meta property=\"og:title\" content=\"Aceto di Melannurca Campana IGP Andrea Milano 500ml\" \/>\n<meta property=\"og:description\" content=\"Aceto di Melannurca Campana IGP Andrea Milano dal gusto rotondo e fruttato. Acidit\u00e0 5%. Ideale per insalate, verdure, carni e cucina gourmet.\" \/>\n<meta property=\"og:url\" content=\"https:\/\/www.saporinostri.it\/de\/aceto-melannurca-campana-igp-andrea-milano\/\" \/>\n<meta property=\"og:site_name\" content=\"Sapori Nostri\" \/>\n<meta property=\"article:publisher\" content=\"https:\/\/www.facebook.com\/saporinostri.it\/\" \/>\n<meta property=\"article:modified_time\" content=\"2026-04-01T00:32:03+00:00\" \/>\n<meta property=\"og:image\" content=\"https:\/\/www.saporinostri.it\/wp-content\/uploads\/2026\/01\/aceto-di-melannurca-campana-igp-andrea-milano-front.jpg\" \/>\n\t<meta property=\"og:image:width\" content=\"1280\" \/>\n\t<meta property=\"og:image:height\" content=\"1280\" \/>\n\t<meta property=\"og:image:type\" content=\"image\/jpeg\" \/>\n<meta name=\"twitter:card\" content=\"summary_large_image\" \/>\n<meta name=\"twitter:label1\" content=\"Preis\" \/>\n\t<meta name=\"twitter:data1\" content=\"&euro;4,49\" \/>\n\t<meta name=\"twitter:label2\" content=\"Verf\u00fcgbarkeit\" \/>\n\t<meta name=\"twitter:data2\" content=\"Auf Lager\" \/>\n<script type=\"application\/ld+json\" class=\"yoast-schema-graph\">{\"@context\":\"https:\\\/\\\/schema.org\",\"@graph\":[{\"@type\":\"WebPage\",\"@id\":\"https:\\\/\\\/www.saporinostri.it\\\/aceto-melannurca-campana-igp-andrea-milano\\\/\",\"url\":\"https:\\\/\\\/www.saporinostri.it\\\/aceto-melannurca-campana-igp-andrea-milano\\\/\",\"name\":\"Aceto di Melannurca Campana IGP Andrea Milano 500ml\",\"isPartOf\":{\"@id\":\"https:\\\/\\\/www.saporinostri.it\\\/#website\"},\"primaryImageOfPage\":{\"@id\":\"https:\\\/\\\/www.saporinostri.it\\\/aceto-melannurca-campana-igp-andrea-milano\\\/#primaryimage\"},\"image\":{\"@id\":\"https:\\\/\\\/www.saporinostri.it\\\/aceto-melannurca-campana-igp-andrea-milano\\\/#primaryimage\"},\"thumbnailUrl\":\"https:\\\/\\\/www.saporinostri.it\\\/wp-content\\\/uploads\\\/2026\\\/01\\\/aceto-di-melannurca-campana-igp-andrea-milano-front.jpg\",\"datePublished\":\"2026-01-28T10:18:00+00:00\",\"dateModified\":\"2026-04-01T00:32:03+00:00\",\"description\":\"Aceto di Melannurca Campana IGP Andrea Milano dal gusto rotondo e fruttato. Acidit\u00e0 5%. Ideale per insalate, verdure, carni e cucina gourmet.\",\"breadcrumb\":{\"@id\":\"https:\\\/\\\/www.saporinostri.it\\\/aceto-melannurca-campana-igp-andrea-milano\\\/#breadcrumb\"},\"inLanguage\":\"de\",\"potentialAction\":[{\"@type\":\"ReadAction\",\"target\":[\"https:\\\/\\\/www.saporinostri.it\\\/aceto-melannurca-campana-igp-andrea-milano\\\/\"]}]},{\"@type\":\"ImageObject\",\"inLanguage\":\"de\",\"@id\":\"https:\\\/\\\/www.saporinostri.it\\\/aceto-melannurca-campana-igp-andrea-milano\\\/#primaryimage\",\"url\":\"https:\\\/\\\/www.saporinostri.it\\\/wp-content\\\/uploads\\\/2026\\\/01\\\/aceto-di-melannurca-campana-igp-andrea-milano-front.jpg\",\"contentUrl\":\"https:\\\/\\\/www.saporinostri.it\\\/wp-content\\\/uploads\\\/2026\\\/01\\\/aceto-di-melannurca-campana-igp-andrea-milano-front.jpg\",\"width\":1280,\"height\":1280,\"caption\":\"Aceto di Melannurca Campana IGP Andrea Milano\"},{\"@type\":\"BreadcrumbList\",\"@id\":\"https:\\\/\\\/www.saporinostri.it\\\/aceto-melannurca-campana-igp-andrea-milano\\\/#breadcrumb\",\"itemListElement\":[{\"@type\":\"ListItem\",\"position\":1,\"name\":\"Home\",\"item\":\"https:\\\/\\\/www.saporinostri.it\\\/\"},{\"@type\":\"ListItem\",\"position\":2,\"name\":\"Shop\",\"item\":\"https:\\\/\\\/www.saporinostri.it\\\/fr\\\/shop\\\/\"},{\"@type\":\"ListItem\",\"position\":3,\"name\":\"Aceto di Melannurca Campana IGP Andrea Milano 500ml\"}]},{\"@type\":\"WebSite\",\"@id\":\"https:\\\/\\\/www.saporinostri.it\\\/#website\",\"url\":\"https:\\\/\\\/www.saporinostri.it\\\/\",\"name\":\"Sapori Nostri\",\"description\":\"\",\"publisher\":{\"@id\":\"https:\\\/\\\/www.saporinostri.it\\\/#organization\"},\"potentialAction\":[{\"@type\":\"SearchAction\",\"target\":{\"@type\":\"EntryPoint\",\"urlTemplate\":\"https:\\\/\\\/www.saporinostri.it\\\/?s={search_term_string}\"},\"query-input\":{\"@type\":\"PropertyValueSpecification\",\"valueRequired\":true,\"valueName\":\"search_term_string\"}}],\"inLanguage\":\"de\"},{\"@type\":\"Organization\",\"@id\":\"https:\\\/\\\/www.saporinostri.it\\\/#organization\",\"name\":\"Sapori Nostri\",\"url\":\"https:\\\/\\\/www.saporinostri.it\\\/\",\"logo\":{\"@type\":\"ImageObject\",\"inLanguage\":\"de\",\"@id\":\"https:\\\/\\\/www.saporinostri.it\\\/#\\\/schema\\\/logo\\\/image\\\/\",\"url\":\"https:\\\/\\\/www.saporinostri.it\\\/wp-content\\\/uploads\\\/2020\\\/05\\\/logo-retina.png\",\"contentUrl\":\"https:\\\/\\\/www.saporinostri.it\\\/wp-content\\\/uploads\\\/2020\\\/05\\\/logo-retina.png\",\"width\":500,\"height\":109,\"caption\":\"Sapori Nostri\"},\"image\":{\"@id\":\"https:\\\/\\\/www.saporinostri.it\\\/#\\\/schema\\\/logo\\\/image\\\/\"},\"sameAs\":[\"https:\\\/\\\/www.facebook.com\\\/saporinostri.it\\\/\",\"https:\\\/\\\/www.instagram.com\\\/saporinostri.it\\\/\"]}]}<\/script>\n<meta property=\"product:brand\" content=\"Andrea Milano\" \/>\n<meta property=\"product:price:amount\" content=\"4.49\" \/>\n<meta property=\"product:price:currency\" content=\"EUR\" \/>\n<meta property=\"og:availability\" content=\"instock\" \/>\n<meta property=\"product:availability\" content=\"instock\" \/>\n<meta property=\"product:retailer_item_id\" content=\"8003407211293\" \/>\n<meta property=\"product:condition\" content=\"new\" \/>\n<!-- \/ Yoast SEO Premium plugin. -->","yoast_head_json":{"title":"Annurca Apfelessig aus Kampanien g.g.A. Andrea Milano 500 ml","description":"Andrea Milanos Campania PGI Melannurca Essig zeichnet sich durch einen runden, fruchtigen Geschmack aus. S\u00e4uregehalt: 51 % TP, 5 % T. Ideal f\u00fcr Salate, Gem\u00fcse, Fleisch und Gourmetgerichte.","robots":{"index":"index","follow":"follow","max-snippet":"max-snippet:-1","max-image-preview":"max-image-preview:large","max-video-preview":"max-video-preview:-1"},"canonical":"https:\/\/www.saporinostri.it\/de\/aceto-melannurca-campana-igp-andrea-milano\/","og_locale":"de_DE","og_type":"article","og_title":"Aceto di Melannurca Campana IGP Andrea Milano 500ml","og_description":"Aceto di Melannurca Campana IGP Andrea Milano dal gusto rotondo e fruttato. Acidit\u00e0 5%. Ideale per insalate, verdure, carni e cucina gourmet.","og_url":"https:\/\/www.saporinostri.it\/de\/aceto-melannurca-campana-igp-andrea-milano\/","og_site_name":"Sapori Nostri","article_publisher":"https:\/\/www.facebook.com\/saporinostri.it\/","article_modified_time":"2026-04-01T00:32:03+00:00","og_image":[{"width":1280,"height":1280,"url":"https:\/\/www.saporinostri.it\/wp-content\/uploads\/2026\/01\/aceto-di-melannurca-campana-igp-andrea-milano-front.jpg","type":"image\/jpeg"}],"twitter_card":"summary_large_image","twitter_misc":{"Preis":"&euro;4,49","Verf\u00fcgbarkeit":"Auf Lager"},"schema":{"@context":"https:\/\/schema.org","@graph":[{"@type":"WebPage","@id":"https:\/\/www.saporinostri.it\/aceto-melannurca-campana-igp-andrea-milano\/","url":"https:\/\/www.saporinostri.it\/aceto-melannurca-campana-igp-andrea-milano\/","name":"Annurca Apfelessig aus Kampanien g.g.A. Andrea Milano 500 ml","isPartOf":{"@id":"https:\/\/www.saporinostri.it\/#website"},"primaryImageOfPage":{"@id":"https:\/\/www.saporinostri.it\/aceto-melannurca-campana-igp-andrea-milano\/#primaryimage"},"image":{"@id":"https:\/\/www.saporinostri.it\/aceto-melannurca-campana-igp-andrea-milano\/#primaryimage"},"thumbnailUrl":"https:\/\/www.saporinostri.it\/wp-content\/uploads\/2026\/01\/aceto-di-melannurca-campana-igp-andrea-milano-front.jpg","datePublished":"2026-01-28T10:18:00+00:00","dateModified":"2026-04-01T00:32:03+00:00","description":"Andrea Milanos Campania PGI Melannurca Essig zeichnet sich durch einen runden, fruchtigen Geschmack aus. S\u00e4uregehalt: 51 % TP, 5 % T. Ideal f\u00fcr Salate, Gem\u00fcse, Fleisch und Gourmetgerichte.","breadcrumb":{"@id":"https:\/\/www.saporinostri.it\/aceto-melannurca-campana-igp-andrea-milano\/#breadcrumb"},"inLanguage":"de","potentialAction":[{"@type":"ReadAction","target":["https:\/\/www.saporinostri.it\/aceto-melannurca-campana-igp-andrea-milano\/"]}]},{"@type":"ImageObject","inLanguage":"de","@id":"https:\/\/www.saporinostri.it\/aceto-melannurca-campana-igp-andrea-milano\/#primaryimage","url":"https:\/\/www.saporinostri.it\/wp-content\/uploads\/2026\/01\/aceto-di-melannurca-campana-igp-andrea-milano-front.jpg","contentUrl":"https:\/\/www.saporinostri.it\/wp-content\/uploads\/2026\/01\/aceto-di-melannurca-campana-igp-andrea-milano-front.jpg","width":1280,"height":1280,"caption":"Aceto di Melannurca Campana IGP Andrea Milano"},{"@type":"BreadcrumbList","@id":"https:\/\/www.saporinostri.it\/aceto-melannurca-campana-igp-andrea-milano\/#breadcrumb","itemListElement":[{"@type":"ListItem","position":1,"name":"Home","item":"https:\/\/www.saporinostri.it\/"},{"@type":"ListItem","position":2,"name":"Shop","item":"https:\/\/www.saporinostri.it\/fr\/shop\/"},{"@type":"ListItem","position":3,"name":"Aceto di Melannurca Campana IGP Andrea Milano 500ml"}]},{"@type":"WebSite","@id":"https:\/\/www.saporinostri.it\/#website","url":"https:\/\/www.saporinostri.it\/","name":"Sapori Nostri","description":"","publisher":{"@id":"https:\/\/www.saporinostri.it\/#organization"},"potentialAction":[{"@type":"SearchAction","target":{"@type":"EntryPoint","urlTemplate":"https:\/\/www.saporinostri.it\/?s={search_term_string}"},"query-input":{"@type":"PropertyValueSpecification","valueRequired":true,"valueName":"search_term_string"}}],"inLanguage":"de"},{"@type":"Organization","@id":"https:\/\/www.saporinostri.it\/#organization","name":"Sapori Nostri","url":"https:\/\/www.saporinostri.it\/","logo":{"@type":"ImageObject","inLanguage":"de","@id":"https:\/\/www.saporinostri.it\/#\/schema\/logo\/image\/","url":"https:\/\/www.saporinostri.it\/wp-content\/uploads\/2020\/05\/logo-retina.png","contentUrl":"https:\/\/www.saporinostri.it\/wp-content\/uploads\/2020\/05\/logo-retina.png","width":500,"height":109,"caption":"Sapori Nostri"},"image":{"@id":"https:\/\/www.saporinostri.it\/#\/schema\/logo\/image\/"},"sameAs":["https:\/\/www.facebook.com\/saporinostri.it\/","https:\/\/www.instagram.com\/saporinostri.it\/"]}]},"product_brand":"Andrea Milano","product_price_amount":"4.49","product_price_currency":"EUR","og_availability":"instock","product_availability":"instock","product_retailer_item_id":"8003407211293","product_condition":"new"},"jetpack_sharing_enabled":true,"brands":[{"id":780,"name":"Andrea Milano","slug":"andrea-milano"}],"_links":{"self":[{"href":"https:\/\/www.saporinostri.it\/de\/wp-json\/wp\/v2\/product\/38066","targetHints":{"allow":["GET"]}}],"collection":[{"href":"https:\/\/www.saporinostri.it\/de\/wp-json\/wp\/v2\/product"}],"about":[{"href":"https:\/\/www.saporinostri.it\/de\/wp-json\/wp\/v2\/types\/product"}],"replies":[{"embeddable":true,"href":"https:\/\/www.saporinostri.it\/de\/wp-json\/wp\/v2\/comments?post=38066"}],"wp:featuredmedia":[{"embeddable":true,"href":"https:\/\/www.saporinostri.it\/de\/wp-json\/wp\/v2\/media\/38155"}],"wp:attachment":[{"href":"https:\/\/www.saporinostri.it\/de\/wp-json\/wp\/v2\/media?parent=38066"}],"wp:term":[{"taxonomy":"pwb-brand","embeddable":true,"href":"https:\/\/www.saporinostri.it\/de\/wp-json\/wp\/v2\/pwb-brand?post=38066"},{"taxonomy":"product_brand","embeddable":true,"href":"https:\/\/www.saporinostri.it\/de\/wp-json\/wp\/v2\/product_brand?post=38066"},{"taxonomy":"product_cat","embeddable":true,"href":"https:\/\/www.saporinostri.it\/de\/wp-json\/wp\/v2\/product_cat?post=38066"},{"taxonomy":"product_tag","embeddable":true,"href":"https:\/\/www.saporinostri.it\/de\/wp-json\/wp\/v2\/product_tag?post=38066"}],"curies":[{"name":"wp","href":"https:\/\/api.w.org\/{rel}","templated":true}]}}