{"id":38073,"date":"2026-01-28T12:15:05","date_gmt":"2026-01-28T11:15:05","guid":{"rendered":"https:\/\/www.saporinostri.it\/?post_type=product&#038;p=38073"},"modified":"2026-03-24T10:25:58","modified_gmt":"2026-03-24T09:25:58","slug":"cipolle-rosse-caramellate-tropea-calabria-igp-delizie-di-calabria","status":"publish","type":"product","link":"https:\/\/www.saporinostri.it\/de\/cipolle-rosse-caramellate-tropea-calabria-igp-delizie-di-calabria\/","title":{"rendered":"Karamellisierte rote Zwiebeln aus Tropea, Kalabrien, g.g.A. 590 g, Kalabrische Delikatessen"},"content":{"rendered":"<p data-start=\"136\" data-end=\"498\">Das <strong data-start=\"139\" data-end=\"191\">Karamellisierte rote Zwiebeln aus Tropea, Kalabrien g.g.A.<\/strong> unterzeichnet <em data-start=\"200\" data-end=\"221\">Kalabrische K\u00f6stlichkeiten<\/em> Sie sind eine handgefertigte Spezialit\u00e4t mit einem fein-s\u00fc\u00dfen und aromatischen Geschmack. Zubereitet mit authentischen Zutaten. <strong data-start=\"321\" data-end=\"361\">Tropea Rote Zwiebel Kalabrien g.g.A.<\/strong>, Diese Konfit\u00fcre, die f\u00fcr ihre nat\u00fcrliche S\u00fc\u00dfe, Zartheit und Bek\u00f6mmlichkeit bekannt ist, verk\u00f6rpert die gesamte kalabrische Gastronomietradition.<\/p>\n<p data-start=\"500\" data-end=\"758\">Durch die langsame Karamellisierung wird das einzigartige Aroma der Zwiebel verst\u00e4rkt und eine weiche, samtige Textur sowie eine perfekte Balance aus S\u00fc\u00dfe und Aromen erzielt. Ein vielseitiges Produkt, das sowohl einfache Gerichte als auch Gourmetkreationen verfeinert.<\/p>\n<p data-start=\"760\" data-end=\"1134\">Diese karamellisierten Zwiebeln passen ideal zu gereiftem und frischem K\u00e4se, gebratenem und gegrilltem Fleisch, Gourmet-Burgern, Bruschetta und Platten und bringen den authentischen Geschmack des Mittelmeers auf Ihren Tisch. Nach traditionellem Rezept und ohne k\u00fcnstliche Farbstoffe zubereitet, sind sie ein Garant f\u00fcr h\u00f6chste Qualit\u00e4t. <strong data-start=\"1065\" data-end=\"1082\">Hergestellt in Italien<\/strong>, F\u00fcr all jene, die Qualit\u00e4t und authentische Aromen suchen.<\/p>","protected":false},"excerpt":{"rendered":"<p data-start=\"1150\" data-end=\"1296\"><strong>Tropea Rote Zwiebeln Kalabrien g.g.A.<\/strong> Langsam karamellisiert, mit einem s\u00fc\u00dfen und aromatischen Geschmack. Ideal f\u00fcr K\u00e4se, Fleisch, Bruschetta und Gourmetgerichte.<\/p>","protected":false},"featured_media":38152,"comment_status":"open","ping_status":"closed","template":"","meta":{"_acf_changed":false,"inline_featured_image":false,"wprm-recipe-roundup-name":"","wprm-recipe-roundup-description":"","_monsterinsights_skip_tracking":false,"_monsterinsights_sitenote_active":false,"_monsterinsights_sitenote_note":"","_monsterinsights_sitenote_category":0},"pwb-brand":[653],"product_brand":[],"product_cat":[412,582],"product_tag":[],"class_list":{"0":"post-38073","1":"product","2":"type-product","3":"status-publish","4":"has-post-thumbnail","6":"pwb-brand-delizie-di-calabria","7":"product_cat-conserve","8":"product_cat-salse-di-accompagnamento","10":"first","11":"instock","12":"sale","13":"taxable","14":"shipping-taxable","15":"purchasable","16":"product-type-simple"},"acf":[],"yoast_head":"<!-- This site is optimized with the Yoast SEO Premium plugin v23.7 (Yoast SEO v27.3) - https:\/\/yoast.com\/product\/yoast-seo-premium-wordpress\/ -->\n<title>Cipolle Rosse Caramellate di Tropea IGP Delizie di Calabria 590g<\/title>\n<meta name=\"description\" content=\"Cipolle Rosse Caramellate di Tropea Calabria IGP Delizie di Calabria dal gusto dolce e aromatico. Ideali per formaggi, carni e piatti gourmet.\" \/>\n<meta name=\"robots\" content=\"index, follow, max-snippet:-1, max-image-preview:large, max-video-preview:-1\" \/>\n<link rel=\"canonical\" href=\"https:\/\/www.saporinostri.it\/de\/cipolle-rosse-caramellate-tropea-calabria-igp-delizie-di-calabria\/\" \/>\n<meta property=\"og:locale\" content=\"de_DE\" \/>\n<meta property=\"og:type\" content=\"article\" \/>\n<meta property=\"og:title\" content=\"Cipolle Rosse Caramellate di Tropea Calabria IGP 590 g Delizie di Calabria\" \/>\n<meta property=\"og:description\" content=\"Cipolle Rosse Caramellate di Tropea Calabria IGP Delizie di Calabria dal gusto dolce e aromatico. Ideali per formaggi, carni e piatti gourmet.\" \/>\n<meta property=\"og:url\" content=\"https:\/\/www.saporinostri.it\/de\/cipolle-rosse-caramellate-tropea-calabria-igp-delizie-di-calabria\/\" \/>\n<meta property=\"og:site_name\" content=\"Sapori Nostri\" \/>\n<meta property=\"article:publisher\" content=\"https:\/\/www.facebook.com\/saporinostri.it\/\" \/>\n<meta property=\"article:modified_time\" content=\"2026-03-24T09:25:58+00:00\" \/>\n<meta property=\"og:image\" content=\"https:\/\/www.saporinostri.it\/wp-content\/uploads\/2026\/01\/cipolle-rosse-caramellate-delizie-di-calabria-front.jpg\" \/>\n\t<meta property=\"og:image:width\" content=\"1280\" \/>\n\t<meta property=\"og:image:height\" content=\"1280\" \/>\n\t<meta property=\"og:image:type\" content=\"image\/jpeg\" \/>\n<meta name=\"twitter:card\" content=\"summary_large_image\" \/>\n<meta name=\"twitter:label1\" content=\"Preis\" \/>\n\t<meta name=\"twitter:data1\" content=\"&euro;9,49\" \/>\n\t<meta name=\"twitter:label2\" content=\"Verf\u00fcgbarkeit\" \/>\n\t<meta name=\"twitter:data2\" content=\"Auf Lager\" \/>\n<script type=\"application\/ld+json\" class=\"yoast-schema-graph\">{\"@context\":\"https:\\\/\\\/schema.org\",\"@graph\":[{\"@type\":\"WebPage\",\"@id\":\"https:\\\/\\\/www.saporinostri.it\\\/cipolle-rosse-caramellate-tropea-calabria-igp-delizie-di-calabria\\\/\",\"url\":\"https:\\\/\\\/www.saporinostri.it\\\/cipolle-rosse-caramellate-tropea-calabria-igp-delizie-di-calabria\\\/\",\"name\":\"Cipolle Rosse Caramellate di Tropea IGP Delizie di Calabria 590g\",\"isPartOf\":{\"@id\":\"https:\\\/\\\/www.saporinostri.it\\\/#website\"},\"primaryImageOfPage\":{\"@id\":\"https:\\\/\\\/www.saporinostri.it\\\/cipolle-rosse-caramellate-tropea-calabria-igp-delizie-di-calabria\\\/#primaryimage\"},\"image\":{\"@id\":\"https:\\\/\\\/www.saporinostri.it\\\/cipolle-rosse-caramellate-tropea-calabria-igp-delizie-di-calabria\\\/#primaryimage\"},\"thumbnailUrl\":\"https:\\\/\\\/www.saporinostri.it\\\/wp-content\\\/uploads\\\/2026\\\/01\\\/cipolle-rosse-caramellate-delizie-di-calabria-front.jpg\",\"datePublished\":\"2026-01-28T11:15:05+00:00\",\"dateModified\":\"2026-03-24T09:25:58+00:00\",\"description\":\"Cipolle Rosse Caramellate di Tropea Calabria IGP Delizie di Calabria dal gusto dolce e aromatico. Ideali per formaggi, carni e piatti gourmet.\",\"breadcrumb\":{\"@id\":\"https:\\\/\\\/www.saporinostri.it\\\/cipolle-rosse-caramellate-tropea-calabria-igp-delizie-di-calabria\\\/#breadcrumb\"},\"inLanguage\":\"de\",\"potentialAction\":[{\"@type\":\"ReadAction\",\"target\":[\"https:\\\/\\\/www.saporinostri.it\\\/cipolle-rosse-caramellate-tropea-calabria-igp-delizie-di-calabria\\\/\"]}]},{\"@type\":\"ImageObject\",\"inLanguage\":\"de\",\"@id\":\"https:\\\/\\\/www.saporinostri.it\\\/cipolle-rosse-caramellate-tropea-calabria-igp-delizie-di-calabria\\\/#primaryimage\",\"url\":\"https:\\\/\\\/www.saporinostri.it\\\/wp-content\\\/uploads\\\/2026\\\/01\\\/cipolle-rosse-caramellate-delizie-di-calabria-front.jpg\",\"contentUrl\":\"https:\\\/\\\/www.saporinostri.it\\\/wp-content\\\/uploads\\\/2026\\\/01\\\/cipolle-rosse-caramellate-delizie-di-calabria-front.jpg\",\"width\":1280,\"height\":1280,\"caption\":\"Cipolle Rosse Caramellate Delizie di Calabria\"},{\"@type\":\"BreadcrumbList\",\"@id\":\"https:\\\/\\\/www.saporinostri.it\\\/cipolle-rosse-caramellate-tropea-calabria-igp-delizie-di-calabria\\\/#breadcrumb\",\"itemListElement\":[{\"@type\":\"ListItem\",\"position\":1,\"name\":\"Home\",\"item\":\"https:\\\/\\\/www.saporinostri.it\\\/\"},{\"@type\":\"ListItem\",\"position\":2,\"name\":\"Shop\",\"item\":\"https:\\\/\\\/www.saporinostri.it\\\/fr\\\/shop\\\/\"},{\"@type\":\"ListItem\",\"position\":3,\"name\":\"Cipolle Rosse Caramellate di Tropea Calabria IGP 590 g Delizie di Calabria\"}]},{\"@type\":\"WebSite\",\"@id\":\"https:\\\/\\\/www.saporinostri.it\\\/#website\",\"url\":\"https:\\\/\\\/www.saporinostri.it\\\/\",\"name\":\"Sapori Nostri\",\"description\":\"\",\"publisher\":{\"@id\":\"https:\\\/\\\/www.saporinostri.it\\\/#organization\"},\"potentialAction\":[{\"@type\":\"SearchAction\",\"target\":{\"@type\":\"EntryPoint\",\"urlTemplate\":\"https:\\\/\\\/www.saporinostri.it\\\/?s={search_term_string}\"},\"query-input\":{\"@type\":\"PropertyValueSpecification\",\"valueRequired\":true,\"valueName\":\"search_term_string\"}}],\"inLanguage\":\"de\"},{\"@type\":\"Organization\",\"@id\":\"https:\\\/\\\/www.saporinostri.it\\\/#organization\",\"name\":\"Sapori Nostri\",\"url\":\"https:\\\/\\\/www.saporinostri.it\\\/\",\"logo\":{\"@type\":\"ImageObject\",\"inLanguage\":\"de\",\"@id\":\"https:\\\/\\\/www.saporinostri.it\\\/#\\\/schema\\\/logo\\\/image\\\/\",\"url\":\"https:\\\/\\\/www.saporinostri.it\\\/wp-content\\\/uploads\\\/2020\\\/05\\\/logo-retina.png\",\"contentUrl\":\"https:\\\/\\\/www.saporinostri.it\\\/wp-content\\\/uploads\\\/2020\\\/05\\\/logo-retina.png\",\"width\":500,\"height\":109,\"caption\":\"Sapori Nostri\"},\"image\":{\"@id\":\"https:\\\/\\\/www.saporinostri.it\\\/#\\\/schema\\\/logo\\\/image\\\/\"},\"sameAs\":[\"https:\\\/\\\/www.facebook.com\\\/saporinostri.it\\\/\",\"https:\\\/\\\/www.instagram.com\\\/saporinostri.it\\\/\"]}]}<\/script>\n<meta property=\"product:brand\" content=\"Delizie di Calabria\" \/>\n<meta property=\"product:price:amount\" content=\"9.49\" \/>\n<meta property=\"product:price:currency\" content=\"EUR\" \/>\n<meta property=\"og:availability\" content=\"instock\" \/>\n<meta property=\"product:availability\" content=\"instock\" \/>\n<meta property=\"product:condition\" content=\"new\" \/>\n<!-- \/ Yoast SEO Premium plugin. -->","yoast_head_json":{"title":"Karamellisierte rote Zwiebeln von Tropea g.g.A. Delizie di Calabria 590 g","description":"Karamellisierte rote Zwiebeln aus Tropea, Kalabrien, g.g.A. Diese kalabrischen Spezialit\u00e4ten zeichnen sich durch ihren s\u00fc\u00dfen und aromatischen Geschmack aus. Ideal zu K\u00e4se, Fleisch und Gourmetgerichten.","robots":{"index":"index","follow":"follow","max-snippet":"max-snippet:-1","max-image-preview":"max-image-preview:large","max-video-preview":"max-video-preview:-1"},"canonical":"https:\/\/www.saporinostri.it\/de\/cipolle-rosse-caramellate-tropea-calabria-igp-delizie-di-calabria\/","og_locale":"de_DE","og_type":"article","og_title":"Cipolle Rosse Caramellate di Tropea Calabria IGP 590 g Delizie di Calabria","og_description":"Cipolle Rosse Caramellate di Tropea Calabria IGP Delizie di Calabria dal gusto dolce e aromatico. Ideali per formaggi, carni e piatti gourmet.","og_url":"https:\/\/www.saporinostri.it\/de\/cipolle-rosse-caramellate-tropea-calabria-igp-delizie-di-calabria\/","og_site_name":"Sapori Nostri","article_publisher":"https:\/\/www.facebook.com\/saporinostri.it\/","article_modified_time":"2026-03-24T09:25:58+00:00","og_image":[{"width":1280,"height":1280,"url":"https:\/\/www.saporinostri.it\/wp-content\/uploads\/2026\/01\/cipolle-rosse-caramellate-delizie-di-calabria-front.jpg","type":"image\/jpeg"}],"twitter_card":"summary_large_image","twitter_misc":{"Preis":"&euro;9,49","Verf\u00fcgbarkeit":"Auf Lager"},"schema":{"@context":"https:\/\/schema.org","@graph":[{"@type":"WebPage","@id":"https:\/\/www.saporinostri.it\/cipolle-rosse-caramellate-tropea-calabria-igp-delizie-di-calabria\/","url":"https:\/\/www.saporinostri.it\/cipolle-rosse-caramellate-tropea-calabria-igp-delizie-di-calabria\/","name":"Karamellisierte rote Zwiebeln von Tropea g.g.A. Delizie di Calabria 590 g","isPartOf":{"@id":"https:\/\/www.saporinostri.it\/#website"},"primaryImageOfPage":{"@id":"https:\/\/www.saporinostri.it\/cipolle-rosse-caramellate-tropea-calabria-igp-delizie-di-calabria\/#primaryimage"},"image":{"@id":"https:\/\/www.saporinostri.it\/cipolle-rosse-caramellate-tropea-calabria-igp-delizie-di-calabria\/#primaryimage"},"thumbnailUrl":"https:\/\/www.saporinostri.it\/wp-content\/uploads\/2026\/01\/cipolle-rosse-caramellate-delizie-di-calabria-front.jpg","datePublished":"2026-01-28T11:15:05+00:00","dateModified":"2026-03-24T09:25:58+00:00","description":"Karamellisierte rote Zwiebeln aus Tropea, Kalabrien, g.g.A. Diese kalabrischen Spezialit\u00e4ten zeichnen sich durch ihren s\u00fc\u00dfen und aromatischen Geschmack aus. Ideal zu K\u00e4se, Fleisch und Gourmetgerichten.","breadcrumb":{"@id":"https:\/\/www.saporinostri.it\/cipolle-rosse-caramellate-tropea-calabria-igp-delizie-di-calabria\/#breadcrumb"},"inLanguage":"de","potentialAction":[{"@type":"ReadAction","target":["https:\/\/www.saporinostri.it\/cipolle-rosse-caramellate-tropea-calabria-igp-delizie-di-calabria\/"]}]},{"@type":"ImageObject","inLanguage":"de","@id":"https:\/\/www.saporinostri.it\/cipolle-rosse-caramellate-tropea-calabria-igp-delizie-di-calabria\/#primaryimage","url":"https:\/\/www.saporinostri.it\/wp-content\/uploads\/2026\/01\/cipolle-rosse-caramellate-delizie-di-calabria-front.jpg","contentUrl":"https:\/\/www.saporinostri.it\/wp-content\/uploads\/2026\/01\/cipolle-rosse-caramellate-delizie-di-calabria-front.jpg","width":1280,"height":1280,"caption":"Cipolle Rosse Caramellate Delizie di Calabria"},{"@type":"BreadcrumbList","@id":"https:\/\/www.saporinostri.it\/cipolle-rosse-caramellate-tropea-calabria-igp-delizie-di-calabria\/#breadcrumb","itemListElement":[{"@type":"ListItem","position":1,"name":"Home","item":"https:\/\/www.saporinostri.it\/"},{"@type":"ListItem","position":2,"name":"Shop","item":"https:\/\/www.saporinostri.it\/fr\/shop\/"},{"@type":"ListItem","position":3,"name":"Cipolle Rosse Caramellate di Tropea Calabria IGP 590 g Delizie di Calabria"}]},{"@type":"WebSite","@id":"https:\/\/www.saporinostri.it\/#website","url":"https:\/\/www.saporinostri.it\/","name":"Sapori Nostri","description":"","publisher":{"@id":"https:\/\/www.saporinostri.it\/#organization"},"potentialAction":[{"@type":"SearchAction","target":{"@type":"EntryPoint","urlTemplate":"https:\/\/www.saporinostri.it\/?s={search_term_string}"},"query-input":{"@type":"PropertyValueSpecification","valueRequired":true,"valueName":"search_term_string"}}],"inLanguage":"de"},{"@type":"Organization","@id":"https:\/\/www.saporinostri.it\/#organization","name":"Sapori Nostri","url":"https:\/\/www.saporinostri.it\/","logo":{"@type":"ImageObject","inLanguage":"de","@id":"https:\/\/www.saporinostri.it\/#\/schema\/logo\/image\/","url":"https:\/\/www.saporinostri.it\/wp-content\/uploads\/2020\/05\/logo-retina.png","contentUrl":"https:\/\/www.saporinostri.it\/wp-content\/uploads\/2020\/05\/logo-retina.png","width":500,"height":109,"caption":"Sapori Nostri"},"image":{"@id":"https:\/\/www.saporinostri.it\/#\/schema\/logo\/image\/"},"sameAs":["https:\/\/www.facebook.com\/saporinostri.it\/","https:\/\/www.instagram.com\/saporinostri.it\/"]}]},"product_brand":"Delizie di Calabria","product_price_amount":"9.49","product_price_currency":"EUR","og_availability":"instock","product_availability":"instock","product_condition":"new"},"jetpack_sharing_enabled":true,"brands":[{"id":653,"name":"Kalabrische K\u00f6stlichkeiten","slug":"delizie-di-calabria"}],"_links":{"self":[{"href":"https:\/\/www.saporinostri.it\/de\/wp-json\/wp\/v2\/product\/38073","targetHints":{"allow":["GET"]}}],"collection":[{"href":"https:\/\/www.saporinostri.it\/de\/wp-json\/wp\/v2\/product"}],"about":[{"href":"https:\/\/www.saporinostri.it\/de\/wp-json\/wp\/v2\/types\/product"}],"replies":[{"embeddable":true,"href":"https:\/\/www.saporinostri.it\/de\/wp-json\/wp\/v2\/comments?post=38073"}],"wp:featuredmedia":[{"embeddable":true,"href":"https:\/\/www.saporinostri.it\/de\/wp-json\/wp\/v2\/media\/38152"}],"wp:attachment":[{"href":"https:\/\/www.saporinostri.it\/de\/wp-json\/wp\/v2\/media?parent=38073"}],"wp:term":[{"taxonomy":"pwb-brand","embeddable":true,"href":"https:\/\/www.saporinostri.it\/de\/wp-json\/wp\/v2\/pwb-brand?post=38073"},{"taxonomy":"product_brand","embeddable":true,"href":"https:\/\/www.saporinostri.it\/de\/wp-json\/wp\/v2\/product_brand?post=38073"},{"taxonomy":"product_cat","embeddable":true,"href":"https:\/\/www.saporinostri.it\/de\/wp-json\/wp\/v2\/product_cat?post=38073"},{"taxonomy":"product_tag","embeddable":true,"href":"https:\/\/www.saporinostri.it\/de\/wp-json\/wp\/v2\/product_tag?post=38073"}],"curies":[{"name":"wp","href":"https:\/\/api.w.org\/{rel}","templated":true}]}}