{"id":4150,"date":"2020-10-16T16:42:10","date_gmt":"2020-10-16T14:42:10","guid":{"rendered":"https:\/\/woocommerce-587295-4567585.cloudwaysapps.com\/?post_type=product&#038;p=4150"},"modified":"2026-04-07T21:13:42","modified_gmt":"2026-04-07T19:13:42","slug":"spaghetti-igp-il-vecchio-pastificio-di-gragnano-500g","status":"publish","type":"product","link":"https:\/\/www.saporinostri.it\/de\/spaghetti-igp-il-vecchio-pastificio-di-gragnano-500g\/","title":{"rendered":"Spaghetti IGP Il Vecchio Pastificio di Gragnano 500g"},"content":{"rendered":"<p>In \u00dcbereinstimmung mit der gro\u00dfen weltlichen Tradition von Gragnano produziert Il Vecchio Pastificio di Gragnano jeden Tag unter den wachsamen Augen des Nudelmeisters nach der handwerklichen Methode Pasta di Gragnano g.g.A. von h\u00f6chster Qualit\u00e4t. Durch die Auswahl des besten Hartweizengrie\u00dfes, der nur mit dem S\u00fc\u00dfwasser der sehr reinen - jahrtausendealten - Quellen von Gragnano vermischt wird, mit viel Leidenschaft, Sorgfalt und Geschick.<br \/>\nDie Spaghetti IGP werden langsam nur mit Bronzestempeln gezogen, wie die Geschichte lehrt, die der Pasta eine au\u00dfergew\u00f6hnliche Rauheit verleihen; nur bei niedriger Temperatur getrocknet, sehr langsam, um die ausgezeichnete Qualit\u00e4t des Produkts weiter zu verbessern, einzigartig, schmackhaft, duftend, mit st\u00e4ndiger menschlicher Kontrolle in allen Phasen. Eine avantgardistische Pastafabrik mit einer bedeutenden Produktionskapazit\u00e4t, die t\u00e4glich mit strenger und gewissenhafter handwerklicher Methode arbeitet.<\/p>\n<p><strong>Zutaten:<\/strong> Hartweizengrie\u00df, Gragnano-Wasser.<\/p>","protected":false},"excerpt":{"rendered":"<p>Die Spaghetti g.g.A. des Vecchio Pastificio di Gragnano werden mit sorgf\u00e4ltig ausgew\u00e4hltem Hartweizengrie\u00df und mit reinstem S\u00fc\u00dfwasser aus den jahrtausendealten Quellen von Gragnano mit viel Leidenschaft und Geschick hergestellt.<\/p>\n<p><strong>Nettogewicht:<\/strong> 500 g<br \/>\n<strong>Kochen:<\/strong> 9 Minuten<\/p>","protected":false},"featured_media":4151,"comment_status":"open","ping_status":"closed","template":"","meta":{"_acf_changed":false,"inline_featured_image":false,"wprm-recipe-roundup-name":"","wprm-recipe-roundup-description":"","_monsterinsights_skip_tracking":false,"_monsterinsights_sitenote_active":false,"_monsterinsights_sitenote_note":"","_monsterinsights_sitenote_category":0},"pwb-brand":[411],"product_brand":[],"product_cat":[407],"product_tag":[],"class_list":{"0":"post-4150","1":"product","2":"type-product","3":"status-publish","4":"has-post-thumbnail","6":"pwb-brand-il-vecchio-pastificio-di-gragnano","7":"product_cat-pasta-artigianale","9":"first","10":"instock","11":"sale","12":"taxable","13":"shipping-taxable","14":"purchasable","15":"product-type-simple"},"acf":[],"yoast_head":"<!-- This site is optimized with the Yoast SEO Premium plugin v23.7 (Yoast SEO v27.3) - https:\/\/yoast.com\/product\/yoast-seo-premium-wordpress\/ -->\n<title>Spaghetti IGP Il Vecchio Pastificio di Gragnano 500g - Sapori Nostri<\/title>\n<meta name=\"description\" content=\"Spaghetti IGP del Vecchio Pastificio di Gragnano, prodotti con semole selezionate e purissima acqua fresca delle sorgenti di Gragnano\" \/>\n<meta name=\"robots\" content=\"index, follow, max-snippet:-1, max-image-preview:large, max-video-preview:-1\" \/>\n<link rel=\"canonical\" href=\"https:\/\/www.saporinostri.it\/de\/spaghetti-igp-il-vecchio-pastificio-di-gragnano-500g\/\" \/>\n<meta property=\"og:locale\" content=\"de_DE\" \/>\n<meta property=\"og:type\" content=\"article\" \/>\n<meta property=\"og:title\" content=\"Spaghetti IGP Il Vecchio Pastificio di Gragnano 500g\" \/>\n<meta property=\"og:description\" content=\"Spaghetti IGP del Vecchio Pastificio di Gragnano, prodotti con semole selezionate e purissima acqua fresca delle sorgenti di Gragnano\" \/>\n<meta property=\"og:url\" content=\"https:\/\/www.saporinostri.it\/de\/spaghetti-igp-il-vecchio-pastificio-di-gragnano-500g\/\" \/>\n<meta property=\"og:site_name\" content=\"Sapori Nostri\" \/>\n<meta property=\"article:publisher\" content=\"https:\/\/www.facebook.com\/saporinostri.it\/\" \/>\n<meta property=\"article:modified_time\" content=\"2026-04-07T19:13:42+00:00\" \/>\n<meta property=\"og:image\" content=\"https:\/\/www.saporinostri.it\/wp-content\/uploads\/2020\/10\/spaghetti-igp-vecchio-pastificio-di-gragnano-front.jpg\" \/>\n\t<meta property=\"og:image:width\" content=\"1100\" \/>\n\t<meta property=\"og:image:height\" content=\"1100\" \/>\n\t<meta property=\"og:image:type\" content=\"image\/jpeg\" \/>\n<meta name=\"twitter:card\" content=\"summary_large_image\" \/>\n<meta name=\"twitter:label1\" content=\"Preis\" \/>\n\t<meta name=\"twitter:data1\" content=\"&euro;3,20\" \/>\n\t<meta name=\"twitter:label2\" content=\"Verf\u00fcgbarkeit\" \/>\n\t<meta name=\"twitter:data2\" content=\"Auf Lager\" \/>\n<script type=\"application\/ld+json\" class=\"yoast-schema-graph\">{\"@context\":\"https:\\\/\\\/schema.org\",\"@graph\":[{\"@type\":\"WebPage\",\"@id\":\"https:\\\/\\\/www.saporinostri.it\\\/spaghetti-igp-il-vecchio-pastificio-di-gragnano-500g\\\/\",\"url\":\"https:\\\/\\\/www.saporinostri.it\\\/spaghetti-igp-il-vecchio-pastificio-di-gragnano-500g\\\/\",\"name\":\"Spaghetti IGP Il Vecchio Pastificio di Gragnano 500g - Sapori Nostri\",\"isPartOf\":{\"@id\":\"https:\\\/\\\/www.saporinostri.it\\\/#website\"},\"primaryImageOfPage\":{\"@id\":\"https:\\\/\\\/www.saporinostri.it\\\/spaghetti-igp-il-vecchio-pastificio-di-gragnano-500g\\\/#primaryimage\"},\"image\":{\"@id\":\"https:\\\/\\\/www.saporinostri.it\\\/spaghetti-igp-il-vecchio-pastificio-di-gragnano-500g\\\/#primaryimage\"},\"thumbnailUrl\":\"https:\\\/\\\/www.saporinostri.it\\\/wp-content\\\/uploads\\\/2020\\\/10\\\/spaghetti-igp-vecchio-pastificio-di-gragnano-front.jpg\",\"datePublished\":\"2020-10-16T14:42:10+00:00\",\"dateModified\":\"2026-04-07T19:13:42+00:00\",\"description\":\"Spaghetti IGP del Vecchio Pastificio di Gragnano, prodotti con semole selezionate e purissima acqua fresca delle sorgenti di Gragnano\",\"breadcrumb\":{\"@id\":\"https:\\\/\\\/www.saporinostri.it\\\/spaghetti-igp-il-vecchio-pastificio-di-gragnano-500g\\\/#breadcrumb\"},\"inLanguage\":\"de\",\"potentialAction\":[{\"@type\":\"ReadAction\",\"target\":[\"https:\\\/\\\/www.saporinostri.it\\\/spaghetti-igp-il-vecchio-pastificio-di-gragnano-500g\\\/\"]}]},{\"@type\":\"ImageObject\",\"inLanguage\":\"de\",\"@id\":\"https:\\\/\\\/www.saporinostri.it\\\/spaghetti-igp-il-vecchio-pastificio-di-gragnano-500g\\\/#primaryimage\",\"url\":\"https:\\\/\\\/www.saporinostri.it\\\/wp-content\\\/uploads\\\/2020\\\/10\\\/spaghetti-igp-vecchio-pastificio-di-gragnano-front.jpg\",\"contentUrl\":\"https:\\\/\\\/www.saporinostri.it\\\/wp-content\\\/uploads\\\/2020\\\/10\\\/spaghetti-igp-vecchio-pastificio-di-gragnano-front.jpg\",\"width\":1100,\"height\":1100,\"caption\":\"Spaghetti IGP Il Vecchio Pastificio di Gragnano 500g\"},{\"@type\":\"BreadcrumbList\",\"@id\":\"https:\\\/\\\/www.saporinostri.it\\\/spaghetti-igp-il-vecchio-pastificio-di-gragnano-500g\\\/#breadcrumb\",\"itemListElement\":[{\"@type\":\"ListItem\",\"position\":1,\"name\":\"Home\",\"item\":\"https:\\\/\\\/www.saporinostri.it\\\/\"},{\"@type\":\"ListItem\",\"position\":2,\"name\":\"Shop\",\"item\":\"https:\\\/\\\/www.saporinostri.it\\\/fr\\\/shop\\\/\"},{\"@type\":\"ListItem\",\"position\":3,\"name\":\"Spaghetti IGP Il Vecchio Pastificio di Gragnano 500g\"}]},{\"@type\":\"WebSite\",\"@id\":\"https:\\\/\\\/www.saporinostri.it\\\/#website\",\"url\":\"https:\\\/\\\/www.saporinostri.it\\\/\",\"name\":\"Sapori Nostri\",\"description\":\"\",\"publisher\":{\"@id\":\"https:\\\/\\\/www.saporinostri.it\\\/#organization\"},\"potentialAction\":[{\"@type\":\"SearchAction\",\"target\":{\"@type\":\"EntryPoint\",\"urlTemplate\":\"https:\\\/\\\/www.saporinostri.it\\\/?s={search_term_string}\"},\"query-input\":{\"@type\":\"PropertyValueSpecification\",\"valueRequired\":true,\"valueName\":\"search_term_string\"}}],\"inLanguage\":\"de\"},{\"@type\":\"Organization\",\"@id\":\"https:\\\/\\\/www.saporinostri.it\\\/#organization\",\"name\":\"Sapori Nostri\",\"url\":\"https:\\\/\\\/www.saporinostri.it\\\/\",\"logo\":{\"@type\":\"ImageObject\",\"inLanguage\":\"de\",\"@id\":\"https:\\\/\\\/www.saporinostri.it\\\/#\\\/schema\\\/logo\\\/image\\\/\",\"url\":\"https:\\\/\\\/www.saporinostri.it\\\/wp-content\\\/uploads\\\/2020\\\/05\\\/logo-retina.png\",\"contentUrl\":\"https:\\\/\\\/www.saporinostri.it\\\/wp-content\\\/uploads\\\/2020\\\/05\\\/logo-retina.png\",\"width\":500,\"height\":109,\"caption\":\"Sapori Nostri\"},\"image\":{\"@id\":\"https:\\\/\\\/www.saporinostri.it\\\/#\\\/schema\\\/logo\\\/image\\\/\"},\"sameAs\":[\"https:\\\/\\\/www.facebook.com\\\/saporinostri.it\\\/\",\"https:\\\/\\\/www.instagram.com\\\/saporinostri.it\\\/\"]}]}<\/script>\n<meta property=\"product:brand\" content=\"Il Vecchio Pastificio di Gragnano\" \/>\n<meta property=\"product:price:amount\" content=\"3.20\" \/>\n<meta property=\"product:price:currency\" content=\"EUR\" \/>\n<meta property=\"og:availability\" content=\"instock\" \/>\n<meta property=\"product:availability\" content=\"instock\" \/>\n<meta property=\"product:retailer_item_id\" content=\"8033406260015\" \/>\n<meta property=\"product:condition\" content=\"new\" \/>\n<!-- \/ Yoast SEO Premium plugin. -->","yoast_head_json":{"title":"Spaghetti IGP Il Vecchio Pastificio di Gragnano 500g - Unsere Geschmacksrichtungen","description":"Spaghetti IGP aus dem Vecchio Pastificio di Gragnano, hergestellt mit ausgew\u00e4hltem Grie\u00df und reinem S\u00fc\u00dfwasser aus den Quellen von Gragnano","robots":{"index":"index","follow":"follow","max-snippet":"max-snippet:-1","max-image-preview":"max-image-preview:large","max-video-preview":"max-video-preview:-1"},"canonical":"https:\/\/www.saporinostri.it\/de\/spaghetti-igp-il-vecchio-pastificio-di-gragnano-500g\/","og_locale":"de_DE","og_type":"article","og_title":"Spaghetti IGP Il Vecchio Pastificio di Gragnano 500g","og_description":"Spaghetti IGP del Vecchio Pastificio di Gragnano, prodotti con semole selezionate e purissima acqua fresca delle sorgenti di Gragnano","og_url":"https:\/\/www.saporinostri.it\/de\/spaghetti-igp-il-vecchio-pastificio-di-gragnano-500g\/","og_site_name":"Sapori Nostri","article_publisher":"https:\/\/www.facebook.com\/saporinostri.it\/","article_modified_time":"2026-04-07T19:13:42+00:00","og_image":[{"width":1100,"height":1100,"url":"https:\/\/www.saporinostri.it\/wp-content\/uploads\/2020\/10\/spaghetti-igp-vecchio-pastificio-di-gragnano-front.jpg","type":"image\/jpeg"}],"twitter_card":"summary_large_image","twitter_misc":{"Preis":"&euro;3,20","Verf\u00fcgbarkeit":"Auf Lager"},"schema":{"@context":"https:\/\/schema.org","@graph":[{"@type":"WebPage","@id":"https:\/\/www.saporinostri.it\/spaghetti-igp-il-vecchio-pastificio-di-gragnano-500g\/","url":"https:\/\/www.saporinostri.it\/spaghetti-igp-il-vecchio-pastificio-di-gragnano-500g\/","name":"Spaghetti IGP Il Vecchio Pastificio di Gragnano 500g - Unsere Geschmacksrichtungen","isPartOf":{"@id":"https:\/\/www.saporinostri.it\/#website"},"primaryImageOfPage":{"@id":"https:\/\/www.saporinostri.it\/spaghetti-igp-il-vecchio-pastificio-di-gragnano-500g\/#primaryimage"},"image":{"@id":"https:\/\/www.saporinostri.it\/spaghetti-igp-il-vecchio-pastificio-di-gragnano-500g\/#primaryimage"},"thumbnailUrl":"https:\/\/www.saporinostri.it\/wp-content\/uploads\/2020\/10\/spaghetti-igp-vecchio-pastificio-di-gragnano-front.jpg","datePublished":"2020-10-16T14:42:10+00:00","dateModified":"2026-04-07T19:13:42+00:00","description":"Spaghetti IGP aus dem Vecchio Pastificio di Gragnano, hergestellt mit ausgew\u00e4hltem Grie\u00df und reinem S\u00fc\u00dfwasser aus den Quellen von Gragnano","breadcrumb":{"@id":"https:\/\/www.saporinostri.it\/spaghetti-igp-il-vecchio-pastificio-di-gragnano-500g\/#breadcrumb"},"inLanguage":"de","potentialAction":[{"@type":"ReadAction","target":["https:\/\/www.saporinostri.it\/spaghetti-igp-il-vecchio-pastificio-di-gragnano-500g\/"]}]},{"@type":"ImageObject","inLanguage":"de","@id":"https:\/\/www.saporinostri.it\/spaghetti-igp-il-vecchio-pastificio-di-gragnano-500g\/#primaryimage","url":"https:\/\/www.saporinostri.it\/wp-content\/uploads\/2020\/10\/spaghetti-igp-vecchio-pastificio-di-gragnano-front.jpg","contentUrl":"https:\/\/www.saporinostri.it\/wp-content\/uploads\/2020\/10\/spaghetti-igp-vecchio-pastificio-di-gragnano-front.jpg","width":1100,"height":1100,"caption":"Spaghetti IGP Il Vecchio Pastificio di Gragnano 500g"},{"@type":"BreadcrumbList","@id":"https:\/\/www.saporinostri.it\/spaghetti-igp-il-vecchio-pastificio-di-gragnano-500g\/#breadcrumb","itemListElement":[{"@type":"ListItem","position":1,"name":"Home","item":"https:\/\/www.saporinostri.it\/"},{"@type":"ListItem","position":2,"name":"Shop","item":"https:\/\/www.saporinostri.it\/fr\/shop\/"},{"@type":"ListItem","position":3,"name":"Spaghetti IGP Il Vecchio Pastificio di Gragnano 500g"}]},{"@type":"WebSite","@id":"https:\/\/www.saporinostri.it\/#website","url":"https:\/\/www.saporinostri.it\/","name":"Sapori Nostri","description":"","publisher":{"@id":"https:\/\/www.saporinostri.it\/#organization"},"potentialAction":[{"@type":"SearchAction","target":{"@type":"EntryPoint","urlTemplate":"https:\/\/www.saporinostri.it\/?s={search_term_string}"},"query-input":{"@type":"PropertyValueSpecification","valueRequired":true,"valueName":"search_term_string"}}],"inLanguage":"de"},{"@type":"Organization","@id":"https:\/\/www.saporinostri.it\/#organization","name":"Sapori Nostri","url":"https:\/\/www.saporinostri.it\/","logo":{"@type":"ImageObject","inLanguage":"de","@id":"https:\/\/www.saporinostri.it\/#\/schema\/logo\/image\/","url":"https:\/\/www.saporinostri.it\/wp-content\/uploads\/2020\/05\/logo-retina.png","contentUrl":"https:\/\/www.saporinostri.it\/wp-content\/uploads\/2020\/05\/logo-retina.png","width":500,"height":109,"caption":"Sapori Nostri"},"image":{"@id":"https:\/\/www.saporinostri.it\/#\/schema\/logo\/image\/"},"sameAs":["https:\/\/www.facebook.com\/saporinostri.it\/","https:\/\/www.instagram.com\/saporinostri.it\/"]}]},"product_brand":"Il Vecchio Pastificio di Gragnano","product_price_amount":"3.20","product_price_currency":"EUR","og_availability":"instock","product_availability":"instock","product_retailer_item_id":"8033406260015","product_condition":"new"},"jetpack_sharing_enabled":true,"brands":[{"id":411,"name":"Die alte Pastificio di Gragnano","slug":"il-vecchio-pastificio-di-gragnano"}],"_links":{"self":[{"href":"https:\/\/www.saporinostri.it\/de\/wp-json\/wp\/v2\/product\/4150","targetHints":{"allow":["GET"]}}],"collection":[{"href":"https:\/\/www.saporinostri.it\/de\/wp-json\/wp\/v2\/product"}],"about":[{"href":"https:\/\/www.saporinostri.it\/de\/wp-json\/wp\/v2\/types\/product"}],"replies":[{"embeddable":true,"href":"https:\/\/www.saporinostri.it\/de\/wp-json\/wp\/v2\/comments?post=4150"}],"wp:featuredmedia":[{"embeddable":true,"href":"https:\/\/www.saporinostri.it\/de\/wp-json\/wp\/v2\/media\/4151"}],"wp:attachment":[{"href":"https:\/\/www.saporinostri.it\/de\/wp-json\/wp\/v2\/media?parent=4150"}],"wp:term":[{"taxonomy":"pwb-brand","embeddable":true,"href":"https:\/\/www.saporinostri.it\/de\/wp-json\/wp\/v2\/pwb-brand?post=4150"},{"taxonomy":"product_brand","embeddable":true,"href":"https:\/\/www.saporinostri.it\/de\/wp-json\/wp\/v2\/product_brand?post=4150"},{"taxonomy":"product_cat","embeddable":true,"href":"https:\/\/www.saporinostri.it\/de\/wp-json\/wp\/v2\/product_cat?post=4150"},{"taxonomy":"product_tag","embeddable":true,"href":"https:\/\/www.saporinostri.it\/de\/wp-json\/wp\/v2\/product_tag?post=4150"}],"curies":[{"name":"wp","href":"https:\/\/api.w.org\/{rel}","templated":true}]}}