{"id":4185,"date":"2020-10-19T10:53:43","date_gmt":"2020-10-19T08:53:43","guid":{"rendered":"https:\/\/woocommerce-587295-4567585.cloudwaysapps.com\/?post_type=product&#038;p=4185"},"modified":"2024-11-05T18:36:27","modified_gmt":"2024-11-05T17:36:27","slug":"linguine-al-nero-di-seppia-igp-il-vecchio-pastificio-di-gragnano-500g","status":"publish","type":"product","link":"https:\/\/www.saporinostri.it\/de\/linguine-al-nero-di-seppia-igp-il-vecchio-pastificio-di-gragnano-500g\/","title":{"rendered":"Linguine mit Tintenfischtinte IGP Il Vecchio Pastificio di Gragnano 500g"},"content":{"rendered":"<p>In \u00dcbereinstimmung mit der gro\u00dfen weltlichen Tradition von Gragnano produziert Il Vecchio Pastificio di Gragnano jeden Tag unter den wachsamen Augen des Nudelmeisters nach der handwerklichen Methode Pasta di Gragnano g.g.A. von h\u00f6chster Qualit\u00e4t. Durch die Auswahl des besten Hartweizengrie\u00dfes, der nur mit dem S\u00fc\u00dfwasser der sehr reinen - jahrtausendealten - Quellen von Gragnano vermischt wird, mit viel Leidenschaft, Sorgfalt und Geschick.<br \/>\nLinguine al Nero di Seppia ggA werden, wie die Geschichte lehrt, langsam nur mit Bronzestempeln gezeichnet, die der Pasta eine au\u00dfergew\u00f6hnliche Rauheit verleihen; nur bei niedriger Temperatur getrocknet, sehr langsam, um die ausgezeichnete Qualit\u00e4t des Produkts weiter zu verbessern, einzigartig, schmackhaft, duftend, mit st\u00e4ndiger menschlicher Kontrolle in allen Phasen. Eine avantgardistische Pastafabrik mit einer bedeutenden Produktionskapazit\u00e4t, die t\u00e4glich mit strenger und gewissenhafter handwerklicher Methode arbeitet.<\/p>\n<p><strong>Zutaten:<\/strong> Hartweizengrie\u00df, Gragnanowasser, 1% Tintenfischtintenpulver, Maismaltodextrin.<\/p>","protected":false},"excerpt":{"rendered":"<p>Die Linguine al Nero di Seppia IGP aus dem Vecchio Pastificio di Gragnano werden mit sorgf\u00e4ltig ausgew\u00e4hltem Hartweizengrie\u00df und mit reinem S\u00fc\u00dfwasser aus den jahrtausendealten Quellen von Gragnano mit viel Leidenschaft und Geschick hergestellt.<\/p>\n<p><strong>Nettogewicht:<\/strong> 500 g<br \/>\n<strong>Kochen:<\/strong> 10 Minuten<\/p>","protected":false},"featured_media":4186,"comment_status":"open","ping_status":"closed","template":"","meta":{"_acf_changed":false,"inline_featured_image":false,"wprm-recipe-roundup-name":"","wprm-recipe-roundup-description":"","_monsterinsights_skip_tracking":false,"_monsterinsights_sitenote_active":false,"_monsterinsights_sitenote_note":"","_monsterinsights_sitenote_category":0},"pwb-brand":[411],"product_brand":[],"product_cat":[407],"product_tag":[],"class_list":{"0":"post-4185","1":"product","2":"type-product","3":"status-publish","4":"has-post-thumbnail","6":"pwb-brand-il-vecchio-pastificio-di-gragnano","7":"product_cat-pasta-artigianale","9":"first","10":"outofstock","11":"sale","12":"taxable","13":"shipping-taxable","14":"purchasable","15":"product-type-simple"},"acf":[],"yoast_head":"<!-- This site is optimized with the Yoast SEO Premium plugin v23.7 (Yoast SEO v27.3) - https:\/\/yoast.com\/product\/yoast-seo-premium-wordpress\/ -->\n<title>Linguine Nero di Seppia IGP Vecchio Pastificio di Gragnano - Sapori Nostri<\/title>\n<meta name=\"description\" content=\"Linguine al Nero di Seppia Vecchio Pastificio di Gragnano prodotte con semole selezionate e purissima acqua fresca delle sorgenti di Gragnano\" \/>\n<meta name=\"robots\" content=\"index, follow, max-snippet:-1, max-image-preview:large, max-video-preview:-1\" \/>\n<link rel=\"canonical\" href=\"https:\/\/www.saporinostri.it\/de\/linguine-al-nero-di-seppia-igp-il-vecchio-pastificio-di-gragnano-500g\/\" \/>\n<meta property=\"og:locale\" content=\"de_DE\" \/>\n<meta property=\"og:type\" content=\"article\" \/>\n<meta property=\"og:title\" content=\"Linguine al Nero di Seppia IGP Il Vecchio Pastificio di Gragnano 500g\" \/>\n<meta property=\"og:description\" content=\"Linguine al Nero di Seppia Vecchio Pastificio di Gragnano prodotte con semole selezionate e purissima acqua fresca delle sorgenti di Gragnano\" \/>\n<meta property=\"og:url\" content=\"https:\/\/www.saporinostri.it\/de\/linguine-al-nero-di-seppia-igp-il-vecchio-pastificio-di-gragnano-500g\/\" \/>\n<meta property=\"og:site_name\" content=\"Sapori Nostri\" \/>\n<meta property=\"article:publisher\" content=\"https:\/\/www.facebook.com\/saporinostri.it\/\" \/>\n<meta property=\"article:modified_time\" content=\"2024-11-05T17:36:27+00:00\" \/>\n<meta property=\"og:image\" content=\"https:\/\/www.saporinostri.it\/wp-content\/uploads\/2020\/10\/linguine-al-nero-di-seppia-igp-vecchio-pastificio-di-gragnano-front.jpg\" \/>\n\t<meta property=\"og:image:width\" content=\"1100\" \/>\n\t<meta property=\"og:image:height\" content=\"1100\" \/>\n\t<meta property=\"og:image:type\" content=\"image\/jpeg\" \/>\n<meta name=\"twitter:card\" content=\"summary_large_image\" \/>\n<meta name=\"twitter:label1\" content=\"Preis\" \/>\n\t<meta name=\"twitter:data1\" content=\"&euro;5,20\" \/>\n\t<meta name=\"twitter:label2\" content=\"Verf\u00fcgbarkeit\" \/>\n\t<meta name=\"twitter:data2\" content=\"ausverkauft\" \/>\n<script type=\"application\/ld+json\" class=\"yoast-schema-graph\">{\"@context\":\"https:\\\/\\\/schema.org\",\"@graph\":[{\"@type\":\"WebPage\",\"@id\":\"https:\\\/\\\/www.saporinostri.it\\\/linguine-al-nero-di-seppia-igp-il-vecchio-pastificio-di-gragnano-500g\\\/\",\"url\":\"https:\\\/\\\/www.saporinostri.it\\\/linguine-al-nero-di-seppia-igp-il-vecchio-pastificio-di-gragnano-500g\\\/\",\"name\":\"Linguine Nero di Seppia IGP Vecchio Pastificio di Gragnano - Sapori Nostri\",\"isPartOf\":{\"@id\":\"https:\\\/\\\/www.saporinostri.it\\\/#website\"},\"primaryImageOfPage\":{\"@id\":\"https:\\\/\\\/www.saporinostri.it\\\/linguine-al-nero-di-seppia-igp-il-vecchio-pastificio-di-gragnano-500g\\\/#primaryimage\"},\"image\":{\"@id\":\"https:\\\/\\\/www.saporinostri.it\\\/linguine-al-nero-di-seppia-igp-il-vecchio-pastificio-di-gragnano-500g\\\/#primaryimage\"},\"thumbnailUrl\":\"https:\\\/\\\/www.saporinostri.it\\\/wp-content\\\/uploads\\\/2020\\\/10\\\/linguine-al-nero-di-seppia-igp-vecchio-pastificio-di-gragnano-front.jpg\",\"datePublished\":\"2020-10-19T08:53:43+00:00\",\"dateModified\":\"2024-11-05T17:36:27+00:00\",\"description\":\"Linguine al Nero di Seppia Vecchio Pastificio di Gragnano prodotte con semole selezionate e purissima acqua fresca delle sorgenti di Gragnano\",\"breadcrumb\":{\"@id\":\"https:\\\/\\\/www.saporinostri.it\\\/linguine-al-nero-di-seppia-igp-il-vecchio-pastificio-di-gragnano-500g\\\/#breadcrumb\"},\"inLanguage\":\"de\",\"potentialAction\":[{\"@type\":\"ReadAction\",\"target\":[\"https:\\\/\\\/www.saporinostri.it\\\/linguine-al-nero-di-seppia-igp-il-vecchio-pastificio-di-gragnano-500g\\\/\"]}]},{\"@type\":\"ImageObject\",\"inLanguage\":\"de\",\"@id\":\"https:\\\/\\\/www.saporinostri.it\\\/linguine-al-nero-di-seppia-igp-il-vecchio-pastificio-di-gragnano-500g\\\/#primaryimage\",\"url\":\"https:\\\/\\\/www.saporinostri.it\\\/wp-content\\\/uploads\\\/2020\\\/10\\\/linguine-al-nero-di-seppia-igp-vecchio-pastificio-di-gragnano-front.jpg\",\"contentUrl\":\"https:\\\/\\\/www.saporinostri.it\\\/wp-content\\\/uploads\\\/2020\\\/10\\\/linguine-al-nero-di-seppia-igp-vecchio-pastificio-di-gragnano-front.jpg\",\"width\":1100,\"height\":1100,\"caption\":\"Linguine al Nero di Seppia IGP Il Vecchio Pastificio di Gragnano 500g\"},{\"@type\":\"BreadcrumbList\",\"@id\":\"https:\\\/\\\/www.saporinostri.it\\\/linguine-al-nero-di-seppia-igp-il-vecchio-pastificio-di-gragnano-500g\\\/#breadcrumb\",\"itemListElement\":[{\"@type\":\"ListItem\",\"position\":1,\"name\":\"Home\",\"item\":\"https:\\\/\\\/www.saporinostri.it\\\/\"},{\"@type\":\"ListItem\",\"position\":2,\"name\":\"Shop\",\"item\":\"https:\\\/\\\/www.saporinostri.it\\\/fr\\\/shop\\\/\"},{\"@type\":\"ListItem\",\"position\":3,\"name\":\"Linguine al Nero di Seppia IGP Il Vecchio Pastificio di Gragnano 500g\"}]},{\"@type\":\"WebSite\",\"@id\":\"https:\\\/\\\/www.saporinostri.it\\\/#website\",\"url\":\"https:\\\/\\\/www.saporinostri.it\\\/\",\"name\":\"Sapori Nostri\",\"description\":\"\",\"publisher\":{\"@id\":\"https:\\\/\\\/www.saporinostri.it\\\/#organization\"},\"potentialAction\":[{\"@type\":\"SearchAction\",\"target\":{\"@type\":\"EntryPoint\",\"urlTemplate\":\"https:\\\/\\\/www.saporinostri.it\\\/?s={search_term_string}\"},\"query-input\":{\"@type\":\"PropertyValueSpecification\",\"valueRequired\":true,\"valueName\":\"search_term_string\"}}],\"inLanguage\":\"de\"},{\"@type\":\"Organization\",\"@id\":\"https:\\\/\\\/www.saporinostri.it\\\/#organization\",\"name\":\"Sapori Nostri\",\"url\":\"https:\\\/\\\/www.saporinostri.it\\\/\",\"logo\":{\"@type\":\"ImageObject\",\"inLanguage\":\"de\",\"@id\":\"https:\\\/\\\/www.saporinostri.it\\\/#\\\/schema\\\/logo\\\/image\\\/\",\"url\":\"https:\\\/\\\/www.saporinostri.it\\\/wp-content\\\/uploads\\\/2020\\\/05\\\/logo-retina.png\",\"contentUrl\":\"https:\\\/\\\/www.saporinostri.it\\\/wp-content\\\/uploads\\\/2020\\\/05\\\/logo-retina.png\",\"width\":500,\"height\":109,\"caption\":\"Sapori Nostri\"},\"image\":{\"@id\":\"https:\\\/\\\/www.saporinostri.it\\\/#\\\/schema\\\/logo\\\/image\\\/\"},\"sameAs\":[\"https:\\\/\\\/www.facebook.com\\\/saporinostri.it\\\/\",\"https:\\\/\\\/www.instagram.com\\\/saporinostri.it\\\/\"]}]}<\/script>\n<meta property=\"product:brand\" content=\"Il Vecchio Pastificio di Gragnano\" \/>\n<meta property=\"product:price:amount\" content=\"5.20\" \/>\n<meta property=\"product:price:currency\" content=\"EUR\" \/>\n<meta property=\"og:availability\" content=\"out of stock\" \/>\n<meta property=\"product:availability\" content=\"out of stock\" \/>\n<meta property=\"product:retailer_item_id\" content=\"8033406260763\" \/>\n<meta property=\"product:condition\" content=\"new\" \/>\n<!-- \/ Yoast SEO Premium plugin. -->","yoast_head_json":{"title":"Linguine Nero di Tintenfisch g.g.A. Old Pastificio di Gragnano - Unsere Aromen flavor","description":"Linguine mit Tintenfischtinte Vecchio Pastificio di Gragnano hergestellt mit ausgew\u00e4hltem Grie\u00df und reinem S\u00fc\u00dfwasser aus den Quellen von Gragnano","robots":{"index":"index","follow":"follow","max-snippet":"max-snippet:-1","max-image-preview":"max-image-preview:large","max-video-preview":"max-video-preview:-1"},"canonical":"https:\/\/www.saporinostri.it\/de\/linguine-al-nero-di-seppia-igp-il-vecchio-pastificio-di-gragnano-500g\/","og_locale":"de_DE","og_type":"article","og_title":"Linguine al Nero di Seppia IGP Il Vecchio Pastificio di Gragnano 500g","og_description":"Linguine al Nero di Seppia Vecchio Pastificio di Gragnano prodotte con semole selezionate e purissima acqua fresca delle sorgenti di Gragnano","og_url":"https:\/\/www.saporinostri.it\/de\/linguine-al-nero-di-seppia-igp-il-vecchio-pastificio-di-gragnano-500g\/","og_site_name":"Sapori Nostri","article_publisher":"https:\/\/www.facebook.com\/saporinostri.it\/","article_modified_time":"2024-11-05T17:36:27+00:00","og_image":[{"width":1100,"height":1100,"url":"https:\/\/www.saporinostri.it\/wp-content\/uploads\/2020\/10\/linguine-al-nero-di-seppia-igp-vecchio-pastificio-di-gragnano-front.jpg","type":"image\/jpeg"}],"twitter_card":"summary_large_image","twitter_misc":{"Preis":"&euro;5,20","Verf\u00fcgbarkeit":"ausverkauft"},"schema":{"@context":"https:\/\/schema.org","@graph":[{"@type":"WebPage","@id":"https:\/\/www.saporinostri.it\/linguine-al-nero-di-seppia-igp-il-vecchio-pastificio-di-gragnano-500g\/","url":"https:\/\/www.saporinostri.it\/linguine-al-nero-di-seppia-igp-il-vecchio-pastificio-di-gragnano-500g\/","name":"Linguine Nero di Tintenfisch g.g.A. Old Pastificio di Gragnano - Unsere Aromen flavor","isPartOf":{"@id":"https:\/\/www.saporinostri.it\/#website"},"primaryImageOfPage":{"@id":"https:\/\/www.saporinostri.it\/linguine-al-nero-di-seppia-igp-il-vecchio-pastificio-di-gragnano-500g\/#primaryimage"},"image":{"@id":"https:\/\/www.saporinostri.it\/linguine-al-nero-di-seppia-igp-il-vecchio-pastificio-di-gragnano-500g\/#primaryimage"},"thumbnailUrl":"https:\/\/www.saporinostri.it\/wp-content\/uploads\/2020\/10\/linguine-al-nero-di-seppia-igp-vecchio-pastificio-di-gragnano-front.jpg","datePublished":"2020-10-19T08:53:43+00:00","dateModified":"2024-11-05T17:36:27+00:00","description":"Linguine mit Tintenfischtinte Vecchio Pastificio di Gragnano hergestellt mit ausgew\u00e4hltem Grie\u00df und reinem S\u00fc\u00dfwasser aus den Quellen von Gragnano","breadcrumb":{"@id":"https:\/\/www.saporinostri.it\/linguine-al-nero-di-seppia-igp-il-vecchio-pastificio-di-gragnano-500g\/#breadcrumb"},"inLanguage":"de","potentialAction":[{"@type":"ReadAction","target":["https:\/\/www.saporinostri.it\/linguine-al-nero-di-seppia-igp-il-vecchio-pastificio-di-gragnano-500g\/"]}]},{"@type":"ImageObject","inLanguage":"de","@id":"https:\/\/www.saporinostri.it\/linguine-al-nero-di-seppia-igp-il-vecchio-pastificio-di-gragnano-500g\/#primaryimage","url":"https:\/\/www.saporinostri.it\/wp-content\/uploads\/2020\/10\/linguine-al-nero-di-seppia-igp-vecchio-pastificio-di-gragnano-front.jpg","contentUrl":"https:\/\/www.saporinostri.it\/wp-content\/uploads\/2020\/10\/linguine-al-nero-di-seppia-igp-vecchio-pastificio-di-gragnano-front.jpg","width":1100,"height":1100,"caption":"Linguine al Nero di Seppia IGP Il Vecchio Pastificio di Gragnano 500g"},{"@type":"BreadcrumbList","@id":"https:\/\/www.saporinostri.it\/linguine-al-nero-di-seppia-igp-il-vecchio-pastificio-di-gragnano-500g\/#breadcrumb","itemListElement":[{"@type":"ListItem","position":1,"name":"Home","item":"https:\/\/www.saporinostri.it\/"},{"@type":"ListItem","position":2,"name":"Shop","item":"https:\/\/www.saporinostri.it\/fr\/shop\/"},{"@type":"ListItem","position":3,"name":"Linguine al Nero di Seppia IGP Il Vecchio Pastificio di Gragnano 500g"}]},{"@type":"WebSite","@id":"https:\/\/www.saporinostri.it\/#website","url":"https:\/\/www.saporinostri.it\/","name":"Sapori Nostri","description":"","publisher":{"@id":"https:\/\/www.saporinostri.it\/#organization"},"potentialAction":[{"@type":"SearchAction","target":{"@type":"EntryPoint","urlTemplate":"https:\/\/www.saporinostri.it\/?s={search_term_string}"},"query-input":{"@type":"PropertyValueSpecification","valueRequired":true,"valueName":"search_term_string"}}],"inLanguage":"de"},{"@type":"Organization","@id":"https:\/\/www.saporinostri.it\/#organization","name":"Sapori Nostri","url":"https:\/\/www.saporinostri.it\/","logo":{"@type":"ImageObject","inLanguage":"de","@id":"https:\/\/www.saporinostri.it\/#\/schema\/logo\/image\/","url":"https:\/\/www.saporinostri.it\/wp-content\/uploads\/2020\/05\/logo-retina.png","contentUrl":"https:\/\/www.saporinostri.it\/wp-content\/uploads\/2020\/05\/logo-retina.png","width":500,"height":109,"caption":"Sapori Nostri"},"image":{"@id":"https:\/\/www.saporinostri.it\/#\/schema\/logo\/image\/"},"sameAs":["https:\/\/www.facebook.com\/saporinostri.it\/","https:\/\/www.instagram.com\/saporinostri.it\/"]}]},"product_brand":"Il Vecchio Pastificio di Gragnano","product_price_amount":"5.20","product_price_currency":"EUR","og_availability":"out of stock","product_availability":"out of stock","product_retailer_item_id":"8033406260763","product_condition":"new"},"jetpack_sharing_enabled":true,"brands":[{"id":411,"name":"Die alte Pastificio di Gragnano","slug":"il-vecchio-pastificio-di-gragnano"}],"_links":{"self":[{"href":"https:\/\/www.saporinostri.it\/de\/wp-json\/wp\/v2\/product\/4185","targetHints":{"allow":["GET"]}}],"collection":[{"href":"https:\/\/www.saporinostri.it\/de\/wp-json\/wp\/v2\/product"}],"about":[{"href":"https:\/\/www.saporinostri.it\/de\/wp-json\/wp\/v2\/types\/product"}],"replies":[{"embeddable":true,"href":"https:\/\/www.saporinostri.it\/de\/wp-json\/wp\/v2\/comments?post=4185"}],"wp:featuredmedia":[{"embeddable":true,"href":"https:\/\/www.saporinostri.it\/de\/wp-json\/wp\/v2\/media\/4186"}],"wp:attachment":[{"href":"https:\/\/www.saporinostri.it\/de\/wp-json\/wp\/v2\/media?parent=4185"}],"wp:term":[{"taxonomy":"pwb-brand","embeddable":true,"href":"https:\/\/www.saporinostri.it\/de\/wp-json\/wp\/v2\/pwb-brand?post=4185"},{"taxonomy":"product_brand","embeddable":true,"href":"https:\/\/www.saporinostri.it\/de\/wp-json\/wp\/v2\/product_brand?post=4185"},{"taxonomy":"product_cat","embeddable":true,"href":"https:\/\/www.saporinostri.it\/de\/wp-json\/wp\/v2\/product_cat?post=4185"},{"taxonomy":"product_tag","embeddable":true,"href":"https:\/\/www.saporinostri.it\/de\/wp-json\/wp\/v2\/product_tag?post=4185"}],"curies":[{"name":"wp","href":"https:\/\/api.w.org\/{rel}","templated":true}]}}