{"id":4252,"date":"2020-10-21T19:25:31","date_gmt":"2020-10-21T17:25:31","guid":{"rendered":"https:\/\/woocommerce-587295-4567585.cloudwaysapps.com\/?post_type=product&#038;p=4252"},"modified":"2026-05-10T18:28:30","modified_gmt":"2026-05-10T16:28:30","slug":"datterino-rosso-al-naturale-carbone-1-kg","status":"publish","type":"product","link":"https:\/\/www.saporinostri.it\/de\/datterino-rosso-al-naturale-carbone-1-kg\/","title":{"rendered":"Roter Datterino in Naturkohle 1 kg 1"},"content":{"rendered":"<p style=\"font-size: 1.1em; line-height: 1.3em; color: #333;\">Der rote Datterino ist das Ergebnis eines der fruchtbarsten Gebiete mit einer reichen landwirtschaftlichen Produktion: der Piana del Sele in der Provinz Salerno.<br \/>\nDer Datterino hat kleine Abmessungen und eine typische l\u00e4ngliche &quot;Dattel&quot;-Form. Im Vergleich zu anderen Tomatensorten hat sie einen h\u00f6heren Zuckergehalt, der 12 \u00b0 Brix erreichen kann, die Schale ist extrem d\u00fcnn und hat ein gleichm\u00e4\u00dfiges und cremiges Fruchtfleisch von einer intensiven leuchtend roten Farbe.<br \/>\nJeder Bund Datterino-Tomaten hat die Form einer Fischgr\u00e4te und enth\u00e4lt 10 bis 15 Kirschtomaten von etwa 40 g. Es ist reich an Mineralsalzen, Vitamin A und Vitamin C mit einer reparierenden und regenerierenden Wirkung auf alle K\u00f6rperzellen.<br \/>\nDie Datterino-Tomate ist sehr beliebt zum Zubereiten einfacher Saucen und zum F\u00fcllen von Pizza ohne besondere Kombinationen, um die unverwechselbare S\u00fc\u00dfe wahrnehmen zu lassen.<\/p>","protected":false},"excerpt":{"rendered":"<p style=\"font-size: 1.1em; line-height: 1.3em; color: #333;\">Der Datterino Rosso al Naturale Carbone ist das Ergebnis eines der fruchtbarsten Gebiete, das reich an landwirtschaftlichen Erzeugnissen ist: der Piana del Sele in der Provinz Salerno.<\/p>\n<p style=\"font-size: 1.1em; line-height: 1.4em; color: #333;\"><strong style=\"margin-top: 20px;\">Abgelassenes Gewicht:<\/strong> 620 g<br \/>\n<strong>Nettogewicht:<\/strong> 1000 g<\/p>","protected":false},"featured_media":4255,"comment_status":"open","ping_status":"closed","template":"","meta":{"_acf_changed":false,"inline_featured_image":false,"wprm-recipe-roundup-name":"","wprm-recipe-roundup-description":""},"pwb-brand":[413],"product_brand":[],"product_cat":[412,427],"product_tag":[],"class_list":{"0":"post-4252","1":"product","2":"type-product","3":"status-publish","4":"has-post-thumbnail","6":"pwb-brand-carbone","7":"product_cat-conserve","8":"product_cat-pomodori","10":"first","11":"instock","12":"sale","13":"taxable","14":"shipping-taxable","15":"purchasable","16":"product-type-simple"},"acf":[],"yoast_head":"<!-- This site is optimized with the Yoast SEO Premium plugin v23.7 (Yoast SEO v27.5) - https:\/\/yoast.com\/product\/yoast-seo-premium-wordpress\/ -->\n<title>Datterino Rosso al Naturale Carbone 1 Kg - Sapori Nostri<\/title>\n<meta name=\"description\" content=\"Il datterino rosso \u00e8 frutto di una delle terre pi\u00f9 fertili e ricche di produzioni agroalimentari la Piana del Sele nella provincia di Salerno\" \/>\n<meta name=\"robots\" content=\"index, follow, max-snippet:-1, max-image-preview:large, max-video-preview:-1\" \/>\n<link rel=\"canonical\" href=\"https:\/\/www.saporinostri.it\/de\/datterino-rosso-al-naturale-carbone-1-kg\/\" \/>\n<meta property=\"og:locale\" content=\"de_DE\" \/>\n<meta property=\"og:type\" content=\"article\" \/>\n<meta property=\"og:title\" content=\"Datterino Rosso al Naturale Carbone 1 Kg\" \/>\n<meta property=\"og:description\" content=\"Il datterino rosso \u00e8 frutto di una delle terre pi\u00f9 fertili e ricche di produzioni agroalimentari la Piana del Sele nella provincia di Salerno\" \/>\n<meta property=\"og:url\" content=\"https:\/\/www.saporinostri.it\/de\/datterino-rosso-al-naturale-carbone-1-kg\/\" \/>\n<meta property=\"og:site_name\" content=\"Sapori Nostri\" \/>\n<meta property=\"article:publisher\" content=\"https:\/\/www.facebook.com\/saporinostri.it\/\" \/>\n<meta property=\"article:modified_time\" content=\"2026-05-10T16:28:30+00:00\" \/>\n<meta property=\"og:image\" content=\"https:\/\/www.saporinostri.it\/wp-content\/uploads\/2020\/10\/datterino-rosso-al-naturale-carbone-front.jpg\" \/>\n\t<meta property=\"og:image:width\" content=\"1100\" \/>\n\t<meta property=\"og:image:height\" content=\"1100\" \/>\n\t<meta property=\"og:image:type\" content=\"image\/jpeg\" \/>\n<meta name=\"twitter:card\" content=\"summary_large_image\" \/>\n<meta name=\"twitter:label1\" content=\"Preis\" \/>\n\t<meta name=\"twitter:data1\" content=\"&euro;7,99\" \/>\n\t<meta name=\"twitter:label2\" content=\"Verf\u00fcgbarkeit\" \/>\n\t<meta name=\"twitter:data2\" content=\"Auf Lager\" \/>\n<script type=\"application\/ld+json\" class=\"yoast-schema-graph\">{\"@context\":\"https:\\\/\\\/schema.org\",\"@graph\":[{\"@type\":\"WebPage\",\"@id\":\"https:\\\/\\\/www.saporinostri.it\\\/datterino-rosso-al-naturale-carbone-1-kg\\\/\",\"url\":\"https:\\\/\\\/www.saporinostri.it\\\/datterino-rosso-al-naturale-carbone-1-kg\\\/\",\"name\":\"Datterino Rosso al Naturale Carbone 1 Kg - Sapori Nostri\",\"isPartOf\":{\"@id\":\"https:\\\/\\\/www.saporinostri.it\\\/#website\"},\"primaryImageOfPage\":{\"@id\":\"https:\\\/\\\/www.saporinostri.it\\\/datterino-rosso-al-naturale-carbone-1-kg\\\/#primaryimage\"},\"image\":{\"@id\":\"https:\\\/\\\/www.saporinostri.it\\\/datterino-rosso-al-naturale-carbone-1-kg\\\/#primaryimage\"},\"thumbnailUrl\":\"https:\\\/\\\/www.saporinostri.it\\\/wp-content\\\/uploads\\\/2020\\\/10\\\/datterino-rosso-al-naturale-carbone-front.jpg\",\"datePublished\":\"2020-10-21T17:25:31+00:00\",\"dateModified\":\"2026-05-10T16:28:30+00:00\",\"description\":\"Il datterino rosso \u00e8 frutto di una delle terre pi\u00f9 fertili e ricche di produzioni agroalimentari la Piana del Sele nella provincia di Salerno\",\"breadcrumb\":{\"@id\":\"https:\\\/\\\/www.saporinostri.it\\\/datterino-rosso-al-naturale-carbone-1-kg\\\/#breadcrumb\"},\"inLanguage\":\"de\",\"potentialAction\":[{\"@type\":\"ReadAction\",\"target\":[\"https:\\\/\\\/www.saporinostri.it\\\/datterino-rosso-al-naturale-carbone-1-kg\\\/\"]}]},{\"@type\":\"ImageObject\",\"inLanguage\":\"de\",\"@id\":\"https:\\\/\\\/www.saporinostri.it\\\/datterino-rosso-al-naturale-carbone-1-kg\\\/#primaryimage\",\"url\":\"https:\\\/\\\/www.saporinostri.it\\\/wp-content\\\/uploads\\\/2020\\\/10\\\/datterino-rosso-al-naturale-carbone-front.jpg\",\"contentUrl\":\"https:\\\/\\\/www.saporinostri.it\\\/wp-content\\\/uploads\\\/2020\\\/10\\\/datterino-rosso-al-naturale-carbone-front.jpg\",\"width\":1100,\"height\":1100,\"caption\":\"Datterino Rosso al Naturale Carbone 1 Kg\"},{\"@type\":\"BreadcrumbList\",\"@id\":\"https:\\\/\\\/www.saporinostri.it\\\/datterino-rosso-al-naturale-carbone-1-kg\\\/#breadcrumb\",\"itemListElement\":[{\"@type\":\"ListItem\",\"position\":1,\"name\":\"Home\",\"item\":\"https:\\\/\\\/www.saporinostri.it\\\/\"},{\"@type\":\"ListItem\",\"position\":2,\"name\":\"Shop\",\"item\":\"https:\\\/\\\/www.saporinostri.it\\\/fr\\\/shop\\\/\"},{\"@type\":\"ListItem\",\"position\":3,\"name\":\"Datterino Rosso al Naturale Carbone 1 Kg\"}]},{\"@type\":\"WebSite\",\"@id\":\"https:\\\/\\\/www.saporinostri.it\\\/#website\",\"url\":\"https:\\\/\\\/www.saporinostri.it\\\/\",\"name\":\"Sapori Nostri\",\"description\":\"\",\"publisher\":{\"@id\":\"https:\\\/\\\/www.saporinostri.it\\\/#organization\"},\"potentialAction\":[{\"@type\":\"SearchAction\",\"target\":{\"@type\":\"EntryPoint\",\"urlTemplate\":\"https:\\\/\\\/www.saporinostri.it\\\/?s={search_term_string}\"},\"query-input\":{\"@type\":\"PropertyValueSpecification\",\"valueRequired\":true,\"valueName\":\"search_term_string\"}}],\"inLanguage\":\"de\"},{\"@type\":\"Organization\",\"@id\":\"https:\\\/\\\/www.saporinostri.it\\\/#organization\",\"name\":\"Sapori Nostri\",\"url\":\"https:\\\/\\\/www.saporinostri.it\\\/\",\"logo\":{\"@type\":\"ImageObject\",\"inLanguage\":\"de\",\"@id\":\"https:\\\/\\\/www.saporinostri.it\\\/#\\\/schema\\\/logo\\\/image\\\/\",\"url\":\"https:\\\/\\\/www.saporinostri.it\\\/wp-content\\\/uploads\\\/2020\\\/05\\\/logo-retina.png\",\"contentUrl\":\"https:\\\/\\\/www.saporinostri.it\\\/wp-content\\\/uploads\\\/2020\\\/05\\\/logo-retina.png\",\"width\":500,\"height\":109,\"caption\":\"Sapori Nostri\"},\"image\":{\"@id\":\"https:\\\/\\\/www.saporinostri.it\\\/#\\\/schema\\\/logo\\\/image\\\/\"},\"sameAs\":[\"https:\\\/\\\/www.facebook.com\\\/saporinostri.it\\\/\",\"https:\\\/\\\/www.instagram.com\\\/saporinostri.it\\\/\"]}]}<\/script>\n<meta property=\"product:brand\" content=\"Carbone\" \/>\n<meta property=\"product:price:amount\" content=\"7.99\" \/>\n<meta property=\"product:price:currency\" content=\"EUR\" \/>\n<meta property=\"og:availability\" content=\"instock\" \/>\n<meta property=\"product:availability\" content=\"instock\" \/>\n<meta property=\"product:retailer_item_id\" content=\"8013356092096\" \/>\n<meta property=\"product:condition\" content=\"new\" \/>\n<!-- \/ Yoast SEO Premium plugin. -->","yoast_head_json":{"title":"Datterino Red Datterino in Naturkohle 1 Kg - Unsere Geschmacksrichtungen","description":"Der rote Datterino ist das Ergebnis eines der fruchtbarsten Gebiete, das reich an landwirtschaftlichen Erzeugnissen ist, der Piana del Sele in der Provinz Salerno","robots":{"index":"index","follow":"follow","max-snippet":"max-snippet:-1","max-image-preview":"max-image-preview:large","max-video-preview":"max-video-preview:-1"},"canonical":"https:\/\/www.saporinostri.it\/de\/datterino-rosso-al-naturale-carbone-1-kg\/","og_locale":"de_DE","og_type":"article","og_title":"Datterino Rosso al Naturale Carbone 1 Kg","og_description":"Il datterino rosso \u00e8 frutto di una delle terre pi\u00f9 fertili e ricche di produzioni agroalimentari la Piana del Sele nella provincia di Salerno","og_url":"https:\/\/www.saporinostri.it\/de\/datterino-rosso-al-naturale-carbone-1-kg\/","og_site_name":"Sapori Nostri","article_publisher":"https:\/\/www.facebook.com\/saporinostri.it\/","article_modified_time":"2026-05-10T16:28:30+00:00","og_image":[{"width":1100,"height":1100,"url":"https:\/\/www.saporinostri.it\/wp-content\/uploads\/2020\/10\/datterino-rosso-al-naturale-carbone-front.jpg","type":"image\/jpeg"}],"twitter_card":"summary_large_image","twitter_misc":{"Preis":"&euro;7,99","Verf\u00fcgbarkeit":"Auf Lager"},"schema":{"@context":"https:\/\/schema.org","@graph":[{"@type":"WebPage","@id":"https:\/\/www.saporinostri.it\/datterino-rosso-al-naturale-carbone-1-kg\/","url":"https:\/\/www.saporinostri.it\/datterino-rosso-al-naturale-carbone-1-kg\/","name":"Datterino Red Datterino in Naturkohle 1 Kg - Unsere Geschmacksrichtungen","isPartOf":{"@id":"https:\/\/www.saporinostri.it\/#website"},"primaryImageOfPage":{"@id":"https:\/\/www.saporinostri.it\/datterino-rosso-al-naturale-carbone-1-kg\/#primaryimage"},"image":{"@id":"https:\/\/www.saporinostri.it\/datterino-rosso-al-naturale-carbone-1-kg\/#primaryimage"},"thumbnailUrl":"https:\/\/www.saporinostri.it\/wp-content\/uploads\/2020\/10\/datterino-rosso-al-naturale-carbone-front.jpg","datePublished":"2020-10-21T17:25:31+00:00","dateModified":"2026-05-10T16:28:30+00:00","description":"Der rote Datterino ist das Ergebnis eines der fruchtbarsten Gebiete, das reich an landwirtschaftlichen Erzeugnissen ist, der Piana del Sele in der Provinz Salerno","breadcrumb":{"@id":"https:\/\/www.saporinostri.it\/datterino-rosso-al-naturale-carbone-1-kg\/#breadcrumb"},"inLanguage":"de","potentialAction":[{"@type":"ReadAction","target":["https:\/\/www.saporinostri.it\/datterino-rosso-al-naturale-carbone-1-kg\/"]}]},{"@type":"ImageObject","inLanguage":"de","@id":"https:\/\/www.saporinostri.it\/datterino-rosso-al-naturale-carbone-1-kg\/#primaryimage","url":"https:\/\/www.saporinostri.it\/wp-content\/uploads\/2020\/10\/datterino-rosso-al-naturale-carbone-front.jpg","contentUrl":"https:\/\/www.saporinostri.it\/wp-content\/uploads\/2020\/10\/datterino-rosso-al-naturale-carbone-front.jpg","width":1100,"height":1100,"caption":"Datterino Rosso al Naturale Carbone 1 Kg"},{"@type":"BreadcrumbList","@id":"https:\/\/www.saporinostri.it\/datterino-rosso-al-naturale-carbone-1-kg\/#breadcrumb","itemListElement":[{"@type":"ListItem","position":1,"name":"Home","item":"https:\/\/www.saporinostri.it\/"},{"@type":"ListItem","position":2,"name":"Shop","item":"https:\/\/www.saporinostri.it\/fr\/shop\/"},{"@type":"ListItem","position":3,"name":"Datterino Rosso al Naturale Carbone 1 Kg"}]},{"@type":"WebSite","@id":"https:\/\/www.saporinostri.it\/#website","url":"https:\/\/www.saporinostri.it\/","name":"Sapori Nostri","description":"","publisher":{"@id":"https:\/\/www.saporinostri.it\/#organization"},"potentialAction":[{"@type":"SearchAction","target":{"@type":"EntryPoint","urlTemplate":"https:\/\/www.saporinostri.it\/?s={search_term_string}"},"query-input":{"@type":"PropertyValueSpecification","valueRequired":true,"valueName":"search_term_string"}}],"inLanguage":"de"},{"@type":"Organization","@id":"https:\/\/www.saporinostri.it\/#organization","name":"Sapori Nostri","url":"https:\/\/www.saporinostri.it\/","logo":{"@type":"ImageObject","inLanguage":"de","@id":"https:\/\/www.saporinostri.it\/#\/schema\/logo\/image\/","url":"https:\/\/www.saporinostri.it\/wp-content\/uploads\/2020\/05\/logo-retina.png","contentUrl":"https:\/\/www.saporinostri.it\/wp-content\/uploads\/2020\/05\/logo-retina.png","width":500,"height":109,"caption":"Sapori Nostri"},"image":{"@id":"https:\/\/www.saporinostri.it\/#\/schema\/logo\/image\/"},"sameAs":["https:\/\/www.facebook.com\/saporinostri.it\/","https:\/\/www.instagram.com\/saporinostri.it\/"]}]},"product_brand":"Carbone","product_price_amount":"7.99","product_price_currency":"EUR","og_availability":"instock","product_availability":"instock","product_retailer_item_id":"8013356092096","product_condition":"new"},"jetpack_sharing_enabled":true,"brands":[{"id":413,"name":"Kohle","slug":"carbone"}],"_links":{"self":[{"href":"https:\/\/www.saporinostri.it\/de\/wp-json\/wp\/v2\/product\/4252","targetHints":{"allow":["GET"]}}],"collection":[{"href":"https:\/\/www.saporinostri.it\/de\/wp-json\/wp\/v2\/product"}],"about":[{"href":"https:\/\/www.saporinostri.it\/de\/wp-json\/wp\/v2\/types\/product"}],"replies":[{"embeddable":true,"href":"https:\/\/www.saporinostri.it\/de\/wp-json\/wp\/v2\/comments?post=4252"}],"wp:featuredmedia":[{"embeddable":true,"href":"https:\/\/www.saporinostri.it\/de\/wp-json\/wp\/v2\/media\/4255"}],"wp:attachment":[{"href":"https:\/\/www.saporinostri.it\/de\/wp-json\/wp\/v2\/media?parent=4252"}],"wp:term":[{"taxonomy":"pwb-brand","embeddable":true,"href":"https:\/\/www.saporinostri.it\/de\/wp-json\/wp\/v2\/pwb-brand?post=4252"},{"taxonomy":"product_brand","embeddable":true,"href":"https:\/\/www.saporinostri.it\/de\/wp-json\/wp\/v2\/product_brand?post=4252"},{"taxonomy":"product_cat","embeddable":true,"href":"https:\/\/www.saporinostri.it\/de\/wp-json\/wp\/v2\/product_cat?post=4252"},{"taxonomy":"product_tag","embeddable":true,"href":"https:\/\/www.saporinostri.it\/de\/wp-json\/wp\/v2\/product_tag?post=4252"}],"curies":[{"name":"wp","href":"https:\/\/api.w.org\/{rel}","templated":true}]}}