{"id":20309,"date":"2022-08-29T17:24:56","date_gmt":"2022-08-29T15:24:56","guid":{"rendered":"https:\/\/woocommerce-587295-4567585.cloudwaysapps.com\/?post_type=product&#038;p=20309"},"modified":"2026-01-15T18:16:19","modified_gmt":"2026-01-15T17:16:19","slug":"dolcimeta-di-datterino-giallo-al-naturale-cosi-come-350g","status":"publish","type":"product","link":"https:\/\/www.saporinostri.it\/en\/dolcimeta-di-datterino-giallo-al-naturale-cosi-come-350g\/","title":{"rendered":"Dolcimeta of Yellow Datterino in Natural As is 350g"},"content":{"rendered":"<p style=\"font-size: 1.1em; line-height: 1.3em; color: #333;\">Vegetable preserve of yellow datterino tomatoes cut in half, stabilized by heat treatment.<\/p>","protected":false},"excerpt":{"rendered":"<p style=\"font-size: 1.1em; line-height: 1.3em; color: #333;\">Vegetable preserve of yellow datterino tomatoes cut in half, stabilized by heat treatment.<br \/>\nThe product can be used by consumers of all ages, as it is or after cooking, possibly flavored at will.<\/p>\n<p style=\"font-size: 1.1em; line-height: 1.3em; color: #333;\"><strong>Net weight:<\/strong> 350 g<\/p>","protected":false},"featured_media":20310,"comment_status":"open","ping_status":"closed","template":"","meta":{"_acf_changed":false,"inline_featured_image":false,"wprm-recipe-roundup-name":"","wprm-recipe-roundup-description":"","_monsterinsights_skip_tracking":false,"_monsterinsights_sitenote_active":false,"_monsterinsights_sitenote_note":"","_monsterinsights_sitenote_category":0},"pwb-brand":[428],"product_brand":[],"product_cat":[412,427],"product_tag":[],"class_list":{"0":"post-20309","1":"product","2":"type-product","3":"status-publish","4":"has-post-thumbnail","6":"pwb-brand-cosi-come","7":"product_cat-conserve","8":"product_cat-pomodori","10":"first","11":"instock","12":"sale","13":"taxable","14":"shipping-taxable","15":"purchasable","16":"product-type-simple"},"acf":[],"yoast_head":"<!-- This site is optimized with the Yoast SEO Premium plugin v23.7 (Yoast SEO v27.3) - https:\/\/yoast.com\/product\/yoast-seo-premium-wordpress\/ -->\n<title>Dolcimet\u00e0 di Datterino Giallo al Naturale Cos\u00ec Com&#039;\u00e8 350g - Sapori Nostri<\/title>\n<meta name=\"description\" content=\"Dolcimet\u00e0 di Datterino Giallo al Naturale Cos\u00ec Com&#039;\u00e8, conserva vegetale di pomodorini tagliati a met\u00e0, dolce ed equilibrata\" \/>\n<meta name=\"robots\" content=\"index, follow, max-snippet:-1, max-image-preview:large, max-video-preview:-1\" \/>\n<link rel=\"canonical\" href=\"https:\/\/www.saporinostri.it\/en\/dolcimeta-di-datterino-giallo-al-naturale-cosi-come-350g\/\" \/>\n<meta property=\"og:locale\" content=\"en_US\" \/>\n<meta property=\"og:type\" content=\"article\" \/>\n<meta property=\"og:title\" content=\"Dolcimet\u00e0 di Datterino Giallo al Naturale Cos\u00ec Com&#039;\u00e8 350g\" \/>\n<meta property=\"og:description\" content=\"Dolcimet\u00e0 di Datterino Giallo al Naturale Cos\u00ec Com&#039;\u00e8, conserva vegetale di pomodorini tagliati a met\u00e0, dolce ed equilibrata\" \/>\n<meta property=\"og:url\" content=\"https:\/\/www.saporinostri.it\/en\/dolcimeta-di-datterino-giallo-al-naturale-cosi-come-350g\/\" \/>\n<meta property=\"og:site_name\" content=\"Sapori Nostri\" \/>\n<meta property=\"article:publisher\" content=\"https:\/\/www.facebook.com\/saporinostri.it\/\" \/>\n<meta property=\"article:modified_time\" content=\"2026-01-15T17:16:19+00:00\" \/>\n<meta property=\"og:image\" content=\"https:\/\/www.saporinostri.it\/wp-content\/uploads\/2022\/08\/datterino-giallo-in-acqua-di-mare-cosi-come-350g-front.jpg\" \/>\n\t<meta property=\"og:image:width\" content=\"1500\" \/>\n\t<meta property=\"og:image:height\" content=\"1500\" \/>\n\t<meta property=\"og:image:type\" content=\"image\/jpeg\" \/>\n<meta name=\"twitter:card\" content=\"summary_large_image\" \/>\n<meta name=\"twitter:label1\" content=\"Price\" \/>\n\t<meta name=\"twitter:data1\" content=\"&euro;4,80\" \/>\n\t<meta name=\"twitter:label2\" content=\"Magazzino\" \/>\n\t<meta name=\"twitter:data2\" content=\"In stock\" \/>\n<script type=\"application\/ld+json\" class=\"yoast-schema-graph\">{\"@context\":\"https:\\\/\\\/schema.org\",\"@graph\":[{\"@type\":\"WebPage\",\"@id\":\"https:\\\/\\\/www.saporinostri.it\\\/dolcimeta-di-datterino-giallo-al-naturale-cosi-come-350g\\\/\",\"url\":\"https:\\\/\\\/www.saporinostri.it\\\/dolcimeta-di-datterino-giallo-al-naturale-cosi-come-350g\\\/\",\"name\":\"Dolcimet\u00e0 di Datterino Giallo al Naturale Cos\u00ec Com'\u00e8 350g - Sapori Nostri\",\"isPartOf\":{\"@id\":\"https:\\\/\\\/www.saporinostri.it\\\/#website\"},\"primaryImageOfPage\":{\"@id\":\"https:\\\/\\\/www.saporinostri.it\\\/dolcimeta-di-datterino-giallo-al-naturale-cosi-come-350g\\\/#primaryimage\"},\"image\":{\"@id\":\"https:\\\/\\\/www.saporinostri.it\\\/dolcimeta-di-datterino-giallo-al-naturale-cosi-come-350g\\\/#primaryimage\"},\"thumbnailUrl\":\"https:\\\/\\\/www.saporinostri.it\\\/wp-content\\\/uploads\\\/2022\\\/08\\\/datterino-giallo-in-acqua-di-mare-cosi-come-350g-front.jpg\",\"datePublished\":\"2022-08-29T15:24:56+00:00\",\"dateModified\":\"2026-01-15T17:16:19+00:00\",\"description\":\"Dolcimet\u00e0 di Datterino Giallo al Naturale Cos\u00ec Com'\u00e8, conserva vegetale di pomodorini tagliati a met\u00e0, dolce ed equilibrata\",\"breadcrumb\":{\"@id\":\"https:\\\/\\\/www.saporinostri.it\\\/dolcimeta-di-datterino-giallo-al-naturale-cosi-come-350g\\\/#breadcrumb\"},\"inLanguage\":\"en-US\",\"potentialAction\":[{\"@type\":\"ReadAction\",\"target\":[\"https:\\\/\\\/www.saporinostri.it\\\/dolcimeta-di-datterino-giallo-al-naturale-cosi-come-350g\\\/\"]}]},{\"@type\":\"ImageObject\",\"inLanguage\":\"en-US\",\"@id\":\"https:\\\/\\\/www.saporinostri.it\\\/dolcimeta-di-datterino-giallo-al-naturale-cosi-come-350g\\\/#primaryimage\",\"url\":\"https:\\\/\\\/www.saporinostri.it\\\/wp-content\\\/uploads\\\/2022\\\/08\\\/datterino-giallo-in-acqua-di-mare-cosi-come-350g-front.jpg\",\"contentUrl\":\"https:\\\/\\\/www.saporinostri.it\\\/wp-content\\\/uploads\\\/2022\\\/08\\\/datterino-giallo-in-acqua-di-mare-cosi-come-350g-front.jpg\",\"width\":1500,\"height\":1500,\"caption\":\"Dolcimet\u00e0 di Datterino Giallo al Naturale Cos\u00ec Com'\u00e8 350g\"},{\"@type\":\"BreadcrumbList\",\"@id\":\"https:\\\/\\\/www.saporinostri.it\\\/dolcimeta-di-datterino-giallo-al-naturale-cosi-come-350g\\\/#breadcrumb\",\"itemListElement\":[{\"@type\":\"ListItem\",\"position\":1,\"name\":\"Home\",\"item\":\"https:\\\/\\\/www.saporinostri.it\\\/\"},{\"@type\":\"ListItem\",\"position\":2,\"name\":\"Shop\",\"item\":\"https:\\\/\\\/www.saporinostri.it\\\/fr\\\/shop\\\/\"},{\"@type\":\"ListItem\",\"position\":3,\"name\":\"Dolcimet\u00e0 di Datterino Giallo al Naturale Cos\u00ec Com&#8217;\u00e8 350g\"}]},{\"@type\":\"WebSite\",\"@id\":\"https:\\\/\\\/www.saporinostri.it\\\/#website\",\"url\":\"https:\\\/\\\/www.saporinostri.it\\\/\",\"name\":\"Sapori Nostri\",\"description\":\"\",\"publisher\":{\"@id\":\"https:\\\/\\\/www.saporinostri.it\\\/#organization\"},\"potentialAction\":[{\"@type\":\"SearchAction\",\"target\":{\"@type\":\"EntryPoint\",\"urlTemplate\":\"https:\\\/\\\/www.saporinostri.it\\\/?s={search_term_string}\"},\"query-input\":{\"@type\":\"PropertyValueSpecification\",\"valueRequired\":true,\"valueName\":\"search_term_string\"}}],\"inLanguage\":\"en-US\"},{\"@type\":\"Organization\",\"@id\":\"https:\\\/\\\/www.saporinostri.it\\\/#organization\",\"name\":\"Sapori Nostri\",\"url\":\"https:\\\/\\\/www.saporinostri.it\\\/\",\"logo\":{\"@type\":\"ImageObject\",\"inLanguage\":\"en-US\",\"@id\":\"https:\\\/\\\/www.saporinostri.it\\\/#\\\/schema\\\/logo\\\/image\\\/\",\"url\":\"https:\\\/\\\/www.saporinostri.it\\\/wp-content\\\/uploads\\\/2020\\\/05\\\/logo-retina.png\",\"contentUrl\":\"https:\\\/\\\/www.saporinostri.it\\\/wp-content\\\/uploads\\\/2020\\\/05\\\/logo-retina.png\",\"width\":500,\"height\":109,\"caption\":\"Sapori Nostri\"},\"image\":{\"@id\":\"https:\\\/\\\/www.saporinostri.it\\\/#\\\/schema\\\/logo\\\/image\\\/\"},\"sameAs\":[\"https:\\\/\\\/www.facebook.com\\\/saporinostri.it\\\/\",\"https:\\\/\\\/www.instagram.com\\\/saporinostri.it\\\/\"]}]}<\/script>\n<meta property=\"product:brand\" content=\"Cos\u00ec Com&#039;\u00e8\" \/>\n<meta property=\"product:price:amount\" content=\"4.80\" \/>\n<meta property=\"product:price:currency\" content=\"EUR\" \/>\n<meta property=\"og:availability\" content=\"instock\" \/>\n<meta property=\"product:availability\" content=\"instock\" \/>\n<meta property=\"product:retailer_item_id\" content=\"8017995200089\" \/>\n<meta property=\"product:condition\" content=\"new\" \/>\n<!-- \/ Yoast SEO Premium plugin. -->","yoast_head_json":{"title":"Dolcimeta of Yellow Datterino in Natural As is 350g - Sapori Nostri","description":"Dolcimet\u00e0 di Datterino Giallo al Naturale As it is, vegetable preserves of cherry tomatoes cut in half, sweet and balanced","robots":{"index":"index","follow":"follow","max-snippet":"max-snippet:-1","max-image-preview":"max-image-preview:large","max-video-preview":"max-video-preview:-1"},"canonical":"https:\/\/www.saporinostri.it\/en\/dolcimeta-di-datterino-giallo-al-naturale-cosi-come-350g\/","og_locale":"en_US","og_type":"article","og_title":"Dolcimet\u00e0 di Datterino Giallo al Naturale Cos\u00ec Com'\u00e8 350g","og_description":"Dolcimet\u00e0 di Datterino Giallo al Naturale Cos\u00ec Com'\u00e8, conserva vegetale di pomodorini tagliati a met\u00e0, dolce ed equilibrata","og_url":"https:\/\/www.saporinostri.it\/en\/dolcimeta-di-datterino-giallo-al-naturale-cosi-come-350g\/","og_site_name":"Sapori Nostri","article_publisher":"https:\/\/www.facebook.com\/saporinostri.it\/","article_modified_time":"2026-01-15T17:16:19+00:00","og_image":[{"width":1500,"height":1500,"url":"https:\/\/www.saporinostri.it\/wp-content\/uploads\/2022\/08\/datterino-giallo-in-acqua-di-mare-cosi-come-350g-front.jpg","type":"image\/jpeg"}],"twitter_card":"summary_large_image","twitter_misc":{"Price":"&euro;4,80","Magazzino":"In stock"},"schema":{"@context":"https:\/\/schema.org","@graph":[{"@type":"WebPage","@id":"https:\/\/www.saporinostri.it\/dolcimeta-di-datterino-giallo-al-naturale-cosi-come-350g\/","url":"https:\/\/www.saporinostri.it\/dolcimeta-di-datterino-giallo-al-naturale-cosi-come-350g\/","name":"Dolcimeta of Yellow Datterino in Natural As is 350g - Sapori Nostri","isPartOf":{"@id":"https:\/\/www.saporinostri.it\/#website"},"primaryImageOfPage":{"@id":"https:\/\/www.saporinostri.it\/dolcimeta-di-datterino-giallo-al-naturale-cosi-come-350g\/#primaryimage"},"image":{"@id":"https:\/\/www.saporinostri.it\/dolcimeta-di-datterino-giallo-al-naturale-cosi-come-350g\/#primaryimage"},"thumbnailUrl":"https:\/\/www.saporinostri.it\/wp-content\/uploads\/2022\/08\/datterino-giallo-in-acqua-di-mare-cosi-come-350g-front.jpg","datePublished":"2022-08-29T15:24:56+00:00","dateModified":"2026-01-15T17:16:19+00:00","description":"Dolcimet\u00e0 di Datterino Giallo al Naturale As it is, vegetable preserves of cherry tomatoes cut in half, sweet and balanced","breadcrumb":{"@id":"https:\/\/www.saporinostri.it\/dolcimeta-di-datterino-giallo-al-naturale-cosi-come-350g\/#breadcrumb"},"inLanguage":"en-US","potentialAction":[{"@type":"ReadAction","target":["https:\/\/www.saporinostri.it\/dolcimeta-di-datterino-giallo-al-naturale-cosi-come-350g\/"]}]},{"@type":"ImageObject","inLanguage":"en-US","@id":"https:\/\/www.saporinostri.it\/dolcimeta-di-datterino-giallo-al-naturale-cosi-come-350g\/#primaryimage","url":"https:\/\/www.saporinostri.it\/wp-content\/uploads\/2022\/08\/datterino-giallo-in-acqua-di-mare-cosi-come-350g-front.jpg","contentUrl":"https:\/\/www.saporinostri.it\/wp-content\/uploads\/2022\/08\/datterino-giallo-in-acqua-di-mare-cosi-come-350g-front.jpg","width":1500,"height":1500,"caption":"Dolcimet\u00e0 di Datterino Giallo al Naturale Cos\u00ec Com'\u00e8 350g"},{"@type":"BreadcrumbList","@id":"https:\/\/www.saporinostri.it\/dolcimeta-di-datterino-giallo-al-naturale-cosi-come-350g\/#breadcrumb","itemListElement":[{"@type":"ListItem","position":1,"name":"Home","item":"https:\/\/www.saporinostri.it\/"},{"@type":"ListItem","position":2,"name":"Shop","item":"https:\/\/www.saporinostri.it\/fr\/shop\/"},{"@type":"ListItem","position":3,"name":"Dolcimet\u00e0 di Datterino Giallo al Naturale Cos\u00ec Com&#8217;\u00e8 350g"}]},{"@type":"WebSite","@id":"https:\/\/www.saporinostri.it\/#website","url":"https:\/\/www.saporinostri.it\/","name":"Sapori Nostri","description":"","publisher":{"@id":"https:\/\/www.saporinostri.it\/#organization"},"potentialAction":[{"@type":"SearchAction","target":{"@type":"EntryPoint","urlTemplate":"https:\/\/www.saporinostri.it\/?s={search_term_string}"},"query-input":{"@type":"PropertyValueSpecification","valueRequired":true,"valueName":"search_term_string"}}],"inLanguage":"en-US"},{"@type":"Organization","@id":"https:\/\/www.saporinostri.it\/#organization","name":"Sapori Nostri","url":"https:\/\/www.saporinostri.it\/","logo":{"@type":"ImageObject","inLanguage":"en-US","@id":"https:\/\/www.saporinostri.it\/#\/schema\/logo\/image\/","url":"https:\/\/www.saporinostri.it\/wp-content\/uploads\/2020\/05\/logo-retina.png","contentUrl":"https:\/\/www.saporinostri.it\/wp-content\/uploads\/2020\/05\/logo-retina.png","width":500,"height":109,"caption":"Sapori Nostri"},"image":{"@id":"https:\/\/www.saporinostri.it\/#\/schema\/logo\/image\/"},"sameAs":["https:\/\/www.facebook.com\/saporinostri.it\/","https:\/\/www.instagram.com\/saporinostri.it\/"]}]},"product_brand":"Cos\u00ec Com'\u00e8","product_price_amount":"4.80","product_price_currency":"EUR","og_availability":"instock","product_availability":"instock","product_retailer_item_id":"8017995200089","product_condition":"new"},"jetpack_sharing_enabled":true,"brands":[{"id":428,"name":"As well as","slug":"cosi-come"}],"_links":{"self":[{"href":"https:\/\/www.saporinostri.it\/en\/wp-json\/wp\/v2\/product\/20309","targetHints":{"allow":["GET"]}}],"collection":[{"href":"https:\/\/www.saporinostri.it\/en\/wp-json\/wp\/v2\/product"}],"about":[{"href":"https:\/\/www.saporinostri.it\/en\/wp-json\/wp\/v2\/types\/product"}],"replies":[{"embeddable":true,"href":"https:\/\/www.saporinostri.it\/en\/wp-json\/wp\/v2\/comments?post=20309"}],"wp:featuredmedia":[{"embeddable":true,"href":"https:\/\/www.saporinostri.it\/en\/wp-json\/wp\/v2\/media\/20310"}],"wp:attachment":[{"href":"https:\/\/www.saporinostri.it\/en\/wp-json\/wp\/v2\/media?parent=20309"}],"wp:term":[{"taxonomy":"pwb-brand","embeddable":true,"href":"https:\/\/www.saporinostri.it\/en\/wp-json\/wp\/v2\/pwb-brand?post=20309"},{"taxonomy":"product_brand","embeddable":true,"href":"https:\/\/www.saporinostri.it\/en\/wp-json\/wp\/v2\/product_brand?post=20309"},{"taxonomy":"product_cat","embeddable":true,"href":"https:\/\/www.saporinostri.it\/en\/wp-json\/wp\/v2\/product_cat?post=20309"},{"taxonomy":"product_tag","embeddable":true,"href":"https:\/\/www.saporinostri.it\/en\/wp-json\/wp\/v2\/product_tag?post=20309"}],"curies":[{"name":"wp","href":"https:\/\/api.w.org\/{rel}","templated":true}]}}