{"id":4272,"date":"2020-10-22T09:24:27","date_gmt":"2020-10-22T07:24:27","guid":{"rendered":"https:\/\/woocommerce-587295-4567585.cloudwaysapps.com\/?post_type=product&#038;p=4272"},"modified":"2025-10-14T12:52:23","modified_gmt":"2025-10-14T10:52:23","slug":"datterino-giallo-al-naturale-carbone-1-kg","status":"publish","type":"product","link":"https:\/\/www.saporinostri.it\/en\/datterino-giallo-al-naturale-carbone-1-kg\/","title":{"rendered":"Yellow Datterino in Natural Carbon 1kg"},"content":{"rendered":"<div id=\"main-product-wrapper\" class=\"product-container\">\n<div class=\"tabs product-tabs\">\n<div id=\"product-infos-tabs-content\" class=\"tab-content\">\n<div id=\"description\" class=\"tab-pane in active\">\n<div class=\"product-description\">\n<div class=\"rte-content\">Il pomodorino datterino giallo, al contrario di quanto si possa pensare \u00e8 il progenitore del pomodoro che conosciamo noi oggi. I primi coltivatori di pomodoro furono gli indigeni americani che ne facevano un largo ed immenso consumo e che pensavano che le bacche gialle avessero un potere afrodisiaco. La pianta venne poi esportata in Spagna ad uso ornamentale, ma \u00e8 proprio da l\u00ec che gli italiani ne presero il nome \u201cpomo d\u2019oro\u201d per utilizzarne il frutto che \u00e8 oggi sulle nostre tavole. Il datterino giallo ha un sapore dolce e si caratterizza per la totale assenza di acidit\u00e0. Alla raccolta si presenta in grappoli regolari di 14-16 frutti, di forma cilindrica non ben definita ed uniforme. \u00c8 ricco di sostanze dall\u2019elevato potere antiossidante capaci di neutralizzare i radicali liberi. Contiene anche vitamina C, A e vitamine del gruppo B. Proprio perch\u00e9, rispetto al pomodoro classico, non presenta acidit\u00e0, \u00e8 largamente utilizzato nelle ricette a base di pesce e frutti di mare e per farcire la pizza<\/div>\n<\/div>\n<\/div>\n<div id=\"product-details-tab\" class=\"tab-pane \">\n<div id=\"product-details\" class=\"clearfix\" data-product=\"{&quot;id_shop_default&quot;:&quot;1&quot;,&quot;id_manufacturer&quot;:&quot;581&quot;,&quot;id_supplier&quot;:&quot;1&quot;,&quot;reference&quot;:&quot;14961&quot;,&quot;is_virtual&quot;:&quot;0&quot;,&quot;delivery_in_stock&quot;:&quot;&quot;,&quot;delivery_out_stock&quot;:&quot;&quot;,&quot;id_category_default&quot;:&quot;1180&quot;,&quot;on_sale&quot;:&quot;0&quot;,&quot;online_only&quot;:&quot;0&quot;,&quot;ecotax&quot;:&quot;0.000000&quot;,&quot;minimal_quantity&quot;:&quot;1&quot;,&quot;low_stock_threshold&quot;:null,&quot;low_stock_alert&quot;:&quot;0&quot;,&quot;price&quot;:&quot;7,70\\u00a0\\u20ac&quot;,&quot;unity&quot;:&quot;&quot;,&quot;unit_price_ratio&quot;:&quot;0.000000&quot;,&quot;additional_shipping_cost&quot;:&quot;0.000000&quot;,&quot;customizable&quot;:&quot;0&quot;,&quot;text_fields&quot;:&quot;0&quot;,&quot;uploadable_files&quot;:&quot;0&quot;,&quot;redirect_type&quot;:&quot;404&quot;,&quot;id_type_redirected&quot;:&quot;0&quot;,&quot;available_for_order&quot;:&quot;1&quot;,&quot;available_date&quot;:&quot;0000-00-00&quot;,&quot;show_condition&quot;:&quot;0&quot;,&quot;condition&quot;:&quot;new&quot;,&quot;show_price&quot;:&quot;1&quot;,&quot;indexed&quot;:&quot;1&quot;,&quot;visibility&quot;:&quot;both&quot;,&quot;cache_default_attribute&quot;:&quot;0&quot;,&quot;advanced_stock_management&quot;:&quot;0&quot;,&quot;date_add&quot;:&quot;2020-08-27 18:19:18&quot;,&quot;date_upd&quot;:&quot;2025-06-05 12:56:01&quot;,&quot;pack_stock_type&quot;:&quot;3&quot;,&quot;meta_description&quot;:&quot;Stai cercando Datterino Giallo al Naturale 1062ml Carbone? Entra in Casillowine.com Datterino Giallo al Naturale 1062ml Carbone Spezie, Conserve e Confetture e scopri tutte le nostre offerte!&quot;,&quot;meta_keywords&quot;:&quot;&quot;,&quot;meta_title&quot;:&quot;Datterino Giallo al Naturale 1062ml Carbone - Spezie, Conserve e Confetture | Casillowine.com Shop Online&quot;,&quot;link_rewrite&quot;:&quot;datterino-giallo-al-naturale-1062ml-carbone&quot;,&quot;name&quot;:&quot;Datterino Giallo al Naturale 1062ml Carbone&quot;,&quot;description&quot;:&quot;Il pomodorino datterino giallo, al contrario di quanto si possa pensare \\u00e8 il progenitore del pomodoro che conosciamo noi oggi. I primi coltivatori di pomodoro furono gli indigeni americani che ne facevano un largo ed immenso consumo e che pensavano che le bacche gialle avessero un potere afrodisiaco. La pianta venne poi esportata in Spagna ad uso ornamentale, ma \\u00e8 proprio da l\\u00ec che gli italiani ne presero il nome \\u201cpomo d\\u2019oro\\u201d per utilizzarne il frutto che \\u00e8 oggi sulle nostre tavole. Il datterino giallo ha un sapore dolce e si caratterizza per la totale assenza di acidit\\u00e0. Alla raccolta si presenta in grappoli regolari di 14-16 frutti, di forma cilindrica non ben definita ed uniforme. \\u00c8 ricco di sostanze dall\\u2019elevato potere antiossidante capaci di neutralizzare i radicali liberi. Contiene anche vitamina C, A e vitamine del gruppo B. Proprio perch\\u00e9, rispetto al pomodoro classico, non presenta acidit\\u00e0, \\u00e8 largamente utilizzato nelle ricette a base di pesce e frutti di mare e per farcire la pizza&quot;,&quot;description_short&quot;:&quot;&lt;p&gt;&lt;strong&gt;SCHEDA TECNICA&lt;\\\/strong&gt;&lt;\\\/p&gt;\\r\\n&lt;p&gt;Tipologia: Conserve&lt;\\\/p&gt;\\r\\n&lt;p&gt;Produttore: Carbone Conserve&lt;\\\/p&gt;\\r\\n&lt;p&gt;Provenienza: Italia&lt;\\\/p&gt;\\r\\n&lt;p&gt;Formato: ml 1062&lt;\\\/p&gt;\\r\\n&lt;p&gt;Unit\\u00e0 di vendita: Confezione da 6 pezzi&lt;\\\/p&gt;\\r\\n&lt;p&gt;Il prezzo \\u00e8 riferito a singolo pezzo&lt;\\\/p&gt;&quot;,&quot;available_now&quot;:&quot;&quot;,&quot;available_later&quot;:&quot;&quot;,&quot;id&quot;:10057,&quot;id_product&quot;:10057,&quot;out_of_stock&quot;:2,&quot;new&quot;:0,&quot;id_product_attribute&quot;:&quot;0&quot;,&quot;quantity_wanted&quot;:1,&quot;extraContent&quot;:[],&quot;allow_oosp&quot;:0,&quot;category&quot;:&quot;spezie-conserve-e-confetture&quot;,&quot;category_name&quot;:&quot;Spezie, Conserve e Confetture&quot;,&quot;link&quot;:&quot;https:\\\/\\\/www.casillowine.com\\\/it\\\/spezie-conserve-e-confetture\\\/datterino-giallo-al-naturale-1062ml-carbone.html&quot;,&quot;attribute_price&quot;:0,&quot;price_tax_exc&quot;:7,&quot;price_without_reduction&quot;:7.70000000000000017763568394002504646778106689453125,&quot;reduction&quot;:0,&quot;specific_prices&quot;:[],&quot;quantity&quot;:86,&quot;quantity_all_versions&quot;:86,&quot;id_image&quot;:&quot;it-default&quot;,&quot;features&quot;:{&quot;31&quot;:{&quot;values&quot;:[&quot;6&quot;],&quot;name&quot;:null,&quot;id_feature&quot;:&quot;31&quot;,&quot;value&quot;:&quot;6&quot;},&quot;8&quot;:{&quot;values&quot;:[&quot;1 PZ&quot;],&quot;name&quot;:&quot;Unit\\u00e0 di vendita&quot;,&quot;id_feature&quot;:&quot;8&quot;,&quot;value&quot;:&quot;1 PZ&quot;},&quot;9&quot;:{&quot;values&quot;:[&quot;6 CF&quot;],&quot;name&quot;:&quot;Confezione di vendita&quot;,&quot;id_feature&quot;:&quot;9&quot;,&quot;value&quot;:&quot;6 CF&quot;},&quot;20&quot;:{&quot;values&quot;:[&quot;Italia&quot;],&quot;name&quot;:&quot;Nazione&quot;,&quot;id_feature&quot;:&quot;20&quot;,&quot;value&quot;:&quot;Italia&quot;},&quot;21&quot;:{&quot;values&quot;:[&quot;Campania&quot;],&quot;name&quot;:&quot;Regione&quot;,&quot;id_feature&quot;:&quot;21&quot;,&quot;value&quot;:&quot;Campania&quot;},&quot;23&quot;:{&quot;values&quot;:[&quot;ml 1062&quot;],&quot;name&quot;:&quot;Formato&quot;,&quot;id_feature&quot;:&quot;23&quot;,&quot;value&quot;:&quot;ml 1062&quot;}},&quot;attachments&quot;:[],&quot;virtual&quot;:0,&quot;pack&quot;:0,&quot;packItems&quot;:[],&quot;nopackprice&quot;:0,&quot;customization_required&quot;:false,&quot;rate&quot;:10,&quot;tax_name&quot;:&quot;IVA IT 10%&quot;,&quot;ecotax_rate&quot;:0,&quot;unit_price&quot;:&quot;&quot;,&quot;customizations&quot;:{&quot;fields&quot;:[]},&quot;id_customization&quot;:0,&quot;is_customizable&quot;:false,&quot;show_quantities&quot;:true,&quot;quantity_label&quot;:&quot;Articoli&quot;,&quot;quantity_discounts&quot;:[],&quot;customer_group_discount&quot;:0,&quot;images&quot;:[{&quot;bySize&quot;:{&quot;cart_default&quot;:{&quot;url&quot;:&quot;https:\\\/\\\/www.casillowine.com\\\/17203-cart_default\\\/datterino-giallo-al-naturale-1062ml-carbone.jpg&quot;,&quot;width&quot;:125,&quot;height&quot;:125},&quot;small_default&quot;:{&quot;url&quot;:&quot;https:\\\/\\\/www.casillowine.com\\\/17203-small_default\\\/datterino-giallo-al-naturale-1062ml-carbone.jpg&quot;,&quot;width&quot;:125,&quot;height&quot;:125},&quot;home_default&quot;:{&quot;url&quot;:&quot;https:\\\/\\\/www.casillowine.com\\\/17203-home_default\\\/datterino-giallo-al-naturale-1062ml-carbone.jpg&quot;,&quot;width&quot;:300,&quot;height&quot;:300},&quot;medium_default&quot;:{&quot;url&quot;:&quot;https:\\\/\\\/www.casillowine.com\\\/17203-medium_default\\\/datterino-giallo-al-naturale-1062ml-carbone.jpg&quot;,&quot;width&quot;:450,&quot;height&quot;:450},&quot;large_default&quot;:{&quot;url&quot;:&quot;https:\\\/\\\/www.casillowine.com\\\/17203-large_default\\\/datterino-giallo-al-naturale-1062ml-carbone.jpg&quot;,&quot;width&quot;:500,&quot;height&quot;:500},&quot;thickbox_default&quot;:{&quot;url&quot;:&quot;https:\\\/\\\/www.casillowine.com\\\/17203-thickbox_default\\\/datterino-giallo-al-naturale-1062ml-carbone.jpg&quot;,&quot;width&quot;:1250,&quot;height&quot;:1250}},&quot;small&quot;:{&quot;url&quot;:&quot;https:\\\/\\\/www.casillowine.com\\\/17203-cart_default\\\/datterino-giallo-al-naturale-1062ml-carbone.jpg&quot;,&quot;width&quot;:125,&quot;height&quot;:125},&quot;medium&quot;:{&quot;url&quot;:&quot;https:\\\/\\\/www.casillowine.com\\\/17203-medium_default\\\/datterino-giallo-al-naturale-1062ml-carbone.jpg&quot;,&quot;width&quot;:450,&quot;height&quot;:450},&quot;large&quot;:{&quot;url&quot;:&quot;https:\\\/\\\/www.casillowine.com\\\/17203-thickbox_default\\\/datterino-giallo-al-naturale-1062ml-carbone.jpg&quot;,&quot;width&quot;:1250,&quot;height&quot;:1250},&quot;legend&quot;:&quot;&quot;,&quot;id_image&quot;:&quot;17203&quot;,&quot;cover&quot;:&quot;1&quot;,&quot;position&quot;:&quot;1&quot;,&quot;associatedVariants&quot;:[]}],&quot;cover&quot;:{&quot;bySize&quot;:{&quot;cart_default&quot;:{&quot;url&quot;:&quot;https:\\\/\\\/www.casillowine.com\\\/17203-cart_default\\\/datterino-giallo-al-naturale-1062ml-carbone.jpg&quot;,&quot;width&quot;:125,&quot;height&quot;:125},&quot;small_default&quot;:{&quot;url&quot;:&quot;https:\\\/\\\/www.casillowine.com\\\/17203-small_default\\\/datterino-giallo-al-naturale-1062ml-carbone.jpg&quot;,&quot;width&quot;:125,&quot;height&quot;:125},&quot;home_default&quot;:{&quot;url&quot;:&quot;https:\\\/\\\/www.casillowine.com\\\/17203-home_default\\\/datterino-giallo-al-naturale-1062ml-carbone.jpg&quot;,&quot;width&quot;:300,&quot;height&quot;:300},&quot;medium_default&quot;:{&quot;url&quot;:&quot;https:\\\/\\\/www.casillowine.com\\\/17203-medium_default\\\/datterino-giallo-al-naturale-1062ml-carbone.jpg&quot;,&quot;width&quot;:450,&quot;height&quot;:450},&quot;large_default&quot;:{&quot;url&quot;:&quot;https:\\\/\\\/www.casillowine.com\\\/17203-large_default\\\/datterino-giallo-al-naturale-1062ml-carbone.jpg&quot;,&quot;width&quot;:500,&quot;height&quot;:500},&quot;thickbox_default&quot;:{&quot;url&quot;:&quot;https:\\\/\\\/www.casillowine.com\\\/17203-thickbox_default\\\/datterino-giallo-al-naturale-1062ml-carbone.jpg&quot;,&quot;width&quot;:1250,&quot;height&quot;:1250}},&quot;small&quot;:{&quot;url&quot;:&quot;https:\\\/\\\/www.casillowine.com\\\/17203-cart_default\\\/datterino-giallo-al-naturale-1062ml-carbone.jpg&quot;,&quot;width&quot;:125,&quot;height&quot;:125},&quot;medium&quot;:{&quot;url&quot;:&quot;https:\\\/\\\/www.casillowine.com\\\/17203-medium_default\\\/datterino-giallo-al-naturale-1062ml-carbone.jpg&quot;,&quot;width&quot;:450,&quot;height&quot;:450},&quot;large&quot;:{&quot;url&quot;:&quot;https:\\\/\\\/www.casillowine.com\\\/17203-thickbox_default\\\/datterino-giallo-al-naturale-1062ml-carbone.jpg&quot;,&quot;width&quot;:1250,&quot;height&quot;:1250},&quot;legend&quot;:&quot;&quot;,&quot;id_image&quot;:&quot;17203&quot;,&quot;cover&quot;:&quot;1&quot;,&quot;position&quot;:&quot;1&quot;,&quot;associatedVariants&quot;:[]},&quot;has_discount&quot;:false,&quot;discount_type&quot;:null,&quot;discount_percentage&quot;:null,&quot;discount_percentage_absolute&quot;:null,&quot;discount_amount&quot;:null,&quot;discount_amount_to_display&quot;:null,&quot;price_amount&quot;:7.70000000000000017763568394002504646778106689453125,&quot;unit_price_full&quot;:&quot;&quot;,&quot;show_availability&quot;:true,&quot;availability_date&quot;:null,&quot;availability_message&quot;:&quot;&quot;,&quot;availability&quot;:&quot;available&quot;}\">\n<section class=\"product-features\">\n<dl class=\"data-sheet\">\n<dt class=\"name\"><\/dt>\n<dd class=\"value\"><\/dd>\n<dt class=\"name\"><\/dt>\n<dd class=\"value\"><\/dd>\n<dt class=\"name\"><\/dt>\n<dd class=\"value\"><\/dd>\n<dt class=\"name\"><\/dt>\n<dd class=\"value\"><\/dd>\n<dt class=\"name\"><\/dt>\n<dd class=\"value\"><\/dd>\n<\/dl>\n<\/section>\n<div class=\"product-out-of-stock\"><\/div>\n<\/div>\n<\/div>\n<\/div>\n<\/div>\n<div id=\"product-infos-accordion-mobile\" class=\"iqit-accordion\" role=\"tablist\" aria-multiselectable=\"true\"><\/div>\n<\/div>\n<section class=\"crossselling-products block block-section\"><\/section>\n","protected":false},"excerpt":{"rendered":"<p style=\"font-size: 1.1em; line-height: 1.3em; color: #333;\">The yellow datterino tomato, contrary to what one might think, is the progenitor of the tomato we know today. The first tomato growers were the American natives who consumed it widely and immensely and who thought that the yellow berries had an aphrodisiac power.<\/p>\n<p style=\"font-size: 1.1em; line-height: 1.4em; color: #333;\"><strong style=\"margin-top: 20px;\">Drained Weight:<\/strong> 620 g<br \/>\n<strong>Net weight:<\/strong> 1000 g<\/p>","protected":false},"featured_media":33877,"comment_status":"open","ping_status":"closed","template":"","meta":{"_acf_changed":false,"inline_featured_image":false,"wprm-recipe-roundup-name":"","wprm-recipe-roundup-description":"","_monsterinsights_skip_tracking":false,"_monsterinsights_sitenote_active":false,"_monsterinsights_sitenote_note":"","_monsterinsights_sitenote_category":0},"pwb-brand":[413],"product_brand":[],"product_cat":[412,427],"product_tag":[],"class_list":{"0":"post-4272","1":"product","2":"type-product","3":"status-publish","4":"has-post-thumbnail","6":"pwb-brand-carbone","7":"product_cat-conserve","8":"product_cat-pomodori","10":"first","11":"instock","12":"sale","13":"taxable","14":"shipping-taxable","15":"purchasable","16":"product-type-simple"},"acf":[],"yoast_head":"<!-- This site is optimized with the Yoast SEO Premium plugin v23.7 (Yoast SEO v27.5) - https:\/\/yoast.com\/product\/yoast-seo-premium-wordpress\/ -->\n<title>Datterino Giallo al Naturale Carbone 1kg - Sapori Nostri<\/title>\n<meta name=\"description\" content=\"Il pomodorino datterino giallo, al contrario di quanto si possa pensare \u00e8 il progenitore del pomodoro che conosciamo noi oggi.\" \/>\n<meta name=\"robots\" content=\"index, follow, max-snippet:-1, max-image-preview:large, max-video-preview:-1\" \/>\n<link rel=\"canonical\" href=\"https:\/\/www.saporinostri.it\/en\/datterino-giallo-al-naturale-carbone-1-kg\/\" \/>\n<meta property=\"og:locale\" content=\"en_US\" \/>\n<meta property=\"og:type\" content=\"article\" \/>\n<meta property=\"og:title\" content=\"Datterino Giallo al Naturale Carbone 1kg\" \/>\n<meta property=\"og:description\" content=\"Il pomodorino datterino giallo, al contrario di quanto si possa pensare \u00e8 il progenitore del pomodoro che conosciamo noi oggi.\" \/>\n<meta property=\"og:url\" content=\"https:\/\/www.saporinostri.it\/en\/datterino-giallo-al-naturale-carbone-1-kg\/\" \/>\n<meta property=\"og:site_name\" content=\"Sapori Nostri\" \/>\n<meta property=\"article:publisher\" content=\"https:\/\/www.facebook.com\/saporinostri.it\/\" \/>\n<meta property=\"article:modified_time\" content=\"2025-10-14T10:52:23+00:00\" \/>\n<meta property=\"og:image\" content=\"https:\/\/www.saporinostri.it\/wp-content\/uploads\/2020\/10\/datterino-giallo-600x600-1.webp\" \/>\n\t<meta property=\"og:image:width\" content=\"600\" \/>\n\t<meta property=\"og:image:height\" content=\"600\" \/>\n\t<meta property=\"og:image:type\" content=\"image\/webp\" \/>\n<meta name=\"twitter:card\" content=\"summary_large_image\" \/>\n<meta name=\"twitter:label1\" content=\"Price\" \/>\n\t<meta name=\"twitter:data1\" content=\"&euro;8,99\" \/>\n\t<meta name=\"twitter:label2\" content=\"Magazzino\" \/>\n\t<meta name=\"twitter:data2\" content=\"In stock\" \/>\n<script type=\"application\/ld+json\" class=\"yoast-schema-graph\">{\"@context\":\"https:\\\/\\\/schema.org\",\"@graph\":[{\"@type\":\"WebPage\",\"@id\":\"https:\\\/\\\/www.saporinostri.it\\\/datterino-giallo-al-naturale-carbone-1-kg\\\/\",\"url\":\"https:\\\/\\\/www.saporinostri.it\\\/datterino-giallo-al-naturale-carbone-1-kg\\\/\",\"name\":\"Datterino Giallo al Naturale Carbone 1kg - Sapori Nostri\",\"isPartOf\":{\"@id\":\"https:\\\/\\\/www.saporinostri.it\\\/#website\"},\"primaryImageOfPage\":{\"@id\":\"https:\\\/\\\/www.saporinostri.it\\\/datterino-giallo-al-naturale-carbone-1-kg\\\/#primaryimage\"},\"image\":{\"@id\":\"https:\\\/\\\/www.saporinostri.it\\\/datterino-giallo-al-naturale-carbone-1-kg\\\/#primaryimage\"},\"thumbnailUrl\":\"https:\\\/\\\/www.saporinostri.it\\\/wp-content\\\/uploads\\\/2020\\\/10\\\/datterino-giallo-600x600-1.webp\",\"datePublished\":\"2020-10-22T07:24:27+00:00\",\"dateModified\":\"2025-10-14T10:52:23+00:00\",\"description\":\"Il pomodorino datterino giallo, al contrario di quanto si possa pensare \u00e8 il progenitore del pomodoro che conosciamo noi oggi.\",\"breadcrumb\":{\"@id\":\"https:\\\/\\\/www.saporinostri.it\\\/datterino-giallo-al-naturale-carbone-1-kg\\\/#breadcrumb\"},\"inLanguage\":\"en-US\",\"potentialAction\":[{\"@type\":\"ReadAction\",\"target\":[\"https:\\\/\\\/www.saporinostri.it\\\/datterino-giallo-al-naturale-carbone-1-kg\\\/\"]}]},{\"@type\":\"ImageObject\",\"inLanguage\":\"en-US\",\"@id\":\"https:\\\/\\\/www.saporinostri.it\\\/datterino-giallo-al-naturale-carbone-1-kg\\\/#primaryimage\",\"url\":\"https:\\\/\\\/www.saporinostri.it\\\/wp-content\\\/uploads\\\/2020\\\/10\\\/datterino-giallo-600x600-1.webp\",\"contentUrl\":\"https:\\\/\\\/www.saporinostri.it\\\/wp-content\\\/uploads\\\/2020\\\/10\\\/datterino-giallo-600x600-1.webp\",\"width\":600,\"height\":600},{\"@type\":\"BreadcrumbList\",\"@id\":\"https:\\\/\\\/www.saporinostri.it\\\/datterino-giallo-al-naturale-carbone-1-kg\\\/#breadcrumb\",\"itemListElement\":[{\"@type\":\"ListItem\",\"position\":1,\"name\":\"Home\",\"item\":\"https:\\\/\\\/www.saporinostri.it\\\/\"},{\"@type\":\"ListItem\",\"position\":2,\"name\":\"Shop\",\"item\":\"https:\\\/\\\/www.saporinostri.it\\\/fr\\\/shop\\\/\"},{\"@type\":\"ListItem\",\"position\":3,\"name\":\"Datterino Giallo al Naturale Carbone 1kg\"}]},{\"@type\":\"WebSite\",\"@id\":\"https:\\\/\\\/www.saporinostri.it\\\/#website\",\"url\":\"https:\\\/\\\/www.saporinostri.it\\\/\",\"name\":\"Sapori Nostri\",\"description\":\"\",\"publisher\":{\"@id\":\"https:\\\/\\\/www.saporinostri.it\\\/#organization\"},\"potentialAction\":[{\"@type\":\"SearchAction\",\"target\":{\"@type\":\"EntryPoint\",\"urlTemplate\":\"https:\\\/\\\/www.saporinostri.it\\\/?s={search_term_string}\"},\"query-input\":{\"@type\":\"PropertyValueSpecification\",\"valueRequired\":true,\"valueName\":\"search_term_string\"}}],\"inLanguage\":\"en-US\"},{\"@type\":\"Organization\",\"@id\":\"https:\\\/\\\/www.saporinostri.it\\\/#organization\",\"name\":\"Sapori Nostri\",\"url\":\"https:\\\/\\\/www.saporinostri.it\\\/\",\"logo\":{\"@type\":\"ImageObject\",\"inLanguage\":\"en-US\",\"@id\":\"https:\\\/\\\/www.saporinostri.it\\\/#\\\/schema\\\/logo\\\/image\\\/\",\"url\":\"https:\\\/\\\/www.saporinostri.it\\\/wp-content\\\/uploads\\\/2020\\\/05\\\/logo-retina.png\",\"contentUrl\":\"https:\\\/\\\/www.saporinostri.it\\\/wp-content\\\/uploads\\\/2020\\\/05\\\/logo-retina.png\",\"width\":500,\"height\":109,\"caption\":\"Sapori Nostri\"},\"image\":{\"@id\":\"https:\\\/\\\/www.saporinostri.it\\\/#\\\/schema\\\/logo\\\/image\\\/\"},\"sameAs\":[\"https:\\\/\\\/www.facebook.com\\\/saporinostri.it\\\/\",\"https:\\\/\\\/www.instagram.com\\\/saporinostri.it\\\/\"]}]}<\/script>\n<meta property=\"product:brand\" content=\"Carbone\" \/>\n<meta property=\"product:price:amount\" content=\"8.99\" \/>\n<meta property=\"product:price:currency\" content=\"EUR\" \/>\n<meta property=\"og:availability\" content=\"instock\" \/>\n<meta property=\"product:availability\" content=\"instock\" \/>\n<meta property=\"product:retailer_item_id\" content=\"8013356092102\" \/>\n<meta property=\"product:condition\" content=\"new\" \/>\n<!-- \/ Yoast SEO Premium plugin. -->","yoast_head_json":{"title":"Natural Yellow Datterino Carbone 1kg - Sapori Nostri","description":"The yellow datterino tomato, contrary to what one might think, is the progenitor of the tomato we know today.","robots":{"index":"index","follow":"follow","max-snippet":"max-snippet:-1","max-image-preview":"max-image-preview:large","max-video-preview":"max-video-preview:-1"},"canonical":"https:\/\/www.saporinostri.it\/en\/datterino-giallo-al-naturale-carbone-1-kg\/","og_locale":"en_US","og_type":"article","og_title":"Datterino Giallo al Naturale Carbone 1kg","og_description":"Il pomodorino datterino giallo, al contrario di quanto si possa pensare \u00e8 il progenitore del pomodoro che conosciamo noi oggi.","og_url":"https:\/\/www.saporinostri.it\/en\/datterino-giallo-al-naturale-carbone-1-kg\/","og_site_name":"Sapori Nostri","article_publisher":"https:\/\/www.facebook.com\/saporinostri.it\/","article_modified_time":"2025-10-14T10:52:23+00:00","og_image":[{"width":600,"height":600,"url":"https:\/\/www.saporinostri.it\/wp-content\/uploads\/2020\/10\/datterino-giallo-600x600-1.webp","type":"image\/webp"}],"twitter_card":"summary_large_image","twitter_misc":{"Price":"&euro;8,99","Magazzino":"In stock"},"schema":{"@context":"https:\/\/schema.org","@graph":[{"@type":"WebPage","@id":"https:\/\/www.saporinostri.it\/datterino-giallo-al-naturale-carbone-1-kg\/","url":"https:\/\/www.saporinostri.it\/datterino-giallo-al-naturale-carbone-1-kg\/","name":"Natural Yellow Datterino Carbone 1kg - Sapori Nostri","isPartOf":{"@id":"https:\/\/www.saporinostri.it\/#website"},"primaryImageOfPage":{"@id":"https:\/\/www.saporinostri.it\/datterino-giallo-al-naturale-carbone-1-kg\/#primaryimage"},"image":{"@id":"https:\/\/www.saporinostri.it\/datterino-giallo-al-naturale-carbone-1-kg\/#primaryimage"},"thumbnailUrl":"https:\/\/www.saporinostri.it\/wp-content\/uploads\/2020\/10\/datterino-giallo-600x600-1.webp","datePublished":"2020-10-22T07:24:27+00:00","dateModified":"2025-10-14T10:52:23+00:00","description":"The yellow datterino tomato, contrary to what one might think, is the progenitor of the tomato we know today.","breadcrumb":{"@id":"https:\/\/www.saporinostri.it\/datterino-giallo-al-naturale-carbone-1-kg\/#breadcrumb"},"inLanguage":"en-US","potentialAction":[{"@type":"ReadAction","target":["https:\/\/www.saporinostri.it\/datterino-giallo-al-naturale-carbone-1-kg\/"]}]},{"@type":"ImageObject","inLanguage":"en-US","@id":"https:\/\/www.saporinostri.it\/datterino-giallo-al-naturale-carbone-1-kg\/#primaryimage","url":"https:\/\/www.saporinostri.it\/wp-content\/uploads\/2020\/10\/datterino-giallo-600x600-1.webp","contentUrl":"https:\/\/www.saporinostri.it\/wp-content\/uploads\/2020\/10\/datterino-giallo-600x600-1.webp","width":600,"height":600},{"@type":"BreadcrumbList","@id":"https:\/\/www.saporinostri.it\/datterino-giallo-al-naturale-carbone-1-kg\/#breadcrumb","itemListElement":[{"@type":"ListItem","position":1,"name":"Home","item":"https:\/\/www.saporinostri.it\/"},{"@type":"ListItem","position":2,"name":"Shop","item":"https:\/\/www.saporinostri.it\/fr\/shop\/"},{"@type":"ListItem","position":3,"name":"Datterino Giallo al Naturale Carbone 1kg"}]},{"@type":"WebSite","@id":"https:\/\/www.saporinostri.it\/#website","url":"https:\/\/www.saporinostri.it\/","name":"Sapori Nostri","description":"","publisher":{"@id":"https:\/\/www.saporinostri.it\/#organization"},"potentialAction":[{"@type":"SearchAction","target":{"@type":"EntryPoint","urlTemplate":"https:\/\/www.saporinostri.it\/?s={search_term_string}"},"query-input":{"@type":"PropertyValueSpecification","valueRequired":true,"valueName":"search_term_string"}}],"inLanguage":"en-US"},{"@type":"Organization","@id":"https:\/\/www.saporinostri.it\/#organization","name":"Sapori Nostri","url":"https:\/\/www.saporinostri.it\/","logo":{"@type":"ImageObject","inLanguage":"en-US","@id":"https:\/\/www.saporinostri.it\/#\/schema\/logo\/image\/","url":"https:\/\/www.saporinostri.it\/wp-content\/uploads\/2020\/05\/logo-retina.png","contentUrl":"https:\/\/www.saporinostri.it\/wp-content\/uploads\/2020\/05\/logo-retina.png","width":500,"height":109,"caption":"Sapori Nostri"},"image":{"@id":"https:\/\/www.saporinostri.it\/#\/schema\/logo\/image\/"},"sameAs":["https:\/\/www.facebook.com\/saporinostri.it\/","https:\/\/www.instagram.com\/saporinostri.it\/"]}]},"product_brand":"Carbone","product_price_amount":"8.99","product_price_currency":"EUR","og_availability":"instock","product_availability":"instock","product_retailer_item_id":"8013356092102","product_condition":"new"},"jetpack_sharing_enabled":true,"brands":[{"id":413,"name":"Coal","slug":"carbone"}],"_links":{"self":[{"href":"https:\/\/www.saporinostri.it\/en\/wp-json\/wp\/v2\/product\/4272","targetHints":{"allow":["GET"]}}],"collection":[{"href":"https:\/\/www.saporinostri.it\/en\/wp-json\/wp\/v2\/product"}],"about":[{"href":"https:\/\/www.saporinostri.it\/en\/wp-json\/wp\/v2\/types\/product"}],"replies":[{"embeddable":true,"href":"https:\/\/www.saporinostri.it\/en\/wp-json\/wp\/v2\/comments?post=4272"}],"wp:featuredmedia":[{"embeddable":true,"href":"https:\/\/www.saporinostri.it\/en\/wp-json\/wp\/v2\/media\/33877"}],"wp:attachment":[{"href":"https:\/\/www.saporinostri.it\/en\/wp-json\/wp\/v2\/media?parent=4272"}],"wp:term":[{"taxonomy":"pwb-brand","embeddable":true,"href":"https:\/\/www.saporinostri.it\/en\/wp-json\/wp\/v2\/pwb-brand?post=4272"},{"taxonomy":"product_brand","embeddable":true,"href":"https:\/\/www.saporinostri.it\/en\/wp-json\/wp\/v2\/product_brand?post=4272"},{"taxonomy":"product_cat","embeddable":true,"href":"https:\/\/www.saporinostri.it\/en\/wp-json\/wp\/v2\/product_cat?post=4272"},{"taxonomy":"product_tag","embeddable":true,"href":"https:\/\/www.saporinostri.it\/en\/wp-json\/wp\/v2\/product_tag?post=4272"}],"curies":[{"name":"wp","href":"https:\/\/api.w.org\/{rel}","templated":true}]}}