{"id":5059,"date":"2020-11-26T11:08:50","date_gmt":"2020-11-26T10:08:50","guid":{"rendered":"https:\/\/woocommerce-587295-4567585.cloudwaysapps.com\/?post_type=product&#038;p=5059"},"modified":"2024-11-05T18:38:07","modified_gmt":"2024-11-05T17:38:07","slug":"sbattitore-5-velocita-dcg-hm817","status":"publish","type":"product","link":"https:\/\/www.saporinostri.it\/en\/sbattitore-5-velocita-dcg-hm817\/","title":{"rendered":"5 speed hand mixer DCG HM817"},"content":{"rendered":"<p>5-speed mixer with whisk for mixing, mixing, whipping and whipping. Whips and hook included. Low noise abs body. Power supply 220 \/ 240V 50\/60 HZ, 150W<\/p>","protected":false},"excerpt":{"rendered":"<p>5-speed mixer with whisk for mixing, mixing, whipping and whipping. Whips and hook included. Low noise abs body.<\/p>","protected":false},"featured_media":5063,"comment_status":"open","ping_status":"closed","template":"","meta":{"_acf_changed":false,"inline_featured_image":false,"wprm-recipe-roundup-name":"","wprm-recipe-roundup-description":"","_monsterinsights_skip_tracking":false,"_monsterinsights_sitenote_active":false,"_monsterinsights_sitenote_note":"","_monsterinsights_sitenote_category":0},"pwb-brand":[417],"product_brand":[],"product_cat":[416],"product_tag":[],"class_list":{"0":"post-5059","1":"product","2":"type-product","3":"status-publish","4":"has-post-thumbnail","6":"pwb-brand-dcg","7":"product_cat-elettrodomestici","9":"first","10":"outofstock","11":"sale","12":"taxable","13":"shipping-taxable","14":"purchasable","15":"product-type-variable","16":"has-default-attributes"},"acf":[],"yoast_head":"<!-- This site is optimized with the Yoast SEO Premium plugin v23.7 (Yoast SEO v27.3) - https:\/\/yoast.com\/product\/yoast-seo-premium-wordpress\/ -->\n<title>Sbattitore 5 velocit\u00e0 DCG HM817 - Sapori Nostri<\/title>\n<meta name=\"robots\" content=\"index, follow, max-snippet:-1, max-image-preview:large, max-video-preview:-1\" \/>\n<link rel=\"canonical\" href=\"https:\/\/www.saporinostri.it\/en\/sbattitore-5-velocita-dcg-hm817\/\" \/>\n<meta property=\"og:locale\" content=\"en_US\" \/>\n<meta property=\"og:type\" content=\"article\" \/>\n<meta property=\"og:title\" content=\"Sbattitore 5 velocit\u00e0 DCG HM817\" \/>\n<meta property=\"og:description\" content=\"Mixer con fruste a 5 velocit\u00e0 per amalgamare, miscelare, sbattere e montare. Fruste e gancio compresi. Corpo in abs bassa rumorosit\u00e0.\" \/>\n<meta property=\"og:url\" content=\"https:\/\/www.saporinostri.it\/en\/sbattitore-5-velocita-dcg-hm817\/\" \/>\n<meta property=\"og:site_name\" content=\"Sapori Nostri\" \/>\n<meta property=\"article:publisher\" content=\"https:\/\/www.facebook.com\/saporinostri.it\/\" \/>\n<meta property=\"article:modified_time\" content=\"2024-11-05T17:38:07+00:00\" \/>\n<meta property=\"og:image\" content=\"https:\/\/www.saporinostri.it\/wp-content\/uploads\/2020\/11\/192005260_2.jpg\" \/>\n\t<meta property=\"og:image:width\" content=\"700\" \/>\n\t<meta property=\"og:image:height\" content=\"600\" \/>\n\t<meta property=\"og:image:type\" content=\"image\/jpeg\" \/>\n<meta name=\"twitter:card\" content=\"summary_large_image\" \/>\n<meta name=\"twitter:label1\" content=\"Magazzino\" \/>\n\t<meta name=\"twitter:data1\" content=\"Out of stock\" \/>\n<script type=\"application\/ld+json\" class=\"yoast-schema-graph\">{\"@context\":\"https:\\\/\\\/schema.org\",\"@graph\":[{\"@type\":\"WebPage\",\"@id\":\"https:\\\/\\\/www.saporinostri.it\\\/sbattitore-5-velocita-dcg-hm817\\\/\",\"url\":\"https:\\\/\\\/www.saporinostri.it\\\/sbattitore-5-velocita-dcg-hm817\\\/\",\"name\":\"Sbattitore 5 velocit\u00e0 DCG HM817 - Sapori Nostri\",\"isPartOf\":{\"@id\":\"https:\\\/\\\/www.saporinostri.it\\\/#website\"},\"primaryImageOfPage\":{\"@id\":\"https:\\\/\\\/www.saporinostri.it\\\/sbattitore-5-velocita-dcg-hm817\\\/#primaryimage\"},\"image\":{\"@id\":\"https:\\\/\\\/www.saporinostri.it\\\/sbattitore-5-velocita-dcg-hm817\\\/#primaryimage\"},\"thumbnailUrl\":\"https:\\\/\\\/www.saporinostri.it\\\/wp-content\\\/uploads\\\/2020\\\/11\\\/192005260_2.jpg\",\"datePublished\":\"2020-11-26T10:08:50+00:00\",\"dateModified\":\"2024-11-05T17:38:07+00:00\",\"breadcrumb\":{\"@id\":\"https:\\\/\\\/www.saporinostri.it\\\/sbattitore-5-velocita-dcg-hm817\\\/#breadcrumb\"},\"inLanguage\":\"en-US\",\"potentialAction\":[{\"@type\":\"ReadAction\",\"target\":[\"https:\\\/\\\/www.saporinostri.it\\\/sbattitore-5-velocita-dcg-hm817\\\/\"]}]},{\"@type\":\"ImageObject\",\"inLanguage\":\"en-US\",\"@id\":\"https:\\\/\\\/www.saporinostri.it\\\/sbattitore-5-velocita-dcg-hm817\\\/#primaryimage\",\"url\":\"https:\\\/\\\/www.saporinostri.it\\\/wp-content\\\/uploads\\\/2020\\\/11\\\/192005260_2.jpg\",\"contentUrl\":\"https:\\\/\\\/www.saporinostri.it\\\/wp-content\\\/uploads\\\/2020\\\/11\\\/192005260_2.jpg\",\"width\":700,\"height\":600,\"caption\":\"Sbattitore 5 velocit\u00e0 DCG HM817 (Arancione)\"},{\"@type\":\"BreadcrumbList\",\"@id\":\"https:\\\/\\\/www.saporinostri.it\\\/sbattitore-5-velocita-dcg-hm817\\\/#breadcrumb\",\"itemListElement\":[{\"@type\":\"ListItem\",\"position\":1,\"name\":\"Home\",\"item\":\"https:\\\/\\\/www.saporinostri.it\\\/\"},{\"@type\":\"ListItem\",\"position\":2,\"name\":\"Shop\",\"item\":\"https:\\\/\\\/www.saporinostri.it\\\/fr\\\/shop\\\/\"},{\"@type\":\"ListItem\",\"position\":3,\"name\":\"Sbattitore 5 velocit\u00e0 DCG HM817\"}]},{\"@type\":\"WebSite\",\"@id\":\"https:\\\/\\\/www.saporinostri.it\\\/#website\",\"url\":\"https:\\\/\\\/www.saporinostri.it\\\/\",\"name\":\"Sapori Nostri\",\"description\":\"\",\"publisher\":{\"@id\":\"https:\\\/\\\/www.saporinostri.it\\\/#organization\"},\"potentialAction\":[{\"@type\":\"SearchAction\",\"target\":{\"@type\":\"EntryPoint\",\"urlTemplate\":\"https:\\\/\\\/www.saporinostri.it\\\/?s={search_term_string}\"},\"query-input\":{\"@type\":\"PropertyValueSpecification\",\"valueRequired\":true,\"valueName\":\"search_term_string\"}}],\"inLanguage\":\"en-US\"},{\"@type\":\"Organization\",\"@id\":\"https:\\\/\\\/www.saporinostri.it\\\/#organization\",\"name\":\"Sapori Nostri\",\"url\":\"https:\\\/\\\/www.saporinostri.it\\\/\",\"logo\":{\"@type\":\"ImageObject\",\"inLanguage\":\"en-US\",\"@id\":\"https:\\\/\\\/www.saporinostri.it\\\/#\\\/schema\\\/logo\\\/image\\\/\",\"url\":\"https:\\\/\\\/www.saporinostri.it\\\/wp-content\\\/uploads\\\/2020\\\/05\\\/logo-retina.png\",\"contentUrl\":\"https:\\\/\\\/www.saporinostri.it\\\/wp-content\\\/uploads\\\/2020\\\/05\\\/logo-retina.png\",\"width\":500,\"height\":109,\"caption\":\"Sapori Nostri\"},\"image\":{\"@id\":\"https:\\\/\\\/www.saporinostri.it\\\/#\\\/schema\\\/logo\\\/image\\\/\"},\"sameAs\":[\"https:\\\/\\\/www.facebook.com\\\/saporinostri.it\\\/\",\"https:\\\/\\\/www.instagram.com\\\/saporinostri.it\\\/\"]}]}<\/script>\n<meta property=\"product:brand\" content=\"DCG\" \/>\n<meta property=\"og:availability\" content=\"out of stock\" \/>\n<meta property=\"product:availability\" content=\"out of stock\" \/>\n<meta property=\"product:retailer_item_id\" content=\"8052780960465\" \/>\n<meta property=\"product:condition\" content=\"new\" \/>\n<!-- \/ Yoast SEO Premium plugin. -->","yoast_head_json":{"title":"5-speed hand mixer DCG HM817 - Sapori Nostra","robots":{"index":"index","follow":"follow","max-snippet":"max-snippet:-1","max-image-preview":"max-image-preview:large","max-video-preview":"max-video-preview:-1"},"canonical":"https:\/\/www.saporinostri.it\/en\/sbattitore-5-velocita-dcg-hm817\/","og_locale":"en_US","og_type":"article","og_title":"Sbattitore 5 velocit\u00e0 DCG HM817","og_description":"Mixer con fruste a 5 velocit\u00e0 per amalgamare, miscelare, sbattere e montare. Fruste e gancio compresi. Corpo in abs bassa rumorosit\u00e0.","og_url":"https:\/\/www.saporinostri.it\/en\/sbattitore-5-velocita-dcg-hm817\/","og_site_name":"Sapori Nostri","article_publisher":"https:\/\/www.facebook.com\/saporinostri.it\/","article_modified_time":"2024-11-05T17:38:07+00:00","og_image":[{"width":700,"height":600,"url":"https:\/\/www.saporinostri.it\/wp-content\/uploads\/2020\/11\/192005260_2.jpg","type":"image\/jpeg"}],"twitter_card":"summary_large_image","twitter_misc":{"Magazzino":"Out of stock"},"schema":{"@context":"https:\/\/schema.org","@graph":[{"@type":"WebPage","@id":"https:\/\/www.saporinostri.it\/sbattitore-5-velocita-dcg-hm817\/","url":"https:\/\/www.saporinostri.it\/sbattitore-5-velocita-dcg-hm817\/","name":"5-speed hand mixer DCG HM817 - Sapori Nostra","isPartOf":{"@id":"https:\/\/www.saporinostri.it\/#website"},"primaryImageOfPage":{"@id":"https:\/\/www.saporinostri.it\/sbattitore-5-velocita-dcg-hm817\/#primaryimage"},"image":{"@id":"https:\/\/www.saporinostri.it\/sbattitore-5-velocita-dcg-hm817\/#primaryimage"},"thumbnailUrl":"https:\/\/www.saporinostri.it\/wp-content\/uploads\/2020\/11\/192005260_2.jpg","datePublished":"2020-11-26T10:08:50+00:00","dateModified":"2024-11-05T17:38:07+00:00","breadcrumb":{"@id":"https:\/\/www.saporinostri.it\/sbattitore-5-velocita-dcg-hm817\/#breadcrumb"},"inLanguage":"en-US","potentialAction":[{"@type":"ReadAction","target":["https:\/\/www.saporinostri.it\/sbattitore-5-velocita-dcg-hm817\/"]}]},{"@type":"ImageObject","inLanguage":"en-US","@id":"https:\/\/www.saporinostri.it\/sbattitore-5-velocita-dcg-hm817\/#primaryimage","url":"https:\/\/www.saporinostri.it\/wp-content\/uploads\/2020\/11\/192005260_2.jpg","contentUrl":"https:\/\/www.saporinostri.it\/wp-content\/uploads\/2020\/11\/192005260_2.jpg","width":700,"height":600,"caption":"Sbattitore 5 velocit\u00e0 DCG HM817 (Arancione)"},{"@type":"BreadcrumbList","@id":"https:\/\/www.saporinostri.it\/sbattitore-5-velocita-dcg-hm817\/#breadcrumb","itemListElement":[{"@type":"ListItem","position":1,"name":"Home","item":"https:\/\/www.saporinostri.it\/"},{"@type":"ListItem","position":2,"name":"Shop","item":"https:\/\/www.saporinostri.it\/fr\/shop\/"},{"@type":"ListItem","position":3,"name":"Sbattitore 5 velocit\u00e0 DCG HM817"}]},{"@type":"WebSite","@id":"https:\/\/www.saporinostri.it\/#website","url":"https:\/\/www.saporinostri.it\/","name":"Sapori Nostri","description":"","publisher":{"@id":"https:\/\/www.saporinostri.it\/#organization"},"potentialAction":[{"@type":"SearchAction","target":{"@type":"EntryPoint","urlTemplate":"https:\/\/www.saporinostri.it\/?s={search_term_string}"},"query-input":{"@type":"PropertyValueSpecification","valueRequired":true,"valueName":"search_term_string"}}],"inLanguage":"en-US"},{"@type":"Organization","@id":"https:\/\/www.saporinostri.it\/#organization","name":"Sapori Nostri","url":"https:\/\/www.saporinostri.it\/","logo":{"@type":"ImageObject","inLanguage":"en-US","@id":"https:\/\/www.saporinostri.it\/#\/schema\/logo\/image\/","url":"https:\/\/www.saporinostri.it\/wp-content\/uploads\/2020\/05\/logo-retina.png","contentUrl":"https:\/\/www.saporinostri.it\/wp-content\/uploads\/2020\/05\/logo-retina.png","width":500,"height":109,"caption":"Sapori Nostri"},"image":{"@id":"https:\/\/www.saporinostri.it\/#\/schema\/logo\/image\/"},"sameAs":["https:\/\/www.facebook.com\/saporinostri.it\/","https:\/\/www.instagram.com\/saporinostri.it\/"]}]},"product_brand":"DCG","og_availability":"out of stock","product_availability":"out of stock","product_retailer_item_id":"8052780960465","product_condition":"new"},"jetpack_sharing_enabled":true,"brands":[{"id":417,"name":"DCG","slug":"dcg"}],"_links":{"self":[{"href":"https:\/\/www.saporinostri.it\/en\/wp-json\/wp\/v2\/product\/5059","targetHints":{"allow":["GET"]}}],"collection":[{"href":"https:\/\/www.saporinostri.it\/en\/wp-json\/wp\/v2\/product"}],"about":[{"href":"https:\/\/www.saporinostri.it\/en\/wp-json\/wp\/v2\/types\/product"}],"replies":[{"embeddable":true,"href":"https:\/\/www.saporinostri.it\/en\/wp-json\/wp\/v2\/comments?post=5059"}],"wp:featuredmedia":[{"embeddable":true,"href":"https:\/\/www.saporinostri.it\/en\/wp-json\/wp\/v2\/media\/5063"}],"wp:attachment":[{"href":"https:\/\/www.saporinostri.it\/en\/wp-json\/wp\/v2\/media?parent=5059"}],"wp:term":[{"taxonomy":"pwb-brand","embeddable":true,"href":"https:\/\/www.saporinostri.it\/en\/wp-json\/wp\/v2\/pwb-brand?post=5059"},{"taxonomy":"product_brand","embeddable":true,"href":"https:\/\/www.saporinostri.it\/en\/wp-json\/wp\/v2\/product_brand?post=5059"},{"taxonomy":"product_cat","embeddable":true,"href":"https:\/\/www.saporinostri.it\/en\/wp-json\/wp\/v2\/product_cat?post=5059"},{"taxonomy":"product_tag","embeddable":true,"href":"https:\/\/www.saporinostri.it\/en\/wp-json\/wp\/v2\/product_tag?post=5059"}],"curies":[{"name":"wp","href":"https:\/\/api.w.org\/{rel}","templated":true}]}}