{"id":13536,"date":"2021-07-14T16:29:52","date_gmt":"2021-07-14T14:29:52","guid":{"rendered":"https:\/\/woocommerce-587295-4567585.cloudwaysapps.com\/?post_type=product&#038;p=13536"},"modified":"2026-05-08T15:34:08","modified_gmt":"2026-05-08T13:34:08","slug":"farina-nuvola-super-caputo-5-kg","status":"publish","type":"product","link":"https:\/\/www.saporinostri.it\/fr\/farina-nuvola-super-caputo-5-kg\/","title":{"rendered":"Farine Super Caputo Nuvola 5 Kg"},"content":{"rendered":"<p>En combinaison avec <strong>Nuage<\/strong>, ou pour la pr\u00e9paration des pr\u00e9ferments, des chariots et des p\u00e2tes de report est n\u00e9 <strong>Super nuage<\/strong> pour la pr\u00e9paration de p\u00e2tes volumineuses et alv\u00e9ol\u00e9es, pour ceux qui recherchent la perfection des formes et des saveurs dans la corniche. <strong>Super nuage<\/strong> il convient aux p\u00e2tes indirectes (bighe\/poolish) ou aux p\u00e2tes directes qui d\u00e9passent 30 heures de maturation\/levage.<\/p>\n<div class=\"mini-infobox-wrapper\">\n<p class=\"mini-infobox\"><b>Type de farine<\/b><br \/>\n0<\/p>\n<p class=\"mini-infobox\"><b>Boulangerie<\/b><br \/>\nW 320\/340<\/p>\n<p class=\"mini-infobox\"><b>Prot\u00e9ines<\/b><br \/>\n13,50% <span style=\"font-size: 0.85em;\">\u00b1 0,50%<\/span><\/p>\n<p class=\"mini-infobox\"><b>\u00c9lasticit\u00e9<\/b><br \/>\nP\/L 0,50 \/ 0,60<\/p>\n<p class=\"mini-infobox\"><b>Levain<\/b><br \/>\nLongue<\/p>\n<\/div>\n<h3 class=\"mt-5\">Le moulin de Caputo<\/h3>\n<div class=\"mt-3\">\n<p>Depuis 1924, le\u00a0<strong>Mulino Caputo<\/strong>\u00a0travaille le bl\u00e9 avec g\u00e9n\u00e9rosit\u00e9 et passion, pour offrir aux professionnels et aux passionn\u00e9s de l&#039;Art Blanc Caputo Farina la plus haute qualit\u00e9, produite dans le plein respect des mati\u00e8res premi\u00e8res et de la tradition.<\/p>\n<p>Il Molino Caputo produit une large gamme de farines \u00e0 usage domestique et professionnel. La farine Caputo est surtout utilis\u00e9e par les professionnels de la p\u00e2te \u00e0 confiserie, de la panification, des p\u00e2tes et de la pizza, avec de nombreux types de farines destin\u00e9es \u00e0 diff\u00e9rents proc\u00e9d\u00e9s.<\/p>\n<p>Autorit\u00e9, spontan\u00e9it\u00e9 et tradition, c&#039;est de ces valeurs que na\u00eet l&#039;art blanc de Mulino Caputo, qui gr\u00e2ce \u00e0 l&#039;exp\u00e9rience acquise en 3 g\u00e9n\u00e9rations de ma\u00eetres meuniers napolitains, lui permet de garantir des normes de qualit\u00e9 tr\u00e8s \u00e9lev\u00e9es, pour s&#039;assurer que l&#039;expert les restaurateurs et artisans du go\u00fbt expriment au mieux leur cr\u00e9ativit\u00e9.<\/p>\n<p>La farine Caputo a la capacit\u00e9 de pr\u00e9server pleinement le naturel et l&#039;authenticit\u00e9 des saveurs, pour cela et pour d&#039;autres raisons, Molino Caputo est appr\u00e9ci\u00e9 et reconnu dans le monde entier.<\/p>\n<\/div>\n\n<h3 class=\"mt-5\">Recettes avec ce produit<\/h3>\n<div class=\"mt-3\">\t\t<div data-elementor-type=\"section\" data-elementor-id=\"12108\" class=\"elementor elementor-12108\" data-elementor-post-type=\"elementor_library\">\n\t\t\t\t\t<section class=\"elementor-section elementor-top-section elementor-element elementor-element-7d29bb09 elementor-section-stretched elementor-section-boxed elementor-section-height-default elementor-section-height-default\" data-id=\"7d29bb09\" data-element_type=\"section\" data-e-type=\"section\" data-settings=\"{&quot;stretch_section&quot;:&quot;section-stretched&quot;,&quot;background_background&quot;:&quot;classic&quot;}\">\n\t\t\t\t\t\t<div class=\"elementor-container elementor-column-gap-default\">\n\t\t\t\t\t<div class=\"elementor-column elementor-col-100 elementor-top-column elementor-element elementor-element-57c51ca3\" data-id=\"57c51ca3\" data-element_type=\"column\" data-e-type=\"column\">\n\t\t\t<div class=\"elementor-widget-wrap elementor-element-populated\">\n\t\t\t\t\t\t<div class=\"elementor-element elementor-element-6351da4e elementor-grid-4 elementor-grid-tablet-2 elementor-grid-mobile-1 elementor-posts--thumbnail-top elementor-posts--show-avatar elementor-card-shadow-yes elementor-posts__hover-gradient elementor-widget elementor-widget-posts\" data-id=\"6351da4e\" data-element_type=\"widget\" data-e-type=\"widget\" data-settings=\"{&quot;cards_columns&quot;:&quot;4&quot;,&quot;cards_row_gap&quot;:{&quot;unit&quot;:&quot;px&quot;,&quot;size&quot;:25,&quot;sizes&quot;:[]},&quot;cards_columns_tablet&quot;:&quot;2&quot;,&quot;cards_columns_mobile&quot;:&quot;1&quot;,&quot;cards_row_gap_tablet&quot;:{&quot;unit&quot;:&quot;px&quot;,&quot;size&quot;:&quot;&quot;,&quot;sizes&quot;:[]},&quot;cards_row_gap_mobile&quot;:{&quot;unit&quot;:&quot;px&quot;,&quot;size&quot;:&quot;&quot;,&quot;sizes&quot;:[]}}\" data-widget_type=\"posts.cards\">\n\t\t\t\t<div class=\"elementor-widget-container\">\n\t\t\t\t\t\t\t<div class=\"elementor-posts-container elementor-posts elementor-posts--skin-cards elementor-grid\" role=\"list\">\n\t\t\t\t<article class=\"elementor-post elementor-grid-item post-13424 post type-post status-publish format-standard has-post-thumbnail hentry category-ricette tag-bretzel tag-brezel tag-farina-0 tag-ricetta-bretzel tag-ricetta-brezel\" role=\"listitem\">\n\t\t\t<div class=\"elementor-post__card\">\n\t\t\t\t<a class=\"elementor-post__thumbnail__link\" href=\"https:\/\/www.saporinostri.it\/fr\/ricetta-bretzel\/\" tabindex=\"-1\" ><div class=\"elementor-post__thumbnail\"><img fetchpriority=\"high\" decoding=\"async\" width=\"225\" height=\"300\" src=\"https:\/\/www.saporinostri.it\/wp-content\/uploads\/2021\/07\/6-e1625651881884-225x300.jpeg\" class=\"attachment-medium size-medium wp-image-13420\" alt=\"\" srcset=\"https:\/\/www.saporinostri.it\/wp-content\/uploads\/2021\/07\/6-e1625651881884-225x300.jpeg 225w, https:\/\/www.saporinostri.it\/wp-content\/uploads\/2021\/07\/6-e1625651881884-768x1024.jpeg 768w, https:\/\/www.saporinostri.it\/wp-content\/uploads\/2021\/07\/6-e1625651881884-1152x1536.jpeg 1152w, https:\/\/www.saporinostri.it\/wp-content\/uploads\/2021\/07\/6-e1625651881884-9x12.jpeg 9w, https:\/\/www.saporinostri.it\/wp-content\/uploads\/2021\/07\/6-e1625651881884-990x1320.jpeg 990w, https:\/\/www.saporinostri.it\/wp-content\/uploads\/2021\/07\/6-e1625651881884-441x588.jpeg 441w, https:\/\/www.saporinostri.it\/wp-content\/uploads\/2021\/07\/6-e1625651881884-800x1067.jpeg 800w, https:\/\/www.saporinostri.it\/wp-content\/uploads\/2021\/07\/6-e1625651881884-150x200.jpeg 150w, https:\/\/www.saporinostri.it\/wp-content\/uploads\/2021\/07\/6-e1625651881884.jpeg 1200w\" sizes=\"(max-width: 225px) 100vw, 225px\" \/><\/div><\/a>\n\t\t\t\t<div class=\"elementor-post__badge\">Recettes<\/div>\n\t\t\t\t<div class=\"elementor-post__avatar\">\n\t\t\t<img alt='Manlio Di Paola' data-src='https:\/\/secure.gravatar.com\/avatar\/34530845b4578c7824463cfbc9dd0215324120596eb5887c61438299c9501cb3?s=128&#038;d=mm&#038;r=g' data-srcset='https:\/\/secure.gravatar.com\/avatar\/34530845b4578c7824463cfbc9dd0215324120596eb5887c61438299c9501cb3?s=256&#038;d=mm&#038;r=g 2x' class='avatar avatar-128 photo lazyload' height='128' width='128' src='data:image\/gif;base64,R0lGODlhAQABAAAAACH5BAEKAAEALAAAAAABAAEAAAICTAEAOw==' style='--smush-placeholder-width: 128px; --smush-placeholder-aspect-ratio: 128\/128;' \/><noscript><img alt='Manlio Di Paola' src='https:\/\/secure.gravatar.com\/avatar\/34530845b4578c7824463cfbc9dd0215324120596eb5887c61438299c9501cb3?s=128&#038;d=mm&#038;r=g' srcset='https:\/\/secure.gravatar.com\/avatar\/34530845b4578c7824463cfbc9dd0215324120596eb5887c61438299c9501cb3?s=256&#038;d=mm&#038;r=g 2x' class='avatar avatar-128 photo' height='128' width='128' \/><\/noscript>\t\t<\/div>\n\t\t\t\t<div class=\"elementor-post__text\">\n\t\t\t\t<h3 class=\"elementor-post__title\">\n\t\t\t<a href=\"https:\/\/www.saporinostri.it\/fr\/ricetta-bretzel\/\" >\n\t\t\t\tBretzel\t\t\t<\/a>\n\t\t<\/h3>\n\t\t\t\t<div class=\"elementor-post__excerpt\">\n\t\t\t<p>Le Brezel est un type de pain tr\u00e8s appr\u00e9ci\u00e9 parmi les populations d&#039;origine teutonique, et donc tr\u00e8s r\u00e9pandu notamment en Allemagne.<\/p>\n\t\t<\/div>\n\t\t\n\t\t<a class=\"elementor-post__read-more\" href=\"https:\/\/www.saporinostri.it\/fr\/ricetta-bretzel\/\" aria-label=\"En savoir plus sur les bretzels\" tabindex=\"-1\" >\n\t\t\tContinue de lire &quot;\t\t<\/a>\n\n\t\t\t\t<\/div>\n\t\t\t\t\t<\/div>\n\t\t<\/article>\n\t\t\t\t<article class=\"elementor-post elementor-grid-item post-3775 post type-post status-publish format-standard has-post-thumbnail hentry category-ricette tag-farina-0 tag-farina-00 tag-olio-extravergine-di-oliva\" role=\"listitem\">\n\t\t\t<div class=\"elementor-post__card\">\n\t\t\t\t<a class=\"elementor-post__thumbnail__link\" href=\"https:\/\/www.saporinostri.it\/fr\/le-origini-della-pizza-ricetta-pizza-verace-napoletana\/\" tabindex=\"-1\" ><div class=\"elementor-post__thumbnail\"><img decoding=\"async\" width=\"300\" height=\"177\" data-src=\"https:\/\/www.saporinostri.it\/wp-content\/uploads\/2020\/10\/le-origini-della-pizza-napoletana-e1601990439881-300x177.jpg\" class=\"attachment-medium size-medium wp-image-3778 lazyload\" alt=\"Les origines de la pizza napolitaine\" data-srcset=\"https:\/\/www.saporinostri.it\/wp-content\/uploads\/2020\/10\/le-origini-della-pizza-napoletana-e1601990439881-300x177.jpg 300w, https:\/\/www.saporinostri.it\/wp-content\/uploads\/2020\/10\/le-origini-della-pizza-napoletana-e1601990439881-150x88.jpg 150w, https:\/\/www.saporinostri.it\/wp-content\/uploads\/2020\/10\/le-origini-della-pizza-napoletana-e1601990439881-800x472.jpg 800w, https:\/\/www.saporinostri.it\/wp-content\/uploads\/2020\/10\/le-origini-della-pizza-napoletana-e1601990439881-1024x604.jpg 1024w, https:\/\/www.saporinostri.it\/wp-content\/uploads\/2020\/10\/le-origini-della-pizza-napoletana-e1601990439881-768x453.jpg 768w, https:\/\/www.saporinostri.it\/wp-content\/uploads\/2020\/10\/le-origini-della-pizza-napoletana-e1601990439881-640x378.jpg 640w, https:\/\/www.saporinostri.it\/wp-content\/uploads\/2020\/10\/le-origini-della-pizza-napoletana-e1601990439881-400x236.jpg 400w, https:\/\/www.saporinostri.it\/wp-content\/uploads\/2020\/10\/le-origini-della-pizza-napoletana-e1601990439881.jpg 1280w\" data-sizes=\"(max-width: 300px) 100vw, 300px\" src=\"data:image\/gif;base64,R0lGODlhAQABAAAAACH5BAEKAAEALAAAAAABAAEAAAICTAEAOw==\" style=\"--smush-placeholder-width: 300px; --smush-placeholder-aspect-ratio: 300\/177;\" \/><noscript><img decoding=\"async\" width=\"300\" height=\"177\" src=\"https:\/\/www.saporinostri.it\/wp-content\/uploads\/2020\/10\/le-origini-della-pizza-napoletana-e1601990439881-300x177.jpg\" class=\"attachment-medium size-medium wp-image-3778\" alt=\"Les origines de la pizza napolitaine\" srcset=\"https:\/\/www.saporinostri.it\/wp-content\/uploads\/2020\/10\/le-origini-della-pizza-napoletana-e1601990439881-300x177.jpg 300w, https:\/\/www.saporinostri.it\/wp-content\/uploads\/2020\/10\/le-origini-della-pizza-napoletana-e1601990439881-150x88.jpg 150w, https:\/\/www.saporinostri.it\/wp-content\/uploads\/2020\/10\/le-origini-della-pizza-napoletana-e1601990439881-800x472.jpg 800w, https:\/\/www.saporinostri.it\/wp-content\/uploads\/2020\/10\/le-origini-della-pizza-napoletana-e1601990439881-1024x604.jpg 1024w, https:\/\/www.saporinostri.it\/wp-content\/uploads\/2020\/10\/le-origini-della-pizza-napoletana-e1601990439881-768x453.jpg 768w, https:\/\/www.saporinostri.it\/wp-content\/uploads\/2020\/10\/le-origini-della-pizza-napoletana-e1601990439881-640x378.jpg 640w, https:\/\/www.saporinostri.it\/wp-content\/uploads\/2020\/10\/le-origini-della-pizza-napoletana-e1601990439881-400x236.jpg 400w, https:\/\/www.saporinostri.it\/wp-content\/uploads\/2020\/10\/le-origini-della-pizza-napoletana-e1601990439881.jpg 1280w\" sizes=\"(max-width: 300px) 100vw, 300px\" \/><\/noscript><\/div><\/a>\n\t\t\t\t<div class=\"elementor-post__badge\">Recettes<\/div>\n\t\t\t\t<div class=\"elementor-post__avatar\">\n\t\t\t<img alt='Manlio Di Paola' data-src='https:\/\/secure.gravatar.com\/avatar\/34530845b4578c7824463cfbc9dd0215324120596eb5887c61438299c9501cb3?s=128&#038;d=mm&#038;r=g' data-srcset='https:\/\/secure.gravatar.com\/avatar\/34530845b4578c7824463cfbc9dd0215324120596eb5887c61438299c9501cb3?s=256&#038;d=mm&#038;r=g 2x' class='avatar avatar-128 photo lazyload' height='128' width='128' src='data:image\/gif;base64,R0lGODlhAQABAAAAACH5BAEKAAEALAAAAAABAAEAAAICTAEAOw==' style='--smush-placeholder-width: 128px; --smush-placeholder-aspect-ratio: 128\/128;' \/><noscript><img alt='Manlio Di Paola' src='https:\/\/secure.gravatar.com\/avatar\/34530845b4578c7824463cfbc9dd0215324120596eb5887c61438299c9501cb3?s=128&#038;d=mm&#038;r=g' srcset='https:\/\/secure.gravatar.com\/avatar\/34530845b4578c7824463cfbc9dd0215324120596eb5887c61438299c9501cb3?s=256&#038;d=mm&#038;r=g 2x' class='avatar avatar-128 photo' height='128' width='128' \/><\/noscript>\t\t<\/div>\n\t\t\t\t<div class=\"elementor-post__text\">\n\t\t\t\t<h3 class=\"elementor-post__title\">\n\t\t\t<a href=\"https:\/\/www.saporinostri.it\/fr\/le-origini-della-pizza-ricetta-pizza-verace-napoletana\/\" >\n\t\t\t\tRecette et origines de la pizza napolitaine\t\t\t<\/a>\n\t\t<\/h3>\n\t\t\t\t<div class=\"elementor-post__excerpt\">\n\t\t\t<p>On peut dire que la pizza est le plat le plus populaire au monde et, certainement, l&#039;un des plus populaires. La pizza elle-m\u00eame a des origines<\/p>\n\t\t<\/div>\n\t\t\n\t\t<a class=\"elementor-post__read-more\" href=\"https:\/\/www.saporinostri.it\/fr\/le-origini-della-pizza-ricetta-pizza-verace-napoletana\/\" aria-label=\"En savoir plus sur la recette et les origines de la pizza napolitaine\" tabindex=\"-1\" >\n\t\t\tContinue de lire &quot;\t\t<\/a>\n\n\t\t\t\t<\/div>\n\t\t\t\t\t<\/div>\n\t\t<\/article>\n\t\t\t\t<\/div>\n\t\t\n\t\t\t\t\t\t<\/div>\n\t\t\t\t<\/div>\n\t\t\t\t\t<\/div>\n\t\t<\/div>\n\t\t\t\t\t<\/div>\n\t\t<\/section>\n\t\t\t\t<\/div>\n\t\t<\/div>","protected":false},"excerpt":{"rendered":"<p><strong>Levain:<\/strong> Longue<br \/>\n<strong>Boulangerie:<\/strong> W 320\/340<\/p>\n<ul>\n<li>Excellent pour la pr\u00e9paration de p\u00e2tes volumineuses et alv\u00e9ol\u00e9es<\/li>\n<li>Pour ceux qui recherchent la perfection des formes et des saveurs dans la corniche.<\/li>\n<li>Comme alternative \u00e0 Nuvola, ou pour la pr\u00e9paration de p\u00e2tes pr\u00e9f\u00e9r\u00e9es, bigas et report<\/li>\n<\/ul>\n<p>Expiration du lot le plus r\u00e9cent\u00a0: <strong>18<\/strong><b>\/02\/2027 L. 049B<\/b><\/p>","protected":false},"featured_media":13537,"comment_status":"open","ping_status":"closed","template":"","meta":{"_acf_changed":false,"inline_featured_image":false,"wprm-recipe-roundup-name":"","wprm-recipe-roundup-description":"","_monsterinsights_skip_tracking":false,"_monsterinsights_sitenote_active":false,"_monsterinsights_sitenote_note":"","_monsterinsights_sitenote_category":0},"pwb-brand":[110],"product_brand":[],"product_cat":[97],"product_tag":[],"class_list":{"0":"post-13536","1":"product","2":"type-product","3":"status-publish","4":"has-post-thumbnail","6":"pwb-brand-mulino-caputo","7":"product_cat-farine","8":"product_shipping_class-iva-4","10":"first","11":"instock","12":"sale","13":"taxable","14":"shipping-taxable","15":"purchasable","16":"product-type-simple"},"acf":[],"yoast_head":"<!-- This site is optimized with the Yoast SEO Premium plugin v23.7 (Yoast SEO v27.5) - https:\/\/yoast.com\/product\/yoast-seo-premium-wordpress\/ -->\n<title>Farina Nuvola Super Caputo 5 Kg - Sapori Nostri<\/title>\n<meta name=\"description\" content=\"Farina Nuvola Super Caputo per impasti voluminosi e alveolati, per chi cerca la perfezione delle forme e dei sapori nel cornicione\" \/>\n<meta name=\"robots\" content=\"index, follow, max-snippet:-1, max-image-preview:large, max-video-preview:-1\" \/>\n<link rel=\"canonical\" href=\"https:\/\/www.saporinostri.it\/fr\/farina-nuvola-super-caputo-5-kg\/\" \/>\n<meta property=\"og:locale\" content=\"fr_FR\" \/>\n<meta property=\"og:type\" content=\"article\" \/>\n<meta property=\"og:title\" content=\"Farina Nuvola Super Caputo 5 Kg\" \/>\n<meta property=\"og:description\" content=\"Farina Nuvola Super Caputo per impasti voluminosi e alveolati, per chi cerca la perfezione delle forme e dei sapori nel cornicione\" \/>\n<meta property=\"og:url\" content=\"https:\/\/www.saporinostri.it\/fr\/farina-nuvola-super-caputo-5-kg\/\" \/>\n<meta property=\"og:site_name\" content=\"Sapori Nostri\" \/>\n<meta property=\"article:publisher\" content=\"https:\/\/www.facebook.com\/saporinostri.it\/\" \/>\n<meta property=\"article:modified_time\" content=\"2026-05-08T13:34:08+00:00\" \/>\n<meta property=\"og:image\" content=\"https:\/\/www.saporinostri.it\/wp-content\/uploads\/2021\/07\/farina-nuvola-super-caputo-5-kg.png.jpg\" \/>\n\t<meta property=\"og:image:width\" content=\"1500\" \/>\n\t<meta property=\"og:image:height\" content=\"1500\" \/>\n\t<meta property=\"og:image:type\" content=\"image\/jpeg\" \/>\n<meta name=\"twitter:card\" content=\"summary_large_image\" \/>\n<meta name=\"twitter:label1\" content=\"Prix\" \/>\n\t<meta name=\"twitter:data1\" content=\"&euro;9,29\" \/>\n\t<meta name=\"twitter:label2\" content=\"Disponibilit\u00e9\" \/>\n\t<meta name=\"twitter:data2\" content=\"En stock\" \/>\n<script type=\"application\/ld+json\" class=\"yoast-schema-graph\">{\"@context\":\"https:\\\/\\\/schema.org\",\"@graph\":[{\"@type\":\"WebPage\",\"@id\":\"https:\\\/\\\/www.saporinostri.it\\\/farina-nuvola-super-caputo-5-kg\\\/\",\"url\":\"https:\\\/\\\/www.saporinostri.it\\\/farina-nuvola-super-caputo-5-kg\\\/\",\"name\":\"Farina Nuvola Super Caputo 5 Kg - Sapori Nostri\",\"isPartOf\":{\"@id\":\"https:\\\/\\\/www.saporinostri.it\\\/#website\"},\"primaryImageOfPage\":{\"@id\":\"https:\\\/\\\/www.saporinostri.it\\\/farina-nuvola-super-caputo-5-kg\\\/#primaryimage\"},\"image\":{\"@id\":\"https:\\\/\\\/www.saporinostri.it\\\/farina-nuvola-super-caputo-5-kg\\\/#primaryimage\"},\"thumbnailUrl\":\"https:\\\/\\\/www.saporinostri.it\\\/wp-content\\\/uploads\\\/2021\\\/07\\\/farina-nuvola-super-caputo-5-kg.png.jpg\",\"datePublished\":\"2021-07-14T14:29:52+00:00\",\"dateModified\":\"2026-05-08T13:34:08+00:00\",\"description\":\"Farina Nuvola Super Caputo per impasti voluminosi e alveolati, per chi cerca la perfezione delle forme e dei sapori nel cornicione\",\"breadcrumb\":{\"@id\":\"https:\\\/\\\/www.saporinostri.it\\\/farina-nuvola-super-caputo-5-kg\\\/#breadcrumb\"},\"inLanguage\":\"fr-FR\",\"potentialAction\":[{\"@type\":\"ReadAction\",\"target\":[\"https:\\\/\\\/www.saporinostri.it\\\/farina-nuvola-super-caputo-5-kg\\\/\"]}]},{\"@type\":\"ImageObject\",\"inLanguage\":\"fr-FR\",\"@id\":\"https:\\\/\\\/www.saporinostri.it\\\/farina-nuvola-super-caputo-5-kg\\\/#primaryimage\",\"url\":\"https:\\\/\\\/www.saporinostri.it\\\/wp-content\\\/uploads\\\/2021\\\/07\\\/farina-nuvola-super-caputo-5-kg.png.jpg\",\"contentUrl\":\"https:\\\/\\\/www.saporinostri.it\\\/wp-content\\\/uploads\\\/2021\\\/07\\\/farina-nuvola-super-caputo-5-kg.png.jpg\",\"width\":1500,\"height\":1500,\"caption\":\"Farina Nuvola Super Caputo 5 Kg\"},{\"@type\":\"BreadcrumbList\",\"@id\":\"https:\\\/\\\/www.saporinostri.it\\\/farina-nuvola-super-caputo-5-kg\\\/#breadcrumb\",\"itemListElement\":[{\"@type\":\"ListItem\",\"position\":1,\"name\":\"Home\",\"item\":\"https:\\\/\\\/www.saporinostri.it\\\/\"},{\"@type\":\"ListItem\",\"position\":2,\"name\":\"Shop\",\"item\":\"https:\\\/\\\/www.saporinostri.it\\\/fr\\\/shop\\\/\"},{\"@type\":\"ListItem\",\"position\":3,\"name\":\"Farina Nuvola Super Caputo 5 Kg\"}]},{\"@type\":\"WebSite\",\"@id\":\"https:\\\/\\\/www.saporinostri.it\\\/#website\",\"url\":\"https:\\\/\\\/www.saporinostri.it\\\/\",\"name\":\"Sapori Nostri\",\"description\":\"\",\"publisher\":{\"@id\":\"https:\\\/\\\/www.saporinostri.it\\\/#organization\"},\"potentialAction\":[{\"@type\":\"SearchAction\",\"target\":{\"@type\":\"EntryPoint\",\"urlTemplate\":\"https:\\\/\\\/www.saporinostri.it\\\/?s={search_term_string}\"},\"query-input\":{\"@type\":\"PropertyValueSpecification\",\"valueRequired\":true,\"valueName\":\"search_term_string\"}}],\"inLanguage\":\"fr-FR\"},{\"@type\":\"Organization\",\"@id\":\"https:\\\/\\\/www.saporinostri.it\\\/#organization\",\"name\":\"Sapori Nostri\",\"url\":\"https:\\\/\\\/www.saporinostri.it\\\/\",\"logo\":{\"@type\":\"ImageObject\",\"inLanguage\":\"fr-FR\",\"@id\":\"https:\\\/\\\/www.saporinostri.it\\\/#\\\/schema\\\/logo\\\/image\\\/\",\"url\":\"https:\\\/\\\/www.saporinostri.it\\\/wp-content\\\/uploads\\\/2020\\\/05\\\/logo-retina.png\",\"contentUrl\":\"https:\\\/\\\/www.saporinostri.it\\\/wp-content\\\/uploads\\\/2020\\\/05\\\/logo-retina.png\",\"width\":500,\"height\":109,\"caption\":\"Sapori Nostri\"},\"image\":{\"@id\":\"https:\\\/\\\/www.saporinostri.it\\\/#\\\/schema\\\/logo\\\/image\\\/\"},\"sameAs\":[\"https:\\\/\\\/www.facebook.com\\\/saporinostri.it\\\/\",\"https:\\\/\\\/www.instagram.com\\\/saporinostri.it\\\/\"]}]}<\/script>\n<!-- \/ Yoast SEO Premium plugin. -->","yoast_head_json":{"title":"Farine Nuvola Super Caputo 5 Kg - Nos Saveurs","description":"Farine Nuvola Super Caputo pour p\u00e2tes volumineuses et alv\u00e9ol\u00e9es, pour ceux qui recherchent la perfection des formes et des saveurs dans la corniche","robots":{"index":"index","follow":"follow","max-snippet":"max-snippet:-1","max-image-preview":"max-image-preview:large","max-video-preview":"max-video-preview:-1"},"canonical":"https:\/\/www.saporinostri.it\/fr\/farina-nuvola-super-caputo-5-kg\/","og_locale":"fr_FR","og_type":"article","og_title":"Farina Nuvola Super Caputo 5 Kg","og_description":"Farina Nuvola Super Caputo per impasti voluminosi e alveolati, per chi cerca la perfezione delle forme e dei sapori nel cornicione","og_url":"https:\/\/www.saporinostri.it\/fr\/farina-nuvola-super-caputo-5-kg\/","og_site_name":"Sapori Nostri","article_publisher":"https:\/\/www.facebook.com\/saporinostri.it\/","article_modified_time":"2026-05-08T13:34:08+00:00","og_image":[{"width":1500,"height":1500,"url":"https:\/\/www.saporinostri.it\/wp-content\/uploads\/2021\/07\/farina-nuvola-super-caputo-5-kg.png.jpg","type":"image\/jpeg"}],"twitter_card":"summary_large_image","twitter_misc":{"Prix":"&euro;9,29","Disponibilit\u00e9":"En stock"},"schema":{"@context":"https:\/\/schema.org","@graph":[{"@type":"WebPage","@id":"https:\/\/www.saporinostri.it\/farina-nuvola-super-caputo-5-kg\/","url":"https:\/\/www.saporinostri.it\/farina-nuvola-super-caputo-5-kg\/","name":"Farine Nuvola Super Caputo 5 Kg - Nos Saveurs","isPartOf":{"@id":"https:\/\/www.saporinostri.it\/#website"},"primaryImageOfPage":{"@id":"https:\/\/www.saporinostri.it\/farina-nuvola-super-caputo-5-kg\/#primaryimage"},"image":{"@id":"https:\/\/www.saporinostri.it\/farina-nuvola-super-caputo-5-kg\/#primaryimage"},"thumbnailUrl":"https:\/\/www.saporinostri.it\/wp-content\/uploads\/2021\/07\/farina-nuvola-super-caputo-5-kg.png.jpg","datePublished":"2021-07-14T14:29:52+00:00","dateModified":"2026-05-08T13:34:08+00:00","description":"Farine Nuvola Super Caputo pour p\u00e2tes volumineuses et alv\u00e9ol\u00e9es, pour ceux qui recherchent la perfection des formes et des saveurs dans la corniche","breadcrumb":{"@id":"https:\/\/www.saporinostri.it\/farina-nuvola-super-caputo-5-kg\/#breadcrumb"},"inLanguage":"fr-FR","potentialAction":[{"@type":"ReadAction","target":["https:\/\/www.saporinostri.it\/farina-nuvola-super-caputo-5-kg\/"]}]},{"@type":"ImageObject","inLanguage":"fr-FR","@id":"https:\/\/www.saporinostri.it\/farina-nuvola-super-caputo-5-kg\/#primaryimage","url":"https:\/\/www.saporinostri.it\/wp-content\/uploads\/2021\/07\/farina-nuvola-super-caputo-5-kg.png.jpg","contentUrl":"https:\/\/www.saporinostri.it\/wp-content\/uploads\/2021\/07\/farina-nuvola-super-caputo-5-kg.png.jpg","width":1500,"height":1500,"caption":"Farina Nuvola Super Caputo 5 Kg"},{"@type":"BreadcrumbList","@id":"https:\/\/www.saporinostri.it\/farina-nuvola-super-caputo-5-kg\/#breadcrumb","itemListElement":[{"@type":"ListItem","position":1,"name":"Home","item":"https:\/\/www.saporinostri.it\/"},{"@type":"ListItem","position":2,"name":"Shop","item":"https:\/\/www.saporinostri.it\/fr\/shop\/"},{"@type":"ListItem","position":3,"name":"Farina Nuvola Super Caputo 5 Kg"}]},{"@type":"WebSite","@id":"https:\/\/www.saporinostri.it\/#website","url":"https:\/\/www.saporinostri.it\/","name":"Sapori Nostri","description":"","publisher":{"@id":"https:\/\/www.saporinostri.it\/#organization"},"potentialAction":[{"@type":"SearchAction","target":{"@type":"EntryPoint","urlTemplate":"https:\/\/www.saporinostri.it\/?s={search_term_string}"},"query-input":{"@type":"PropertyValueSpecification","valueRequired":true,"valueName":"search_term_string"}}],"inLanguage":"fr-FR"},{"@type":"Organization","@id":"https:\/\/www.saporinostri.it\/#organization","name":"Sapori Nostri","url":"https:\/\/www.saporinostri.it\/","logo":{"@type":"ImageObject","inLanguage":"fr-FR","@id":"https:\/\/www.saporinostri.it\/#\/schema\/logo\/image\/","url":"https:\/\/www.saporinostri.it\/wp-content\/uploads\/2020\/05\/logo-retina.png","contentUrl":"https:\/\/www.saporinostri.it\/wp-content\/uploads\/2020\/05\/logo-retina.png","width":500,"height":109,"caption":"Sapori Nostri"},"image":{"@id":"https:\/\/www.saporinostri.it\/#\/schema\/logo\/image\/"},"sameAs":["https:\/\/www.facebook.com\/saporinostri.it\/","https:\/\/www.instagram.com\/saporinostri.it\/"]}]}},"jetpack_sharing_enabled":true,"brands":[{"id":110,"name":"Mulino Caputo","slug":"mulino-caputo"}],"_links":{"self":[{"href":"https:\/\/www.saporinostri.it\/fr\/wp-json\/wp\/v2\/product\/13536","targetHints":{"allow":["GET"]}}],"collection":[{"href":"https:\/\/www.saporinostri.it\/fr\/wp-json\/wp\/v2\/product"}],"about":[{"href":"https:\/\/www.saporinostri.it\/fr\/wp-json\/wp\/v2\/types\/product"}],"replies":[{"embeddable":true,"href":"https:\/\/www.saporinostri.it\/fr\/wp-json\/wp\/v2\/comments?post=13536"}],"wp:featuredmedia":[{"embeddable":true,"href":"https:\/\/www.saporinostri.it\/fr\/wp-json\/wp\/v2\/media\/13537"}],"wp:attachment":[{"href":"https:\/\/www.saporinostri.it\/fr\/wp-json\/wp\/v2\/media?parent=13536"}],"wp:term":[{"taxonomy":"pwb-brand","embeddable":true,"href":"https:\/\/www.saporinostri.it\/fr\/wp-json\/wp\/v2\/pwb-brand?post=13536"},{"taxonomy":"product_brand","embeddable":true,"href":"https:\/\/www.saporinostri.it\/fr\/wp-json\/wp\/v2\/product_brand?post=13536"},{"taxonomy":"product_cat","embeddable":true,"href":"https:\/\/www.saporinostri.it\/fr\/wp-json\/wp\/v2\/product_cat?post=13536"},{"taxonomy":"product_tag","embeddable":true,"href":"https:\/\/www.saporinostri.it\/fr\/wp-json\/wp\/v2\/product_tag?post=13536"}],"curies":[{"name":"wp","href":"https:\/\/api.w.org\/{rel}","templated":true}]}}