{"id":20542,"date":"2022-09-21T09:41:20","date_gmt":"2022-09-21T07:41:20","guid":{"rendered":"https:\/\/woocommerce-587295-4567585.cloudwaysapps.com\/?post_type=product&#038;p=20542"},"modified":"2025-03-24T07:38:48","modified_gmt":"2025-03-24T06:38:48","slug":"teglia-per-pizza-in-ferro-blu-svasata-40x30x3cm-pentalux","status":"publish","type":"product","link":"https:\/\/www.saporinostri.it\/fr\/teglia-per-pizza-in-ferro-blu-svasata-40x30x3cm-pentalux\/","title":{"rendered":"Plat \u00e0 pizza \u00e9vas\u00e9 en fer bleu 40x30x3cm Pentalux"},"content":{"rendered":"<p><a href=\"https:\/\/www.saporinostri.it\/fr\/produttore\/pentalux\/\"><strong>Pentalux<\/strong><\/a> offre le <strong>meilleurs moules \u00e0 pizza, <\/strong>focaccia et desserts professionnels. Celui en<strong> fer bleu<\/strong>, m\u00e9tal qui, mieux que d&#039;autres, convient \u00e0 la cuisson de ces aliments car il d\u00e9gage de la chaleur lentement et constamment, assurant ainsi une cuisson parfaite, une pizza moelleuse mais croustillante en dessous et sans br\u00fblures.<\/p>\n<p>Le plat \u00e0 pizza <strong>Pentalux<\/strong>\u00a0il n&#039;est pas antiadh\u00e9sif et sans un traitement initial ad\u00e9quat il serait difficile de sortir quoi que ce soit sans risquer que cela colle au fond de la casserole elle-m\u00eame.<\/p>\n<p>Pour le moule en aluminium bleu Pentalux, il est n\u00e9cessaire d&#039;effectuer la proc\u00e9dure de \u00ab\u00a0combustion\u00a0\u00bb avant utilisation. Vous pouvez suivre les conseils que nous inclurons dans le colis pour le r\u00e9aliser, ou demander des informations dans les diff\u00e9rents groupes en ligne d\u00e9di\u00e9s \u00e0 la pizza \u00e0 la po\u00eale romaine ou aux pizza\u00efolos experts.<\/p>\n<ul>\n<li>Gardez la casserole \u00e0 l&#039;abri de l&#039;humidit\u00e9.<\/li>\n<li><strong>NE PAS<\/strong>\u00a0laver\u00a0<strong>JAMAIS<\/strong>\u00a0la casserole avec de l&#039;eau et\/ou du savon, sans m\u00eame retirer l&#039;huile de vaseline pulv\u00e9ris\u00e9e pour la prot\u00e9ger.<\/li>\n<li>Utilisez du papier absorbant ou du coton pour le nettoyer apr\u00e8s utilisation.<\/li>\n<li>Avant de ranger la po\u00eale, nous vous recommandons de brosser l\u00e9g\u00e8rement avec de l&#039;huile sur toute la surface interne et externe.<\/li>\n<li>N&#039;utilisez pas d&#039;ustensiles m\u00e9talliques en contact avec la casserole.<\/li>\n<\/ul>","protected":false},"excerpt":{"rendered":"<p><strong>Plat \u00e0 pizza en fer bleu \u00e9vas\u00e9 Pentalux<\/strong>, l&#039;un des meilleurs plateaux bleus pour un usage professionnel et domestique. Excellent pour la cuisson des pizzas, focaccias et desserts, le fer est un m\u00e9tal qui, mieux que d&#039;autres, convient \u00e0 la cuisson de ces aliments car il d\u00e9gage de la chaleur lentement et constamment, assurant ainsi une cuisson parfaite, une pizza moelleuse et croustillante en dessous sans br\u00fbler.<\/p>\n<p><strong>Po\u00eale qui, avant d&#039;\u00eatre utilis\u00e9e, cette po\u00eale \u00e0 pizza n\u00e9cessite un &quot;<a href=\"https:\/\/www.saporinostri.it\/fr\/teglie-in-ferro-blu-bruciatura-cura-e-manutenzione\/\" target=\"_blank\" rel=\"noopener\">br\u00fbler<\/a>&quot;.<\/strong><\/p>\n<p><span style=\"font-size: 0.95em;\">Instructions pour effectuer le <a href=\"https:\/\/www.saporinostri.it\/fr\/teglie-in-ferro-blu-bruciatura-cura-e-manutenzione\/\" target=\"_blank\" rel=\"noopener\">br\u00fbler<\/a> sera inclus dans le colis avec le plateau en format papier.<\/span><\/p>\n<p>Dimensions : 40 x 30 x 3 cm (\u00e9vas\u00e9 sans diagonales)<\/p>","protected":false},"featured_media":20543,"comment_status":"open","ping_status":"closed","template":"","meta":{"_acf_changed":false,"inline_featured_image":false,"wprm-recipe-roundup-name":"","wprm-recipe-roundup-description":"","_monsterinsights_skip_tracking":false,"_monsterinsights_sitenote_active":false,"_monsterinsights_sitenote_note":"","_monsterinsights_sitenote_category":0},"pwb-brand":[643],"product_brand":[],"product_cat":[149,145],"product_tag":[],"class_list":{"0":"post-20542","1":"product","2":"type-product","3":"status-publish","4":"has-post-thumbnail","6":"pwb-brand-pentalux","7":"product_cat-altro","8":"product_cat-utensili-cucina","10":"first","11":"outofstock","12":"sale","13":"taxable","14":"shipping-taxable","15":"purchasable","16":"product-type-simple"},"acf":[],"yoast_head":"<!-- This site is optimized with the Yoast SEO Premium plugin v23.7 (Yoast SEO v27.3) - https:\/\/yoast.com\/product\/yoast-seo-premium-wordpress\/ -->\n<title>Teglia per Pizza in Ferro Blu Svasata 40x30x3cm Pentalux - Sapori Nostri<\/title>\n<meta name=\"description\" content=\"Teglia per pizza in ferro blu professionale 40x30x3cm Pentalux, acquistala subito le migliori teglie per pizza su Sapori Nostri\" \/>\n<meta name=\"robots\" content=\"index, follow, max-snippet:-1, max-image-preview:large, max-video-preview:-1\" \/>\n<link rel=\"canonical\" href=\"https:\/\/www.saporinostri.it\/fr\/teglia-per-pizza-in-ferro-blu-svasata-40x30x3cm-pentalux\/\" \/>\n<meta property=\"og:locale\" content=\"fr_FR\" \/>\n<meta property=\"og:type\" content=\"article\" \/>\n<meta property=\"og:title\" content=\"Teglia per Pizza in Ferro Blu Svasata 40x30x3cm Pentalux\" \/>\n<meta property=\"og:description\" content=\"Teglia per pizza in ferro blu professionale 40x30x3cm Pentalux, acquistala subito le migliori teglie per pizza su Sapori Nostri\" \/>\n<meta property=\"og:url\" content=\"https:\/\/www.saporinostri.it\/fr\/teglia-per-pizza-in-ferro-blu-svasata-40x30x3cm-pentalux\/\" \/>\n<meta property=\"og:site_name\" content=\"Sapori Nostri\" \/>\n<meta property=\"article:publisher\" content=\"https:\/\/www.facebook.com\/saporinostri.it\/\" \/>\n<meta property=\"article:modified_time\" content=\"2025-03-24T06:38:48+00:00\" \/>\n<meta property=\"og:image\" content=\"https:\/\/www.saporinostri.it\/wp-content\/uploads\/2022\/09\/teglia-svasata-ferro-blu-cm-40x30-pentalux.jpg\" \/>\n\t<meta property=\"og:image:width\" content=\"1500\" \/>\n\t<meta property=\"og:image:height\" content=\"1500\" \/>\n\t<meta property=\"og:image:type\" content=\"image\/jpeg\" \/>\n<meta name=\"twitter:card\" content=\"summary_large_image\" \/>\n<meta name=\"twitter:label1\" content=\"Prix\" \/>\n\t<meta name=\"twitter:data1\" content=\"&euro;13,90\" \/>\n\t<meta name=\"twitter:label2\" content=\"Disponibilit\u00e9\" \/>\n\t<meta name=\"twitter:data2\" content=\"Rupture de stock\" \/>\n<script type=\"application\/ld+json\" class=\"yoast-schema-graph\">{\"@context\":\"https:\\\/\\\/schema.org\",\"@graph\":[{\"@type\":\"WebPage\",\"@id\":\"https:\\\/\\\/www.saporinostri.it\\\/teglia-per-pizza-in-ferro-blu-svasata-40x30x3cm-pentalux\\\/\",\"url\":\"https:\\\/\\\/www.saporinostri.it\\\/teglia-per-pizza-in-ferro-blu-svasata-40x30x3cm-pentalux\\\/\",\"name\":\"Teglia per Pizza in Ferro Blu Svasata 40x30x3cm Pentalux - Sapori Nostri\",\"isPartOf\":{\"@id\":\"https:\\\/\\\/www.saporinostri.it\\\/#website\"},\"primaryImageOfPage\":{\"@id\":\"https:\\\/\\\/www.saporinostri.it\\\/teglia-per-pizza-in-ferro-blu-svasata-40x30x3cm-pentalux\\\/#primaryimage\"},\"image\":{\"@id\":\"https:\\\/\\\/www.saporinostri.it\\\/teglia-per-pizza-in-ferro-blu-svasata-40x30x3cm-pentalux\\\/#primaryimage\"},\"thumbnailUrl\":\"https:\\\/\\\/www.saporinostri.it\\\/wp-content\\\/uploads\\\/2022\\\/09\\\/teglia-svasata-ferro-blu-cm-40x30-pentalux.jpg\",\"datePublished\":\"2022-09-21T07:41:20+00:00\",\"dateModified\":\"2025-03-24T06:38:48+00:00\",\"description\":\"Teglia per pizza in ferro blu professionale 40x30x3cm Pentalux, acquistala subito le migliori teglie per pizza su Sapori Nostri\",\"breadcrumb\":{\"@id\":\"https:\\\/\\\/www.saporinostri.it\\\/teglia-per-pizza-in-ferro-blu-svasata-40x30x3cm-pentalux\\\/#breadcrumb\"},\"inLanguage\":\"fr-FR\",\"potentialAction\":[{\"@type\":\"ReadAction\",\"target\":[\"https:\\\/\\\/www.saporinostri.it\\\/teglia-per-pizza-in-ferro-blu-svasata-40x30x3cm-pentalux\\\/\"]}]},{\"@type\":\"ImageObject\",\"inLanguage\":\"fr-FR\",\"@id\":\"https:\\\/\\\/www.saporinostri.it\\\/teglia-per-pizza-in-ferro-blu-svasata-40x30x3cm-pentalux\\\/#primaryimage\",\"url\":\"https:\\\/\\\/www.saporinostri.it\\\/wp-content\\\/uploads\\\/2022\\\/09\\\/teglia-svasata-ferro-blu-cm-40x30-pentalux.jpg\",\"contentUrl\":\"https:\\\/\\\/www.saporinostri.it\\\/wp-content\\\/uploads\\\/2022\\\/09\\\/teglia-svasata-ferro-blu-cm-40x30-pentalux.jpg\",\"width\":1500,\"height\":1500,\"caption\":\"Teglia per Pizza in Ferro Blu Svasata 40x30x3cm Pentalux\"},{\"@type\":\"BreadcrumbList\",\"@id\":\"https:\\\/\\\/www.saporinostri.it\\\/teglia-per-pizza-in-ferro-blu-svasata-40x30x3cm-pentalux\\\/#breadcrumb\",\"itemListElement\":[{\"@type\":\"ListItem\",\"position\":1,\"name\":\"Home\",\"item\":\"https:\\\/\\\/www.saporinostri.it\\\/\"},{\"@type\":\"ListItem\",\"position\":2,\"name\":\"Shop\",\"item\":\"https:\\\/\\\/www.saporinostri.it\\\/fr\\\/shop\\\/\"},{\"@type\":\"ListItem\",\"position\":3,\"name\":\"Teglia per Pizza in Ferro Blu Svasata 40x30x3cm Pentalux\"}]},{\"@type\":\"WebSite\",\"@id\":\"https:\\\/\\\/www.saporinostri.it\\\/#website\",\"url\":\"https:\\\/\\\/www.saporinostri.it\\\/\",\"name\":\"Sapori Nostri\",\"description\":\"\",\"publisher\":{\"@id\":\"https:\\\/\\\/www.saporinostri.it\\\/#organization\"},\"potentialAction\":[{\"@type\":\"SearchAction\",\"target\":{\"@type\":\"EntryPoint\",\"urlTemplate\":\"https:\\\/\\\/www.saporinostri.it\\\/?s={search_term_string}\"},\"query-input\":{\"@type\":\"PropertyValueSpecification\",\"valueRequired\":true,\"valueName\":\"search_term_string\"}}],\"inLanguage\":\"fr-FR\"},{\"@type\":\"Organization\",\"@id\":\"https:\\\/\\\/www.saporinostri.it\\\/#organization\",\"name\":\"Sapori Nostri\",\"url\":\"https:\\\/\\\/www.saporinostri.it\\\/\",\"logo\":{\"@type\":\"ImageObject\",\"inLanguage\":\"fr-FR\",\"@id\":\"https:\\\/\\\/www.saporinostri.it\\\/#\\\/schema\\\/logo\\\/image\\\/\",\"url\":\"https:\\\/\\\/www.saporinostri.it\\\/wp-content\\\/uploads\\\/2020\\\/05\\\/logo-retina.png\",\"contentUrl\":\"https:\\\/\\\/www.saporinostri.it\\\/wp-content\\\/uploads\\\/2020\\\/05\\\/logo-retina.png\",\"width\":500,\"height\":109,\"caption\":\"Sapori Nostri\"},\"image\":{\"@id\":\"https:\\\/\\\/www.saporinostri.it\\\/#\\\/schema\\\/logo\\\/image\\\/\"},\"sameAs\":[\"https:\\\/\\\/www.facebook.com\\\/saporinostri.it\\\/\",\"https:\\\/\\\/www.instagram.com\\\/saporinostri.it\\\/\"]}]}<\/script>\n<meta property=\"product:brand\" content=\"Pentalux\" \/>\n<meta property=\"product:price:amount\" content=\"13.90\" \/>\n<meta property=\"product:price:currency\" content=\"EUR\" \/>\n<meta property=\"og:availability\" content=\"out of stock\" \/>\n<meta property=\"product:availability\" content=\"out of stock\" \/>\n<meta property=\"product:retailer_item_id\" content=\"8019139700233\" \/>\n<meta property=\"product:condition\" content=\"new\" \/>\n<!-- \/ Yoast SEO Premium plugin. -->","yoast_head_json":{"title":"Plat \u00e0 Pizza Fer Bleu \u00e9vas\u00e9 40x30x3cm Pentalux - Sapori Nostri","description":"Po\u00eale \u00e0 pizza professionnelle en fer bleu 40x30x3cm Pentalux, achetez maintenant les meilleures po\u00eales \u00e0 pizza sur Sapori Nostri","robots":{"index":"index","follow":"follow","max-snippet":"max-snippet:-1","max-image-preview":"max-image-preview:large","max-video-preview":"max-video-preview:-1"},"canonical":"https:\/\/www.saporinostri.it\/fr\/teglia-per-pizza-in-ferro-blu-svasata-40x30x3cm-pentalux\/","og_locale":"fr_FR","og_type":"article","og_title":"Teglia per Pizza in Ferro Blu Svasata 40x30x3cm Pentalux","og_description":"Teglia per pizza in ferro blu professionale 40x30x3cm Pentalux, acquistala subito le migliori teglie per pizza su Sapori Nostri","og_url":"https:\/\/www.saporinostri.it\/fr\/teglia-per-pizza-in-ferro-blu-svasata-40x30x3cm-pentalux\/","og_site_name":"Sapori Nostri","article_publisher":"https:\/\/www.facebook.com\/saporinostri.it\/","article_modified_time":"2025-03-24T06:38:48+00:00","og_image":[{"width":1500,"height":1500,"url":"https:\/\/www.saporinostri.it\/wp-content\/uploads\/2022\/09\/teglia-svasata-ferro-blu-cm-40x30-pentalux.jpg","type":"image\/jpeg"}],"twitter_card":"summary_large_image","twitter_misc":{"Prix":"&euro;13,90","Disponibilit\u00e9":"Rupture de stock"},"schema":{"@context":"https:\/\/schema.org","@graph":[{"@type":"WebPage","@id":"https:\/\/www.saporinostri.it\/teglia-per-pizza-in-ferro-blu-svasata-40x30x3cm-pentalux\/","url":"https:\/\/www.saporinostri.it\/teglia-per-pizza-in-ferro-blu-svasata-40x30x3cm-pentalux\/","name":"Plat \u00e0 Pizza Fer Bleu \u00e9vas\u00e9 40x30x3cm Pentalux - Sapori Nostri","isPartOf":{"@id":"https:\/\/www.saporinostri.it\/#website"},"primaryImageOfPage":{"@id":"https:\/\/www.saporinostri.it\/teglia-per-pizza-in-ferro-blu-svasata-40x30x3cm-pentalux\/#primaryimage"},"image":{"@id":"https:\/\/www.saporinostri.it\/teglia-per-pizza-in-ferro-blu-svasata-40x30x3cm-pentalux\/#primaryimage"},"thumbnailUrl":"https:\/\/www.saporinostri.it\/wp-content\/uploads\/2022\/09\/teglia-svasata-ferro-blu-cm-40x30-pentalux.jpg","datePublished":"2022-09-21T07:41:20+00:00","dateModified":"2025-03-24T06:38:48+00:00","description":"Po\u00eale \u00e0 pizza professionnelle en fer bleu 40x30x3cm Pentalux, achetez maintenant les meilleures po\u00eales \u00e0 pizza sur Sapori Nostri","breadcrumb":{"@id":"https:\/\/www.saporinostri.it\/teglia-per-pizza-in-ferro-blu-svasata-40x30x3cm-pentalux\/#breadcrumb"},"inLanguage":"fr-FR","potentialAction":[{"@type":"ReadAction","target":["https:\/\/www.saporinostri.it\/teglia-per-pizza-in-ferro-blu-svasata-40x30x3cm-pentalux\/"]}]},{"@type":"ImageObject","inLanguage":"fr-FR","@id":"https:\/\/www.saporinostri.it\/teglia-per-pizza-in-ferro-blu-svasata-40x30x3cm-pentalux\/#primaryimage","url":"https:\/\/www.saporinostri.it\/wp-content\/uploads\/2022\/09\/teglia-svasata-ferro-blu-cm-40x30-pentalux.jpg","contentUrl":"https:\/\/www.saporinostri.it\/wp-content\/uploads\/2022\/09\/teglia-svasata-ferro-blu-cm-40x30-pentalux.jpg","width":1500,"height":1500,"caption":"Teglia per Pizza in Ferro Blu Svasata 40x30x3cm Pentalux"},{"@type":"BreadcrumbList","@id":"https:\/\/www.saporinostri.it\/teglia-per-pizza-in-ferro-blu-svasata-40x30x3cm-pentalux\/#breadcrumb","itemListElement":[{"@type":"ListItem","position":1,"name":"Home","item":"https:\/\/www.saporinostri.it\/"},{"@type":"ListItem","position":2,"name":"Shop","item":"https:\/\/www.saporinostri.it\/fr\/shop\/"},{"@type":"ListItem","position":3,"name":"Teglia per Pizza in Ferro Blu Svasata 40x30x3cm Pentalux"}]},{"@type":"WebSite","@id":"https:\/\/www.saporinostri.it\/#website","url":"https:\/\/www.saporinostri.it\/","name":"Sapori Nostri","description":"","publisher":{"@id":"https:\/\/www.saporinostri.it\/#organization"},"potentialAction":[{"@type":"SearchAction","target":{"@type":"EntryPoint","urlTemplate":"https:\/\/www.saporinostri.it\/?s={search_term_string}"},"query-input":{"@type":"PropertyValueSpecification","valueRequired":true,"valueName":"search_term_string"}}],"inLanguage":"fr-FR"},{"@type":"Organization","@id":"https:\/\/www.saporinostri.it\/#organization","name":"Sapori Nostri","url":"https:\/\/www.saporinostri.it\/","logo":{"@type":"ImageObject","inLanguage":"fr-FR","@id":"https:\/\/www.saporinostri.it\/#\/schema\/logo\/image\/","url":"https:\/\/www.saporinostri.it\/wp-content\/uploads\/2020\/05\/logo-retina.png","contentUrl":"https:\/\/www.saporinostri.it\/wp-content\/uploads\/2020\/05\/logo-retina.png","width":500,"height":109,"caption":"Sapori Nostri"},"image":{"@id":"https:\/\/www.saporinostri.it\/#\/schema\/logo\/image\/"},"sameAs":["https:\/\/www.facebook.com\/saporinostri.it\/","https:\/\/www.instagram.com\/saporinostri.it\/"]}]},"product_brand":"Pentalux","product_price_amount":"13.90","product_price_currency":"EUR","og_availability":"out of stock","product_availability":"out of stock","product_retailer_item_id":"8019139700233","product_condition":"new"},"jetpack_sharing_enabled":true,"brands":[{"id":643,"name":"Pentalux","slug":"pentalux"}],"_links":{"self":[{"href":"https:\/\/www.saporinostri.it\/fr\/wp-json\/wp\/v2\/product\/20542","targetHints":{"allow":["GET"]}}],"collection":[{"href":"https:\/\/www.saporinostri.it\/fr\/wp-json\/wp\/v2\/product"}],"about":[{"href":"https:\/\/www.saporinostri.it\/fr\/wp-json\/wp\/v2\/types\/product"}],"replies":[{"embeddable":true,"href":"https:\/\/www.saporinostri.it\/fr\/wp-json\/wp\/v2\/comments?post=20542"}],"wp:featuredmedia":[{"embeddable":true,"href":"https:\/\/www.saporinostri.it\/fr\/wp-json\/wp\/v2\/media\/20543"}],"wp:attachment":[{"href":"https:\/\/www.saporinostri.it\/fr\/wp-json\/wp\/v2\/media?parent=20542"}],"wp:term":[{"taxonomy":"pwb-brand","embeddable":true,"href":"https:\/\/www.saporinostri.it\/fr\/wp-json\/wp\/v2\/pwb-brand?post=20542"},{"taxonomy":"product_brand","embeddable":true,"href":"https:\/\/www.saporinostri.it\/fr\/wp-json\/wp\/v2\/product_brand?post=20542"},{"taxonomy":"product_cat","embeddable":true,"href":"https:\/\/www.saporinostri.it\/fr\/wp-json\/wp\/v2\/product_cat?post=20542"},{"taxonomy":"product_tag","embeddable":true,"href":"https:\/\/www.saporinostri.it\/fr\/wp-json\/wp\/v2\/product_tag?post=20542"}],"curies":[{"name":"wp","href":"https:\/\/api.w.org\/{rel}","templated":true}]}}