{"id":20796,"date":"2022-10-20T09:23:06","date_gmt":"2022-10-20T07:23:06","guid":{"rendered":"https:\/\/woocommerce-587295-4567585.cloudwaysapps.com\/?post_type=product&#038;p=20796"},"modified":"2025-11-19T19:28:21","modified_gmt":"2025-11-19T18:28:21","slug":"miele-di-ciliegio-nobiliradici-320gr","status":"publish","type":"product","link":"https:\/\/www.saporinostri.it\/fr\/miele-di-ciliegio-nobiliradici-320gr\/","title":{"rendered":"NobiliRadici Miel de CERISE 320gr"},"content":{"rendered":"<p><img fetchpriority=\"high\" decoding=\"async\" class=\"aligncenter wp-image-15819 size-full\" src=\"https:\/\/www.saporinostri.it\/wp-content\/uploads\/2021\/11\/nobili-radici.png\" alt=\"Racines nobles\" width=\"400\" height=\"247\" srcset=\"https:\/\/www.saporinostri.it\/wp-content\/uploads\/2021\/11\/nobili-radici.png 400w, https:\/\/www.saporinostri.it\/wp-content\/uploads\/2021\/11\/nobili-radici-300x185.png 300w, https:\/\/www.saporinostri.it\/wp-content\/uploads\/2021\/11\/nobili-radici-18x12.png 18w, https:\/\/www.saporinostri.it\/wp-content\/uploads\/2021\/11\/nobili-radici-150x93.png 150w, https:\/\/www.saporinostri.it\/wp-content\/uploads\/2021\/11\/nobili-radici-64x40.png 64w\" sizes=\"(max-width: 400px) 100vw, 400px\" \/><\/p>\n<p>La conservation des aliments a toujours \u00e9t\u00e9 au c\u0153ur des activit\u00e9s des produits agroalimentaires. Pr\u00e9server les aliments de la pourriture est essentiel pour la consommation, r\u00e9duire le gaspillage de travail et profiter toute l&#039;ann\u00e9e de la saveur des produits de saison. NobiliRadici a choisi de conserver les fruits et l\u00e9gumes cultiv\u00e9s en Italie dans du verre, en s\u00e9lectionnant les meilleures mati\u00e8res premi\u00e8res et en n&#039;alt\u00e9rant pas la saveur avec des conservateurs, des g\u00e9lifiants ou des pectines.<\/p>\n<p><img decoding=\"async\" class=\"size-medium wp-image-16034 alignright lazyload\" data-src=\"https:\/\/www.saporinostri.it\/wp-content\/uploads\/2021\/11\/p4_9-300x200.png\" alt=\"\" width=\"300\" height=\"200\" data-srcset=\"https:\/\/www.saporinostri.it\/wp-content\/uploads\/2021\/11\/p4_9-300x200.png 300w, https:\/\/www.saporinostri.it\/wp-content\/uploads\/2021\/11\/p4_9-18x12.png 18w, https:\/\/www.saporinostri.it\/wp-content\/uploads\/2021\/11\/p4_9-441x294.png 441w, https:\/\/www.saporinostri.it\/wp-content\/uploads\/2021\/11\/p4_9-150x100.png 150w, https:\/\/www.saporinostri.it\/wp-content\/uploads\/2021\/11\/p4_9-64x43.png 64w, https:\/\/www.saporinostri.it\/wp-content\/uploads\/2021\/11\/p4_9.png 708w\" data-sizes=\"(max-width: 300px) 100vw, 300px\" src=\"data:image\/gif;base64,R0lGODlhAQABAAAAACH5BAEKAAEALAAAAAABAAEAAAICTAEAOw==\" style=\"--smush-placeholder-width: 300px; --smush-placeholder-aspect-ratio: 300\/200;\" \/><noscript><img decoding=\"async\" class=\"size-medium wp-image-16034 alignright\" src=\"https:\/\/www.saporinostri.it\/wp-content\/uploads\/2021\/11\/p4_9-300x200.png\" alt=\"\" width=\"300\" height=\"200\" srcset=\"https:\/\/www.saporinostri.it\/wp-content\/uploads\/2021\/11\/p4_9-300x200.png 300w, https:\/\/www.saporinostri.it\/wp-content\/uploads\/2021\/11\/p4_9-18x12.png 18w, https:\/\/www.saporinostri.it\/wp-content\/uploads\/2021\/11\/p4_9-441x294.png 441w, https:\/\/www.saporinostri.it\/wp-content\/uploads\/2021\/11\/p4_9-150x100.png 150w, https:\/\/www.saporinostri.it\/wp-content\/uploads\/2021\/11\/p4_9-64x43.png 64w, https:\/\/www.saporinostri.it\/wp-content\/uploads\/2021\/11\/p4_9.png 708w\" sizes=\"(max-width: 300px) 100vw, 300px\" \/><\/noscript><\/p>\n<p>Le processus de conservation de NobiliRadici est simple, mais n\u00e9cessite une grande attention au traitement des fruits r\u00e9colt\u00e9s au bon moment de maturit\u00e9, de pr\u00e9paration et de cuisson dans les plus brefs d\u00e9lais.<br \/>\ntemps possible. Moins de manipulation du produit est la garantie d&#039;une plus grande qualit\u00e9 gustative et organoleptique.<\/p>\n<p>NobiliRadici s\u00e9lectionne les mati\u00e8res premi\u00e8res en accordant la plus grande attention aux territoires d&#039;origine et en ne s\u00e9lectionnant que le premier choix. Pour cette raison, il n&#039;utilise pas de conservateurs ni d&#039;\u00e9paississants chimiques, obtenant des produits de la plus haute qualit\u00e9 et capables de garantir le bien-\u00eatre et tous les \u00e9l\u00e9ments essentiels pour notre corps.<\/p>\n<ul>\n<li>Mati\u00e8res premi\u00e8res de premier choix et 0 km<\/li>\n<li>Cuisson de premi\u00e8re qualit\u00e9 dans des pots en cuivre et en verre pour la conservation.<\/li>\n<li>Respect de l&#039;environnement \u00e0 chaque \u00e9tape du processus et dans chaque produit.<\/li>\n<\/ul>\n<p><img decoding=\"async\" class=\"wp-image-16035 alignleft lazyload\" data-src=\"https:\/\/www.saporinostri.it\/wp-content\/uploads\/2021\/11\/p4_10.png\" alt=\"\" width=\"546\" height=\"257\" data-srcset=\"https:\/\/www.saporinostri.it\/wp-content\/uploads\/2021\/11\/p4_10.png 1292w, https:\/\/www.saporinostri.it\/wp-content\/uploads\/2021\/11\/p4_10-300x141.png 300w, https:\/\/www.saporinostri.it\/wp-content\/uploads\/2021\/11\/p4_10-1024x481.png 1024w, https:\/\/www.saporinostri.it\/wp-content\/uploads\/2021\/11\/p4_10-768x361.png 768w, https:\/\/www.saporinostri.it\/wp-content\/uploads\/2021\/11\/p4_10-18x8.png 18w, https:\/\/www.saporinostri.it\/wp-content\/uploads\/2021\/11\/p4_10-990x465.png 990w, https:\/\/www.saporinostri.it\/wp-content\/uploads\/2021\/11\/p4_10-441x207.png 441w, https:\/\/www.saporinostri.it\/wp-content\/uploads\/2021\/11\/p4_10-800x376.png 800w, https:\/\/www.saporinostri.it\/wp-content\/uploads\/2021\/11\/p4_10-150x70.png 150w, https:\/\/www.saporinostri.it\/wp-content\/uploads\/2021\/11\/p4_10-64x30.png 64w\" data-sizes=\"(max-width: 546px) 100vw, 546px\" src=\"data:image\/gif;base64,R0lGODlhAQABAAAAACH5BAEKAAEALAAAAAABAAEAAAICTAEAOw==\" style=\"--smush-placeholder-width: 546px; --smush-placeholder-aspect-ratio: 546\/257;\" \/><noscript><img decoding=\"async\" class=\"wp-image-16035 alignleft\" src=\"https:\/\/www.saporinostri.it\/wp-content\/uploads\/2021\/11\/p4_10.png\" alt=\"\" width=\"546\" height=\"257\" srcset=\"https:\/\/www.saporinostri.it\/wp-content\/uploads\/2021\/11\/p4_10.png 1292w, https:\/\/www.saporinostri.it\/wp-content\/uploads\/2021\/11\/p4_10-300x141.png 300w, https:\/\/www.saporinostri.it\/wp-content\/uploads\/2021\/11\/p4_10-1024x481.png 1024w, https:\/\/www.saporinostri.it\/wp-content\/uploads\/2021\/11\/p4_10-768x361.png 768w, https:\/\/www.saporinostri.it\/wp-content\/uploads\/2021\/11\/p4_10-18x8.png 18w, https:\/\/www.saporinostri.it\/wp-content\/uploads\/2021\/11\/p4_10-990x465.png 990w, https:\/\/www.saporinostri.it\/wp-content\/uploads\/2021\/11\/p4_10-441x207.png 441w, https:\/\/www.saporinostri.it\/wp-content\/uploads\/2021\/11\/p4_10-800x376.png 800w, https:\/\/www.saporinostri.it\/wp-content\/uploads\/2021\/11\/p4_10-150x70.png 150w, https:\/\/www.saporinostri.it\/wp-content\/uploads\/2021\/11\/p4_10-64x30.png 64w\" sizes=\"(max-width: 546px) 100vw, 546px\" \/><\/noscript>Tous les proc\u00e9d\u00e9s NobiliRadici sont orient\u00e9s vers la manipulation la moins possible des mati\u00e8res premi\u00e8res et la pr\u00e9servation du go\u00fbt et des valeurs organoleptiques dans le temps.<\/p>\n<p>NobiliRadici conserve des produits avec des temps de pr\u00e9paration et de cuisson courts, inf\u00e9rieurs \u00e0 45 minutes, et des pasteurisations lentes inf\u00e9rieures \u00e0 75\u00b0.<\/p>\n<p>Le r\u00e9sultat est un produit au go\u00fbt unique dans un emballage raffin\u00e9.<br \/>\nLe meilleur verre et la plaque en bois sur tous nos produits sont les \u00e9l\u00e9ments qui caract\u00e9risent tous les produits NobiliRadici.<\/p>\n<p><img decoding=\"async\" class=\"wp-image-16039 alignright lazyload\" data-src=\"https:\/\/www.saporinostri.it\/wp-content\/uploads\/2021\/11\/p6_13-300x107.png\" alt=\"\" width=\"504\" height=\"180\" data-srcset=\"https:\/\/www.saporinostri.it\/wp-content\/uploads\/2021\/11\/p6_13-300x107.png 300w, https:\/\/www.saporinostri.it\/wp-content\/uploads\/2021\/11\/p6_13-1024x365.png 1024w, https:\/\/www.saporinostri.it\/wp-content\/uploads\/2021\/11\/p6_13-768x274.png 768w, https:\/\/www.saporinostri.it\/wp-content\/uploads\/2021\/11\/p6_13-18x6.png 18w, https:\/\/www.saporinostri.it\/wp-content\/uploads\/2021\/11\/p6_13-990x353.png 990w, https:\/\/www.saporinostri.it\/wp-content\/uploads\/2021\/11\/p6_13-441x157.png 441w, https:\/\/www.saporinostri.it\/wp-content\/uploads\/2021\/11\/p6_13-800x285.png 800w, https:\/\/www.saporinostri.it\/wp-content\/uploads\/2021\/11\/p6_13-150x53.png 150w, https:\/\/www.saporinostri.it\/wp-content\/uploads\/2021\/11\/p6_13-64x23.png 64w, https:\/\/www.saporinostri.it\/wp-content\/uploads\/2021\/11\/p6_13.png 1241w\" data-sizes=\"(max-width: 504px) 100vw, 504px\" src=\"data:image\/gif;base64,R0lGODlhAQABAAAAACH5BAEKAAEALAAAAAABAAEAAAICTAEAOw==\" style=\"--smush-placeholder-width: 504px; --smush-placeholder-aspect-ratio: 504\/180;\" \/><noscript><img loading=\"lazy\" decoding=\"async\" class=\"wp-image-16039 alignright\" src=\"https:\/\/www.saporinostri.it\/wp-content\/uploads\/2021\/11\/p6_13-300x107.png\" alt=\"\" width=\"504\" height=\"180\" srcset=\"https:\/\/www.saporinostri.it\/wp-content\/uploads\/2021\/11\/p6_13-300x107.png 300w, https:\/\/www.saporinostri.it\/wp-content\/uploads\/2021\/11\/p6_13-1024x365.png 1024w, https:\/\/www.saporinostri.it\/wp-content\/uploads\/2021\/11\/p6_13-768x274.png 768w, https:\/\/www.saporinostri.it\/wp-content\/uploads\/2021\/11\/p6_13-18x6.png 18w, https:\/\/www.saporinostri.it\/wp-content\/uploads\/2021\/11\/p6_13-990x353.png 990w, https:\/\/www.saporinostri.it\/wp-content\/uploads\/2021\/11\/p6_13-441x157.png 441w, https:\/\/www.saporinostri.it\/wp-content\/uploads\/2021\/11\/p6_13-800x285.png 800w, https:\/\/www.saporinostri.it\/wp-content\/uploads\/2021\/11\/p6_13-150x53.png 150w, https:\/\/www.saporinostri.it\/wp-content\/uploads\/2021\/11\/p6_13-64x23.png 64w, https:\/\/www.saporinostri.it\/wp-content\/uploads\/2021\/11\/p6_13.png 1241w\" sizes=\"(max-width: 504px) 100vw, 504px\" \/><\/noscript>Une gamme compl\u00e8te du petit-d\u00e9jeuner \u00e0 l&#039;apr\u00e8s-d\u00eener.<\/p>\n<p>Confitures et miel pour le matin. Au d\u00e9jeuner et au d\u00eener accompagnement de sauces pour fromages, ap\u00e9ritifs ou plats principaux.<br \/>\nUne collation avec des fruits secs et du miel, et un canap\u00e9 apr\u00e8s le d\u00eener avec du rhum ou du cognac.<br \/>\nPour vos occasions sp\u00e9ciales... les beaux coffrets cadeaux<\/p>\n<p>NobiliRadici \u00e9tudie ses recettes et mati\u00e8res premi\u00e8res \u00e0 utiliser en pensant \u00e0 vous, votre famille et votre table. La bont\u00e9 que seul un geste d&#039;amour peut exprimer.<br \/>\nLe m\u00eame amour de la m\u00e8re qui pr\u00e9pare le d\u00e9jeuner ou le d\u00eener pour la famille. Essayer des saveurs anciennes est une exp\u00e9rience unique qui vous ram\u00e8ne \u00e0 l&#039;\u00e9poque o\u00f9, enfant, vous alliez \u00e0 la campagne avec des oncles ou des grands-parents.<\/p>\n<p>Les productions de NobiliRadici sont toutes \u00e9co-durables et dans le plein respect du territoire et des personnes.<br \/>\nL&#039;utilisation des ressources locales, l&#039;attention au d\u00e9veloppement du territoire et la valorisation de la culture agricole sont \u00e0 la base de ses choix.<\/p>","protected":false},"excerpt":{"rendered":"<p><strong>Ch\u00e9ri<\/strong> produit sur les collines de Roccamonfina, \u00e0 Campagnola, Marzano Appio dans le Parc R\u00e9gional de Roccamonfina-Foce del Garigliano.<\/p>\n<p>Une s\u00e9lection de miel artisanal pur de la plus haute qualit\u00e9. Certaines productions d\u00e9pendent de la production des abeilles, elles sont donc en quantit\u00e9s limit\u00e9es,<\/p>\n<p>les qualit\u00e9s sont les suivantes : miel de <strong>acacia<\/strong>, miel de <strong>fleur sauvage<\/strong>, miel de <strong>ch\u00e2taigne<\/strong>, miel de <strong>cerisier<\/strong>.<\/p>\n<p>Les productions de NobiliRadici sont toutes \u00e9co-durables et dans le plein respect du territoire.<\/p>\n<p><strong>Poids net:<\/strong> 320g<\/p>\n<p><img decoding=\"async\" class=\"wp-image-15833 lazyload\" data-src=\"https:\/\/www.saporinostri.it\/wp-content\/uploads\/2021\/11\/parco-regionale-roccamonfina-foce-garigliano-nobiliradici-1.png\" alt=\"Entreprise bas\u00e9e dans le Parc\" width=\"159\" height=\"87\" data-srcset=\"https:\/\/www.saporinostri.it\/wp-content\/uploads\/2021\/11\/parco-regionale-roccamonfina-foce-garigliano-nobiliradici-1.png 216w, https:\/\/www.saporinostri.it\/wp-content\/uploads\/2021\/11\/parco-regionale-roccamonfina-foce-garigliano-nobiliradici-1-18x10.png 18w, https:\/\/www.saporinostri.it\/wp-content\/uploads\/2021\/11\/parco-regionale-roccamonfina-foce-garigliano-nobiliradici-1-150x82.png 150w, https:\/\/www.saporinostri.it\/wp-content\/uploads\/2021\/11\/parco-regionale-roccamonfina-foce-garigliano-nobiliradici-1-64x35.png 64w\" data-sizes=\"(max-width: 159px) 100vw, 159px\" src=\"data:image\/gif;base64,R0lGODlhAQABAAAAACH5BAEKAAEALAAAAAABAAEAAAICTAEAOw==\" style=\"--smush-placeholder-width: 159px; --smush-placeholder-aspect-ratio: 159\/87;\" \/><noscript><img loading=\"lazy\" decoding=\"async\" class=\"wp-image-15833\" src=\"https:\/\/www.saporinostri.it\/wp-content\/uploads\/2021\/11\/parco-regionale-roccamonfina-foce-garigliano-nobiliradici-1.png\" alt=\"Entreprise bas\u00e9e dans le Parc\" width=\"159\" height=\"87\" srcset=\"https:\/\/www.saporinostri.it\/wp-content\/uploads\/2021\/11\/parco-regionale-roccamonfina-foce-garigliano-nobiliradici-1.png 216w, https:\/\/www.saporinostri.it\/wp-content\/uploads\/2021\/11\/parco-regionale-roccamonfina-foce-garigliano-nobiliradici-1-18x10.png 18w, https:\/\/www.saporinostri.it\/wp-content\/uploads\/2021\/11\/parco-regionale-roccamonfina-foce-garigliano-nobiliradici-1-150x82.png 150w, https:\/\/www.saporinostri.it\/wp-content\/uploads\/2021\/11\/parco-regionale-roccamonfina-foce-garigliano-nobiliradici-1-64x35.png 64w\" sizes=\"(max-width: 159px) 100vw, 159px\" \/><\/noscript><\/p>\n<div class=\"scadenza\">Expiration du lot le plus r\u00e9cent\u00a0: <b>30\/09\/2026 L.22 \/ M4<\/b><\/div>","protected":false},"featured_media":31522,"comment_status":"open","ping_status":"closed","template":"","meta":{"_acf_changed":false,"inline_featured_image":false,"wprm-recipe-roundup-name":"","wprm-recipe-roundup-description":"","_monsterinsights_skip_tracking":false,"_monsterinsights_sitenote_active":false,"_monsterinsights_sitenote_note":"","_monsterinsights_sitenote_category":0},"pwb-brand":[576],"product_brand":[],"product_cat":[412,578],"product_tag":[],"class_list":{"0":"post-20796","1":"product","2":"type-product","3":"status-publish","4":"has-post-thumbnail","6":"pwb-brand-nobiliradici","7":"product_cat-conserve","8":"product_cat-miele","10":"first","11":"instock","12":"sale","13":"taxable","14":"shipping-taxable","15":"purchasable","16":"product-type-simple"},"acf":[],"yoast_head":"<!-- This site is optimized with the Yoast SEO Premium plugin v23.7 (Yoast SEO v27.3) - https:\/\/yoast.com\/product\/yoast-seo-premium-wordpress\/ -->\n<title>Miele di CILIEGIO NobiliRadici 320gr - Sapori Nostri<\/title>\n<meta name=\"description\" content=\"Miele prodotto sulle colline di Roccamonfina, a Campagnola, Marzano Appio nel parco Regionale di Roccamonfina. Una selezione di miele puro\" \/>\n<meta name=\"robots\" content=\"index, follow, max-snippet:-1, max-image-preview:large, max-video-preview:-1\" \/>\n<link rel=\"canonical\" href=\"https:\/\/www.saporinostri.it\/fr\/miele-di-ciliegio-nobiliradici-320gr\/\" \/>\n<meta property=\"og:locale\" content=\"fr_FR\" \/>\n<meta property=\"og:type\" content=\"article\" \/>\n<meta property=\"og:title\" content=\"Miele di CILIEGIO NobiliRadici 320gr\" \/>\n<meta property=\"og:description\" content=\"Miele prodotto sulle colline di Roccamonfina, a Campagnola, Marzano Appio nel parco Regionale di Roccamonfina. Una selezione di miele puro\" \/>\n<meta property=\"og:url\" content=\"https:\/\/www.saporinostri.it\/fr\/miele-di-ciliegio-nobiliradici-320gr\/\" \/>\n<meta property=\"og:site_name\" content=\"Sapori Nostri\" \/>\n<meta property=\"article:publisher\" content=\"https:\/\/www.facebook.com\/saporinostri.it\/\" \/>\n<meta property=\"article:modified_time\" content=\"2025-11-19T18:28:21+00:00\" \/>\n<meta property=\"og:image\" content=\"https:\/\/www.saporinostri.it\/wp-content\/uploads\/2022\/10\/miele-di-ciliegio-nobili-radici.jpg\" \/>\n\t<meta property=\"og:image:width\" content=\"1500\" \/>\n\t<meta property=\"og:image:height\" content=\"1500\" \/>\n\t<meta property=\"og:image:type\" content=\"image\/jpeg\" \/>\n<meta name=\"twitter:card\" content=\"summary_large_image\" \/>\n<meta name=\"twitter:description\" content=\"Miele prodotto sulle colline di Roccamonfina, a Campagnola, Marzano Appio nel parco Regionale di Roccamonfina. Una selezione di miele puro\" \/>\n<meta name=\"twitter:label1\" content=\"Prix\" \/>\n\t<meta name=\"twitter:data1\" content=\"&euro;7,80\" \/>\n\t<meta name=\"twitter:label2\" content=\"Disponibilit\u00e9\" \/>\n\t<meta name=\"twitter:data2\" content=\"En stock\" \/>\n<script type=\"application\/ld+json\" class=\"yoast-schema-graph\">{\"@context\":\"https:\\\/\\\/schema.org\",\"@graph\":[{\"@type\":\"WebPage\",\"@id\":\"https:\\\/\\\/www.saporinostri.it\\\/miele-di-ciliegio-nobiliradici-320gr\\\/\",\"url\":\"https:\\\/\\\/www.saporinostri.it\\\/miele-di-ciliegio-nobiliradici-320gr\\\/\",\"name\":\"Miele di CILIEGIO NobiliRadici 320gr - Sapori Nostri\",\"isPartOf\":{\"@id\":\"https:\\\/\\\/www.saporinostri.it\\\/#website\"},\"primaryImageOfPage\":{\"@id\":\"https:\\\/\\\/www.saporinostri.it\\\/miele-di-ciliegio-nobiliradici-320gr\\\/#primaryimage\"},\"image\":{\"@id\":\"https:\\\/\\\/www.saporinostri.it\\\/miele-di-ciliegio-nobiliradici-320gr\\\/#primaryimage\"},\"thumbnailUrl\":\"https:\\\/\\\/www.saporinostri.it\\\/wp-content\\\/uploads\\\/2022\\\/10\\\/miele-di-ciliegio-nobili-radici.jpg\",\"datePublished\":\"2022-10-20T07:23:06+00:00\",\"dateModified\":\"2025-11-19T18:28:21+00:00\",\"description\":\"Miele prodotto sulle colline di Roccamonfina, a Campagnola, Marzano Appio nel parco Regionale di Roccamonfina. Una selezione di miele puro\",\"breadcrumb\":{\"@id\":\"https:\\\/\\\/www.saporinostri.it\\\/miele-di-ciliegio-nobiliradici-320gr\\\/#breadcrumb\"},\"inLanguage\":\"fr-FR\",\"potentialAction\":[{\"@type\":\"ReadAction\",\"target\":[\"https:\\\/\\\/www.saporinostri.it\\\/miele-di-ciliegio-nobiliradici-320gr\\\/\"]}]},{\"@type\":\"ImageObject\",\"inLanguage\":\"fr-FR\",\"@id\":\"https:\\\/\\\/www.saporinostri.it\\\/miele-di-ciliegio-nobiliradici-320gr\\\/#primaryimage\",\"url\":\"https:\\\/\\\/www.saporinostri.it\\\/wp-content\\\/uploads\\\/2022\\\/10\\\/miele-di-ciliegio-nobili-radici.jpg\",\"contentUrl\":\"https:\\\/\\\/www.saporinostri.it\\\/wp-content\\\/uploads\\\/2022\\\/10\\\/miele-di-ciliegio-nobili-radici.jpg\",\"width\":1500,\"height\":1500,\"caption\":\"Miele di CILIEGIO NobiliRadici 320gr\"},{\"@type\":\"BreadcrumbList\",\"@id\":\"https:\\\/\\\/www.saporinostri.it\\\/miele-di-ciliegio-nobiliradici-320gr\\\/#breadcrumb\",\"itemListElement\":[{\"@type\":\"ListItem\",\"position\":1,\"name\":\"Home\",\"item\":\"https:\\\/\\\/www.saporinostri.it\\\/\"},{\"@type\":\"ListItem\",\"position\":2,\"name\":\"Shop\",\"item\":\"https:\\\/\\\/www.saporinostri.it\\\/fr\\\/shop\\\/\"},{\"@type\":\"ListItem\",\"position\":3,\"name\":\"Miele di CILIEGIO NobiliRadici 320gr\"}]},{\"@type\":\"WebSite\",\"@id\":\"https:\\\/\\\/www.saporinostri.it\\\/#website\",\"url\":\"https:\\\/\\\/www.saporinostri.it\\\/\",\"name\":\"Sapori Nostri\",\"description\":\"\",\"publisher\":{\"@id\":\"https:\\\/\\\/www.saporinostri.it\\\/#organization\"},\"potentialAction\":[{\"@type\":\"SearchAction\",\"target\":{\"@type\":\"EntryPoint\",\"urlTemplate\":\"https:\\\/\\\/www.saporinostri.it\\\/?s={search_term_string}\"},\"query-input\":{\"@type\":\"PropertyValueSpecification\",\"valueRequired\":true,\"valueName\":\"search_term_string\"}}],\"inLanguage\":\"fr-FR\"},{\"@type\":\"Organization\",\"@id\":\"https:\\\/\\\/www.saporinostri.it\\\/#organization\",\"name\":\"Sapori Nostri\",\"url\":\"https:\\\/\\\/www.saporinostri.it\\\/\",\"logo\":{\"@type\":\"ImageObject\",\"inLanguage\":\"fr-FR\",\"@id\":\"https:\\\/\\\/www.saporinostri.it\\\/#\\\/schema\\\/logo\\\/image\\\/\",\"url\":\"https:\\\/\\\/www.saporinostri.it\\\/wp-content\\\/uploads\\\/2020\\\/05\\\/logo-retina.png\",\"contentUrl\":\"https:\\\/\\\/www.saporinostri.it\\\/wp-content\\\/uploads\\\/2020\\\/05\\\/logo-retina.png\",\"width\":500,\"height\":109,\"caption\":\"Sapori Nostri\"},\"image\":{\"@id\":\"https:\\\/\\\/www.saporinostri.it\\\/#\\\/schema\\\/logo\\\/image\\\/\"},\"sameAs\":[\"https:\\\/\\\/www.facebook.com\\\/saporinostri.it\\\/\",\"https:\\\/\\\/www.instagram.com\\\/saporinostri.it\\\/\"]}]}<\/script>\n<meta property=\"product:brand\" content=\"NobiliRadici\" \/>\n<meta property=\"product:price:amount\" content=\"7.80\" \/>\n<meta property=\"product:price:currency\" content=\"EUR\" \/>\n<meta property=\"og:availability\" content=\"instock\" \/>\n<meta property=\"product:availability\" content=\"instock\" \/>\n<meta property=\"product:retailer_item_id\" content=\"8056860860201\" \/>\n<meta property=\"product:condition\" content=\"new\" \/>\n<!-- \/ Yoast SEO Premium plugin. -->","yoast_head_json":{"title":"NobiliRadici Miel de CERISE 320gr - Sapori Nostri","description":"Miel produit sur les collines de Roccamonfina, \u00e0 Campagnola, Marzano Appio dans le Parc R\u00e9gional de Roccamonfina. Une s\u00e9lection de miel pur","robots":{"index":"index","follow":"follow","max-snippet":"max-snippet:-1","max-image-preview":"max-image-preview:large","max-video-preview":"max-video-preview:-1"},"canonical":"https:\/\/www.saporinostri.it\/fr\/miele-di-ciliegio-nobiliradici-320gr\/","og_locale":"fr_FR","og_type":"article","og_title":"Miele di CILIEGIO NobiliRadici 320gr","og_description":"Miele prodotto sulle colline di Roccamonfina, a Campagnola, Marzano Appio nel parco Regionale di Roccamonfina. Una selezione di miele puro","og_url":"https:\/\/www.saporinostri.it\/fr\/miele-di-ciliegio-nobiliradici-320gr\/","og_site_name":"Sapori Nostri","article_publisher":"https:\/\/www.facebook.com\/saporinostri.it\/","article_modified_time":"2025-11-19T18:28:21+00:00","og_image":[{"width":1500,"height":1500,"url":"https:\/\/www.saporinostri.it\/wp-content\/uploads\/2022\/10\/miele-di-ciliegio-nobili-radici.jpg","type":"image\/jpeg"}],"twitter_card":"summary_large_image","twitter_description":"Miele prodotto sulle colline di Roccamonfina, a Campagnola, Marzano Appio nel parco Regionale di Roccamonfina. Una selezione di miele puro","twitter_misc":{"Prix":"&euro;7,80","Disponibilit\u00e9":"En stock"},"schema":{"@context":"https:\/\/schema.org","@graph":[{"@type":"WebPage","@id":"https:\/\/www.saporinostri.it\/miele-di-ciliegio-nobiliradici-320gr\/","url":"https:\/\/www.saporinostri.it\/miele-di-ciliegio-nobiliradici-320gr\/","name":"NobiliRadici Miel de CERISE 320gr - Sapori Nostri","isPartOf":{"@id":"https:\/\/www.saporinostri.it\/#website"},"primaryImageOfPage":{"@id":"https:\/\/www.saporinostri.it\/miele-di-ciliegio-nobiliradici-320gr\/#primaryimage"},"image":{"@id":"https:\/\/www.saporinostri.it\/miele-di-ciliegio-nobiliradici-320gr\/#primaryimage"},"thumbnailUrl":"https:\/\/www.saporinostri.it\/wp-content\/uploads\/2022\/10\/miele-di-ciliegio-nobili-radici.jpg","datePublished":"2022-10-20T07:23:06+00:00","dateModified":"2025-11-19T18:28:21+00:00","description":"Miel produit sur les collines de Roccamonfina, \u00e0 Campagnola, Marzano Appio dans le Parc R\u00e9gional de Roccamonfina. Une s\u00e9lection de miel pur","breadcrumb":{"@id":"https:\/\/www.saporinostri.it\/miele-di-ciliegio-nobiliradici-320gr\/#breadcrumb"},"inLanguage":"fr-FR","potentialAction":[{"@type":"ReadAction","target":["https:\/\/www.saporinostri.it\/miele-di-ciliegio-nobiliradici-320gr\/"]}]},{"@type":"ImageObject","inLanguage":"fr-FR","@id":"https:\/\/www.saporinostri.it\/miele-di-ciliegio-nobiliradici-320gr\/#primaryimage","url":"https:\/\/www.saporinostri.it\/wp-content\/uploads\/2022\/10\/miele-di-ciliegio-nobili-radici.jpg","contentUrl":"https:\/\/www.saporinostri.it\/wp-content\/uploads\/2022\/10\/miele-di-ciliegio-nobili-radici.jpg","width":1500,"height":1500,"caption":"Miele di CILIEGIO NobiliRadici 320gr"},{"@type":"BreadcrumbList","@id":"https:\/\/www.saporinostri.it\/miele-di-ciliegio-nobiliradici-320gr\/#breadcrumb","itemListElement":[{"@type":"ListItem","position":1,"name":"Home","item":"https:\/\/www.saporinostri.it\/"},{"@type":"ListItem","position":2,"name":"Shop","item":"https:\/\/www.saporinostri.it\/fr\/shop\/"},{"@type":"ListItem","position":3,"name":"Miele di CILIEGIO NobiliRadici 320gr"}]},{"@type":"WebSite","@id":"https:\/\/www.saporinostri.it\/#website","url":"https:\/\/www.saporinostri.it\/","name":"Sapori Nostri","description":"","publisher":{"@id":"https:\/\/www.saporinostri.it\/#organization"},"potentialAction":[{"@type":"SearchAction","target":{"@type":"EntryPoint","urlTemplate":"https:\/\/www.saporinostri.it\/?s={search_term_string}"},"query-input":{"@type":"PropertyValueSpecification","valueRequired":true,"valueName":"search_term_string"}}],"inLanguage":"fr-FR"},{"@type":"Organization","@id":"https:\/\/www.saporinostri.it\/#organization","name":"Sapori Nostri","url":"https:\/\/www.saporinostri.it\/","logo":{"@type":"ImageObject","inLanguage":"fr-FR","@id":"https:\/\/www.saporinostri.it\/#\/schema\/logo\/image\/","url":"https:\/\/www.saporinostri.it\/wp-content\/uploads\/2020\/05\/logo-retina.png","contentUrl":"https:\/\/www.saporinostri.it\/wp-content\/uploads\/2020\/05\/logo-retina.png","width":500,"height":109,"caption":"Sapori Nostri"},"image":{"@id":"https:\/\/www.saporinostri.it\/#\/schema\/logo\/image\/"},"sameAs":["https:\/\/www.facebook.com\/saporinostri.it\/","https:\/\/www.instagram.com\/saporinostri.it\/"]}]},"product_brand":"NobiliRadici","product_price_amount":"7.80","product_price_currency":"EUR","og_availability":"instock","product_availability":"instock","product_retailer_item_id":"8056860860201","product_condition":"new"},"jetpack_sharing_enabled":true,"brands":[{"id":576,"name":"Racines nobles","slug":"nobiliradici"}],"_links":{"self":[{"href":"https:\/\/www.saporinostri.it\/fr\/wp-json\/wp\/v2\/product\/20796","targetHints":{"allow":["GET"]}}],"collection":[{"href":"https:\/\/www.saporinostri.it\/fr\/wp-json\/wp\/v2\/product"}],"about":[{"href":"https:\/\/www.saporinostri.it\/fr\/wp-json\/wp\/v2\/types\/product"}],"replies":[{"embeddable":true,"href":"https:\/\/www.saporinostri.it\/fr\/wp-json\/wp\/v2\/comments?post=20796"}],"wp:featuredmedia":[{"embeddable":true,"href":"https:\/\/www.saporinostri.it\/fr\/wp-json\/wp\/v2\/media\/31522"}],"wp:attachment":[{"href":"https:\/\/www.saporinostri.it\/fr\/wp-json\/wp\/v2\/media?parent=20796"}],"wp:term":[{"taxonomy":"pwb-brand","embeddable":true,"href":"https:\/\/www.saporinostri.it\/fr\/wp-json\/wp\/v2\/pwb-brand?post=20796"},{"taxonomy":"product_brand","embeddable":true,"href":"https:\/\/www.saporinostri.it\/fr\/wp-json\/wp\/v2\/product_brand?post=20796"},{"taxonomy":"product_cat","embeddable":true,"href":"https:\/\/www.saporinostri.it\/fr\/wp-json\/wp\/v2\/product_cat?post=20796"},{"taxonomy":"product_tag","embeddable":true,"href":"https:\/\/www.saporinostri.it\/fr\/wp-json\/wp\/v2\/product_tag?post=20796"}],"curies":[{"name":"wp","href":"https:\/\/api.w.org\/{rel}","templated":true}]}}