{"id":21232,"date":"2022-11-26T11:18:36","date_gmt":"2022-11-26T10:18:36","guid":{"rendered":"https:\/\/woocommerce-587295-4567585.cloudwaysapps.com\/?post_type=product&#038;p=21232"},"modified":"2024-11-05T19:39:54","modified_gmt":"2024-11-05T18:39:54","slug":"acciughe-mar-cantabrico-2","status":"publish","type":"product","link":"https:\/\/www.saporinostri.it\/fr\/acciughe-mar-cantabrico-2\/","title":{"rendered":"Filets d&#039;anchois de la mer Cantabrique 25 g"},"content":{"rendered":"<p>Filets d&#039;anchois de la mer Cantabrique, \u00e0 l&#039;huile d&#039;olive, s\u00e9lectionn\u00e9s pour leur taille et transform\u00e9s enti\u00e8rement \u00e0 la main dans toutes les phases, du filetage au nettoyage et au salage. Fabriqu\u00e9 enti\u00e8rement en Cantabrie dans le respect de l&#039;artisanat transmis de g\u00e9n\u00e9ration en g\u00e9n\u00e9ration. Excellent pour les hors-d&#039;\u0153uvre raffin\u00e9s et pour garnir les pizzas gastronomiques.<\/p>\n<p>&nbsp;<\/p>\n<p style=\"font-weight: 400;\"><b><strong>FICHE TECHNIQUE<\/strong><\/b><\/p>\n<p style=\"font-weight: 400;\">Typologie: Poisson (Anchois)<\/p>\n<p style=\"font-weight: 400;\">Fabricant: Grecs<\/p>\n<p style=\"font-weight: 400;\">Origine : Espagne<\/p>\n<p style=\"font-weight: 400;\">Description : Filets d&#039;anchois de la mer Cantabrique, s\u00e9lectionn\u00e9s pour leur taille et transform\u00e9s enti\u00e8rement \u00e0 la main dans toutes les phases, du filetage au nettoyage et au salage. Fabriqu\u00e9 enti\u00e8rement en Cantabrie dans le respect de l&#039;artisanat transmis de g\u00e9n\u00e9ration en g\u00e9n\u00e9ration. Excellent pour les hors-d&#039;\u0153uvre raffin\u00e9s et pour garnir les pizzas gastronomiques<\/p>\n<p>&nbsp;<\/p>","protected":false},"excerpt":{"rendered":"<p>Filets d&#039;anchois de la mer Cantabrique, \u00e0 l&#039;huile d&#039;olive, s\u00e9lectionn\u00e9s pour leur taille et transform\u00e9s enti\u00e8rement \u00e0 la main dans toutes les phases, du filetage au nettoyage et au salage. Fabriqu\u00e9 enti\u00e8rement en Cantabrie dans le respect de l&#039;artisanat transmis de g\u00e9n\u00e9ration en g\u00e9n\u00e9ration<\/p>\n<p>LotC2433A<\/p>\n<p>Expire le 18\/08\/2023<\/p>\n<p>&nbsp;<\/p>","protected":false},"featured_media":21216,"comment_status":"open","ping_status":"closed","template":"","meta":{"_acf_changed":false,"inline_featured_image":false,"wprm-recipe-roundup-name":"","wprm-recipe-roundup-description":"","_monsterinsights_skip_tracking":false,"_monsterinsights_sitenote_active":false,"_monsterinsights_sitenote_note":"","_monsterinsights_sitenote_category":0},"pwb-brand":[647],"product_brand":[],"product_cat":[645],"product_tag":[],"class_list":{"0":"post-21232","1":"product","2":"type-product","3":"status-publish","4":"has-post-thumbnail","6":"pwb-brand-greci","7":"product_cat-gourmet","9":"first","10":"outofstock","11":"sale","12":"taxable","13":"shipping-taxable","14":"purchasable","15":"product-type-simple"},"acf":[],"yoast_head":"<!-- This site is optimized with the Yoast SEO Premium plugin v23.7 (Yoast SEO v27.5) - https:\/\/yoast.com\/product\/yoast-seo-premium-wordpress\/ -->\n<title>Filetti di Acciughe del Mar Cantabrico 25 g - Sapori Nostri<\/title>\n<meta name=\"description\" content=\"Filetti di Acciughe del Mar Cantabrico, in olio di oliva, selezionate per le loro dimensioni e lavorate interamente a mano in tutte le fasi, dalla sfilettatura alla pulizia e salatura. Realizzati interamente in Cantabria rispettando la lavorazione artigianale tramandata di generazione in generazione\" \/>\n<meta name=\"robots\" content=\"index, follow, max-snippet:-1, max-image-preview:large, max-video-preview:-1\" \/>\n<link rel=\"canonical\" href=\"https:\/\/www.saporinostri.it\/fr\/acciughe-mar-cantabrico-2\/\" \/>\n<meta property=\"og:locale\" content=\"fr_FR\" \/>\n<meta property=\"og:type\" content=\"article\" \/>\n<meta property=\"og:title\" content=\"Filetti di Acciughe del Mar Cantabrico 25 g\" \/>\n<meta property=\"og:description\" content=\"Filetti di Acciughe del Mar Cantabrico, in olio di oliva, selezionate per le loro dimensioni e lavorate interamente a mano in tutte le fasi, dalla sfilettatura alla pulizia e salatura. Realizzati interamente in Cantabria rispettando la lavorazione artigianale tramandata di generazione in generazione\" \/>\n<meta property=\"og:url\" content=\"https:\/\/www.saporinostri.it\/fr\/acciughe-mar-cantabrico-2\/\" \/>\n<meta property=\"og:site_name\" content=\"Sapori Nostri\" \/>\n<meta property=\"article:publisher\" content=\"https:\/\/www.facebook.com\/saporinostri.it\/\" \/>\n<meta property=\"article:modified_time\" content=\"2024-11-05T18:39:54+00:00\" \/>\n<meta property=\"og:image\" content=\"https:\/\/www.saporinostri.it\/wp-content\/uploads\/2022\/11\/IMG_1482.jpg\" \/>\n\t<meta property=\"og:image:width\" content=\"625\" \/>\n\t<meta property=\"og:image:height\" content=\"542\" \/>\n\t<meta property=\"og:image:type\" content=\"image\/jpeg\" \/>\n<meta name=\"twitter:card\" content=\"summary_large_image\" \/>\n<meta name=\"twitter:label1\" content=\"Prix\" \/>\n\t<meta name=\"twitter:data1\" content=\"&euro;3,49\" \/>\n\t<meta name=\"twitter:label2\" content=\"Disponibilit\u00e9\" \/>\n\t<meta name=\"twitter:data2\" content=\"Rupture de stock\" \/>\n<script type=\"application\/ld+json\" class=\"yoast-schema-graph\">{\"@context\":\"https:\\\/\\\/schema.org\",\"@graph\":[{\"@type\":\"WebPage\",\"@id\":\"https:\\\/\\\/www.saporinostri.it\\\/acciughe-mar-cantabrico-2\\\/\",\"url\":\"https:\\\/\\\/www.saporinostri.it\\\/acciughe-mar-cantabrico-2\\\/\",\"name\":\"Filetti di Acciughe del Mar Cantabrico 25 g - Sapori Nostri\",\"isPartOf\":{\"@id\":\"https:\\\/\\\/www.saporinostri.it\\\/#website\"},\"primaryImageOfPage\":{\"@id\":\"https:\\\/\\\/www.saporinostri.it\\\/acciughe-mar-cantabrico-2\\\/#primaryimage\"},\"image\":{\"@id\":\"https:\\\/\\\/www.saporinostri.it\\\/acciughe-mar-cantabrico-2\\\/#primaryimage\"},\"thumbnailUrl\":\"https:\\\/\\\/www.saporinostri.it\\\/wp-content\\\/uploads\\\/2022\\\/11\\\/IMG_1482.jpg\",\"datePublished\":\"2022-11-26T10:18:36+00:00\",\"dateModified\":\"2024-11-05T18:39:54+00:00\",\"description\":\"Filetti di Acciughe del Mar Cantabrico, in olio di oliva, selezionate per le loro dimensioni e lavorate interamente a mano in tutte le fasi, dalla sfilettatura alla pulizia e salatura. Realizzati interamente in Cantabria rispettando la lavorazione artigianale tramandata di generazione in generazione\",\"breadcrumb\":{\"@id\":\"https:\\\/\\\/www.saporinostri.it\\\/acciughe-mar-cantabrico-2\\\/#breadcrumb\"},\"inLanguage\":\"fr-FR\",\"potentialAction\":[{\"@type\":\"ReadAction\",\"target\":[\"https:\\\/\\\/www.saporinostri.it\\\/acciughe-mar-cantabrico-2\\\/\"]}]},{\"@type\":\"ImageObject\",\"inLanguage\":\"fr-FR\",\"@id\":\"https:\\\/\\\/www.saporinostri.it\\\/acciughe-mar-cantabrico-2\\\/#primaryimage\",\"url\":\"https:\\\/\\\/www.saporinostri.it\\\/wp-content\\\/uploads\\\/2022\\\/11\\\/IMG_1482.jpg\",\"contentUrl\":\"https:\\\/\\\/www.saporinostri.it\\\/wp-content\\\/uploads\\\/2022\\\/11\\\/IMG_1482.jpg\",\"width\":625,\"height\":542},{\"@type\":\"BreadcrumbList\",\"@id\":\"https:\\\/\\\/www.saporinostri.it\\\/acciughe-mar-cantabrico-2\\\/#breadcrumb\",\"itemListElement\":[{\"@type\":\"ListItem\",\"position\":1,\"name\":\"Home\",\"item\":\"https:\\\/\\\/www.saporinostri.it\\\/\"},{\"@type\":\"ListItem\",\"position\":2,\"name\":\"Shop\",\"item\":\"https:\\\/\\\/www.saporinostri.it\\\/fr\\\/shop\\\/\"},{\"@type\":\"ListItem\",\"position\":3,\"name\":\"Filetti di Acciughe del Mar Cantabrico 25 g\"}]},{\"@type\":\"WebSite\",\"@id\":\"https:\\\/\\\/www.saporinostri.it\\\/#website\",\"url\":\"https:\\\/\\\/www.saporinostri.it\\\/\",\"name\":\"Sapori Nostri\",\"description\":\"\",\"publisher\":{\"@id\":\"https:\\\/\\\/www.saporinostri.it\\\/#organization\"},\"potentialAction\":[{\"@type\":\"SearchAction\",\"target\":{\"@type\":\"EntryPoint\",\"urlTemplate\":\"https:\\\/\\\/www.saporinostri.it\\\/?s={search_term_string}\"},\"query-input\":{\"@type\":\"PropertyValueSpecification\",\"valueRequired\":true,\"valueName\":\"search_term_string\"}}],\"inLanguage\":\"fr-FR\"},{\"@type\":\"Organization\",\"@id\":\"https:\\\/\\\/www.saporinostri.it\\\/#organization\",\"name\":\"Sapori Nostri\",\"url\":\"https:\\\/\\\/www.saporinostri.it\\\/\",\"logo\":{\"@type\":\"ImageObject\",\"inLanguage\":\"fr-FR\",\"@id\":\"https:\\\/\\\/www.saporinostri.it\\\/#\\\/schema\\\/logo\\\/image\\\/\",\"url\":\"https:\\\/\\\/www.saporinostri.it\\\/wp-content\\\/uploads\\\/2020\\\/05\\\/logo-retina.png\",\"contentUrl\":\"https:\\\/\\\/www.saporinostri.it\\\/wp-content\\\/uploads\\\/2020\\\/05\\\/logo-retina.png\",\"width\":500,\"height\":109,\"caption\":\"Sapori Nostri\"},\"image\":{\"@id\":\"https:\\\/\\\/www.saporinostri.it\\\/#\\\/schema\\\/logo\\\/image\\\/\"},\"sameAs\":[\"https:\\\/\\\/www.facebook.com\\\/saporinostri.it\\\/\",\"https:\\\/\\\/www.instagram.com\\\/saporinostri.it\\\/\"]}]}<\/script>\n<meta property=\"product:brand\" content=\"Greci\" \/>\n<meta property=\"product:price:amount\" content=\"3.49\" \/>\n<meta property=\"product:price:currency\" content=\"EUR\" \/>\n<meta property=\"og:availability\" content=\"out of stock\" \/>\n<meta property=\"product:availability\" content=\"out of stock\" \/>\n<meta property=\"product:retailer_item_id\" content=\"8004980045202\" \/>\n<meta property=\"product:condition\" content=\"new\" \/>\n<!-- \/ Yoast SEO Premium plugin. -->","yoast_head_json":{"title":"Filets d&#039;anchois de la mer Cantabrique 25 g - Sapori Nostri","description":"Filets d&#039;anchois de la mer Cantabrique, \u00e0 l&#039;huile d&#039;olive, s\u00e9lectionn\u00e9s pour leur taille et transform\u00e9s enti\u00e8rement \u00e0 la main dans toutes les phases, du filetage au nettoyage et au salage. Fabriqu\u00e9 enti\u00e8rement en Cantabrie dans le respect de l&#039;artisanat transmis de g\u00e9n\u00e9ration en g\u00e9n\u00e9ration","robots":{"index":"index","follow":"follow","max-snippet":"max-snippet:-1","max-image-preview":"max-image-preview:large","max-video-preview":"max-video-preview:-1"},"canonical":"https:\/\/www.saporinostri.it\/fr\/acciughe-mar-cantabrico-2\/","og_locale":"fr_FR","og_type":"article","og_title":"Filetti di Acciughe del Mar Cantabrico 25 g","og_description":"Filetti di Acciughe del Mar Cantabrico, in olio di oliva, selezionate per le loro dimensioni e lavorate interamente a mano in tutte le fasi, dalla sfilettatura alla pulizia e salatura. Realizzati interamente in Cantabria rispettando la lavorazione artigianale tramandata di generazione in generazione","og_url":"https:\/\/www.saporinostri.it\/fr\/acciughe-mar-cantabrico-2\/","og_site_name":"Sapori Nostri","article_publisher":"https:\/\/www.facebook.com\/saporinostri.it\/","article_modified_time":"2024-11-05T18:39:54+00:00","og_image":[{"width":625,"height":542,"url":"https:\/\/www.saporinostri.it\/wp-content\/uploads\/2022\/11\/IMG_1482.jpg","type":"image\/jpeg"}],"twitter_card":"summary_large_image","twitter_misc":{"Prix":"&euro;3,49","Disponibilit\u00e9":"Rupture de stock"},"schema":{"@context":"https:\/\/schema.org","@graph":[{"@type":"WebPage","@id":"https:\/\/www.saporinostri.it\/acciughe-mar-cantabrico-2\/","url":"https:\/\/www.saporinostri.it\/acciughe-mar-cantabrico-2\/","name":"Filets d&#039;anchois de la mer Cantabrique 25 g - Sapori Nostri","isPartOf":{"@id":"https:\/\/www.saporinostri.it\/#website"},"primaryImageOfPage":{"@id":"https:\/\/www.saporinostri.it\/acciughe-mar-cantabrico-2\/#primaryimage"},"image":{"@id":"https:\/\/www.saporinostri.it\/acciughe-mar-cantabrico-2\/#primaryimage"},"thumbnailUrl":"https:\/\/www.saporinostri.it\/wp-content\/uploads\/2022\/11\/IMG_1482.jpg","datePublished":"2022-11-26T10:18:36+00:00","dateModified":"2024-11-05T18:39:54+00:00","description":"Filets d&#039;anchois de la mer Cantabrique, \u00e0 l&#039;huile d&#039;olive, s\u00e9lectionn\u00e9s pour leur taille et transform\u00e9s enti\u00e8rement \u00e0 la main dans toutes les phases, du filetage au nettoyage et au salage. Fabriqu\u00e9 enti\u00e8rement en Cantabrie dans le respect de l&#039;artisanat transmis de g\u00e9n\u00e9ration en g\u00e9n\u00e9ration","breadcrumb":{"@id":"https:\/\/www.saporinostri.it\/acciughe-mar-cantabrico-2\/#breadcrumb"},"inLanguage":"fr-FR","potentialAction":[{"@type":"ReadAction","target":["https:\/\/www.saporinostri.it\/acciughe-mar-cantabrico-2\/"]}]},{"@type":"ImageObject","inLanguage":"fr-FR","@id":"https:\/\/www.saporinostri.it\/acciughe-mar-cantabrico-2\/#primaryimage","url":"https:\/\/www.saporinostri.it\/wp-content\/uploads\/2022\/11\/IMG_1482.jpg","contentUrl":"https:\/\/www.saporinostri.it\/wp-content\/uploads\/2022\/11\/IMG_1482.jpg","width":625,"height":542},{"@type":"BreadcrumbList","@id":"https:\/\/www.saporinostri.it\/acciughe-mar-cantabrico-2\/#breadcrumb","itemListElement":[{"@type":"ListItem","position":1,"name":"Home","item":"https:\/\/www.saporinostri.it\/"},{"@type":"ListItem","position":2,"name":"Shop","item":"https:\/\/www.saporinostri.it\/fr\/shop\/"},{"@type":"ListItem","position":3,"name":"Filetti di Acciughe del Mar Cantabrico 25 g"}]},{"@type":"WebSite","@id":"https:\/\/www.saporinostri.it\/#website","url":"https:\/\/www.saporinostri.it\/","name":"Sapori Nostri","description":"","publisher":{"@id":"https:\/\/www.saporinostri.it\/#organization"},"potentialAction":[{"@type":"SearchAction","target":{"@type":"EntryPoint","urlTemplate":"https:\/\/www.saporinostri.it\/?s={search_term_string}"},"query-input":{"@type":"PropertyValueSpecification","valueRequired":true,"valueName":"search_term_string"}}],"inLanguage":"fr-FR"},{"@type":"Organization","@id":"https:\/\/www.saporinostri.it\/#organization","name":"Sapori Nostri","url":"https:\/\/www.saporinostri.it\/","logo":{"@type":"ImageObject","inLanguage":"fr-FR","@id":"https:\/\/www.saporinostri.it\/#\/schema\/logo\/image\/","url":"https:\/\/www.saporinostri.it\/wp-content\/uploads\/2020\/05\/logo-retina.png","contentUrl":"https:\/\/www.saporinostri.it\/wp-content\/uploads\/2020\/05\/logo-retina.png","width":500,"height":109,"caption":"Sapori Nostri"},"image":{"@id":"https:\/\/www.saporinostri.it\/#\/schema\/logo\/image\/"},"sameAs":["https:\/\/www.facebook.com\/saporinostri.it\/","https:\/\/www.instagram.com\/saporinostri.it\/"]}]},"product_brand":"Greci","product_price_amount":"3.49","product_price_currency":"EUR","og_availability":"out of stock","product_availability":"out of stock","product_retailer_item_id":"8004980045202","product_condition":"new"},"jetpack_sharing_enabled":true,"brands":[{"id":647,"name":"Les Grecs","slug":"greci"}],"_links":{"self":[{"href":"https:\/\/www.saporinostri.it\/fr\/wp-json\/wp\/v2\/product\/21232","targetHints":{"allow":["GET"]}}],"collection":[{"href":"https:\/\/www.saporinostri.it\/fr\/wp-json\/wp\/v2\/product"}],"about":[{"href":"https:\/\/www.saporinostri.it\/fr\/wp-json\/wp\/v2\/types\/product"}],"replies":[{"embeddable":true,"href":"https:\/\/www.saporinostri.it\/fr\/wp-json\/wp\/v2\/comments?post=21232"}],"wp:featuredmedia":[{"embeddable":true,"href":"https:\/\/www.saporinostri.it\/fr\/wp-json\/wp\/v2\/media\/21216"}],"wp:attachment":[{"href":"https:\/\/www.saporinostri.it\/fr\/wp-json\/wp\/v2\/media?parent=21232"}],"wp:term":[{"taxonomy":"pwb-brand","embeddable":true,"href":"https:\/\/www.saporinostri.it\/fr\/wp-json\/wp\/v2\/pwb-brand?post=21232"},{"taxonomy":"product_brand","embeddable":true,"href":"https:\/\/www.saporinostri.it\/fr\/wp-json\/wp\/v2\/product_brand?post=21232"},{"taxonomy":"product_cat","embeddable":true,"href":"https:\/\/www.saporinostri.it\/fr\/wp-json\/wp\/v2\/product_cat?post=21232"},{"taxonomy":"product_tag","embeddable":true,"href":"https:\/\/www.saporinostri.it\/fr\/wp-json\/wp\/v2\/product_tag?post=21232"}],"curies":[{"name":"wp","href":"https:\/\/api.w.org\/{rel}","templated":true}]}}