{"id":2168,"date":"2020-05-09T18:06:37","date_gmt":"2020-05-09T16:06:37","guid":{"rendered":"http:\/\/172.105.66.148\/?post_type=product&#038;p=2168"},"modified":"2026-05-01T13:05:43","modified_gmt":"2026-05-01T11:05:43","slug":"farina-pizzeria-caputo-1-kg","status":"publish","type":"product","link":"https:\/\/www.saporinostri.it\/fr\/farina-pizzeria-caputo-1-kg\/","title":{"rendered":"Farine Pizzeria Caputo 1 Kg"},"content":{"rendered":"<div class=\"ap-wrapper\">\n<div class=\"ap-col f-2 n-b\"><\/div>\n<div class=\"ap-col f-1\">\n<div class=\"nutrition-facts-heading\"><b>Valeurs nutritionnelles moyennes<\/b><\/div>\n<div class=\"nutrition-facts-content\">\n<table>\n<thead>\n<tr>\n<td><\/td>\n<td><b>100g<\/b><\/td>\n<td><b>%AR *\/100g<\/b><\/td>\n<\/tr>\n<\/thead>\n<tbody>\n<tr>\n<td><b>valeur \u00e9nerg\u00e9tique<\/b><\/td>\n<td>1 502 kilowatts<br \/>\n354 kcal<\/td>\n<td>18%<\/td>\n<\/tr>\n<tr>\n<td><b>Gros<\/b><br \/>\ndont : <b>les acides gras satur\u00e9s<\/b><\/td>\n<td>1,0 g<br \/>\n0,2 g<\/td>\n<td>1%<br \/>\n1%<\/td>\n<\/tr>\n<tr>\n<td><b>Les glucides<\/b><br \/>\ndont : <b>Sucres<\/b><\/td>\n<td>72 grammes<br \/>\n1 g<\/td>\n<td>28%<br \/>\n1%<\/td>\n<\/tr>\n<tr>\n<td><b>Fibres<\/b><\/td>\n<td>3 grammes<\/td>\n<td><\/td>\n<\/tr>\n<tr>\n<td><b>Prot\u00e9ines<\/b><\/td>\n<td>12,5 grammes<\/td>\n<td>25%<\/td>\n<\/tr>\n<tr>\n<td><b>sel<\/b><\/td>\n<td>0,006 g<\/td>\n<td>0%<\/td>\n<\/tr>\n<\/tbody>\n<\/table>\n<\/div>\n<\/div>\n<\/div>\n<div class=\"mini-infobox-wrapper\">\n<p class=\"mini-infobox\"><b>Type de farine<\/b><\/p>\n<p class=\"mini-infobox\"><b>Boulangerie<\/b><\/p>\n<p class=\"mini-infobox\"><b>Prot\u00e9ines<\/b><br \/>\n<span style=\"font-size: 0.85em;\">\u00b1 0,50%<\/span><\/p>\n<p class=\"mini-infobox\"><b>\u00c9lasticit\u00e9<\/b><\/p>\n<p class=\"mini-infobox\"><b>Levain<\/b><\/p>\n<\/div>\n<h3 class=\"mt-5\">Recettes avec ce produit<\/h3>\n<div class=\"mt-3\">\n<div class=\"elementor elementor-12251\" data-elementor-type=\"page\" data-elementor-id=\"12251\">\n<section class=\"elementor-section elementor-top-section elementor-element elementor-element-7d29bb09 elementor-section-stretched elementor-section-boxed elementor-section-height-default elementor-section-height-default\" data-id=\"7d29bb09\" data-element_type=\"section\" data-settings=\"{&quot;stretch_section&quot;:&quot;section-stretched&quot;,&quot;background_background&quot;:&quot;classic&quot;}\">\n<div class=\"elementor-container elementor-column-gap-default\">\n<div class=\"elementor-column elementor-col-100 elementor-top-column elementor-element elementor-element-57c51ca3\" data-id=\"57c51ca3\" data-element_type=\"column\">\n<div class=\"elementor-widget-wrap elementor-element-populated\">\n<div class=\"elementor-element elementor-element-6351da4e elementor-grid-4 elementor-grid-tablet-2 elementor-grid-mobile-1 elementor-posts--thumbnail-top elementor-posts--show-avatar elementor-card-shadow-yes elementor-posts__hover-gradient elementor-widget elementor-widget-posts\" data-id=\"6351da4e\" data-element_type=\"widget\" data-settings=\"{&quot;cards_columns&quot;:&quot;4&quot;,&quot;cards_row_gap&quot;:{&quot;unit&quot;:&quot;px&quot;,&quot;size&quot;:25,&quot;sizes&quot;:[]},&quot;cards_columns_tablet&quot;:&quot;2&quot;,&quot;cards_columns_mobile&quot;:&quot;1&quot;,&quot;cards_row_gap_tablet&quot;:{&quot;unit&quot;:&quot;px&quot;,&quot;size&quot;:&quot;&quot;,&quot;sizes&quot;:[]},&quot;cards_row_gap_mobile&quot;:{&quot;unit&quot;:&quot;px&quot;,&quot;size&quot;:&quot;&quot;,&quot;sizes&quot;:[]}}\" data-widget_type=\"posts.cards\">\n<div class=\"elementor-widget-container\">\n<div class=\"elementor-posts-container elementor-posts elementor-posts--skin-cards elementor-grid\">\n<article class=\"elementor-post elementor-grid-item post-13183 post type-post status-publish format-standard has-post-thumbnail hentry category-ricette tag-ciambelline-al-vino tag-ciambelline-dolci tag-ciambelline-dolci-al-vino tag-farina-00 tag-ricette-della-nonna tag-taralli-al-vino tag-taralli-dolci tag-taralli-dolci-al-vino tag-tarallucci-al-vino tag-tarallucci-dolci tag-tarallucci-dolci-al-vino\">\n<div class=\"elementor-post__card\">\n<div class=\"elementor-post__thumbnail\"><img fetchpriority=\"high\" decoding=\"async\" class=\"attachment-medium size-medium\" src=\"https:\/\/www.saporinostri.it\/wp-content\/uploads\/2021\/06\/ciambelline-al-vino-300x225.jpg\" alt=\"Beignets au vin\" width=\"300\" height=\"225\" \/><\/div>\n<p>&nbsp;<\/p>\n<div class=\"elementor-post__badge\">Recettes<\/div>\n<div class=\"elementor-post__avatar\"><img decoding=\"async\" class=\"avatar avatar-128 photo lazyload\" data-src=\"https:\/\/secure.gravatar.com\/avatar\/ced932e0bb1127195d5150ca69a9abd7?s=128&amp;d=mm&amp;r=g\" alt=\"Manlio Di Paola\" width=\"128\" height=\"128\" src=\"data:image\/gif;base64,R0lGODlhAQABAAAAACH5BAEKAAEALAAAAAABAAEAAAICTAEAOw==\" style=\"--smush-placeholder-width: 128px; --smush-placeholder-aspect-ratio: 128\/128;\" \/><noscript><img decoding=\"async\" class=\"avatar avatar-128 photo\" src=\"https:\/\/secure.gravatar.com\/avatar\/ced932e0bb1127195d5150ca69a9abd7?s=128&amp;d=mm&amp;r=g\" alt=\"Manlio Di Paola\" width=\"128\" height=\"128\" \/><\/noscript><\/div>\n<div class=\"elementor-post__text\">\n<h3 class=\"elementor-post__title\"><a href=\"https:\/\/www.saporinostri.it\/fr\/ricetta-ciambelline-al-vino-mbriachelle\/\"><br \/>\nBeignets au vin <\/a><\/h3>\n<div class=\"elementor-post__excerpt\">\n<p>Les Ciambelline al vino, \u00e9galement connues sous le nom de Tarallucci al vino ou Ubriachelle, sont des friandises rustiques typiques de la cuisine romaine antique. Ils sont faciles \u00e0 pr\u00e9parer et avec peu d\u2019ingr\u00e9dients.<\/p>\n<\/div>\n<p><a class=\"elementor-post__read-more\" href=\"https:\/\/www.saporinostri.it\/fr\/ricetta-ciambelline-al-vino-mbriachelle\/\"><br \/>\nContinue de lire &quot; <\/a><\/p>\n<\/div>\n<\/div>\n<\/article>\n<article class=\"elementor-post elementor-grid-item post-12245 post type-post status-publish format-standard has-post-thumbnail hentry category-ricette tag-farina-00 tag-olio-extravergine-di-oliva tag-piadina\">\n<div class=\"elementor-post__card\">\n<div class=\"elementor-post__thumbnail\"><img decoding=\"async\" class=\"attachment-medium size-medium lazyload\" data-src=\"https:\/\/www.saporinostri.it\/wp-content\/uploads\/2021\/05\/piadina-300x200.jpg\" alt=\"\" width=\"300\" height=\"200\" src=\"data:image\/gif;base64,R0lGODlhAQABAAAAACH5BAEKAAEALAAAAAABAAEAAAICTAEAOw==\" style=\"--smush-placeholder-width: 300px; --smush-placeholder-aspect-ratio: 300\/200;\" \/><noscript><img decoding=\"async\" class=\"attachment-medium size-medium\" src=\"https:\/\/www.saporinostri.it\/wp-content\/uploads\/2021\/05\/piadina-300x200.jpg\" alt=\"\" width=\"300\" height=\"200\" \/><\/noscript><\/div>\n<p>&nbsp;<\/p>\n<div class=\"elementor-post__badge\">Recettes<\/div>\n<div class=\"elementor-post__avatar\"><img decoding=\"async\" class=\"avatar avatar-128 photo lazyload\" data-src=\"https:\/\/secure.gravatar.com\/avatar\/ced932e0bb1127195d5150ca69a9abd7?s=128&amp;d=mm&amp;r=g\" alt=\"Manlio Di Paola\" width=\"128\" height=\"128\" src=\"data:image\/gif;base64,R0lGODlhAQABAAAAACH5BAEKAAEALAAAAAABAAEAAAICTAEAOw==\" style=\"--smush-placeholder-width: 128px; --smush-placeholder-aspect-ratio: 128\/128;\" \/><noscript><img decoding=\"async\" class=\"avatar avatar-128 photo\" src=\"https:\/\/secure.gravatar.com\/avatar\/ced932e0bb1127195d5150ca69a9abd7?s=128&amp;d=mm&amp;r=g\" alt=\"Manlio Di Paola\" width=\"128\" height=\"128\" \/><\/noscript><\/div>\n<div class=\"elementor-post__text\">\n<h3 class=\"elementor-post__title\"><a href=\"https:\/\/www.saporinostri.it\/fr\/ricetta-piadina-romagnola\/\"><br \/>\nRecette de Piadina Romagnola sans saindoux <\/a><\/h3>\n<div class=\"elementor-post__excerpt\">\n<p>Il n&#039;y a rien de plus simple et de plus savoureux qu&#039;une bonne Piadina Romagnola, une recette pauvre aux origines anciennes aim\u00e9e, mais aim\u00e9e et appr\u00e9ci\u00e9e dans le monde entier.<\/p>\n<\/div>\n<p><a class=\"elementor-post__read-more\" href=\"https:\/\/www.saporinostri.it\/fr\/ricetta-piadina-romagnola\/\"><br \/>\nContinue de lire &quot; <\/a><\/p>\n<\/div>\n<\/div>\n<\/article>\n<article class=\"elementor-post elementor-grid-item post-3775 post type-post status-publish format-standard has-post-thumbnail hentry category-ricette tag-farina-0 tag-farina-00 tag-olio-extravergine-di-oliva\">\n<div class=\"elementor-post__card\">\n<div class=\"elementor-post__thumbnail\"><img decoding=\"async\" class=\"attachment-medium size-medium lazyload\" data-src=\"https:\/\/www.saporinostri.it\/wp-content\/uploads\/2020\/10\/le-origini-della-pizza-napoletana-e1601990439881-300x177.jpg\" alt=\"Les origines de la pizza napolitaine\" width=\"300\" height=\"177\" src=\"data:image\/gif;base64,R0lGODlhAQABAAAAACH5BAEKAAEALAAAAAABAAEAAAICTAEAOw==\" style=\"--smush-placeholder-width: 300px; --smush-placeholder-aspect-ratio: 300\/177;\" \/><noscript><img loading=\"lazy\" decoding=\"async\" class=\"attachment-medium size-medium\" src=\"https:\/\/www.saporinostri.it\/wp-content\/uploads\/2020\/10\/le-origini-della-pizza-napoletana-e1601990439881-300x177.jpg\" alt=\"Les origines de la pizza napolitaine\" width=\"300\" height=\"177\" \/><\/noscript><\/div>\n<p>&nbsp;<\/p>\n<div class=\"elementor-post__badge\">Recettes<\/div>\n<div class=\"elementor-post__avatar\"><img decoding=\"async\" class=\"avatar avatar-128 photo lazyload\" data-src=\"https:\/\/secure.gravatar.com\/avatar\/ced932e0bb1127195d5150ca69a9abd7?s=128&amp;d=mm&amp;r=g\" alt=\"Manlio Di Paola\" width=\"128\" height=\"128\" src=\"data:image\/gif;base64,R0lGODlhAQABAAAAACH5BAEKAAEALAAAAAABAAEAAAICTAEAOw==\" style=\"--smush-placeholder-width: 128px; --smush-placeholder-aspect-ratio: 128\/128;\" \/><noscript><img decoding=\"async\" class=\"avatar avatar-128 photo\" src=\"https:\/\/secure.gravatar.com\/avatar\/ced932e0bb1127195d5150ca69a9abd7?s=128&amp;d=mm&amp;r=g\" alt=\"Manlio Di Paola\" width=\"128\" height=\"128\" \/><\/noscript><\/div>\n<div class=\"elementor-post__text\">\n<h3 class=\"elementor-post__title\"><a href=\"https:\/\/www.saporinostri.it\/fr\/le-origini-della-pizza-ricetta-pizza-verace-napoletana\/\"><br \/>\nRecette et origines de la pizza napolitaine <\/a><\/h3>\n<div class=\"elementor-post__excerpt\">\n<p>On peut dire que la pizza est le plat le plus populaire au monde et, certainement, l&#039;un des plus populaires. La pizza elle-m\u00eame a des origines<\/p>\n<\/div>\n<p><a class=\"elementor-post__read-more\" href=\"https:\/\/www.saporinostri.it\/fr\/le-origini-della-pizza-ricetta-pizza-verace-napoletana\/\"><br \/>\nContinue de lire &quot; <\/a><\/p>\n<\/div>\n<\/div>\n<\/article>\n<\/div>\n<\/div>\n<\/div>\n<\/div>\n<\/div>\n<\/div>\n<\/section>\n<\/div>\n<\/div>","protected":false},"excerpt":{"rendered":"<div class=\"scadenza\">\n<p><b>Levain:<\/b> Longue<br \/>\n<b>Boulangerie:<\/b> L 260\/270<\/p>\n<ul>\n<li>Id\u00e9al pour la pizza napolitaine classique<\/li>\n<li>Pour des p\u00e2tes \u00e0 l&#039;excellente hydratation, l\u00e9g\u00e8res, \u00e0 la lev\u00e9e parfaite.<\/li>\n<\/ul>\n<div class=\"scadenza\">Expiration du lot le plus r\u00e9cent\u00a0:<\/div>\n<div><strong>25\/02\/2027 L.056B<\/strong><\/div>\n<\/div>","protected":false},"featured_media":12565,"comment_status":"open","ping_status":"closed","template":"","meta":{"_acf_changed":false,"inline_featured_image":false,"wprm-recipe-roundup-name":"","wprm-recipe-roundup-description":"","_monsterinsights_skip_tracking":false,"_monsterinsights_sitenote_active":false,"_monsterinsights_sitenote_note":"","_monsterinsights_sitenote_category":0},"pwb-brand":[110],"product_brand":[],"product_cat":[97],"product_tag":[],"class_list":{"0":"post-2168","1":"product","2":"type-product","3":"status-publish","4":"has-post-thumbnail","6":"pwb-brand-mulino-caputo","7":"product_cat-farine","8":"product_shipping_class-iva-4","10":"first","11":"instock","12":"sale","13":"taxable","14":"shipping-taxable","15":"purchasable","16":"product-type-simple"},"acf":[],"yoast_head":"<!-- This site is optimized with the Yoast SEO Premium plugin v23.7 (Yoast SEO v27.5) - https:\/\/yoast.com\/product\/yoast-seo-premium-wordpress\/ -->\n<title>Farina Caputo Blu Pizzeria 1 kg - Sapori Nostri<\/title>\n<meta name=\"description\" content=\"Farina Pizzeria Caputo Blu, ideale per la classica pizza napoletana, impasti con ottima idratazione, leggeri, a lievitazione perfetta\" \/>\n<meta name=\"robots\" content=\"index, follow, max-snippet:-1, max-image-preview:large, max-video-preview:-1\" \/>\n<link rel=\"canonical\" href=\"https:\/\/www.saporinostri.it\/fr\/farina-pizzeria-caputo-1-kg\/\" \/>\n<meta property=\"og:locale\" content=\"fr_FR\" \/>\n<meta property=\"og:type\" content=\"article\" \/>\n<meta property=\"og:title\" content=\"Farina Pizzeria Caputo 1 Kg\" \/>\n<meta property=\"og:description\" content=\"Farina Pizzeria Caputo Blu, ideale per la classica pizza napoletana, impasti con ottima idratazione, leggeri, a lievitazione perfetta\" \/>\n<meta property=\"og:url\" content=\"https:\/\/www.saporinostri.it\/fr\/farina-pizzeria-caputo-1-kg\/\" \/>\n<meta property=\"og:site_name\" content=\"Sapori Nostri\" \/>\n<meta property=\"article:publisher\" content=\"https:\/\/www.facebook.com\/saporinostri.it\/\" \/>\n<meta property=\"article:modified_time\" content=\"2026-05-01T11:05:43+00:00\" \/>\n<meta property=\"og:image\" content=\"https:\/\/www.saporinostri.it\/wp-content\/uploads\/2021\/06\/farina-pizzeria-caputo-1-kg-nuova-front.jpg\" \/>\n\t<meta property=\"og:image:width\" content=\"1500\" \/>\n\t<meta property=\"og:image:height\" content=\"1500\" \/>\n\t<meta property=\"og:image:type\" content=\"image\/jpeg\" \/>\n<meta name=\"twitter:card\" content=\"summary_large_image\" \/>\n<meta name=\"twitter:label1\" content=\"Prix\" \/>\n\t<meta name=\"twitter:data1\" content=\"&euro;1,64\" \/>\n\t<meta name=\"twitter:label2\" content=\"Disponibilit\u00e9\" \/>\n\t<meta name=\"twitter:data2\" content=\"En stock\" \/>\n<script type=\"application\/ld+json\" class=\"yoast-schema-graph\">{\"@context\":\"https:\\\/\\\/schema.org\",\"@graph\":[{\"@type\":\"WebPage\",\"@id\":\"https:\\\/\\\/www.saporinostri.it\\\/farina-pizzeria-caputo-1-kg\\\/\",\"url\":\"https:\\\/\\\/www.saporinostri.it\\\/farina-pizzeria-caputo-1-kg\\\/\",\"name\":\"Farina Caputo Blu Pizzeria 1 kg - Sapori Nostri\",\"isPartOf\":{\"@id\":\"https:\\\/\\\/www.saporinostri.it\\\/#website\"},\"primaryImageOfPage\":{\"@id\":\"https:\\\/\\\/www.saporinostri.it\\\/farina-pizzeria-caputo-1-kg\\\/#primaryimage\"},\"image\":{\"@id\":\"https:\\\/\\\/www.saporinostri.it\\\/farina-pizzeria-caputo-1-kg\\\/#primaryimage\"},\"thumbnailUrl\":\"https:\\\/\\\/www.saporinostri.it\\\/wp-content\\\/uploads\\\/2021\\\/06\\\/farina-pizzeria-caputo-1-kg-nuova-front.jpg\",\"datePublished\":\"2020-05-09T16:06:37+00:00\",\"dateModified\":\"2026-05-01T11:05:43+00:00\",\"description\":\"Farina Pizzeria Caputo Blu, ideale per la classica pizza napoletana, impasti con ottima idratazione, leggeri, a lievitazione perfetta\",\"breadcrumb\":{\"@id\":\"https:\\\/\\\/www.saporinostri.it\\\/farina-pizzeria-caputo-1-kg\\\/#breadcrumb\"},\"inLanguage\":\"fr-FR\",\"potentialAction\":[{\"@type\":\"ReadAction\",\"target\":[\"https:\\\/\\\/www.saporinostri.it\\\/farina-pizzeria-caputo-1-kg\\\/\"]}]},{\"@type\":\"ImageObject\",\"inLanguage\":\"fr-FR\",\"@id\":\"https:\\\/\\\/www.saporinostri.it\\\/farina-pizzeria-caputo-1-kg\\\/#primaryimage\",\"url\":\"https:\\\/\\\/www.saporinostri.it\\\/wp-content\\\/uploads\\\/2021\\\/06\\\/farina-pizzeria-caputo-1-kg-nuova-front.jpg\",\"contentUrl\":\"https:\\\/\\\/www.saporinostri.it\\\/wp-content\\\/uploads\\\/2021\\\/06\\\/farina-pizzeria-caputo-1-kg-nuova-front.jpg\",\"width\":1500,\"height\":1500,\"caption\":\"Farina Pizzeria Caputo 1 Kg\"},{\"@type\":\"BreadcrumbList\",\"@id\":\"https:\\\/\\\/www.saporinostri.it\\\/farina-pizzeria-caputo-1-kg\\\/#breadcrumb\",\"itemListElement\":[{\"@type\":\"ListItem\",\"position\":1,\"name\":\"Home\",\"item\":\"https:\\\/\\\/www.saporinostri.it\\\/\"},{\"@type\":\"ListItem\",\"position\":2,\"name\":\"Shop\",\"item\":\"https:\\\/\\\/www.saporinostri.it\\\/fr\\\/shop\\\/\"},{\"@type\":\"ListItem\",\"position\":3,\"name\":\"Farina Pizzeria Caputo 1 Kg\"}]},{\"@type\":\"WebSite\",\"@id\":\"https:\\\/\\\/www.saporinostri.it\\\/#website\",\"url\":\"https:\\\/\\\/www.saporinostri.it\\\/\",\"name\":\"Sapori Nostri\",\"description\":\"\",\"publisher\":{\"@id\":\"https:\\\/\\\/www.saporinostri.it\\\/#organization\"},\"potentialAction\":[{\"@type\":\"SearchAction\",\"target\":{\"@type\":\"EntryPoint\",\"urlTemplate\":\"https:\\\/\\\/www.saporinostri.it\\\/?s={search_term_string}\"},\"query-input\":{\"@type\":\"PropertyValueSpecification\",\"valueRequired\":true,\"valueName\":\"search_term_string\"}}],\"inLanguage\":\"fr-FR\"},{\"@type\":\"Organization\",\"@id\":\"https:\\\/\\\/www.saporinostri.it\\\/#organization\",\"name\":\"Sapori Nostri\",\"url\":\"https:\\\/\\\/www.saporinostri.it\\\/\",\"logo\":{\"@type\":\"ImageObject\",\"inLanguage\":\"fr-FR\",\"@id\":\"https:\\\/\\\/www.saporinostri.it\\\/#\\\/schema\\\/logo\\\/image\\\/\",\"url\":\"https:\\\/\\\/www.saporinostri.it\\\/wp-content\\\/uploads\\\/2020\\\/05\\\/logo-retina.png\",\"contentUrl\":\"https:\\\/\\\/www.saporinostri.it\\\/wp-content\\\/uploads\\\/2020\\\/05\\\/logo-retina.png\",\"width\":500,\"height\":109,\"caption\":\"Sapori Nostri\"},\"image\":{\"@id\":\"https:\\\/\\\/www.saporinostri.it\\\/#\\\/schema\\\/logo\\\/image\\\/\"},\"sameAs\":[\"https:\\\/\\\/www.facebook.com\\\/saporinostri.it\\\/\",\"https:\\\/\\\/www.instagram.com\\\/saporinostri.it\\\/\"]}]}<\/script>\n<meta property=\"product:brand\" content=\"Mulino Caputo\" \/>\n<meta property=\"product:price:amount\" content=\"1.64\" \/>\n<meta property=\"product:price:currency\" content=\"EUR\" \/>\n<meta property=\"og:availability\" content=\"instock\" \/>\n<meta property=\"product:availability\" content=\"instock\" \/>\n<meta property=\"product:retailer_item_id\" content=\"8014601036100\" \/>\n<meta property=\"product:condition\" content=\"new\" \/>\n<!-- \/ Yoast SEO Premium plugin. -->","yoast_head_json":{"title":"Caputo Blu Pizzeria farine 1 kg - Nos saveurs","description":"Farine Pizzeria Caputo Blu, id\u00e9ale pour la pizza napolitaine classique, p\u00e2tes avec une excellente hydratation, l\u00e9g\u00e8res, avec un levain parfait","robots":{"index":"index","follow":"follow","max-snippet":"max-snippet:-1","max-image-preview":"max-image-preview:large","max-video-preview":"max-video-preview:-1"},"canonical":"https:\/\/www.saporinostri.it\/fr\/farina-pizzeria-caputo-1-kg\/","og_locale":"fr_FR","og_type":"article","og_title":"Farina Pizzeria Caputo 1 Kg","og_description":"Farina Pizzeria Caputo Blu, ideale per la classica pizza napoletana, impasti con ottima idratazione, leggeri, a lievitazione perfetta","og_url":"https:\/\/www.saporinostri.it\/fr\/farina-pizzeria-caputo-1-kg\/","og_site_name":"Sapori Nostri","article_publisher":"https:\/\/www.facebook.com\/saporinostri.it\/","article_modified_time":"2026-05-01T11:05:43+00:00","og_image":[{"width":1500,"height":1500,"url":"https:\/\/www.saporinostri.it\/wp-content\/uploads\/2021\/06\/farina-pizzeria-caputo-1-kg-nuova-front.jpg","type":"image\/jpeg"}],"twitter_card":"summary_large_image","twitter_misc":{"Prix":"&euro;1,64","Disponibilit\u00e9":"En stock"},"schema":{"@context":"https:\/\/schema.org","@graph":[{"@type":"WebPage","@id":"https:\/\/www.saporinostri.it\/farina-pizzeria-caputo-1-kg\/","url":"https:\/\/www.saporinostri.it\/farina-pizzeria-caputo-1-kg\/","name":"Caputo Blu Pizzeria farine 1 kg - Nos saveurs","isPartOf":{"@id":"https:\/\/www.saporinostri.it\/#website"},"primaryImageOfPage":{"@id":"https:\/\/www.saporinostri.it\/farina-pizzeria-caputo-1-kg\/#primaryimage"},"image":{"@id":"https:\/\/www.saporinostri.it\/farina-pizzeria-caputo-1-kg\/#primaryimage"},"thumbnailUrl":"https:\/\/www.saporinostri.it\/wp-content\/uploads\/2021\/06\/farina-pizzeria-caputo-1-kg-nuova-front.jpg","datePublished":"2020-05-09T16:06:37+00:00","dateModified":"2026-05-01T11:05:43+00:00","description":"Farine Pizzeria Caputo Blu, id\u00e9ale pour la pizza napolitaine classique, p\u00e2tes avec une excellente hydratation, l\u00e9g\u00e8res, avec un levain parfait","breadcrumb":{"@id":"https:\/\/www.saporinostri.it\/farina-pizzeria-caputo-1-kg\/#breadcrumb"},"inLanguage":"fr-FR","potentialAction":[{"@type":"ReadAction","target":["https:\/\/www.saporinostri.it\/farina-pizzeria-caputo-1-kg\/"]}]},{"@type":"ImageObject","inLanguage":"fr-FR","@id":"https:\/\/www.saporinostri.it\/farina-pizzeria-caputo-1-kg\/#primaryimage","url":"https:\/\/www.saporinostri.it\/wp-content\/uploads\/2021\/06\/farina-pizzeria-caputo-1-kg-nuova-front.jpg","contentUrl":"https:\/\/www.saporinostri.it\/wp-content\/uploads\/2021\/06\/farina-pizzeria-caputo-1-kg-nuova-front.jpg","width":1500,"height":1500,"caption":"Farina Pizzeria Caputo 1 Kg"},{"@type":"BreadcrumbList","@id":"https:\/\/www.saporinostri.it\/farina-pizzeria-caputo-1-kg\/#breadcrumb","itemListElement":[{"@type":"ListItem","position":1,"name":"Home","item":"https:\/\/www.saporinostri.it\/"},{"@type":"ListItem","position":2,"name":"Shop","item":"https:\/\/www.saporinostri.it\/fr\/shop\/"},{"@type":"ListItem","position":3,"name":"Farina Pizzeria Caputo 1 Kg"}]},{"@type":"WebSite","@id":"https:\/\/www.saporinostri.it\/#website","url":"https:\/\/www.saporinostri.it\/","name":"Sapori Nostri","description":"","publisher":{"@id":"https:\/\/www.saporinostri.it\/#organization"},"potentialAction":[{"@type":"SearchAction","target":{"@type":"EntryPoint","urlTemplate":"https:\/\/www.saporinostri.it\/?s={search_term_string}"},"query-input":{"@type":"PropertyValueSpecification","valueRequired":true,"valueName":"search_term_string"}}],"inLanguage":"fr-FR"},{"@type":"Organization","@id":"https:\/\/www.saporinostri.it\/#organization","name":"Sapori Nostri","url":"https:\/\/www.saporinostri.it\/","logo":{"@type":"ImageObject","inLanguage":"fr-FR","@id":"https:\/\/www.saporinostri.it\/#\/schema\/logo\/image\/","url":"https:\/\/www.saporinostri.it\/wp-content\/uploads\/2020\/05\/logo-retina.png","contentUrl":"https:\/\/www.saporinostri.it\/wp-content\/uploads\/2020\/05\/logo-retina.png","width":500,"height":109,"caption":"Sapori Nostri"},"image":{"@id":"https:\/\/www.saporinostri.it\/#\/schema\/logo\/image\/"},"sameAs":["https:\/\/www.facebook.com\/saporinostri.it\/","https:\/\/www.instagram.com\/saporinostri.it\/"]}]},"product_brand":"Mulino Caputo","product_price_amount":"1.64","product_price_currency":"EUR","og_availability":"instock","product_availability":"instock","product_retailer_item_id":"8014601036100","product_condition":"new"},"jetpack_sharing_enabled":true,"brands":[{"id":110,"name":"Mulino Caputo","slug":"mulino-caputo"}],"_links":{"self":[{"href":"https:\/\/www.saporinostri.it\/fr\/wp-json\/wp\/v2\/product\/2168","targetHints":{"allow":["GET"]}}],"collection":[{"href":"https:\/\/www.saporinostri.it\/fr\/wp-json\/wp\/v2\/product"}],"about":[{"href":"https:\/\/www.saporinostri.it\/fr\/wp-json\/wp\/v2\/types\/product"}],"replies":[{"embeddable":true,"href":"https:\/\/www.saporinostri.it\/fr\/wp-json\/wp\/v2\/comments?post=2168"}],"wp:featuredmedia":[{"embeddable":true,"href":"https:\/\/www.saporinostri.it\/fr\/wp-json\/wp\/v2\/media\/12565"}],"wp:attachment":[{"href":"https:\/\/www.saporinostri.it\/fr\/wp-json\/wp\/v2\/media?parent=2168"}],"wp:term":[{"taxonomy":"pwb-brand","embeddable":true,"href":"https:\/\/www.saporinostri.it\/fr\/wp-json\/wp\/v2\/pwb-brand?post=2168"},{"taxonomy":"product_brand","embeddable":true,"href":"https:\/\/www.saporinostri.it\/fr\/wp-json\/wp\/v2\/product_brand?post=2168"},{"taxonomy":"product_cat","embeddable":true,"href":"https:\/\/www.saporinostri.it\/fr\/wp-json\/wp\/v2\/product_cat?post=2168"},{"taxonomy":"product_tag","embeddable":true,"href":"https:\/\/www.saporinostri.it\/fr\/wp-json\/wp\/v2\/product_tag?post=2168"}],"curies":[{"name":"wp","href":"https:\/\/api.w.org\/{rel}","templated":true}]}}