{"id":2171,"date":"2020-05-09T18:11:43","date_gmt":"2020-05-09T16:11:43","guid":{"rendered":"http:\/\/172.105.66.148\/?post_type=product&#038;p=2171"},"modified":"2026-04-28T10:54:43","modified_gmt":"2026-04-28T08:54:43","slug":"farina-cuoco-caputo-5-kg","status":"publish","type":"product","link":"https:\/\/www.saporinostri.it\/fr\/farina-cuoco-caputo-5-kg\/","title":{"rendered":"Caputo &quot;Saccorosso&quot; Cook Farine 5 Kg"},"content":{"rendered":"<div class=\"ap-wrapper\">\n<div class=\"ap-col f-2 n-b\"><p>L\u00e0 <strong>Cuire la farine Caputo<\/strong> il a un gluten \u00e9lastique et r\u00e9sistant, id\u00e9al pour les p\u00e2tes \u00e0 levage long. Le gluten \u00e9lastique et l&#039;amidon doux favorisent la formation de p\u00e2tes avec une excellente hydratation, l\u00e9g\u00e8res, \u00e0 levage parfait, satisfaisant les besoins des meilleurs pizza\u00efolos. Id\u00e9al pour les p\u00e2tes \u00e0 levain long et pour la pizza napolitaine.<\/p>\n<p style=\"font-size: 0.9em\"><strong>Ingr\u00e9dients:<\/strong> Farine de bl\u00e9 tendre type &quot;00&quot;<\/p>\n<p style=\"font-size: 0.9em\"><strong>Sans ajout d&#039;additifs et d&#039;enzymes<\/strong><br \/>\n<strong>Contient <u>gluten<\/u>. Il peut contenir des traces de <u>soja<\/u><\/strong><\/p>\n<p style=\"font-size: 0.9em\"><strong>Conserver dans un endroit frais et sec<\/strong><\/p>\n<\/div>\n<div class=\"ap-col f-1\">\n<div class=\"nutrition-facts-heading\"><b>Valeurs nutritionnelles moyennes<\/b><\/div>\n<div class=\"nutrition-facts-content\">\n<table>\n<thead>\n<tr>\n<td><\/td>\n<td><b>100g<\/b><\/td>\n<td><b>%AR *\/100g<\/b><\/td>\n<\/tr>\n<\/thead>\n<tbody>\n<tr>\n<td><b>valeur \u00e9nerg\u00e9tique<\/b><\/td>\n<td>1\u00a0491\u00a0kj<br \/>\n352 kilocalories<\/td>\n<td>18%<br \/>\n18%<\/td>\n<\/tr>\n<tr>\n<td><b>Gros<\/b><br \/>\ndont : <b>les acides gras satur\u00e9s<\/b><\/td>\n<td>1,5 g<br \/>\n0,3 g<\/td>\n<td>2%<br \/>\n2%<\/td>\n<\/tr>\n<tr>\n<td><b>Les glucides<\/b><br \/>\ndont : <b>Sucres<\/b><\/td>\n<td>70 grammes<br \/>\n1 g<\/td>\n<td>27%<br \/>\n1%<\/td>\n<\/tr>\n<tr>\n<td><b>Fibres<\/b><\/td>\n<td>3 grammes<\/td>\n<td><\/td>\n<\/tr>\n<tr>\n<td><b>Prot\u00e9ines<\/b><\/td>\n<td>13 grammes<\/td>\n<td>26%<\/td>\n<\/tr>\n<tr>\n<td><b>sel<\/b><\/td>\n<td>0,018 g<\/td>\n<td>0%<\/td>\n<\/tr>\n<\/tbody>\n<\/table>\n<\/div>\n<\/div>\n<\/div>\n<div class=\"mini-infobox-wrapper\">\n<p class=\"mini-infobox\"><b>Type de farine<\/b><br \/>\n00<\/p>\n<p class=\"mini-infobox\"><b>Boulangerie<\/b><br \/>\nL 300\/320<\/p>\n<p class=\"mini-infobox\"><b>Prot\u00e9ines<\/b><br \/>\n13,00% <span style=\"font-size: 0.85em;\">\u00b1 0,50%<\/span><\/p>\n<p class=\"mini-infobox\"><b>\u00c9lasticit\u00e9<\/b><br \/>\nP\/L 0,50 \/ 0,60<\/p>\n<p class=\"mini-infobox\"><b>Levain<\/b><br \/>\nLongue<\/p>\n<\/div>\n<h3 class=\"mt-5\">Le moulin de Caputo<\/h3>\n<div class=\"mt-3\">\n<p>Depuis 1924, le\u00a0<strong>Mulino Caputo<\/strong>\u00a0travaille le bl\u00e9 avec g\u00e9n\u00e9rosit\u00e9 et passion, pour offrir aux professionnels et aux passionn\u00e9s de l&#039;Art Blanc Caputo Farina la plus haute qualit\u00e9, produite dans le plein respect des mati\u00e8res premi\u00e8res et de la tradition.<\/p>\n<p>Il Molino Caputo produit une large gamme de farines \u00e0 usage domestique et professionnel. La farine Caputo est surtout utilis\u00e9e par les professionnels de la p\u00e2te \u00e0 confiserie, de la panification, des p\u00e2tes et de la pizza, avec de nombreux types de farines destin\u00e9es \u00e0 diff\u00e9rents proc\u00e9d\u00e9s.<\/p>\n<p>Autorit\u00e9, spontan\u00e9it\u00e9 et tradition, c&#039;est de ces valeurs que na\u00eet l&#039;art blanc de Mulino Caputo, qui gr\u00e2ce \u00e0 l&#039;exp\u00e9rience acquise en 3 g\u00e9n\u00e9rations de ma\u00eetres meuniers napolitains, lui permet de garantir des normes de qualit\u00e9 tr\u00e8s \u00e9lev\u00e9es, pour s&#039;assurer que l&#039;expert les restaurateurs et artisans du go\u00fbt expriment au mieux leur cr\u00e9ativit\u00e9.<\/p>\n<p>La farine Caputo a la capacit\u00e9 de pr\u00e9server pleinement le naturel et l&#039;authenticit\u00e9 des saveurs, pour cela et pour d&#039;autres raisons, Molino Caputo est appr\u00e9ci\u00e9 et reconnu dans le monde entier.<\/p>\n<\/div>\n\n<h3 class=\"mt-5\">Recettes avec ce produit<\/h3>\n<div class=\"mt-3\">\t\t<div data-elementor-type=\"page\" data-elementor-id=\"12266\" class=\"elementor elementor-12266\" data-elementor-post-type=\"elementor_library\">\n\t\t\t\t<div class=\"elementor-element elementor-element-b0c3897 e-con-full e-flex e-con e-parent\" data-id=\"b0c3897\" data-element_type=\"container\" data-e-type=\"container\" data-settings=\"{&quot;background_background&quot;:&quot;classic&quot;}\">\n\t\t\t\t<div class=\"elementor-element elementor-element-80bd94a elementor-grid-4 elementor-grid-tablet-2 elementor-grid-mobile-1 elementor-posts--thumbnail-top elementor-posts--show-avatar elementor-card-shadow-yes elementor-posts__hover-gradient elementor-widget elementor-widget-posts\" data-id=\"80bd94a\" data-element_type=\"widget\" data-e-type=\"widget\" data-settings=\"{&quot;cards_columns&quot;:&quot;4&quot;,&quot;cards_row_gap&quot;:{&quot;unit&quot;:&quot;px&quot;,&quot;size&quot;:25,&quot;sizes&quot;:[]},&quot;cards_columns_tablet&quot;:&quot;2&quot;,&quot;cards_columns_mobile&quot;:&quot;1&quot;,&quot;cards_row_gap_tablet&quot;:{&quot;unit&quot;:&quot;px&quot;,&quot;size&quot;:&quot;&quot;,&quot;sizes&quot;:[]},&quot;cards_row_gap_mobile&quot;:{&quot;unit&quot;:&quot;px&quot;,&quot;size&quot;:&quot;&quot;,&quot;sizes&quot;:[]}}\" data-widget_type=\"posts.cards\">\n\t\t\t\t<div class=\"elementor-widget-container\">\n\t\t\t\t\t\t\t<div class=\"elementor-posts-container elementor-posts elementor-posts--skin-cards elementor-grid\" role=\"list\">\n\t\t\t\t<article class=\"elementor-post elementor-grid-item post-12245 post type-post status-publish format-standard has-post-thumbnail hentry category-ricette tag-farina-00 tag-olio-extravergine-di-oliva tag-piadina\" role=\"listitem\">\n\t\t\t<div class=\"elementor-post__card\">\n\t\t\t\t<a class=\"elementor-post__thumbnail__link\" href=\"https:\/\/www.saporinostri.it\/fr\/ricetta-piadina-romagnola\/\" tabindex=\"-1\" ><div class=\"elementor-post__thumbnail\"><img fetchpriority=\"high\" decoding=\"async\" width=\"300\" height=\"200\" src=\"https:\/\/www.saporinostri.it\/wp-content\/uploads\/2021\/05\/piadina-300x200.jpg\" class=\"attachment-medium size-medium wp-image-12249\" alt=\"\" srcset=\"https:\/\/www.saporinostri.it\/wp-content\/uploads\/2021\/05\/piadina-300x200.jpg 300w, https:\/\/www.saporinostri.it\/wp-content\/uploads\/2021\/05\/piadina-150x100.jpg 150w, https:\/\/www.saporinostri.it\/wp-content\/uploads\/2021\/05\/piadina-800x534.jpg 800w, https:\/\/www.saporinostri.it\/wp-content\/uploads\/2021\/05\/piadina-768x512.jpg 768w, https:\/\/www.saporinostri.it\/wp-content\/uploads\/2021\/05\/piadina.jpg 1024w\" sizes=\"(max-width: 300px) 100vw, 300px\" \/><\/div><\/a>\n\t\t\t\t<div class=\"elementor-post__badge\">Recettes<\/div>\n\t\t\t\t<div class=\"elementor-post__avatar\">\n\t\t\t<img alt='Manlio Di Paola' data-src='https:\/\/secure.gravatar.com\/avatar\/34530845b4578c7824463cfbc9dd0215324120596eb5887c61438299c9501cb3?s=128&#038;d=mm&#038;r=g' data-srcset='https:\/\/secure.gravatar.com\/avatar\/34530845b4578c7824463cfbc9dd0215324120596eb5887c61438299c9501cb3?s=256&#038;d=mm&#038;r=g 2x' class='avatar avatar-128 photo lazyload' height='128' width='128' src='data:image\/gif;base64,R0lGODlhAQABAAAAACH5BAEKAAEALAAAAAABAAEAAAICTAEAOw==' style='--smush-placeholder-width: 128px; --smush-placeholder-aspect-ratio: 128\/128;' \/><noscript><img alt='Manlio Di Paola' src='https:\/\/secure.gravatar.com\/avatar\/34530845b4578c7824463cfbc9dd0215324120596eb5887c61438299c9501cb3?s=128&#038;d=mm&#038;r=g' srcset='https:\/\/secure.gravatar.com\/avatar\/34530845b4578c7824463cfbc9dd0215324120596eb5887c61438299c9501cb3?s=256&#038;d=mm&#038;r=g 2x' class='avatar avatar-128 photo' height='128' width='128' \/><\/noscript>\t\t<\/div>\n\t\t\t\t<div class=\"elementor-post__text\">\n\t\t\t\t<h3 class=\"elementor-post__title\">\n\t\t\t<a href=\"https:\/\/www.saporinostri.it\/fr\/ricetta-piadina-romagnola\/\" >\n\t\t\t\tRecette de Piadina Romagnola sans saindoux\t\t\t<\/a>\n\t\t<\/h3>\n\t\t\t\t<div class=\"elementor-post__excerpt\">\n\t\t\t<p>Il n&#039;y a rien de plus simple et de plus savoureux qu&#039;une bonne Piadina Romagnola, une recette pauvre aux origines anciennes aim\u00e9e, mais aim\u00e9e et appr\u00e9ci\u00e9e dans le monde entier.<\/p>\n\t\t<\/div>\n\t\t\n\t\t<a class=\"elementor-post__read-more\" href=\"https:\/\/www.saporinostri.it\/fr\/ricetta-piadina-romagnola\/\" aria-label=\"En savoir plus sur la recette de la Piadina Romagnola sans saindoux\" tabindex=\"-1\" >\n\t\t\tContinue de lire &quot;\t\t<\/a>\n\n\t\t\t\t<\/div>\n\t\t\t\t\t<\/div>\n\t\t<\/article>\n\t\t\t\t<\/div>\n\t\t\n\t\t\t\t\t\t<\/div>\n\t\t\t\t<\/div>\n\t\t\t\t<\/div>\n\t\t\t\t<\/div>\n\t\t<\/div>","protected":false},"excerpt":{"rendered":"<p><strong>Levain:<\/strong> Longue<br \/>\n<strong>Boulangerie:<\/strong> L 300\/320<\/p>\n<ul>\n<li>La farine Caputo Cuoco est id\u00e9ale pour les p\u00e2tes qui n\u00e9cessitent de longs temps de repos et un levage prolong\u00e9.<\/li>\n<li>Pour transformation en pizzeria, p\u00e2tisserie et cuisine par les chefs.<\/li>\n<\/ul>\n<p><span style=\"font-size: 0.8em;margin-top: 10px\"><b><a href=\"https:\/\/www.saporinostri.it\/sc\/scheda-tecnica-farina-cuoco-mulino-caputo.pdf\" target=\"_blank\" rel=\"noopener\"><i class=\"fa fa-download\" aria-hidden=\"true\"><\/i> T\u00e9l\u00e9chargez la fiche technique du produit Caputo Cooker Flour<\/a><\/b><\/span><\/p>\n<div class=\"scadenza\">Expiration du lot le plus r\u00e9cent\u00a0:<\/div>\n<div>06\/03\/2027 L.065B<\/div>\n<div class=\"scadenza\"><\/div>","protected":false},"featured_media":32630,"comment_status":"open","ping_status":"closed","template":"","meta":{"_acf_changed":false,"inline_featured_image":false,"wprm-recipe-roundup-name":"","wprm-recipe-roundup-description":"","_monsterinsights_skip_tracking":false,"_monsterinsights_sitenote_active":false,"_monsterinsights_sitenote_note":"","_monsterinsights_sitenote_category":0},"pwb-brand":[110],"product_brand":[],"product_cat":[97],"product_tag":[],"class_list":{"0":"post-2171","1":"product","2":"type-product","3":"status-publish","4":"has-post-thumbnail","6":"pwb-brand-mulino-caputo","7":"product_cat-farine","8":"product_shipping_class-iva-4","10":"first","11":"instock","12":"sale","13":"taxable","14":"shipping-taxable","15":"purchasable","16":"product-type-simple"},"acf":[],"yoast_head":"<!-- This site is optimized with the Yoast SEO Premium plugin v23.7 (Yoast SEO v27.3) - https:\/\/yoast.com\/product\/yoast-seo-premium-wordpress\/ -->\n<title>Farina Caputo Cuoco &quot;Chef&quot; Rossa 5 kg - Sapori Nostri<\/title>\n<meta name=\"description\" content=\"La Farina Cuoco Caputo ha un glutine elastico ed \u00e8 ideale per impasti a lunga lievitazione idratati e leggeri e per la pizza napoletana\" \/>\n<meta name=\"robots\" content=\"index, follow, max-snippet:-1, max-image-preview:large, max-video-preview:-1\" \/>\n<link rel=\"canonical\" href=\"https:\/\/www.saporinostri.it\/fr\/farina-cuoco-caputo-5-kg\/\" \/>\n<meta property=\"og:locale\" content=\"fr_FR\" \/>\n<meta property=\"og:type\" content=\"article\" \/>\n<meta property=\"og:title\" content=\"Farina Cuoco &quot;Saccorosso&quot; Caputo 5 Kg\" \/>\n<meta property=\"og:description\" content=\"La Farina Cuoco Caputo ha un glutine elastico ed \u00e8 ideale per impasti a lunga lievitazione idratati e leggeri e per la pizza napoletana\" \/>\n<meta property=\"og:url\" content=\"https:\/\/www.saporinostri.it\/fr\/farina-cuoco-caputo-5-kg\/\" \/>\n<meta property=\"og:site_name\" content=\"Sapori Nostri\" \/>\n<meta property=\"article:publisher\" content=\"https:\/\/www.facebook.com\/saporinostri.it\/\" \/>\n<meta property=\"article:modified_time\" content=\"2026-04-28T08:54:43+00:00\" \/>\n<meta property=\"og:image\" content=\"https:\/\/www.saporinostri.it\/wp-content\/uploads\/2020\/05\/saccorosso-5kg.png\" \/>\n\t<meta property=\"og:image:width\" content=\"884\" \/>\n\t<meta property=\"og:image:height\" content=\"1155\" \/>\n\t<meta property=\"og:image:type\" content=\"image\/png\" \/>\n<meta name=\"twitter:card\" content=\"summary_large_image\" \/>\n<meta name=\"twitter:label1\" content=\"Prix\" \/>\n\t<meta name=\"twitter:data1\" content=\"&euro;6,39\" \/>\n\t<meta name=\"twitter:label2\" content=\"Disponibilit\u00e9\" \/>\n\t<meta name=\"twitter:data2\" content=\"En stock\" \/>\n<script type=\"application\/ld+json\" class=\"yoast-schema-graph\">{\"@context\":\"https:\\\/\\\/schema.org\",\"@graph\":[{\"@type\":\"WebPage\",\"@id\":\"https:\\\/\\\/www.saporinostri.it\\\/farina-cuoco-caputo-5-kg\\\/\",\"url\":\"https:\\\/\\\/www.saporinostri.it\\\/farina-cuoco-caputo-5-kg\\\/\",\"name\":\"Farina Caputo Cuoco \\\"Chef\\\" Rossa 5 kg - Sapori Nostri\",\"isPartOf\":{\"@id\":\"https:\\\/\\\/www.saporinostri.it\\\/#website\"},\"primaryImageOfPage\":{\"@id\":\"https:\\\/\\\/www.saporinostri.it\\\/farina-cuoco-caputo-5-kg\\\/#primaryimage\"},\"image\":{\"@id\":\"https:\\\/\\\/www.saporinostri.it\\\/farina-cuoco-caputo-5-kg\\\/#primaryimage\"},\"thumbnailUrl\":\"https:\\\/\\\/www.saporinostri.it\\\/wp-content\\\/uploads\\\/2020\\\/05\\\/saccorosso-5kg.png\",\"datePublished\":\"2020-05-09T16:11:43+00:00\",\"dateModified\":\"2026-04-28T08:54:43+00:00\",\"description\":\"La Farina Cuoco Caputo ha un glutine elastico ed \u00e8 ideale per impasti a lunga lievitazione idratati e leggeri e per la pizza napoletana\",\"breadcrumb\":{\"@id\":\"https:\\\/\\\/www.saporinostri.it\\\/farina-cuoco-caputo-5-kg\\\/#breadcrumb\"},\"inLanguage\":\"fr-FR\",\"potentialAction\":[{\"@type\":\"ReadAction\",\"target\":[\"https:\\\/\\\/www.saporinostri.it\\\/farina-cuoco-caputo-5-kg\\\/\"]}]},{\"@type\":\"ImageObject\",\"inLanguage\":\"fr-FR\",\"@id\":\"https:\\\/\\\/www.saporinostri.it\\\/farina-cuoco-caputo-5-kg\\\/#primaryimage\",\"url\":\"https:\\\/\\\/www.saporinostri.it\\\/wp-content\\\/uploads\\\/2020\\\/05\\\/saccorosso-5kg.png\",\"contentUrl\":\"https:\\\/\\\/www.saporinostri.it\\\/wp-content\\\/uploads\\\/2020\\\/05\\\/saccorosso-5kg.png\",\"width\":884,\"height\":1155},{\"@type\":\"BreadcrumbList\",\"@id\":\"https:\\\/\\\/www.saporinostri.it\\\/farina-cuoco-caputo-5-kg\\\/#breadcrumb\",\"itemListElement\":[{\"@type\":\"ListItem\",\"position\":1,\"name\":\"Home\",\"item\":\"https:\\\/\\\/www.saporinostri.it\\\/\"},{\"@type\":\"ListItem\",\"position\":2,\"name\":\"Shop\",\"item\":\"https:\\\/\\\/www.saporinostri.it\\\/fr\\\/shop\\\/\"},{\"@type\":\"ListItem\",\"position\":3,\"name\":\"Farina Cuoco &#8220;Saccorosso&#8221; Caputo 5 Kg\"}]},{\"@type\":\"WebSite\",\"@id\":\"https:\\\/\\\/www.saporinostri.it\\\/#website\",\"url\":\"https:\\\/\\\/www.saporinostri.it\\\/\",\"name\":\"Sapori Nostri\",\"description\":\"\",\"publisher\":{\"@id\":\"https:\\\/\\\/www.saporinostri.it\\\/#organization\"},\"potentialAction\":[{\"@type\":\"SearchAction\",\"target\":{\"@type\":\"EntryPoint\",\"urlTemplate\":\"https:\\\/\\\/www.saporinostri.it\\\/?s={search_term_string}\"},\"query-input\":{\"@type\":\"PropertyValueSpecification\",\"valueRequired\":true,\"valueName\":\"search_term_string\"}}],\"inLanguage\":\"fr-FR\"},{\"@type\":\"Organization\",\"@id\":\"https:\\\/\\\/www.saporinostri.it\\\/#organization\",\"name\":\"Sapori Nostri\",\"url\":\"https:\\\/\\\/www.saporinostri.it\\\/\",\"logo\":{\"@type\":\"ImageObject\",\"inLanguage\":\"fr-FR\",\"@id\":\"https:\\\/\\\/www.saporinostri.it\\\/#\\\/schema\\\/logo\\\/image\\\/\",\"url\":\"https:\\\/\\\/www.saporinostri.it\\\/wp-content\\\/uploads\\\/2020\\\/05\\\/logo-retina.png\",\"contentUrl\":\"https:\\\/\\\/www.saporinostri.it\\\/wp-content\\\/uploads\\\/2020\\\/05\\\/logo-retina.png\",\"width\":500,\"height\":109,\"caption\":\"Sapori Nostri\"},\"image\":{\"@id\":\"https:\\\/\\\/www.saporinostri.it\\\/#\\\/schema\\\/logo\\\/image\\\/\"},\"sameAs\":[\"https:\\\/\\\/www.facebook.com\\\/saporinostri.it\\\/\",\"https:\\\/\\\/www.instagram.com\\\/saporinostri.it\\\/\"]}]}<\/script>\n<!-- \/ Yoast SEO Premium plugin. -->","yoast_head_json":{"title":"Caputo Cook &quot;Chef&quot; Farine Rouge 5 kg - Sapori Our","description":"La farine de cuisson Caputo a un gluten \u00e9lastique et est id\u00e9ale pour les p\u00e2tes \u00e0 levain long hydrat\u00e9es et l\u00e9g\u00e8res et pour la pizza napolitaine","robots":{"index":"index","follow":"follow","max-snippet":"max-snippet:-1","max-image-preview":"max-image-preview:large","max-video-preview":"max-video-preview:-1"},"canonical":"https:\/\/www.saporinostri.it\/fr\/farina-cuoco-caputo-5-kg\/","og_locale":"fr_FR","og_type":"article","og_title":"Farina Cuoco \"Saccorosso\" Caputo 5 Kg","og_description":"La Farina Cuoco Caputo ha un glutine elastico ed \u00e8 ideale per impasti a lunga lievitazione idratati e leggeri e per la pizza napoletana","og_url":"https:\/\/www.saporinostri.it\/fr\/farina-cuoco-caputo-5-kg\/","og_site_name":"Sapori Nostri","article_publisher":"https:\/\/www.facebook.com\/saporinostri.it\/","article_modified_time":"2026-04-28T08:54:43+00:00","og_image":[{"width":884,"height":1155,"url":"https:\/\/www.saporinostri.it\/wp-content\/uploads\/2020\/05\/saccorosso-5kg.png","type":"image\/png"}],"twitter_card":"summary_large_image","twitter_misc":{"Prix":"&euro;6,39","Disponibilit\u00e9":"En stock"},"schema":{"@context":"https:\/\/schema.org","@graph":[{"@type":"WebPage","@id":"https:\/\/www.saporinostri.it\/farina-cuoco-caputo-5-kg\/","url":"https:\/\/www.saporinostri.it\/farina-cuoco-caputo-5-kg\/","name":"Caputo Cook &quot;Chef&quot; Farine Rouge 5 kg - Sapori Our","isPartOf":{"@id":"https:\/\/www.saporinostri.it\/#website"},"primaryImageOfPage":{"@id":"https:\/\/www.saporinostri.it\/farina-cuoco-caputo-5-kg\/#primaryimage"},"image":{"@id":"https:\/\/www.saporinostri.it\/farina-cuoco-caputo-5-kg\/#primaryimage"},"thumbnailUrl":"https:\/\/www.saporinostri.it\/wp-content\/uploads\/2020\/05\/saccorosso-5kg.png","datePublished":"2020-05-09T16:11:43+00:00","dateModified":"2026-04-28T08:54:43+00:00","description":"La farine de cuisson Caputo a un gluten \u00e9lastique et est id\u00e9ale pour les p\u00e2tes \u00e0 levain long hydrat\u00e9es et l\u00e9g\u00e8res et pour la pizza napolitaine","breadcrumb":{"@id":"https:\/\/www.saporinostri.it\/farina-cuoco-caputo-5-kg\/#breadcrumb"},"inLanguage":"fr-FR","potentialAction":[{"@type":"ReadAction","target":["https:\/\/www.saporinostri.it\/farina-cuoco-caputo-5-kg\/"]}]},{"@type":"ImageObject","inLanguage":"fr-FR","@id":"https:\/\/www.saporinostri.it\/farina-cuoco-caputo-5-kg\/#primaryimage","url":"https:\/\/www.saporinostri.it\/wp-content\/uploads\/2020\/05\/saccorosso-5kg.png","contentUrl":"https:\/\/www.saporinostri.it\/wp-content\/uploads\/2020\/05\/saccorosso-5kg.png","width":884,"height":1155},{"@type":"BreadcrumbList","@id":"https:\/\/www.saporinostri.it\/farina-cuoco-caputo-5-kg\/#breadcrumb","itemListElement":[{"@type":"ListItem","position":1,"name":"Home","item":"https:\/\/www.saporinostri.it\/"},{"@type":"ListItem","position":2,"name":"Shop","item":"https:\/\/www.saporinostri.it\/fr\/shop\/"},{"@type":"ListItem","position":3,"name":"Farina Cuoco &#8220;Saccorosso&#8221; Caputo 5 Kg"}]},{"@type":"WebSite","@id":"https:\/\/www.saporinostri.it\/#website","url":"https:\/\/www.saporinostri.it\/","name":"Sapori Nostri","description":"","publisher":{"@id":"https:\/\/www.saporinostri.it\/#organization"},"potentialAction":[{"@type":"SearchAction","target":{"@type":"EntryPoint","urlTemplate":"https:\/\/www.saporinostri.it\/?s={search_term_string}"},"query-input":{"@type":"PropertyValueSpecification","valueRequired":true,"valueName":"search_term_string"}}],"inLanguage":"fr-FR"},{"@type":"Organization","@id":"https:\/\/www.saporinostri.it\/#organization","name":"Sapori Nostri","url":"https:\/\/www.saporinostri.it\/","logo":{"@type":"ImageObject","inLanguage":"fr-FR","@id":"https:\/\/www.saporinostri.it\/#\/schema\/logo\/image\/","url":"https:\/\/www.saporinostri.it\/wp-content\/uploads\/2020\/05\/logo-retina.png","contentUrl":"https:\/\/www.saporinostri.it\/wp-content\/uploads\/2020\/05\/logo-retina.png","width":500,"height":109,"caption":"Sapori Nostri"},"image":{"@id":"https:\/\/www.saporinostri.it\/#\/schema\/logo\/image\/"},"sameAs":["https:\/\/www.facebook.com\/saporinostri.it\/","https:\/\/www.instagram.com\/saporinostri.it\/"]}]}},"jetpack_sharing_enabled":true,"brands":[{"id":110,"name":"Mulino Caputo","slug":"mulino-caputo"}],"_links":{"self":[{"href":"https:\/\/www.saporinostri.it\/fr\/wp-json\/wp\/v2\/product\/2171","targetHints":{"allow":["GET"]}}],"collection":[{"href":"https:\/\/www.saporinostri.it\/fr\/wp-json\/wp\/v2\/product"}],"about":[{"href":"https:\/\/www.saporinostri.it\/fr\/wp-json\/wp\/v2\/types\/product"}],"replies":[{"embeddable":true,"href":"https:\/\/www.saporinostri.it\/fr\/wp-json\/wp\/v2\/comments?post=2171"}],"wp:featuredmedia":[{"embeddable":true,"href":"https:\/\/www.saporinostri.it\/fr\/wp-json\/wp\/v2\/media\/32630"}],"wp:attachment":[{"href":"https:\/\/www.saporinostri.it\/fr\/wp-json\/wp\/v2\/media?parent=2171"}],"wp:term":[{"taxonomy":"pwb-brand","embeddable":true,"href":"https:\/\/www.saporinostri.it\/fr\/wp-json\/wp\/v2\/pwb-brand?post=2171"},{"taxonomy":"product_brand","embeddable":true,"href":"https:\/\/www.saporinostri.it\/fr\/wp-json\/wp\/v2\/product_brand?post=2171"},{"taxonomy":"product_cat","embeddable":true,"href":"https:\/\/www.saporinostri.it\/fr\/wp-json\/wp\/v2\/product_cat?post=2171"},{"taxonomy":"product_tag","embeddable":true,"href":"https:\/\/www.saporinostri.it\/fr\/wp-json\/wp\/v2\/product_tag?post=2171"}],"curies":[{"name":"wp","href":"https:\/\/api.w.org\/{rel}","templated":true}]}}