{"id":2172,"date":"2020-05-09T18:14:36","date_gmt":"2020-05-09T16:14:36","guid":{"rendered":"http:\/\/172.105.66.148\/?post_type=product&#038;p=2172"},"modified":"2026-04-23T11:33:15","modified_gmt":"2026-04-23T09:33:15","slug":"farina-pasta-fresca-e-gnocchi-caputo-5-kg","status":"publish","type":"product","link":"https:\/\/www.saporinostri.it\/fr\/farina-pasta-fresca-e-gnocchi-caputo-5-kg\/","title":{"rendered":"Farine de P\u00e2tes Fra\u00eeches et Gnocchi Caputo 5 Kg"},"content":{"rendered":"<div class=\"ap-wrapper\">\n<div class=\"ap-col f-2 n-b\"><p>L\u00e0 <strong>Farine de P\u00e2tes Fra\u00eeches et Gnocchi Caputo<\/strong> il est facile \u00e0 \u00e9taler, \u00e9lastique \u00e0 haute valeur prot\u00e9ique, calibr\u00e9 avec des amidons de premi\u00e8re extraction et du gluten r\u00e9sistant. La combinaison avec l&#039;eau g\u00e9n\u00e8re une p\u00e2te brillante et homog\u00e8ne, pour une saveur extraordinaire.<\/p>\n<p style=\"font-size: 0.9em\"><strong>Ingr\u00e9dients:<\/strong> Farine de bl\u00e9 tendre type &quot;00&quot;<\/p>\n<p style=\"font-size: 0.9em\"><strong>Sans ajout d&#039;additifs et d&#039;enzymes<\/strong><br \/>\n<strong>Contient <u>gluten<\/u>. Il peut contenir des traces de <u>soja<\/u><\/strong><\/p>\n<p style=\"font-size: 0.9em\"><strong>Conserver dans un endroit frais et sec<\/strong><\/p>\n<\/div>\n<div class=\"ap-col f-1\">\n<div class=\"nutrition-facts-heading\"><b>Valeurs nutritionnelles moyennes<\/b><\/div>\n<div class=\"nutrition-facts-content\">\n<table>\n<thead>\n<tr>\n<td><\/td>\n<td><b>100g<\/b><\/td>\n<td><b>%AR *\/100g<\/b><\/td>\n<\/tr>\n<\/thead>\n<tbody>\n<tr>\n<td><b>valeur \u00e9nerg\u00e9tique<\/b><\/td>\n<td>1\u00a0490\u00a0kj<br \/>\n351 kcal<\/td>\n<td>18%<br \/>\n18%<\/td>\n<\/tr>\n<tr>\n<td><b>Gros<\/b><br \/>\ndont : <b>les acides gras satur\u00e9s<\/b><\/td>\n<td>1,0 g<br \/>\n0,1 g<\/td>\n<td>1%<br \/>\n1%<\/td>\n<\/tr>\n<tr>\n<td><b>Les glucides<\/b><br \/>\ndont : <b>Sucres<\/b><\/td>\n<td>72 grammes<br \/>\n1 g<\/td>\n<td>28%<br \/>\n1%<\/td>\n<\/tr>\n<tr>\n<td><b>Fibres<\/b><\/td>\n<td>2,0 g<\/td>\n<td><\/td>\n<\/tr>\n<tr>\n<td><b>Prot\u00e9ines<\/b><\/td>\n<td>13 grammes<\/td>\n<td>26%<\/td>\n<\/tr>\n<tr>\n<td><b>sel<\/b><\/td>\n<td>0,017 g<\/td>\n<td>0%<\/td>\n<\/tr>\n<\/tbody>\n<\/table>\n<\/div>\n<\/div>\n<\/div>\n<div class=\"mini-infobox-wrapper\">\n<p class=\"mini-infobox\"><b>Type de farine<\/b><br \/>\n00<\/p>\n<p class=\"mini-infobox\"><b>Boulangerie<\/b><br \/>\nL 260\/280<\/p>\n<p class=\"mini-infobox\"><b>Prot\u00e9ines<\/b><br \/>\n12,25% <span style=\"font-size: 0.85em;\">\u00b1 0,50%<\/span><\/p>\n<p class=\"mini-infobox\"><b>\u00c9lasticit\u00e9<\/b><br \/>\nP\/L 0,70 \/ 0,80<\/p>\n<p class=\"mini-infobox\"><b>Levain<\/b><br \/>\n<\/p>\n<\/div>\n<h3 class=\"mt-5\">Le moulin de Caputo<\/h3>\n<div class=\"mt-3\">\n<p>Depuis 1924, le\u00a0<strong>Mulino Caputo<\/strong>\u00a0travaille le bl\u00e9 avec g\u00e9n\u00e9rosit\u00e9 et passion, pour offrir aux professionnels et aux passionn\u00e9s de l&#039;Art Blanc Caputo Farina la plus haute qualit\u00e9, produite dans le plein respect des mati\u00e8res premi\u00e8res et de la tradition.<\/p>\n<p>Il Molino Caputo produit une large gamme de farines \u00e0 usage domestique et professionnel. La farine Caputo est surtout utilis\u00e9e par les professionnels de la p\u00e2te \u00e0 confiserie, de la panification, des p\u00e2tes et de la pizza, avec de nombreux types de farines destin\u00e9es \u00e0 diff\u00e9rents proc\u00e9d\u00e9s.<\/p>\n<p>Autorit\u00e9, spontan\u00e9it\u00e9 et tradition, c&#039;est de ces valeurs que na\u00eet l&#039;art blanc de Mulino Caputo, qui gr\u00e2ce \u00e0 l&#039;exp\u00e9rience acquise en 3 g\u00e9n\u00e9rations de ma\u00eetres meuniers napolitains, lui permet de garantir des normes de qualit\u00e9 tr\u00e8s \u00e9lev\u00e9es, pour s&#039;assurer que l&#039;expert les restaurateurs et artisans du go\u00fbt expriment au mieux leur cr\u00e9ativit\u00e9.<\/p>\n<p>La farine Caputo a la capacit\u00e9 de pr\u00e9server pleinement le naturel et l&#039;authenticit\u00e9 des saveurs, pour cela et pour d&#039;autres raisons, Molino Caputo est appr\u00e9ci\u00e9 et reconnu dans le monde entier.<\/p>\n<\/div>","protected":false},"excerpt":{"rendered":"<p><strong>Levain:<\/strong> <br \/>\n<strong>Boulangerie:<\/strong> L 260\/280<\/p>\n<ul>\n<li>Farine \u00e9lastique \u00e0 haute valeur prot\u00e9ique.<\/li>\n<li>Calibr\u00e9 avec des amidons de premi\u00e8re extraction et du gluten r\u00e9sistant.<\/li>\n<li>La combinaison avec l&#039;eau g\u00e9n\u00e8re une p\u00e2te brillante et homog\u00e8ne, pour une saveur extraordinaire.<\/li>\n<\/ul>\n<p><span style=\"font-size: 0.8em;margin-top: 10px\"><b><a href=\"https:\/\/www.saporinostri.it\/sc\/scheda-tecnica-farina-pasta-fresca-e-gnocchi-mulino-caputo.pdf\" target=\"_blank\" rel=\"noopener\"><i class=\"fa fa-download\" aria-hidden=\"true\"><\/i> T\u00e9l\u00e9chargez la fiche produit du produit Farine de P\u00e2tes Fra\u00eeches et Gnocchi Caputo<\/a><\/b><\/span><\/p>\n<div class=\"scadenza\">Expiration du lot le plus r\u00e9cent\u00a0: <strong>03<\/strong><b>\/09\/2026 L.246B<\/b><\/div>","protected":false},"featured_media":9621,"comment_status":"open","ping_status":"closed","template":"","meta":{"_acf_changed":false,"inline_featured_image":false,"wprm-recipe-roundup-name":"","wprm-recipe-roundup-description":"","_monsterinsights_skip_tracking":false,"_monsterinsights_sitenote_active":false,"_monsterinsights_sitenote_note":"","_monsterinsights_sitenote_category":0},"pwb-brand":[110],"product_brand":[],"product_cat":[97],"product_tag":[],"class_list":{"0":"post-2172","1":"product","2":"type-product","3":"status-publish","4":"has-post-thumbnail","6":"pwb-brand-mulino-caputo","7":"product_cat-farine","8":"product_shipping_class-iva-4","10":"first","11":"instock","12":"sale","13":"taxable","14":"shipping-taxable","15":"purchasable","16":"product-type-simple"},"acf":[],"yoast_head":"<!-- This site is optimized with the Yoast SEO Premium plugin v23.7 (Yoast SEO v27.3) - https:\/\/yoast.com\/product\/yoast-seo-premium-wordpress\/ -->\n<title>Farina Pasta Fresca e Gnocchi Caputo 5 Kg - Sapori Nostri<\/title>\n<meta name=\"description\" content=\"Pasta Fresca e Gnocchi Farina con amidi di prima estrazione e glutine resistente, per impasti lucidi e consistenti e un sapore straordinario\" \/>\n<meta name=\"robots\" content=\"index, follow, max-snippet:-1, max-image-preview:large, max-video-preview:-1\" \/>\n<link rel=\"canonical\" href=\"https:\/\/www.saporinostri.it\/fr\/farina-pasta-fresca-e-gnocchi-caputo-5-kg\/\" \/>\n<meta property=\"og:locale\" content=\"fr_FR\" \/>\n<meta property=\"og:type\" content=\"article\" \/>\n<meta property=\"og:title\" content=\"Farina Pasta Fresca e Gnocchi Caputo 5 Kg\" \/>\n<meta property=\"og:description\" content=\"Pasta Fresca e Gnocchi Farina con amidi di prima estrazione e glutine resistente, per impasti lucidi e consistenti e un sapore straordinario\" \/>\n<meta property=\"og:url\" content=\"https:\/\/www.saporinostri.it\/fr\/farina-pasta-fresca-e-gnocchi-caputo-5-kg\/\" \/>\n<meta property=\"og:site_name\" content=\"Sapori Nostri\" \/>\n<meta property=\"article:publisher\" content=\"https:\/\/www.facebook.com\/saporinostri.it\/\" \/>\n<meta property=\"article:modified_time\" content=\"2026-04-23T09:33:15+00:00\" \/>\n<meta property=\"og:image\" content=\"https:\/\/www.saporinostri.it\/wp-content\/uploads\/2020\/05\/farina-pasta-fresca-e-gnocchi-caputo.jpg\" \/>\n\t<meta property=\"og:image:width\" content=\"403\" \/>\n\t<meta property=\"og:image:height\" content=\"403\" \/>\n\t<meta property=\"og:image:type\" content=\"image\/jpeg\" \/>\n<meta name=\"twitter:card\" content=\"summary_large_image\" \/>\n<meta name=\"twitter:label1\" content=\"Prix\" \/>\n\t<meta name=\"twitter:data1\" content=\"&euro;6,39\" \/>\n\t<meta name=\"twitter:label2\" content=\"Disponibilit\u00e9\" \/>\n\t<meta name=\"twitter:data2\" content=\"En stock\" \/>\n<script type=\"application\/ld+json\" class=\"yoast-schema-graph\">{\"@context\":\"https:\\\/\\\/schema.org\",\"@graph\":[{\"@type\":\"WebPage\",\"@id\":\"https:\\\/\\\/www.saporinostri.it\\\/farina-pasta-fresca-e-gnocchi-caputo-5-kg\\\/\",\"url\":\"https:\\\/\\\/www.saporinostri.it\\\/farina-pasta-fresca-e-gnocchi-caputo-5-kg\\\/\",\"name\":\"Farina Pasta Fresca e Gnocchi Caputo 5 Kg - Sapori Nostri\",\"isPartOf\":{\"@id\":\"https:\\\/\\\/www.saporinostri.it\\\/#website\"},\"primaryImageOfPage\":{\"@id\":\"https:\\\/\\\/www.saporinostri.it\\\/farina-pasta-fresca-e-gnocchi-caputo-5-kg\\\/#primaryimage\"},\"image\":{\"@id\":\"https:\\\/\\\/www.saporinostri.it\\\/farina-pasta-fresca-e-gnocchi-caputo-5-kg\\\/#primaryimage\"},\"thumbnailUrl\":\"https:\\\/\\\/www.saporinostri.it\\\/wp-content\\\/uploads\\\/2020\\\/05\\\/farina-pasta-fresca-e-gnocchi-caputo.jpg\",\"datePublished\":\"2020-05-09T16:14:36+00:00\",\"dateModified\":\"2026-04-23T09:33:15+00:00\",\"description\":\"Pasta Fresca e Gnocchi Farina con amidi di prima estrazione e glutine resistente, per impasti lucidi e consistenti e un sapore straordinario\",\"breadcrumb\":{\"@id\":\"https:\\\/\\\/www.saporinostri.it\\\/farina-pasta-fresca-e-gnocchi-caputo-5-kg\\\/#breadcrumb\"},\"inLanguage\":\"fr-FR\",\"potentialAction\":[{\"@type\":\"ReadAction\",\"target\":[\"https:\\\/\\\/www.saporinostri.it\\\/farina-pasta-fresca-e-gnocchi-caputo-5-kg\\\/\"]}]},{\"@type\":\"ImageObject\",\"inLanguage\":\"fr-FR\",\"@id\":\"https:\\\/\\\/www.saporinostri.it\\\/farina-pasta-fresca-e-gnocchi-caputo-5-kg\\\/#primaryimage\",\"url\":\"https:\\\/\\\/www.saporinostri.it\\\/wp-content\\\/uploads\\\/2020\\\/05\\\/farina-pasta-fresca-e-gnocchi-caputo.jpg\",\"contentUrl\":\"https:\\\/\\\/www.saporinostri.it\\\/wp-content\\\/uploads\\\/2020\\\/05\\\/farina-pasta-fresca-e-gnocchi-caputo.jpg\",\"width\":403,\"height\":403,\"caption\":\"Farina Pasta Fresca e Gnocchi Caputo\"},{\"@type\":\"BreadcrumbList\",\"@id\":\"https:\\\/\\\/www.saporinostri.it\\\/farina-pasta-fresca-e-gnocchi-caputo-5-kg\\\/#breadcrumb\",\"itemListElement\":[{\"@type\":\"ListItem\",\"position\":1,\"name\":\"Home\",\"item\":\"https:\\\/\\\/www.saporinostri.it\\\/\"},{\"@type\":\"ListItem\",\"position\":2,\"name\":\"Shop\",\"item\":\"https:\\\/\\\/www.saporinostri.it\\\/fr\\\/shop\\\/\"},{\"@type\":\"ListItem\",\"position\":3,\"name\":\"Farina Pasta Fresca e Gnocchi Caputo 5 Kg\"}]},{\"@type\":\"WebSite\",\"@id\":\"https:\\\/\\\/www.saporinostri.it\\\/#website\",\"url\":\"https:\\\/\\\/www.saporinostri.it\\\/\",\"name\":\"Sapori Nostri\",\"description\":\"\",\"publisher\":{\"@id\":\"https:\\\/\\\/www.saporinostri.it\\\/#organization\"},\"potentialAction\":[{\"@type\":\"SearchAction\",\"target\":{\"@type\":\"EntryPoint\",\"urlTemplate\":\"https:\\\/\\\/www.saporinostri.it\\\/?s={search_term_string}\"},\"query-input\":{\"@type\":\"PropertyValueSpecification\",\"valueRequired\":true,\"valueName\":\"search_term_string\"}}],\"inLanguage\":\"fr-FR\"},{\"@type\":\"Organization\",\"@id\":\"https:\\\/\\\/www.saporinostri.it\\\/#organization\",\"name\":\"Sapori Nostri\",\"url\":\"https:\\\/\\\/www.saporinostri.it\\\/\",\"logo\":{\"@type\":\"ImageObject\",\"inLanguage\":\"fr-FR\",\"@id\":\"https:\\\/\\\/www.saporinostri.it\\\/#\\\/schema\\\/logo\\\/image\\\/\",\"url\":\"https:\\\/\\\/www.saporinostri.it\\\/wp-content\\\/uploads\\\/2020\\\/05\\\/logo-retina.png\",\"contentUrl\":\"https:\\\/\\\/www.saporinostri.it\\\/wp-content\\\/uploads\\\/2020\\\/05\\\/logo-retina.png\",\"width\":500,\"height\":109,\"caption\":\"Sapori Nostri\"},\"image\":{\"@id\":\"https:\\\/\\\/www.saporinostri.it\\\/#\\\/schema\\\/logo\\\/image\\\/\"},\"sameAs\":[\"https:\\\/\\\/www.facebook.com\\\/saporinostri.it\\\/\",\"https:\\\/\\\/www.instagram.com\\\/saporinostri.it\\\/\"]}]}<\/script>\n<meta property=\"product:brand\" content=\"Mulino Caputo\" \/>\n<meta property=\"product:price:amount\" content=\"6.39\" \/>\n<meta property=\"product:price:currency\" content=\"EUR\" \/>\n<meta property=\"og:availability\" content=\"instock\" \/>\n<meta property=\"product:availability\" content=\"instock\" \/>\n<meta property=\"product:retailer_item_id\" content=\"8014601015372\" \/>\n<meta property=\"product:condition\" content=\"new\" \/>\n<!-- \/ Yoast SEO Premium plugin. -->","yoast_head_json":{"title":"Farine de P\u00e2tes Fra\u00eeches et Gnocchi Caputo 5 Kg - Nos Saveurs","description":"Farine de P\u00e2tes Fra\u00eeches et Gnocchi aux amidons de premi\u00e8re extraction et gluten r\u00e9sistant, pour une p\u00e2te brillante et homog\u00e8ne et une saveur extraordinaire","robots":{"index":"index","follow":"follow","max-snippet":"max-snippet:-1","max-image-preview":"max-image-preview:large","max-video-preview":"max-video-preview:-1"},"canonical":"https:\/\/www.saporinostri.it\/fr\/farina-pasta-fresca-e-gnocchi-caputo-5-kg\/","og_locale":"fr_FR","og_type":"article","og_title":"Farina Pasta Fresca e Gnocchi Caputo 5 Kg","og_description":"Pasta Fresca e Gnocchi Farina con amidi di prima estrazione e glutine resistente, per impasti lucidi e consistenti e un sapore straordinario","og_url":"https:\/\/www.saporinostri.it\/fr\/farina-pasta-fresca-e-gnocchi-caputo-5-kg\/","og_site_name":"Sapori Nostri","article_publisher":"https:\/\/www.facebook.com\/saporinostri.it\/","article_modified_time":"2026-04-23T09:33:15+00:00","og_image":[{"width":403,"height":403,"url":"https:\/\/www.saporinostri.it\/wp-content\/uploads\/2020\/05\/farina-pasta-fresca-e-gnocchi-caputo.jpg","type":"image\/jpeg"}],"twitter_card":"summary_large_image","twitter_misc":{"Prix":"&euro;6,39","Disponibilit\u00e9":"En stock"},"schema":{"@context":"https:\/\/schema.org","@graph":[{"@type":"WebPage","@id":"https:\/\/www.saporinostri.it\/farina-pasta-fresca-e-gnocchi-caputo-5-kg\/","url":"https:\/\/www.saporinostri.it\/farina-pasta-fresca-e-gnocchi-caputo-5-kg\/","name":"Farine de P\u00e2tes Fra\u00eeches et Gnocchi Caputo 5 Kg - Nos Saveurs","isPartOf":{"@id":"https:\/\/www.saporinostri.it\/#website"},"primaryImageOfPage":{"@id":"https:\/\/www.saporinostri.it\/farina-pasta-fresca-e-gnocchi-caputo-5-kg\/#primaryimage"},"image":{"@id":"https:\/\/www.saporinostri.it\/farina-pasta-fresca-e-gnocchi-caputo-5-kg\/#primaryimage"},"thumbnailUrl":"https:\/\/www.saporinostri.it\/wp-content\/uploads\/2020\/05\/farina-pasta-fresca-e-gnocchi-caputo.jpg","datePublished":"2020-05-09T16:14:36+00:00","dateModified":"2026-04-23T09:33:15+00:00","description":"Farine de P\u00e2tes Fra\u00eeches et Gnocchi aux amidons de premi\u00e8re extraction et gluten r\u00e9sistant, pour une p\u00e2te brillante et homog\u00e8ne et une saveur extraordinaire","breadcrumb":{"@id":"https:\/\/www.saporinostri.it\/farina-pasta-fresca-e-gnocchi-caputo-5-kg\/#breadcrumb"},"inLanguage":"fr-FR","potentialAction":[{"@type":"ReadAction","target":["https:\/\/www.saporinostri.it\/farina-pasta-fresca-e-gnocchi-caputo-5-kg\/"]}]},{"@type":"ImageObject","inLanguage":"fr-FR","@id":"https:\/\/www.saporinostri.it\/farina-pasta-fresca-e-gnocchi-caputo-5-kg\/#primaryimage","url":"https:\/\/www.saporinostri.it\/wp-content\/uploads\/2020\/05\/farina-pasta-fresca-e-gnocchi-caputo.jpg","contentUrl":"https:\/\/www.saporinostri.it\/wp-content\/uploads\/2020\/05\/farina-pasta-fresca-e-gnocchi-caputo.jpg","width":403,"height":403,"caption":"Farina Pasta Fresca e Gnocchi Caputo"},{"@type":"BreadcrumbList","@id":"https:\/\/www.saporinostri.it\/farina-pasta-fresca-e-gnocchi-caputo-5-kg\/#breadcrumb","itemListElement":[{"@type":"ListItem","position":1,"name":"Home","item":"https:\/\/www.saporinostri.it\/"},{"@type":"ListItem","position":2,"name":"Shop","item":"https:\/\/www.saporinostri.it\/fr\/shop\/"},{"@type":"ListItem","position":3,"name":"Farina Pasta Fresca e Gnocchi Caputo 5 Kg"}]},{"@type":"WebSite","@id":"https:\/\/www.saporinostri.it\/#website","url":"https:\/\/www.saporinostri.it\/","name":"Sapori Nostri","description":"","publisher":{"@id":"https:\/\/www.saporinostri.it\/#organization"},"potentialAction":[{"@type":"SearchAction","target":{"@type":"EntryPoint","urlTemplate":"https:\/\/www.saporinostri.it\/?s={search_term_string}"},"query-input":{"@type":"PropertyValueSpecification","valueRequired":true,"valueName":"search_term_string"}}],"inLanguage":"fr-FR"},{"@type":"Organization","@id":"https:\/\/www.saporinostri.it\/#organization","name":"Sapori Nostri","url":"https:\/\/www.saporinostri.it\/","logo":{"@type":"ImageObject","inLanguage":"fr-FR","@id":"https:\/\/www.saporinostri.it\/#\/schema\/logo\/image\/","url":"https:\/\/www.saporinostri.it\/wp-content\/uploads\/2020\/05\/logo-retina.png","contentUrl":"https:\/\/www.saporinostri.it\/wp-content\/uploads\/2020\/05\/logo-retina.png","width":500,"height":109,"caption":"Sapori Nostri"},"image":{"@id":"https:\/\/www.saporinostri.it\/#\/schema\/logo\/image\/"},"sameAs":["https:\/\/www.facebook.com\/saporinostri.it\/","https:\/\/www.instagram.com\/saporinostri.it\/"]}]},"product_brand":"Mulino Caputo","product_price_amount":"6.39","product_price_currency":"EUR","og_availability":"instock","product_availability":"instock","product_retailer_item_id":"8014601015372","product_condition":"new"},"jetpack_sharing_enabled":true,"brands":[{"id":110,"name":"Mulino Caputo","slug":"mulino-caputo"}],"_links":{"self":[{"href":"https:\/\/www.saporinostri.it\/fr\/wp-json\/wp\/v2\/product\/2172","targetHints":{"allow":["GET"]}}],"collection":[{"href":"https:\/\/www.saporinostri.it\/fr\/wp-json\/wp\/v2\/product"}],"about":[{"href":"https:\/\/www.saporinostri.it\/fr\/wp-json\/wp\/v2\/types\/product"}],"replies":[{"embeddable":true,"href":"https:\/\/www.saporinostri.it\/fr\/wp-json\/wp\/v2\/comments?post=2172"}],"wp:featuredmedia":[{"embeddable":true,"href":"https:\/\/www.saporinostri.it\/fr\/wp-json\/wp\/v2\/media\/9621"}],"wp:attachment":[{"href":"https:\/\/www.saporinostri.it\/fr\/wp-json\/wp\/v2\/media?parent=2172"}],"wp:term":[{"taxonomy":"pwb-brand","embeddable":true,"href":"https:\/\/www.saporinostri.it\/fr\/wp-json\/wp\/v2\/pwb-brand?post=2172"},{"taxonomy":"product_brand","embeddable":true,"href":"https:\/\/www.saporinostri.it\/fr\/wp-json\/wp\/v2\/product_brand?post=2172"},{"taxonomy":"product_cat","embeddable":true,"href":"https:\/\/www.saporinostri.it\/fr\/wp-json\/wp\/v2\/product_cat?post=2172"},{"taxonomy":"product_tag","embeddable":true,"href":"https:\/\/www.saporinostri.it\/fr\/wp-json\/wp\/v2\/product_tag?post=2172"}],"curies":[{"name":"wp","href":"https:\/\/api.w.org\/{rel}","templated":true}]}}