{"id":2174,"date":"2020-05-09T18:21:25","date_gmt":"2020-05-09T16:21:25","guid":{"rendered":"http:\/\/172.105.66.148\/?post_type=product&#038;p=2174"},"modified":"2026-05-06T07:55:45","modified_gmt":"2026-05-06T05:55:45","slug":"farina-pasticceria-caputo-1-kg","status":"publish","type":"product","link":"https:\/\/www.saporinostri.it\/fr\/farina-pasticceria-caputo-1-kg\/","title":{"rendered":"Farine P\u00e2tisserie Caputo 1 Kg"},"content":{"rendered":"<div class=\"ap-wrapper\">\n<div class=\"ap-col f-2 n-b\"><p>La farine \u00e0 p\u00e2tisserie Mulino Caputo convient \u00e0 la pr\u00e9paration de bonbons et de sabl\u00e9s, parfum\u00e9s et savoureux. Farine d\u00e9di\u00e9e exclusivement \u00e0 la pr\u00e9paration de p\u00e2te bris\u00e9e, p\u00e2te \u00e0 biscuits et base pour desserts.<\/p>\n<p style=\"font-size: 0.9em\"><strong>Ingr\u00e9dients:<\/strong> Farine de bl\u00e9 tendre type &quot;00&quot;<\/p>\n<p style=\"font-size: 0.9em\"><strong>Sans ajout d&#039;additifs et d&#039;enzymes<\/strong><br \/>\n<strong>Contient <u>gluten<\/u>. Il peut contenir des traces de <u>soja<\/u><\/strong><\/p>\n<p style=\"font-size: 0.9em\"><strong>Conserver dans un endroit frais et sec<\/strong><\/p>\n<\/div>\n<div class=\"ap-col f-1\">\n<div class=\"nutrition-facts-heading\"><b>Valeurs nutritionnelles moyennes<\/b><\/div>\n<div class=\"nutrition-facts-content\">\n<table>\n<thead>\n<tr>\n<td><\/td>\n<td><b>100g<\/b><\/td>\n<td><b>%AR *\/100g<\/b><\/td>\n<\/tr>\n<\/thead>\n<tbody>\n<tr>\n<td><b>valeur \u00e9nerg\u00e9tique<\/b><\/td>\n<td>1\u00a0481\u00a0kj<br \/>\n349 kcal<\/td>\n<td>18%<\/td>\n<\/tr>\n<tr>\n<td><b>Gros<\/b><br \/>\ndont : <b>les acides gras satur\u00e9s<\/b><\/td>\n<td>1,0 g<br \/>\n0,2 g<\/td>\n<td>1%<br \/>\n1%<\/td>\n<\/tr>\n<tr>\n<td><b>Les glucides<\/b><br \/>\ndont : <b>Sucres<\/b><\/td>\n<td>73 grammes<br \/>\n1 g<\/td>\n<td>28%<br \/>\n1%<\/td>\n<\/tr>\n<tr>\n<td><b>Fibres<\/b><\/td>\n<td>3 grammes<\/td>\n<td><\/td>\n<\/tr>\n<tr>\n<td><b>Prot\u00e9ines<\/b><\/td>\n<td>11 grammes<\/td>\n<td>22%<\/td>\n<\/tr>\n<tr>\n<td><b>sel<\/b><\/td>\n<td>0,008 g<\/td>\n<td>0%<\/td>\n<\/tr>\n<\/tbody>\n<\/table>\n<\/div>\n<\/div>\n<\/div>\n<div class=\"mini-infobox-wrapper\">\n<p class=\"mini-infobox\"><b>Type de farine<\/b><br \/>\n00<\/p>\n<p class=\"mini-infobox\"><b>Boulangerie<\/b><br \/>\nL 200\/220<\/p>\n<p class=\"mini-infobox\"><b>Prot\u00e9ines<\/b><br \/>\n11,00% <span style=\"font-size: 0.85em;\">\u00b1 0,50%<\/span><\/p>\n<p class=\"mini-infobox\"><b>\u00c9lasticit\u00e9<\/b><br \/>\nP\/L 0,50 \/ 0,60<\/p>\n<p class=\"mini-infobox\"><b>Levain<\/b><br \/>\n<\/p>\n<\/div>\n<h3 class=\"mt-5\">Le moulin de Caputo<\/h3>\n<div class=\"mt-3\">\n<p>Depuis 1924, le\u00a0<strong>Mulino Caputo<\/strong>\u00a0travaille le bl\u00e9 avec g\u00e9n\u00e9rosit\u00e9 et passion, pour offrir aux professionnels et aux passionn\u00e9s de l&#039;Art Blanc Caputo Farina la plus haute qualit\u00e9, produite dans le plein respect des mati\u00e8res premi\u00e8res et de la tradition.<\/p>\n<p>Il Molino Caputo produit une large gamme de farines \u00e0 usage domestique et professionnel. La farine Caputo est surtout utilis\u00e9e par les professionnels de la p\u00e2te \u00e0 confiserie, de la panification, des p\u00e2tes et de la pizza, avec de nombreux types de farines destin\u00e9es \u00e0 diff\u00e9rents proc\u00e9d\u00e9s.<\/p>\n<p>Autorit\u00e9, spontan\u00e9it\u00e9 et tradition, c&#039;est de ces valeurs que na\u00eet l&#039;art blanc de Mulino Caputo, qui gr\u00e2ce \u00e0 l&#039;exp\u00e9rience acquise en 3 g\u00e9n\u00e9rations de ma\u00eetres meuniers napolitains, lui permet de garantir des normes de qualit\u00e9 tr\u00e8s \u00e9lev\u00e9es, pour s&#039;assurer que l&#039;expert les restaurateurs et artisans du go\u00fbt expriment au mieux leur cr\u00e9ativit\u00e9.<\/p>\n<p>La farine Caputo a la capacit\u00e9 de pr\u00e9server pleinement le naturel et l&#039;authenticit\u00e9 des saveurs, pour cela et pour d&#039;autres raisons, Molino Caputo est appr\u00e9ci\u00e9 et reconnu dans le monde entier.<\/p>\n<\/div>","protected":false},"excerpt":{"rendered":"<p><b>Boulangerie:<\/b> L 200\/220<\/p>\n<ul>\n<li>La Farine P\u00e2tissi\u00e8re Caputo est parfum\u00e9e et savoureuse, adapt\u00e9e \u00e0 toutes vos cr\u00e9ations sucr\u00e9es.<\/li>\n<li>D\u00e9di\u00e9 exclusivement \u00e0 la pr\u00e9paration de p\u00e2te bris\u00e9e, p\u00e2te \u00e0 biscuits et base pour desserts.<\/li>\n<li>100% naturel, sans additifs ni conservateurs.<\/li>\n<\/ul>\n<p><span style=\"font-size: 0.8em;margin-top: 10px\"><b><a href=\"https:\/\/www.saporinostri.it\/sc\/scheda-tecnica-farina-pasticceria-mulino-caputo.pdf\" target=\"_blank\" rel=\"noopener\"><i class=\"fa fa-download\" aria-hidden=\"true\"><\/i> T\u00e9l\u00e9charger la fiche produit Caputo Farine Pastry<\/a><\/b><\/span><\/p>\n<div class=\"scadenza\">Expiration du lot le plus r\u00e9cent\u00a0:<\/div>\n<div><strong>15\/01\/2027 L.015B<\/strong><\/div>","protected":false},"featured_media":12383,"comment_status":"open","ping_status":"closed","template":"","meta":{"_acf_changed":false,"inline_featured_image":false,"wprm-recipe-roundup-name":"","wprm-recipe-roundup-description":"","_monsterinsights_skip_tracking":false,"_monsterinsights_sitenote_active":false,"_monsterinsights_sitenote_note":"","_monsterinsights_sitenote_category":0},"pwb-brand":[110],"product_brand":[],"product_cat":[97],"product_tag":[],"class_list":{"0":"post-2174","1":"product","2":"type-product","3":"status-publish","4":"has-post-thumbnail","6":"pwb-brand-mulino-caputo","7":"product_cat-farine","8":"product_shipping_class-iva-4","10":"first","11":"instock","12":"sale","13":"taxable","14":"shipping-taxable","15":"purchasable","16":"product-type-simple"},"acf":[],"yoast_head":"<!-- This site is optimized with the Yoast SEO Premium plugin v23.7 (Yoast SEO v27.5) - https:\/\/yoast.com\/product\/yoast-seo-premium-wordpress\/ -->\n<title>Farina Pasticceria Caputo 1 Kg - Sapori Nostri<\/title>\n<meta name=\"description\" content=\"Farina Pasticceria Caputo, ottima per la realizzazione di pasta frolla, pasta biscotto e base per dolci, fragrante e gustosa\" \/>\n<meta name=\"robots\" content=\"index, follow, max-snippet:-1, max-image-preview:large, max-video-preview:-1\" \/>\n<link rel=\"canonical\" href=\"https:\/\/www.saporinostri.it\/fr\/farina-pasticceria-caputo-1-kg\/\" \/>\n<meta property=\"og:locale\" content=\"fr_FR\" \/>\n<meta property=\"og:type\" content=\"article\" \/>\n<meta property=\"og:title\" content=\"Farina Pasticceria Caputo 1 Kg\" \/>\n<meta property=\"og:description\" content=\"Farina Pasticceria Caputo, ottima per la realizzazione di pasta frolla, pasta biscotto e base per dolci, fragrante e gustosa\" \/>\n<meta property=\"og:url\" content=\"https:\/\/www.saporinostri.it\/fr\/farina-pasticceria-caputo-1-kg\/\" \/>\n<meta property=\"og:site_name\" content=\"Sapori Nostri\" \/>\n<meta property=\"article:publisher\" content=\"https:\/\/www.facebook.com\/saporinostri.it\/\" \/>\n<meta property=\"article:modified_time\" content=\"2026-05-06T05:55:45+00:00\" \/>\n<meta property=\"og:image\" content=\"https:\/\/www.saporinostri.it\/wp-content\/uploads\/2020\/05\/farina-pasticceria-caputo-1-kg-nuova-front.jpg\" \/>\n\t<meta property=\"og:image:width\" content=\"1500\" \/>\n\t<meta property=\"og:image:height\" content=\"1500\" \/>\n\t<meta property=\"og:image:type\" content=\"image\/jpeg\" \/>\n<meta name=\"twitter:card\" content=\"summary_large_image\" \/>\n<meta name=\"twitter:label1\" content=\"Prix\" \/>\n\t<meta name=\"twitter:data1\" content=\"&euro;1,99\" \/>\n\t<meta name=\"twitter:label2\" content=\"Disponibilit\u00e9\" \/>\n\t<meta name=\"twitter:data2\" content=\"En stock\" \/>\n<script type=\"application\/ld+json\" class=\"yoast-schema-graph\">{\"@context\":\"https:\\\/\\\/schema.org\",\"@graph\":[{\"@type\":\"WebPage\",\"@id\":\"https:\\\/\\\/www.saporinostri.it\\\/farina-pasticceria-caputo-1-kg\\\/\",\"url\":\"https:\\\/\\\/www.saporinostri.it\\\/farina-pasticceria-caputo-1-kg\\\/\",\"name\":\"Farina Pasticceria Caputo 1 Kg - Sapori Nostri\",\"isPartOf\":{\"@id\":\"https:\\\/\\\/www.saporinostri.it\\\/#website\"},\"primaryImageOfPage\":{\"@id\":\"https:\\\/\\\/www.saporinostri.it\\\/farina-pasticceria-caputo-1-kg\\\/#primaryimage\"},\"image\":{\"@id\":\"https:\\\/\\\/www.saporinostri.it\\\/farina-pasticceria-caputo-1-kg\\\/#primaryimage\"},\"thumbnailUrl\":\"https:\\\/\\\/www.saporinostri.it\\\/wp-content\\\/uploads\\\/2020\\\/05\\\/farina-pasticceria-caputo-1-kg-nuova-front.jpg\",\"datePublished\":\"2020-05-09T16:21:25+00:00\",\"dateModified\":\"2026-05-06T05:55:45+00:00\",\"description\":\"Farina Pasticceria Caputo, ottima per la realizzazione di pasta frolla, pasta biscotto e base per dolci, fragrante e gustosa\",\"breadcrumb\":{\"@id\":\"https:\\\/\\\/www.saporinostri.it\\\/farina-pasticceria-caputo-1-kg\\\/#breadcrumb\"},\"inLanguage\":\"fr-FR\",\"potentialAction\":[{\"@type\":\"ReadAction\",\"target\":[\"https:\\\/\\\/www.saporinostri.it\\\/farina-pasticceria-caputo-1-kg\\\/\"]}]},{\"@type\":\"ImageObject\",\"inLanguage\":\"fr-FR\",\"@id\":\"https:\\\/\\\/www.saporinostri.it\\\/farina-pasticceria-caputo-1-kg\\\/#primaryimage\",\"url\":\"https:\\\/\\\/www.saporinostri.it\\\/wp-content\\\/uploads\\\/2020\\\/05\\\/farina-pasticceria-caputo-1-kg-nuova-front.jpg\",\"contentUrl\":\"https:\\\/\\\/www.saporinostri.it\\\/wp-content\\\/uploads\\\/2020\\\/05\\\/farina-pasticceria-caputo-1-kg-nuova-front.jpg\",\"width\":1500,\"height\":1500,\"caption\":\"Farina Pasticceria Caputo 1 Kg\"},{\"@type\":\"BreadcrumbList\",\"@id\":\"https:\\\/\\\/www.saporinostri.it\\\/farina-pasticceria-caputo-1-kg\\\/#breadcrumb\",\"itemListElement\":[{\"@type\":\"ListItem\",\"position\":1,\"name\":\"Home\",\"item\":\"https:\\\/\\\/www.saporinostri.it\\\/\"},{\"@type\":\"ListItem\",\"position\":2,\"name\":\"Shop\",\"item\":\"https:\\\/\\\/www.saporinostri.it\\\/fr\\\/shop\\\/\"},{\"@type\":\"ListItem\",\"position\":3,\"name\":\"Farina Pasticceria Caputo 1 Kg\"}]},{\"@type\":\"WebSite\",\"@id\":\"https:\\\/\\\/www.saporinostri.it\\\/#website\",\"url\":\"https:\\\/\\\/www.saporinostri.it\\\/\",\"name\":\"Sapori Nostri\",\"description\":\"\",\"publisher\":{\"@id\":\"https:\\\/\\\/www.saporinostri.it\\\/#organization\"},\"potentialAction\":[{\"@type\":\"SearchAction\",\"target\":{\"@type\":\"EntryPoint\",\"urlTemplate\":\"https:\\\/\\\/www.saporinostri.it\\\/?s={search_term_string}\"},\"query-input\":{\"@type\":\"PropertyValueSpecification\",\"valueRequired\":true,\"valueName\":\"search_term_string\"}}],\"inLanguage\":\"fr-FR\"},{\"@type\":\"Organization\",\"@id\":\"https:\\\/\\\/www.saporinostri.it\\\/#organization\",\"name\":\"Sapori Nostri\",\"url\":\"https:\\\/\\\/www.saporinostri.it\\\/\",\"logo\":{\"@type\":\"ImageObject\",\"inLanguage\":\"fr-FR\",\"@id\":\"https:\\\/\\\/www.saporinostri.it\\\/#\\\/schema\\\/logo\\\/image\\\/\",\"url\":\"https:\\\/\\\/www.saporinostri.it\\\/wp-content\\\/uploads\\\/2020\\\/05\\\/logo-retina.png\",\"contentUrl\":\"https:\\\/\\\/www.saporinostri.it\\\/wp-content\\\/uploads\\\/2020\\\/05\\\/logo-retina.png\",\"width\":500,\"height\":109,\"caption\":\"Sapori Nostri\"},\"image\":{\"@id\":\"https:\\\/\\\/www.saporinostri.it\\\/#\\\/schema\\\/logo\\\/image\\\/\"},\"sameAs\":[\"https:\\\/\\\/www.facebook.com\\\/saporinostri.it\\\/\",\"https:\\\/\\\/www.instagram.com\\\/saporinostri.it\\\/\"]}]}<\/script>\n<meta property=\"product:brand\" content=\"Mulino Caputo\" \/>\n<meta property=\"product:price:amount\" content=\"1.99\" \/>\n<meta property=\"product:price:currency\" content=\"EUR\" \/>\n<meta property=\"og:availability\" content=\"instock\" \/>\n<meta property=\"product:availability\" content=\"instock\" \/>\n<meta property=\"product:retailer_item_id\" content=\"8014601011565\" \/>\n<meta property=\"product:condition\" content=\"new\" \/>\n<!-- \/ Yoast SEO Premium plugin. -->","yoast_head_json":{"title":"Farine P\u00e2tissi\u00e8re Caputo 1 Kg - Nos Saveurs","description":"Farine \u00e0 p\u00e2tisserie Caputo, excellente pour la fabrication de p\u00e2te bris\u00e9e, p\u00e2te \u00e0 biscuits et base pour desserts, parfum\u00e9e et savoureuse","robots":{"index":"index","follow":"follow","max-snippet":"max-snippet:-1","max-image-preview":"max-image-preview:large","max-video-preview":"max-video-preview:-1"},"canonical":"https:\/\/www.saporinostri.it\/fr\/farina-pasticceria-caputo-1-kg\/","og_locale":"fr_FR","og_type":"article","og_title":"Farina Pasticceria Caputo 1 Kg","og_description":"Farina Pasticceria Caputo, ottima per la realizzazione di pasta frolla, pasta biscotto e base per dolci, fragrante e gustosa","og_url":"https:\/\/www.saporinostri.it\/fr\/farina-pasticceria-caputo-1-kg\/","og_site_name":"Sapori Nostri","article_publisher":"https:\/\/www.facebook.com\/saporinostri.it\/","article_modified_time":"2026-05-06T05:55:45+00:00","og_image":[{"width":1500,"height":1500,"url":"https:\/\/www.saporinostri.it\/wp-content\/uploads\/2020\/05\/farina-pasticceria-caputo-1-kg-nuova-front.jpg","type":"image\/jpeg"}],"twitter_card":"summary_large_image","twitter_misc":{"Prix":"&euro;1,99","Disponibilit\u00e9":"En stock"},"schema":{"@context":"https:\/\/schema.org","@graph":[{"@type":"WebPage","@id":"https:\/\/www.saporinostri.it\/farina-pasticceria-caputo-1-kg\/","url":"https:\/\/www.saporinostri.it\/farina-pasticceria-caputo-1-kg\/","name":"Farine P\u00e2tissi\u00e8re Caputo 1 Kg - Nos Saveurs","isPartOf":{"@id":"https:\/\/www.saporinostri.it\/#website"},"primaryImageOfPage":{"@id":"https:\/\/www.saporinostri.it\/farina-pasticceria-caputo-1-kg\/#primaryimage"},"image":{"@id":"https:\/\/www.saporinostri.it\/farina-pasticceria-caputo-1-kg\/#primaryimage"},"thumbnailUrl":"https:\/\/www.saporinostri.it\/wp-content\/uploads\/2020\/05\/farina-pasticceria-caputo-1-kg-nuova-front.jpg","datePublished":"2020-05-09T16:21:25+00:00","dateModified":"2026-05-06T05:55:45+00:00","description":"Farine \u00e0 p\u00e2tisserie Caputo, excellente pour la fabrication de p\u00e2te bris\u00e9e, p\u00e2te \u00e0 biscuits et base pour desserts, parfum\u00e9e et savoureuse","breadcrumb":{"@id":"https:\/\/www.saporinostri.it\/farina-pasticceria-caputo-1-kg\/#breadcrumb"},"inLanguage":"fr-FR","potentialAction":[{"@type":"ReadAction","target":["https:\/\/www.saporinostri.it\/farina-pasticceria-caputo-1-kg\/"]}]},{"@type":"ImageObject","inLanguage":"fr-FR","@id":"https:\/\/www.saporinostri.it\/farina-pasticceria-caputo-1-kg\/#primaryimage","url":"https:\/\/www.saporinostri.it\/wp-content\/uploads\/2020\/05\/farina-pasticceria-caputo-1-kg-nuova-front.jpg","contentUrl":"https:\/\/www.saporinostri.it\/wp-content\/uploads\/2020\/05\/farina-pasticceria-caputo-1-kg-nuova-front.jpg","width":1500,"height":1500,"caption":"Farina Pasticceria Caputo 1 Kg"},{"@type":"BreadcrumbList","@id":"https:\/\/www.saporinostri.it\/farina-pasticceria-caputo-1-kg\/#breadcrumb","itemListElement":[{"@type":"ListItem","position":1,"name":"Home","item":"https:\/\/www.saporinostri.it\/"},{"@type":"ListItem","position":2,"name":"Shop","item":"https:\/\/www.saporinostri.it\/fr\/shop\/"},{"@type":"ListItem","position":3,"name":"Farina Pasticceria Caputo 1 Kg"}]},{"@type":"WebSite","@id":"https:\/\/www.saporinostri.it\/#website","url":"https:\/\/www.saporinostri.it\/","name":"Sapori Nostri","description":"","publisher":{"@id":"https:\/\/www.saporinostri.it\/#organization"},"potentialAction":[{"@type":"SearchAction","target":{"@type":"EntryPoint","urlTemplate":"https:\/\/www.saporinostri.it\/?s={search_term_string}"},"query-input":{"@type":"PropertyValueSpecification","valueRequired":true,"valueName":"search_term_string"}}],"inLanguage":"fr-FR"},{"@type":"Organization","@id":"https:\/\/www.saporinostri.it\/#organization","name":"Sapori Nostri","url":"https:\/\/www.saporinostri.it\/","logo":{"@type":"ImageObject","inLanguage":"fr-FR","@id":"https:\/\/www.saporinostri.it\/#\/schema\/logo\/image\/","url":"https:\/\/www.saporinostri.it\/wp-content\/uploads\/2020\/05\/logo-retina.png","contentUrl":"https:\/\/www.saporinostri.it\/wp-content\/uploads\/2020\/05\/logo-retina.png","width":500,"height":109,"caption":"Sapori Nostri"},"image":{"@id":"https:\/\/www.saporinostri.it\/#\/schema\/logo\/image\/"},"sameAs":["https:\/\/www.facebook.com\/saporinostri.it\/","https:\/\/www.instagram.com\/saporinostri.it\/"]}]},"product_brand":"Mulino Caputo","product_price_amount":"1.99","product_price_currency":"EUR","og_availability":"instock","product_availability":"instock","product_retailer_item_id":"8014601011565","product_condition":"new"},"jetpack_sharing_enabled":true,"brands":[{"id":110,"name":"Mulino Caputo","slug":"mulino-caputo"}],"_links":{"self":[{"href":"https:\/\/www.saporinostri.it\/fr\/wp-json\/wp\/v2\/product\/2174","targetHints":{"allow":["GET"]}}],"collection":[{"href":"https:\/\/www.saporinostri.it\/fr\/wp-json\/wp\/v2\/product"}],"about":[{"href":"https:\/\/www.saporinostri.it\/fr\/wp-json\/wp\/v2\/types\/product"}],"replies":[{"embeddable":true,"href":"https:\/\/www.saporinostri.it\/fr\/wp-json\/wp\/v2\/comments?post=2174"}],"wp:featuredmedia":[{"embeddable":true,"href":"https:\/\/www.saporinostri.it\/fr\/wp-json\/wp\/v2\/media\/12383"}],"wp:attachment":[{"href":"https:\/\/www.saporinostri.it\/fr\/wp-json\/wp\/v2\/media?parent=2174"}],"wp:term":[{"taxonomy":"pwb-brand","embeddable":true,"href":"https:\/\/www.saporinostri.it\/fr\/wp-json\/wp\/v2\/pwb-brand?post=2174"},{"taxonomy":"product_brand","embeddable":true,"href":"https:\/\/www.saporinostri.it\/fr\/wp-json\/wp\/v2\/product_brand?post=2174"},{"taxonomy":"product_cat","embeddable":true,"href":"https:\/\/www.saporinostri.it\/fr\/wp-json\/wp\/v2\/product_cat?post=2174"},{"taxonomy":"product_tag","embeddable":true,"href":"https:\/\/www.saporinostri.it\/fr\/wp-json\/wp\/v2\/product_tag?post=2174"}],"curies":[{"name":"wp","href":"https:\/\/api.w.org\/{rel}","templated":true}]}}