{"id":2186,"date":"2020-05-09T18:45:04","date_gmt":"2020-05-09T16:45:04","guid":{"rendered":"http:\/\/172.105.66.148\/?post_type=product&#038;p=2186"},"modified":"2026-03-13T12:02:52","modified_gmt":"2026-03-13T11:02:52","slug":"farina-integrale-caputo-5-kg","status":"publish","type":"product","link":"https:\/\/www.saporinostri.it\/fr\/farina-integrale-caputo-5-kg\/","title":{"rendered":"Farine compl\u00e8te Caputo 5 Kg"},"content":{"rendered":"<p>Farine <strong>bl\u00e9 complet<\/strong> riche en <strong>fibres<\/strong>, produit selon la m\u00e9thode traditionnelle, \u00e0 partir du broyage int\u00e9gral du grain de bl\u00e9. Riche en germe et en fibres, il assure un v\u00e9ritable parfum apr\u00e8s cuisson.<\/p>\n<p>Le retrait de la couche externe de la peau du grain garantit l&#039;authenticit\u00e9 et la s\u00e9curit\u00e9 alimentaire du produit.<\/p>\n<p>Id\u00e9al pour les p\u00e2tes fonc\u00e9es et est utilis\u00e9 \u00e0 la fois absolu et en pourcentage m\u00e9lang\u00e9 avec d&#039;autres farines de la ligne <a href=\"https:\/\/www.saporinostri.it\/fr\/produttore\/mulino-caputo\/\"><strong>Caputo<\/strong><\/a>.<\/p>\n<div class=\"mini-infobox-wrapper\">\n<p class=\"mini-infobox\"><b>Type de farine<\/b><br \/>\nBl\u00e9 complet<\/p>\n<p class=\"mini-infobox\"><b>Boulangerie<\/b><br \/>\nL 170\/190<\/p>\n<p class=\"mini-infobox\"><b>Prot\u00e9ines<\/b><br \/>\n12,50%<\/p>\n<p class=\"mini-infobox\"><b>\u00c9lasticit\u00e9<\/b><br \/>\nP\/L 0,80 \/ 0,90<\/p>\n<p class=\"mini-infobox\"><b>Levain<\/b><br \/>\n\u2014<\/p>\n<\/div>\n<h3 class=\"mt-5\">Le moulin de Caputo<\/h3>\n<div class=\"mt-3\">\n<p>Depuis 1924, le\u00a0<strong>Mulino Caputo<\/strong>\u00a0travaille le bl\u00e9 avec g\u00e9n\u00e9rosit\u00e9 et passion, pour offrir aux professionnels et aux passionn\u00e9s de l&#039;Art Blanc Caputo Farina la plus haute qualit\u00e9, produite dans le plein respect des mati\u00e8res premi\u00e8res et de la tradition.<\/p>\n<p>Il Molino Caputo produit une large gamme de farines \u00e0 usage domestique et professionnel. La farine Caputo est surtout utilis\u00e9e par les professionnels de la p\u00e2te \u00e0 confiserie, de la panification, des p\u00e2tes et de la pizza, avec de nombreux types de farines destin\u00e9es \u00e0 diff\u00e9rents proc\u00e9d\u00e9s.<\/p>\n<p>Autorit\u00e9, spontan\u00e9it\u00e9 et tradition, c&#039;est de ces valeurs que na\u00eet l&#039;art blanc de Mulino Caputo, qui gr\u00e2ce \u00e0 l&#039;exp\u00e9rience acquise en 3 g\u00e9n\u00e9rations de ma\u00eetres meuniers napolitains, lui permet de garantir des normes de qualit\u00e9 tr\u00e8s \u00e9lev\u00e9es, pour s&#039;assurer que l&#039;expert les restaurateurs et artisans du go\u00fbt expriment au mieux leur cr\u00e9ativit\u00e9.<\/p>\n<p>La farine Caputo a la capacit\u00e9 de pr\u00e9server pleinement le naturel et l&#039;authenticit\u00e9 des saveurs, pour cela et pour d&#039;autres raisons, Molino Caputo est appr\u00e9ci\u00e9 et reconnu dans le monde entier.<\/p>\n<\/div>","protected":false},"excerpt":{"rendered":"<p><b>Boulangerie:<\/b> L 170\/190<\/p>\n<ul>\n<li>Farine compl\u00e8te<\/li>\n<li>Riche en germe et en fibres, il assure un v\u00e9ritable parfum apr\u00e8s cuisson.<\/li>\n<li>Produit avec la m\u00e9thode traditionnelle, \u00e0 partir du broyage int\u00e9gral du grain de bl\u00e9.<\/li>\n<\/ul>","protected":false},"featured_media":9626,"comment_status":"open","ping_status":"closed","template":"","meta":{"_acf_changed":false,"inline_featured_image":false,"wprm-recipe-roundup-name":"","wprm-recipe-roundup-description":"","_monsterinsights_skip_tracking":false,"_monsterinsights_sitenote_active":false,"_monsterinsights_sitenote_note":"","_monsterinsights_sitenote_category":0},"pwb-brand":[110],"product_brand":[],"product_cat":[97],"product_tag":[],"class_list":{"0":"post-2186","1":"product","2":"type-product","3":"status-publish","4":"has-post-thumbnail","6":"pwb-brand-mulino-caputo","7":"product_cat-farine","8":"product_shipping_class-iva-4","10":"first","11":"outofstock","12":"sale","13":"taxable","14":"shipping-taxable","15":"purchasable","16":"product-type-simple"},"acf":[],"yoast_head":"<!-- This site is optimized with the Yoast SEO Premium plugin v23.7 (Yoast SEO v27.3) - https:\/\/yoast.com\/product\/yoast-seo-premium-wordpress\/ -->\n<title>Farina Integrale Caputo 5 Kg - Sapori Nostri<\/title>\n<meta name=\"description\" content=\"Farina Integrale Caputo, ricca di germe e fibre, prodotta con metodo tradizionale, dalla macinazione integrale del chicco di grano\" \/>\n<meta name=\"robots\" content=\"index, follow, max-snippet:-1, max-image-preview:large, max-video-preview:-1\" \/>\n<link rel=\"canonical\" href=\"https:\/\/www.saporinostri.it\/fr\/farina-integrale-caputo-5-kg\/\" \/>\n<meta property=\"og:locale\" content=\"fr_FR\" \/>\n<meta property=\"og:type\" content=\"article\" \/>\n<meta property=\"og:title\" content=\"Farina Integrale Caputo 5 Kg\" \/>\n<meta property=\"og:description\" content=\"Farina Integrale Caputo, ricca di germe e fibre, prodotta con metodo tradizionale, dalla macinazione integrale del chicco di grano\" \/>\n<meta property=\"og:url\" content=\"https:\/\/www.saporinostri.it\/fr\/farina-integrale-caputo-5-kg\/\" \/>\n<meta property=\"og:site_name\" content=\"Sapori Nostri\" \/>\n<meta property=\"article:publisher\" content=\"https:\/\/www.facebook.com\/saporinostri.it\/\" \/>\n<meta property=\"article:modified_time\" content=\"2026-03-13T11:02:52+00:00\" \/>\n<meta property=\"og:image\" content=\"https:\/\/www.saporinostri.it\/wp-content\/uploads\/2020\/05\/farina-integrale-caputo.jpg\" \/>\n\t<meta property=\"og:image:width\" content=\"403\" \/>\n\t<meta property=\"og:image:height\" content=\"403\" \/>\n\t<meta property=\"og:image:type\" content=\"image\/jpeg\" \/>\n<meta name=\"twitter:card\" content=\"summary_large_image\" \/>\n<meta name=\"twitter:label1\" content=\"Prix\" \/>\n\t<meta name=\"twitter:data1\" content=\"&euro;5,99\" \/>\n\t<meta name=\"twitter:label2\" content=\"Disponibilit\u00e9\" \/>\n\t<meta name=\"twitter:data2\" content=\"Rupture de stock\" \/>\n<script type=\"application\/ld+json\" class=\"yoast-schema-graph\">{\"@context\":\"https:\\\/\\\/schema.org\",\"@graph\":[{\"@type\":\"WebPage\",\"@id\":\"https:\\\/\\\/www.saporinostri.it\\\/farina-integrale-caputo-5-kg\\\/\",\"url\":\"https:\\\/\\\/www.saporinostri.it\\\/farina-integrale-caputo-5-kg\\\/\",\"name\":\"Farina Integrale Caputo 5 Kg - Sapori Nostri\",\"isPartOf\":{\"@id\":\"https:\\\/\\\/www.saporinostri.it\\\/#website\"},\"primaryImageOfPage\":{\"@id\":\"https:\\\/\\\/www.saporinostri.it\\\/farina-integrale-caputo-5-kg\\\/#primaryimage\"},\"image\":{\"@id\":\"https:\\\/\\\/www.saporinostri.it\\\/farina-integrale-caputo-5-kg\\\/#primaryimage\"},\"thumbnailUrl\":\"https:\\\/\\\/www.saporinostri.it\\\/wp-content\\\/uploads\\\/2020\\\/05\\\/farina-integrale-caputo.jpg\",\"datePublished\":\"2020-05-09T16:45:04+00:00\",\"dateModified\":\"2026-03-13T11:02:52+00:00\",\"description\":\"Farina Integrale Caputo, ricca di germe e fibre, prodotta con metodo tradizionale, dalla macinazione integrale del chicco di grano\",\"breadcrumb\":{\"@id\":\"https:\\\/\\\/www.saporinostri.it\\\/farina-integrale-caputo-5-kg\\\/#breadcrumb\"},\"inLanguage\":\"fr-FR\",\"potentialAction\":[{\"@type\":\"ReadAction\",\"target\":[\"https:\\\/\\\/www.saporinostri.it\\\/farina-integrale-caputo-5-kg\\\/\"]}]},{\"@type\":\"ImageObject\",\"inLanguage\":\"fr-FR\",\"@id\":\"https:\\\/\\\/www.saporinostri.it\\\/farina-integrale-caputo-5-kg\\\/#primaryimage\",\"url\":\"https:\\\/\\\/www.saporinostri.it\\\/wp-content\\\/uploads\\\/2020\\\/05\\\/farina-integrale-caputo.jpg\",\"contentUrl\":\"https:\\\/\\\/www.saporinostri.it\\\/wp-content\\\/uploads\\\/2020\\\/05\\\/farina-integrale-caputo.jpg\",\"width\":403,\"height\":403,\"caption\":\"Farina Integrale Caputo\"},{\"@type\":\"BreadcrumbList\",\"@id\":\"https:\\\/\\\/www.saporinostri.it\\\/farina-integrale-caputo-5-kg\\\/#breadcrumb\",\"itemListElement\":[{\"@type\":\"ListItem\",\"position\":1,\"name\":\"Home\",\"item\":\"https:\\\/\\\/www.saporinostri.it\\\/\"},{\"@type\":\"ListItem\",\"position\":2,\"name\":\"Shop\",\"item\":\"https:\\\/\\\/www.saporinostri.it\\\/fr\\\/shop\\\/\"},{\"@type\":\"ListItem\",\"position\":3,\"name\":\"Farina Integrale Caputo 5 Kg\"}]},{\"@type\":\"WebSite\",\"@id\":\"https:\\\/\\\/www.saporinostri.it\\\/#website\",\"url\":\"https:\\\/\\\/www.saporinostri.it\\\/\",\"name\":\"Sapori Nostri\",\"description\":\"\",\"publisher\":{\"@id\":\"https:\\\/\\\/www.saporinostri.it\\\/#organization\"},\"potentialAction\":[{\"@type\":\"SearchAction\",\"target\":{\"@type\":\"EntryPoint\",\"urlTemplate\":\"https:\\\/\\\/www.saporinostri.it\\\/?s={search_term_string}\"},\"query-input\":{\"@type\":\"PropertyValueSpecification\",\"valueRequired\":true,\"valueName\":\"search_term_string\"}}],\"inLanguage\":\"fr-FR\"},{\"@type\":\"Organization\",\"@id\":\"https:\\\/\\\/www.saporinostri.it\\\/#organization\",\"name\":\"Sapori Nostri\",\"url\":\"https:\\\/\\\/www.saporinostri.it\\\/\",\"logo\":{\"@type\":\"ImageObject\",\"inLanguage\":\"fr-FR\",\"@id\":\"https:\\\/\\\/www.saporinostri.it\\\/#\\\/schema\\\/logo\\\/image\\\/\",\"url\":\"https:\\\/\\\/www.saporinostri.it\\\/wp-content\\\/uploads\\\/2020\\\/05\\\/logo-retina.png\",\"contentUrl\":\"https:\\\/\\\/www.saporinostri.it\\\/wp-content\\\/uploads\\\/2020\\\/05\\\/logo-retina.png\",\"width\":500,\"height\":109,\"caption\":\"Sapori Nostri\"},\"image\":{\"@id\":\"https:\\\/\\\/www.saporinostri.it\\\/#\\\/schema\\\/logo\\\/image\\\/\"},\"sameAs\":[\"https:\\\/\\\/www.facebook.com\\\/saporinostri.it\\\/\",\"https:\\\/\\\/www.instagram.com\\\/saporinostri.it\\\/\"]}]}<\/script>\n<meta property=\"product:brand\" content=\"Mulino Caputo\" \/>\n<meta property=\"product:price:amount\" content=\"5.99\" \/>\n<meta property=\"product:price:currency\" content=\"EUR\" \/>\n<meta property=\"og:availability\" content=\"out of stock\" \/>\n<meta property=\"product:availability\" content=\"out of stock\" \/>\n<meta property=\"product:retailer_item_id\" content=\"8014601045379\" \/>\n<meta property=\"product:condition\" content=\"new\" \/>\n<!-- \/ Yoast SEO Premium plugin. -->","yoast_head_json":{"title":"Farine compl\u00e8te Caputo 5 Kg - Nos saveurs","description":"Farine compl\u00e8te Caputo, riche en germes et en fibres, produite selon la m\u00e9thode traditionnelle, \u00e0 partir de la mouture compl\u00e8te du grain de bl\u00e9","robots":{"index":"index","follow":"follow","max-snippet":"max-snippet:-1","max-image-preview":"max-image-preview:large","max-video-preview":"max-video-preview:-1"},"canonical":"https:\/\/www.saporinostri.it\/fr\/farina-integrale-caputo-5-kg\/","og_locale":"fr_FR","og_type":"article","og_title":"Farina Integrale Caputo 5 Kg","og_description":"Farina Integrale Caputo, ricca di germe e fibre, prodotta con metodo tradizionale, dalla macinazione integrale del chicco di grano","og_url":"https:\/\/www.saporinostri.it\/fr\/farina-integrale-caputo-5-kg\/","og_site_name":"Sapori Nostri","article_publisher":"https:\/\/www.facebook.com\/saporinostri.it\/","article_modified_time":"2026-03-13T11:02:52+00:00","og_image":[{"width":403,"height":403,"url":"https:\/\/www.saporinostri.it\/wp-content\/uploads\/2020\/05\/farina-integrale-caputo.jpg","type":"image\/jpeg"}],"twitter_card":"summary_large_image","twitter_misc":{"Prix":"&euro;5,99","Disponibilit\u00e9":"Rupture de stock"},"schema":{"@context":"https:\/\/schema.org","@graph":[{"@type":"WebPage","@id":"https:\/\/www.saporinostri.it\/farina-integrale-caputo-5-kg\/","url":"https:\/\/www.saporinostri.it\/farina-integrale-caputo-5-kg\/","name":"Farine compl\u00e8te Caputo 5 Kg - Nos saveurs","isPartOf":{"@id":"https:\/\/www.saporinostri.it\/#website"},"primaryImageOfPage":{"@id":"https:\/\/www.saporinostri.it\/farina-integrale-caputo-5-kg\/#primaryimage"},"image":{"@id":"https:\/\/www.saporinostri.it\/farina-integrale-caputo-5-kg\/#primaryimage"},"thumbnailUrl":"https:\/\/www.saporinostri.it\/wp-content\/uploads\/2020\/05\/farina-integrale-caputo.jpg","datePublished":"2020-05-09T16:45:04+00:00","dateModified":"2026-03-13T11:02:52+00:00","description":"Farine compl\u00e8te Caputo, riche en germes et en fibres, produite selon la m\u00e9thode traditionnelle, \u00e0 partir de la mouture compl\u00e8te du grain de bl\u00e9","breadcrumb":{"@id":"https:\/\/www.saporinostri.it\/farina-integrale-caputo-5-kg\/#breadcrumb"},"inLanguage":"fr-FR","potentialAction":[{"@type":"ReadAction","target":["https:\/\/www.saporinostri.it\/farina-integrale-caputo-5-kg\/"]}]},{"@type":"ImageObject","inLanguage":"fr-FR","@id":"https:\/\/www.saporinostri.it\/farina-integrale-caputo-5-kg\/#primaryimage","url":"https:\/\/www.saporinostri.it\/wp-content\/uploads\/2020\/05\/farina-integrale-caputo.jpg","contentUrl":"https:\/\/www.saporinostri.it\/wp-content\/uploads\/2020\/05\/farina-integrale-caputo.jpg","width":403,"height":403,"caption":"Farina Integrale Caputo"},{"@type":"BreadcrumbList","@id":"https:\/\/www.saporinostri.it\/farina-integrale-caputo-5-kg\/#breadcrumb","itemListElement":[{"@type":"ListItem","position":1,"name":"Home","item":"https:\/\/www.saporinostri.it\/"},{"@type":"ListItem","position":2,"name":"Shop","item":"https:\/\/www.saporinostri.it\/fr\/shop\/"},{"@type":"ListItem","position":3,"name":"Farina Integrale Caputo 5 Kg"}]},{"@type":"WebSite","@id":"https:\/\/www.saporinostri.it\/#website","url":"https:\/\/www.saporinostri.it\/","name":"Sapori Nostri","description":"","publisher":{"@id":"https:\/\/www.saporinostri.it\/#organization"},"potentialAction":[{"@type":"SearchAction","target":{"@type":"EntryPoint","urlTemplate":"https:\/\/www.saporinostri.it\/?s={search_term_string}"},"query-input":{"@type":"PropertyValueSpecification","valueRequired":true,"valueName":"search_term_string"}}],"inLanguage":"fr-FR"},{"@type":"Organization","@id":"https:\/\/www.saporinostri.it\/#organization","name":"Sapori Nostri","url":"https:\/\/www.saporinostri.it\/","logo":{"@type":"ImageObject","inLanguage":"fr-FR","@id":"https:\/\/www.saporinostri.it\/#\/schema\/logo\/image\/","url":"https:\/\/www.saporinostri.it\/wp-content\/uploads\/2020\/05\/logo-retina.png","contentUrl":"https:\/\/www.saporinostri.it\/wp-content\/uploads\/2020\/05\/logo-retina.png","width":500,"height":109,"caption":"Sapori Nostri"},"image":{"@id":"https:\/\/www.saporinostri.it\/#\/schema\/logo\/image\/"},"sameAs":["https:\/\/www.facebook.com\/saporinostri.it\/","https:\/\/www.instagram.com\/saporinostri.it\/"]}]},"product_brand":"Mulino Caputo","product_price_amount":"5.99","product_price_currency":"EUR","og_availability":"out of stock","product_availability":"out of stock","product_retailer_item_id":"8014601045379","product_condition":"new"},"jetpack_sharing_enabled":true,"brands":[{"id":110,"name":"Mulino Caputo","slug":"mulino-caputo"}],"_links":{"self":[{"href":"https:\/\/www.saporinostri.it\/fr\/wp-json\/wp\/v2\/product\/2186","targetHints":{"allow":["GET"]}}],"collection":[{"href":"https:\/\/www.saporinostri.it\/fr\/wp-json\/wp\/v2\/product"}],"about":[{"href":"https:\/\/www.saporinostri.it\/fr\/wp-json\/wp\/v2\/types\/product"}],"replies":[{"embeddable":true,"href":"https:\/\/www.saporinostri.it\/fr\/wp-json\/wp\/v2\/comments?post=2186"}],"wp:featuredmedia":[{"embeddable":true,"href":"https:\/\/www.saporinostri.it\/fr\/wp-json\/wp\/v2\/media\/9626"}],"wp:attachment":[{"href":"https:\/\/www.saporinostri.it\/fr\/wp-json\/wp\/v2\/media?parent=2186"}],"wp:term":[{"taxonomy":"pwb-brand","embeddable":true,"href":"https:\/\/www.saporinostri.it\/fr\/wp-json\/wp\/v2\/pwb-brand?post=2186"},{"taxonomy":"product_brand","embeddable":true,"href":"https:\/\/www.saporinostri.it\/fr\/wp-json\/wp\/v2\/product_brand?post=2186"},{"taxonomy":"product_cat","embeddable":true,"href":"https:\/\/www.saporinostri.it\/fr\/wp-json\/wp\/v2\/product_cat?post=2186"},{"taxonomy":"product_tag","embeddable":true,"href":"https:\/\/www.saporinostri.it\/fr\/wp-json\/wp\/v2\/product_tag?post=2186"}],"curies":[{"name":"wp","href":"https:\/\/api.w.org\/{rel}","templated":true}]}}