{"id":22360,"date":"2023-03-02T17:42:31","date_gmt":"2023-03-02T16:42:31","guid":{"rendered":"https:\/\/woocommerce-587295-4567585.cloudwaysapps.com\/?post_type=product&#038;p=22360"},"modified":"2026-03-29T21:26:05","modified_gmt":"2026-03-29T19:26:05","slug":"nduja-delizie-di-calabria-180g","status":"publish","type":"product","link":"https:\/\/www.saporinostri.it\/fr\/nduja-delizie-di-calabria-180g\/","title":{"rendered":"&#039;Nduja D\u00e9lices de Calabre 180g"},"content":{"rendered":"<p>La &#039;Nduja Delizie di Calabria est la reine de la cuisine calabraise. Pr\u00e9parez-vous \u00e0 ravir votre palais, une expression authentique de la cuisine calabraise qui transforme chaque bouch\u00e9e en une exp\u00e9rience inoubliable. Ce produit extraordinaire est con\u00e7u de mani\u00e8re experte, apportant la chaleur et la passion de la r\u00e9gion directement dans votre cuisine.<\/p>\n<p>L&#039;histoire de l&#039;entreprise Delizie di Calabria commence dans une terre florissante et accueillante, situ\u00e9e au sud de l&#039;Italie. La r\u00e9gion dans laquelle il se trouve est la Calabre, une terre o\u00f9 le soleil brille 300 jours par an et r\u00e9chauffe le c\u0153ur 365 jours par an. Cette r\u00e9gion est la capitale de l\u2019ancienne Grande Gr\u00e8ce.<\/p>\n<p>Situ\u00e9e entre la mer Ionienne et la mer Tyrrh\u00e9nienne, avec la cha\u00eene de montagnes du Sila faisant office de ligne de partage des eaux, la Calabre a l&#039;extraordinaire capacit\u00e9 de combiner mer et montagne sur un petit bout de terre, apportant de la joie aux touristes et au-del\u00e0. L&#039;offre culinaire \u00e9tait si riche que les Calabrais se sont naturellement consacr\u00e9s \u00e0 l&#039;agriculture et \u00e0 la valorisation de leur v\u00e9ritable tr\u00e9sor : la terre.<\/p>\n<p>Dans ce lieu, le piment a trouv\u00e9 son habitat id\u00e9al, devenant le fruit principal d&#039;une culture gastronomique riche et nutritive, qui suit les principes de la di\u00e8te m\u00e9diterran\u00e9enne. En plus des piments, la r\u00e9gion abrite d&#039;autres ingr\u00e9dients savoureux, notamment l&#039;oignon rouge de Tropea, les olives, les tomates s\u00e9ch\u00e9es au soleil, la bergamote et bien d&#039;autres encore.<\/p>\n<p>Chacun de ces ingr\u00e9dients trouve sa place sur les tables et dans les garde-manger, qui regorgent de d\u00e9licieuses conserves. En effet, les grands-m\u00e8res pr\u00e9paraient ces conserves en bocaux, afin que les produits restent disponibles toute l&#039;ann\u00e9e tout en conservant leur fra\u00eecheur. L&#039;histoire de la tradition de la conserve calabraise est si ancienne qu&#039;elle se perd dans la nuit des temps, et c&#039;est pr\u00e9cis\u00e9ment \u00e0 partir de l\u00e0 que commence l&#039;histoire de Delizie di Calabria.<\/p>","protected":false},"excerpt":{"rendered":"<p>La &#039;Nduja Delizie di Calabria est la reine de la cuisine calabraise.<\/p>\n<p>Pr\u00e9parez-vous \u00e0 ravir votre palais, une expression authentique de la cuisine calabraise qui transforme chaque bouch\u00e9e en une exp\u00e9rience inoubliable. Ce produit extraordinaire est con\u00e7u de mani\u00e8re experte, apportant la chaleur et la passion de la r\u00e9gion directement dans votre cuisine.<\/p>\n<p><strong>Poids net:<\/strong> 180g<\/p>\n<div class=\"scadenza\">Expiration du lot le plus r\u00e9cent\u00a0: <strong>28<\/strong><b>\/04\/2025 L.LF301C<\/b><\/div>","protected":false},"featured_media":24151,"comment_status":"open","ping_status":"closed","template":"","meta":{"_acf_changed":false,"inline_featured_image":false,"wprm-recipe-roundup-name":"","wprm-recipe-roundup-description":"","_monsterinsights_skip_tracking":false,"_monsterinsights_sitenote_active":false,"_monsterinsights_sitenote_note":"","_monsterinsights_sitenote_category":0},"pwb-brand":[653],"product_brand":[],"product_cat":[412,582],"product_tag":[],"class_list":{"0":"post-22360","1":"product","2":"type-product","3":"status-publish","4":"has-post-thumbnail","6":"pwb-brand-delizie-di-calabria","7":"product_cat-conserve","8":"product_cat-salse-di-accompagnamento","10":"first","11":"instock","12":"sale","13":"taxable","14":"shipping-taxable","15":"purchasable","16":"product-type-simple"},"acf":[],"yoast_head":"<!-- This site is optimized with the Yoast SEO Premium plugin v23.7 (Yoast SEO v27.3) - https:\/\/yoast.com\/product\/yoast-seo-premium-wordpress\/ -->\n<title>&#039;Nduja Delizie di Calabria 180g - Sapori Nostri<\/title>\n<meta name=\"description\" content=\"Regina di Calabria, la \u2018nduja porta in ogni casa la pi\u00f9 autentica cucina calabrese.\" \/>\n<meta name=\"robots\" content=\"index, follow, max-snippet:-1, max-image-preview:large, max-video-preview:-1\" \/>\n<link rel=\"canonical\" href=\"https:\/\/www.saporinostri.it\/fr\/nduja-delizie-di-calabria-180g\/\" \/>\n<meta property=\"og:locale\" content=\"fr_FR\" \/>\n<meta property=\"og:type\" content=\"article\" \/>\n<meta property=\"og:title\" content=\"&#039;Nduja Delizie di Calabria 180g\" \/>\n<meta property=\"og:description\" content=\"Regina di Calabria, la \u2018nduja porta in ogni casa la pi\u00f9 autentica cucina calabrese.\" \/>\n<meta property=\"og:url\" content=\"https:\/\/www.saporinostri.it\/fr\/nduja-delizie-di-calabria-180g\/\" \/>\n<meta property=\"og:site_name\" content=\"Sapori Nostri\" \/>\n<meta property=\"article:publisher\" content=\"https:\/\/www.facebook.com\/saporinostri.it\/\" \/>\n<meta property=\"article:modified_time\" content=\"2026-03-29T19:26:05+00:00\" \/>\n<meta property=\"og:image\" content=\"https:\/\/www.saporinostri.it\/wp-content\/uploads\/2023\/03\/nduja-delizie-di-calabria-180g.jpg\" \/>\n\t<meta property=\"og:image:width\" content=\"1500\" \/>\n\t<meta property=\"og:image:height\" content=\"1500\" \/>\n\t<meta property=\"og:image:type\" content=\"image\/jpeg\" \/>\n<meta name=\"twitter:card\" content=\"summary_large_image\" \/>\n<meta name=\"twitter:label1\" content=\"Prix\" \/>\n\t<meta name=\"twitter:data1\" content=\"&euro;5,49\" \/>\n\t<meta name=\"twitter:label2\" content=\"Disponibilit\u00e9\" \/>\n\t<meta name=\"twitter:data2\" content=\"En stock\" \/>\n<script type=\"application\/ld+json\" class=\"yoast-schema-graph\">{\"@context\":\"https:\\\/\\\/schema.org\",\"@graph\":[{\"@type\":\"WebPage\",\"@id\":\"https:\\\/\\\/www.saporinostri.it\\\/nduja-delizie-di-calabria-180g\\\/\",\"url\":\"https:\\\/\\\/www.saporinostri.it\\\/nduja-delizie-di-calabria-180g\\\/\",\"name\":\"'Nduja Delizie di Calabria 180g - Sapori Nostri\",\"isPartOf\":{\"@id\":\"https:\\\/\\\/www.saporinostri.it\\\/#website\"},\"primaryImageOfPage\":{\"@id\":\"https:\\\/\\\/www.saporinostri.it\\\/nduja-delizie-di-calabria-180g\\\/#primaryimage\"},\"image\":{\"@id\":\"https:\\\/\\\/www.saporinostri.it\\\/nduja-delizie-di-calabria-180g\\\/#primaryimage\"},\"thumbnailUrl\":\"https:\\\/\\\/www.saporinostri.it\\\/wp-content\\\/uploads\\\/2023\\\/03\\\/nduja-delizie-di-calabria-180g.jpg\",\"datePublished\":\"2023-03-02T16:42:31+00:00\",\"dateModified\":\"2026-03-29T19:26:05+00:00\",\"description\":\"Regina di Calabria, la \u2018nduja porta in ogni casa la pi\u00f9 autentica cucina calabrese.\",\"breadcrumb\":{\"@id\":\"https:\\\/\\\/www.saporinostri.it\\\/nduja-delizie-di-calabria-180g\\\/#breadcrumb\"},\"inLanguage\":\"fr-FR\",\"potentialAction\":[{\"@type\":\"ReadAction\",\"target\":[\"https:\\\/\\\/www.saporinostri.it\\\/nduja-delizie-di-calabria-180g\\\/\"]}]},{\"@type\":\"ImageObject\",\"inLanguage\":\"fr-FR\",\"@id\":\"https:\\\/\\\/www.saporinostri.it\\\/nduja-delizie-di-calabria-180g\\\/#primaryimage\",\"url\":\"https:\\\/\\\/www.saporinostri.it\\\/wp-content\\\/uploads\\\/2023\\\/03\\\/nduja-delizie-di-calabria-180g.jpg\",\"contentUrl\":\"https:\\\/\\\/www.saporinostri.it\\\/wp-content\\\/uploads\\\/2023\\\/03\\\/nduja-delizie-di-calabria-180g.jpg\",\"width\":1500,\"height\":1500,\"caption\":\"'Nduja Delizie di Calabria 180g\"},{\"@type\":\"BreadcrumbList\",\"@id\":\"https:\\\/\\\/www.saporinostri.it\\\/nduja-delizie-di-calabria-180g\\\/#breadcrumb\",\"itemListElement\":[{\"@type\":\"ListItem\",\"position\":1,\"name\":\"Home\",\"item\":\"https:\\\/\\\/www.saporinostri.it\\\/\"},{\"@type\":\"ListItem\",\"position\":2,\"name\":\"Shop\",\"item\":\"https:\\\/\\\/www.saporinostri.it\\\/fr\\\/shop\\\/\"},{\"@type\":\"ListItem\",\"position\":3,\"name\":\"&#8216;Nduja Delizie di Calabria 180g\"}]},{\"@type\":\"WebSite\",\"@id\":\"https:\\\/\\\/www.saporinostri.it\\\/#website\",\"url\":\"https:\\\/\\\/www.saporinostri.it\\\/\",\"name\":\"Sapori Nostri\",\"description\":\"\",\"publisher\":{\"@id\":\"https:\\\/\\\/www.saporinostri.it\\\/#organization\"},\"potentialAction\":[{\"@type\":\"SearchAction\",\"target\":{\"@type\":\"EntryPoint\",\"urlTemplate\":\"https:\\\/\\\/www.saporinostri.it\\\/?s={search_term_string}\"},\"query-input\":{\"@type\":\"PropertyValueSpecification\",\"valueRequired\":true,\"valueName\":\"search_term_string\"}}],\"inLanguage\":\"fr-FR\"},{\"@type\":\"Organization\",\"@id\":\"https:\\\/\\\/www.saporinostri.it\\\/#organization\",\"name\":\"Sapori Nostri\",\"url\":\"https:\\\/\\\/www.saporinostri.it\\\/\",\"logo\":{\"@type\":\"ImageObject\",\"inLanguage\":\"fr-FR\",\"@id\":\"https:\\\/\\\/www.saporinostri.it\\\/#\\\/schema\\\/logo\\\/image\\\/\",\"url\":\"https:\\\/\\\/www.saporinostri.it\\\/wp-content\\\/uploads\\\/2020\\\/05\\\/logo-retina.png\",\"contentUrl\":\"https:\\\/\\\/www.saporinostri.it\\\/wp-content\\\/uploads\\\/2020\\\/05\\\/logo-retina.png\",\"width\":500,\"height\":109,\"caption\":\"Sapori Nostri\"},\"image\":{\"@id\":\"https:\\\/\\\/www.saporinostri.it\\\/#\\\/schema\\\/logo\\\/image\\\/\"},\"sameAs\":[\"https:\\\/\\\/www.facebook.com\\\/saporinostri.it\\\/\",\"https:\\\/\\\/www.instagram.com\\\/saporinostri.it\\\/\"]}]}<\/script>\n<meta property=\"product:brand\" content=\"Delizie di Calabria\" \/>\n<meta property=\"product:price:amount\" content=\"5.49\" \/>\n<meta property=\"product:price:currency\" content=\"EUR\" \/>\n<meta property=\"og:availability\" content=\"instock\" \/>\n<meta property=\"product:availability\" content=\"instock\" \/>\n<meta property=\"product:retailer_item_id\" content=\"8007548001812\" \/>\n<meta property=\"product:condition\" content=\"new\" \/>\n<!-- \/ Yoast SEO Premium plugin. -->","yoast_head_json":{"title":"&#039;Nduja D\u00e9lices de Calabre 180g - Sapori Nostri","description":"Reine de Calabre, &#039;nduja apporte la cuisine calabraise la plus authentique dans chaque foyer.","robots":{"index":"index","follow":"follow","max-snippet":"max-snippet:-1","max-image-preview":"max-image-preview:large","max-video-preview":"max-video-preview:-1"},"canonical":"https:\/\/www.saporinostri.it\/fr\/nduja-delizie-di-calabria-180g\/","og_locale":"fr_FR","og_type":"article","og_title":"'Nduja Delizie di Calabria 180g","og_description":"Regina di Calabria, la \u2018nduja porta in ogni casa la pi\u00f9 autentica cucina calabrese.","og_url":"https:\/\/www.saporinostri.it\/fr\/nduja-delizie-di-calabria-180g\/","og_site_name":"Sapori Nostri","article_publisher":"https:\/\/www.facebook.com\/saporinostri.it\/","article_modified_time":"2026-03-29T19:26:05+00:00","og_image":[{"width":1500,"height":1500,"url":"https:\/\/www.saporinostri.it\/wp-content\/uploads\/2023\/03\/nduja-delizie-di-calabria-180g.jpg","type":"image\/jpeg"}],"twitter_card":"summary_large_image","twitter_misc":{"Prix":"&euro;5,49","Disponibilit\u00e9":"En stock"},"schema":{"@context":"https:\/\/schema.org","@graph":[{"@type":"WebPage","@id":"https:\/\/www.saporinostri.it\/nduja-delizie-di-calabria-180g\/","url":"https:\/\/www.saporinostri.it\/nduja-delizie-di-calabria-180g\/","name":"&#039;Nduja D\u00e9lices de Calabre 180g - Sapori Nostri","isPartOf":{"@id":"https:\/\/www.saporinostri.it\/#website"},"primaryImageOfPage":{"@id":"https:\/\/www.saporinostri.it\/nduja-delizie-di-calabria-180g\/#primaryimage"},"image":{"@id":"https:\/\/www.saporinostri.it\/nduja-delizie-di-calabria-180g\/#primaryimage"},"thumbnailUrl":"https:\/\/www.saporinostri.it\/wp-content\/uploads\/2023\/03\/nduja-delizie-di-calabria-180g.jpg","datePublished":"2023-03-02T16:42:31+00:00","dateModified":"2026-03-29T19:26:05+00:00","description":"Reine de Calabre, &#039;nduja apporte la cuisine calabraise la plus authentique dans chaque foyer.","breadcrumb":{"@id":"https:\/\/www.saporinostri.it\/nduja-delizie-di-calabria-180g\/#breadcrumb"},"inLanguage":"fr-FR","potentialAction":[{"@type":"ReadAction","target":["https:\/\/www.saporinostri.it\/nduja-delizie-di-calabria-180g\/"]}]},{"@type":"ImageObject","inLanguage":"fr-FR","@id":"https:\/\/www.saporinostri.it\/nduja-delizie-di-calabria-180g\/#primaryimage","url":"https:\/\/www.saporinostri.it\/wp-content\/uploads\/2023\/03\/nduja-delizie-di-calabria-180g.jpg","contentUrl":"https:\/\/www.saporinostri.it\/wp-content\/uploads\/2023\/03\/nduja-delizie-di-calabria-180g.jpg","width":1500,"height":1500,"caption":"'Nduja Delizie di Calabria 180g"},{"@type":"BreadcrumbList","@id":"https:\/\/www.saporinostri.it\/nduja-delizie-di-calabria-180g\/#breadcrumb","itemListElement":[{"@type":"ListItem","position":1,"name":"Home","item":"https:\/\/www.saporinostri.it\/"},{"@type":"ListItem","position":2,"name":"Shop","item":"https:\/\/www.saporinostri.it\/fr\/shop\/"},{"@type":"ListItem","position":3,"name":"&#8216;Nduja Delizie di Calabria 180g"}]},{"@type":"WebSite","@id":"https:\/\/www.saporinostri.it\/#website","url":"https:\/\/www.saporinostri.it\/","name":"Sapori Nostri","description":"","publisher":{"@id":"https:\/\/www.saporinostri.it\/#organization"},"potentialAction":[{"@type":"SearchAction","target":{"@type":"EntryPoint","urlTemplate":"https:\/\/www.saporinostri.it\/?s={search_term_string}"},"query-input":{"@type":"PropertyValueSpecification","valueRequired":true,"valueName":"search_term_string"}}],"inLanguage":"fr-FR"},{"@type":"Organization","@id":"https:\/\/www.saporinostri.it\/#organization","name":"Sapori Nostri","url":"https:\/\/www.saporinostri.it\/","logo":{"@type":"ImageObject","inLanguage":"fr-FR","@id":"https:\/\/www.saporinostri.it\/#\/schema\/logo\/image\/","url":"https:\/\/www.saporinostri.it\/wp-content\/uploads\/2020\/05\/logo-retina.png","contentUrl":"https:\/\/www.saporinostri.it\/wp-content\/uploads\/2020\/05\/logo-retina.png","width":500,"height":109,"caption":"Sapori Nostri"},"image":{"@id":"https:\/\/www.saporinostri.it\/#\/schema\/logo\/image\/"},"sameAs":["https:\/\/www.facebook.com\/saporinostri.it\/","https:\/\/www.instagram.com\/saporinostri.it\/"]}]},"product_brand":"Delizie di Calabria","product_price_amount":"5.49","product_price_currency":"EUR","og_availability":"instock","product_availability":"instock","product_retailer_item_id":"8007548001812","product_condition":"new"},"jetpack_sharing_enabled":true,"brands":[{"id":653,"name":"D\u00e9lices calabrais","slug":"delizie-di-calabria"}],"_links":{"self":[{"href":"https:\/\/www.saporinostri.it\/fr\/wp-json\/wp\/v2\/product\/22360","targetHints":{"allow":["GET"]}}],"collection":[{"href":"https:\/\/www.saporinostri.it\/fr\/wp-json\/wp\/v2\/product"}],"about":[{"href":"https:\/\/www.saporinostri.it\/fr\/wp-json\/wp\/v2\/types\/product"}],"replies":[{"embeddable":true,"href":"https:\/\/www.saporinostri.it\/fr\/wp-json\/wp\/v2\/comments?post=22360"}],"wp:featuredmedia":[{"embeddable":true,"href":"https:\/\/www.saporinostri.it\/fr\/wp-json\/wp\/v2\/media\/24151"}],"wp:attachment":[{"href":"https:\/\/www.saporinostri.it\/fr\/wp-json\/wp\/v2\/media?parent=22360"}],"wp:term":[{"taxonomy":"pwb-brand","embeddable":true,"href":"https:\/\/www.saporinostri.it\/fr\/wp-json\/wp\/v2\/pwb-brand?post=22360"},{"taxonomy":"product_brand","embeddable":true,"href":"https:\/\/www.saporinostri.it\/fr\/wp-json\/wp\/v2\/product_brand?post=22360"},{"taxonomy":"product_cat","embeddable":true,"href":"https:\/\/www.saporinostri.it\/fr\/wp-json\/wp\/v2\/product_cat?post=22360"},{"taxonomy":"product_tag","embeddable":true,"href":"https:\/\/www.saporinostri.it\/fr\/wp-json\/wp\/v2\/product_tag?post=22360"}],"curies":[{"name":"wp","href":"https:\/\/api.w.org\/{rel}","templated":true}]}}