{"id":2355,"date":"2020-05-18T16:44:58","date_gmt":"2020-05-18T15:44:58","guid":{"rendered":"http:\/\/172.105.66.148\/?post_type=product&#038;p=2355"},"modified":"2026-04-15T12:09:30","modified_gmt":"2026-04-15T10:09:30","slug":"cassetta-service-sovrapponibile-60-40-10","status":"publish","type":"product","link":"https:\/\/www.saporinostri.it\/fr\/cassetta-service-sovrapponibile-60-40-10\/","title":{"rendered":"Bo\u00eete de service empilable 60x40x10cm"},"content":{"rendered":"<p style=\"font-size: 1.2em; line-height: 1.5; color: #121212;\">Barquette en poly\u00e9thyl\u00e8ne de qualit\u00e9 alimentaire, apte au contact alimentaire. Fond ferm\u00e9 et nervur\u00e9, parois ferm\u00e9es. R\u00e9sistant aux temp\u00e9ratures de -40\u00b0 \u00e0 + 80\u00b0C et jusqu&#039;\u00e0 120\u00b0C lors du lavage. Parfait pour maintenir la p\u00e2te \u00e0 pizza. Id\u00e9al pour le stockage. Ils n&#039;absorbent pas les odeurs et sont faciles \u00e0 nettoyer. R\u00e9sistant, parfaitement empilable afin d&#039;\u00e9viter l&#039;entr\u00e9e de poussi\u00e8re et d&#039;impuret\u00e9s. Lave-vaisselle.<\/p>","protected":false},"excerpt":{"rendered":"<p style=\"font-size: 1.2em; line-height: 1.5; color: #121212;\">Bo\u00eete empilable rectangulaire.<br \/>\nDimensions : 60x40x10cm<br \/>\nCouleur blanche.<br \/>\nConvient pour le contact avec les aliments.<\/p>","protected":false},"featured_media":6345,"comment_status":"open","ping_status":"closed","template":"","meta":{"_acf_changed":false,"inline_featured_image":false,"wprm-recipe-roundup-name":"","wprm-recipe-roundup-description":"","_monsterinsights_skip_tracking":false,"_monsterinsights_sitenote_active":false,"_monsterinsights_sitenote_note":"","_monsterinsights_sitenote_category":0},"pwb-brand":[153],"product_brand":[],"product_cat":[148,145],"product_tag":[],"class_list":{"0":"post-2355","1":"product","2":"type-product","3":"status-publish","4":"has-post-thumbnail","6":"pwb-brand-giganplast","7":"product_cat-contenitori","8":"product_cat-utensili-cucina","10":"first","11":"instock","12":"sale","13":"taxable","14":"shipping-taxable","15":"purchasable","16":"product-type-simple"},"acf":[],"yoast_head":"<!-- This site is optimized with the Yoast SEO Premium plugin v23.7 (Yoast SEO v27.3) - https:\/\/yoast.com\/product\/yoast-seo-premium-wordpress\/ -->\n<title>Cassetta Service Sovrapponibile 60x40x10cm - Sapori Nostri<\/title>\n<meta name=\"description\" content=\"Cassetta Service 60x40x10 cm, sovrapponibile, perfetta per il mantenimento dell&#039; impasto della pizza, non assorbe gli odori ed \u00e8 semplice da pulire\" \/>\n<meta name=\"robots\" content=\"index, follow, max-snippet:-1, max-image-preview:large, max-video-preview:-1\" \/>\n<link rel=\"canonical\" href=\"https:\/\/www.saporinostri.it\/fr\/cassetta-service-sovrapponibile-60-40-10\/\" \/>\n<meta property=\"og:locale\" content=\"fr_FR\" \/>\n<meta property=\"og:type\" content=\"article\" \/>\n<meta property=\"og:title\" content=\"Cassetta Service Sovrapponibile 60x40x10cm\" \/>\n<meta property=\"og:description\" content=\"Cassetta Service 60x40x10 cm, sovrapponibile, perfetta per il mantenimento dell&#039; impasto della pizza, non assorbe gli odori ed \u00e8 semplice da pulire\" \/>\n<meta property=\"og:url\" content=\"https:\/\/www.saporinostri.it\/fr\/cassetta-service-sovrapponibile-60-40-10\/\" \/>\n<meta property=\"og:site_name\" content=\"Sapori Nostri\" \/>\n<meta property=\"article:publisher\" content=\"https:\/\/www.facebook.com\/saporinostri.it\/\" \/>\n<meta property=\"article:modified_time\" content=\"2026-04-15T10:09:30+00:00\" \/>\n<meta property=\"og:image\" content=\"https:\/\/www.saporinostri.it\/wp-content\/uploads\/2020\/05\/cassetta-service-sovrapponibile.jpg\" \/>\n\t<meta property=\"og:image:width\" content=\"1000\" \/>\n\t<meta property=\"og:image:height\" content=\"1000\" \/>\n\t<meta property=\"og:image:type\" content=\"image\/jpeg\" \/>\n<meta name=\"twitter:card\" content=\"summary_large_image\" \/>\n<meta name=\"twitter:label1\" content=\"Prix\" \/>\n\t<meta name=\"twitter:data1\" content=\"&euro;12,99\" \/>\n\t<meta name=\"twitter:label2\" content=\"Disponibilit\u00e9\" \/>\n\t<meta name=\"twitter:data2\" content=\"En stock\" \/>\n<script type=\"application\/ld+json\" class=\"yoast-schema-graph\">{\"@context\":\"https:\\\/\\\/schema.org\",\"@graph\":[{\"@type\":\"WebPage\",\"@id\":\"https:\\\/\\\/www.saporinostri.it\\\/cassetta-service-sovrapponibile-60-40-10\\\/\",\"url\":\"https:\\\/\\\/www.saporinostri.it\\\/cassetta-service-sovrapponibile-60-40-10\\\/\",\"name\":\"Cassetta Service Sovrapponibile 60x40x10cm - Sapori Nostri\",\"isPartOf\":{\"@id\":\"https:\\\/\\\/www.saporinostri.it\\\/#website\"},\"primaryImageOfPage\":{\"@id\":\"https:\\\/\\\/www.saporinostri.it\\\/cassetta-service-sovrapponibile-60-40-10\\\/#primaryimage\"},\"image\":{\"@id\":\"https:\\\/\\\/www.saporinostri.it\\\/cassetta-service-sovrapponibile-60-40-10\\\/#primaryimage\"},\"thumbnailUrl\":\"https:\\\/\\\/www.saporinostri.it\\\/wp-content\\\/uploads\\\/2020\\\/05\\\/cassetta-service-sovrapponibile.jpg\",\"datePublished\":\"2020-05-18T15:44:58+00:00\",\"dateModified\":\"2026-04-15T10:09:30+00:00\",\"description\":\"Cassetta Service 60x40x10 cm, sovrapponibile, perfetta per il mantenimento dell' impasto della pizza, non assorbe gli odori ed \u00e8 semplice da pulire\",\"breadcrumb\":{\"@id\":\"https:\\\/\\\/www.saporinostri.it\\\/cassetta-service-sovrapponibile-60-40-10\\\/#breadcrumb\"},\"inLanguage\":\"fr-FR\",\"potentialAction\":[{\"@type\":\"ReadAction\",\"target\":[\"https:\\\/\\\/www.saporinostri.it\\\/cassetta-service-sovrapponibile-60-40-10\\\/\"]}]},{\"@type\":\"ImageObject\",\"inLanguage\":\"fr-FR\",\"@id\":\"https:\\\/\\\/www.saporinostri.it\\\/cassetta-service-sovrapponibile-60-40-10\\\/#primaryimage\",\"url\":\"https:\\\/\\\/www.saporinostri.it\\\/wp-content\\\/uploads\\\/2020\\\/05\\\/cassetta-service-sovrapponibile.jpg\",\"contentUrl\":\"https:\\\/\\\/www.saporinostri.it\\\/wp-content\\\/uploads\\\/2020\\\/05\\\/cassetta-service-sovrapponibile.jpg\",\"width\":1000,\"height\":1000,\"caption\":\"Cassetta Service Sovrapponibile 60x40x10cm\"},{\"@type\":\"BreadcrumbList\",\"@id\":\"https:\\\/\\\/www.saporinostri.it\\\/cassetta-service-sovrapponibile-60-40-10\\\/#breadcrumb\",\"itemListElement\":[{\"@type\":\"ListItem\",\"position\":1,\"name\":\"Home\",\"item\":\"https:\\\/\\\/www.saporinostri.it\\\/\"},{\"@type\":\"ListItem\",\"position\":2,\"name\":\"Shop\",\"item\":\"https:\\\/\\\/www.saporinostri.it\\\/fr\\\/shop\\\/\"},{\"@type\":\"ListItem\",\"position\":3,\"name\":\"Cassetta Service Sovrapponibile 60x40x10cm\"}]},{\"@type\":\"WebSite\",\"@id\":\"https:\\\/\\\/www.saporinostri.it\\\/#website\",\"url\":\"https:\\\/\\\/www.saporinostri.it\\\/\",\"name\":\"Sapori Nostri\",\"description\":\"\",\"publisher\":{\"@id\":\"https:\\\/\\\/www.saporinostri.it\\\/#organization\"},\"potentialAction\":[{\"@type\":\"SearchAction\",\"target\":{\"@type\":\"EntryPoint\",\"urlTemplate\":\"https:\\\/\\\/www.saporinostri.it\\\/?s={search_term_string}\"},\"query-input\":{\"@type\":\"PropertyValueSpecification\",\"valueRequired\":true,\"valueName\":\"search_term_string\"}}],\"inLanguage\":\"fr-FR\"},{\"@type\":\"Organization\",\"@id\":\"https:\\\/\\\/www.saporinostri.it\\\/#organization\",\"name\":\"Sapori Nostri\",\"url\":\"https:\\\/\\\/www.saporinostri.it\\\/\",\"logo\":{\"@type\":\"ImageObject\",\"inLanguage\":\"fr-FR\",\"@id\":\"https:\\\/\\\/www.saporinostri.it\\\/#\\\/schema\\\/logo\\\/image\\\/\",\"url\":\"https:\\\/\\\/www.saporinostri.it\\\/wp-content\\\/uploads\\\/2020\\\/05\\\/logo-retina.png\",\"contentUrl\":\"https:\\\/\\\/www.saporinostri.it\\\/wp-content\\\/uploads\\\/2020\\\/05\\\/logo-retina.png\",\"width\":500,\"height\":109,\"caption\":\"Sapori Nostri\"},\"image\":{\"@id\":\"https:\\\/\\\/www.saporinostri.it\\\/#\\\/schema\\\/logo\\\/image\\\/\"},\"sameAs\":[\"https:\\\/\\\/www.facebook.com\\\/saporinostri.it\\\/\",\"https:\\\/\\\/www.instagram.com\\\/saporinostri.it\\\/\"]}]}<\/script>\n<meta property=\"product:brand\" content=\"Giganplast\" \/>\n<meta property=\"product:price:amount\" content=\"12.99\" \/>\n<meta property=\"product:price:currency\" content=\"EUR\" \/>\n<meta property=\"og:availability\" content=\"instock\" \/>\n<meta property=\"product:availability\" content=\"instock\" \/>\n<meta property=\"product:retailer_item_id\" content=\"8002942003585\" \/>\n<meta property=\"product:condition\" content=\"new\" \/>\n<!-- \/ Yoast SEO Premium plugin. -->","yoast_head_json":{"title":"Bo\u00eete de service empilable 60x40x10cm - Sapori Our","description":"Bo\u00eete de service 60x40x10 cm, empilable, parfaite pour maintenir la p\u00e2te \u00e0 pizza, n&#039;absorbe pas les odeurs et est facile \u00e0 nettoyer","robots":{"index":"index","follow":"follow","max-snippet":"max-snippet:-1","max-image-preview":"max-image-preview:large","max-video-preview":"max-video-preview:-1"},"canonical":"https:\/\/www.saporinostri.it\/fr\/cassetta-service-sovrapponibile-60-40-10\/","og_locale":"fr_FR","og_type":"article","og_title":"Cassetta Service Sovrapponibile 60x40x10cm","og_description":"Cassetta Service 60x40x10 cm, sovrapponibile, perfetta per il mantenimento dell' impasto della pizza, non assorbe gli odori ed \u00e8 semplice da pulire","og_url":"https:\/\/www.saporinostri.it\/fr\/cassetta-service-sovrapponibile-60-40-10\/","og_site_name":"Sapori Nostri","article_publisher":"https:\/\/www.facebook.com\/saporinostri.it\/","article_modified_time":"2026-04-15T10:09:30+00:00","og_image":[{"width":1000,"height":1000,"url":"https:\/\/www.saporinostri.it\/wp-content\/uploads\/2020\/05\/cassetta-service-sovrapponibile.jpg","type":"image\/jpeg"}],"twitter_card":"summary_large_image","twitter_misc":{"Prix":"&euro;12,99","Disponibilit\u00e9":"En stock"},"schema":{"@context":"https:\/\/schema.org","@graph":[{"@type":"WebPage","@id":"https:\/\/www.saporinostri.it\/cassetta-service-sovrapponibile-60-40-10\/","url":"https:\/\/www.saporinostri.it\/cassetta-service-sovrapponibile-60-40-10\/","name":"Bo\u00eete de service empilable 60x40x10cm - Sapori Our","isPartOf":{"@id":"https:\/\/www.saporinostri.it\/#website"},"primaryImageOfPage":{"@id":"https:\/\/www.saporinostri.it\/cassetta-service-sovrapponibile-60-40-10\/#primaryimage"},"image":{"@id":"https:\/\/www.saporinostri.it\/cassetta-service-sovrapponibile-60-40-10\/#primaryimage"},"thumbnailUrl":"https:\/\/www.saporinostri.it\/wp-content\/uploads\/2020\/05\/cassetta-service-sovrapponibile.jpg","datePublished":"2020-05-18T15:44:58+00:00","dateModified":"2026-04-15T10:09:30+00:00","description":"Bo\u00eete de service 60x40x10 cm, empilable, parfaite pour maintenir la p\u00e2te \u00e0 pizza, n&#039;absorbe pas les odeurs et est facile \u00e0 nettoyer","breadcrumb":{"@id":"https:\/\/www.saporinostri.it\/cassetta-service-sovrapponibile-60-40-10\/#breadcrumb"},"inLanguage":"fr-FR","potentialAction":[{"@type":"ReadAction","target":["https:\/\/www.saporinostri.it\/cassetta-service-sovrapponibile-60-40-10\/"]}]},{"@type":"ImageObject","inLanguage":"fr-FR","@id":"https:\/\/www.saporinostri.it\/cassetta-service-sovrapponibile-60-40-10\/#primaryimage","url":"https:\/\/www.saporinostri.it\/wp-content\/uploads\/2020\/05\/cassetta-service-sovrapponibile.jpg","contentUrl":"https:\/\/www.saporinostri.it\/wp-content\/uploads\/2020\/05\/cassetta-service-sovrapponibile.jpg","width":1000,"height":1000,"caption":"Cassetta Service Sovrapponibile 60x40x10cm"},{"@type":"BreadcrumbList","@id":"https:\/\/www.saporinostri.it\/cassetta-service-sovrapponibile-60-40-10\/#breadcrumb","itemListElement":[{"@type":"ListItem","position":1,"name":"Home","item":"https:\/\/www.saporinostri.it\/"},{"@type":"ListItem","position":2,"name":"Shop","item":"https:\/\/www.saporinostri.it\/fr\/shop\/"},{"@type":"ListItem","position":3,"name":"Cassetta Service Sovrapponibile 60x40x10cm"}]},{"@type":"WebSite","@id":"https:\/\/www.saporinostri.it\/#website","url":"https:\/\/www.saporinostri.it\/","name":"Sapori Nostri","description":"","publisher":{"@id":"https:\/\/www.saporinostri.it\/#organization"},"potentialAction":[{"@type":"SearchAction","target":{"@type":"EntryPoint","urlTemplate":"https:\/\/www.saporinostri.it\/?s={search_term_string}"},"query-input":{"@type":"PropertyValueSpecification","valueRequired":true,"valueName":"search_term_string"}}],"inLanguage":"fr-FR"},{"@type":"Organization","@id":"https:\/\/www.saporinostri.it\/#organization","name":"Sapori Nostri","url":"https:\/\/www.saporinostri.it\/","logo":{"@type":"ImageObject","inLanguage":"fr-FR","@id":"https:\/\/www.saporinostri.it\/#\/schema\/logo\/image\/","url":"https:\/\/www.saporinostri.it\/wp-content\/uploads\/2020\/05\/logo-retina.png","contentUrl":"https:\/\/www.saporinostri.it\/wp-content\/uploads\/2020\/05\/logo-retina.png","width":500,"height":109,"caption":"Sapori Nostri"},"image":{"@id":"https:\/\/www.saporinostri.it\/#\/schema\/logo\/image\/"},"sameAs":["https:\/\/www.facebook.com\/saporinostri.it\/","https:\/\/www.instagram.com\/saporinostri.it\/"]}]},"product_brand":"Giganplast","product_price_amount":"12.99","product_price_currency":"EUR","og_availability":"instock","product_availability":"instock","product_retailer_item_id":"8002942003585","product_condition":"new"},"jetpack_sharing_enabled":true,"brands":[{"id":153,"name":"Giganplast","slug":"giganplast"}],"_links":{"self":[{"href":"https:\/\/www.saporinostri.it\/fr\/wp-json\/wp\/v2\/product\/2355","targetHints":{"allow":["GET"]}}],"collection":[{"href":"https:\/\/www.saporinostri.it\/fr\/wp-json\/wp\/v2\/product"}],"about":[{"href":"https:\/\/www.saporinostri.it\/fr\/wp-json\/wp\/v2\/types\/product"}],"replies":[{"embeddable":true,"href":"https:\/\/www.saporinostri.it\/fr\/wp-json\/wp\/v2\/comments?post=2355"}],"wp:featuredmedia":[{"embeddable":true,"href":"https:\/\/www.saporinostri.it\/fr\/wp-json\/wp\/v2\/media\/6345"}],"wp:attachment":[{"href":"https:\/\/www.saporinostri.it\/fr\/wp-json\/wp\/v2\/media?parent=2355"}],"wp:term":[{"taxonomy":"pwb-brand","embeddable":true,"href":"https:\/\/www.saporinostri.it\/fr\/wp-json\/wp\/v2\/pwb-brand?post=2355"},{"taxonomy":"product_brand","embeddable":true,"href":"https:\/\/www.saporinostri.it\/fr\/wp-json\/wp\/v2\/product_brand?post=2355"},{"taxonomy":"product_cat","embeddable":true,"href":"https:\/\/www.saporinostri.it\/fr\/wp-json\/wp\/v2\/product_cat?post=2355"},{"taxonomy":"product_tag","embeddable":true,"href":"https:\/\/www.saporinostri.it\/fr\/wp-json\/wp\/v2\/product_tag?post=2355"}],"curies":[{"name":"wp","href":"https:\/\/api.w.org\/{rel}","templated":true}]}}