{"id":2384,"date":"2020-05-18T18:50:18","date_gmt":"2020-05-18T17:50:18","guid":{"rendered":"http:\/\/172.105.66.148\/?post_type=product&#038;p=2384"},"modified":"2026-03-03T16:33:58","modified_gmt":"2026-03-03T15:33:58","slug":"sassola-in-legno","status":"publish","type":"product","link":"https:\/\/www.saporinostri.it\/fr\/sassola-in-legno\/","title":{"rendered":"Sassola en bois"},"content":{"rendered":"<p style=\"font-size: 1.2em; line-height: 1.5; color: #121212;\"><em>Sassole en bois<\/em> h\u00eatre non trait\u00e9. id\u00e9al pour la farine, les c\u00e9r\u00e9ales, le sel, le caf\u00e9, la levure, etc.<\/p>","protected":false},"excerpt":{"rendered":"<p style=\"font-size: 1.2em; line-height: 1.5; color: #121212;\"><em>Sassole en bois<\/em> h\u00eatre non trait\u00e9. id\u00e9al pour la farine, les c\u00e9r\u00e9ales, le sel, le caf\u00e9, la levure, etc.<\/p>","protected":false},"featured_media":2388,"comment_status":"open","ping_status":"closed","template":"","meta":{"_acf_changed":false,"inline_featured_image":false,"wprm-recipe-roundup-name":"","wprm-recipe-roundup-description":"","_monsterinsights_skip_tracking":false,"_monsterinsights_sitenote_active":false,"_monsterinsights_sitenote_note":"","_monsterinsights_sitenote_category":0},"pwb-brand":[152],"product_brand":[],"product_cat":[149,145],"product_tag":[],"class_list":{"0":"post-2384","1":"product","2":"type-product","3":"status-publish","4":"has-post-thumbnail","6":"pwb-brand-panetta","7":"product_cat-altro","8":"product_cat-utensili-cucina","10":"first","11":"instock","12":"sale","13":"taxable","14":"shipping-taxable","15":"purchasable","16":"product-type-variable"},"acf":[],"yoast_head":"<!-- This site is optimized with the Yoast SEO Premium plugin v23.7 (Yoast SEO v27.3) - https:\/\/yoast.com\/product\/yoast-seo-premium-wordpress\/ -->\n<title>Sassola in Legno - Sapori Nostri<\/title>\n<meta name=\"description\" content=\"Sassola in legno di faggio non trattato Made in Italy, disponibile nei formati 10, 17 e 24 cm, ideale per farina, cereali, sale, caff\u00e8, lievito, ecc.\" \/>\n<meta name=\"robots\" content=\"index, follow, max-snippet:-1, max-image-preview:large, max-video-preview:-1\" \/>\n<link rel=\"canonical\" href=\"https:\/\/www.saporinostri.it\/fr\/sassola-in-legno\/\" \/>\n<meta property=\"og:locale\" content=\"fr_FR\" \/>\n<meta property=\"og:type\" content=\"article\" \/>\n<meta property=\"og:title\" content=\"Sassola in Legno\" \/>\n<meta property=\"og:description\" content=\"Sassola in legno di faggio non trattato Made in Italy, disponibile nei formati 10, 17 e 24 cm, ideale per farina, cereali, sale, caff\u00e8, lievito, ecc.\" \/>\n<meta property=\"og:url\" content=\"https:\/\/www.saporinostri.it\/fr\/sassola-in-legno\/\" \/>\n<meta property=\"og:site_name\" content=\"Sapori Nostri\" \/>\n<meta property=\"article:publisher\" content=\"https:\/\/www.facebook.com\/saporinostri.it\/\" \/>\n<meta property=\"article:modified_time\" content=\"2026-03-03T15:33:58+00:00\" \/>\n<meta property=\"og:image\" content=\"https:\/\/www.saporinostri.it\/wp-content\/uploads\/2020\/05\/sassola-in-legno.jpg\" \/>\n\t<meta property=\"og:image:width\" content=\"697\" \/>\n\t<meta property=\"og:image:height\" content=\"697\" \/>\n\t<meta property=\"og:image:type\" content=\"image\/jpeg\" \/>\n<meta name=\"twitter:card\" content=\"summary_large_image\" \/>\n<meta name=\"twitter:label1\" content=\"Disponibilit\u00e9\" \/>\n\t<meta name=\"twitter:data1\" content=\"En stock\" \/>\n<script type=\"application\/ld+json\" class=\"yoast-schema-graph\">{\"@context\":\"https:\\\/\\\/schema.org\",\"@graph\":[{\"@type\":\"WebPage\",\"@id\":\"https:\\\/\\\/www.saporinostri.it\\\/de\\\/sassola-in-legno\\\/\",\"url\":\"https:\\\/\\\/www.saporinostri.it\\\/de\\\/sassola-in-legno\\\/\",\"name\":\"Sassola in Legno - Sapori Nostri\",\"isPartOf\":{\"@id\":\"https:\\\/\\\/www.saporinostri.it\\\/#website\"},\"primaryImageOfPage\":{\"@id\":\"https:\\\/\\\/www.saporinostri.it\\\/de\\\/sassola-in-legno\\\/#primaryimage\"},\"image\":{\"@id\":\"https:\\\/\\\/www.saporinostri.it\\\/de\\\/sassola-in-legno\\\/#primaryimage\"},\"thumbnailUrl\":\"https:\\\/\\\/www.saporinostri.it\\\/wp-content\\\/uploads\\\/2020\\\/05\\\/sassola-in-legno.jpg\",\"datePublished\":\"2020-05-18T17:50:18+00:00\",\"dateModified\":\"2026-03-03T15:33:58+00:00\",\"description\":\"Sassola in legno di faggio non trattato Made in Italy, disponibile nei formati 10, 17 e 24 cm, ideale per farina, cereali, sale, caff\u00e8, lievito, ecc.\",\"breadcrumb\":{\"@id\":\"https:\\\/\\\/www.saporinostri.it\\\/de\\\/sassola-in-legno\\\/#breadcrumb\"},\"inLanguage\":\"fr-FR\",\"potentialAction\":[{\"@type\":\"ReadAction\",\"target\":[\"https:\\\/\\\/www.saporinostri.it\\\/de\\\/sassola-in-legno\\\/\"]}]},{\"@type\":\"ImageObject\",\"inLanguage\":\"fr-FR\",\"@id\":\"https:\\\/\\\/www.saporinostri.it\\\/de\\\/sassola-in-legno\\\/#primaryimage\",\"url\":\"https:\\\/\\\/www.saporinostri.it\\\/wp-content\\\/uploads\\\/2020\\\/05\\\/sassola-in-legno.jpg\",\"contentUrl\":\"https:\\\/\\\/www.saporinostri.it\\\/wp-content\\\/uploads\\\/2020\\\/05\\\/sassola-in-legno.jpg\",\"width\":697,\"height\":697,\"caption\":\"Sassola in Legno\"},{\"@type\":\"BreadcrumbList\",\"@id\":\"https:\\\/\\\/www.saporinostri.it\\\/de\\\/sassola-in-legno\\\/#breadcrumb\",\"itemListElement\":[{\"@type\":\"ListItem\",\"position\":1,\"name\":\"Home\",\"item\":\"https:\\\/\\\/www.saporinostri.it\\\/\"},{\"@type\":\"ListItem\",\"position\":2,\"name\":\"Shop\",\"item\":\"https:\\\/\\\/www.saporinostri.it\\\/fr\\\/shop\\\/\"},{\"@type\":\"ListItem\",\"position\":3,\"name\":\"Sassola in Legno\"}]},{\"@type\":\"WebSite\",\"@id\":\"https:\\\/\\\/www.saporinostri.it\\\/#website\",\"url\":\"https:\\\/\\\/www.saporinostri.it\\\/\",\"name\":\"Sapori Nostri\",\"description\":\"\",\"publisher\":{\"@id\":\"https:\\\/\\\/www.saporinostri.it\\\/#organization\"},\"potentialAction\":[{\"@type\":\"SearchAction\",\"target\":{\"@type\":\"EntryPoint\",\"urlTemplate\":\"https:\\\/\\\/www.saporinostri.it\\\/?s={search_term_string}\"},\"query-input\":{\"@type\":\"PropertyValueSpecification\",\"valueRequired\":true,\"valueName\":\"search_term_string\"}}],\"inLanguage\":\"fr-FR\"},{\"@type\":\"Organization\",\"@id\":\"https:\\\/\\\/www.saporinostri.it\\\/#organization\",\"name\":\"Sapori Nostri\",\"url\":\"https:\\\/\\\/www.saporinostri.it\\\/\",\"logo\":{\"@type\":\"ImageObject\",\"inLanguage\":\"fr-FR\",\"@id\":\"https:\\\/\\\/www.saporinostri.it\\\/#\\\/schema\\\/logo\\\/image\\\/\",\"url\":\"https:\\\/\\\/www.saporinostri.it\\\/wp-content\\\/uploads\\\/2020\\\/05\\\/logo-retina.png\",\"contentUrl\":\"https:\\\/\\\/www.saporinostri.it\\\/wp-content\\\/uploads\\\/2020\\\/05\\\/logo-retina.png\",\"width\":500,\"height\":109,\"caption\":\"Sapori Nostri\"},\"image\":{\"@id\":\"https:\\\/\\\/www.saporinostri.it\\\/#\\\/schema\\\/logo\\\/image\\\/\"},\"sameAs\":[\"https:\\\/\\\/www.facebook.com\\\/saporinostri.it\\\/\",\"https:\\\/\\\/www.instagram.com\\\/saporinostri.it\\\/\"]}]}<\/script>\n<meta property=\"product:brand\" content=\"Panetta\" \/>\n<meta property=\"og:availability\" content=\"instock\" \/>\n<meta property=\"product:availability\" content=\"instock\" \/>\n<meta property=\"product:condition\" content=\"new\" \/>\n<!-- \/ Yoast SEO Premium plugin. -->","yoast_head_json":{"title":"Sassola \u00e0 Legno - Nos Saveurs","description":"Sassola en bois de h\u00eatre non trait\u00e9 Fabriqu\u00e9 en Italie, disponible dans les tailles 10, 17 et 24 cm, id\u00e9al pour la farine, les c\u00e9r\u00e9ales, le sel, le caf\u00e9, la levure, etc.","robots":{"index":"index","follow":"follow","max-snippet":"max-snippet:-1","max-image-preview":"max-image-preview:large","max-video-preview":"max-video-preview:-1"},"canonical":"https:\/\/www.saporinostri.it\/fr\/sassola-in-legno\/","og_locale":"fr_FR","og_type":"article","og_title":"Sassola in Legno","og_description":"Sassola in legno di faggio non trattato Made in Italy, disponibile nei formati 10, 17 e 24 cm, ideale per farina, cereali, sale, caff\u00e8, lievito, ecc.","og_url":"https:\/\/www.saporinostri.it\/fr\/sassola-in-legno\/","og_site_name":"Sapori Nostri","article_publisher":"https:\/\/www.facebook.com\/saporinostri.it\/","article_modified_time":"2026-03-03T15:33:58+00:00","og_image":[{"width":697,"height":697,"url":"https:\/\/www.saporinostri.it\/wp-content\/uploads\/2020\/05\/sassola-in-legno.jpg","type":"image\/jpeg"}],"twitter_card":"summary_large_image","twitter_misc":{"Disponibilit\u00e9":"En stock"},"schema":{"@context":"https:\/\/schema.org","@graph":[{"@type":"WebPage","@id":"https:\/\/www.saporinostri.it\/de\/sassola-in-legno\/","url":"https:\/\/www.saporinostri.it\/de\/sassola-in-legno\/","name":"Sassola \u00e0 Legno - Nos Saveurs","isPartOf":{"@id":"https:\/\/www.saporinostri.it\/#website"},"primaryImageOfPage":{"@id":"https:\/\/www.saporinostri.it\/de\/sassola-in-legno\/#primaryimage"},"image":{"@id":"https:\/\/www.saporinostri.it\/de\/sassola-in-legno\/#primaryimage"},"thumbnailUrl":"https:\/\/www.saporinostri.it\/wp-content\/uploads\/2020\/05\/sassola-in-legno.jpg","datePublished":"2020-05-18T17:50:18+00:00","dateModified":"2026-03-03T15:33:58+00:00","description":"Sassola en bois de h\u00eatre non trait\u00e9 Fabriqu\u00e9 en Italie, disponible dans les tailles 10, 17 et 24 cm, id\u00e9al pour la farine, les c\u00e9r\u00e9ales, le sel, le caf\u00e9, la levure, etc.","breadcrumb":{"@id":"https:\/\/www.saporinostri.it\/de\/sassola-in-legno\/#breadcrumb"},"inLanguage":"fr-FR","potentialAction":[{"@type":"ReadAction","target":["https:\/\/www.saporinostri.it\/de\/sassola-in-legno\/"]}]},{"@type":"ImageObject","inLanguage":"fr-FR","@id":"https:\/\/www.saporinostri.it\/de\/sassola-in-legno\/#primaryimage","url":"https:\/\/www.saporinostri.it\/wp-content\/uploads\/2020\/05\/sassola-in-legno.jpg","contentUrl":"https:\/\/www.saporinostri.it\/wp-content\/uploads\/2020\/05\/sassola-in-legno.jpg","width":697,"height":697,"caption":"Sassola in Legno"},{"@type":"BreadcrumbList","@id":"https:\/\/www.saporinostri.it\/de\/sassola-in-legno\/#breadcrumb","itemListElement":[{"@type":"ListItem","position":1,"name":"Home","item":"https:\/\/www.saporinostri.it\/"},{"@type":"ListItem","position":2,"name":"Shop","item":"https:\/\/www.saporinostri.it\/fr\/shop\/"},{"@type":"ListItem","position":3,"name":"Sassola in Legno"}]},{"@type":"WebSite","@id":"https:\/\/www.saporinostri.it\/#website","url":"https:\/\/www.saporinostri.it\/","name":"Sapori Nostri","description":"","publisher":{"@id":"https:\/\/www.saporinostri.it\/#organization"},"potentialAction":[{"@type":"SearchAction","target":{"@type":"EntryPoint","urlTemplate":"https:\/\/www.saporinostri.it\/?s={search_term_string}"},"query-input":{"@type":"PropertyValueSpecification","valueRequired":true,"valueName":"search_term_string"}}],"inLanguage":"fr-FR"},{"@type":"Organization","@id":"https:\/\/www.saporinostri.it\/#organization","name":"Sapori Nostri","url":"https:\/\/www.saporinostri.it\/","logo":{"@type":"ImageObject","inLanguage":"fr-FR","@id":"https:\/\/www.saporinostri.it\/#\/schema\/logo\/image\/","url":"https:\/\/www.saporinostri.it\/wp-content\/uploads\/2020\/05\/logo-retina.png","contentUrl":"https:\/\/www.saporinostri.it\/wp-content\/uploads\/2020\/05\/logo-retina.png","width":500,"height":109,"caption":"Sapori Nostri"},"image":{"@id":"https:\/\/www.saporinostri.it\/#\/schema\/logo\/image\/"},"sameAs":["https:\/\/www.facebook.com\/saporinostri.it\/","https:\/\/www.instagram.com\/saporinostri.it\/"]}]},"product_brand":"Panetta","og_availability":"instock","product_availability":"instock","product_condition":"new"},"jetpack_sharing_enabled":true,"brands":[{"id":152,"name":"Panetta","slug":"panetta"}],"_links":{"self":[{"href":"https:\/\/www.saporinostri.it\/fr\/wp-json\/wp\/v2\/product\/2384","targetHints":{"allow":["GET"]}}],"collection":[{"href":"https:\/\/www.saporinostri.it\/fr\/wp-json\/wp\/v2\/product"}],"about":[{"href":"https:\/\/www.saporinostri.it\/fr\/wp-json\/wp\/v2\/types\/product"}],"replies":[{"embeddable":true,"href":"https:\/\/www.saporinostri.it\/fr\/wp-json\/wp\/v2\/comments?post=2384"}],"wp:featuredmedia":[{"embeddable":true,"href":"https:\/\/www.saporinostri.it\/fr\/wp-json\/wp\/v2\/media\/2388"}],"wp:attachment":[{"href":"https:\/\/www.saporinostri.it\/fr\/wp-json\/wp\/v2\/media?parent=2384"}],"wp:term":[{"taxonomy":"pwb-brand","embeddable":true,"href":"https:\/\/www.saporinostri.it\/fr\/wp-json\/wp\/v2\/pwb-brand?post=2384"},{"taxonomy":"product_brand","embeddable":true,"href":"https:\/\/www.saporinostri.it\/fr\/wp-json\/wp\/v2\/product_brand?post=2384"},{"taxonomy":"product_cat","embeddable":true,"href":"https:\/\/www.saporinostri.it\/fr\/wp-json\/wp\/v2\/product_cat?post=2384"},{"taxonomy":"product_tag","embeddable":true,"href":"https:\/\/www.saporinostri.it\/fr\/wp-json\/wp\/v2\/product_tag?post=2384"}],"curies":[{"name":"wp","href":"https:\/\/api.w.org\/{rel}","templated":true}]}}