{"id":2401,"date":"2020-05-22T01:21:23","date_gmt":"2020-05-22T00:21:23","guid":{"rendered":"http:\/\/172.105.66.148\/?post_type=product&#038;p=2401"},"modified":"2024-11-05T18:24:20","modified_gmt":"2024-11-05T17:24:20","slug":"biscotto-facile-pressa-per-biscotti","status":"publish","type":"product","link":"https:\/\/www.saporinostri.it\/fr\/biscotto-facile-pressa-per-biscotti\/","title":{"rendered":"Biscuit facile - Presse \u00e0 biscuits"},"content":{"rendered":"<p>Presse \u00e0 biscuits corps en aluminium<br \/>\n20 types de disques assurent un large choix de biscuits<br \/>\n4 buses offrent des possibilit\u00e9s de d\u00e9coration infinies<br \/>\nFacile \u00e0 utiliser et \u00e0 nettoyer<\/p>","protected":false},"excerpt":{"rendered":"<p>Corps en aluminium<br \/>\n20 types de disques assurent un large choix de biscuits<br \/>\n4 buses offrent des possibilit\u00e9s de d\u00e9coration infinies<br \/>\nFacile \u00e0 utiliser et \u00e0 nettoyer<\/p>","protected":false},"featured_media":2402,"comment_status":"open","ping_status":"closed","template":"","meta":{"_acf_changed":false,"inline_featured_image":false,"wprm-recipe-roundup-name":"","wprm-recipe-roundup-description":"","_monsterinsights_skip_tracking":false,"_monsterinsights_sitenote_active":false,"_monsterinsights_sitenote_note":"","_monsterinsights_sitenote_category":0},"pwb-brand":[417],"product_brand":[],"product_cat":[149,145],"product_tag":[],"class_list":{"0":"post-2401","1":"product","2":"type-product","3":"status-publish","4":"has-post-thumbnail","6":"pwb-brand-dcg","7":"product_cat-altro","8":"product_cat-utensili-cucina","10":"first","11":"outofstock","12":"sale","13":"taxable","14":"shipping-taxable","15":"purchasable","16":"product-type-simple"},"acf":[],"yoast_head":"<!-- This site is optimized with the Yoast SEO Premium plugin v23.7 (Yoast SEO v27.3) - https:\/\/yoast.com\/product\/yoast-seo-premium-wordpress\/ -->\n<title>Biscotto Facile - Pressa per Biscotti - Sapori Nostri<\/title>\n<meta name=\"description\" content=\"Fare i biscotti non \u00e8 mai stato cos\u00ec semplice con questa pressa per biscotti, 20 dischi e 4 ugelli per infinite possibilit\u00e0 di preparazione\" \/>\n<meta name=\"robots\" content=\"index, follow, max-snippet:-1, max-image-preview:large, max-video-preview:-1\" \/>\n<link rel=\"canonical\" href=\"https:\/\/www.saporinostri.it\/fr\/biscotto-facile-pressa-per-biscotti\/\" \/>\n<meta property=\"og:locale\" content=\"fr_FR\" \/>\n<meta property=\"og:type\" content=\"article\" \/>\n<meta property=\"og:title\" content=\"Biscotto Facile - Pressa per Biscotti\" \/>\n<meta property=\"og:description\" content=\"Fare i biscotti non \u00e8 mai stato cos\u00ec semplice con questa pressa per biscotti, 20 dischi e 4 ugelli per infinite possibilit\u00e0 di preparazione\" \/>\n<meta property=\"og:url\" content=\"https:\/\/www.saporinostri.it\/fr\/biscotto-facile-pressa-per-biscotti\/\" \/>\n<meta property=\"og:site_name\" content=\"Sapori Nostri\" \/>\n<meta property=\"article:publisher\" content=\"https:\/\/www.facebook.com\/saporinostri.it\/\" \/>\n<meta property=\"article:modified_time\" content=\"2024-11-05T17:24:20+00:00\" \/>\n<meta property=\"og:image\" content=\"https:\/\/www.saporinostri.it\/wp-content\/uploads\/2020\/05\/5da4389f02e58e2241f26272.jpg\" \/>\n\t<meta property=\"og:image:width\" content=\"480\" \/>\n\t<meta property=\"og:image:height\" content=\"523\" \/>\n\t<meta property=\"og:image:type\" content=\"image\/jpeg\" \/>\n<meta name=\"twitter:card\" content=\"summary_large_image\" \/>\n<meta name=\"twitter:label1\" content=\"Prix\" \/>\n\t<meta name=\"twitter:data1\" content=\"&euro;9,90\" \/>\n\t<meta name=\"twitter:label2\" content=\"Disponibilit\u00e9\" \/>\n\t<meta name=\"twitter:data2\" content=\"Rupture de stock\" \/>\n<script type=\"application\/ld+json\" class=\"yoast-schema-graph\">{\"@context\":\"https:\\\/\\\/schema.org\",\"@graph\":[{\"@type\":\"WebPage\",\"@id\":\"https:\\\/\\\/www.saporinostri.it\\\/de\\\/biscotto-facile-pressa-per-biscotti\\\/\",\"url\":\"https:\\\/\\\/www.saporinostri.it\\\/de\\\/biscotto-facile-pressa-per-biscotti\\\/\",\"name\":\"Biscotto Facile - Pressa per Biscotti - Sapori Nostri\",\"isPartOf\":{\"@id\":\"https:\\\/\\\/www.saporinostri.it\\\/#website\"},\"primaryImageOfPage\":{\"@id\":\"https:\\\/\\\/www.saporinostri.it\\\/de\\\/biscotto-facile-pressa-per-biscotti\\\/#primaryimage\"},\"image\":{\"@id\":\"https:\\\/\\\/www.saporinostri.it\\\/de\\\/biscotto-facile-pressa-per-biscotti\\\/#primaryimage\"},\"thumbnailUrl\":\"https:\\\/\\\/www.saporinostri.it\\\/wp-content\\\/uploads\\\/2020\\\/05\\\/5da4389f02e58e2241f26272.jpg\",\"datePublished\":\"2020-05-22T00:21:23+00:00\",\"dateModified\":\"2024-11-05T17:24:20+00:00\",\"description\":\"Fare i biscotti non \u00e8 mai stato cos\u00ec semplice con questa pressa per biscotti, 20 dischi e 4 ugelli per infinite possibilit\u00e0 di preparazione\",\"breadcrumb\":{\"@id\":\"https:\\\/\\\/www.saporinostri.it\\\/de\\\/biscotto-facile-pressa-per-biscotti\\\/#breadcrumb\"},\"inLanguage\":\"fr-FR\",\"potentialAction\":[{\"@type\":\"ReadAction\",\"target\":[\"https:\\\/\\\/www.saporinostri.it\\\/de\\\/biscotto-facile-pressa-per-biscotti\\\/\"]}]},{\"@type\":\"ImageObject\",\"inLanguage\":\"fr-FR\",\"@id\":\"https:\\\/\\\/www.saporinostri.it\\\/de\\\/biscotto-facile-pressa-per-biscotti\\\/#primaryimage\",\"url\":\"https:\\\/\\\/www.saporinostri.it\\\/wp-content\\\/uploads\\\/2020\\\/05\\\/5da4389f02e58e2241f26272.jpg\",\"contentUrl\":\"https:\\\/\\\/www.saporinostri.it\\\/wp-content\\\/uploads\\\/2020\\\/05\\\/5da4389f02e58e2241f26272.jpg\",\"width\":480,\"height\":523,\"caption\":\"Biscotto Facile - Pressa per Biscotti\"},{\"@type\":\"BreadcrumbList\",\"@id\":\"https:\\\/\\\/www.saporinostri.it\\\/de\\\/biscotto-facile-pressa-per-biscotti\\\/#breadcrumb\",\"itemListElement\":[{\"@type\":\"ListItem\",\"position\":1,\"name\":\"Home\",\"item\":\"https:\\\/\\\/www.saporinostri.it\\\/\"},{\"@type\":\"ListItem\",\"position\":2,\"name\":\"Shop\",\"item\":\"https:\\\/\\\/www.saporinostri.it\\\/fr\\\/shop\\\/\"},{\"@type\":\"ListItem\",\"position\":3,\"name\":\"Biscotto Facile &#8211; Pressa per Biscotti\"}]},{\"@type\":\"WebSite\",\"@id\":\"https:\\\/\\\/www.saporinostri.it\\\/#website\",\"url\":\"https:\\\/\\\/www.saporinostri.it\\\/\",\"name\":\"Sapori Nostri\",\"description\":\"\",\"publisher\":{\"@id\":\"https:\\\/\\\/www.saporinostri.it\\\/#organization\"},\"potentialAction\":[{\"@type\":\"SearchAction\",\"target\":{\"@type\":\"EntryPoint\",\"urlTemplate\":\"https:\\\/\\\/www.saporinostri.it\\\/?s={search_term_string}\"},\"query-input\":{\"@type\":\"PropertyValueSpecification\",\"valueRequired\":true,\"valueName\":\"search_term_string\"}}],\"inLanguage\":\"fr-FR\"},{\"@type\":\"Organization\",\"@id\":\"https:\\\/\\\/www.saporinostri.it\\\/#organization\",\"name\":\"Sapori Nostri\",\"url\":\"https:\\\/\\\/www.saporinostri.it\\\/\",\"logo\":{\"@type\":\"ImageObject\",\"inLanguage\":\"fr-FR\",\"@id\":\"https:\\\/\\\/www.saporinostri.it\\\/#\\\/schema\\\/logo\\\/image\\\/\",\"url\":\"https:\\\/\\\/www.saporinostri.it\\\/wp-content\\\/uploads\\\/2020\\\/05\\\/logo-retina.png\",\"contentUrl\":\"https:\\\/\\\/www.saporinostri.it\\\/wp-content\\\/uploads\\\/2020\\\/05\\\/logo-retina.png\",\"width\":500,\"height\":109,\"caption\":\"Sapori Nostri\"},\"image\":{\"@id\":\"https:\\\/\\\/www.saporinostri.it\\\/#\\\/schema\\\/logo\\\/image\\\/\"},\"sameAs\":[\"https:\\\/\\\/www.facebook.com\\\/saporinostri.it\\\/\",\"https:\\\/\\\/www.instagram.com\\\/saporinostri.it\\\/\"]}]}<\/script>\n<meta property=\"product:brand\" content=\"DCG\" \/>\n<meta property=\"product:price:amount\" content=\"9.90\" \/>\n<meta property=\"product:price:currency\" content=\"EUR\" \/>\n<meta property=\"og:availability\" content=\"out of stock\" \/>\n<meta property=\"product:availability\" content=\"out of stock\" \/>\n<meta property=\"product:retailer_item_id\" content=\"8032774627482\" \/>\n<meta property=\"product:condition\" content=\"new\" \/>\n<!-- \/ Yoast SEO Premium plugin. -->","yoast_head_json":{"title":"Biscuit facile - Presse \u00e0 biscuits - Sapori Our","description":"Faire des biscuits n&#039;a jamais \u00e9t\u00e9 aussi simple avec cette presse \u00e0 biscuits, 20 disques et 4 buses pour des possibilit\u00e9s de pr\u00e9paration infinies","robots":{"index":"index","follow":"follow","max-snippet":"max-snippet:-1","max-image-preview":"max-image-preview:large","max-video-preview":"max-video-preview:-1"},"canonical":"https:\/\/www.saporinostri.it\/fr\/biscotto-facile-pressa-per-biscotti\/","og_locale":"fr_FR","og_type":"article","og_title":"Biscotto Facile - Pressa per Biscotti","og_description":"Fare i biscotti non \u00e8 mai stato cos\u00ec semplice con questa pressa per biscotti, 20 dischi e 4 ugelli per infinite possibilit\u00e0 di preparazione","og_url":"https:\/\/www.saporinostri.it\/fr\/biscotto-facile-pressa-per-biscotti\/","og_site_name":"Sapori Nostri","article_publisher":"https:\/\/www.facebook.com\/saporinostri.it\/","article_modified_time":"2024-11-05T17:24:20+00:00","og_image":[{"width":480,"height":523,"url":"https:\/\/www.saporinostri.it\/wp-content\/uploads\/2020\/05\/5da4389f02e58e2241f26272.jpg","type":"image\/jpeg"}],"twitter_card":"summary_large_image","twitter_misc":{"Prix":"&euro;9,90","Disponibilit\u00e9":"Rupture de stock"},"schema":{"@context":"https:\/\/schema.org","@graph":[{"@type":"WebPage","@id":"https:\/\/www.saporinostri.it\/de\/biscotto-facile-pressa-per-biscotti\/","url":"https:\/\/www.saporinostri.it\/de\/biscotto-facile-pressa-per-biscotti\/","name":"Biscuit facile - Presse \u00e0 biscuits - Sapori Our","isPartOf":{"@id":"https:\/\/www.saporinostri.it\/#website"},"primaryImageOfPage":{"@id":"https:\/\/www.saporinostri.it\/de\/biscotto-facile-pressa-per-biscotti\/#primaryimage"},"image":{"@id":"https:\/\/www.saporinostri.it\/de\/biscotto-facile-pressa-per-biscotti\/#primaryimage"},"thumbnailUrl":"https:\/\/www.saporinostri.it\/wp-content\/uploads\/2020\/05\/5da4389f02e58e2241f26272.jpg","datePublished":"2020-05-22T00:21:23+00:00","dateModified":"2024-11-05T17:24:20+00:00","description":"Faire des biscuits n&#039;a jamais \u00e9t\u00e9 aussi simple avec cette presse \u00e0 biscuits, 20 disques et 4 buses pour des possibilit\u00e9s de pr\u00e9paration infinies","breadcrumb":{"@id":"https:\/\/www.saporinostri.it\/de\/biscotto-facile-pressa-per-biscotti\/#breadcrumb"},"inLanguage":"fr-FR","potentialAction":[{"@type":"ReadAction","target":["https:\/\/www.saporinostri.it\/de\/biscotto-facile-pressa-per-biscotti\/"]}]},{"@type":"ImageObject","inLanguage":"fr-FR","@id":"https:\/\/www.saporinostri.it\/de\/biscotto-facile-pressa-per-biscotti\/#primaryimage","url":"https:\/\/www.saporinostri.it\/wp-content\/uploads\/2020\/05\/5da4389f02e58e2241f26272.jpg","contentUrl":"https:\/\/www.saporinostri.it\/wp-content\/uploads\/2020\/05\/5da4389f02e58e2241f26272.jpg","width":480,"height":523,"caption":"Biscotto Facile - Pressa per Biscotti"},{"@type":"BreadcrumbList","@id":"https:\/\/www.saporinostri.it\/de\/biscotto-facile-pressa-per-biscotti\/#breadcrumb","itemListElement":[{"@type":"ListItem","position":1,"name":"Home","item":"https:\/\/www.saporinostri.it\/"},{"@type":"ListItem","position":2,"name":"Shop","item":"https:\/\/www.saporinostri.it\/fr\/shop\/"},{"@type":"ListItem","position":3,"name":"Biscotto Facile &#8211; Pressa per Biscotti"}]},{"@type":"WebSite","@id":"https:\/\/www.saporinostri.it\/#website","url":"https:\/\/www.saporinostri.it\/","name":"Sapori Nostri","description":"","publisher":{"@id":"https:\/\/www.saporinostri.it\/#organization"},"potentialAction":[{"@type":"SearchAction","target":{"@type":"EntryPoint","urlTemplate":"https:\/\/www.saporinostri.it\/?s={search_term_string}"},"query-input":{"@type":"PropertyValueSpecification","valueRequired":true,"valueName":"search_term_string"}}],"inLanguage":"fr-FR"},{"@type":"Organization","@id":"https:\/\/www.saporinostri.it\/#organization","name":"Sapori Nostri","url":"https:\/\/www.saporinostri.it\/","logo":{"@type":"ImageObject","inLanguage":"fr-FR","@id":"https:\/\/www.saporinostri.it\/#\/schema\/logo\/image\/","url":"https:\/\/www.saporinostri.it\/wp-content\/uploads\/2020\/05\/logo-retina.png","contentUrl":"https:\/\/www.saporinostri.it\/wp-content\/uploads\/2020\/05\/logo-retina.png","width":500,"height":109,"caption":"Sapori Nostri"},"image":{"@id":"https:\/\/www.saporinostri.it\/#\/schema\/logo\/image\/"},"sameAs":["https:\/\/www.facebook.com\/saporinostri.it\/","https:\/\/www.instagram.com\/saporinostri.it\/"]}]},"product_brand":"DCG","product_price_amount":"9.90","product_price_currency":"EUR","og_availability":"out of stock","product_availability":"out of stock","product_retailer_item_id":"8032774627482","product_condition":"new"},"jetpack_sharing_enabled":true,"brands":[{"id":417,"name":"GCD","slug":"dcg"}],"_links":{"self":[{"href":"https:\/\/www.saporinostri.it\/fr\/wp-json\/wp\/v2\/product\/2401","targetHints":{"allow":["GET"]}}],"collection":[{"href":"https:\/\/www.saporinostri.it\/fr\/wp-json\/wp\/v2\/product"}],"about":[{"href":"https:\/\/www.saporinostri.it\/fr\/wp-json\/wp\/v2\/types\/product"}],"replies":[{"embeddable":true,"href":"https:\/\/www.saporinostri.it\/fr\/wp-json\/wp\/v2\/comments?post=2401"}],"wp:featuredmedia":[{"embeddable":true,"href":"https:\/\/www.saporinostri.it\/fr\/wp-json\/wp\/v2\/media\/2402"}],"wp:attachment":[{"href":"https:\/\/www.saporinostri.it\/fr\/wp-json\/wp\/v2\/media?parent=2401"}],"wp:term":[{"taxonomy":"pwb-brand","embeddable":true,"href":"https:\/\/www.saporinostri.it\/fr\/wp-json\/wp\/v2\/pwb-brand?post=2401"},{"taxonomy":"product_brand","embeddable":true,"href":"https:\/\/www.saporinostri.it\/fr\/wp-json\/wp\/v2\/product_brand?post=2401"},{"taxonomy":"product_cat","embeddable":true,"href":"https:\/\/www.saporinostri.it\/fr\/wp-json\/wp\/v2\/product_cat?post=2401"},{"taxonomy":"product_tag","embeddable":true,"href":"https:\/\/www.saporinostri.it\/fr\/wp-json\/wp\/v2\/product_tag?post=2401"}],"curies":[{"name":"wp","href":"https:\/\/api.w.org\/{rel}","templated":true}]}}