{"id":2406,"date":"2020-06-09T11:28:56","date_gmt":"2020-06-09T10:28:56","guid":{"rendered":"http:\/\/172.105.66.148\/?post_type=product&#038;p=2406"},"modified":"2024-11-05T18:27:26","modified_gmt":"2024-11-05T17:27:26","slug":"torchio-per-pasta-manuale-con-elica-in-ottone","status":"publish","type":"product","link":"https:\/\/www.saporinostri.it\/fr\/torchio-per-pasta-manuale-con-elica-in-ottone\/","title":{"rendered":"Presse \u00e0 p\u00e2tes manuelle avec h\u00e9lice en laiton"},"content":{"rendered":"<p>Presse \u00e0 p\u00e2tes manuelle en aluminium avec h\u00e9lice en laiton avec 3 matrices en laiton et 8 matrices en r\u00e9sine.<br \/>\nPresse \u00e0 p\u00e2tes pour faire des spaghettis, des bucatini et des macaronis.<\/p>","protected":false},"excerpt":{"rendered":"<p>Presse \u00e0 p\u00e2tes manuelle en aluminium avec h\u00e9lice en laiton avec 3 matrices en laiton et 8 matrices en r\u00e9sine.<br \/>\nCette presse manuelle est id\u00e9ale pour faire des spaghettis, des bucatini et des macaronis.<\/p>","protected":false},"featured_media":2513,"comment_status":"open","ping_status":"closed","template":"","meta":{"_acf_changed":false,"inline_featured_image":false,"wprm-recipe-roundup-name":"","wprm-recipe-roundup-description":"","_monsterinsights_skip_tracking":false,"_monsterinsights_sitenote_active":false,"_monsterinsights_sitenote_note":"","_monsterinsights_sitenote_category":0},"pwb-brand":[156],"product_brand":[],"product_cat":[149,145],"product_tag":[],"class_list":{"0":"post-2406","1":"product","2":"type-product","3":"status-publish","4":"has-post-thumbnail","6":"pwb-brand-montini","7":"product_cat-altro","8":"product_cat-utensili-cucina","10":"first","11":"outofstock","12":"sale","13":"taxable","14":"shipping-taxable","15":"purchasable","16":"product-type-simple"},"acf":[],"yoast_head":"<!-- This site is optimized with the Yoast SEO Premium plugin v23.7 (Yoast SEO v27.3) - https:\/\/yoast.com\/product\/yoast-seo-premium-wordpress\/ -->\n<title>Torchio per Pasta Manuale con Elica in Ottone - Sapori Nostri<\/title>\n<meta name=\"description\" content=\"Torchio per pasta in alluminio manuale con elica in ottone con 3 trafile in ottone e 8 trafile in resina, per realizzare spaghetti, bucatini e maccheroni\" \/>\n<meta name=\"robots\" content=\"index, follow, max-snippet:-1, max-image-preview:large, max-video-preview:-1\" \/>\n<link rel=\"canonical\" href=\"https:\/\/www.saporinostri.it\/fr\/torchio-per-pasta-manuale-con-elica-in-ottone\/\" \/>\n<meta property=\"og:locale\" content=\"fr_FR\" \/>\n<meta property=\"og:type\" content=\"article\" \/>\n<meta property=\"og:title\" content=\"Torchio per Pasta Manuale con Elica in Ottone\" \/>\n<meta property=\"og:description\" content=\"Torchio per pasta in alluminio manuale con elica in ottone con 3 trafile in ottone e 8 trafile in resina, per realizzare spaghetti, bucatini e maccheroni\" \/>\n<meta property=\"og:url\" content=\"https:\/\/www.saporinostri.it\/fr\/torchio-per-pasta-manuale-con-elica-in-ottone\/\" \/>\n<meta property=\"og:site_name\" content=\"Sapori Nostri\" \/>\n<meta property=\"article:publisher\" content=\"https:\/\/www.facebook.com\/saporinostri.it\/\" \/>\n<meta property=\"article:modified_time\" content=\"2024-11-05T17:27:26+00:00\" \/>\n<meta property=\"og:image\" content=\"https:\/\/www.saporinostri.it\/wp-content\/uploads\/2020\/05\/torchio-pasta.jpg\" \/>\n\t<meta property=\"og:image:width\" content=\"460\" \/>\n\t<meta property=\"og:image:height\" content=\"640\" \/>\n\t<meta property=\"og:image:type\" content=\"image\/jpeg\" \/>\n<meta name=\"twitter:card\" content=\"summary_large_image\" \/>\n<meta name=\"twitter:label1\" content=\"Prix\" \/>\n\t<meta name=\"twitter:data1\" content=\"&euro;64,90\" \/>\n\t<meta name=\"twitter:label2\" content=\"Disponibilit\u00e9\" \/>\n\t<meta name=\"twitter:data2\" content=\"Rupture de stock\" \/>\n<script type=\"application\/ld+json\" class=\"yoast-schema-graph\">{\"@context\":\"https:\\\/\\\/schema.org\",\"@graph\":[{\"@type\":\"WebPage\",\"@id\":\"https:\\\/\\\/www.saporinostri.it\\\/torchio-per-pasta-manuale-con-elica-in-ottone\\\/\",\"url\":\"https:\\\/\\\/www.saporinostri.it\\\/torchio-per-pasta-manuale-con-elica-in-ottone\\\/\",\"name\":\"Torchio per Pasta Manuale con Elica in Ottone - Sapori Nostri\",\"isPartOf\":{\"@id\":\"https:\\\/\\\/www.saporinostri.it\\\/#website\"},\"primaryImageOfPage\":{\"@id\":\"https:\\\/\\\/www.saporinostri.it\\\/torchio-per-pasta-manuale-con-elica-in-ottone\\\/#primaryimage\"},\"image\":{\"@id\":\"https:\\\/\\\/www.saporinostri.it\\\/torchio-per-pasta-manuale-con-elica-in-ottone\\\/#primaryimage\"},\"thumbnailUrl\":\"https:\\\/\\\/www.saporinostri.it\\\/wp-content\\\/uploads\\\/2020\\\/05\\\/torchio-pasta.jpg\",\"datePublished\":\"2020-06-09T10:28:56+00:00\",\"dateModified\":\"2024-11-05T17:27:26+00:00\",\"description\":\"Torchio per pasta in alluminio manuale con elica in ottone con 3 trafile in ottone e 8 trafile in resina, per realizzare spaghetti, bucatini e maccheroni\",\"breadcrumb\":{\"@id\":\"https:\\\/\\\/www.saporinostri.it\\\/torchio-per-pasta-manuale-con-elica-in-ottone\\\/#breadcrumb\"},\"inLanguage\":\"fr-FR\",\"potentialAction\":[{\"@type\":\"ReadAction\",\"target\":[\"https:\\\/\\\/www.saporinostri.it\\\/torchio-per-pasta-manuale-con-elica-in-ottone\\\/\"]}]},{\"@type\":\"ImageObject\",\"inLanguage\":\"fr-FR\",\"@id\":\"https:\\\/\\\/www.saporinostri.it\\\/torchio-per-pasta-manuale-con-elica-in-ottone\\\/#primaryimage\",\"url\":\"https:\\\/\\\/www.saporinostri.it\\\/wp-content\\\/uploads\\\/2020\\\/05\\\/torchio-pasta.jpg\",\"contentUrl\":\"https:\\\/\\\/www.saporinostri.it\\\/wp-content\\\/uploads\\\/2020\\\/05\\\/torchio-pasta.jpg\",\"width\":460,\"height\":640,\"caption\":\"Torchio per Pasta\"},{\"@type\":\"BreadcrumbList\",\"@id\":\"https:\\\/\\\/www.saporinostri.it\\\/torchio-per-pasta-manuale-con-elica-in-ottone\\\/#breadcrumb\",\"itemListElement\":[{\"@type\":\"ListItem\",\"position\":1,\"name\":\"Home\",\"item\":\"https:\\\/\\\/www.saporinostri.it\\\/\"},{\"@type\":\"ListItem\",\"position\":2,\"name\":\"Shop\",\"item\":\"https:\\\/\\\/www.saporinostri.it\\\/fr\\\/shop\\\/\"},{\"@type\":\"ListItem\",\"position\":3,\"name\":\"Torchio per Pasta Manuale con Elica in Ottone\"}]},{\"@type\":\"WebSite\",\"@id\":\"https:\\\/\\\/www.saporinostri.it\\\/#website\",\"url\":\"https:\\\/\\\/www.saporinostri.it\\\/\",\"name\":\"Sapori Nostri\",\"description\":\"\",\"publisher\":{\"@id\":\"https:\\\/\\\/www.saporinostri.it\\\/#organization\"},\"potentialAction\":[{\"@type\":\"SearchAction\",\"target\":{\"@type\":\"EntryPoint\",\"urlTemplate\":\"https:\\\/\\\/www.saporinostri.it\\\/?s={search_term_string}\"},\"query-input\":{\"@type\":\"PropertyValueSpecification\",\"valueRequired\":true,\"valueName\":\"search_term_string\"}}],\"inLanguage\":\"fr-FR\"},{\"@type\":\"Organization\",\"@id\":\"https:\\\/\\\/www.saporinostri.it\\\/#organization\",\"name\":\"Sapori Nostri\",\"url\":\"https:\\\/\\\/www.saporinostri.it\\\/\",\"logo\":{\"@type\":\"ImageObject\",\"inLanguage\":\"fr-FR\",\"@id\":\"https:\\\/\\\/www.saporinostri.it\\\/#\\\/schema\\\/logo\\\/image\\\/\",\"url\":\"https:\\\/\\\/www.saporinostri.it\\\/wp-content\\\/uploads\\\/2020\\\/05\\\/logo-retina.png\",\"contentUrl\":\"https:\\\/\\\/www.saporinostri.it\\\/wp-content\\\/uploads\\\/2020\\\/05\\\/logo-retina.png\",\"width\":500,\"height\":109,\"caption\":\"Sapori Nostri\"},\"image\":{\"@id\":\"https:\\\/\\\/www.saporinostri.it\\\/#\\\/schema\\\/logo\\\/image\\\/\"},\"sameAs\":[\"https:\\\/\\\/www.facebook.com\\\/saporinostri.it\\\/\",\"https:\\\/\\\/www.instagram.com\\\/saporinostri.it\\\/\"]}]}<\/script>\n<meta property=\"product:brand\" content=\"Montini\" \/>\n<meta property=\"product:price:amount\" content=\"64.90\" \/>\n<meta property=\"product:price:currency\" content=\"EUR\" \/>\n<meta property=\"og:availability\" content=\"out of stock\" \/>\n<meta property=\"product:availability\" content=\"out of stock\" \/>\n<meta property=\"product:retailer_item_id\" content=\"8000701972509\" \/>\n<meta property=\"product:condition\" content=\"new\" \/>\n<!-- \/ Yoast SEO Premium plugin. -->","yoast_head_json":{"title":"Presse \u00e0 p\u00e2tes manuelle avec h\u00e9lice en laiton - Sapori Nostra","description":"Presse \u00e0 p\u00e2tes manuelle en aluminium avec h\u00e9lice en laiton avec 3 matrices en laiton et 8 matrices en r\u00e9sine, pour faire des spaghettis, des bucatini et des macaronis","robots":{"index":"index","follow":"follow","max-snippet":"max-snippet:-1","max-image-preview":"max-image-preview:large","max-video-preview":"max-video-preview:-1"},"canonical":"https:\/\/www.saporinostri.it\/fr\/torchio-per-pasta-manuale-con-elica-in-ottone\/","og_locale":"fr_FR","og_type":"article","og_title":"Torchio per Pasta Manuale con Elica in Ottone","og_description":"Torchio per pasta in alluminio manuale con elica in ottone con 3 trafile in ottone e 8 trafile in resina, per realizzare spaghetti, bucatini e maccheroni","og_url":"https:\/\/www.saporinostri.it\/fr\/torchio-per-pasta-manuale-con-elica-in-ottone\/","og_site_name":"Sapori Nostri","article_publisher":"https:\/\/www.facebook.com\/saporinostri.it\/","article_modified_time":"2024-11-05T17:27:26+00:00","og_image":[{"width":460,"height":640,"url":"https:\/\/www.saporinostri.it\/wp-content\/uploads\/2020\/05\/torchio-pasta.jpg","type":"image\/jpeg"}],"twitter_card":"summary_large_image","twitter_misc":{"Prix":"&euro;64,90","Disponibilit\u00e9":"Rupture de stock"},"schema":{"@context":"https:\/\/schema.org","@graph":[{"@type":"WebPage","@id":"https:\/\/www.saporinostri.it\/torchio-per-pasta-manuale-con-elica-in-ottone\/","url":"https:\/\/www.saporinostri.it\/torchio-per-pasta-manuale-con-elica-in-ottone\/","name":"Presse \u00e0 p\u00e2tes manuelle avec h\u00e9lice en laiton - Sapori Nostra","isPartOf":{"@id":"https:\/\/www.saporinostri.it\/#website"},"primaryImageOfPage":{"@id":"https:\/\/www.saporinostri.it\/torchio-per-pasta-manuale-con-elica-in-ottone\/#primaryimage"},"image":{"@id":"https:\/\/www.saporinostri.it\/torchio-per-pasta-manuale-con-elica-in-ottone\/#primaryimage"},"thumbnailUrl":"https:\/\/www.saporinostri.it\/wp-content\/uploads\/2020\/05\/torchio-pasta.jpg","datePublished":"2020-06-09T10:28:56+00:00","dateModified":"2024-11-05T17:27:26+00:00","description":"Presse \u00e0 p\u00e2tes manuelle en aluminium avec h\u00e9lice en laiton avec 3 matrices en laiton et 8 matrices en r\u00e9sine, pour faire des spaghettis, des bucatini et des macaronis","breadcrumb":{"@id":"https:\/\/www.saporinostri.it\/torchio-per-pasta-manuale-con-elica-in-ottone\/#breadcrumb"},"inLanguage":"fr-FR","potentialAction":[{"@type":"ReadAction","target":["https:\/\/www.saporinostri.it\/torchio-per-pasta-manuale-con-elica-in-ottone\/"]}]},{"@type":"ImageObject","inLanguage":"fr-FR","@id":"https:\/\/www.saporinostri.it\/torchio-per-pasta-manuale-con-elica-in-ottone\/#primaryimage","url":"https:\/\/www.saporinostri.it\/wp-content\/uploads\/2020\/05\/torchio-pasta.jpg","contentUrl":"https:\/\/www.saporinostri.it\/wp-content\/uploads\/2020\/05\/torchio-pasta.jpg","width":460,"height":640,"caption":"Torchio per Pasta"},{"@type":"BreadcrumbList","@id":"https:\/\/www.saporinostri.it\/torchio-per-pasta-manuale-con-elica-in-ottone\/#breadcrumb","itemListElement":[{"@type":"ListItem","position":1,"name":"Home","item":"https:\/\/www.saporinostri.it\/"},{"@type":"ListItem","position":2,"name":"Shop","item":"https:\/\/www.saporinostri.it\/fr\/shop\/"},{"@type":"ListItem","position":3,"name":"Torchio per Pasta Manuale con Elica in Ottone"}]},{"@type":"WebSite","@id":"https:\/\/www.saporinostri.it\/#website","url":"https:\/\/www.saporinostri.it\/","name":"Sapori Nostri","description":"","publisher":{"@id":"https:\/\/www.saporinostri.it\/#organization"},"potentialAction":[{"@type":"SearchAction","target":{"@type":"EntryPoint","urlTemplate":"https:\/\/www.saporinostri.it\/?s={search_term_string}"},"query-input":{"@type":"PropertyValueSpecification","valueRequired":true,"valueName":"search_term_string"}}],"inLanguage":"fr-FR"},{"@type":"Organization","@id":"https:\/\/www.saporinostri.it\/#organization","name":"Sapori Nostri","url":"https:\/\/www.saporinostri.it\/","logo":{"@type":"ImageObject","inLanguage":"fr-FR","@id":"https:\/\/www.saporinostri.it\/#\/schema\/logo\/image\/","url":"https:\/\/www.saporinostri.it\/wp-content\/uploads\/2020\/05\/logo-retina.png","contentUrl":"https:\/\/www.saporinostri.it\/wp-content\/uploads\/2020\/05\/logo-retina.png","width":500,"height":109,"caption":"Sapori Nostri"},"image":{"@id":"https:\/\/www.saporinostri.it\/#\/schema\/logo\/image\/"},"sameAs":["https:\/\/www.facebook.com\/saporinostri.it\/","https:\/\/www.instagram.com\/saporinostri.it\/"]}]},"product_brand":"Montini","product_price_amount":"64.90","product_price_currency":"EUR","og_availability":"out of stock","product_availability":"out of stock","product_retailer_item_id":"8000701972509","product_condition":"new"},"jetpack_sharing_enabled":true,"brands":[{"id":156,"name":"Montini","slug":"montini"}],"_links":{"self":[{"href":"https:\/\/www.saporinostri.it\/fr\/wp-json\/wp\/v2\/product\/2406","targetHints":{"allow":["GET"]}}],"collection":[{"href":"https:\/\/www.saporinostri.it\/fr\/wp-json\/wp\/v2\/product"}],"about":[{"href":"https:\/\/www.saporinostri.it\/fr\/wp-json\/wp\/v2\/types\/product"}],"replies":[{"embeddable":true,"href":"https:\/\/www.saporinostri.it\/fr\/wp-json\/wp\/v2\/comments?post=2406"}],"wp:featuredmedia":[{"embeddable":true,"href":"https:\/\/www.saporinostri.it\/fr\/wp-json\/wp\/v2\/media\/2513"}],"wp:attachment":[{"href":"https:\/\/www.saporinostri.it\/fr\/wp-json\/wp\/v2\/media?parent=2406"}],"wp:term":[{"taxonomy":"pwb-brand","embeddable":true,"href":"https:\/\/www.saporinostri.it\/fr\/wp-json\/wp\/v2\/pwb-brand?post=2406"},{"taxonomy":"product_brand","embeddable":true,"href":"https:\/\/www.saporinostri.it\/fr\/wp-json\/wp\/v2\/product_brand?post=2406"},{"taxonomy":"product_cat","embeddable":true,"href":"https:\/\/www.saporinostri.it\/fr\/wp-json\/wp\/v2\/product_cat?post=2406"},{"taxonomy":"product_tag","embeddable":true,"href":"https:\/\/www.saporinostri.it\/fr\/wp-json\/wp\/v2\/product_tag?post=2406"}],"curies":[{"name":"wp","href":"https:\/\/api.w.org\/{rel}","templated":true}]}}