{"id":24077,"date":"2023-09-12T09:23:32","date_gmt":"2023-09-12T07:23:32","guid":{"rendered":"https:\/\/woocommerce-587295-4567585.cloudwaysapps.com\/?post_type=product&#038;p=24077"},"modified":"2026-03-30T13:27:50","modified_gmt":"2026-03-30T11:27:50","slug":"farina-fioreglut-caputo-1-k-per-dolci","status":"publish","type":"product","link":"https:\/\/www.saporinostri.it\/fr\/farina-fioreglut-caputo-1-k-per-dolci\/","title":{"rendered":"Farine Fioreglut Caputo id\u00e9ale pour LES DESSERTS 1 Kg"},"content":{"rendered":"<p><strong>Fioreglut<\/strong> c&#039;est une farine sans gluten \u00e0 granulom\u00e9trie calibr\u00e9e, pour une hydratation facile, une excellente maniabilit\u00e9. Pour des p\u00e2tes molles qui conservent l\u00e9g\u00e8ret\u00e9 et saveur apr\u00e8s cuisson. Le m\u00e9lange d&#039;amidon est parfaitement \u00e9quilibr\u00e9 pour les pr\u00e9parations sans gluten.<\/p>\n<p>lire l&#039;article de <a href=\"https:\/\/www.lucianopignataro.it\/a\/aria-e-fioreglut-dolci-mulino-caputo-porta-la-tradizione-napoletana-al-tuttofood-di-milano\/234141\/\">Luciano Pignataro<\/a><\/p>\n<div class=\"mini-infobox-wrapper\">\n<p class=\"mini-infobox\"><b>Type de farine<\/b><br \/>\nProduit semi-fini<\/p>\n<p class=\"mini-infobox\"><b>Boulangerie<\/b><br \/>\n\u2014<\/p>\n<p class=\"mini-infobox\"><b>Prot\u00e9ines<\/b><br \/>\n2,40%<\/p>\n<p class=\"mini-infobox\"><b>\u00c9lasticit\u00e9<\/b><br \/>\n\u2014<\/p>\n<p class=\"mini-infobox\"><b>Levain<\/b><br \/>\n\u2014<\/p>\n<\/div>\n<h3 class=\"mt-5\">Le moulin de Caputo<\/h3>\n<div class=\"mt-3\">\n<p>Depuis 1924, le\u00a0<strong>Mulino Caputo<\/strong>\u00a0travaille le bl\u00e9 avec g\u00e9n\u00e9rosit\u00e9 et passion, pour offrir aux professionnels et aux passionn\u00e9s de l&#039;Art Blanc Caputo Farina la plus haute qualit\u00e9, produite dans le plein respect des mati\u00e8res premi\u00e8res et de la tradition.<\/p>\n<p>Il Molino Caputo produit une large gamme de farines \u00e0 usage domestique et professionnel. La farine Caputo est surtout utilis\u00e9e par les professionnels de la p\u00e2te \u00e0 confiserie, de la panification, des p\u00e2tes et de la pizza, avec de nombreux types de farines destin\u00e9es \u00e0 diff\u00e9rents proc\u00e9d\u00e9s.<\/p>\n<p>Autorit\u00e9, spontan\u00e9it\u00e9 et tradition, c&#039;est de ces valeurs que na\u00eet l&#039;art blanc de Mulino Caputo, qui gr\u00e2ce \u00e0 l&#039;exp\u00e9rience acquise en 3 g\u00e9n\u00e9rations de ma\u00eetres meuniers napolitains, lui permet de garantir des normes de qualit\u00e9 tr\u00e8s \u00e9lev\u00e9es, pour s&#039;assurer que l&#039;expert les restaurateurs et artisans du go\u00fbt expriment au mieux leur cr\u00e9ativit\u00e9.<\/p>\n<p>La farine Caputo a la capacit\u00e9 de pr\u00e9server pleinement le naturel et l&#039;authenticit\u00e9 des saveurs, pour cela et pour d&#039;autres raisons, Molino Caputo est appr\u00e9ci\u00e9 et reconnu dans le monde entier.<\/p>\n<\/div>","protected":false},"excerpt":{"rendered":"<p><b>Caputo Farine Sans Gluten<\/b><\/p>\n<ul>\n<li>Pour des p\u00e2tes molles qui conservent l\u00e9g\u00e8ret\u00e9 et saveur apr\u00e8s cuisson.<\/li>\n<li>Farine \u00e0 granulom\u00e9trie calibr\u00e9e, pour une hydratation facile, excellente maniabilit\u00e9.<\/li>\n<\/ul>\n<div class=\"scadenza\">Expiration du lot le plus r\u00e9cent\u00a0: <b>01\/07\/2024 L.S2309101<\/b><\/div>","protected":false},"featured_media":24078,"comment_status":"open","ping_status":"closed","template":"","meta":{"_acf_changed":false,"inline_featured_image":false,"wprm-recipe-roundup-name":"","wprm-recipe-roundup-description":"","_monsterinsights_skip_tracking":false,"_monsterinsights_sitenote_active":false,"_monsterinsights_sitenote_note":"","_monsterinsights_sitenote_category":0},"pwb-brand":[110],"product_brand":[],"product_cat":[97],"product_tag":[],"class_list":{"0":"post-24077","1":"product","2":"type-product","3":"status-publish","4":"has-post-thumbnail","6":"pwb-brand-mulino-caputo","7":"product_cat-farine","8":"product_shipping_class-iva-10","10":"first","11":"outofstock","12":"sale","13":"taxable","14":"shipping-taxable","15":"purchasable","16":"product-type-simple"},"acf":[],"yoast_head":"<!-- This site is optimized with the Yoast SEO Premium plugin v23.7 (Yoast SEO v27.3) - https:\/\/yoast.com\/product\/yoast-seo-premium-wordpress\/ -->\n<title>Farina Fioreglut Caputo ideale per DOLCI 1 Kg - Farina Caputo Senza Glutine - Sapori Nostri<\/title>\n<meta name=\"description\" content=\"Farina Caputo Senza Glutine Fioreglut ideale per dolci, per impasti soffici e leggeri, rinuncia al glutine ma non al sapore e alla qualit\u00e0\" \/>\n<meta name=\"robots\" content=\"index, follow, max-snippet:-1, max-image-preview:large, max-video-preview:-1\" \/>\n<link rel=\"canonical\" href=\"https:\/\/www.saporinostri.it\/fr\/farina-fioreglut-caputo-1-k-per-dolci\/\" \/>\n<meta property=\"og:locale\" content=\"fr_FR\" \/>\n<meta property=\"og:type\" content=\"article\" \/>\n<meta property=\"og:title\" content=\"Farina Fioreglut Caputo ideale per DOLCI 1 Kg\" \/>\n<meta property=\"og:description\" content=\"Farina Caputo Senza Glutine Fioreglut ideale per dolci, per impasti soffici e leggeri, rinuncia al glutine ma non al sapore e alla qualit\u00e0\" \/>\n<meta property=\"og:url\" content=\"https:\/\/www.saporinostri.it\/fr\/farina-fioreglut-caputo-1-k-per-dolci\/\" \/>\n<meta property=\"og:site_name\" content=\"Sapori Nostri\" \/>\n<meta property=\"article:publisher\" content=\"https:\/\/www.facebook.com\/saporinostri.it\/\" \/>\n<meta property=\"article:modified_time\" content=\"2026-03-30T11:27:50+00:00\" \/>\n<meta property=\"og:image\" content=\"https:\/\/www.saporinostri.it\/wp-content\/uploads\/2023\/09\/2021-09-20-Pack-inclinato-dolci.png\" \/>\n\t<meta property=\"og:image:width\" content=\"1000\" \/>\n\t<meta property=\"og:image:height\" content=\"1100\" \/>\n\t<meta property=\"og:image:type\" content=\"image\/png\" \/>\n<meta name=\"twitter:card\" content=\"summary_large_image\" \/>\n<meta name=\"twitter:label1\" content=\"Prix\" \/>\n\t<meta name=\"twitter:data1\" content=\"&euro;6,89\" \/>\n\t<meta name=\"twitter:label2\" content=\"Disponibilit\u00e9\" \/>\n\t<meta name=\"twitter:data2\" content=\"Rupture de stock\" \/>\n<script type=\"application\/ld+json\" class=\"yoast-schema-graph\">{\"@context\":\"https:\\\/\\\/schema.org\",\"@graph\":[{\"@type\":\"WebPage\",\"@id\":\"https:\\\/\\\/www.saporinostri.it\\\/farina-fioreglut-caputo-1-k-per-dolci\\\/\",\"url\":\"https:\\\/\\\/www.saporinostri.it\\\/farina-fioreglut-caputo-1-k-per-dolci\\\/\",\"name\":\"Farina Fioreglut Caputo ideale per DOLCI 1 Kg - Farina Caputo Senza Glutine - Sapori Nostri\",\"isPartOf\":{\"@id\":\"https:\\\/\\\/www.saporinostri.it\\\/#website\"},\"primaryImageOfPage\":{\"@id\":\"https:\\\/\\\/www.saporinostri.it\\\/farina-fioreglut-caputo-1-k-per-dolci\\\/#primaryimage\"},\"image\":{\"@id\":\"https:\\\/\\\/www.saporinostri.it\\\/farina-fioreglut-caputo-1-k-per-dolci\\\/#primaryimage\"},\"thumbnailUrl\":\"https:\\\/\\\/www.saporinostri.it\\\/wp-content\\\/uploads\\\/2023\\\/09\\\/2021-09-20-Pack-inclinato-dolci.png\",\"datePublished\":\"2023-09-12T07:23:32+00:00\",\"dateModified\":\"2026-03-30T11:27:50+00:00\",\"description\":\"Farina Caputo Senza Glutine Fioreglut ideale per dolci, per impasti soffici e leggeri, rinuncia al glutine ma non al sapore e alla qualit\u00e0\",\"breadcrumb\":{\"@id\":\"https:\\\/\\\/www.saporinostri.it\\\/farina-fioreglut-caputo-1-k-per-dolci\\\/#breadcrumb\"},\"inLanguage\":\"fr-FR\",\"potentialAction\":[{\"@type\":\"ReadAction\",\"target\":[\"https:\\\/\\\/www.saporinostri.it\\\/farina-fioreglut-caputo-1-k-per-dolci\\\/\"]}]},{\"@type\":\"ImageObject\",\"inLanguage\":\"fr-FR\",\"@id\":\"https:\\\/\\\/www.saporinostri.it\\\/farina-fioreglut-caputo-1-k-per-dolci\\\/#primaryimage\",\"url\":\"https:\\\/\\\/www.saporinostri.it\\\/wp-content\\\/uploads\\\/2023\\\/09\\\/2021-09-20-Pack-inclinato-dolci.png\",\"contentUrl\":\"https:\\\/\\\/www.saporinostri.it\\\/wp-content\\\/uploads\\\/2023\\\/09\\\/2021-09-20-Pack-inclinato-dolci.png\",\"width\":1000,\"height\":1100},{\"@type\":\"BreadcrumbList\",\"@id\":\"https:\\\/\\\/www.saporinostri.it\\\/farina-fioreglut-caputo-1-k-per-dolci\\\/#breadcrumb\",\"itemListElement\":[{\"@type\":\"ListItem\",\"position\":1,\"name\":\"Home\",\"item\":\"https:\\\/\\\/www.saporinostri.it\\\/\"},{\"@type\":\"ListItem\",\"position\":2,\"name\":\"Shop\",\"item\":\"https:\\\/\\\/www.saporinostri.it\\\/fr\\\/shop\\\/\"},{\"@type\":\"ListItem\",\"position\":3,\"name\":\"Farina Fioreglut Caputo ideale per DOLCI 1 Kg\"}]},{\"@type\":\"WebSite\",\"@id\":\"https:\\\/\\\/www.saporinostri.it\\\/#website\",\"url\":\"https:\\\/\\\/www.saporinostri.it\\\/\",\"name\":\"Sapori Nostri\",\"description\":\"\",\"publisher\":{\"@id\":\"https:\\\/\\\/www.saporinostri.it\\\/#organization\"},\"potentialAction\":[{\"@type\":\"SearchAction\",\"target\":{\"@type\":\"EntryPoint\",\"urlTemplate\":\"https:\\\/\\\/www.saporinostri.it\\\/?s={search_term_string}\"},\"query-input\":{\"@type\":\"PropertyValueSpecification\",\"valueRequired\":true,\"valueName\":\"search_term_string\"}}],\"inLanguage\":\"fr-FR\"},{\"@type\":\"Organization\",\"@id\":\"https:\\\/\\\/www.saporinostri.it\\\/#organization\",\"name\":\"Sapori Nostri\",\"url\":\"https:\\\/\\\/www.saporinostri.it\\\/\",\"logo\":{\"@type\":\"ImageObject\",\"inLanguage\":\"fr-FR\",\"@id\":\"https:\\\/\\\/www.saporinostri.it\\\/#\\\/schema\\\/logo\\\/image\\\/\",\"url\":\"https:\\\/\\\/www.saporinostri.it\\\/wp-content\\\/uploads\\\/2020\\\/05\\\/logo-retina.png\",\"contentUrl\":\"https:\\\/\\\/www.saporinostri.it\\\/wp-content\\\/uploads\\\/2020\\\/05\\\/logo-retina.png\",\"width\":500,\"height\":109,\"caption\":\"Sapori Nostri\"},\"image\":{\"@id\":\"https:\\\/\\\/www.saporinostri.it\\\/#\\\/schema\\\/logo\\\/image\\\/\"},\"sameAs\":[\"https:\\\/\\\/www.facebook.com\\\/saporinostri.it\\\/\",\"https:\\\/\\\/www.instagram.com\\\/saporinostri.it\\\/\"]}]}<\/script>\n<meta property=\"product:brand\" content=\"Mulino Caputo\" \/>\n<meta property=\"product:price:amount\" content=\"6.89\" \/>\n<meta property=\"product:price:currency\" content=\"EUR\" \/>\n<meta property=\"og:availability\" content=\"out of stock\" \/>\n<meta property=\"product:availability\" content=\"out of stock\" \/>\n<meta property=\"product:retailer_item_id\" content=\"8014601652218\" \/>\n<meta property=\"product:condition\" content=\"new\" \/>\n<!-- \/ Yoast SEO Premium plugin. -->","yoast_head_json":{"title":"Farine Fioreglut Caputo id\u00e9ale pour LES DESSERTS 1 Kg - Farine sans gluten Caputo - Sapori Nostri","description":"Farine sans gluten Caputo Fioreglut id\u00e9ale pour les desserts, pour les p\u00e2tes molles et l\u00e9g\u00e8res, renonce au gluten mais pas \u00e0 la saveur et \u00e0 la qualit\u00e9","robots":{"index":"index","follow":"follow","max-snippet":"max-snippet:-1","max-image-preview":"max-image-preview:large","max-video-preview":"max-video-preview:-1"},"canonical":"https:\/\/www.saporinostri.it\/fr\/farina-fioreglut-caputo-1-k-per-dolci\/","og_locale":"fr_FR","og_type":"article","og_title":"Farina Fioreglut Caputo ideale per DOLCI 1 Kg","og_description":"Farina Caputo Senza Glutine Fioreglut ideale per dolci, per impasti soffici e leggeri, rinuncia al glutine ma non al sapore e alla qualit\u00e0","og_url":"https:\/\/www.saporinostri.it\/fr\/farina-fioreglut-caputo-1-k-per-dolci\/","og_site_name":"Sapori Nostri","article_publisher":"https:\/\/www.facebook.com\/saporinostri.it\/","article_modified_time":"2026-03-30T11:27:50+00:00","og_image":[{"width":1000,"height":1100,"url":"https:\/\/www.saporinostri.it\/wp-content\/uploads\/2023\/09\/2021-09-20-Pack-inclinato-dolci.png","type":"image\/png"}],"twitter_card":"summary_large_image","twitter_misc":{"Prix":"&euro;6,89","Disponibilit\u00e9":"Rupture de stock"},"schema":{"@context":"https:\/\/schema.org","@graph":[{"@type":"WebPage","@id":"https:\/\/www.saporinostri.it\/farina-fioreglut-caputo-1-k-per-dolci\/","url":"https:\/\/www.saporinostri.it\/farina-fioreglut-caputo-1-k-per-dolci\/","name":"Farine Fioreglut Caputo id\u00e9ale pour LES DESSERTS 1 Kg - Farine sans gluten Caputo - Sapori Nostri","isPartOf":{"@id":"https:\/\/www.saporinostri.it\/#website"},"primaryImageOfPage":{"@id":"https:\/\/www.saporinostri.it\/farina-fioreglut-caputo-1-k-per-dolci\/#primaryimage"},"image":{"@id":"https:\/\/www.saporinostri.it\/farina-fioreglut-caputo-1-k-per-dolci\/#primaryimage"},"thumbnailUrl":"https:\/\/www.saporinostri.it\/wp-content\/uploads\/2023\/09\/2021-09-20-Pack-inclinato-dolci.png","datePublished":"2023-09-12T07:23:32+00:00","dateModified":"2026-03-30T11:27:50+00:00","description":"Farine sans gluten Caputo Fioreglut id\u00e9ale pour les desserts, pour les p\u00e2tes molles et l\u00e9g\u00e8res, renonce au gluten mais pas \u00e0 la saveur et \u00e0 la qualit\u00e9","breadcrumb":{"@id":"https:\/\/www.saporinostri.it\/farina-fioreglut-caputo-1-k-per-dolci\/#breadcrumb"},"inLanguage":"fr-FR","potentialAction":[{"@type":"ReadAction","target":["https:\/\/www.saporinostri.it\/farina-fioreglut-caputo-1-k-per-dolci\/"]}]},{"@type":"ImageObject","inLanguage":"fr-FR","@id":"https:\/\/www.saporinostri.it\/farina-fioreglut-caputo-1-k-per-dolci\/#primaryimage","url":"https:\/\/www.saporinostri.it\/wp-content\/uploads\/2023\/09\/2021-09-20-Pack-inclinato-dolci.png","contentUrl":"https:\/\/www.saporinostri.it\/wp-content\/uploads\/2023\/09\/2021-09-20-Pack-inclinato-dolci.png","width":1000,"height":1100},{"@type":"BreadcrumbList","@id":"https:\/\/www.saporinostri.it\/farina-fioreglut-caputo-1-k-per-dolci\/#breadcrumb","itemListElement":[{"@type":"ListItem","position":1,"name":"Home","item":"https:\/\/www.saporinostri.it\/"},{"@type":"ListItem","position":2,"name":"Shop","item":"https:\/\/www.saporinostri.it\/fr\/shop\/"},{"@type":"ListItem","position":3,"name":"Farina Fioreglut Caputo ideale per DOLCI 1 Kg"}]},{"@type":"WebSite","@id":"https:\/\/www.saporinostri.it\/#website","url":"https:\/\/www.saporinostri.it\/","name":"Sapori Nostri","description":"","publisher":{"@id":"https:\/\/www.saporinostri.it\/#organization"},"potentialAction":[{"@type":"SearchAction","target":{"@type":"EntryPoint","urlTemplate":"https:\/\/www.saporinostri.it\/?s={search_term_string}"},"query-input":{"@type":"PropertyValueSpecification","valueRequired":true,"valueName":"search_term_string"}}],"inLanguage":"fr-FR"},{"@type":"Organization","@id":"https:\/\/www.saporinostri.it\/#organization","name":"Sapori Nostri","url":"https:\/\/www.saporinostri.it\/","logo":{"@type":"ImageObject","inLanguage":"fr-FR","@id":"https:\/\/www.saporinostri.it\/#\/schema\/logo\/image\/","url":"https:\/\/www.saporinostri.it\/wp-content\/uploads\/2020\/05\/logo-retina.png","contentUrl":"https:\/\/www.saporinostri.it\/wp-content\/uploads\/2020\/05\/logo-retina.png","width":500,"height":109,"caption":"Sapori Nostri"},"image":{"@id":"https:\/\/www.saporinostri.it\/#\/schema\/logo\/image\/"},"sameAs":["https:\/\/www.facebook.com\/saporinostri.it\/","https:\/\/www.instagram.com\/saporinostri.it\/"]}]},"product_brand":"Mulino Caputo","product_price_amount":"6.89","product_price_currency":"EUR","og_availability":"out of stock","product_availability":"out of stock","product_retailer_item_id":"8014601652218","product_condition":"new"},"jetpack_sharing_enabled":true,"brands":[{"id":110,"name":"Mulino Caputo","slug":"mulino-caputo"}],"_links":{"self":[{"href":"https:\/\/www.saporinostri.it\/fr\/wp-json\/wp\/v2\/product\/24077","targetHints":{"allow":["GET"]}}],"collection":[{"href":"https:\/\/www.saporinostri.it\/fr\/wp-json\/wp\/v2\/product"}],"about":[{"href":"https:\/\/www.saporinostri.it\/fr\/wp-json\/wp\/v2\/types\/product"}],"replies":[{"embeddable":true,"href":"https:\/\/www.saporinostri.it\/fr\/wp-json\/wp\/v2\/comments?post=24077"}],"wp:featuredmedia":[{"embeddable":true,"href":"https:\/\/www.saporinostri.it\/fr\/wp-json\/wp\/v2\/media\/24078"}],"wp:attachment":[{"href":"https:\/\/www.saporinostri.it\/fr\/wp-json\/wp\/v2\/media?parent=24077"}],"wp:term":[{"taxonomy":"pwb-brand","embeddable":true,"href":"https:\/\/www.saporinostri.it\/fr\/wp-json\/wp\/v2\/pwb-brand?post=24077"},{"taxonomy":"product_brand","embeddable":true,"href":"https:\/\/www.saporinostri.it\/fr\/wp-json\/wp\/v2\/product_brand?post=24077"},{"taxonomy":"product_cat","embeddable":true,"href":"https:\/\/www.saporinostri.it\/fr\/wp-json\/wp\/v2\/product_cat?post=24077"},{"taxonomy":"product_tag","embeddable":true,"href":"https:\/\/www.saporinostri.it\/fr\/wp-json\/wp\/v2\/product_tag?post=24077"}],"curies":[{"name":"wp","href":"https:\/\/api.w.org\/{rel}","templated":true}]}}