{"id":2424,"date":"2020-05-24T01:52:31","date_gmt":"2020-05-23T23:52:31","guid":{"rendered":"http:\/\/172.105.66.148\/?post_type=product&#038;p=2424"},"modified":"2026-02-09T15:33:45","modified_gmt":"2026-02-09T14:33:45","slug":"tavola-per-impastare-in-betulla","status":"publish","type":"product","link":"https:\/\/www.saporinostri.it\/fr\/tavola-per-impastare-in-betulla\/","title":{"rendered":"Planche \u00e0 p\u00e9trir en bouleau 60 \u00d7 40 cm"},"content":{"rendered":"<p style=\"font-size: 1.2em; line-height: 1.5; color: #121212;\">Fabriqu\u00e9 en contreplaqu\u00e9 de bouleau (BETULA pendula) coll\u00e9 avec de la colle ur\u00e9ique \u00e0 faible teneur en formald\u00e9hyde (E1). La planche n&#039;est en aucun cas trait\u00e9e en surface, ni avec des huiles, ni avec des peintures. La mati\u00e8re premi\u00e8re est d&#039;origine europ\u00e9enne et ne provient pas de coupe ill\u00e9gale conform\u00e9ment au r\u00e8glement Cee 995\/2010. La table est adapt\u00e9e au contact avec les produits alimentaires et les mat\u00e9riaux utilis\u00e9s dans sa construction sont conformes \u00e0 la r\u00e9glementation pour la protection de la sant\u00e9 des consommateurs. Le tableau n&#039;implique pas une modification inacceptable de la composition des produits alimentaires ou une d\u00e9t\u00e9rioration des caract\u00e9ristiques organoleptiques.<\/p>\n<p style=\"font-size: 1.2em; line-height: 1.5; color: #121212;\">Pr\u00e9caution d&#039;utilisation et d&#039;entretien :<br \/>\nle bois est un mat\u00e9riau naturel et poreux et peut donc absorber les contaminants externes tels que les d\u00e9tergents. Il est recommand\u00e9 de laver la table apr\u00e8s utilisation avec de l&#039;eau et du bicarbonate. Laissez la planche s\u00e9cher naturellement, sans la placer \u00e0 proximit\u00e9 de sources de chaleur directes pour \u00e9viter les d\u00e9formations et les fissures.<\/p>","protected":false},"excerpt":{"rendered":"<p style=\"font-size: 1.2em; line-height: 1.5; color: #121212;\">Planche \u00e0 p\u00e9trir en contreplaqu\u00e9 de bouleau.<br \/>\n\u00c9quip\u00e9 d&#039;une porte antid\u00e9rapante sous-jacente.<br \/>\nConvient pour le traitement de la viande, des p\u00e2tes, des desserts, des pizzas et du pain.<\/p>\n<p style=\"font-size: 1.2em; line-height: 1.5; color: #121212;\"><b>Dimensions:<\/b> 600x400x12 millim\u00e8tres<\/p>","protected":false},"featured_media":2425,"comment_status":"open","ping_status":"closed","template":"","meta":{"_acf_changed":false,"inline_featured_image":false,"wprm-recipe-roundup-name":"","wprm-recipe-roundup-description":"","_monsterinsights_skip_tracking":false,"_monsterinsights_sitenote_active":false,"_monsterinsights_sitenote_note":"","_monsterinsights_sitenote_category":0},"pwb-brand":[157],"product_brand":[],"product_cat":[159,145],"product_tag":[],"class_list":{"0":"post-2424","1":"product","2":"type-product","3":"status-publish","4":"has-post-thumbnail","6":"pwb-brand-checco","7":"product_cat-tavole-e-assi","8":"product_cat-utensili-cucina","10":"first","11":"outofstock","12":"sale","13":"taxable","14":"shipping-taxable","15":"purchasable","16":"product-type-simple"},"acf":[],"yoast_head":"<!-- This site is optimized with the Yoast SEO Premium plugin v23.7 (Yoast SEO v27.3) - https:\/\/yoast.com\/product\/yoast-seo-premium-wordpress\/ -->\n<title>Tavola per Impastare in Betulla 60x40 cm - Sapori Nostri<\/title>\n<meta name=\"description\" content=\"Tavola per impastare in multistrato di Betulla, dotata di battente sottostante antiscivolo, indicata per la lavorazione di carne, pasta, dolci, pizza e pane\" \/>\n<meta name=\"robots\" content=\"index, follow, max-snippet:-1, max-image-preview:large, max-video-preview:-1\" \/>\n<link rel=\"canonical\" href=\"https:\/\/www.saporinostri.it\/fr\/tavola-per-impastare-in-betulla\/\" \/>\n<meta property=\"og:locale\" content=\"fr_FR\" \/>\n<meta property=\"og:type\" content=\"article\" \/>\n<meta property=\"og:title\" content=\"Tavola per Impastare in Betulla 60x40 cm\" \/>\n<meta property=\"og:description\" content=\"Tavola per impastare in multistrato di Betulla, dotata di battente sottostante antiscivolo, indicata per la lavorazione di carne, pasta, dolci, pizza e pane\" \/>\n<meta property=\"og:url\" content=\"https:\/\/www.saporinostri.it\/fr\/tavola-per-impastare-in-betulla\/\" \/>\n<meta property=\"og:site_name\" content=\"Sapori Nostri\" \/>\n<meta property=\"article:publisher\" content=\"https:\/\/www.facebook.com\/saporinostri.it\/\" \/>\n<meta property=\"article:modified_time\" content=\"2026-02-09T14:33:45+00:00\" \/>\n<meta property=\"og:image\" content=\"https:\/\/www.saporinostri.it\/wp-content\/uploads\/2020\/05\/tavola-per-impastare-betulla.jpg\" \/>\n\t<meta property=\"og:image:width\" content=\"1000\" \/>\n\t<meta property=\"og:image:height\" content=\"1000\" \/>\n\t<meta property=\"og:image:type\" content=\"image\/jpeg\" \/>\n<meta name=\"twitter:card\" content=\"summary_large_image\" \/>\n<meta name=\"twitter:label1\" content=\"Prix\" \/>\n\t<meta name=\"twitter:data1\" content=\"&euro;17,99\" \/>\n\t<meta name=\"twitter:label2\" content=\"Disponibilit\u00e9\" \/>\n\t<meta name=\"twitter:data2\" content=\"Rupture de stock\" \/>\n<script type=\"application\/ld+json\" class=\"yoast-schema-graph\">{\"@context\":\"https:\\\/\\\/schema.org\",\"@graph\":[{\"@type\":\"WebPage\",\"@id\":\"https:\\\/\\\/www.saporinostri.it\\\/tavola-per-impastare-in-betulla\\\/\",\"url\":\"https:\\\/\\\/www.saporinostri.it\\\/tavola-per-impastare-in-betulla\\\/\",\"name\":\"Tavola per Impastare in Betulla 60x40 cm - Sapori Nostri\",\"isPartOf\":{\"@id\":\"https:\\\/\\\/www.saporinostri.it\\\/#website\"},\"primaryImageOfPage\":{\"@id\":\"https:\\\/\\\/www.saporinostri.it\\\/tavola-per-impastare-in-betulla\\\/#primaryimage\"},\"image\":{\"@id\":\"https:\\\/\\\/www.saporinostri.it\\\/tavola-per-impastare-in-betulla\\\/#primaryimage\"},\"thumbnailUrl\":\"https:\\\/\\\/www.saporinostri.it\\\/wp-content\\\/uploads\\\/2020\\\/05\\\/tavola-per-impastare-betulla.jpg\",\"datePublished\":\"2020-05-23T23:52:31+00:00\",\"dateModified\":\"2026-02-09T14:33:45+00:00\",\"description\":\"Tavola per impastare in multistrato di Betulla, dotata di battente sottostante antiscivolo, indicata per la lavorazione di carne, pasta, dolci, pizza e pane\",\"breadcrumb\":{\"@id\":\"https:\\\/\\\/www.saporinostri.it\\\/tavola-per-impastare-in-betulla\\\/#breadcrumb\"},\"inLanguage\":\"fr-FR\",\"potentialAction\":[{\"@type\":\"ReadAction\",\"target\":[\"https:\\\/\\\/www.saporinostri.it\\\/tavola-per-impastare-in-betulla\\\/\"]}]},{\"@type\":\"ImageObject\",\"inLanguage\":\"fr-FR\",\"@id\":\"https:\\\/\\\/www.saporinostri.it\\\/tavola-per-impastare-in-betulla\\\/#primaryimage\",\"url\":\"https:\\\/\\\/www.saporinostri.it\\\/wp-content\\\/uploads\\\/2020\\\/05\\\/tavola-per-impastare-betulla.jpg\",\"contentUrl\":\"https:\\\/\\\/www.saporinostri.it\\\/wp-content\\\/uploads\\\/2020\\\/05\\\/tavola-per-impastare-betulla.jpg\",\"width\":1000,\"height\":1000,\"caption\":\"Tavola per Impastare in Multistrato di Betulla\"},{\"@type\":\"BreadcrumbList\",\"@id\":\"https:\\\/\\\/www.saporinostri.it\\\/tavola-per-impastare-in-betulla\\\/#breadcrumb\",\"itemListElement\":[{\"@type\":\"ListItem\",\"position\":1,\"name\":\"Home\",\"item\":\"https:\\\/\\\/www.saporinostri.it\\\/\"},{\"@type\":\"ListItem\",\"position\":2,\"name\":\"Shop\",\"item\":\"https:\\\/\\\/www.saporinostri.it\\\/fr\\\/shop\\\/\"},{\"@type\":\"ListItem\",\"position\":3,\"name\":\"Tavola per Impastare in Betulla 60&#215;40 cm\"}]},{\"@type\":\"WebSite\",\"@id\":\"https:\\\/\\\/www.saporinostri.it\\\/#website\",\"url\":\"https:\\\/\\\/www.saporinostri.it\\\/\",\"name\":\"Sapori Nostri\",\"description\":\"\",\"publisher\":{\"@id\":\"https:\\\/\\\/www.saporinostri.it\\\/#organization\"},\"potentialAction\":[{\"@type\":\"SearchAction\",\"target\":{\"@type\":\"EntryPoint\",\"urlTemplate\":\"https:\\\/\\\/www.saporinostri.it\\\/?s={search_term_string}\"},\"query-input\":{\"@type\":\"PropertyValueSpecification\",\"valueRequired\":true,\"valueName\":\"search_term_string\"}}],\"inLanguage\":\"fr-FR\"},{\"@type\":\"Organization\",\"@id\":\"https:\\\/\\\/www.saporinostri.it\\\/#organization\",\"name\":\"Sapori Nostri\",\"url\":\"https:\\\/\\\/www.saporinostri.it\\\/\",\"logo\":{\"@type\":\"ImageObject\",\"inLanguage\":\"fr-FR\",\"@id\":\"https:\\\/\\\/www.saporinostri.it\\\/#\\\/schema\\\/logo\\\/image\\\/\",\"url\":\"https:\\\/\\\/www.saporinostri.it\\\/wp-content\\\/uploads\\\/2020\\\/05\\\/logo-retina.png\",\"contentUrl\":\"https:\\\/\\\/www.saporinostri.it\\\/wp-content\\\/uploads\\\/2020\\\/05\\\/logo-retina.png\",\"width\":500,\"height\":109,\"caption\":\"Sapori Nostri\"},\"image\":{\"@id\":\"https:\\\/\\\/www.saporinostri.it\\\/#\\\/schema\\\/logo\\\/image\\\/\"},\"sameAs\":[\"https:\\\/\\\/www.facebook.com\\\/saporinostri.it\\\/\",\"https:\\\/\\\/www.instagram.com\\\/saporinostri.it\\\/\"]}]}<\/script>\n<meta property=\"product:brand\" content=\"Checco\" \/>\n<meta property=\"product:price:amount\" content=\"17.99\" \/>\n<meta property=\"product:price:currency\" content=\"EUR\" \/>\n<meta property=\"og:availability\" content=\"out of stock\" \/>\n<meta property=\"product:availability\" content=\"out of stock\" \/>\n<meta property=\"product:condition\" content=\"new\" \/>\n<!-- \/ Yoast SEO Premium plugin. -->","yoast_head_json":{"title":"Planche \u00e0 M\u00e9langer Bouleau 60x40 cm - Sapori Nostra","description":"Planche \u00e0 p\u00e9trir en contreplaqu\u00e9 de bouleau, \u00e9quip\u00e9e d&#039;une porte antid\u00e9rapante sous-jacente, adapt\u00e9e au traitement de la viande, des p\u00e2tes, des desserts, de la pizza et du pain","robots":{"index":"index","follow":"follow","max-snippet":"max-snippet:-1","max-image-preview":"max-image-preview:large","max-video-preview":"max-video-preview:-1"},"canonical":"https:\/\/www.saporinostri.it\/fr\/tavola-per-impastare-in-betulla\/","og_locale":"fr_FR","og_type":"article","og_title":"Tavola per Impastare in Betulla 60x40 cm","og_description":"Tavola per impastare in multistrato di Betulla, dotata di battente sottostante antiscivolo, indicata per la lavorazione di carne, pasta, dolci, pizza e pane","og_url":"https:\/\/www.saporinostri.it\/fr\/tavola-per-impastare-in-betulla\/","og_site_name":"Sapori Nostri","article_publisher":"https:\/\/www.facebook.com\/saporinostri.it\/","article_modified_time":"2026-02-09T14:33:45+00:00","og_image":[{"width":1000,"height":1000,"url":"https:\/\/www.saporinostri.it\/wp-content\/uploads\/2020\/05\/tavola-per-impastare-betulla.jpg","type":"image\/jpeg"}],"twitter_card":"summary_large_image","twitter_misc":{"Prix":"&euro;17,99","Disponibilit\u00e9":"Rupture de stock"},"schema":{"@context":"https:\/\/schema.org","@graph":[{"@type":"WebPage","@id":"https:\/\/www.saporinostri.it\/tavola-per-impastare-in-betulla\/","url":"https:\/\/www.saporinostri.it\/tavola-per-impastare-in-betulla\/","name":"Planche \u00e0 M\u00e9langer Bouleau 60x40 cm - Sapori Nostra","isPartOf":{"@id":"https:\/\/www.saporinostri.it\/#website"},"primaryImageOfPage":{"@id":"https:\/\/www.saporinostri.it\/tavola-per-impastare-in-betulla\/#primaryimage"},"image":{"@id":"https:\/\/www.saporinostri.it\/tavola-per-impastare-in-betulla\/#primaryimage"},"thumbnailUrl":"https:\/\/www.saporinostri.it\/wp-content\/uploads\/2020\/05\/tavola-per-impastare-betulla.jpg","datePublished":"2020-05-23T23:52:31+00:00","dateModified":"2026-02-09T14:33:45+00:00","description":"Planche \u00e0 p\u00e9trir en contreplaqu\u00e9 de bouleau, \u00e9quip\u00e9e d&#039;une porte antid\u00e9rapante sous-jacente, adapt\u00e9e au traitement de la viande, des p\u00e2tes, des desserts, de la pizza et du pain","breadcrumb":{"@id":"https:\/\/www.saporinostri.it\/tavola-per-impastare-in-betulla\/#breadcrumb"},"inLanguage":"fr-FR","potentialAction":[{"@type":"ReadAction","target":["https:\/\/www.saporinostri.it\/tavola-per-impastare-in-betulla\/"]}]},{"@type":"ImageObject","inLanguage":"fr-FR","@id":"https:\/\/www.saporinostri.it\/tavola-per-impastare-in-betulla\/#primaryimage","url":"https:\/\/www.saporinostri.it\/wp-content\/uploads\/2020\/05\/tavola-per-impastare-betulla.jpg","contentUrl":"https:\/\/www.saporinostri.it\/wp-content\/uploads\/2020\/05\/tavola-per-impastare-betulla.jpg","width":1000,"height":1000,"caption":"Tavola per Impastare in Multistrato di Betulla"},{"@type":"BreadcrumbList","@id":"https:\/\/www.saporinostri.it\/tavola-per-impastare-in-betulla\/#breadcrumb","itemListElement":[{"@type":"ListItem","position":1,"name":"Home","item":"https:\/\/www.saporinostri.it\/"},{"@type":"ListItem","position":2,"name":"Shop","item":"https:\/\/www.saporinostri.it\/fr\/shop\/"},{"@type":"ListItem","position":3,"name":"Tavola per Impastare in Betulla 60&#215;40 cm"}]},{"@type":"WebSite","@id":"https:\/\/www.saporinostri.it\/#website","url":"https:\/\/www.saporinostri.it\/","name":"Sapori Nostri","description":"","publisher":{"@id":"https:\/\/www.saporinostri.it\/#organization"},"potentialAction":[{"@type":"SearchAction","target":{"@type":"EntryPoint","urlTemplate":"https:\/\/www.saporinostri.it\/?s={search_term_string}"},"query-input":{"@type":"PropertyValueSpecification","valueRequired":true,"valueName":"search_term_string"}}],"inLanguage":"fr-FR"},{"@type":"Organization","@id":"https:\/\/www.saporinostri.it\/#organization","name":"Sapori Nostri","url":"https:\/\/www.saporinostri.it\/","logo":{"@type":"ImageObject","inLanguage":"fr-FR","@id":"https:\/\/www.saporinostri.it\/#\/schema\/logo\/image\/","url":"https:\/\/www.saporinostri.it\/wp-content\/uploads\/2020\/05\/logo-retina.png","contentUrl":"https:\/\/www.saporinostri.it\/wp-content\/uploads\/2020\/05\/logo-retina.png","width":500,"height":109,"caption":"Sapori Nostri"},"image":{"@id":"https:\/\/www.saporinostri.it\/#\/schema\/logo\/image\/"},"sameAs":["https:\/\/www.facebook.com\/saporinostri.it\/","https:\/\/www.instagram.com\/saporinostri.it\/"]}]},"product_brand":"Checco","product_price_amount":"17.99","product_price_currency":"EUR","og_availability":"out of stock","product_availability":"out of stock","product_condition":"new"},"jetpack_sharing_enabled":true,"brands":[{"id":157,"name":"Checco","slug":"checco"}],"_links":{"self":[{"href":"https:\/\/www.saporinostri.it\/fr\/wp-json\/wp\/v2\/product\/2424","targetHints":{"allow":["GET"]}}],"collection":[{"href":"https:\/\/www.saporinostri.it\/fr\/wp-json\/wp\/v2\/product"}],"about":[{"href":"https:\/\/www.saporinostri.it\/fr\/wp-json\/wp\/v2\/types\/product"}],"replies":[{"embeddable":true,"href":"https:\/\/www.saporinostri.it\/fr\/wp-json\/wp\/v2\/comments?post=2424"}],"wp:featuredmedia":[{"embeddable":true,"href":"https:\/\/www.saporinostri.it\/fr\/wp-json\/wp\/v2\/media\/2425"}],"wp:attachment":[{"href":"https:\/\/www.saporinostri.it\/fr\/wp-json\/wp\/v2\/media?parent=2424"}],"wp:term":[{"taxonomy":"pwb-brand","embeddable":true,"href":"https:\/\/www.saporinostri.it\/fr\/wp-json\/wp\/v2\/pwb-brand?post=2424"},{"taxonomy":"product_brand","embeddable":true,"href":"https:\/\/www.saporinostri.it\/fr\/wp-json\/wp\/v2\/product_brand?post=2424"},{"taxonomy":"product_cat","embeddable":true,"href":"https:\/\/www.saporinostri.it\/fr\/wp-json\/wp\/v2\/product_cat?post=2424"},{"taxonomy":"product_tag","embeddable":true,"href":"https:\/\/www.saporinostri.it\/fr\/wp-json\/wp\/v2\/product_tag?post=2424"}],"curies":[{"name":"wp","href":"https:\/\/api.w.org\/{rel}","templated":true}]}}