{"id":28641,"date":"2024-06-05T10:10:35","date_gmt":"2024-06-05T08:10:35","guid":{"rendered":"https:\/\/www.saporinostri.it\/?post_type=product&#038;p=28641"},"modified":"2026-03-02T12:23:18","modified_gmt":"2026-03-02T11:23:18","slug":"fleur-de-sel-125g","status":"publish","type":"product","link":"https:\/\/www.saporinostri.it\/fr\/fleur-de-sel-125g\/","title":{"rendered":"Fleur De Sel De Camargue 125g"},"content":{"rendered":"<p>Le Sel de Camargue IGP ou <strong>Fleur de sel<\/strong> <strong>de Camargue<\/strong> L&#039;IGP d\u00e9signe les sels marins, produits par l&#039;\u00e9vaporation naturelle de l&#039;eau de mer et qui cristallisent uniquement gr\u00e2ce \u00e0 l&#039;action du soleil et du vent.<\/p>\n<p>Ce<strong><em> fleur de sel<\/em><\/strong><em>,<\/em> comme son nom l&#039;indique d\u00e9j\u00e0, c&#039;est un produit des salines de Camargue, un <strong>sel de mer naturel au 100%<\/strong> tr\u00e8s rare et pr\u00e9cieux et a un go\u00fbt incomparablement authentique. C&#039;est pr\u00e9cis\u00e9ment parce qu&#039;il est si pr\u00e9cieux qu&#039;on l&#039;appelle aussi <strong>&quot;le caviar de sel&quot;<\/strong>.<\/p>\n<p>La Fleur de Sel de Camargue est le sel de <em>gourmet<\/em> par excellence. Il a une texture merveilleuse, d\u00e9licate et croquante. Ces cristaux de sel fondent litt\u00e9ralement sur la langue. Ils ont un go\u00fbt sal\u00e9 pur et offrent une exp\u00e9rience saline unique lorsqu&#039;ils sont consomm\u00e9s.<\/p>\n<p>L\u00e0 <em>marais salant<\/em> il mesure 18 kilom\u00e8tres de long du nord au sud et 13 kilom\u00e8tres de large d&#039;est en ouest. <strong>Plus de 340 kilom\u00e8tres<\/strong> des routes et des chemins <strong>traverser 8 000 hectares<\/strong>, une superficie \u00e9gale \u00e0 la taille de Paris.<\/p>","protected":false},"excerpt":{"rendered":"<p>La Fleur de sel de Camargue<em> IGP<\/em>\u00a0 fait r\u00e9f\u00e9rence \u00e0 <b>\u00a0sels de mer,<\/b> produits \u00e0 travers<span style=\"text-decoration: underline;\"><em> l&#039;\u00e9vaporation naturelle de l&#039;eau de mer<\/em> <\/span>et qui se cristallisent uniquement gr\u00e2ce \u00e0 l&#039;action du soleil et du vent.<\/p>","protected":false},"featured_media":28650,"comment_status":"open","ping_status":"closed","template":"","meta":{"_acf_changed":false,"inline_featured_image":false,"wprm-recipe-roundup-name":"","wprm-recipe-roundup-description":"","_monsterinsights_skip_tracking":false,"_monsterinsights_sitenote_active":false,"_monsterinsights_sitenote_note":"","_monsterinsights_sitenote_category":0},"pwb-brand":[672],"product_brand":[],"product_cat":[645],"product_tag":[],"class_list":{"0":"post-28641","1":"product","2":"type-product","3":"status-publish","4":"has-post-thumbnail","6":"pwb-brand-le-saunier-de-camargue","7":"product_cat-gourmet","8":"product_shipping_class-iva-22","10":"first","11":"instock","12":"sale","13":"taxable","14":"shipping-taxable","15":"purchasable","16":"product-type-simple"},"acf":[],"yoast_head":"<!-- This site is optimized with the Yoast SEO Premium plugin v23.7 (Yoast SEO v27.3) - https:\/\/yoast.com\/product\/yoast-seo-premium-wordpress\/ -->\n<title>Fleur De Sel De Camargue 125g - Sapori Nostri<\/title>\n<meta name=\"description\" content=\"Fiore di Sale Camargue, il fiore del sale per gourmet della Francia chiamato in loco Fleur de Sel o &quot;Caviale del Sale&quot;. Sale marino naturale al 100%\" \/>\n<meta name=\"robots\" content=\"index, follow, max-snippet:-1, max-image-preview:large, max-video-preview:-1\" \/>\n<link rel=\"canonical\" href=\"https:\/\/www.saporinostri.it\/fr\/fleur-de-sel-125g\/\" \/>\n<meta property=\"og:locale\" content=\"fr_FR\" \/>\n<meta property=\"og:type\" content=\"article\" \/>\n<meta property=\"og:title\" content=\"Fleur De Sel De Camargue 125g\" \/>\n<meta property=\"og:description\" content=\"Fiore di Sale Camargue, il fiore del sale per gourmet della Francia chiamato in loco Fleur de Sel o &quot;Caviale del Sale&quot;. Sale marino naturale al 100%\" \/>\n<meta property=\"og:url\" content=\"https:\/\/www.saporinostri.it\/fr\/fleur-de-sel-125g\/\" \/>\n<meta property=\"og:site_name\" content=\"Sapori Nostri\" \/>\n<meta property=\"article:publisher\" content=\"https:\/\/www.facebook.com\/saporinostri.it\/\" \/>\n<meta property=\"article:modified_time\" content=\"2026-03-02T11:23:18+00:00\" \/>\n<meta property=\"og:image\" content=\"https:\/\/www.saporinostri.it\/wp-content\/uploads\/2024\/06\/Immagine-WhatsApp-2024-06-05-ore-11.32.04_6f2eb610.jpg\" \/>\n\t<meta property=\"og:image:width\" content=\"805\" \/>\n\t<meta property=\"og:image:height\" content=\"935\" \/>\n\t<meta property=\"og:image:type\" content=\"image\/jpeg\" \/>\n<meta name=\"twitter:card\" content=\"summary_large_image\" \/>\n<meta name=\"twitter:label1\" content=\"Prix\" \/>\n\t<meta name=\"twitter:data1\" content=\"&euro;4,99\" \/>\n\t<meta name=\"twitter:label2\" content=\"Disponibilit\u00e9\" \/>\n\t<meta name=\"twitter:data2\" content=\"En stock\" \/>\n<script type=\"application\/ld+json\" class=\"yoast-schema-graph\">{\"@context\":\"https:\\\/\\\/schema.org\",\"@graph\":[{\"@type\":\"WebPage\",\"@id\":\"https:\\\/\\\/www.saporinostri.it\\\/fleur-de-sel-125g\\\/\",\"url\":\"https:\\\/\\\/www.saporinostri.it\\\/fleur-de-sel-125g\\\/\",\"name\":\"Fleur De Sel De Camargue 125g - Sapori Nostri\",\"isPartOf\":{\"@id\":\"https:\\\/\\\/www.saporinostri.it\\\/#website\"},\"primaryImageOfPage\":{\"@id\":\"https:\\\/\\\/www.saporinostri.it\\\/fleur-de-sel-125g\\\/#primaryimage\"},\"image\":{\"@id\":\"https:\\\/\\\/www.saporinostri.it\\\/fleur-de-sel-125g\\\/#primaryimage\"},\"thumbnailUrl\":\"https:\\\/\\\/www.saporinostri.it\\\/wp-content\\\/uploads\\\/2024\\\/06\\\/Immagine-WhatsApp-2024-06-05-ore-11.32.04_6f2eb610.jpg\",\"datePublished\":\"2024-06-05T08:10:35+00:00\",\"dateModified\":\"2026-03-02T11:23:18+00:00\",\"description\":\"Fiore di Sale Camargue, il fiore del sale per gourmet della Francia chiamato in loco Fleur de Sel o \\\"Caviale del Sale\\\". Sale marino naturale al 100%\",\"breadcrumb\":{\"@id\":\"https:\\\/\\\/www.saporinostri.it\\\/fleur-de-sel-125g\\\/#breadcrumb\"},\"inLanguage\":\"fr-FR\",\"potentialAction\":[{\"@type\":\"ReadAction\",\"target\":[\"https:\\\/\\\/www.saporinostri.it\\\/fleur-de-sel-125g\\\/\"]}]},{\"@type\":\"ImageObject\",\"inLanguage\":\"fr-FR\",\"@id\":\"https:\\\/\\\/www.saporinostri.it\\\/fleur-de-sel-125g\\\/#primaryimage\",\"url\":\"https:\\\/\\\/www.saporinostri.it\\\/wp-content\\\/uploads\\\/2024\\\/06\\\/Immagine-WhatsApp-2024-06-05-ore-11.32.04_6f2eb610.jpg\",\"contentUrl\":\"https:\\\/\\\/www.saporinostri.it\\\/wp-content\\\/uploads\\\/2024\\\/06\\\/Immagine-WhatsApp-2024-06-05-ore-11.32.04_6f2eb610.jpg\",\"width\":805,\"height\":935},{\"@type\":\"BreadcrumbList\",\"@id\":\"https:\\\/\\\/www.saporinostri.it\\\/fleur-de-sel-125g\\\/#breadcrumb\",\"itemListElement\":[{\"@type\":\"ListItem\",\"position\":1,\"name\":\"Home\",\"item\":\"https:\\\/\\\/www.saporinostri.it\\\/\"},{\"@type\":\"ListItem\",\"position\":2,\"name\":\"Shop\",\"item\":\"https:\\\/\\\/www.saporinostri.it\\\/fr\\\/shop\\\/\"},{\"@type\":\"ListItem\",\"position\":3,\"name\":\"Fleur De Sel De Camargue 125g\"}]},{\"@type\":\"WebSite\",\"@id\":\"https:\\\/\\\/www.saporinostri.it\\\/#website\",\"url\":\"https:\\\/\\\/www.saporinostri.it\\\/\",\"name\":\"Sapori Nostri\",\"description\":\"\",\"publisher\":{\"@id\":\"https:\\\/\\\/www.saporinostri.it\\\/#organization\"},\"potentialAction\":[{\"@type\":\"SearchAction\",\"target\":{\"@type\":\"EntryPoint\",\"urlTemplate\":\"https:\\\/\\\/www.saporinostri.it\\\/?s={search_term_string}\"},\"query-input\":{\"@type\":\"PropertyValueSpecification\",\"valueRequired\":true,\"valueName\":\"search_term_string\"}}],\"inLanguage\":\"fr-FR\"},{\"@type\":\"Organization\",\"@id\":\"https:\\\/\\\/www.saporinostri.it\\\/#organization\",\"name\":\"Sapori Nostri\",\"url\":\"https:\\\/\\\/www.saporinostri.it\\\/\",\"logo\":{\"@type\":\"ImageObject\",\"inLanguage\":\"fr-FR\",\"@id\":\"https:\\\/\\\/www.saporinostri.it\\\/#\\\/schema\\\/logo\\\/image\\\/\",\"url\":\"https:\\\/\\\/www.saporinostri.it\\\/wp-content\\\/uploads\\\/2020\\\/05\\\/logo-retina.png\",\"contentUrl\":\"https:\\\/\\\/www.saporinostri.it\\\/wp-content\\\/uploads\\\/2020\\\/05\\\/logo-retina.png\",\"width\":500,\"height\":109,\"caption\":\"Sapori Nostri\"},\"image\":{\"@id\":\"https:\\\/\\\/www.saporinostri.it\\\/#\\\/schema\\\/logo\\\/image\\\/\"},\"sameAs\":[\"https:\\\/\\\/www.facebook.com\\\/saporinostri.it\\\/\",\"https:\\\/\\\/www.instagram.com\\\/saporinostri.it\\\/\"]}]}<\/script>\n<meta property=\"product:brand\" content=\"Le Saunier De Camargue\" \/>\n<meta property=\"product:price:amount\" content=\"4.99\" \/>\n<meta property=\"product:price:currency\" content=\"EUR\" \/>\n<meta property=\"og:availability\" content=\"instock\" \/>\n<meta property=\"product:availability\" content=\"instock\" \/>\n<meta property=\"product:retailer_item_id\" content=\"3183280003491\" \/>\n<meta property=\"product:condition\" content=\"new\" \/>\n<!-- \/ Yoast SEO Premium plugin. -->","yoast_head_json":{"title":"Fleur De Sel De Camargue 125g - Sapori Nostri","description":"Fleur de Sel de Camargue, la fleur de sel gourmande de France appel\u00e9e localement Fleur de Sel ou &quot;Caviar de Sel&quot;. Sel de mer naturel au 100%","robots":{"index":"index","follow":"follow","max-snippet":"max-snippet:-1","max-image-preview":"max-image-preview:large","max-video-preview":"max-video-preview:-1"},"canonical":"https:\/\/www.saporinostri.it\/fr\/fleur-de-sel-125g\/","og_locale":"fr_FR","og_type":"article","og_title":"Fleur De Sel De Camargue 125g","og_description":"Fiore di Sale Camargue, il fiore del sale per gourmet della Francia chiamato in loco Fleur de Sel o \"Caviale del Sale\". Sale marino naturale al 100%","og_url":"https:\/\/www.saporinostri.it\/fr\/fleur-de-sel-125g\/","og_site_name":"Sapori Nostri","article_publisher":"https:\/\/www.facebook.com\/saporinostri.it\/","article_modified_time":"2026-03-02T11:23:18+00:00","og_image":[{"width":805,"height":935,"url":"https:\/\/www.saporinostri.it\/wp-content\/uploads\/2024\/06\/Immagine-WhatsApp-2024-06-05-ore-11.32.04_6f2eb610.jpg","type":"image\/jpeg"}],"twitter_card":"summary_large_image","twitter_misc":{"Prix":"&euro;4,99","Disponibilit\u00e9":"En stock"},"schema":{"@context":"https:\/\/schema.org","@graph":[{"@type":"WebPage","@id":"https:\/\/www.saporinostri.it\/fleur-de-sel-125g\/","url":"https:\/\/www.saporinostri.it\/fleur-de-sel-125g\/","name":"Fleur De Sel De Camargue 125g - Sapori Nostri","isPartOf":{"@id":"https:\/\/www.saporinostri.it\/#website"},"primaryImageOfPage":{"@id":"https:\/\/www.saporinostri.it\/fleur-de-sel-125g\/#primaryimage"},"image":{"@id":"https:\/\/www.saporinostri.it\/fleur-de-sel-125g\/#primaryimage"},"thumbnailUrl":"https:\/\/www.saporinostri.it\/wp-content\/uploads\/2024\/06\/Immagine-WhatsApp-2024-06-05-ore-11.32.04_6f2eb610.jpg","datePublished":"2024-06-05T08:10:35+00:00","dateModified":"2026-03-02T11:23:18+00:00","description":"Fleur de Sel de Camargue, la fleur de sel gourmande de France appel\u00e9e localement Fleur de Sel ou &quot;Caviar de Sel&quot;. Sel de mer naturel au 100%","breadcrumb":{"@id":"https:\/\/www.saporinostri.it\/fleur-de-sel-125g\/#breadcrumb"},"inLanguage":"fr-FR","potentialAction":[{"@type":"ReadAction","target":["https:\/\/www.saporinostri.it\/fleur-de-sel-125g\/"]}]},{"@type":"ImageObject","inLanguage":"fr-FR","@id":"https:\/\/www.saporinostri.it\/fleur-de-sel-125g\/#primaryimage","url":"https:\/\/www.saporinostri.it\/wp-content\/uploads\/2024\/06\/Immagine-WhatsApp-2024-06-05-ore-11.32.04_6f2eb610.jpg","contentUrl":"https:\/\/www.saporinostri.it\/wp-content\/uploads\/2024\/06\/Immagine-WhatsApp-2024-06-05-ore-11.32.04_6f2eb610.jpg","width":805,"height":935},{"@type":"BreadcrumbList","@id":"https:\/\/www.saporinostri.it\/fleur-de-sel-125g\/#breadcrumb","itemListElement":[{"@type":"ListItem","position":1,"name":"Home","item":"https:\/\/www.saporinostri.it\/"},{"@type":"ListItem","position":2,"name":"Shop","item":"https:\/\/www.saporinostri.it\/fr\/shop\/"},{"@type":"ListItem","position":3,"name":"Fleur De Sel De Camargue 125g"}]},{"@type":"WebSite","@id":"https:\/\/www.saporinostri.it\/#website","url":"https:\/\/www.saporinostri.it\/","name":"Sapori Nostri","description":"","publisher":{"@id":"https:\/\/www.saporinostri.it\/#organization"},"potentialAction":[{"@type":"SearchAction","target":{"@type":"EntryPoint","urlTemplate":"https:\/\/www.saporinostri.it\/?s={search_term_string}"},"query-input":{"@type":"PropertyValueSpecification","valueRequired":true,"valueName":"search_term_string"}}],"inLanguage":"fr-FR"},{"@type":"Organization","@id":"https:\/\/www.saporinostri.it\/#organization","name":"Sapori Nostri","url":"https:\/\/www.saporinostri.it\/","logo":{"@type":"ImageObject","inLanguage":"fr-FR","@id":"https:\/\/www.saporinostri.it\/#\/schema\/logo\/image\/","url":"https:\/\/www.saporinostri.it\/wp-content\/uploads\/2020\/05\/logo-retina.png","contentUrl":"https:\/\/www.saporinostri.it\/wp-content\/uploads\/2020\/05\/logo-retina.png","width":500,"height":109,"caption":"Sapori Nostri"},"image":{"@id":"https:\/\/www.saporinostri.it\/#\/schema\/logo\/image\/"},"sameAs":["https:\/\/www.facebook.com\/saporinostri.it\/","https:\/\/www.instagram.com\/saporinostri.it\/"]}]},"product_brand":"Le Saunier De Camargue","product_price_amount":"4.99","product_price_currency":"EUR","og_availability":"instock","product_availability":"instock","product_retailer_item_id":"3183280003491","product_condition":"new"},"jetpack_sharing_enabled":true,"brands":[{"id":672,"name":"Le Saunier De Camargue","slug":"le-saunier-de-camargue"}],"_links":{"self":[{"href":"https:\/\/www.saporinostri.it\/fr\/wp-json\/wp\/v2\/product\/28641","targetHints":{"allow":["GET"]}}],"collection":[{"href":"https:\/\/www.saporinostri.it\/fr\/wp-json\/wp\/v2\/product"}],"about":[{"href":"https:\/\/www.saporinostri.it\/fr\/wp-json\/wp\/v2\/types\/product"}],"replies":[{"embeddable":true,"href":"https:\/\/www.saporinostri.it\/fr\/wp-json\/wp\/v2\/comments?post=28641"}],"wp:featuredmedia":[{"embeddable":true,"href":"https:\/\/www.saporinostri.it\/fr\/wp-json\/wp\/v2\/media\/28650"}],"wp:attachment":[{"href":"https:\/\/www.saporinostri.it\/fr\/wp-json\/wp\/v2\/media?parent=28641"}],"wp:term":[{"taxonomy":"pwb-brand","embeddable":true,"href":"https:\/\/www.saporinostri.it\/fr\/wp-json\/wp\/v2\/pwb-brand?post=28641"},{"taxonomy":"product_brand","embeddable":true,"href":"https:\/\/www.saporinostri.it\/fr\/wp-json\/wp\/v2\/product_brand?post=28641"},{"taxonomy":"product_cat","embeddable":true,"href":"https:\/\/www.saporinostri.it\/fr\/wp-json\/wp\/v2\/product_cat?post=28641"},{"taxonomy":"product_tag","embeddable":true,"href":"https:\/\/www.saporinostri.it\/fr\/wp-json\/wp\/v2\/product_tag?post=28641"}],"curies":[{"name":"wp","href":"https:\/\/api.w.org\/{rel}","templated":true}]}}