{"id":30507,"date":"2024-11-08T18:29:23","date_gmt":"2024-11-08T17:29:23","guid":{"rendered":"https:\/\/www.saporinostri.it\/?post_type=product&#038;p=30507"},"modified":"2026-03-04T20:22:56","modified_gmt":"2026-03-04T19:22:56","slug":"fiocchi-di-sale-marino-affumicato-maldon-125g","status":"publish","type":"product","link":"https:\/\/www.saporinostri.it\/fr\/fiocchi-di-sale-marino-affumicato-maldon-125g\/","title":{"rendered":"Flocons de sel de mer fum\u00e9 Maldon 125g"},"content":{"rendered":"<p style=\"font-size: 1.1em; line-height: 1.3em; color: #333;\">Le sel de Maldon est produit depuis 1882.<\/p>\n<p style=\"font-size: 1.1em; line-height: 1.3em; color: #333;\">Des flocons de sel marin doux et croquants, l\u00e9g\u00e8rement fum\u00e9s au bois de ch\u00eane, pour ajouter une saveur unique, riche et raffin\u00e9e \u00e0 n&#039;importe quel plat.<\/p>\n<p>Contenant le bon m\u00e9lange de min\u00e9raux naturels, ils offrent la fra\u00eecheur intense et le go\u00fbt net qui peuvent rehausser n&#039;importe quel plat.<\/p>\n<p>Les cristaux en forme de pyramide de la marque sont reconnus dans le monde entier comme le meilleur sel marin anglais du march\u00e9. Nos flocons lib\u00e8rent leur salinit\u00e9 avec une douce pr\u00e9cision, donnant une intensit\u00e9 fra\u00eeche et un go\u00fbt net. Un ingr\u00e9dient tr\u00e8s polyvalent \u00e0 utiliser \u00e0 tout moment du processus de cuisson.<\/p>\n<h3><\/h3>","protected":false},"excerpt":{"rendered":"<p>Des flocons de sel de mer doux et croquants, l\u00e9g\u00e8rement fum\u00e9s au bois de ch\u00eane, pour ajouter une saveur unique \u00e0 n&#039;importe quel plat.<\/p>","protected":false},"featured_media":30508,"comment_status":"open","ping_status":"closed","template":"","meta":{"_acf_changed":false,"inline_featured_image":false,"wprm-recipe-roundup-name":"","wprm-recipe-roundup-description":"","_monsterinsights_skip_tracking":false,"_monsterinsights_sitenote_active":false,"_monsterinsights_sitenote_note":"","_monsterinsights_sitenote_category":0},"pwb-brand":[661],"product_brand":[],"product_cat":[645],"product_tag":[],"class_list":{"0":"post-30507","1":"product","2":"type-product","3":"status-publish","4":"has-post-thumbnail","6":"pwb-brand-maldon","7":"product_cat-gourmet","9":"first","10":"instock","11":"sale","12":"taxable","13":"shipping-taxable","14":"purchasable","15":"product-type-simple"},"acf":[],"yoast_head":"<!-- This site is optimized with the Yoast SEO Premium plugin v23.7 (Yoast SEO v27.3) - https:\/\/yoast.com\/product\/yoast-seo-premium-wordpress\/ -->\n<title>Fiocchi di Sale Marino Affumicato Maldon 125g - Sapori Nostri<\/title>\n<meta name=\"description\" content=\"Fiocchi di sale marino morbidi e croccanti, lievemente affumicato con legno di quercia, per aggiungere a qualsiasi piatto un sapore unico.\" \/>\n<meta name=\"robots\" content=\"index, follow, max-snippet:-1, max-image-preview:large, max-video-preview:-1\" \/>\n<link rel=\"canonical\" href=\"https:\/\/www.saporinostri.it\/fr\/fiocchi-di-sale-marino-affumicato-maldon-125g\/\" \/>\n<meta property=\"og:locale\" content=\"fr_FR\" \/>\n<meta property=\"og:type\" content=\"article\" \/>\n<meta property=\"og:title\" content=\"Fiocchi di Sale Marino Affumicato Maldon 125g\" \/>\n<meta property=\"og:description\" content=\"Fiocchi di sale marino morbidi e croccanti, lievemente affumicato con legno di quercia, per aggiungere a qualsiasi piatto un sapore unico.\" \/>\n<meta property=\"og:url\" content=\"https:\/\/www.saporinostri.it\/fr\/fiocchi-di-sale-marino-affumicato-maldon-125g\/\" \/>\n<meta property=\"og:site_name\" content=\"Sapori Nostri\" \/>\n<meta property=\"article:publisher\" content=\"https:\/\/www.facebook.com\/saporinostri.it\/\" \/>\n<meta property=\"article:modified_time\" content=\"2026-03-04T19:22:56+00:00\" \/>\n<meta property=\"og:image\" content=\"https:\/\/www.saporinostri.it\/wp-content\/uploads\/2024\/11\/sale-di-maldon-g125-affumicato.jpg\" \/>\n\t<meta property=\"og:image:width\" content=\"800\" \/>\n\t<meta property=\"og:image:height\" content=\"889\" \/>\n\t<meta property=\"og:image:type\" content=\"image\/jpeg\" \/>\n<meta name=\"twitter:card\" content=\"summary_large_image\" \/>\n<meta name=\"twitter:label1\" content=\"Prix\" \/>\n\t<meta name=\"twitter:data1\" content=\"&euro;5,49\" \/>\n\t<meta name=\"twitter:label2\" content=\"Disponibilit\u00e9\" \/>\n\t<meta name=\"twitter:data2\" content=\"En stock\" \/>\n<script type=\"application\/ld+json\" class=\"yoast-schema-graph\">{\"@context\":\"https:\\\/\\\/schema.org\",\"@graph\":[{\"@type\":\"WebPage\",\"@id\":\"https:\\\/\\\/www.saporinostri.it\\\/fiocchi-di-sale-marino-affumicato-maldon-125g\\\/\",\"url\":\"https:\\\/\\\/www.saporinostri.it\\\/fiocchi-di-sale-marino-affumicato-maldon-125g\\\/\",\"name\":\"Fiocchi di Sale Marino Affumicato Maldon 125g - Sapori Nostri\",\"isPartOf\":{\"@id\":\"https:\\\/\\\/www.saporinostri.it\\\/#website\"},\"primaryImageOfPage\":{\"@id\":\"https:\\\/\\\/www.saporinostri.it\\\/fiocchi-di-sale-marino-affumicato-maldon-125g\\\/#primaryimage\"},\"image\":{\"@id\":\"https:\\\/\\\/www.saporinostri.it\\\/fiocchi-di-sale-marino-affumicato-maldon-125g\\\/#primaryimage\"},\"thumbnailUrl\":\"https:\\\/\\\/www.saporinostri.it\\\/wp-content\\\/uploads\\\/2024\\\/11\\\/sale-di-maldon-g125-affumicato.jpg\",\"datePublished\":\"2024-11-08T17:29:23+00:00\",\"dateModified\":\"2026-03-04T19:22:56+00:00\",\"description\":\"Fiocchi di sale marino morbidi e croccanti, lievemente affumicato con legno di quercia, per aggiungere a qualsiasi piatto un sapore unico.\",\"breadcrumb\":{\"@id\":\"https:\\\/\\\/www.saporinostri.it\\\/fiocchi-di-sale-marino-affumicato-maldon-125g\\\/#breadcrumb\"},\"inLanguage\":\"fr-FR\",\"potentialAction\":[{\"@type\":\"ReadAction\",\"target\":[\"https:\\\/\\\/www.saporinostri.it\\\/fiocchi-di-sale-marino-affumicato-maldon-125g\\\/\"]}]},{\"@type\":\"ImageObject\",\"inLanguage\":\"fr-FR\",\"@id\":\"https:\\\/\\\/www.saporinostri.it\\\/fiocchi-di-sale-marino-affumicato-maldon-125g\\\/#primaryimage\",\"url\":\"https:\\\/\\\/www.saporinostri.it\\\/wp-content\\\/uploads\\\/2024\\\/11\\\/sale-di-maldon-g125-affumicato.jpg\",\"contentUrl\":\"https:\\\/\\\/www.saporinostri.it\\\/wp-content\\\/uploads\\\/2024\\\/11\\\/sale-di-maldon-g125-affumicato.jpg\",\"width\":800,\"height\":889},{\"@type\":\"BreadcrumbList\",\"@id\":\"https:\\\/\\\/www.saporinostri.it\\\/fiocchi-di-sale-marino-affumicato-maldon-125g\\\/#breadcrumb\",\"itemListElement\":[{\"@type\":\"ListItem\",\"position\":1,\"name\":\"Home\",\"item\":\"https:\\\/\\\/www.saporinostri.it\\\/\"},{\"@type\":\"ListItem\",\"position\":2,\"name\":\"Shop\",\"item\":\"https:\\\/\\\/www.saporinostri.it\\\/fr\\\/shop\\\/\"},{\"@type\":\"ListItem\",\"position\":3,\"name\":\"Fiocchi di Sale Marino Affumicato Maldon 125g\"}]},{\"@type\":\"WebSite\",\"@id\":\"https:\\\/\\\/www.saporinostri.it\\\/#website\",\"url\":\"https:\\\/\\\/www.saporinostri.it\\\/\",\"name\":\"Sapori Nostri\",\"description\":\"\",\"publisher\":{\"@id\":\"https:\\\/\\\/www.saporinostri.it\\\/#organization\"},\"potentialAction\":[{\"@type\":\"SearchAction\",\"target\":{\"@type\":\"EntryPoint\",\"urlTemplate\":\"https:\\\/\\\/www.saporinostri.it\\\/?s={search_term_string}\"},\"query-input\":{\"@type\":\"PropertyValueSpecification\",\"valueRequired\":true,\"valueName\":\"search_term_string\"}}],\"inLanguage\":\"fr-FR\"},{\"@type\":\"Organization\",\"@id\":\"https:\\\/\\\/www.saporinostri.it\\\/#organization\",\"name\":\"Sapori Nostri\",\"url\":\"https:\\\/\\\/www.saporinostri.it\\\/\",\"logo\":{\"@type\":\"ImageObject\",\"inLanguage\":\"fr-FR\",\"@id\":\"https:\\\/\\\/www.saporinostri.it\\\/#\\\/schema\\\/logo\\\/image\\\/\",\"url\":\"https:\\\/\\\/www.saporinostri.it\\\/wp-content\\\/uploads\\\/2020\\\/05\\\/logo-retina.png\",\"contentUrl\":\"https:\\\/\\\/www.saporinostri.it\\\/wp-content\\\/uploads\\\/2020\\\/05\\\/logo-retina.png\",\"width\":500,\"height\":109,\"caption\":\"Sapori Nostri\"},\"image\":{\"@id\":\"https:\\\/\\\/www.saporinostri.it\\\/#\\\/schema\\\/logo\\\/image\\\/\"},\"sameAs\":[\"https:\\\/\\\/www.facebook.com\\\/saporinostri.it\\\/\",\"https:\\\/\\\/www.instagram.com\\\/saporinostri.it\\\/\"]}]}<\/script>\n<meta property=\"product:brand\" content=\"Maldon\" \/>\n<meta property=\"product:price:amount\" content=\"5.49\" \/>\n<meta property=\"product:price:currency\" content=\"EUR\" \/>\n<meta property=\"og:availability\" content=\"instock\" \/>\n<meta property=\"product:availability\" content=\"instock\" \/>\n<meta property=\"product:retailer_item_id\" content=\"5011428300028\" \/>\n<meta property=\"product:condition\" content=\"new\" \/>\n<!-- \/ Yoast SEO Premium plugin. -->","yoast_head_json":{"title":"Flocons de sel de mer fum\u00e9 Maldon 125g - Sapori Nostri","description":"Des flocons de sel de mer doux et croquants, l\u00e9g\u00e8rement fum\u00e9s au bois de ch\u00eane, pour ajouter une saveur unique \u00e0 n&#039;importe quel plat.","robots":{"index":"index","follow":"follow","max-snippet":"max-snippet:-1","max-image-preview":"max-image-preview:large","max-video-preview":"max-video-preview:-1"},"canonical":"https:\/\/www.saporinostri.it\/fr\/fiocchi-di-sale-marino-affumicato-maldon-125g\/","og_locale":"fr_FR","og_type":"article","og_title":"Fiocchi di Sale Marino Affumicato Maldon 125g","og_description":"Fiocchi di sale marino morbidi e croccanti, lievemente affumicato con legno di quercia, per aggiungere a qualsiasi piatto un sapore unico.","og_url":"https:\/\/www.saporinostri.it\/fr\/fiocchi-di-sale-marino-affumicato-maldon-125g\/","og_site_name":"Sapori Nostri","article_publisher":"https:\/\/www.facebook.com\/saporinostri.it\/","article_modified_time":"2026-03-04T19:22:56+00:00","og_image":[{"width":800,"height":889,"url":"https:\/\/www.saporinostri.it\/wp-content\/uploads\/2024\/11\/sale-di-maldon-g125-affumicato.jpg","type":"image\/jpeg"}],"twitter_card":"summary_large_image","twitter_misc":{"Prix":"&euro;5,49","Disponibilit\u00e9":"En stock"},"schema":{"@context":"https:\/\/schema.org","@graph":[{"@type":"WebPage","@id":"https:\/\/www.saporinostri.it\/fiocchi-di-sale-marino-affumicato-maldon-125g\/","url":"https:\/\/www.saporinostri.it\/fiocchi-di-sale-marino-affumicato-maldon-125g\/","name":"Flocons de sel de mer fum\u00e9 Maldon 125g - Sapori Nostri","isPartOf":{"@id":"https:\/\/www.saporinostri.it\/#website"},"primaryImageOfPage":{"@id":"https:\/\/www.saporinostri.it\/fiocchi-di-sale-marino-affumicato-maldon-125g\/#primaryimage"},"image":{"@id":"https:\/\/www.saporinostri.it\/fiocchi-di-sale-marino-affumicato-maldon-125g\/#primaryimage"},"thumbnailUrl":"https:\/\/www.saporinostri.it\/wp-content\/uploads\/2024\/11\/sale-di-maldon-g125-affumicato.jpg","datePublished":"2024-11-08T17:29:23+00:00","dateModified":"2026-03-04T19:22:56+00:00","description":"Des flocons de sel de mer doux et croquants, l\u00e9g\u00e8rement fum\u00e9s au bois de ch\u00eane, pour ajouter une saveur unique \u00e0 n&#039;importe quel plat.","breadcrumb":{"@id":"https:\/\/www.saporinostri.it\/fiocchi-di-sale-marino-affumicato-maldon-125g\/#breadcrumb"},"inLanguage":"fr-FR","potentialAction":[{"@type":"ReadAction","target":["https:\/\/www.saporinostri.it\/fiocchi-di-sale-marino-affumicato-maldon-125g\/"]}]},{"@type":"ImageObject","inLanguage":"fr-FR","@id":"https:\/\/www.saporinostri.it\/fiocchi-di-sale-marino-affumicato-maldon-125g\/#primaryimage","url":"https:\/\/www.saporinostri.it\/wp-content\/uploads\/2024\/11\/sale-di-maldon-g125-affumicato.jpg","contentUrl":"https:\/\/www.saporinostri.it\/wp-content\/uploads\/2024\/11\/sale-di-maldon-g125-affumicato.jpg","width":800,"height":889},{"@type":"BreadcrumbList","@id":"https:\/\/www.saporinostri.it\/fiocchi-di-sale-marino-affumicato-maldon-125g\/#breadcrumb","itemListElement":[{"@type":"ListItem","position":1,"name":"Home","item":"https:\/\/www.saporinostri.it\/"},{"@type":"ListItem","position":2,"name":"Shop","item":"https:\/\/www.saporinostri.it\/fr\/shop\/"},{"@type":"ListItem","position":3,"name":"Fiocchi di Sale Marino Affumicato Maldon 125g"}]},{"@type":"WebSite","@id":"https:\/\/www.saporinostri.it\/#website","url":"https:\/\/www.saporinostri.it\/","name":"Sapori Nostri","description":"","publisher":{"@id":"https:\/\/www.saporinostri.it\/#organization"},"potentialAction":[{"@type":"SearchAction","target":{"@type":"EntryPoint","urlTemplate":"https:\/\/www.saporinostri.it\/?s={search_term_string}"},"query-input":{"@type":"PropertyValueSpecification","valueRequired":true,"valueName":"search_term_string"}}],"inLanguage":"fr-FR"},{"@type":"Organization","@id":"https:\/\/www.saporinostri.it\/#organization","name":"Sapori Nostri","url":"https:\/\/www.saporinostri.it\/","logo":{"@type":"ImageObject","inLanguage":"fr-FR","@id":"https:\/\/www.saporinostri.it\/#\/schema\/logo\/image\/","url":"https:\/\/www.saporinostri.it\/wp-content\/uploads\/2020\/05\/logo-retina.png","contentUrl":"https:\/\/www.saporinostri.it\/wp-content\/uploads\/2020\/05\/logo-retina.png","width":500,"height":109,"caption":"Sapori Nostri"},"image":{"@id":"https:\/\/www.saporinostri.it\/#\/schema\/logo\/image\/"},"sameAs":["https:\/\/www.facebook.com\/saporinostri.it\/","https:\/\/www.instagram.com\/saporinostri.it\/"]}]},"product_brand":"Maldon","product_price_amount":"5.49","product_price_currency":"EUR","og_availability":"instock","product_availability":"instock","product_retailer_item_id":"5011428300028","product_condition":"new"},"jetpack_sharing_enabled":true,"brands":[{"id":661,"name":"Maldon","slug":"maldon"}],"_links":{"self":[{"href":"https:\/\/www.saporinostri.it\/fr\/wp-json\/wp\/v2\/product\/30507","targetHints":{"allow":["GET"]}}],"collection":[{"href":"https:\/\/www.saporinostri.it\/fr\/wp-json\/wp\/v2\/product"}],"about":[{"href":"https:\/\/www.saporinostri.it\/fr\/wp-json\/wp\/v2\/types\/product"}],"replies":[{"embeddable":true,"href":"https:\/\/www.saporinostri.it\/fr\/wp-json\/wp\/v2\/comments?post=30507"}],"wp:featuredmedia":[{"embeddable":true,"href":"https:\/\/www.saporinostri.it\/fr\/wp-json\/wp\/v2\/media\/30508"}],"wp:attachment":[{"href":"https:\/\/www.saporinostri.it\/fr\/wp-json\/wp\/v2\/media?parent=30507"}],"wp:term":[{"taxonomy":"pwb-brand","embeddable":true,"href":"https:\/\/www.saporinostri.it\/fr\/wp-json\/wp\/v2\/pwb-brand?post=30507"},{"taxonomy":"product_brand","embeddable":true,"href":"https:\/\/www.saporinostri.it\/fr\/wp-json\/wp\/v2\/product_brand?post=30507"},{"taxonomy":"product_cat","embeddable":true,"href":"https:\/\/www.saporinostri.it\/fr\/wp-json\/wp\/v2\/product_cat?post=30507"},{"taxonomy":"product_tag","embeddable":true,"href":"https:\/\/www.saporinostri.it\/fr\/wp-json\/wp\/v2\/product_tag?post=30507"}],"curies":[{"name":"wp","href":"https:\/\/api.w.org\/{rel}","templated":true}]}}