{"id":30554,"date":"2024-11-11T11:00:42","date_gmt":"2024-11-11T10:00:42","guid":{"rendered":"https:\/\/www.saporinostri.it\/?post_type=product&#038;p=30554"},"modified":"2026-03-13T08:28:52","modified_gmt":"2026-03-13T07:28:52","slug":"passata-datterino-350g-cosi-come","status":"publish","type":"product","link":"https:\/\/www.saporinostri.it\/fr\/passata-datterino-350g-cosi-come\/","title":{"rendered":"Pur\u00e9e Datterino 350g Tel quel"},"content":{"rendered":"<p>Le pass\u00e9 de <b>Datterino rouge<\/b>\u00a0 C&#039;est du jus de tomate <strong>Doux<\/strong>, <strong>cr\u00e9meux,<\/strong>\u00a0de la <strong>go\u00fbt fruit\u00e9<\/strong> fra\u00eeche et intense issue de tomates fra\u00eechement cueillies, elle peut \u00e9galement \u00eatre utilis\u00e9e sans cuisson pour pr\u00e9parer des ap\u00e9ritifs froids ou chauds, des cr\u00e8mes et des velout\u00e9s.<\/p>\n<p>Excellent \u00e9galement pour les crostoni et bruschetta, les cocktails, les sauces ou les sauces.<\/p>\n<p>le<b>\u00a0Datterino rouge<\/b>D&#039;un point de vue gustatif, c&#039;est une tomate \u00e0 la saveur douce et aromatique. Il se distingue \u00e9galement par sa faible acidit\u00e9 et sa saveur pleine. Il ne n\u00e9cessite pas de longues cuissons et s&#039;adapte facilement \u00e0 toutes les pr\u00e9parations.<\/p>","protected":false},"excerpt":{"rendered":"<p>Le Datterino Passata rouge est un jus de tomate sucr\u00e9 au go\u00fbt fruit\u00e9. Il ne n\u00e9cessite pas de longue cuisson, en effet il peut \u00e9galement \u00eatre utilis\u00e9 cru pour la pr\u00e9paration d&#039;ap\u00e9ritifs<\/p>","protected":false},"featured_media":30555,"comment_status":"open","ping_status":"closed","template":"","meta":{"_acf_changed":false,"inline_featured_image":false,"wprm-recipe-roundup-name":"","wprm-recipe-roundup-description":"","_monsterinsights_skip_tracking":false,"_monsterinsights_sitenote_active":false,"_monsterinsights_sitenote_note":"","_monsterinsights_sitenote_category":0},"pwb-brand":[428],"product_brand":[],"product_cat":[412,427],"product_tag":[],"class_list":{"0":"post-30554","1":"product","2":"type-product","3":"status-publish","4":"has-post-thumbnail","6":"pwb-brand-cosi-come","7":"product_cat-conserve","8":"product_cat-pomodori","10":"first","11":"instock","12":"sale","13":"taxable","14":"shipping-taxable","15":"purchasable","16":"product-type-simple"},"acf":[],"yoast_head":"<!-- This site is optimized with the Yoast SEO Premium plugin v23.7 (Yoast SEO v27.3) - https:\/\/yoast.com\/product\/yoast-seo-premium-wordpress\/ -->\n<title>Passata Datterino 350g Cos\u00ec Com&#039;\u00e8 - Sapori Nostri<\/title>\n<meta name=\"description\" content=\"La passata di Datterino Rosso\u00a0 \u00e8 un succo di pomodoro dolce, cremoso,\u00a0dal gusto fruttato fresco e intenso del pomodoro appena colto.\" \/>\n<meta name=\"robots\" content=\"index, follow, max-snippet:-1, max-image-preview:large, max-video-preview:-1\" \/>\n<link rel=\"canonical\" href=\"https:\/\/www.saporinostri.it\/fr\/passata-datterino-350g-cosi-come\/\" \/>\n<meta property=\"og:locale\" content=\"fr_FR\" \/>\n<meta property=\"og:type\" content=\"article\" \/>\n<meta property=\"og:title\" content=\"Passata Datterino 350g Cos\u00ec Com&#039;\u00e8\" \/>\n<meta property=\"og:description\" content=\"La passata di Datterino Rosso\u00a0 \u00e8 un succo di pomodoro dolce, cremoso,\u00a0dal gusto fruttato fresco e intenso del pomodoro appena colto.\" \/>\n<meta property=\"og:url\" content=\"https:\/\/www.saporinostri.it\/fr\/passata-datterino-350g-cosi-come\/\" \/>\n<meta property=\"og:site_name\" content=\"Sapori Nostri\" \/>\n<meta property=\"article:publisher\" content=\"https:\/\/www.facebook.com\/saporinostri.it\/\" \/>\n<meta property=\"article:modified_time\" content=\"2026-03-13T07:28:52+00:00\" \/>\n<meta property=\"og:image\" content=\"https:\/\/www.saporinostri.it\/wp-content\/uploads\/2024\/11\/Cosi-Come-Passata-di-Datterino-Rosso-350g.webp\" \/>\n\t<meta property=\"og:image:width\" content=\"1000\" \/>\n\t<meta property=\"og:image:height\" content=\"1000\" \/>\n\t<meta property=\"og:image:type\" content=\"image\/webp\" \/>\n<meta name=\"twitter:card\" content=\"summary_large_image\" \/>\n<meta name=\"twitter:label1\" content=\"Prix\" \/>\n\t<meta name=\"twitter:data1\" content=\"&euro;2,85\" \/>\n\t<meta name=\"twitter:label2\" content=\"Disponibilit\u00e9\" \/>\n\t<meta name=\"twitter:data2\" content=\"En stock\" \/>\n<script type=\"application\/ld+json\" class=\"yoast-schema-graph\">{\"@context\":\"https:\\\/\\\/schema.org\",\"@graph\":[{\"@type\":\"WebPage\",\"@id\":\"https:\\\/\\\/www.saporinostri.it\\\/passata-datterino-350g-cosi-come\\\/\",\"url\":\"https:\\\/\\\/www.saporinostri.it\\\/passata-datterino-350g-cosi-come\\\/\",\"name\":\"Passata Datterino 350g Cos\u00ec Com'\u00e8 - Sapori Nostri\",\"isPartOf\":{\"@id\":\"https:\\\/\\\/www.saporinostri.it\\\/#website\"},\"primaryImageOfPage\":{\"@id\":\"https:\\\/\\\/www.saporinostri.it\\\/passata-datterino-350g-cosi-come\\\/#primaryimage\"},\"image\":{\"@id\":\"https:\\\/\\\/www.saporinostri.it\\\/passata-datterino-350g-cosi-come\\\/#primaryimage\"},\"thumbnailUrl\":\"https:\\\/\\\/www.saporinostri.it\\\/wp-content\\\/uploads\\\/2024\\\/11\\\/Cosi-Come-Passata-di-Datterino-Rosso-350g.webp\",\"datePublished\":\"2024-11-11T10:00:42+00:00\",\"dateModified\":\"2026-03-13T07:28:52+00:00\",\"description\":\"La passata di Datterino Rosso\u00a0 \u00e8 un succo di pomodoro dolce, cremoso,\u00a0dal gusto fruttato fresco e intenso del pomodoro appena colto.\",\"breadcrumb\":{\"@id\":\"https:\\\/\\\/www.saporinostri.it\\\/passata-datterino-350g-cosi-come\\\/#breadcrumb\"},\"inLanguage\":\"fr-FR\",\"potentialAction\":[{\"@type\":\"ReadAction\",\"target\":[\"https:\\\/\\\/www.saporinostri.it\\\/passata-datterino-350g-cosi-come\\\/\"]}]},{\"@type\":\"ImageObject\",\"inLanguage\":\"fr-FR\",\"@id\":\"https:\\\/\\\/www.saporinostri.it\\\/passata-datterino-350g-cosi-come\\\/#primaryimage\",\"url\":\"https:\\\/\\\/www.saporinostri.it\\\/wp-content\\\/uploads\\\/2024\\\/11\\\/Cosi-Come-Passata-di-Datterino-Rosso-350g.webp\",\"contentUrl\":\"https:\\\/\\\/www.saporinostri.it\\\/wp-content\\\/uploads\\\/2024\\\/11\\\/Cosi-Come-Passata-di-Datterino-Rosso-350g.webp\",\"width\":1000,\"height\":1000},{\"@type\":\"BreadcrumbList\",\"@id\":\"https:\\\/\\\/www.saporinostri.it\\\/passata-datterino-350g-cosi-come\\\/#breadcrumb\",\"itemListElement\":[{\"@type\":\"ListItem\",\"position\":1,\"name\":\"Home\",\"item\":\"https:\\\/\\\/www.saporinostri.it\\\/\"},{\"@type\":\"ListItem\",\"position\":2,\"name\":\"Shop\",\"item\":\"https:\\\/\\\/www.saporinostri.it\\\/fr\\\/shop\\\/\"},{\"@type\":\"ListItem\",\"position\":3,\"name\":\"Passata Datterino 350g Cos\u00ec Com&#8217;\u00e8\"}]},{\"@type\":\"WebSite\",\"@id\":\"https:\\\/\\\/www.saporinostri.it\\\/#website\",\"url\":\"https:\\\/\\\/www.saporinostri.it\\\/\",\"name\":\"Sapori Nostri\",\"description\":\"\",\"publisher\":{\"@id\":\"https:\\\/\\\/www.saporinostri.it\\\/#organization\"},\"potentialAction\":[{\"@type\":\"SearchAction\",\"target\":{\"@type\":\"EntryPoint\",\"urlTemplate\":\"https:\\\/\\\/www.saporinostri.it\\\/?s={search_term_string}\"},\"query-input\":{\"@type\":\"PropertyValueSpecification\",\"valueRequired\":true,\"valueName\":\"search_term_string\"}}],\"inLanguage\":\"fr-FR\"},{\"@type\":\"Organization\",\"@id\":\"https:\\\/\\\/www.saporinostri.it\\\/#organization\",\"name\":\"Sapori Nostri\",\"url\":\"https:\\\/\\\/www.saporinostri.it\\\/\",\"logo\":{\"@type\":\"ImageObject\",\"inLanguage\":\"fr-FR\",\"@id\":\"https:\\\/\\\/www.saporinostri.it\\\/#\\\/schema\\\/logo\\\/image\\\/\",\"url\":\"https:\\\/\\\/www.saporinostri.it\\\/wp-content\\\/uploads\\\/2020\\\/05\\\/logo-retina.png\",\"contentUrl\":\"https:\\\/\\\/www.saporinostri.it\\\/wp-content\\\/uploads\\\/2020\\\/05\\\/logo-retina.png\",\"width\":500,\"height\":109,\"caption\":\"Sapori Nostri\"},\"image\":{\"@id\":\"https:\\\/\\\/www.saporinostri.it\\\/#\\\/schema\\\/logo\\\/image\\\/\"},\"sameAs\":[\"https:\\\/\\\/www.facebook.com\\\/saporinostri.it\\\/\",\"https:\\\/\\\/www.instagram.com\\\/saporinostri.it\\\/\"]}]}<\/script>\n<meta property=\"product:brand\" content=\"Cos\u00ec Com&#039;\u00e8\" \/>\n<meta property=\"product:price:amount\" content=\"2.85\" \/>\n<meta property=\"product:price:currency\" content=\"EUR\" \/>\n<meta property=\"og:availability\" content=\"instock\" \/>\n<meta property=\"product:availability\" content=\"instock\" \/>\n<meta property=\"product:retailer_item_id\" content=\"8017995100327\" \/>\n<meta property=\"product:condition\" content=\"new\" \/>\n<!-- \/ Yoast SEO Premium plugin. -->","yoast_head_json":{"title":"Passata Datterino 350g En l&#039;\u00e9tat - Sapori Nostri","description":"La pur\u00e9e Datterino Rosso est un jus de tomate sucr\u00e9 et cr\u00e9meux au go\u00fbt fruit\u00e9 frais et intense de tomates fra\u00eechement cueillies.","robots":{"index":"index","follow":"follow","max-snippet":"max-snippet:-1","max-image-preview":"max-image-preview:large","max-video-preview":"max-video-preview:-1"},"canonical":"https:\/\/www.saporinostri.it\/fr\/passata-datterino-350g-cosi-come\/","og_locale":"fr_FR","og_type":"article","og_title":"Passata Datterino 350g Cos\u00ec Com'\u00e8","og_description":"La passata di Datterino Rosso\u00a0 \u00e8 un succo di pomodoro dolce, cremoso,\u00a0dal gusto fruttato fresco e intenso del pomodoro appena colto.","og_url":"https:\/\/www.saporinostri.it\/fr\/passata-datterino-350g-cosi-come\/","og_site_name":"Sapori Nostri","article_publisher":"https:\/\/www.facebook.com\/saporinostri.it\/","article_modified_time":"2026-03-13T07:28:52+00:00","og_image":[{"width":1000,"height":1000,"url":"https:\/\/www.saporinostri.it\/wp-content\/uploads\/2024\/11\/Cosi-Come-Passata-di-Datterino-Rosso-350g.webp","type":"image\/webp"}],"twitter_card":"summary_large_image","twitter_misc":{"Prix":"&euro;2,85","Disponibilit\u00e9":"En stock"},"schema":{"@context":"https:\/\/schema.org","@graph":[{"@type":"WebPage","@id":"https:\/\/www.saporinostri.it\/passata-datterino-350g-cosi-come\/","url":"https:\/\/www.saporinostri.it\/passata-datterino-350g-cosi-come\/","name":"Passata Datterino 350g En l&#039;\u00e9tat - Sapori Nostri","isPartOf":{"@id":"https:\/\/www.saporinostri.it\/#website"},"primaryImageOfPage":{"@id":"https:\/\/www.saporinostri.it\/passata-datterino-350g-cosi-come\/#primaryimage"},"image":{"@id":"https:\/\/www.saporinostri.it\/passata-datterino-350g-cosi-come\/#primaryimage"},"thumbnailUrl":"https:\/\/www.saporinostri.it\/wp-content\/uploads\/2024\/11\/Cosi-Come-Passata-di-Datterino-Rosso-350g.webp","datePublished":"2024-11-11T10:00:42+00:00","dateModified":"2026-03-13T07:28:52+00:00","description":"La pur\u00e9e Datterino Rosso est un jus de tomate sucr\u00e9 et cr\u00e9meux au go\u00fbt fruit\u00e9 frais et intense de tomates fra\u00eechement cueillies.","breadcrumb":{"@id":"https:\/\/www.saporinostri.it\/passata-datterino-350g-cosi-come\/#breadcrumb"},"inLanguage":"fr-FR","potentialAction":[{"@type":"ReadAction","target":["https:\/\/www.saporinostri.it\/passata-datterino-350g-cosi-come\/"]}]},{"@type":"ImageObject","inLanguage":"fr-FR","@id":"https:\/\/www.saporinostri.it\/passata-datterino-350g-cosi-come\/#primaryimage","url":"https:\/\/www.saporinostri.it\/wp-content\/uploads\/2024\/11\/Cosi-Come-Passata-di-Datterino-Rosso-350g.webp","contentUrl":"https:\/\/www.saporinostri.it\/wp-content\/uploads\/2024\/11\/Cosi-Come-Passata-di-Datterino-Rosso-350g.webp","width":1000,"height":1000},{"@type":"BreadcrumbList","@id":"https:\/\/www.saporinostri.it\/passata-datterino-350g-cosi-come\/#breadcrumb","itemListElement":[{"@type":"ListItem","position":1,"name":"Home","item":"https:\/\/www.saporinostri.it\/"},{"@type":"ListItem","position":2,"name":"Shop","item":"https:\/\/www.saporinostri.it\/fr\/shop\/"},{"@type":"ListItem","position":3,"name":"Passata Datterino 350g Cos\u00ec Com&#8217;\u00e8"}]},{"@type":"WebSite","@id":"https:\/\/www.saporinostri.it\/#website","url":"https:\/\/www.saporinostri.it\/","name":"Sapori Nostri","description":"","publisher":{"@id":"https:\/\/www.saporinostri.it\/#organization"},"potentialAction":[{"@type":"SearchAction","target":{"@type":"EntryPoint","urlTemplate":"https:\/\/www.saporinostri.it\/?s={search_term_string}"},"query-input":{"@type":"PropertyValueSpecification","valueRequired":true,"valueName":"search_term_string"}}],"inLanguage":"fr-FR"},{"@type":"Organization","@id":"https:\/\/www.saporinostri.it\/#organization","name":"Sapori Nostri","url":"https:\/\/www.saporinostri.it\/","logo":{"@type":"ImageObject","inLanguage":"fr-FR","@id":"https:\/\/www.saporinostri.it\/#\/schema\/logo\/image\/","url":"https:\/\/www.saporinostri.it\/wp-content\/uploads\/2020\/05\/logo-retina.png","contentUrl":"https:\/\/www.saporinostri.it\/wp-content\/uploads\/2020\/05\/logo-retina.png","width":500,"height":109,"caption":"Sapori Nostri"},"image":{"@id":"https:\/\/www.saporinostri.it\/#\/schema\/logo\/image\/"},"sameAs":["https:\/\/www.facebook.com\/saporinostri.it\/","https:\/\/www.instagram.com\/saporinostri.it\/"]}]},"product_brand":"Cos\u00ec Com'\u00e8","product_price_amount":"2.85","product_price_currency":"EUR","og_availability":"instock","product_availability":"instock","product_retailer_item_id":"8017995100327","product_condition":"new"},"jetpack_sharing_enabled":true,"brands":[{"id":428,"name":"Aussi bien que","slug":"cosi-come"}],"_links":{"self":[{"href":"https:\/\/www.saporinostri.it\/fr\/wp-json\/wp\/v2\/product\/30554","targetHints":{"allow":["GET"]}}],"collection":[{"href":"https:\/\/www.saporinostri.it\/fr\/wp-json\/wp\/v2\/product"}],"about":[{"href":"https:\/\/www.saporinostri.it\/fr\/wp-json\/wp\/v2\/types\/product"}],"replies":[{"embeddable":true,"href":"https:\/\/www.saporinostri.it\/fr\/wp-json\/wp\/v2\/comments?post=30554"}],"wp:featuredmedia":[{"embeddable":true,"href":"https:\/\/www.saporinostri.it\/fr\/wp-json\/wp\/v2\/media\/30555"}],"wp:attachment":[{"href":"https:\/\/www.saporinostri.it\/fr\/wp-json\/wp\/v2\/media?parent=30554"}],"wp:term":[{"taxonomy":"pwb-brand","embeddable":true,"href":"https:\/\/www.saporinostri.it\/fr\/wp-json\/wp\/v2\/pwb-brand?post=30554"},{"taxonomy":"product_brand","embeddable":true,"href":"https:\/\/www.saporinostri.it\/fr\/wp-json\/wp\/v2\/product_brand?post=30554"},{"taxonomy":"product_cat","embeddable":true,"href":"https:\/\/www.saporinostri.it\/fr\/wp-json\/wp\/v2\/product_cat?post=30554"},{"taxonomy":"product_tag","embeddable":true,"href":"https:\/\/www.saporinostri.it\/fr\/wp-json\/wp\/v2\/product_tag?post=30554"}],"curies":[{"name":"wp","href":"https:\/\/api.w.org\/{rel}","templated":true}]}}