{"id":30556,"date":"2024-11-11T11:02:14","date_gmt":"2024-11-11T10:02:14","guid":{"rendered":"https:\/\/www.saporinostri.it\/?post_type=product&#038;p=30556"},"modified":"2026-04-23T11:01:04","modified_gmt":"2026-04-23T09:01:04","slug":"lievito-secco-caputo-500gr","status":"publish","type":"product","link":"https:\/\/www.saporinostri.it\/fr\/lievito-secco-caputo-500gr\/","title":{"rendered":"Levure S\u00e8che Caputo 500gr"},"content":{"rendered":"<p>le <strong>Levure s\u00e8che Mulino Caputo<\/strong> il est du type italien Saccharomyces Cerevisiae 100% et obtenu exclusivement \u00e0 partir de m\u00e9lasse italienne : il a un haut pouvoir fermentaire et est id\u00e9al pour r\u00e9aliser des p\u00e2tes molles au go\u00fbt incomparable. Simple d&#039;utilisation, il se conserve bien et plus longtemps, et \u00e9vite le gaspillage : un tiers suffit.<\/p>\n<h3 class=\"mt-5\">Le moulin de Caputo<\/h3>\n<div class=\"mt-3\">\n<p>Depuis 1924, le\u00a0<strong>Mulino Caputo<\/strong>\u00a0travaille le bl\u00e9 avec g\u00e9n\u00e9rosit\u00e9 et passion, pour offrir aux professionnels et aux passionn\u00e9s de l&#039;Art Blanc Caputo Farina la plus haute qualit\u00e9, produite dans le plein respect des mati\u00e8res premi\u00e8res et de la tradition.<\/p>\n<p>Il Molino Caputo produit une large gamme de farines \u00e0 usage domestique et professionnel. La farine Caputo est surtout utilis\u00e9e par les professionnels de la p\u00e2te \u00e0 confiserie, de la panification, des p\u00e2tes et de la pizza, avec de nombreux types de farines destin\u00e9es \u00e0 diff\u00e9rents proc\u00e9d\u00e9s.<\/p>\n<p>Autorit\u00e9, spontan\u00e9it\u00e9 et tradition, c&#039;est de ces valeurs que na\u00eet l&#039;art blanc de Mulino Caputo, qui gr\u00e2ce \u00e0 l&#039;exp\u00e9rience acquise en 3 g\u00e9n\u00e9rations de ma\u00eetres meuniers napolitains, lui permet de garantir des normes de qualit\u00e9 tr\u00e8s \u00e9lev\u00e9es, pour s&#039;assurer que l&#039;expert les restaurateurs et artisans du go\u00fbt expriment au mieux leur cr\u00e9ativit\u00e9.<\/p>\n<p>La farine Caputo a la capacit\u00e9 de pr\u00e9server pleinement le naturel et l&#039;authenticit\u00e9 des saveurs, pour cela et pour d&#039;autres raisons, Molino Caputo est appr\u00e9ci\u00e9 et reconnu dans le monde entier.<\/p>\n<\/div>","protected":false},"excerpt":{"rendered":"<p><b>Levure s\u00e8che<\/b><\/p>\n<ul>\n<li><b>Levure italienne 100% haute activit\u00e9<\/b><\/li>\n<li><b>Dosage d&#039;utilisation\u00a0:<\/b> 1\/3 par rapport \u00e0 la levure fra\u00eeche.<\/li>\n<li><b>Sans gluten<\/b>, id\u00e9al pour r\u00e9aliser des p\u00e2tes molles au go\u00fbt incomparable<\/li>\n<\/ul>\n<div class=\"scadenza\">Expiration du lot le plus r\u00e9cent\u00a0:<\/div>\n<div class=\"scadenza\"><strong>\u00a0 \u00a0 06\/2026<\/strong> L. <strong>G5144CP<\/strong><\/div>\n<p>&nbsp;<\/p>\n<p>&nbsp;<\/p>","protected":false},"featured_media":30560,"comment_status":"open","ping_status":"closed","template":"","meta":{"_acf_changed":false,"inline_featured_image":false,"wprm-recipe-roundup-name":"","wprm-recipe-roundup-description":"","_monsterinsights_skip_tracking":false,"_monsterinsights_sitenote_active":false,"_monsterinsights_sitenote_note":"","_monsterinsights_sitenote_category":0},"pwb-brand":[110],"product_brand":[],"product_cat":[108],"product_tag":[],"class_list":{"0":"post-30556","1":"product","2":"type-product","3":"status-publish","4":"has-post-thumbnail","6":"pwb-brand-mulino-caputo","7":"product_cat-lieviti","9":"first","10":"instock","11":"sale","12":"taxable","13":"shipping-taxable","14":"purchasable","15":"product-type-simple"},"acf":[],"yoast_head":"<!-- This site is optimized with the Yoast SEO Premium plugin v23.7 (Yoast SEO v27.3) - https:\/\/yoast.com\/product\/yoast-seo-premium-wordpress\/ -->\n<title>Lievito Secco Caputo 500gr - Sapori Nostri<\/title>\n<meta name=\"description\" content=\"Il lievito secco Mulino Caputo ha un elevato potere fermentativo ed \u00e8 ideale per realizzare impasti soffici dal gusto impareggiabile\" \/>\n<meta name=\"robots\" content=\"index, follow, max-snippet:-1, max-image-preview:large, max-video-preview:-1\" \/>\n<link rel=\"canonical\" href=\"https:\/\/www.saporinostri.it\/fr\/lievito-secco-caputo-500gr\/\" \/>\n<meta property=\"og:locale\" content=\"fr_FR\" \/>\n<meta property=\"og:type\" content=\"article\" \/>\n<meta property=\"og:title\" content=\"Lievito Secco Caputo 500gr\" \/>\n<meta property=\"og:description\" content=\"Il lievito secco Mulino Caputo ha un elevato potere fermentativo ed \u00e8 ideale per realizzare impasti soffici dal gusto impareggiabile\" \/>\n<meta property=\"og:url\" content=\"https:\/\/www.saporinostri.it\/fr\/lievito-secco-caputo-500gr\/\" \/>\n<meta property=\"og:site_name\" content=\"Sapori Nostri\" \/>\n<meta property=\"article:publisher\" content=\"https:\/\/www.facebook.com\/saporinostri.it\/\" \/>\n<meta property=\"article:modified_time\" content=\"2026-04-23T09:01:04+00:00\" \/>\n<meta property=\"og:image\" content=\"https:\/\/www.saporinostri.it\/wp-content\/uploads\/2024\/11\/Immagine-WhatsApp-2024-11-11-ore-11.13.13_bcc366da.jpg\" \/>\n\t<meta property=\"og:image:width\" content=\"1179\" \/>\n\t<meta property=\"og:image:height\" content=\"1515\" \/>\n\t<meta property=\"og:image:type\" content=\"image\/jpeg\" \/>\n<meta name=\"twitter:card\" content=\"summary_large_image\" \/>\n<meta name=\"twitter:label1\" content=\"Prix\" \/>\n\t<meta name=\"twitter:data1\" content=\"&euro;6,49\" \/>\n\t<meta name=\"twitter:label2\" content=\"Disponibilit\u00e9\" \/>\n\t<meta name=\"twitter:data2\" content=\"En stock\" \/>\n<script type=\"application\/ld+json\" class=\"yoast-schema-graph\">{\"@context\":\"https:\\\/\\\/schema.org\",\"@graph\":[{\"@type\":\"WebPage\",\"@id\":\"https:\\\/\\\/www.saporinostri.it\\\/lievito-secco-caputo-500gr\\\/\",\"url\":\"https:\\\/\\\/www.saporinostri.it\\\/lievito-secco-caputo-500gr\\\/\",\"name\":\"Lievito Secco Caputo 500gr - Sapori Nostri\",\"isPartOf\":{\"@id\":\"https:\\\/\\\/www.saporinostri.it\\\/#website\"},\"primaryImageOfPage\":{\"@id\":\"https:\\\/\\\/www.saporinostri.it\\\/lievito-secco-caputo-500gr\\\/#primaryimage\"},\"image\":{\"@id\":\"https:\\\/\\\/www.saporinostri.it\\\/lievito-secco-caputo-500gr\\\/#primaryimage\"},\"thumbnailUrl\":\"https:\\\/\\\/www.saporinostri.it\\\/wp-content\\\/uploads\\\/2024\\\/11\\\/Immagine-WhatsApp-2024-11-11-ore-11.13.13_bcc366da.jpg\",\"datePublished\":\"2024-11-11T10:02:14+00:00\",\"dateModified\":\"2026-04-23T09:01:04+00:00\",\"description\":\"Il lievito secco Mulino Caputo ha un elevato potere fermentativo ed \u00e8 ideale per realizzare impasti soffici dal gusto impareggiabile\",\"breadcrumb\":{\"@id\":\"https:\\\/\\\/www.saporinostri.it\\\/lievito-secco-caputo-500gr\\\/#breadcrumb\"},\"inLanguage\":\"fr-FR\",\"potentialAction\":[{\"@type\":\"ReadAction\",\"target\":[\"https:\\\/\\\/www.saporinostri.it\\\/lievito-secco-caputo-500gr\\\/\"]}]},{\"@type\":\"ImageObject\",\"inLanguage\":\"fr-FR\",\"@id\":\"https:\\\/\\\/www.saporinostri.it\\\/lievito-secco-caputo-500gr\\\/#primaryimage\",\"url\":\"https:\\\/\\\/www.saporinostri.it\\\/wp-content\\\/uploads\\\/2024\\\/11\\\/Immagine-WhatsApp-2024-11-11-ore-11.13.13_bcc366da.jpg\",\"contentUrl\":\"https:\\\/\\\/www.saporinostri.it\\\/wp-content\\\/uploads\\\/2024\\\/11\\\/Immagine-WhatsApp-2024-11-11-ore-11.13.13_bcc366da.jpg\",\"width\":1179,\"height\":1515},{\"@type\":\"BreadcrumbList\",\"@id\":\"https:\\\/\\\/www.saporinostri.it\\\/lievito-secco-caputo-500gr\\\/#breadcrumb\",\"itemListElement\":[{\"@type\":\"ListItem\",\"position\":1,\"name\":\"Home\",\"item\":\"https:\\\/\\\/www.saporinostri.it\\\/\"},{\"@type\":\"ListItem\",\"position\":2,\"name\":\"Shop\",\"item\":\"https:\\\/\\\/www.saporinostri.it\\\/fr\\\/shop\\\/\"},{\"@type\":\"ListItem\",\"position\":3,\"name\":\"Lievito Secco Caputo 500gr\"}]},{\"@type\":\"WebSite\",\"@id\":\"https:\\\/\\\/www.saporinostri.it\\\/#website\",\"url\":\"https:\\\/\\\/www.saporinostri.it\\\/\",\"name\":\"Sapori Nostri\",\"description\":\"\",\"publisher\":{\"@id\":\"https:\\\/\\\/www.saporinostri.it\\\/#organization\"},\"potentialAction\":[{\"@type\":\"SearchAction\",\"target\":{\"@type\":\"EntryPoint\",\"urlTemplate\":\"https:\\\/\\\/www.saporinostri.it\\\/?s={search_term_string}\"},\"query-input\":{\"@type\":\"PropertyValueSpecification\",\"valueRequired\":true,\"valueName\":\"search_term_string\"}}],\"inLanguage\":\"fr-FR\"},{\"@type\":\"Organization\",\"@id\":\"https:\\\/\\\/www.saporinostri.it\\\/#organization\",\"name\":\"Sapori Nostri\",\"url\":\"https:\\\/\\\/www.saporinostri.it\\\/\",\"logo\":{\"@type\":\"ImageObject\",\"inLanguage\":\"fr-FR\",\"@id\":\"https:\\\/\\\/www.saporinostri.it\\\/#\\\/schema\\\/logo\\\/image\\\/\",\"url\":\"https:\\\/\\\/www.saporinostri.it\\\/wp-content\\\/uploads\\\/2020\\\/05\\\/logo-retina.png\",\"contentUrl\":\"https:\\\/\\\/www.saporinostri.it\\\/wp-content\\\/uploads\\\/2020\\\/05\\\/logo-retina.png\",\"width\":500,\"height\":109,\"caption\":\"Sapori Nostri\"},\"image\":{\"@id\":\"https:\\\/\\\/www.saporinostri.it\\\/#\\\/schema\\\/logo\\\/image\\\/\"},\"sameAs\":[\"https:\\\/\\\/www.facebook.com\\\/saporinostri.it\\\/\",\"https:\\\/\\\/www.instagram.com\\\/saporinostri.it\\\/\"]}]}<\/script>\n<meta property=\"product:brand\" content=\"Mulino Caputo\" \/>\n<meta property=\"product:price:amount\" content=\"6.49\" \/>\n<meta property=\"product:price:currency\" content=\"EUR\" \/>\n<meta property=\"og:availability\" content=\"instock\" \/>\n<meta property=\"product:availability\" content=\"instock\" \/>\n<meta property=\"product:retailer_item_id\" content=\"8014601100023\" \/>\n<meta property=\"product:condition\" content=\"new\" \/>\n<!-- \/ Yoast SEO Premium plugin. -->","yoast_head_json":{"title":"Levure S\u00e8che Caputo 500gr - Sapori Nostri","description":"La levure s\u00e8che Mulino Caputo a un pouvoir fermentaire \u00e9lev\u00e9 et est id\u00e9ale pour faire des p\u00e2tes molles au go\u00fbt incomparable","robots":{"index":"index","follow":"follow","max-snippet":"max-snippet:-1","max-image-preview":"max-image-preview:large","max-video-preview":"max-video-preview:-1"},"canonical":"https:\/\/www.saporinostri.it\/fr\/lievito-secco-caputo-500gr\/","og_locale":"fr_FR","og_type":"article","og_title":"Lievito Secco Caputo 500gr","og_description":"Il lievito secco Mulino Caputo ha un elevato potere fermentativo ed \u00e8 ideale per realizzare impasti soffici dal gusto impareggiabile","og_url":"https:\/\/www.saporinostri.it\/fr\/lievito-secco-caputo-500gr\/","og_site_name":"Sapori Nostri","article_publisher":"https:\/\/www.facebook.com\/saporinostri.it\/","article_modified_time":"2026-04-23T09:01:04+00:00","og_image":[{"width":1179,"height":1515,"url":"https:\/\/www.saporinostri.it\/wp-content\/uploads\/2024\/11\/Immagine-WhatsApp-2024-11-11-ore-11.13.13_bcc366da.jpg","type":"image\/jpeg"}],"twitter_card":"summary_large_image","twitter_misc":{"Prix":"&euro;6,49","Disponibilit\u00e9":"En stock"},"schema":{"@context":"https:\/\/schema.org","@graph":[{"@type":"WebPage","@id":"https:\/\/www.saporinostri.it\/lievito-secco-caputo-500gr\/","url":"https:\/\/www.saporinostri.it\/lievito-secco-caputo-500gr\/","name":"Levure S\u00e8che Caputo 500gr - Sapori Nostri","isPartOf":{"@id":"https:\/\/www.saporinostri.it\/#website"},"primaryImageOfPage":{"@id":"https:\/\/www.saporinostri.it\/lievito-secco-caputo-500gr\/#primaryimage"},"image":{"@id":"https:\/\/www.saporinostri.it\/lievito-secco-caputo-500gr\/#primaryimage"},"thumbnailUrl":"https:\/\/www.saporinostri.it\/wp-content\/uploads\/2024\/11\/Immagine-WhatsApp-2024-11-11-ore-11.13.13_bcc366da.jpg","datePublished":"2024-11-11T10:02:14+00:00","dateModified":"2026-04-23T09:01:04+00:00","description":"La levure s\u00e8che Mulino Caputo a un pouvoir fermentaire \u00e9lev\u00e9 et est id\u00e9ale pour faire des p\u00e2tes molles au go\u00fbt incomparable","breadcrumb":{"@id":"https:\/\/www.saporinostri.it\/lievito-secco-caputo-500gr\/#breadcrumb"},"inLanguage":"fr-FR","potentialAction":[{"@type":"ReadAction","target":["https:\/\/www.saporinostri.it\/lievito-secco-caputo-500gr\/"]}]},{"@type":"ImageObject","inLanguage":"fr-FR","@id":"https:\/\/www.saporinostri.it\/lievito-secco-caputo-500gr\/#primaryimage","url":"https:\/\/www.saporinostri.it\/wp-content\/uploads\/2024\/11\/Immagine-WhatsApp-2024-11-11-ore-11.13.13_bcc366da.jpg","contentUrl":"https:\/\/www.saporinostri.it\/wp-content\/uploads\/2024\/11\/Immagine-WhatsApp-2024-11-11-ore-11.13.13_bcc366da.jpg","width":1179,"height":1515},{"@type":"BreadcrumbList","@id":"https:\/\/www.saporinostri.it\/lievito-secco-caputo-500gr\/#breadcrumb","itemListElement":[{"@type":"ListItem","position":1,"name":"Home","item":"https:\/\/www.saporinostri.it\/"},{"@type":"ListItem","position":2,"name":"Shop","item":"https:\/\/www.saporinostri.it\/fr\/shop\/"},{"@type":"ListItem","position":3,"name":"Lievito Secco Caputo 500gr"}]},{"@type":"WebSite","@id":"https:\/\/www.saporinostri.it\/#website","url":"https:\/\/www.saporinostri.it\/","name":"Sapori Nostri","description":"","publisher":{"@id":"https:\/\/www.saporinostri.it\/#organization"},"potentialAction":[{"@type":"SearchAction","target":{"@type":"EntryPoint","urlTemplate":"https:\/\/www.saporinostri.it\/?s={search_term_string}"},"query-input":{"@type":"PropertyValueSpecification","valueRequired":true,"valueName":"search_term_string"}}],"inLanguage":"fr-FR"},{"@type":"Organization","@id":"https:\/\/www.saporinostri.it\/#organization","name":"Sapori Nostri","url":"https:\/\/www.saporinostri.it\/","logo":{"@type":"ImageObject","inLanguage":"fr-FR","@id":"https:\/\/www.saporinostri.it\/#\/schema\/logo\/image\/","url":"https:\/\/www.saporinostri.it\/wp-content\/uploads\/2020\/05\/logo-retina.png","contentUrl":"https:\/\/www.saporinostri.it\/wp-content\/uploads\/2020\/05\/logo-retina.png","width":500,"height":109,"caption":"Sapori Nostri"},"image":{"@id":"https:\/\/www.saporinostri.it\/#\/schema\/logo\/image\/"},"sameAs":["https:\/\/www.facebook.com\/saporinostri.it\/","https:\/\/www.instagram.com\/saporinostri.it\/"]}]},"product_brand":"Mulino Caputo","product_price_amount":"6.49","product_price_currency":"EUR","og_availability":"instock","product_availability":"instock","product_retailer_item_id":"8014601100023","product_condition":"new"},"jetpack_sharing_enabled":true,"brands":[{"id":110,"name":"Mulino Caputo","slug":"mulino-caputo"}],"_links":{"self":[{"href":"https:\/\/www.saporinostri.it\/fr\/wp-json\/wp\/v2\/product\/30556","targetHints":{"allow":["GET"]}}],"collection":[{"href":"https:\/\/www.saporinostri.it\/fr\/wp-json\/wp\/v2\/product"}],"about":[{"href":"https:\/\/www.saporinostri.it\/fr\/wp-json\/wp\/v2\/types\/product"}],"replies":[{"embeddable":true,"href":"https:\/\/www.saporinostri.it\/fr\/wp-json\/wp\/v2\/comments?post=30556"}],"wp:featuredmedia":[{"embeddable":true,"href":"https:\/\/www.saporinostri.it\/fr\/wp-json\/wp\/v2\/media\/30560"}],"wp:attachment":[{"href":"https:\/\/www.saporinostri.it\/fr\/wp-json\/wp\/v2\/media?parent=30556"}],"wp:term":[{"taxonomy":"pwb-brand","embeddable":true,"href":"https:\/\/www.saporinostri.it\/fr\/wp-json\/wp\/v2\/pwb-brand?post=30556"},{"taxonomy":"product_brand","embeddable":true,"href":"https:\/\/www.saporinostri.it\/fr\/wp-json\/wp\/v2\/product_brand?post=30556"},{"taxonomy":"product_cat","embeddable":true,"href":"https:\/\/www.saporinostri.it\/fr\/wp-json\/wp\/v2\/product_cat?post=30556"},{"taxonomy":"product_tag","embeddable":true,"href":"https:\/\/www.saporinostri.it\/fr\/wp-json\/wp\/v2\/product_tag?post=30556"}],"curies":[{"name":"wp","href":"https:\/\/api.w.org\/{rel}","templated":true}]}}