{"id":31157,"date":"2024-12-05T10:01:30","date_gmt":"2024-12-05T09:01:30","guid":{"rendered":"https:\/\/www.saporinostri.it\/?post_type=product&#038;p=31157"},"modified":"2025-09-06T10:53:29","modified_gmt":"2025-09-06T08:53:29","slug":"pesto-di-castagna","status":"publish","type":"product","link":"https:\/\/www.saporinostri.it\/fr\/pesto-di-castagna\/","title":{"rendered":"Pesto de ch\u00e2taignes 100gr NobiliRadici"},"content":{"rendered":"<p>le\u00a0<strong><em>Pesto de ch\u00e2taignes<\/em><\/strong> c&#039;est un condiment innovant, pr\u00e9par\u00e9 avec <strong>ingr\u00e9dients simples et authentiques\u00a0<\/strong><\/p>\n<p><strong>L&#039;ar\u00f4me intense<\/strong> de ch\u00e2taignes se marie harmonieusement avec la <strong>consistance cr\u00e9meuse du pesto<\/strong> rendant cette sauce polyvalente pour assaisonner des p\u00e2tes, des cro\u00fbtons de pain ou m\u00eame pour accompagner des fromages affin\u00e9s<\/p>\n<p>\u00c9galement excellent\u00a0<em>comme garniture pour les plats d&#039;automne ou d&#039;hiver.<\/em><\/p>\n<p>&nbsp;<\/p>\n<p>&nbsp;<\/p>","protected":false},"excerpt":{"rendered":"<p>Le pesto de ch\u00e2taignes est un condiment innovant, pr\u00e9par\u00e9 avec des ingr\u00e9dients simples et authentiques. L&#039;ar\u00f4me intense des ch\u00e2taignes se marie harmonieusement \u00e0 la texture onctueuse du pesto, ce qui en fait une sauce polyvalente pour assaisonner les p\u00e2tes, les cro\u00fbtons ou m\u00eame accompagner les fromages affin\u00e9s. Elle est \u00e9galement excellente pour garnir les plats d&#039;automne ou d&#039;hiver. &nbsp; &nbsp;<\/p>","protected":false},"featured_media":31175,"comment_status":"open","ping_status":"closed","template":"","meta":{"_acf_changed":false,"inline_featured_image":false,"wprm-recipe-roundup-name":"","wprm-recipe-roundup-description":"","_monsterinsights_skip_tracking":false,"_monsterinsights_sitenote_active":false,"_monsterinsights_sitenote_note":"","_monsterinsights_sitenote_category":0},"pwb-brand":[],"product_brand":[],"product_cat":[577,412],"product_tag":[],"class_list":{"0":"post-31157","1":"product","2":"type-product","3":"status-publish","4":"has-post-thumbnail","6":"product_cat-confetture-e-marmellate","7":"product_cat-conserve","9":"first","10":"instock","11":"sale","12":"taxable","13":"shipping-taxable","14":"purchasable","15":"product-type-simple"},"acf":[],"yoast_head":"<!-- This site is optimized with the Yoast SEO Premium plugin v23.7 (Yoast SEO v27.3) - https:\/\/yoast.com\/product\/yoast-seo-premium-wordpress\/ -->\n<title>Pesto di Castagna 100gr NobiliRadici - Sapori Nostri<\/title>\n<meta name=\"description\" content=\"Il\u00a0pesto di Castagne \u00e8 una condimento innovativo che si distingue per il suo gusto ricco e avvolgente regalando ad ogni pietanza un viaggio di sapori.\" \/>\n<meta name=\"robots\" content=\"index, follow, max-snippet:-1, max-image-preview:large, max-video-preview:-1\" \/>\n<link rel=\"canonical\" href=\"https:\/\/www.saporinostri.it\/fr\/pesto-di-castagna\/\" \/>\n<meta property=\"og:locale\" content=\"fr_FR\" \/>\n<meta property=\"og:type\" content=\"article\" \/>\n<meta property=\"og:title\" content=\"Pesto di Castagna 100gr NobiliRadici\" \/>\n<meta property=\"og:description\" content=\"Il\u00a0pesto di Castagne \u00e8 una condimento innovativo che si distingue per il suo gusto ricco e avvolgente regalando ad ogni pietanza un viaggio di sapori.\" \/>\n<meta property=\"og:url\" content=\"https:\/\/www.saporinostri.it\/fr\/pesto-di-castagna\/\" \/>\n<meta property=\"og:site_name\" content=\"Sapori Nostri\" \/>\n<meta property=\"article:publisher\" content=\"https:\/\/www.facebook.com\/saporinostri.it\/\" \/>\n<meta property=\"article:modified_time\" content=\"2025-09-06T08:53:29+00:00\" \/>\n<meta property=\"og:image\" content=\"https:\/\/www.saporinostri.it\/wp-content\/uploads\/2024\/12\/Senza-titolo-3-1-7.png\" \/>\n\t<meta property=\"og:image:width\" content=\"1080\" \/>\n\t<meta property=\"og:image:height\" content=\"1080\" \/>\n\t<meta property=\"og:image:type\" content=\"image\/png\" \/>\n<meta name=\"twitter:card\" content=\"summary_large_image\" \/>\n<meta name=\"twitter:label1\" content=\"Prix\" \/>\n\t<meta name=\"twitter:data1\" content=\"&euro;5,39\" \/>\n\t<meta name=\"twitter:label2\" content=\"Disponibilit\u00e9\" \/>\n\t<meta name=\"twitter:data2\" content=\"En stock\" \/>\n<script type=\"application\/ld+json\" class=\"yoast-schema-graph\">{\"@context\":\"https:\\\/\\\/schema.org\",\"@graph\":[{\"@type\":\"WebPage\",\"@id\":\"https:\\\/\\\/www.saporinostri.it\\\/pesto-di-castagna\\\/\",\"url\":\"https:\\\/\\\/www.saporinostri.it\\\/pesto-di-castagna\\\/\",\"name\":\"Pesto di Castagna 100gr NobiliRadici - Sapori Nostri\",\"isPartOf\":{\"@id\":\"https:\\\/\\\/www.saporinostri.it\\\/#website\"},\"primaryImageOfPage\":{\"@id\":\"https:\\\/\\\/www.saporinostri.it\\\/pesto-di-castagna\\\/#primaryimage\"},\"image\":{\"@id\":\"https:\\\/\\\/www.saporinostri.it\\\/pesto-di-castagna\\\/#primaryimage\"},\"thumbnailUrl\":\"https:\\\/\\\/www.saporinostri.it\\\/wp-content\\\/uploads\\\/2024\\\/12\\\/Senza-titolo-3-1-7.png\",\"datePublished\":\"2024-12-05T09:01:30+00:00\",\"dateModified\":\"2025-09-06T08:53:29+00:00\",\"description\":\"Il\u00a0pesto di Castagne \u00e8 una condimento innovativo che si distingue per il suo gusto ricco e avvolgente regalando ad ogni pietanza un viaggio di sapori.\",\"breadcrumb\":{\"@id\":\"https:\\\/\\\/www.saporinostri.it\\\/pesto-di-castagna\\\/#breadcrumb\"},\"inLanguage\":\"fr-FR\",\"potentialAction\":[{\"@type\":\"ReadAction\",\"target\":[\"https:\\\/\\\/www.saporinostri.it\\\/pesto-di-castagna\\\/\"]}]},{\"@type\":\"ImageObject\",\"inLanguage\":\"fr-FR\",\"@id\":\"https:\\\/\\\/www.saporinostri.it\\\/pesto-di-castagna\\\/#primaryimage\",\"url\":\"https:\\\/\\\/www.saporinostri.it\\\/wp-content\\\/uploads\\\/2024\\\/12\\\/Senza-titolo-3-1-7.png\",\"contentUrl\":\"https:\\\/\\\/www.saporinostri.it\\\/wp-content\\\/uploads\\\/2024\\\/12\\\/Senza-titolo-3-1-7.png\",\"width\":1080,\"height\":1080},{\"@type\":\"BreadcrumbList\",\"@id\":\"https:\\\/\\\/www.saporinostri.it\\\/pesto-di-castagna\\\/#breadcrumb\",\"itemListElement\":[{\"@type\":\"ListItem\",\"position\":1,\"name\":\"Home\",\"item\":\"https:\\\/\\\/www.saporinostri.it\\\/\"},{\"@type\":\"ListItem\",\"position\":2,\"name\":\"Shop\",\"item\":\"https:\\\/\\\/www.saporinostri.it\\\/fr\\\/shop\\\/\"},{\"@type\":\"ListItem\",\"position\":3,\"name\":\"Pesto di Castagna 100gr NobiliRadici\"}]},{\"@type\":\"WebSite\",\"@id\":\"https:\\\/\\\/www.saporinostri.it\\\/#website\",\"url\":\"https:\\\/\\\/www.saporinostri.it\\\/\",\"name\":\"Sapori Nostri\",\"description\":\"\",\"publisher\":{\"@id\":\"https:\\\/\\\/www.saporinostri.it\\\/#organization\"},\"potentialAction\":[{\"@type\":\"SearchAction\",\"target\":{\"@type\":\"EntryPoint\",\"urlTemplate\":\"https:\\\/\\\/www.saporinostri.it\\\/?s={search_term_string}\"},\"query-input\":{\"@type\":\"PropertyValueSpecification\",\"valueRequired\":true,\"valueName\":\"search_term_string\"}}],\"inLanguage\":\"fr-FR\"},{\"@type\":\"Organization\",\"@id\":\"https:\\\/\\\/www.saporinostri.it\\\/#organization\",\"name\":\"Sapori Nostri\",\"url\":\"https:\\\/\\\/www.saporinostri.it\\\/\",\"logo\":{\"@type\":\"ImageObject\",\"inLanguage\":\"fr-FR\",\"@id\":\"https:\\\/\\\/www.saporinostri.it\\\/#\\\/schema\\\/logo\\\/image\\\/\",\"url\":\"https:\\\/\\\/www.saporinostri.it\\\/wp-content\\\/uploads\\\/2020\\\/05\\\/logo-retina.png\",\"contentUrl\":\"https:\\\/\\\/www.saporinostri.it\\\/wp-content\\\/uploads\\\/2020\\\/05\\\/logo-retina.png\",\"width\":500,\"height\":109,\"caption\":\"Sapori Nostri\"},\"image\":{\"@id\":\"https:\\\/\\\/www.saporinostri.it\\\/#\\\/schema\\\/logo\\\/image\\\/\"},\"sameAs\":[\"https:\\\/\\\/www.facebook.com\\\/saporinostri.it\\\/\",\"https:\\\/\\\/www.instagram.com\\\/saporinostri.it\\\/\"]}]}<\/script>\n<meta property=\"product:price:amount\" content=\"5.39\" \/>\n<meta property=\"product:price:currency\" content=\"EUR\" \/>\n<meta property=\"og:availability\" content=\"instock\" \/>\n<meta property=\"product:availability\" content=\"instock\" \/>\n<meta property=\"product:condition\" content=\"new\" \/>\n<!-- \/ Yoast SEO Premium plugin. -->","yoast_head_json":{"title":"Pesto de ch\u00e2taignes 100gr NobiliRadici - Sapori Nostri","description":"Le pesto de ch\u00e2taignes est un condiment innovant qui se distingue par son go\u00fbt riche et enveloppant, offrant \u00e0 chaque plat un voyage de saveurs.","robots":{"index":"index","follow":"follow","max-snippet":"max-snippet:-1","max-image-preview":"max-image-preview:large","max-video-preview":"max-video-preview:-1"},"canonical":"https:\/\/www.saporinostri.it\/fr\/pesto-di-castagna\/","og_locale":"fr_FR","og_type":"article","og_title":"Pesto di Castagna 100gr NobiliRadici","og_description":"Il\u00a0pesto di Castagne \u00e8 una condimento innovativo che si distingue per il suo gusto ricco e avvolgente regalando ad ogni pietanza un viaggio di sapori.","og_url":"https:\/\/www.saporinostri.it\/fr\/pesto-di-castagna\/","og_site_name":"Sapori Nostri","article_publisher":"https:\/\/www.facebook.com\/saporinostri.it\/","article_modified_time":"2025-09-06T08:53:29+00:00","og_image":[{"width":1080,"height":1080,"url":"https:\/\/www.saporinostri.it\/wp-content\/uploads\/2024\/12\/Senza-titolo-3-1-7.png","type":"image\/png"}],"twitter_card":"summary_large_image","twitter_misc":{"Prix":"&euro;5,39","Disponibilit\u00e9":"En stock"},"schema":{"@context":"https:\/\/schema.org","@graph":[{"@type":"WebPage","@id":"https:\/\/www.saporinostri.it\/pesto-di-castagna\/","url":"https:\/\/www.saporinostri.it\/pesto-di-castagna\/","name":"Pesto de ch\u00e2taignes 100gr NobiliRadici - Sapori Nostri","isPartOf":{"@id":"https:\/\/www.saporinostri.it\/#website"},"primaryImageOfPage":{"@id":"https:\/\/www.saporinostri.it\/pesto-di-castagna\/#primaryimage"},"image":{"@id":"https:\/\/www.saporinostri.it\/pesto-di-castagna\/#primaryimage"},"thumbnailUrl":"https:\/\/www.saporinostri.it\/wp-content\/uploads\/2024\/12\/Senza-titolo-3-1-7.png","datePublished":"2024-12-05T09:01:30+00:00","dateModified":"2025-09-06T08:53:29+00:00","description":"Le pesto de ch\u00e2taignes est un condiment innovant qui se distingue par son go\u00fbt riche et enveloppant, offrant \u00e0 chaque plat un voyage de saveurs.","breadcrumb":{"@id":"https:\/\/www.saporinostri.it\/pesto-di-castagna\/#breadcrumb"},"inLanguage":"fr-FR","potentialAction":[{"@type":"ReadAction","target":["https:\/\/www.saporinostri.it\/pesto-di-castagna\/"]}]},{"@type":"ImageObject","inLanguage":"fr-FR","@id":"https:\/\/www.saporinostri.it\/pesto-di-castagna\/#primaryimage","url":"https:\/\/www.saporinostri.it\/wp-content\/uploads\/2024\/12\/Senza-titolo-3-1-7.png","contentUrl":"https:\/\/www.saporinostri.it\/wp-content\/uploads\/2024\/12\/Senza-titolo-3-1-7.png","width":1080,"height":1080},{"@type":"BreadcrumbList","@id":"https:\/\/www.saporinostri.it\/pesto-di-castagna\/#breadcrumb","itemListElement":[{"@type":"ListItem","position":1,"name":"Home","item":"https:\/\/www.saporinostri.it\/"},{"@type":"ListItem","position":2,"name":"Shop","item":"https:\/\/www.saporinostri.it\/fr\/shop\/"},{"@type":"ListItem","position":3,"name":"Pesto di Castagna 100gr NobiliRadici"}]},{"@type":"WebSite","@id":"https:\/\/www.saporinostri.it\/#website","url":"https:\/\/www.saporinostri.it\/","name":"Sapori Nostri","description":"","publisher":{"@id":"https:\/\/www.saporinostri.it\/#organization"},"potentialAction":[{"@type":"SearchAction","target":{"@type":"EntryPoint","urlTemplate":"https:\/\/www.saporinostri.it\/?s={search_term_string}"},"query-input":{"@type":"PropertyValueSpecification","valueRequired":true,"valueName":"search_term_string"}}],"inLanguage":"fr-FR"},{"@type":"Organization","@id":"https:\/\/www.saporinostri.it\/#organization","name":"Sapori Nostri","url":"https:\/\/www.saporinostri.it\/","logo":{"@type":"ImageObject","inLanguage":"fr-FR","@id":"https:\/\/www.saporinostri.it\/#\/schema\/logo\/image\/","url":"https:\/\/www.saporinostri.it\/wp-content\/uploads\/2020\/05\/logo-retina.png","contentUrl":"https:\/\/www.saporinostri.it\/wp-content\/uploads\/2020\/05\/logo-retina.png","width":500,"height":109,"caption":"Sapori Nostri"},"image":{"@id":"https:\/\/www.saporinostri.it\/#\/schema\/logo\/image\/"},"sameAs":["https:\/\/www.facebook.com\/saporinostri.it\/","https:\/\/www.instagram.com\/saporinostri.it\/"]}]},"product_price_amount":"5.39","product_price_currency":"EUR","og_availability":"instock","product_availability":"instock","product_condition":"new"},"jetpack_sharing_enabled":true,"brands":[],"_links":{"self":[{"href":"https:\/\/www.saporinostri.it\/fr\/wp-json\/wp\/v2\/product\/31157","targetHints":{"allow":["GET"]}}],"collection":[{"href":"https:\/\/www.saporinostri.it\/fr\/wp-json\/wp\/v2\/product"}],"about":[{"href":"https:\/\/www.saporinostri.it\/fr\/wp-json\/wp\/v2\/types\/product"}],"replies":[{"embeddable":true,"href":"https:\/\/www.saporinostri.it\/fr\/wp-json\/wp\/v2\/comments?post=31157"}],"wp:featuredmedia":[{"embeddable":true,"href":"https:\/\/www.saporinostri.it\/fr\/wp-json\/wp\/v2\/media\/31175"}],"wp:attachment":[{"href":"https:\/\/www.saporinostri.it\/fr\/wp-json\/wp\/v2\/media?parent=31157"}],"wp:term":[{"taxonomy":"pwb-brand","embeddable":true,"href":"https:\/\/www.saporinostri.it\/fr\/wp-json\/wp\/v2\/pwb-brand?post=31157"},{"taxonomy":"product_brand","embeddable":true,"href":"https:\/\/www.saporinostri.it\/fr\/wp-json\/wp\/v2\/product_brand?post=31157"},{"taxonomy":"product_cat","embeddable":true,"href":"https:\/\/www.saporinostri.it\/fr\/wp-json\/wp\/v2\/product_cat?post=31157"},{"taxonomy":"product_tag","embeddable":true,"href":"https:\/\/www.saporinostri.it\/fr\/wp-json\/wp\/v2\/product_tag?post=31157"}],"curies":[{"name":"wp","href":"https:\/\/api.w.org\/{rel}","templated":true}]}}