{"id":32646,"date":"2025-03-14T09:18:11","date_gmt":"2025-03-14T08:18:11","guid":{"rendered":"https:\/\/www.saporinostri.it\/?post_type=product&#038;p=32646"},"modified":"2026-03-13T08:28:52","modified_gmt":"2026-03-13T07:28:52","slug":"fiocchi-di-sale-marino-allaglio-maldon-100g","status":"publish","type":"product","link":"https:\/\/www.saporinostri.it\/fr\/fiocchi-di-sale-marino-allaglio-maldon-100g\/","title":{"rendered":"Flocons de sel de mer \u00e0 l&#039;ail de Maldon 100 g"},"content":{"rendered":"<p style=\"font-size: 1.1em; line-height: 1.3em; color: #333;\">Le sel de Maldon est produit depuis 1882.<\/p>\n<p style=\"font-size: 1.1em; line-height: 1.3em; color: #333;\">Flocons de sel de mer doux et croquants traditionnellement fabriqu\u00e9s avec <strong>m\u00e9thodes naturelles et m\u00e9lang\u00e9 avec de l&#039;ail des ours et r\u00f4ti.<\/strong><\/p>\n<p style=\"font-size: 1.1em; line-height: 1.3em; color: #333;\">L&#039;ajout de <strong>ail r\u00f4ti<\/strong> donne au sel un <strong>douceur d\u00e9licate et saveur de noisette<\/strong> afin d&#039;ajouter une saveur unique, riche et raffin\u00e9e \u00e0 n&#039;importe quel plat.<\/p>\n<p>Les cristaux \u00e0<strong> forme pyramidale<\/strong> sont la marque d\u00e9pos\u00e9e, reconnue dans le monde entier comme le meilleur sel de mer anglais du march\u00e9. Nos flocons lib\u00e8rent leur salinit\u00e9 avec une pr\u00e9cision douce, offrant une intensit\u00e9 fra\u00eeche et un go\u00fbt propre. Un ingr\u00e9dient tr\u00e8s polyvalent \u00e0 utiliser \u00e0 n\u2019importe quel moment du processus de cuisson.<\/p>\n<h3><\/h3>","protected":false},"excerpt":{"rendered":"<p>Flocons de sel de mer doux et croquants traditionnellement fabriqu\u00e9s avec <strong>m\u00e9thodes naturelles et m\u00e9lang\u00e9 avec de l&#039;ail des ours et r\u00f4ti<\/strong>.<\/p>","protected":false},"featured_media":32647,"comment_status":"open","ping_status":"closed","template":"","meta":{"_acf_changed":false,"inline_featured_image":false,"wprm-recipe-roundup-name":"","wprm-recipe-roundup-description":"","_monsterinsights_skip_tracking":false,"_monsterinsights_sitenote_active":false,"_monsterinsights_sitenote_note":"","_monsterinsights_sitenote_category":0},"pwb-brand":[661],"product_brand":[],"product_cat":[645],"product_tag":[],"class_list":{"0":"post-32646","1":"product","2":"type-product","3":"status-publish","4":"has-post-thumbnail","6":"pwb-brand-maldon","7":"product_cat-gourmet","9":"first","10":"instock","11":"sale","12":"taxable","13":"shipping-taxable","14":"purchasable","15":"product-type-simple"},"acf":[],"yoast_head":"<!-- This site is optimized with the Yoast SEO Premium plugin v23.7 (Yoast SEO v27.5) - https:\/\/yoast.com\/product\/yoast-seo-premium-wordpress\/ -->\n<title>Fiocchi di Sale Marino all&#039;Aglio Maldon 100g - Sapori Nostri<\/title>\n<meta name=\"description\" content=\"Fiocchi di sale marino morbidi e croccanti tradizionalmente prodotti con metodi naturali e miscelati con aglio selvatico e arrosto.\" \/>\n<meta name=\"robots\" content=\"index, follow, max-snippet:-1, max-image-preview:large, max-video-preview:-1\" \/>\n<link rel=\"canonical\" href=\"https:\/\/www.saporinostri.it\/fr\/fiocchi-di-sale-marino-allaglio-maldon-100g\/\" \/>\n<meta property=\"og:locale\" content=\"fr_FR\" \/>\n<meta property=\"og:type\" content=\"article\" \/>\n<meta property=\"og:title\" content=\"Fiocchi di Sale Marino all&#039;Aglio Maldon 100g\" \/>\n<meta property=\"og:description\" content=\"Fiocchi di sale marino morbidi e croccanti tradizionalmente prodotti con metodi naturali e miscelati con aglio selvatico e arrosto.\" \/>\n<meta property=\"og:url\" content=\"https:\/\/www.saporinostri.it\/fr\/fiocchi-di-sale-marino-allaglio-maldon-100g\/\" \/>\n<meta property=\"og:site_name\" content=\"Sapori Nostri\" \/>\n<meta property=\"article:publisher\" content=\"https:\/\/www.facebook.com\/saporinostri.it\/\" \/>\n<meta property=\"article:modified_time\" content=\"2026-03-13T07:28:52+00:00\" \/>\n<meta property=\"og:image\" content=\"https:\/\/www.saporinostri.it\/wp-content\/uploads\/2025\/03\/Senza-titolo-25-4.png\" \/>\n\t<meta property=\"og:image:width\" content=\"1080\" \/>\n\t<meta property=\"og:image:height\" content=\"1080\" \/>\n\t<meta property=\"og:image:type\" content=\"image\/png\" \/>\n<meta name=\"twitter:card\" content=\"summary_large_image\" \/>\n<meta name=\"twitter:label1\" content=\"Prix\" \/>\n\t<meta name=\"twitter:data1\" content=\"&euro;6,49\" \/>\n\t<meta name=\"twitter:label2\" content=\"Disponibilit\u00e9\" \/>\n\t<meta name=\"twitter:data2\" content=\"En stock\" \/>\n<script type=\"application\/ld+json\" class=\"yoast-schema-graph\">{\"@context\":\"https:\\\/\\\/schema.org\",\"@graph\":[{\"@type\":\"WebPage\",\"@id\":\"https:\\\/\\\/www.saporinostri.it\\\/fiocchi-di-sale-marino-allaglio-maldon-100g\\\/\",\"url\":\"https:\\\/\\\/www.saporinostri.it\\\/fiocchi-di-sale-marino-allaglio-maldon-100g\\\/\",\"name\":\"Fiocchi di Sale Marino all'Aglio Maldon 100g - Sapori Nostri\",\"isPartOf\":{\"@id\":\"https:\\\/\\\/www.saporinostri.it\\\/#website\"},\"primaryImageOfPage\":{\"@id\":\"https:\\\/\\\/www.saporinostri.it\\\/fiocchi-di-sale-marino-allaglio-maldon-100g\\\/#primaryimage\"},\"image\":{\"@id\":\"https:\\\/\\\/www.saporinostri.it\\\/fiocchi-di-sale-marino-allaglio-maldon-100g\\\/#primaryimage\"},\"thumbnailUrl\":\"https:\\\/\\\/www.saporinostri.it\\\/wp-content\\\/uploads\\\/2025\\\/03\\\/Senza-titolo-25-4.png\",\"datePublished\":\"2025-03-14T08:18:11+00:00\",\"dateModified\":\"2026-03-13T07:28:52+00:00\",\"description\":\"Fiocchi di sale marino morbidi e croccanti tradizionalmente prodotti con metodi naturali e miscelati con aglio selvatico e arrosto.\",\"breadcrumb\":{\"@id\":\"https:\\\/\\\/www.saporinostri.it\\\/fiocchi-di-sale-marino-allaglio-maldon-100g\\\/#breadcrumb\"},\"inLanguage\":\"fr-FR\",\"potentialAction\":[{\"@type\":\"ReadAction\",\"target\":[\"https:\\\/\\\/www.saporinostri.it\\\/fiocchi-di-sale-marino-allaglio-maldon-100g\\\/\"]}]},{\"@type\":\"ImageObject\",\"inLanguage\":\"fr-FR\",\"@id\":\"https:\\\/\\\/www.saporinostri.it\\\/fiocchi-di-sale-marino-allaglio-maldon-100g\\\/#primaryimage\",\"url\":\"https:\\\/\\\/www.saporinostri.it\\\/wp-content\\\/uploads\\\/2025\\\/03\\\/Senza-titolo-25-4.png\",\"contentUrl\":\"https:\\\/\\\/www.saporinostri.it\\\/wp-content\\\/uploads\\\/2025\\\/03\\\/Senza-titolo-25-4.png\",\"width\":1080,\"height\":1080},{\"@type\":\"BreadcrumbList\",\"@id\":\"https:\\\/\\\/www.saporinostri.it\\\/fiocchi-di-sale-marino-allaglio-maldon-100g\\\/#breadcrumb\",\"itemListElement\":[{\"@type\":\"ListItem\",\"position\":1,\"name\":\"Home\",\"item\":\"https:\\\/\\\/www.saporinostri.it\\\/\"},{\"@type\":\"ListItem\",\"position\":2,\"name\":\"Shop\",\"item\":\"https:\\\/\\\/www.saporinostri.it\\\/fr\\\/shop\\\/\"},{\"@type\":\"ListItem\",\"position\":3,\"name\":\"Fiocchi di Sale Marino all&#8217;Aglio Maldon 100g\"}]},{\"@type\":\"WebSite\",\"@id\":\"https:\\\/\\\/www.saporinostri.it\\\/#website\",\"url\":\"https:\\\/\\\/www.saporinostri.it\\\/\",\"name\":\"Sapori Nostri\",\"description\":\"\",\"publisher\":{\"@id\":\"https:\\\/\\\/www.saporinostri.it\\\/#organization\"},\"potentialAction\":[{\"@type\":\"SearchAction\",\"target\":{\"@type\":\"EntryPoint\",\"urlTemplate\":\"https:\\\/\\\/www.saporinostri.it\\\/?s={search_term_string}\"},\"query-input\":{\"@type\":\"PropertyValueSpecification\",\"valueRequired\":true,\"valueName\":\"search_term_string\"}}],\"inLanguage\":\"fr-FR\"},{\"@type\":\"Organization\",\"@id\":\"https:\\\/\\\/www.saporinostri.it\\\/#organization\",\"name\":\"Sapori Nostri\",\"url\":\"https:\\\/\\\/www.saporinostri.it\\\/\",\"logo\":{\"@type\":\"ImageObject\",\"inLanguage\":\"fr-FR\",\"@id\":\"https:\\\/\\\/www.saporinostri.it\\\/#\\\/schema\\\/logo\\\/image\\\/\",\"url\":\"https:\\\/\\\/www.saporinostri.it\\\/wp-content\\\/uploads\\\/2020\\\/05\\\/logo-retina.png\",\"contentUrl\":\"https:\\\/\\\/www.saporinostri.it\\\/wp-content\\\/uploads\\\/2020\\\/05\\\/logo-retina.png\",\"width\":500,\"height\":109,\"caption\":\"Sapori Nostri\"},\"image\":{\"@id\":\"https:\\\/\\\/www.saporinostri.it\\\/#\\\/schema\\\/logo\\\/image\\\/\"},\"sameAs\":[\"https:\\\/\\\/www.facebook.com\\\/saporinostri.it\\\/\",\"https:\\\/\\\/www.instagram.com\\\/saporinostri.it\\\/\"]}]}<\/script>\n<meta property=\"product:brand\" content=\"Maldon\" \/>\n<meta property=\"product:price:amount\" content=\"6.49\" \/>\n<meta property=\"product:price:currency\" content=\"EUR\" \/>\n<meta property=\"og:availability\" content=\"instock\" \/>\n<meta property=\"product:availability\" content=\"instock\" \/>\n<meta property=\"product:retailer_item_id\" content=\"5011428000522\" \/>\n<meta property=\"product:condition\" content=\"new\" \/>\n<!-- \/ Yoast SEO Premium plugin. -->","yoast_head_json":{"title":"Flocons de sel de mer \u00e0 l&#039;ail de Maldon 100 g - Sapori Nostri","description":"Flocons de sel de mer doux et croquants produits traditionnellement selon des m\u00e9thodes naturelles et m\u00e9lang\u00e9s avec de l&#039;ail sauvage et r\u00f4ti.","robots":{"index":"index","follow":"follow","max-snippet":"max-snippet:-1","max-image-preview":"max-image-preview:large","max-video-preview":"max-video-preview:-1"},"canonical":"https:\/\/www.saporinostri.it\/fr\/fiocchi-di-sale-marino-allaglio-maldon-100g\/","og_locale":"fr_FR","og_type":"article","og_title":"Fiocchi di Sale Marino all'Aglio Maldon 100g","og_description":"Fiocchi di sale marino morbidi e croccanti tradizionalmente prodotti con metodi naturali e miscelati con aglio selvatico e arrosto.","og_url":"https:\/\/www.saporinostri.it\/fr\/fiocchi-di-sale-marino-allaglio-maldon-100g\/","og_site_name":"Sapori Nostri","article_publisher":"https:\/\/www.facebook.com\/saporinostri.it\/","article_modified_time":"2026-03-13T07:28:52+00:00","og_image":[{"width":1080,"height":1080,"url":"https:\/\/www.saporinostri.it\/wp-content\/uploads\/2025\/03\/Senza-titolo-25-4.png","type":"image\/png"}],"twitter_card":"summary_large_image","twitter_misc":{"Prix":"&euro;6,49","Disponibilit\u00e9":"En stock"},"schema":{"@context":"https:\/\/schema.org","@graph":[{"@type":"WebPage","@id":"https:\/\/www.saporinostri.it\/fiocchi-di-sale-marino-allaglio-maldon-100g\/","url":"https:\/\/www.saporinostri.it\/fiocchi-di-sale-marino-allaglio-maldon-100g\/","name":"Flocons de sel de mer \u00e0 l&#039;ail de Maldon 100 g - Sapori Nostri","isPartOf":{"@id":"https:\/\/www.saporinostri.it\/#website"},"primaryImageOfPage":{"@id":"https:\/\/www.saporinostri.it\/fiocchi-di-sale-marino-allaglio-maldon-100g\/#primaryimage"},"image":{"@id":"https:\/\/www.saporinostri.it\/fiocchi-di-sale-marino-allaglio-maldon-100g\/#primaryimage"},"thumbnailUrl":"https:\/\/www.saporinostri.it\/wp-content\/uploads\/2025\/03\/Senza-titolo-25-4.png","datePublished":"2025-03-14T08:18:11+00:00","dateModified":"2026-03-13T07:28:52+00:00","description":"Flocons de sel de mer doux et croquants produits traditionnellement selon des m\u00e9thodes naturelles et m\u00e9lang\u00e9s avec de l&#039;ail sauvage et r\u00f4ti.","breadcrumb":{"@id":"https:\/\/www.saporinostri.it\/fiocchi-di-sale-marino-allaglio-maldon-100g\/#breadcrumb"},"inLanguage":"fr-FR","potentialAction":[{"@type":"ReadAction","target":["https:\/\/www.saporinostri.it\/fiocchi-di-sale-marino-allaglio-maldon-100g\/"]}]},{"@type":"ImageObject","inLanguage":"fr-FR","@id":"https:\/\/www.saporinostri.it\/fiocchi-di-sale-marino-allaglio-maldon-100g\/#primaryimage","url":"https:\/\/www.saporinostri.it\/wp-content\/uploads\/2025\/03\/Senza-titolo-25-4.png","contentUrl":"https:\/\/www.saporinostri.it\/wp-content\/uploads\/2025\/03\/Senza-titolo-25-4.png","width":1080,"height":1080},{"@type":"BreadcrumbList","@id":"https:\/\/www.saporinostri.it\/fiocchi-di-sale-marino-allaglio-maldon-100g\/#breadcrumb","itemListElement":[{"@type":"ListItem","position":1,"name":"Home","item":"https:\/\/www.saporinostri.it\/"},{"@type":"ListItem","position":2,"name":"Shop","item":"https:\/\/www.saporinostri.it\/fr\/shop\/"},{"@type":"ListItem","position":3,"name":"Fiocchi di Sale Marino all&#8217;Aglio Maldon 100g"}]},{"@type":"WebSite","@id":"https:\/\/www.saporinostri.it\/#website","url":"https:\/\/www.saporinostri.it\/","name":"Sapori Nostri","description":"","publisher":{"@id":"https:\/\/www.saporinostri.it\/#organization"},"potentialAction":[{"@type":"SearchAction","target":{"@type":"EntryPoint","urlTemplate":"https:\/\/www.saporinostri.it\/?s={search_term_string}"},"query-input":{"@type":"PropertyValueSpecification","valueRequired":true,"valueName":"search_term_string"}}],"inLanguage":"fr-FR"},{"@type":"Organization","@id":"https:\/\/www.saporinostri.it\/#organization","name":"Sapori Nostri","url":"https:\/\/www.saporinostri.it\/","logo":{"@type":"ImageObject","inLanguage":"fr-FR","@id":"https:\/\/www.saporinostri.it\/#\/schema\/logo\/image\/","url":"https:\/\/www.saporinostri.it\/wp-content\/uploads\/2020\/05\/logo-retina.png","contentUrl":"https:\/\/www.saporinostri.it\/wp-content\/uploads\/2020\/05\/logo-retina.png","width":500,"height":109,"caption":"Sapori Nostri"},"image":{"@id":"https:\/\/www.saporinostri.it\/#\/schema\/logo\/image\/"},"sameAs":["https:\/\/www.facebook.com\/saporinostri.it\/","https:\/\/www.instagram.com\/saporinostri.it\/"]}]},"product_brand":"Maldon","product_price_amount":"6.49","product_price_currency":"EUR","og_availability":"instock","product_availability":"instock","product_retailer_item_id":"5011428000522","product_condition":"new"},"jetpack_sharing_enabled":true,"brands":[{"id":661,"name":"Maldon","slug":"maldon"}],"_links":{"self":[{"href":"https:\/\/www.saporinostri.it\/fr\/wp-json\/wp\/v2\/product\/32646","targetHints":{"allow":["GET"]}}],"collection":[{"href":"https:\/\/www.saporinostri.it\/fr\/wp-json\/wp\/v2\/product"}],"about":[{"href":"https:\/\/www.saporinostri.it\/fr\/wp-json\/wp\/v2\/types\/product"}],"replies":[{"embeddable":true,"href":"https:\/\/www.saporinostri.it\/fr\/wp-json\/wp\/v2\/comments?post=32646"}],"wp:featuredmedia":[{"embeddable":true,"href":"https:\/\/www.saporinostri.it\/fr\/wp-json\/wp\/v2\/media\/32647"}],"wp:attachment":[{"href":"https:\/\/www.saporinostri.it\/fr\/wp-json\/wp\/v2\/media?parent=32646"}],"wp:term":[{"taxonomy":"pwb-brand","embeddable":true,"href":"https:\/\/www.saporinostri.it\/fr\/wp-json\/wp\/v2\/pwb-brand?post=32646"},{"taxonomy":"product_brand","embeddable":true,"href":"https:\/\/www.saporinostri.it\/fr\/wp-json\/wp\/v2\/product_brand?post=32646"},{"taxonomy":"product_cat","embeddable":true,"href":"https:\/\/www.saporinostri.it\/fr\/wp-json\/wp\/v2\/product_cat?post=32646"},{"taxonomy":"product_tag","embeddable":true,"href":"https:\/\/www.saporinostri.it\/fr\/wp-json\/wp\/v2\/product_tag?post=32646"}],"curies":[{"name":"wp","href":"https:\/\/api.w.org\/{rel}","templated":true}]}}