{"id":33889,"date":"2025-06-06T10:17:17","date_gmt":"2025-06-06T08:17:17","guid":{"rendered":"https:\/\/www.saporinostri.it\/?post_type=product&#038;p=33889"},"modified":"2026-03-06T22:21:33","modified_gmt":"2026-03-06T21:21:33","slug":"scarola-stufata-in-olio-carbone-1-kg-copia","status":"publish","type":"product","link":"https:\/\/www.saporinostri.it\/fr\/scarola-stufata-in-olio-carbone-1-kg-copia\/","title":{"rendered":"Scarole \u00e0 l&#039;huile et charbon de bois mijot\u00e9 1 kg"},"content":{"rendered":"<div id=\"main-product-wrapper\" class=\"product-container\">\n<div class=\"tabs product-tabs\">\n<div id=\"product-infos-tabs-content\" class=\"tab-content\">\n<div id=\"description\" class=\"tab-pane in active\">\n<div class=\"product-description\">\n<div class=\"rte-content\">\n<p>Produit obtenu \u00e0 partir des feuilles les plus tendres de scarole, soigneusement s\u00e9lectionn\u00e9es et lav\u00e9es, puis assaisonn\u00e9es d&#039;huile, d&#039;ail et d&#039;une pinc\u00e9e de piment. C&#039;est un produit tr\u00e8s polyvalent qui se pr\u00eate \u00e0 une grande vari\u00e9t\u00e9 de pr\u00e9parations, allant du simple accompagnement de viandes et de poissons \u00e0 la pr\u00e9paration de garnitures, en passant par la farce de pizzas ou la base de soupes de l\u00e9gumes. Saut\u00e9 \u00e0 la po\u00eale avec des c\u00e2pres, des olives et des anchois, il constitue l&#039;ingr\u00e9dient principal de la c\u00e9l\u00e8bre pizza napolitaine \u00e0 la scarole.<\/p>\n<\/div>\n<\/div>\n<\/div>\n<\/div>\n<\/div>\n<div id=\"product-infos-accordion-mobile\" class=\"iqit-accordion\" role=\"tablist\" aria-multiselectable=\"true\"><\/div>\n<\/div>\n<section class=\"crossselling-products block block-section\"><\/section>","protected":false},"excerpt":{"rendered":"<div id=\"description\" class=\"tab-pane in active\">\n<div class=\"product-description\">\n<div class=\"rte-content\">\n<div id=\"description\" class=\"tab-pane in active\">\n<div class=\"product-description\">\n<div class=\"rte-content\">Prodotto ottenuto dalle foglie pi\u00f9 tenere dell&#8217;indivia scarola accuratamente selezionate e lavate, condite con olio, aglio e un pizzico di peperoncino.<\/div>\n<\/div>\n<\/div>\n<div id=\"product-details-tab\" class=\"tab-pane \">\n<div id=\"product-details\" class=\"clearfix\" data-product=\"{&quot;id_shop_default&quot;:&quot;1&quot;,&quot;id_manufacturer&quot;:&quot;581&quot;,&quot;id_supplier&quot;:&quot;1&quot;,&quot;reference&quot;:&quot;14961&quot;,&quot;is_virtual&quot;:&quot;0&quot;,&quot;delivery_in_stock&quot;:&quot;&quot;,&quot;delivery_out_stock&quot;:&quot;&quot;,&quot;id_category_default&quot;:&quot;1180&quot;,&quot;on_sale&quot;:&quot;0&quot;,&quot;online_only&quot;:&quot;0&quot;,&quot;ecotax&quot;:&quot;0.000000&quot;,&quot;minimal_quantity&quot;:&quot;1&quot;,&quot;low_stock_threshold&quot;:null,&quot;low_stock_alert&quot;:&quot;0&quot;,&quot;price&quot;:&quot;7,70u00a0u20ac&quot;,&quot;unity&quot;:&quot;&quot;,&quot;unit_price_ratio&quot;:&quot;0.000000&quot;,&quot;additional_shipping_cost&quot;:&quot;0.000000&quot;,&quot;customizable&quot;:&quot;0&quot;,&quot;text_fields&quot;:&quot;0&quot;,&quot;uploadable_files&quot;:&quot;0&quot;,&quot;redirect_type&quot;:&quot;404&quot;,&quot;id_type_redirected&quot;:&quot;0&quot;,&quot;available_for_order&quot;:&quot;1&quot;,&quot;available_date&quot;:&quot;0000-00-00&quot;,&quot;show_condition&quot;:&quot;0&quot;,&quot;condition&quot;:&quot;new&quot;,&quot;show_price&quot;:&quot;1&quot;,&quot;indexed&quot;:&quot;1&quot;,&quot;visibility&quot;:&quot;both&quot;,&quot;cache_default_attribute&quot;:&quot;0&quot;,&quot;advanced_stock_management&quot;:&quot;0&quot;,&quot;date_add&quot;:&quot;2020-08-27 18:19:18&quot;,&quot;date_upd&quot;:&quot;2025-06-05 12:56:01&quot;,&quot;pack_stock_type&quot;:&quot;3&quot;,&quot;meta_description&quot;:&quot;Stai cercando Datterino Giallo al Naturale 1062ml Carbone? Entra in Casillowine.com Datterino Giallo al Naturale 1062ml Carbone Spezie, Conserve e Confetture e scopri tutte le nostre offerte!&quot;,&quot;meta_keywords&quot;:&quot;&quot;,&quot;meta_title&quot;:&quot;Datterino Giallo al Naturale 1062ml Carbone - Spezie, Conserve e Confetture | Casillowine.com Shop Online&quot;,&quot;link_rewrite&quot;:&quot;datterino-giallo-al-naturale-1062ml-carbone&quot;,&quot;name&quot;:&quot;Datterino Giallo al Naturale 1062ml Carbone&quot;,&quot;description&quot;:&quot;Il pomodorino datterino giallo, al contrario di quanto si possa pensare u00e8 il progenitore del pomodoro che conosciamo noi oggi. I primi coltivatori di pomodoro furono gli indigeni americani che ne facevano un largo ed immenso consumo e che pensavano che le bacche gialle avessero un potere afrodisiaco. La pianta venne poi esportata in Spagna ad uso ornamentale, ma u00e8 proprio da lu00ec che gli italiani ne presero il nome u201cpomo du2019orou201d per utilizzarne il frutto che u00e8 oggi sulle nostre tavole. Il datterino giallo ha un sapore dolce e si caratterizza per la totale assenza di aciditu00e0. Alla raccolta si presenta in grappoli regolari di 14-16 frutti, di forma cilindrica non ben definita ed uniforme. u00c8 ricco di sostanze dallu2019elevato potere antiossidante capaci di neutralizzare i radicali liberi. Contiene anche vitamina C, A e vitamine del gruppo B. Proprio perchu00e9, rispetto al pomodoro classico, non presenta aciditu00e0, u00e8 largamente utilizzato nelle ricette a base di pesce e frutti di mare e per farcire la pizza&quot;,&quot;description_short&quot;:&quot;&lt;p&gt;&lt;strong&gt;SCHEDA TECNICA&lt;\/strong&gt;&lt;\/p&gt;rn&lt;p&gt;Tipologia: Conserve&lt;\/p&gt;rn&lt;p&gt;Produttore: Carbone Conserve&lt;\/p&gt;rn&lt;p&gt;Provenienza: Italia&lt;\/p&gt;rn&lt;p&gt;Formato: ml 1062&lt;\/p&gt;rn&lt;p&gt;Unitu00e0 di vendita: Confezione da 6 pezzi&lt;\/p&gt;rn&lt;p&gt;Il prezzo u00e8 riferito a singolo pezzo&lt;\/p&gt;&quot;,&quot;available_now&quot;:&quot;&quot;,&quot;available_later&quot;:&quot;&quot;,&quot;id&quot;:10057,&quot;id_product&quot;:10057,&quot;out_of_stock&quot;:2,&quot;new&quot;:0,&quot;id_product_attribute&quot;:&quot;0&quot;,&quot;quantity_wanted&quot;:1,&quot;extraContent&quot;:[],&quot;allow_oosp&quot;:0,&quot;category&quot;:&quot;spezie-conserve-e-confetture&quot;,&quot;category_name&quot;:&quot;Spezie, Conserve e Confetture&quot;,&quot;link&quot;:&quot;https:\/\/www.casillowine.com\/it\/spezie-conserve-e-confetture\/datterino-giallo-al-naturale-1062ml-carbone.html&quot;,&quot;attribute_price&quot;:0,&quot;price_tax_exc&quot;:7,&quot;price_without_reduction&quot;:7.70000000000000017763568394002504646778106689453125,&quot;reduction&quot;:0,&quot;specific_prices&quot;:[],&quot;quantity&quot;:86,&quot;quantity_all_versions&quot;:86,&quot;id_image&quot;:&quot;it-default&quot;,&quot;features&quot;:{&quot;31&quot;:{&quot;values&quot;:[&quot;6&quot;],&quot;name&quot;:null,&quot;id_feature&quot;:&quot;31&quot;,&quot;value&quot;:&quot;6&quot;},&quot;8&quot;:{&quot;values&quot;:[&quot;1 PZ&quot;],&quot;name&quot;:&quot;Unitu00e0 di vendita&quot;,&quot;id_feature&quot;:&quot;8&quot;,&quot;value&quot;:&quot;1 PZ&quot;},&quot;9&quot;:{&quot;values&quot;:[&quot;6 CF&quot;],&quot;name&quot;:&quot;Confezione di vendita&quot;,&quot;id_feature&quot;:&quot;9&quot;,&quot;value&quot;:&quot;6 CF&quot;},&quot;20&quot;:{&quot;values&quot;:[&quot;Italia&quot;],&quot;name&quot;:&quot;Nazione&quot;,&quot;id_feature&quot;:&quot;20&quot;,&quot;value&quot;:&quot;Italia&quot;},&quot;21&quot;:{&quot;values&quot;:[&quot;Campania&quot;],&quot;name&quot;:&quot;Regione&quot;,&quot;id_feature&quot;:&quot;21&quot;,&quot;value&quot;:&quot;Campania&quot;},&quot;23&quot;:{&quot;values&quot;:[&quot;ml 1062&quot;],&quot;name&quot;:&quot;Formato&quot;,&quot;id_feature&quot;:&quot;23&quot;,&quot;value&quot;:&quot;ml 1062&quot;}},&quot;attachments&quot;:[],&quot;virtual&quot;:0,&quot;pack&quot;:0,&quot;packItems&quot;:[],&quot;nopackprice&quot;:0,&quot;customization_required&quot;:false,&quot;rate&quot;:10,&quot;tax_name&quot;:&quot;IVA IT 10%&quot;,&quot;ecotax_rate&quot;:0,&quot;unit_price&quot;:&quot;&quot;,&quot;customizations&quot;:{&quot;fields&quot;:[]},&quot;id_customization&quot;:0,&quot;is_customizable&quot;:false,&quot;show_quantities&quot;:true,&quot;quantity_label&quot;:&quot;Articoli&quot;,&quot;quantity_discounts&quot;:[],&quot;customer_group_discount&quot;:0,&quot;images&quot;:[{&quot;bySize&quot;:{&quot;cart_default&quot;:{&quot;url&quot;:&quot;https:\/\/www.casillowine.com\/17203-cart_default\/datterino-giallo-al-naturale-1062ml-carbone.jpg&quot;,&quot;width&quot;:125,&quot;height&quot;:125},&quot;small_default&quot;:{&quot;url&quot;:&quot;https:\/\/www.casillowine.com\/17203-small_default\/datterino-giallo-al-naturale-1062ml-carbone.jpg&quot;,&quot;width&quot;:125,&quot;height&quot;:125},&quot;home_default&quot;:{&quot;url&quot;:&quot;https:\/\/www.casillowine.com\/17203-home_default\/datterino-giallo-al-naturale-1062ml-carbone.jpg&quot;,&quot;width&quot;:300,&quot;height&quot;:300},&quot;medium_default&quot;:{&quot;url&quot;:&quot;https:\/\/www.casillowine.com\/17203-medium_default\/datterino-giallo-al-naturale-1062ml-carbone.jpg&quot;,&quot;width&quot;:450,&quot;height&quot;:450},&quot;large_default&quot;:{&quot;url&quot;:&quot;https:\/\/www.casillowine.com\/17203-large_default\/datterino-giallo-al-naturale-1062ml-carbone.jpg&quot;,&quot;width&quot;:500,&quot;height&quot;:500},&quot;thickbox_default&quot;:{&quot;url&quot;:&quot;https:\/\/www.casillowine.com\/17203-thickbox_default\/datterino-giallo-al-naturale-1062ml-carbone.jpg&quot;,&quot;width&quot;:1250,&quot;height&quot;:1250}},&quot;small&quot;:{&quot;url&quot;:&quot;https:\/\/www.casillowine.com\/17203-cart_default\/datterino-giallo-al-naturale-1062ml-carbone.jpg&quot;,&quot;width&quot;:125,&quot;height&quot;:125},&quot;medium&quot;:{&quot;url&quot;:&quot;https:\/\/www.casillowine.com\/17203-medium_default\/datterino-giallo-al-naturale-1062ml-carbone.jpg&quot;,&quot;width&quot;:450,&quot;height&quot;:450},&quot;large&quot;:{&quot;url&quot;:&quot;https:\/\/www.casillowine.com\/17203-thickbox_default\/datterino-giallo-al-naturale-1062ml-carbone.jpg&quot;,&quot;width&quot;:1250,&quot;height&quot;:1250},&quot;legend&quot;:&quot;&quot;,&quot;id_image&quot;:&quot;17203&quot;,&quot;cover&quot;:&quot;1&quot;,&quot;position&quot;:&quot;1&quot;,&quot;associatedVariants&quot;:[]}],&quot;cover&quot;:{&quot;bySize&quot;:{&quot;cart_default&quot;:{&quot;url&quot;:&quot;https:\/\/www.casillowine.com\/17203-cart_default\/datterino-giallo-al-naturale-1062ml-carbone.jpg&quot;,&quot;width&quot;:125,&quot;height&quot;:125},&quot;small_default&quot;:{&quot;url&quot;:&quot;https:\/\/www.casillowine.com\/17203-small_default\/datterino-giallo-al-naturale-1062ml-carbone.jpg&quot;,&quot;width&quot;:125,&quot;height&quot;:125},&quot;home_default&quot;:{&quot;url&quot;:&quot;https:\/\/www.casillowine.com\/17203-home_default\/datterino-giallo-al-naturale-1062ml-carbone.jpg&quot;,&quot;width&quot;:300,&quot;height&quot;:300},&quot;medium_default&quot;:{&quot;url&quot;:&quot;https:\/\/www.casillowine.com\/17203-medium_default\/datterino-giallo-al-naturale-1062ml-carbone.jpg&quot;,&quot;width&quot;:450,&quot;height&quot;:450},&quot;large_default&quot;:{&quot;url&quot;:&quot;https:\/\/www.casillowine.com\/17203-large_default\/datterino-giallo-al-naturale-1062ml-carbone.jpg&quot;,&quot;width&quot;:500,&quot;height&quot;:500},&quot;thickbox_default&quot;:{&quot;url&quot;:&quot;https:\/\/www.casillowine.com\/17203-thickbox_default\/datterino-giallo-al-naturale-1062ml-carbone.jpg&quot;,&quot;width&quot;:1250,&quot;height&quot;:1250}},&quot;small&quot;:{&quot;url&quot;:&quot;https:\/\/www.casillowine.com\/17203-cart_default\/datterino-giallo-al-naturale-1062ml-carbone.jpg&quot;,&quot;width&quot;:125,&quot;height&quot;:125},&quot;medium&quot;:{&quot;url&quot;:&quot;https:\/\/www.casillowine.com\/17203-medium_default\/datterino-giallo-al-naturale-1062ml-carbone.jpg&quot;,&quot;width&quot;:450,&quot;height&quot;:450},&quot;large&quot;:{&quot;url&quot;:&quot;https:\/\/www.casillowine.com\/17203-thickbox_default\/datterino-giallo-al-naturale-1062ml-carbone.jpg&quot;,&quot;width&quot;:1250,&quot;height&quot;:1250},&quot;legend&quot;:&quot;&quot;,&quot;id_image&quot;:&quot;17203&quot;,&quot;cover&quot;:&quot;1&quot;,&quot;position&quot;:&quot;1&quot;,&quot;associatedVariants&quot;:[]},&quot;has_discount&quot;:false,&quot;discount_type&quot;:null,&quot;discount_percentage&quot;:null,&quot;discount_percentage_absolute&quot;:null,&quot;discount_amount&quot;:null,&quot;discount_amount_to_display&quot;:null,&quot;price_amount&quot;:7.70000000000000017763568394002504646778106689453125,&quot;unit_price_full&quot;:&quot;&quot;,&quot;show_availability&quot;:true,&quot;availability_date&quot;:null,&quot;availability_message&quot;:&quot;&quot;,&quot;availability&quot;:&quot;available&quot;}\">\n<section class=\"product-features\">\n<dl class=\"data-sheet\">\n<dt class=\"name\"><\/dt>\n<dd class=\"value\"><\/dd>\n<dt class=\"name\"><\/dt>\n<dd class=\"value\"><\/dd>\n<dt class=\"name\"><\/dt>\n<dd class=\"value\"><\/dd>\n<dt class=\"name\"><\/dt>\n<dd class=\"value\"><\/dd>\n<dt class=\"name\"><\/dt>\n<dd class=\"value\"><\/dd>\n<\/dl>\n<\/section>\n<div class=\"product-out-of-stock\"><\/div>\n<\/div>\n<\/div>\n<\/div>\n<\/div>\n<\/div>\n<p style=\"font-size: 1.1em; line-height: 1.4em; color: #333;\"><strong style=\"margin-top: 20px;\">Peso Sgocciolato:<\/strong> 950 g<br \/>\n<strong>Peso Netto:<\/strong> 1062g<\/p>\n","protected":false},"featured_media":33890,"comment_status":"open","ping_status":"closed","template":"","meta":{"_acf_changed":false,"inline_featured_image":false,"wprm-recipe-roundup-name":"","wprm-recipe-roundup-description":"","_monsterinsights_skip_tracking":false,"_monsterinsights_sitenote_active":false,"_monsterinsights_sitenote_note":"","_monsterinsights_sitenote_category":0},"pwb-brand":[413],"product_brand":[],"product_cat":[412,202],"product_tag":[],"class_list":{"0":"post-33889","1":"product","2":"type-product","3":"status-publish","4":"has-post-thumbnail","6":"pwb-brand-carbone","7":"product_cat-conserve","8":"product_cat-sottoli-e-sottaceti","10":"first","11":"instock","12":"sale","13":"taxable","14":"shipping-taxable","15":"purchasable","16":"product-type-simple"},"acf":[],"yoast_head":"<!-- This site is optimized with the Yoast SEO Premium plugin v23.7 (Yoast SEO v27.3) - https:\/\/yoast.com\/product\/yoast-seo-premium-wordpress\/ -->\n<title>Scarola in Olio Stufata Carbone 1 Kg - Sapori Nostri<\/title>\n<meta name=\"description\" content=\"Ripassata in padella con l&#039;aggiunta di capperi, olive e acciughe \u00e8 l&#039;elemento principe della famosa Pizza di scarole Napoletana\" \/>\n<meta name=\"robots\" content=\"index, follow, max-snippet:-1, max-image-preview:large, max-video-preview:-1\" \/>\n<link rel=\"canonical\" href=\"https:\/\/www.saporinostri.it\/fr\/scarola-stufata-in-olio-carbone-1-kg-copia\/\" \/>\n<meta property=\"og:locale\" content=\"fr_FR\" \/>\n<meta property=\"og:type\" content=\"article\" \/>\n<meta property=\"og:title\" content=\"Scarola in Olio Stufata Carbone 1 Kg\" \/>\n<meta property=\"og:description\" content=\"Ripassata in padella con l&#039;aggiunta di capperi, olive e acciughe \u00e8 l&#039;elemento principe della famosa Pizza di scarole Napoletana\" \/>\n<meta property=\"og:url\" content=\"https:\/\/www.saporinostri.it\/fr\/scarola-stufata-in-olio-carbone-1-kg-copia\/\" \/>\n<meta property=\"og:site_name\" content=\"Sapori Nostri\" \/>\n<meta property=\"article:publisher\" content=\"https:\/\/www.facebook.com\/saporinostri.it\/\" \/>\n<meta property=\"article:modified_time\" content=\"2026-03-06T21:21:33+00:00\" \/>\n<meta property=\"og:image\" content=\"https:\/\/www.saporinostri.it\/wp-content\/uploads\/2025\/06\/Scarola-stufata-in-olio-600x600-1.webp\" \/>\n\t<meta property=\"og:image:width\" content=\"600\" \/>\n\t<meta property=\"og:image:height\" content=\"600\" \/>\n\t<meta property=\"og:image:type\" content=\"image\/webp\" \/>\n<meta name=\"twitter:card\" content=\"summary_large_image\" \/>\n<meta name=\"twitter:label1\" content=\"Prix\" \/>\n\t<meta name=\"twitter:data1\" content=\"&euro;7,49\" \/>\n\t<meta name=\"twitter:label2\" content=\"Disponibilit\u00e9\" \/>\n\t<meta name=\"twitter:data2\" content=\"En stock\" \/>\n<script type=\"application\/ld+json\" class=\"yoast-schema-graph\">{\"@context\":\"https:\\\/\\\/schema.org\",\"@graph\":[{\"@type\":\"WebPage\",\"@id\":\"https:\\\/\\\/www.saporinostri.it\\\/scarola-stufata-in-olio-carbone-1-kg-copia\\\/\",\"url\":\"https:\\\/\\\/www.saporinostri.it\\\/scarola-stufata-in-olio-carbone-1-kg-copia\\\/\",\"name\":\"Scarola in Olio Stufata Carbone 1 Kg - Sapori Nostri\",\"isPartOf\":{\"@id\":\"https:\\\/\\\/www.saporinostri.it\\\/#website\"},\"primaryImageOfPage\":{\"@id\":\"https:\\\/\\\/www.saporinostri.it\\\/scarola-stufata-in-olio-carbone-1-kg-copia\\\/#primaryimage\"},\"image\":{\"@id\":\"https:\\\/\\\/www.saporinostri.it\\\/scarola-stufata-in-olio-carbone-1-kg-copia\\\/#primaryimage\"},\"thumbnailUrl\":\"https:\\\/\\\/www.saporinostri.it\\\/wp-content\\\/uploads\\\/2025\\\/06\\\/Scarola-stufata-in-olio-600x600-1.webp\",\"datePublished\":\"2025-06-06T08:17:17+00:00\",\"dateModified\":\"2026-03-06T21:21:33+00:00\",\"description\":\"Ripassata in padella con l'aggiunta di capperi, olive e acciughe \u00e8 l'elemento principe della famosa Pizza di scarole Napoletana\",\"breadcrumb\":{\"@id\":\"https:\\\/\\\/www.saporinostri.it\\\/scarola-stufata-in-olio-carbone-1-kg-copia\\\/#breadcrumb\"},\"inLanguage\":\"fr-FR\",\"potentialAction\":[{\"@type\":\"ReadAction\",\"target\":[\"https:\\\/\\\/www.saporinostri.it\\\/scarola-stufata-in-olio-carbone-1-kg-copia\\\/\"]}]},{\"@type\":\"ImageObject\",\"inLanguage\":\"fr-FR\",\"@id\":\"https:\\\/\\\/www.saporinostri.it\\\/scarola-stufata-in-olio-carbone-1-kg-copia\\\/#primaryimage\",\"url\":\"https:\\\/\\\/www.saporinostri.it\\\/wp-content\\\/uploads\\\/2025\\\/06\\\/Scarola-stufata-in-olio-600x600-1.webp\",\"contentUrl\":\"https:\\\/\\\/www.saporinostri.it\\\/wp-content\\\/uploads\\\/2025\\\/06\\\/Scarola-stufata-in-olio-600x600-1.webp\",\"width\":600,\"height\":600},{\"@type\":\"BreadcrumbList\",\"@id\":\"https:\\\/\\\/www.saporinostri.it\\\/scarola-stufata-in-olio-carbone-1-kg-copia\\\/#breadcrumb\",\"itemListElement\":[{\"@type\":\"ListItem\",\"position\":1,\"name\":\"Home\",\"item\":\"https:\\\/\\\/www.saporinostri.it\\\/\"},{\"@type\":\"ListItem\",\"position\":2,\"name\":\"Shop\",\"item\":\"https:\\\/\\\/www.saporinostri.it\\\/fr\\\/shop\\\/\"},{\"@type\":\"ListItem\",\"position\":3,\"name\":\"Scarola in Olio Stufata Carbone 1 Kg\"}]},{\"@type\":\"WebSite\",\"@id\":\"https:\\\/\\\/www.saporinostri.it\\\/#website\",\"url\":\"https:\\\/\\\/www.saporinostri.it\\\/\",\"name\":\"Sapori Nostri\",\"description\":\"\",\"publisher\":{\"@id\":\"https:\\\/\\\/www.saporinostri.it\\\/#organization\"},\"potentialAction\":[{\"@type\":\"SearchAction\",\"target\":{\"@type\":\"EntryPoint\",\"urlTemplate\":\"https:\\\/\\\/www.saporinostri.it\\\/?s={search_term_string}\"},\"query-input\":{\"@type\":\"PropertyValueSpecification\",\"valueRequired\":true,\"valueName\":\"search_term_string\"}}],\"inLanguage\":\"fr-FR\"},{\"@type\":\"Organization\",\"@id\":\"https:\\\/\\\/www.saporinostri.it\\\/#organization\",\"name\":\"Sapori Nostri\",\"url\":\"https:\\\/\\\/www.saporinostri.it\\\/\",\"logo\":{\"@type\":\"ImageObject\",\"inLanguage\":\"fr-FR\",\"@id\":\"https:\\\/\\\/www.saporinostri.it\\\/#\\\/schema\\\/logo\\\/image\\\/\",\"url\":\"https:\\\/\\\/www.saporinostri.it\\\/wp-content\\\/uploads\\\/2020\\\/05\\\/logo-retina.png\",\"contentUrl\":\"https:\\\/\\\/www.saporinostri.it\\\/wp-content\\\/uploads\\\/2020\\\/05\\\/logo-retina.png\",\"width\":500,\"height\":109,\"caption\":\"Sapori Nostri\"},\"image\":{\"@id\":\"https:\\\/\\\/www.saporinostri.it\\\/#\\\/schema\\\/logo\\\/image\\\/\"},\"sameAs\":[\"https:\\\/\\\/www.facebook.com\\\/saporinostri.it\\\/\",\"https:\\\/\\\/www.instagram.com\\\/saporinostri.it\\\/\"]}]}<\/script>\n<meta property=\"product:brand\" content=\"Carbone\" \/>\n<meta property=\"product:price:amount\" content=\"7.49\" \/>\n<meta property=\"product:price:currency\" content=\"EUR\" \/>\n<meta property=\"og:availability\" content=\"instock\" \/>\n<meta property=\"product:availability\" content=\"instock\" \/>\n<meta property=\"product:retailer_item_id\" content=\"8013356092065\" \/>\n<meta property=\"product:condition\" content=\"new\" \/>\n<!-- \/ Yoast SEO Premium plugin. -->","yoast_head_json":{"title":"Scarole \u00e0 l&#039;huile et charbon de bois mijot\u00e9 1 kg - Sapori Nostri","description":"Saut\u00e9 \u00e0 la po\u00eale avec l&#039;ajout de c\u00e2pres, d&#039;olives et d&#039;anchois, il est l&#039;\u00e9l\u00e9ment principal de la c\u00e9l\u00e8bre pizza napolitaine Scarole","robots":{"index":"index","follow":"follow","max-snippet":"max-snippet:-1","max-image-preview":"max-image-preview:large","max-video-preview":"max-video-preview:-1"},"canonical":"https:\/\/www.saporinostri.it\/fr\/scarola-stufata-in-olio-carbone-1-kg-copia\/","og_locale":"fr_FR","og_type":"article","og_title":"Scarola in Olio Stufata Carbone 1 Kg","og_description":"Ripassata in padella con l'aggiunta di capperi, olive e acciughe \u00e8 l'elemento principe della famosa Pizza di scarole Napoletana","og_url":"https:\/\/www.saporinostri.it\/fr\/scarola-stufata-in-olio-carbone-1-kg-copia\/","og_site_name":"Sapori Nostri","article_publisher":"https:\/\/www.facebook.com\/saporinostri.it\/","article_modified_time":"2026-03-06T21:21:33+00:00","og_image":[{"width":600,"height":600,"url":"https:\/\/www.saporinostri.it\/wp-content\/uploads\/2025\/06\/Scarola-stufata-in-olio-600x600-1.webp","type":"image\/webp"}],"twitter_card":"summary_large_image","twitter_misc":{"Prix":"&euro;7,49","Disponibilit\u00e9":"En stock"},"schema":{"@context":"https:\/\/schema.org","@graph":[{"@type":"WebPage","@id":"https:\/\/www.saporinostri.it\/scarola-stufata-in-olio-carbone-1-kg-copia\/","url":"https:\/\/www.saporinostri.it\/scarola-stufata-in-olio-carbone-1-kg-copia\/","name":"Scarole \u00e0 l&#039;huile et charbon de bois mijot\u00e9 1 kg - Sapori Nostri","isPartOf":{"@id":"https:\/\/www.saporinostri.it\/#website"},"primaryImageOfPage":{"@id":"https:\/\/www.saporinostri.it\/scarola-stufata-in-olio-carbone-1-kg-copia\/#primaryimage"},"image":{"@id":"https:\/\/www.saporinostri.it\/scarola-stufata-in-olio-carbone-1-kg-copia\/#primaryimage"},"thumbnailUrl":"https:\/\/www.saporinostri.it\/wp-content\/uploads\/2025\/06\/Scarola-stufata-in-olio-600x600-1.webp","datePublished":"2025-06-06T08:17:17+00:00","dateModified":"2026-03-06T21:21:33+00:00","description":"Saut\u00e9 \u00e0 la po\u00eale avec l&#039;ajout de c\u00e2pres, d&#039;olives et d&#039;anchois, il est l&#039;\u00e9l\u00e9ment principal de la c\u00e9l\u00e8bre pizza napolitaine Scarole","breadcrumb":{"@id":"https:\/\/www.saporinostri.it\/scarola-stufata-in-olio-carbone-1-kg-copia\/#breadcrumb"},"inLanguage":"fr-FR","potentialAction":[{"@type":"ReadAction","target":["https:\/\/www.saporinostri.it\/scarola-stufata-in-olio-carbone-1-kg-copia\/"]}]},{"@type":"ImageObject","inLanguage":"fr-FR","@id":"https:\/\/www.saporinostri.it\/scarola-stufata-in-olio-carbone-1-kg-copia\/#primaryimage","url":"https:\/\/www.saporinostri.it\/wp-content\/uploads\/2025\/06\/Scarola-stufata-in-olio-600x600-1.webp","contentUrl":"https:\/\/www.saporinostri.it\/wp-content\/uploads\/2025\/06\/Scarola-stufata-in-olio-600x600-1.webp","width":600,"height":600},{"@type":"BreadcrumbList","@id":"https:\/\/www.saporinostri.it\/scarola-stufata-in-olio-carbone-1-kg-copia\/#breadcrumb","itemListElement":[{"@type":"ListItem","position":1,"name":"Home","item":"https:\/\/www.saporinostri.it\/"},{"@type":"ListItem","position":2,"name":"Shop","item":"https:\/\/www.saporinostri.it\/fr\/shop\/"},{"@type":"ListItem","position":3,"name":"Scarola in Olio Stufata Carbone 1 Kg"}]},{"@type":"WebSite","@id":"https:\/\/www.saporinostri.it\/#website","url":"https:\/\/www.saporinostri.it\/","name":"Sapori Nostri","description":"","publisher":{"@id":"https:\/\/www.saporinostri.it\/#organization"},"potentialAction":[{"@type":"SearchAction","target":{"@type":"EntryPoint","urlTemplate":"https:\/\/www.saporinostri.it\/?s={search_term_string}"},"query-input":{"@type":"PropertyValueSpecification","valueRequired":true,"valueName":"search_term_string"}}],"inLanguage":"fr-FR"},{"@type":"Organization","@id":"https:\/\/www.saporinostri.it\/#organization","name":"Sapori Nostri","url":"https:\/\/www.saporinostri.it\/","logo":{"@type":"ImageObject","inLanguage":"fr-FR","@id":"https:\/\/www.saporinostri.it\/#\/schema\/logo\/image\/","url":"https:\/\/www.saporinostri.it\/wp-content\/uploads\/2020\/05\/logo-retina.png","contentUrl":"https:\/\/www.saporinostri.it\/wp-content\/uploads\/2020\/05\/logo-retina.png","width":500,"height":109,"caption":"Sapori Nostri"},"image":{"@id":"https:\/\/www.saporinostri.it\/#\/schema\/logo\/image\/"},"sameAs":["https:\/\/www.facebook.com\/saporinostri.it\/","https:\/\/www.instagram.com\/saporinostri.it\/"]}]},"product_brand":"Carbone","product_price_amount":"7.49","product_price_currency":"EUR","og_availability":"instock","product_availability":"instock","product_retailer_item_id":"8013356092065","product_condition":"new"},"jetpack_sharing_enabled":true,"brands":[{"id":413,"name":"Charbon","slug":"carbone"}],"_links":{"self":[{"href":"https:\/\/www.saporinostri.it\/fr\/wp-json\/wp\/v2\/product\/33889","targetHints":{"allow":["GET"]}}],"collection":[{"href":"https:\/\/www.saporinostri.it\/fr\/wp-json\/wp\/v2\/product"}],"about":[{"href":"https:\/\/www.saporinostri.it\/fr\/wp-json\/wp\/v2\/types\/product"}],"replies":[{"embeddable":true,"href":"https:\/\/www.saporinostri.it\/fr\/wp-json\/wp\/v2\/comments?post=33889"}],"wp:featuredmedia":[{"embeddable":true,"href":"https:\/\/www.saporinostri.it\/fr\/wp-json\/wp\/v2\/media\/33890"}],"wp:attachment":[{"href":"https:\/\/www.saporinostri.it\/fr\/wp-json\/wp\/v2\/media?parent=33889"}],"wp:term":[{"taxonomy":"pwb-brand","embeddable":true,"href":"https:\/\/www.saporinostri.it\/fr\/wp-json\/wp\/v2\/pwb-brand?post=33889"},{"taxonomy":"product_brand","embeddable":true,"href":"https:\/\/www.saporinostri.it\/fr\/wp-json\/wp\/v2\/product_brand?post=33889"},{"taxonomy":"product_cat","embeddable":true,"href":"https:\/\/www.saporinostri.it\/fr\/wp-json\/wp\/v2\/product_cat?post=33889"},{"taxonomy":"product_tag","embeddable":true,"href":"https:\/\/www.saporinostri.it\/fr\/wp-json\/wp\/v2\/product_tag?post=33889"}],"curies":[{"name":"wp","href":"https:\/\/api.w.org\/{rel}","templated":true}]}}