{"id":34193,"date":"2025-06-23T13:13:21","date_gmt":"2025-06-23T11:13:21","guid":{"rendered":"https:\/\/www.saporinostri.it\/?post_type=product&#038;p=34193"},"modified":"2025-12-05T17:39:51","modified_gmt":"2025-12-05T16:39:51","slug":"assoluto-di-pomodoro-580ml-carbone","status":"publish","type":"product","link":"https:\/\/www.saporinostri.it\/fr\/assoluto-di-pomodoro-580ml-carbone\/","title":{"rendered":"Absolu de Tomate 580 ml Carbone"},"content":{"rendered":"<div id=\"main-product-wrapper\" class=\"product-container\">\n<div class=\"tabs product-tabs\">\n<div id=\"product-infos-tabs-content\" class=\"tab-content\">\n<div id=\"description\" class=\"tab-pane in active\">\n<div class=\"product-description\">\n<div class=\"rte-content\">\n<p>\u00ab Assoluto di Pomodoro \u00bb est le r\u00e9sultat de trois processus artisanaux : pressage, semi-s\u00e9chage et cuisson lente ; qui exaltent l&#039;ar\u00f4me naturel de la tomate.<\/p>\n<p>Enrichi d&#039;un filet d&#039;huile EVO, de basilic frais et d&#039;une pinc\u00e9e d&#039;ail.<br \/>\nUne cr\u00e8me intense et parfum\u00e9e, id\u00e9ale aussi bien crue que cuite.<\/p>\n<\/div>\n<\/div>\n<\/div>\n<\/div>\n<\/div>\n<\/div>\n<section class=\"crossselling-products block block-section\"><\/section>","protected":false},"excerpt":{"rendered":"<div id=\"description\" class=\"tab-pane in active\">\n<div class=\"product-description\">\n<div class=\"rte-content\">\n<div id=\"description\" class=\"tab-pane in active\">\n<div class=\"product-description\">\n<div class=\"rte-content\">Enrichi d&#039;un filet d&#039;huile EVO, de basilic frais et d&#039;une pinc\u00e9e d&#039;ail.<br \/>\nUne cr\u00e8me intense et parfum\u00e9e, id\u00e9ale aussi bien crue que cuite.<\/div>\n<div><\/div>\n<\/div>\n<\/div>\n<\/div>\n<\/div>\n<\/div>\n<p style=\"font-size: 1.1em; line-height: 1.4em; color: #333;\"><strong>Poids net:<\/strong> 520g<\/p>","protected":false},"featured_media":34195,"comment_status":"open","ping_status":"closed","template":"","meta":{"_acf_changed":false,"inline_featured_image":false,"wprm-recipe-roundup-name":"","wprm-recipe-roundup-description":"","_monsterinsights_skip_tracking":false,"_monsterinsights_sitenote_active":false,"_monsterinsights_sitenote_note":"","_monsterinsights_sitenote_category":0},"pwb-brand":[413],"product_brand":[],"product_cat":[412,776],"product_tag":[],"class_list":{"0":"post-34193","1":"product","2":"type-product","3":"status-publish","4":"has-post-thumbnail","6":"pwb-brand-carbone","7":"product_cat-conserve","8":"product_cat-creme-conserve","10":"first","11":"instock","12":"sale","13":"taxable","14":"shipping-taxable","15":"purchasable","16":"product-type-simple"},"acf":[],"yoast_head":"<!-- This site is optimized with the Yoast SEO Premium plugin v23.7 (Yoast SEO v27.3) - https:\/\/yoast.com\/product\/yoast-seo-premium-wordpress\/ -->\n<title>Assoluto di Pomodoro 580ml Carbone - Sapori Nostri<\/title>\n<meta name=\"description\" content=\"\u201cAssoluto di Pomodoro\u201d \u00e8 il risultato di tre lavorazioni artigianali: pressatura, semi-essiccazione e cottura lenta; che ne esaltano l\u2019aroma naturale.\" \/>\n<meta name=\"robots\" content=\"index, follow, max-snippet:-1, max-image-preview:large, max-video-preview:-1\" \/>\n<link rel=\"canonical\" href=\"https:\/\/www.saporinostri.it\/fr\/assoluto-di-pomodoro-580ml-carbone\/\" \/>\n<meta property=\"og:locale\" content=\"fr_FR\" \/>\n<meta property=\"og:type\" content=\"article\" \/>\n<meta property=\"og:title\" content=\"Assoluto di Pomodoro 580ml Carbone\" \/>\n<meta property=\"og:description\" content=\"\u201cAssoluto di Pomodoro\u201d \u00e8 il risultato di tre lavorazioni artigianali: pressatura, semi-essiccazione e cottura lenta; che ne esaltano l\u2019aroma naturale.\" \/>\n<meta property=\"og:url\" content=\"https:\/\/www.saporinostri.it\/fr\/assoluto-di-pomodoro-580ml-carbone\/\" \/>\n<meta property=\"og:site_name\" content=\"Sapori Nostri\" \/>\n<meta property=\"article:publisher\" content=\"https:\/\/www.facebook.com\/saporinostri.it\/\" \/>\n<meta property=\"article:modified_time\" content=\"2025-12-05T16:39:51+00:00\" \/>\n<meta property=\"og:image\" content=\"https:\/\/www.saporinostri.it\/wp-content\/uploads\/2025\/06\/assoluto-di-pomodoro-600x600-1.webp\" \/>\n\t<meta property=\"og:image:width\" content=\"600\" \/>\n\t<meta property=\"og:image:height\" content=\"600\" \/>\n\t<meta property=\"og:image:type\" content=\"image\/webp\" \/>\n<meta name=\"twitter:card\" content=\"summary_large_image\" \/>\n<meta name=\"twitter:label1\" content=\"Prix\" \/>\n\t<meta name=\"twitter:data1\" content=\"&euro;10,99\" \/>\n\t<meta name=\"twitter:label2\" content=\"Disponibilit\u00e9\" \/>\n\t<meta name=\"twitter:data2\" content=\"En stock\" \/>\n<script type=\"application\/ld+json\" class=\"yoast-schema-graph\">{\"@context\":\"https:\\\/\\\/schema.org\",\"@graph\":[{\"@type\":\"WebPage\",\"@id\":\"https:\\\/\\\/www.saporinostri.it\\\/assoluto-di-pomodoro-580ml-carbone\\\/\",\"url\":\"https:\\\/\\\/www.saporinostri.it\\\/assoluto-di-pomodoro-580ml-carbone\\\/\",\"name\":\"Assoluto di Pomodoro 580ml Carbone - Sapori Nostri\",\"isPartOf\":{\"@id\":\"https:\\\/\\\/www.saporinostri.it\\\/#website\"},\"primaryImageOfPage\":{\"@id\":\"https:\\\/\\\/www.saporinostri.it\\\/assoluto-di-pomodoro-580ml-carbone\\\/#primaryimage\"},\"image\":{\"@id\":\"https:\\\/\\\/www.saporinostri.it\\\/assoluto-di-pomodoro-580ml-carbone\\\/#primaryimage\"},\"thumbnailUrl\":\"https:\\\/\\\/www.saporinostri.it\\\/wp-content\\\/uploads\\\/2025\\\/06\\\/assoluto-di-pomodoro-600x600-1.webp\",\"datePublished\":\"2025-06-23T11:13:21+00:00\",\"dateModified\":\"2025-12-05T16:39:51+00:00\",\"description\":\"\u201cAssoluto di Pomodoro\u201d \u00e8 il risultato di tre lavorazioni artigianali: pressatura, semi-essiccazione e cottura lenta; che ne esaltano l\u2019aroma naturale.\",\"breadcrumb\":{\"@id\":\"https:\\\/\\\/www.saporinostri.it\\\/assoluto-di-pomodoro-580ml-carbone\\\/#breadcrumb\"},\"inLanguage\":\"fr-FR\",\"potentialAction\":[{\"@type\":\"ReadAction\",\"target\":[\"https:\\\/\\\/www.saporinostri.it\\\/assoluto-di-pomodoro-580ml-carbone\\\/\"]}]},{\"@type\":\"ImageObject\",\"inLanguage\":\"fr-FR\",\"@id\":\"https:\\\/\\\/www.saporinostri.it\\\/assoluto-di-pomodoro-580ml-carbone\\\/#primaryimage\",\"url\":\"https:\\\/\\\/www.saporinostri.it\\\/wp-content\\\/uploads\\\/2025\\\/06\\\/assoluto-di-pomodoro-600x600-1.webp\",\"contentUrl\":\"https:\\\/\\\/www.saporinostri.it\\\/wp-content\\\/uploads\\\/2025\\\/06\\\/assoluto-di-pomodoro-600x600-1.webp\",\"width\":600,\"height\":600},{\"@type\":\"BreadcrumbList\",\"@id\":\"https:\\\/\\\/www.saporinostri.it\\\/assoluto-di-pomodoro-580ml-carbone\\\/#breadcrumb\",\"itemListElement\":[{\"@type\":\"ListItem\",\"position\":1,\"name\":\"Home\",\"item\":\"https:\\\/\\\/www.saporinostri.it\\\/\"},{\"@type\":\"ListItem\",\"position\":2,\"name\":\"Shop\",\"item\":\"https:\\\/\\\/www.saporinostri.it\\\/fr\\\/shop\\\/\"},{\"@type\":\"ListItem\",\"position\":3,\"name\":\"Assoluto di Pomodoro 580ml Carbone\"}]},{\"@type\":\"WebSite\",\"@id\":\"https:\\\/\\\/www.saporinostri.it\\\/#website\",\"url\":\"https:\\\/\\\/www.saporinostri.it\\\/\",\"name\":\"Sapori Nostri\",\"description\":\"\",\"publisher\":{\"@id\":\"https:\\\/\\\/www.saporinostri.it\\\/#organization\"},\"potentialAction\":[{\"@type\":\"SearchAction\",\"target\":{\"@type\":\"EntryPoint\",\"urlTemplate\":\"https:\\\/\\\/www.saporinostri.it\\\/?s={search_term_string}\"},\"query-input\":{\"@type\":\"PropertyValueSpecification\",\"valueRequired\":true,\"valueName\":\"search_term_string\"}}],\"inLanguage\":\"fr-FR\"},{\"@type\":\"Organization\",\"@id\":\"https:\\\/\\\/www.saporinostri.it\\\/#organization\",\"name\":\"Sapori Nostri\",\"url\":\"https:\\\/\\\/www.saporinostri.it\\\/\",\"logo\":{\"@type\":\"ImageObject\",\"inLanguage\":\"fr-FR\",\"@id\":\"https:\\\/\\\/www.saporinostri.it\\\/#\\\/schema\\\/logo\\\/image\\\/\",\"url\":\"https:\\\/\\\/www.saporinostri.it\\\/wp-content\\\/uploads\\\/2020\\\/05\\\/logo-retina.png\",\"contentUrl\":\"https:\\\/\\\/www.saporinostri.it\\\/wp-content\\\/uploads\\\/2020\\\/05\\\/logo-retina.png\",\"width\":500,\"height\":109,\"caption\":\"Sapori Nostri\"},\"image\":{\"@id\":\"https:\\\/\\\/www.saporinostri.it\\\/#\\\/schema\\\/logo\\\/image\\\/\"},\"sameAs\":[\"https:\\\/\\\/www.facebook.com\\\/saporinostri.it\\\/\",\"https:\\\/\\\/www.instagram.com\\\/saporinostri.it\\\/\"]}]}<\/script>\n<meta property=\"product:brand\" content=\"Carbone\" \/>\n<meta property=\"product:price:amount\" content=\"10.99\" \/>\n<meta property=\"product:price:currency\" content=\"EUR\" \/>\n<meta property=\"og:availability\" content=\"instock\" \/>\n<meta property=\"product:availability\" content=\"instock\" \/>\n<meta property=\"product:retailer_item_id\" content=\"8013356092270\" \/>\n<meta property=\"product:condition\" content=\"new\" \/>\n<!-- \/ Yoast SEO Premium plugin. -->","yoast_head_json":{"title":"Absolu de Tomate 580 ml Carbone - Sapori Nostri","description":"\u00ab Assoluto di Pomodoro \u00bb est le r\u00e9sultat de trois processus artisanaux : pressage, semi-s\u00e9chage et cuisson lente ; qui exaltent son ar\u00f4me naturel.","robots":{"index":"index","follow":"follow","max-snippet":"max-snippet:-1","max-image-preview":"max-image-preview:large","max-video-preview":"max-video-preview:-1"},"canonical":"https:\/\/www.saporinostri.it\/fr\/assoluto-di-pomodoro-580ml-carbone\/","og_locale":"fr_FR","og_type":"article","og_title":"Assoluto di Pomodoro 580ml Carbone","og_description":"\u201cAssoluto di Pomodoro\u201d \u00e8 il risultato di tre lavorazioni artigianali: pressatura, semi-essiccazione e cottura lenta; che ne esaltano l\u2019aroma naturale.","og_url":"https:\/\/www.saporinostri.it\/fr\/assoluto-di-pomodoro-580ml-carbone\/","og_site_name":"Sapori Nostri","article_publisher":"https:\/\/www.facebook.com\/saporinostri.it\/","article_modified_time":"2025-12-05T16:39:51+00:00","og_image":[{"width":600,"height":600,"url":"https:\/\/www.saporinostri.it\/wp-content\/uploads\/2025\/06\/assoluto-di-pomodoro-600x600-1.webp","type":"image\/webp"}],"twitter_card":"summary_large_image","twitter_misc":{"Prix":"&euro;10,99","Disponibilit\u00e9":"En stock"},"schema":{"@context":"https:\/\/schema.org","@graph":[{"@type":"WebPage","@id":"https:\/\/www.saporinostri.it\/assoluto-di-pomodoro-580ml-carbone\/","url":"https:\/\/www.saporinostri.it\/assoluto-di-pomodoro-580ml-carbone\/","name":"Absolu de Tomate 580 ml Carbone - Sapori Nostri","isPartOf":{"@id":"https:\/\/www.saporinostri.it\/#website"},"primaryImageOfPage":{"@id":"https:\/\/www.saporinostri.it\/assoluto-di-pomodoro-580ml-carbone\/#primaryimage"},"image":{"@id":"https:\/\/www.saporinostri.it\/assoluto-di-pomodoro-580ml-carbone\/#primaryimage"},"thumbnailUrl":"https:\/\/www.saporinostri.it\/wp-content\/uploads\/2025\/06\/assoluto-di-pomodoro-600x600-1.webp","datePublished":"2025-06-23T11:13:21+00:00","dateModified":"2025-12-05T16:39:51+00:00","description":"\u00ab Assoluto di Pomodoro \u00bb est le r\u00e9sultat de trois processus artisanaux : pressage, semi-s\u00e9chage et cuisson lente ; qui exaltent son ar\u00f4me naturel.","breadcrumb":{"@id":"https:\/\/www.saporinostri.it\/assoluto-di-pomodoro-580ml-carbone\/#breadcrumb"},"inLanguage":"fr-FR","potentialAction":[{"@type":"ReadAction","target":["https:\/\/www.saporinostri.it\/assoluto-di-pomodoro-580ml-carbone\/"]}]},{"@type":"ImageObject","inLanguage":"fr-FR","@id":"https:\/\/www.saporinostri.it\/assoluto-di-pomodoro-580ml-carbone\/#primaryimage","url":"https:\/\/www.saporinostri.it\/wp-content\/uploads\/2025\/06\/assoluto-di-pomodoro-600x600-1.webp","contentUrl":"https:\/\/www.saporinostri.it\/wp-content\/uploads\/2025\/06\/assoluto-di-pomodoro-600x600-1.webp","width":600,"height":600},{"@type":"BreadcrumbList","@id":"https:\/\/www.saporinostri.it\/assoluto-di-pomodoro-580ml-carbone\/#breadcrumb","itemListElement":[{"@type":"ListItem","position":1,"name":"Home","item":"https:\/\/www.saporinostri.it\/"},{"@type":"ListItem","position":2,"name":"Shop","item":"https:\/\/www.saporinostri.it\/fr\/shop\/"},{"@type":"ListItem","position":3,"name":"Assoluto di Pomodoro 580ml Carbone"}]},{"@type":"WebSite","@id":"https:\/\/www.saporinostri.it\/#website","url":"https:\/\/www.saporinostri.it\/","name":"Sapori Nostri","description":"","publisher":{"@id":"https:\/\/www.saporinostri.it\/#organization"},"potentialAction":[{"@type":"SearchAction","target":{"@type":"EntryPoint","urlTemplate":"https:\/\/www.saporinostri.it\/?s={search_term_string}"},"query-input":{"@type":"PropertyValueSpecification","valueRequired":true,"valueName":"search_term_string"}}],"inLanguage":"fr-FR"},{"@type":"Organization","@id":"https:\/\/www.saporinostri.it\/#organization","name":"Sapori Nostri","url":"https:\/\/www.saporinostri.it\/","logo":{"@type":"ImageObject","inLanguage":"fr-FR","@id":"https:\/\/www.saporinostri.it\/#\/schema\/logo\/image\/","url":"https:\/\/www.saporinostri.it\/wp-content\/uploads\/2020\/05\/logo-retina.png","contentUrl":"https:\/\/www.saporinostri.it\/wp-content\/uploads\/2020\/05\/logo-retina.png","width":500,"height":109,"caption":"Sapori Nostri"},"image":{"@id":"https:\/\/www.saporinostri.it\/#\/schema\/logo\/image\/"},"sameAs":["https:\/\/www.facebook.com\/saporinostri.it\/","https:\/\/www.instagram.com\/saporinostri.it\/"]}]},"product_brand":"Carbone","product_price_amount":"10.99","product_price_currency":"EUR","og_availability":"instock","product_availability":"instock","product_retailer_item_id":"8013356092270","product_condition":"new"},"jetpack_sharing_enabled":true,"brands":[{"id":413,"name":"Charbon","slug":"carbone"}],"_links":{"self":[{"href":"https:\/\/www.saporinostri.it\/fr\/wp-json\/wp\/v2\/product\/34193","targetHints":{"allow":["GET"]}}],"collection":[{"href":"https:\/\/www.saporinostri.it\/fr\/wp-json\/wp\/v2\/product"}],"about":[{"href":"https:\/\/www.saporinostri.it\/fr\/wp-json\/wp\/v2\/types\/product"}],"replies":[{"embeddable":true,"href":"https:\/\/www.saporinostri.it\/fr\/wp-json\/wp\/v2\/comments?post=34193"}],"wp:featuredmedia":[{"embeddable":true,"href":"https:\/\/www.saporinostri.it\/fr\/wp-json\/wp\/v2\/media\/34195"}],"wp:attachment":[{"href":"https:\/\/www.saporinostri.it\/fr\/wp-json\/wp\/v2\/media?parent=34193"}],"wp:term":[{"taxonomy":"pwb-brand","embeddable":true,"href":"https:\/\/www.saporinostri.it\/fr\/wp-json\/wp\/v2\/pwb-brand?post=34193"},{"taxonomy":"product_brand","embeddable":true,"href":"https:\/\/www.saporinostri.it\/fr\/wp-json\/wp\/v2\/product_brand?post=34193"},{"taxonomy":"product_cat","embeddable":true,"href":"https:\/\/www.saporinostri.it\/fr\/wp-json\/wp\/v2\/product_cat?post=34193"},{"taxonomy":"product_tag","embeddable":true,"href":"https:\/\/www.saporinostri.it\/fr\/wp-json\/wp\/v2\/product_tag?post=34193"}],"curies":[{"name":"wp","href":"https:\/\/api.w.org\/{rel}","templated":true}]}}