{"id":35430,"date":"2025-09-17T11:31:15","date_gmt":"2025-09-17T09:31:15","guid":{"rendered":"https:\/\/www.saporinostri.it\/?post_type=product&#038;p=35430"},"modified":"2026-04-01T10:03:29","modified_gmt":"2026-04-01T08:03:29","slug":"de-nigris-roseoro-invecchiato-250-ml","status":"publish","type":"product","link":"https:\/\/www.saporinostri.it\/fr\/de-nigris-roseoro-invecchiato-250-ml\/","title":{"rendered":"De Nigris Ros\u00e9oro vieilli"},"content":{"rendered":"<div class=\"ap-wrapper\">\n<div class=\"ap-col f-1\">\n<p data-start=\"85\" data-end=\"396\"><strong data-start=\"85\" data-end=\"118\">De Nigris Ros\u00e9oro Vieilli<\/strong><br data-start=\"118\" data-end=\"121\" \/>Le condiment aigre-doux Ros\u00e9oro est n\u00e9 de la rencontre entre <strong data-start=\"177\" data-end=\"205\">tradition et innovation<\/strong>, avec une touche d&#039;\u00e9l\u00e9gance moderne. Gr\u00e2ce \u00e0 un processus minutieux de <strong data-start=\"274\" data-end=\"301\">\u00e9levage en barrique<\/strong>, chaque goutte acquiert complexit\u00e9 et harmonie, se transformant en un v\u00e9ritable joyau du go\u00fbt.<\/p>\n<p data-start=\"398\" data-end=\"766\">Caract\u00e9ris\u00e9 par un raffinement <strong data-start=\"426\" data-end=\"443\">notes florales<\/strong>Ros\u00e9oro \u00e9voque la fra\u00eecheur et la d\u00e9licatesse d&#039;un bouquet printanier, offrant une exp\u00e9rience sensorielle unique. Sa polyvalence le rend id\u00e9al pour sublimer les plats gastronomiques\u00a0: parfait avec <strong data-start=\"638\" data-end=\"700\">salades, fromages frais, fruits de mer et viandes blanches<\/strong>, ajoute une touche d&#039;\u00e9quilibre et de sophistication \u00e0 chaque recette.<\/p>\n<p data-start=\"768\" data-end=\"958\">Avec son design essentiel et moderne, Ros\u00e9oro n&#039;est pas seulement un condiment, mais aussi un choix de style \u00e9l\u00e9gant pour ceux qui aiment d\u00e9couvrir de nouvelles nuances de saveur sans sacrifier la qualit\u00e9.<\/p>\n<\/div>\n<\/div>\n<div class=\"mini-infobox-wrapper\"><\/div>\n<div class=\"mt-3\"><\/div>","protected":false},"excerpt":{"rendered":"<p>Caract\u00e9ris\u00e9 par un raffinement <strong data-start=\"426\" data-end=\"443\">notes florales<\/strong>Ros\u00e9oro \u00e9voque la fra\u00eecheur et la d\u00e9licatesse d&#039;un bouquet printanier, offrant une exp\u00e9rience sensorielle unique. Sa polyvalence le rend id\u00e9al pour sublimer les plats gastronomiques\u00a0: parfait avec <strong data-start=\"638\" data-end=\"700\">salades, fromages frais, fruits de mer et viandes blanches<\/strong>, ajoute une touche d&#039;\u00e9quilibre et de sophistication \u00e0 chaque recette.<\/p>","protected":false},"featured_media":38165,"comment_status":"open","ping_status":"closed","template":"","meta":{"_acf_changed":false,"inline_featured_image":false,"wprm-recipe-roundup-name":"","wprm-recipe-roundup-description":"","_monsterinsights_skip_tracking":false,"_monsterinsights_sitenote_active":false,"_monsterinsights_sitenote_note":"","_monsterinsights_sitenote_category":0},"pwb-brand":[660],"product_brand":[],"product_cat":[645,582],"product_tag":[],"class_list":{"0":"post-35430","1":"product","2":"type-product","3":"status-publish","4":"has-post-thumbnail","6":"pwb-brand-de-nigris-1889","7":"product_cat-gourmet","8":"product_cat-salse-di-accompagnamento","9":"product_shipping_class-iva-10","11":"first","12":"outofstock","13":"sale","14":"taxable","15":"shipping-taxable","16":"purchasable","17":"product-type-simple"},"acf":[],"yoast_head":"<!-- This site is optimized with the Yoast SEO Premium plugin v23.7 (Yoast SEO v27.3) - https:\/\/yoast.com\/product\/yoast-seo-premium-wordpress\/ -->\n<title>Ros\u00e9oro Invecchiato De Nigris - Sapori Nostri<\/title>\n<meta name=\"description\" content=\"Ros\u00e9oro \u00e8 un condimento elegante scelta di stile per chi ama scoprire nuove sfumature di sapore senza rinunciare alla qualit\u00e0.\" \/>\n<meta name=\"robots\" content=\"index, follow, max-snippet:-1, max-image-preview:large, max-video-preview:-1\" \/>\n<link rel=\"canonical\" href=\"https:\/\/www.saporinostri.it\/fr\/de-nigris-roseoro-invecchiato-250-ml\/\" \/>\n<meta property=\"og:locale\" content=\"fr_FR\" \/>\n<meta property=\"og:type\" content=\"article\" \/>\n<meta property=\"og:title\" content=\"Ros\u00e9oro Invecchiato De Nigris\" \/>\n<meta property=\"og:description\" content=\"Ros\u00e9oro \u00e8 un condimento elegante scelta di stile per chi ama scoprire nuove sfumature di sapore senza rinunciare alla qualit\u00e0.\" \/>\n<meta property=\"og:url\" content=\"https:\/\/www.saporinostri.it\/fr\/de-nigris-roseoro-invecchiato-250-ml\/\" \/>\n<meta property=\"og:site_name\" content=\"Sapori Nostri\" \/>\n<meta property=\"article:publisher\" content=\"https:\/\/www.facebook.com\/saporinostri.it\/\" \/>\n<meta property=\"article:modified_time\" content=\"2026-04-01T08:03:29+00:00\" \/>\n<meta property=\"og:image\" content=\"https:\/\/www.saporinostri.it\/wp-content\/uploads\/2025\/09\/de-nigris-roseoro-invecchiato-250-ml-front.jpg\" \/>\n\t<meta property=\"og:image:width\" content=\"1280\" \/>\n\t<meta property=\"og:image:height\" content=\"1280\" \/>\n\t<meta property=\"og:image:type\" content=\"image\/jpeg\" \/>\n<meta name=\"twitter:card\" content=\"summary_large_image\" \/>\n<meta name=\"twitter:label1\" content=\"Prix\" \/>\n\t<meta name=\"twitter:data1\" content=\"&euro;21,99\" \/>\n\t<meta name=\"twitter:label2\" content=\"Disponibilit\u00e9\" \/>\n\t<meta name=\"twitter:data2\" content=\"Rupture de stock\" \/>\n<script type=\"application\/ld+json\" class=\"yoast-schema-graph\">{\"@context\":\"https:\\\/\\\/schema.org\",\"@graph\":[{\"@type\":\"WebPage\",\"@id\":\"https:\\\/\\\/www.saporinostri.it\\\/de-nigris-roseoro-invecchiato-250-ml\\\/\",\"url\":\"https:\\\/\\\/www.saporinostri.it\\\/de-nigris-roseoro-invecchiato-250-ml\\\/\",\"name\":\"Ros\u00e9oro Invecchiato De Nigris - Sapori Nostri\",\"isPartOf\":{\"@id\":\"https:\\\/\\\/www.saporinostri.it\\\/#website\"},\"primaryImageOfPage\":{\"@id\":\"https:\\\/\\\/www.saporinostri.it\\\/de-nigris-roseoro-invecchiato-250-ml\\\/#primaryimage\"},\"image\":{\"@id\":\"https:\\\/\\\/www.saporinostri.it\\\/de-nigris-roseoro-invecchiato-250-ml\\\/#primaryimage\"},\"thumbnailUrl\":\"https:\\\/\\\/www.saporinostri.it\\\/wp-content\\\/uploads\\\/2025\\\/09\\\/de-nigris-roseoro-invecchiato-250-ml-front.jpg\",\"datePublished\":\"2025-09-17T09:31:15+00:00\",\"dateModified\":\"2026-04-01T08:03:29+00:00\",\"description\":\"Ros\u00e9oro \u00e8 un condimento elegante scelta di stile per chi ama scoprire nuove sfumature di sapore senza rinunciare alla qualit\u00e0.\",\"breadcrumb\":{\"@id\":\"https:\\\/\\\/www.saporinostri.it\\\/de-nigris-roseoro-invecchiato-250-ml\\\/#breadcrumb\"},\"inLanguage\":\"fr-FR\",\"potentialAction\":[{\"@type\":\"ReadAction\",\"target\":[\"https:\\\/\\\/www.saporinostri.it\\\/de-nigris-roseoro-invecchiato-250-ml\\\/\"]}]},{\"@type\":\"ImageObject\",\"inLanguage\":\"fr-FR\",\"@id\":\"https:\\\/\\\/www.saporinostri.it\\\/de-nigris-roseoro-invecchiato-250-ml\\\/#primaryimage\",\"url\":\"https:\\\/\\\/www.saporinostri.it\\\/wp-content\\\/uploads\\\/2025\\\/09\\\/de-nigris-roseoro-invecchiato-250-ml-front.jpg\",\"contentUrl\":\"https:\\\/\\\/www.saporinostri.it\\\/wp-content\\\/uploads\\\/2025\\\/09\\\/de-nigris-roseoro-invecchiato-250-ml-front.jpg\",\"width\":1280,\"height\":1280,\"caption\":\"Aceto De Nigris Ros\u00e9oro Invecchiato\"},{\"@type\":\"BreadcrumbList\",\"@id\":\"https:\\\/\\\/www.saporinostri.it\\\/de-nigris-roseoro-invecchiato-250-ml\\\/#breadcrumb\",\"itemListElement\":[{\"@type\":\"ListItem\",\"position\":1,\"name\":\"Home\",\"item\":\"https:\\\/\\\/www.saporinostri.it\\\/\"},{\"@type\":\"ListItem\",\"position\":2,\"name\":\"Shop\",\"item\":\"https:\\\/\\\/www.saporinostri.it\\\/fr\\\/shop\\\/\"},{\"@type\":\"ListItem\",\"position\":3,\"name\":\"Ros\u00e9oro Invecchiato De Nigris\"}]},{\"@type\":\"WebSite\",\"@id\":\"https:\\\/\\\/www.saporinostri.it\\\/#website\",\"url\":\"https:\\\/\\\/www.saporinostri.it\\\/\",\"name\":\"Sapori Nostri\",\"description\":\"\",\"publisher\":{\"@id\":\"https:\\\/\\\/www.saporinostri.it\\\/#organization\"},\"potentialAction\":[{\"@type\":\"SearchAction\",\"target\":{\"@type\":\"EntryPoint\",\"urlTemplate\":\"https:\\\/\\\/www.saporinostri.it\\\/?s={search_term_string}\"},\"query-input\":{\"@type\":\"PropertyValueSpecification\",\"valueRequired\":true,\"valueName\":\"search_term_string\"}}],\"inLanguage\":\"fr-FR\"},{\"@type\":\"Organization\",\"@id\":\"https:\\\/\\\/www.saporinostri.it\\\/#organization\",\"name\":\"Sapori Nostri\",\"url\":\"https:\\\/\\\/www.saporinostri.it\\\/\",\"logo\":{\"@type\":\"ImageObject\",\"inLanguage\":\"fr-FR\",\"@id\":\"https:\\\/\\\/www.saporinostri.it\\\/#\\\/schema\\\/logo\\\/image\\\/\",\"url\":\"https:\\\/\\\/www.saporinostri.it\\\/wp-content\\\/uploads\\\/2020\\\/05\\\/logo-retina.png\",\"contentUrl\":\"https:\\\/\\\/www.saporinostri.it\\\/wp-content\\\/uploads\\\/2020\\\/05\\\/logo-retina.png\",\"width\":500,\"height\":109,\"caption\":\"Sapori Nostri\"},\"image\":{\"@id\":\"https:\\\/\\\/www.saporinostri.it\\\/#\\\/schema\\\/logo\\\/image\\\/\"},\"sameAs\":[\"https:\\\/\\\/www.facebook.com\\\/saporinostri.it\\\/\",\"https:\\\/\\\/www.instagram.com\\\/saporinostri.it\\\/\"]}]}<\/script>\n<meta property=\"product:brand\" content=\"De Nigris 1889\" \/>\n<meta property=\"product:price:amount\" content=\"21.99\" \/>\n<meta property=\"product:price:currency\" content=\"EUR\" \/>\n<meta property=\"og:availability\" content=\"out of stock\" \/>\n<meta property=\"product:availability\" content=\"out of stock\" \/>\n<meta property=\"product:retailer_item_id\" content=\"8052049271523\" \/>\n<meta property=\"product:condition\" content=\"new\" \/>\n<!-- \/ Yoast SEO Premium plugin. -->","yoast_head_json":{"title":"De Nigris Ros\u00e9oro Vieilli - Sapori Nostri","description":"Ros\u00e9oro est un condiment \u00e9l\u00e9gant, un choix styl\u00e9 pour ceux qui aiment d\u00e9couvrir de nouvelles nuances de saveur sans sacrifier la qualit\u00e9.","robots":{"index":"index","follow":"follow","max-snippet":"max-snippet:-1","max-image-preview":"max-image-preview:large","max-video-preview":"max-video-preview:-1"},"canonical":"https:\/\/www.saporinostri.it\/fr\/de-nigris-roseoro-invecchiato-250-ml\/","og_locale":"fr_FR","og_type":"article","og_title":"Ros\u00e9oro Invecchiato De Nigris","og_description":"Ros\u00e9oro \u00e8 un condimento elegante scelta di stile per chi ama scoprire nuove sfumature di sapore senza rinunciare alla qualit\u00e0.","og_url":"https:\/\/www.saporinostri.it\/fr\/de-nigris-roseoro-invecchiato-250-ml\/","og_site_name":"Sapori Nostri","article_publisher":"https:\/\/www.facebook.com\/saporinostri.it\/","article_modified_time":"2026-04-01T08:03:29+00:00","og_image":[{"width":1280,"height":1280,"url":"https:\/\/www.saporinostri.it\/wp-content\/uploads\/2025\/09\/de-nigris-roseoro-invecchiato-250-ml-front.jpg","type":"image\/jpeg"}],"twitter_card":"summary_large_image","twitter_misc":{"Prix":"&euro;21,99","Disponibilit\u00e9":"Rupture de stock"},"schema":{"@context":"https:\/\/schema.org","@graph":[{"@type":"WebPage","@id":"https:\/\/www.saporinostri.it\/de-nigris-roseoro-invecchiato-250-ml\/","url":"https:\/\/www.saporinostri.it\/de-nigris-roseoro-invecchiato-250-ml\/","name":"De Nigris Ros\u00e9oro Vieilli - Sapori Nostri","isPartOf":{"@id":"https:\/\/www.saporinostri.it\/#website"},"primaryImageOfPage":{"@id":"https:\/\/www.saporinostri.it\/de-nigris-roseoro-invecchiato-250-ml\/#primaryimage"},"image":{"@id":"https:\/\/www.saporinostri.it\/de-nigris-roseoro-invecchiato-250-ml\/#primaryimage"},"thumbnailUrl":"https:\/\/www.saporinostri.it\/wp-content\/uploads\/2025\/09\/de-nigris-roseoro-invecchiato-250-ml-front.jpg","datePublished":"2025-09-17T09:31:15+00:00","dateModified":"2026-04-01T08:03:29+00:00","description":"Ros\u00e9oro est un condiment \u00e9l\u00e9gant, un choix styl\u00e9 pour ceux qui aiment d\u00e9couvrir de nouvelles nuances de saveur sans sacrifier la qualit\u00e9.","breadcrumb":{"@id":"https:\/\/www.saporinostri.it\/de-nigris-roseoro-invecchiato-250-ml\/#breadcrumb"},"inLanguage":"fr-FR","potentialAction":[{"@type":"ReadAction","target":["https:\/\/www.saporinostri.it\/de-nigris-roseoro-invecchiato-250-ml\/"]}]},{"@type":"ImageObject","inLanguage":"fr-FR","@id":"https:\/\/www.saporinostri.it\/de-nigris-roseoro-invecchiato-250-ml\/#primaryimage","url":"https:\/\/www.saporinostri.it\/wp-content\/uploads\/2025\/09\/de-nigris-roseoro-invecchiato-250-ml-front.jpg","contentUrl":"https:\/\/www.saporinostri.it\/wp-content\/uploads\/2025\/09\/de-nigris-roseoro-invecchiato-250-ml-front.jpg","width":1280,"height":1280,"caption":"Aceto De Nigris Ros\u00e9oro Invecchiato"},{"@type":"BreadcrumbList","@id":"https:\/\/www.saporinostri.it\/de-nigris-roseoro-invecchiato-250-ml\/#breadcrumb","itemListElement":[{"@type":"ListItem","position":1,"name":"Home","item":"https:\/\/www.saporinostri.it\/"},{"@type":"ListItem","position":2,"name":"Shop","item":"https:\/\/www.saporinostri.it\/fr\/shop\/"},{"@type":"ListItem","position":3,"name":"Ros\u00e9oro Invecchiato De Nigris"}]},{"@type":"WebSite","@id":"https:\/\/www.saporinostri.it\/#website","url":"https:\/\/www.saporinostri.it\/","name":"Sapori Nostri","description":"","publisher":{"@id":"https:\/\/www.saporinostri.it\/#organization"},"potentialAction":[{"@type":"SearchAction","target":{"@type":"EntryPoint","urlTemplate":"https:\/\/www.saporinostri.it\/?s={search_term_string}"},"query-input":{"@type":"PropertyValueSpecification","valueRequired":true,"valueName":"search_term_string"}}],"inLanguage":"fr-FR"},{"@type":"Organization","@id":"https:\/\/www.saporinostri.it\/#organization","name":"Sapori Nostri","url":"https:\/\/www.saporinostri.it\/","logo":{"@type":"ImageObject","inLanguage":"fr-FR","@id":"https:\/\/www.saporinostri.it\/#\/schema\/logo\/image\/","url":"https:\/\/www.saporinostri.it\/wp-content\/uploads\/2020\/05\/logo-retina.png","contentUrl":"https:\/\/www.saporinostri.it\/wp-content\/uploads\/2020\/05\/logo-retina.png","width":500,"height":109,"caption":"Sapori Nostri"},"image":{"@id":"https:\/\/www.saporinostri.it\/#\/schema\/logo\/image\/"},"sameAs":["https:\/\/www.facebook.com\/saporinostri.it\/","https:\/\/www.instagram.com\/saporinostri.it\/"]}]},"product_brand":"De Nigris 1889","product_price_amount":"21.99","product_price_currency":"EUR","og_availability":"out of stock","product_availability":"out of stock","product_retailer_item_id":"8052049271523","product_condition":"new"},"jetpack_sharing_enabled":true,"brands":[{"id":660,"name":"De Nigris 1889","slug":"de-nigris-1889"}],"_links":{"self":[{"href":"https:\/\/www.saporinostri.it\/fr\/wp-json\/wp\/v2\/product\/35430","targetHints":{"allow":["GET"]}}],"collection":[{"href":"https:\/\/www.saporinostri.it\/fr\/wp-json\/wp\/v2\/product"}],"about":[{"href":"https:\/\/www.saporinostri.it\/fr\/wp-json\/wp\/v2\/types\/product"}],"replies":[{"embeddable":true,"href":"https:\/\/www.saporinostri.it\/fr\/wp-json\/wp\/v2\/comments?post=35430"}],"wp:featuredmedia":[{"embeddable":true,"href":"https:\/\/www.saporinostri.it\/fr\/wp-json\/wp\/v2\/media\/38165"}],"wp:attachment":[{"href":"https:\/\/www.saporinostri.it\/fr\/wp-json\/wp\/v2\/media?parent=35430"}],"wp:term":[{"taxonomy":"pwb-brand","embeddable":true,"href":"https:\/\/www.saporinostri.it\/fr\/wp-json\/wp\/v2\/pwb-brand?post=35430"},{"taxonomy":"product_brand","embeddable":true,"href":"https:\/\/www.saporinostri.it\/fr\/wp-json\/wp\/v2\/product_brand?post=35430"},{"taxonomy":"product_cat","embeddable":true,"href":"https:\/\/www.saporinostri.it\/fr\/wp-json\/wp\/v2\/product_cat?post=35430"},{"taxonomy":"product_tag","embeddable":true,"href":"https:\/\/www.saporinostri.it\/fr\/wp-json\/wp\/v2\/product_tag?post=35430"}],"curies":[{"name":"wp","href":"https:\/\/api.w.org\/{rel}","templated":true}]}}