{"id":35433,"date":"2025-09-17T12:41:20","date_gmt":"2025-09-17T10:41:20","guid":{"rendered":"https:\/\/www.saporinostri.it\/?post_type=product&#038;p=35433"},"modified":"2025-10-15T10:59:09","modified_gmt":"2025-10-15T08:59:09","slug":"biancoro-invecchiato-de-nigris-copia","status":"publish","type":"product","link":"https:\/\/www.saporinostri.it\/fr\/biancoro-invecchiato-de-nigris-copia\/","title":{"rendered":"Biancoro De Nigris vieilli"},"content":{"rendered":"<div class=\"ap-wrapper\">\n<div class=\"ap-col f-1\">\n<p data-start=\"85\" data-end=\"396\"><strong data-start=\"85\" data-end=\"118\">De Nigris Biancoro vieilli<\/strong><\/p>\n<p data-start=\"792\" data-end=\"1122\">Biancoro est un condiment aigre-doux qui allie le soin artisanal \u00e0 un caract\u00e8re moderne, fruit d&#039;un travail minutieux. <strong data-start=\"902\" data-end=\"967\">vieillissement qui enrichit ses nuances organoleptiques<\/strong>. Son intense <strong data-start=\"984\" data-end=\"1001\">notes fruit\u00e9es<\/strong> Ils \u00e9voquent la douceur et la vivacit\u00e9 des fruits m\u00fbrs, offrant un \u00e9quilibre surprenant entre fra\u00eecheur et complexit\u00e9.<\/p>\n<p data-start=\"1124\" data-end=\"1414\">Parfait en combinaison avec <strong data-start=\"1150\" data-end=\"1231\">l\u00e9gumes grill\u00e9s, fromages affin\u00e9s, viandes rouges et plats \u00e0 base de fruits<\/strong>Biancoro apporte \u00e9l\u00e9gance et personnalit\u00e9 \u00e0 la cuisine. Son style raffin\u00e9 et contemporain refl\u00e8te l&#039;authenticit\u00e9 et l&#039;intemporalit\u00e9 qui caract\u00e9risent les condiments De Nigris.<\/p>\n<\/div>\n<\/div>\n<div class=\"mini-infobox-wrapper\"><\/div>\n<div class=\"mt-3\"><\/div>","protected":false},"excerpt":{"rendered":"<p>Biancoro est un condiment aigre-doux qui allie le soin artisanal \u00e0 un caract\u00e8re moderne, fruit d&#039;un travail minutieux. <strong data-start=\"902\" data-end=\"967\">vieillissement qui enrichit ses nuances organoleptiques<\/strong>. Son intense <strong data-start=\"984\" data-end=\"1001\">notes fruit\u00e9es<\/strong> Ils \u00e9voquent la douceur et la vivacit\u00e9 des fruits m\u00fbrs, offrant un \u00e9quilibre surprenant entre fra\u00eecheur et complexit\u00e9.<\/p>","protected":false},"featured_media":35435,"comment_status":"open","ping_status":"closed","template":"","meta":{"_acf_changed":false,"inline_featured_image":false,"wprm-recipe-roundup-name":"","wprm-recipe-roundup-description":"","_monsterinsights_skip_tracking":false,"_monsterinsights_sitenote_active":false,"_monsterinsights_sitenote_note":"","_monsterinsights_sitenote_category":0},"pwb-brand":[660],"product_brand":[],"product_cat":[645,582],"product_tag":[],"class_list":{"0":"post-35433","1":"product","2":"type-product","3":"status-publish","4":"has-post-thumbnail","6":"pwb-brand-de-nigris-1889","7":"product_cat-gourmet","8":"product_cat-salse-di-accompagnamento","9":"product_shipping_class-iva-10","11":"first","12":"instock","13":"sale","14":"taxable","15":"shipping-taxable","16":"purchasable","17":"product-type-simple"},"acf":[],"yoast_head":"<!-- This site is optimized with the Yoast SEO Premium plugin v23.7 (Yoast SEO v27.3) - https:\/\/yoast.com\/product\/yoast-seo-premium-wordpress\/ -->\n<title>Biancoro Invecchiato De Nigris - Sapori Nostri<\/title>\n<meta name=\"description\" content=\"Le sue intense note fruttate evocano la dolcezza e la vivacit\u00e0 dei frutti maturi, offrendo un equilibrio sorprendente tra freschezza e complessit\u00e0.\" \/>\n<meta name=\"robots\" content=\"index, follow, max-snippet:-1, max-image-preview:large, max-video-preview:-1\" \/>\n<link rel=\"canonical\" href=\"https:\/\/www.saporinostri.it\/fr\/biancoro-invecchiato-de-nigris-copia\/\" \/>\n<meta property=\"og:locale\" content=\"fr_FR\" \/>\n<meta property=\"og:type\" content=\"article\" \/>\n<meta property=\"og:title\" content=\"Biancoro Invecchiato De Nigris\" \/>\n<meta property=\"og:description\" content=\"Le sue intense note fruttate evocano la dolcezza e la vivacit\u00e0 dei frutti maturi, offrendo un equilibrio sorprendente tra freschezza e complessit\u00e0.\" \/>\n<meta property=\"og:url\" content=\"https:\/\/www.saporinostri.it\/fr\/biancoro-invecchiato-de-nigris-copia\/\" \/>\n<meta property=\"og:site_name\" content=\"Sapori Nostri\" \/>\n<meta property=\"article:publisher\" content=\"https:\/\/www.facebook.com\/saporinostri.it\/\" \/>\n<meta property=\"article:modified_time\" content=\"2025-10-15T08:59:09+00:00\" \/>\n<meta property=\"og:image\" content=\"https:\/\/www.saporinostri.it\/wp-content\/uploads\/2025\/09\/BIANCORO_WEB-600x782-1.png\" \/>\n\t<meta property=\"og:image:width\" content=\"600\" \/>\n\t<meta property=\"og:image:height\" content=\"782\" \/>\n\t<meta property=\"og:image:type\" content=\"image\/png\" \/>\n<meta name=\"twitter:card\" content=\"summary_large_image\" \/>\n<meta name=\"twitter:label1\" content=\"Prix\" \/>\n\t<meta name=\"twitter:data1\" content=\"&euro;21,99\" \/>\n\t<meta name=\"twitter:label2\" content=\"Disponibilit\u00e9\" \/>\n\t<meta name=\"twitter:data2\" content=\"En stock\" \/>\n<script type=\"application\/ld+json\" class=\"yoast-schema-graph\">{\"@context\":\"https:\\\/\\\/schema.org\",\"@graph\":[{\"@type\":\"WebPage\",\"@id\":\"https:\\\/\\\/www.saporinostri.it\\\/biancoro-invecchiato-de-nigris-copia\\\/\",\"url\":\"https:\\\/\\\/www.saporinostri.it\\\/biancoro-invecchiato-de-nigris-copia\\\/\",\"name\":\"Biancoro Invecchiato De Nigris - Sapori Nostri\",\"isPartOf\":{\"@id\":\"https:\\\/\\\/www.saporinostri.it\\\/#website\"},\"primaryImageOfPage\":{\"@id\":\"https:\\\/\\\/www.saporinostri.it\\\/biancoro-invecchiato-de-nigris-copia\\\/#primaryimage\"},\"image\":{\"@id\":\"https:\\\/\\\/www.saporinostri.it\\\/biancoro-invecchiato-de-nigris-copia\\\/#primaryimage\"},\"thumbnailUrl\":\"https:\\\/\\\/www.saporinostri.it\\\/wp-content\\\/uploads\\\/2025\\\/09\\\/BIANCORO_WEB-600x782-1.png\",\"datePublished\":\"2025-09-17T10:41:20+00:00\",\"dateModified\":\"2025-10-15T08:59:09+00:00\",\"description\":\"Le sue intense note fruttate evocano la dolcezza e la vivacit\u00e0 dei frutti maturi, offrendo un equilibrio sorprendente tra freschezza e complessit\u00e0.\",\"breadcrumb\":{\"@id\":\"https:\\\/\\\/www.saporinostri.it\\\/biancoro-invecchiato-de-nigris-copia\\\/#breadcrumb\"},\"inLanguage\":\"fr-FR\",\"potentialAction\":[{\"@type\":\"ReadAction\",\"target\":[\"https:\\\/\\\/www.saporinostri.it\\\/biancoro-invecchiato-de-nigris-copia\\\/\"]}]},{\"@type\":\"ImageObject\",\"inLanguage\":\"fr-FR\",\"@id\":\"https:\\\/\\\/www.saporinostri.it\\\/biancoro-invecchiato-de-nigris-copia\\\/#primaryimage\",\"url\":\"https:\\\/\\\/www.saporinostri.it\\\/wp-content\\\/uploads\\\/2025\\\/09\\\/BIANCORO_WEB-600x782-1.png\",\"contentUrl\":\"https:\\\/\\\/www.saporinostri.it\\\/wp-content\\\/uploads\\\/2025\\\/09\\\/BIANCORO_WEB-600x782-1.png\",\"width\":600,\"height\":782},{\"@type\":\"BreadcrumbList\",\"@id\":\"https:\\\/\\\/www.saporinostri.it\\\/biancoro-invecchiato-de-nigris-copia\\\/#breadcrumb\",\"itemListElement\":[{\"@type\":\"ListItem\",\"position\":1,\"name\":\"Home\",\"item\":\"https:\\\/\\\/www.saporinostri.it\\\/\"},{\"@type\":\"ListItem\",\"position\":2,\"name\":\"Shop\",\"item\":\"https:\\\/\\\/www.saporinostri.it\\\/fr\\\/shop\\\/\"},{\"@type\":\"ListItem\",\"position\":3,\"name\":\"Biancoro Invecchiato De Nigris\"}]},{\"@type\":\"WebSite\",\"@id\":\"https:\\\/\\\/www.saporinostri.it\\\/#website\",\"url\":\"https:\\\/\\\/www.saporinostri.it\\\/\",\"name\":\"Sapori Nostri\",\"description\":\"\",\"publisher\":{\"@id\":\"https:\\\/\\\/www.saporinostri.it\\\/#organization\"},\"potentialAction\":[{\"@type\":\"SearchAction\",\"target\":{\"@type\":\"EntryPoint\",\"urlTemplate\":\"https:\\\/\\\/www.saporinostri.it\\\/?s={search_term_string}\"},\"query-input\":{\"@type\":\"PropertyValueSpecification\",\"valueRequired\":true,\"valueName\":\"search_term_string\"}}],\"inLanguage\":\"fr-FR\"},{\"@type\":\"Organization\",\"@id\":\"https:\\\/\\\/www.saporinostri.it\\\/#organization\",\"name\":\"Sapori Nostri\",\"url\":\"https:\\\/\\\/www.saporinostri.it\\\/\",\"logo\":{\"@type\":\"ImageObject\",\"inLanguage\":\"fr-FR\",\"@id\":\"https:\\\/\\\/www.saporinostri.it\\\/#\\\/schema\\\/logo\\\/image\\\/\",\"url\":\"https:\\\/\\\/www.saporinostri.it\\\/wp-content\\\/uploads\\\/2020\\\/05\\\/logo-retina.png\",\"contentUrl\":\"https:\\\/\\\/www.saporinostri.it\\\/wp-content\\\/uploads\\\/2020\\\/05\\\/logo-retina.png\",\"width\":500,\"height\":109,\"caption\":\"Sapori Nostri\"},\"image\":{\"@id\":\"https:\\\/\\\/www.saporinostri.it\\\/#\\\/schema\\\/logo\\\/image\\\/\"},\"sameAs\":[\"https:\\\/\\\/www.facebook.com\\\/saporinostri.it\\\/\",\"https:\\\/\\\/www.instagram.com\\\/saporinostri.it\\\/\"]}]}<\/script>\n<meta property=\"product:brand\" content=\"De Nigris 1889\" \/>\n<meta property=\"product:price:amount\" content=\"21.99\" \/>\n<meta property=\"product:price:currency\" content=\"EUR\" \/>\n<meta property=\"og:availability\" content=\"instock\" \/>\n<meta property=\"product:availability\" content=\"instock\" \/>\n<meta property=\"product:retailer_item_id\" content=\"8052049271530\" \/>\n<meta property=\"product:condition\" content=\"new\" \/>\n<!-- \/ Yoast SEO Premium plugin. -->","yoast_head_json":{"title":"De Nigris Biancoro Vieilli - Sapori Nostri","description":"Ses notes fruit\u00e9es intenses \u00e9voquent la douceur et la vivacit\u00e9 des fruits m\u00fbrs, offrant un \u00e9quilibre surprenant entre fra\u00eecheur et complexit\u00e9.","robots":{"index":"index","follow":"follow","max-snippet":"max-snippet:-1","max-image-preview":"max-image-preview:large","max-video-preview":"max-video-preview:-1"},"canonical":"https:\/\/www.saporinostri.it\/fr\/biancoro-invecchiato-de-nigris-copia\/","og_locale":"fr_FR","og_type":"article","og_title":"Biancoro Invecchiato De Nigris","og_description":"Le sue intense note fruttate evocano la dolcezza e la vivacit\u00e0 dei frutti maturi, offrendo un equilibrio sorprendente tra freschezza e complessit\u00e0.","og_url":"https:\/\/www.saporinostri.it\/fr\/biancoro-invecchiato-de-nigris-copia\/","og_site_name":"Sapori Nostri","article_publisher":"https:\/\/www.facebook.com\/saporinostri.it\/","article_modified_time":"2025-10-15T08:59:09+00:00","og_image":[{"width":600,"height":782,"url":"https:\/\/www.saporinostri.it\/wp-content\/uploads\/2025\/09\/BIANCORO_WEB-600x782-1.png","type":"image\/png"}],"twitter_card":"summary_large_image","twitter_misc":{"Prix":"&euro;21,99","Disponibilit\u00e9":"En stock"},"schema":{"@context":"https:\/\/schema.org","@graph":[{"@type":"WebPage","@id":"https:\/\/www.saporinostri.it\/biancoro-invecchiato-de-nigris-copia\/","url":"https:\/\/www.saporinostri.it\/biancoro-invecchiato-de-nigris-copia\/","name":"De Nigris Biancoro Vieilli - Sapori Nostri","isPartOf":{"@id":"https:\/\/www.saporinostri.it\/#website"},"primaryImageOfPage":{"@id":"https:\/\/www.saporinostri.it\/biancoro-invecchiato-de-nigris-copia\/#primaryimage"},"image":{"@id":"https:\/\/www.saporinostri.it\/biancoro-invecchiato-de-nigris-copia\/#primaryimage"},"thumbnailUrl":"https:\/\/www.saporinostri.it\/wp-content\/uploads\/2025\/09\/BIANCORO_WEB-600x782-1.png","datePublished":"2025-09-17T10:41:20+00:00","dateModified":"2025-10-15T08:59:09+00:00","description":"Ses notes fruit\u00e9es intenses \u00e9voquent la douceur et la vivacit\u00e9 des fruits m\u00fbrs, offrant un \u00e9quilibre surprenant entre fra\u00eecheur et complexit\u00e9.","breadcrumb":{"@id":"https:\/\/www.saporinostri.it\/biancoro-invecchiato-de-nigris-copia\/#breadcrumb"},"inLanguage":"fr-FR","potentialAction":[{"@type":"ReadAction","target":["https:\/\/www.saporinostri.it\/biancoro-invecchiato-de-nigris-copia\/"]}]},{"@type":"ImageObject","inLanguage":"fr-FR","@id":"https:\/\/www.saporinostri.it\/biancoro-invecchiato-de-nigris-copia\/#primaryimage","url":"https:\/\/www.saporinostri.it\/wp-content\/uploads\/2025\/09\/BIANCORO_WEB-600x782-1.png","contentUrl":"https:\/\/www.saporinostri.it\/wp-content\/uploads\/2025\/09\/BIANCORO_WEB-600x782-1.png","width":600,"height":782},{"@type":"BreadcrumbList","@id":"https:\/\/www.saporinostri.it\/biancoro-invecchiato-de-nigris-copia\/#breadcrumb","itemListElement":[{"@type":"ListItem","position":1,"name":"Home","item":"https:\/\/www.saporinostri.it\/"},{"@type":"ListItem","position":2,"name":"Shop","item":"https:\/\/www.saporinostri.it\/fr\/shop\/"},{"@type":"ListItem","position":3,"name":"Biancoro Invecchiato De Nigris"}]},{"@type":"WebSite","@id":"https:\/\/www.saporinostri.it\/#website","url":"https:\/\/www.saporinostri.it\/","name":"Sapori Nostri","description":"","publisher":{"@id":"https:\/\/www.saporinostri.it\/#organization"},"potentialAction":[{"@type":"SearchAction","target":{"@type":"EntryPoint","urlTemplate":"https:\/\/www.saporinostri.it\/?s={search_term_string}"},"query-input":{"@type":"PropertyValueSpecification","valueRequired":true,"valueName":"search_term_string"}}],"inLanguage":"fr-FR"},{"@type":"Organization","@id":"https:\/\/www.saporinostri.it\/#organization","name":"Sapori Nostri","url":"https:\/\/www.saporinostri.it\/","logo":{"@type":"ImageObject","inLanguage":"fr-FR","@id":"https:\/\/www.saporinostri.it\/#\/schema\/logo\/image\/","url":"https:\/\/www.saporinostri.it\/wp-content\/uploads\/2020\/05\/logo-retina.png","contentUrl":"https:\/\/www.saporinostri.it\/wp-content\/uploads\/2020\/05\/logo-retina.png","width":500,"height":109,"caption":"Sapori Nostri"},"image":{"@id":"https:\/\/www.saporinostri.it\/#\/schema\/logo\/image\/"},"sameAs":["https:\/\/www.facebook.com\/saporinostri.it\/","https:\/\/www.instagram.com\/saporinostri.it\/"]}]},"product_brand":"De Nigris 1889","product_price_amount":"21.99","product_price_currency":"EUR","og_availability":"instock","product_availability":"instock","product_retailer_item_id":"8052049271530","product_condition":"new"},"jetpack_sharing_enabled":true,"brands":[{"id":660,"name":"De Nigris 1889","slug":"de-nigris-1889"}],"_links":{"self":[{"href":"https:\/\/www.saporinostri.it\/fr\/wp-json\/wp\/v2\/product\/35433","targetHints":{"allow":["GET"]}}],"collection":[{"href":"https:\/\/www.saporinostri.it\/fr\/wp-json\/wp\/v2\/product"}],"about":[{"href":"https:\/\/www.saporinostri.it\/fr\/wp-json\/wp\/v2\/types\/product"}],"replies":[{"embeddable":true,"href":"https:\/\/www.saporinostri.it\/fr\/wp-json\/wp\/v2\/comments?post=35433"}],"wp:featuredmedia":[{"embeddable":true,"href":"https:\/\/www.saporinostri.it\/fr\/wp-json\/wp\/v2\/media\/35435"}],"wp:attachment":[{"href":"https:\/\/www.saporinostri.it\/fr\/wp-json\/wp\/v2\/media?parent=35433"}],"wp:term":[{"taxonomy":"pwb-brand","embeddable":true,"href":"https:\/\/www.saporinostri.it\/fr\/wp-json\/wp\/v2\/pwb-brand?post=35433"},{"taxonomy":"product_brand","embeddable":true,"href":"https:\/\/www.saporinostri.it\/fr\/wp-json\/wp\/v2\/product_brand?post=35433"},{"taxonomy":"product_cat","embeddable":true,"href":"https:\/\/www.saporinostri.it\/fr\/wp-json\/wp\/v2\/product_cat?post=35433"},{"taxonomy":"product_tag","embeddable":true,"href":"https:\/\/www.saporinostri.it\/fr\/wp-json\/wp\/v2\/product_tag?post=35433"}],"curies":[{"name":"wp","href":"https:\/\/api.w.org\/{rel}","templated":true}]}}